{"id":251251,"date":"2025-10-13T16:18:18","date_gmt":"2025-10-13T14:18:18","guid":{"rendered":"https:\/\/www.csj-emballages.com\/produit\/papierdeckel-fuer-becher-3712geb-pro-50\/"},"modified":"2026-04-25T02:11:52","modified_gmt":"2026-04-25T00:11:52","slug":"papierdeckel-fuer-becher-3712geb-pro-50","status":"publish","type":"product","link":"https:\/\/www.csj-emballages.com\/de\/produit\/papierdeckel-fuer-becher-3712geb-pro-50\/","title":{"rendered":"Papierdeckel f\u00fcr Becher 3712GEB pro 50"},"content":{"rendered":"<h2>Papierdeckel<\/h2>\n<hr>\n<h3>Entdecken Sie unseren Papierdeckel f\u00fcr Becher 3712GEB \u00e0 50 St\u00fcck<\/h3>\n<p><!--more--><\/p>\n<p data-start=\"157\" data-end=\"478\">W\u00e4hlen Sie eine <strong data-start=\"181\" data-end=\"193\">praktische<\/strong>, <strong data-start=\"195\" data-end=\"209\">umweltfreundliche<\/strong> und <strong data-start=\"213\" data-end=\"223\">zuverl\u00e4ssige<\/strong> L\u00f6sung mit unserem <strong data-start=\"235\" data-end=\"279\">Papierdeckel f\u00fcr Becher 3712GEB<\/strong>, der in Packungen zu <strong data-start=\"297\" data-end=\"310\">50 St\u00fcck<\/strong> verkauft wird. Dieser <strong>Papierdeckel<\/strong> ist ideal f\u00fcr das Catering, Coffee-to-go oder Veranstaltungen und verbindet <strong data-start=\"423\" data-end=\"441\">Funktionalit\u00e4t<\/strong> mit <strong data-start=\"445\" data-end=\"475\">Umweltfreundlichkeit<\/strong>. <\/p>\n<p data-start=\"480\" data-end=\"895\">Er wird aus <strong data-start=\"501\" data-end=\"539\">recycelbarem Papier<\/strong> hergestellt und ist eine hervorragende Alternative zu Plastikdeckeln. Sein <strong data-start=\"613\" data-end=\"635\">robustes Design<\/strong> sorgt f\u00fcr einen sicheren, luftdichten Verschluss und verhindert, dass etwas ausl\u00e4uft oder versch\u00fcttet wird. Dank der <strong data-start=\"743\" data-end=\"765\">perfekten Passform<\/strong> auf dem <span style=\"color: #d12727;\"><a style=\"color: #d12727;\" href=\"https:\/\/www.csj-emballages.com\/de\/produit\/50-bierbecher-aus-weissem-karton-30-35-cl\/\"><strong>Becher 3712GEB<\/strong><\/a><\/span>bleiben Ihre Getr\u00e4nke l\u00e4nger auf der richtigen Temperatur, egal ob <strong data-start=\"866\" data-end=\"877\">hei\u00df<\/strong> oder <strong data-start=\"881\" data-end=\"892\">kalt<\/strong>.  <\/p>\n<p data-start=\"897\" data-end=\"1268\">Ebenso bringen die weiche Textur und das <strong data-start=\"930\" data-end=\"946\">schlichte Design<\/strong> Ihre Becher zur Geltung und unterstreichen gleichzeitig Ihr Engagement f\u00fcr eine nachhaltigere Welt. Dieser <strong>Papierdeckel<\/strong> ist <strong data-start=\"1060\" data-end=\"1069\">leicht<\/strong>, <strong data-start=\"1071\" data-end=\"1091\">einfach zu lagern<\/strong> und l\u00e4sst sich mit nur einem Handgriff anbringen. Er eignet sich perfekt f\u00fcr Caf\u00e9s, Teestuben, Food Trucks oder auch Verkaufsautomaten und wird all Ihre Erwartungen erf\u00fcllen.  <\/p>\n<p data-start=\"1270\" data-end=\"1475\">Mit der Wahl dieses Produkts verfolgen Sie einen <strong data-start=\"1323\" data-end=\"1341\">umweltbewussten<\/strong> Ansatz, ohne Kompromisse bei der <strong data-start=\"1363\" data-end=\"1374\">Qualit\u00e4t<\/strong> oder der <strong data-start=\"1381\" data-end=\"1394\">Praktikabilit\u00e4t<\/strong> einzugehen. Es ist das kleine Detail, das den Unterschied in der Kundenerfahrung ausmacht! <\/p>\n<p data-start=\"1477\" data-end=\"1670\">\n<p data-start=\"1477\" data-end=\"1670\"><!--more--><\/p>\n<p><span style=\"font-weight: bold; text-decoration: underline; color: #ff0000;\">*Deckel mit Durchgang f\u00fcr Stroh<\/span><\/p>\n<p>&nbsp;<\/p>\n<p><!--more--><\/p>\n<h4>Vorteile :<\/h4>\n<ul>\n<li data-start=\"1713\" data-end=\"1773\"><strong data-start=\"1715\" data-end=\"1729\">Umweltfreundlich<\/strong>: aus recycelbarem Papier hergestellt.<\/li>\n<li data-start=\"1776\" data-end=\"1836\"><strong data-start=\"1778\" data-end=\"1788\">Geeignet<\/strong>: Speziell f\u00fcr den <span style=\"color: #d12727;\"><a style=\"color: #d12727;\" href=\"https:\/\/www.csj-emballages.com\/de\/produit\/50-bierbecher-aus-weissem-karton-30-35-cl\/\"><strong>Becher 3712GEB<\/strong><\/a><\/span>.<\/li>\n<li data-start=\"1839\" data-end=\"1897\"><strong data-start=\"1841\" data-end=\"1854\">Widerstandsf\u00e4hig<\/strong>: Verhindert Auslaufen und Spritzen.<\/li>\n<li data-start=\"1900\" data-end=\"1962\"><strong data-start=\"1902\" data-end=\"1916\">Vielseitig<\/strong>: geeignet f\u00fcr hei\u00dfe und kalte Getr\u00e4nke.<\/li>\n<li data-start=\"1965\" data-end=\"2018\"><strong data-start=\"1967\" data-end=\"1981\">\u00c4sthetik<\/strong>: nat\u00fcrliches und professionelles Design<\/li>\n<li data-start=\"2021\" data-end=\"2079\"><strong data-start=\"2023\" data-end=\"2037\">Hygienisch<\/strong>: sch\u00fctzt das Getr\u00e4nk beim Transport<\/li>\n<\/ul>\n<p>&nbsp;<\/p>\n<p><!--more--><\/p>\n<h4>Weitere Informationen :<\/h4>\n<ul>\n<li><strong>Verpackung<\/strong>: Packung mit 50 St\u00fcck<\/li>\n<li><strong>Ma\u00dfe<\/strong>: 90 x 12 (\u00d8 x H\u00f6he in mm)<\/li>\n<li><strong>Material<\/strong>: Papier<\/li>\n<li><strong>Farbe<\/strong>: Wei\u00df<\/li>\n<\/ul>\n<p>&nbsp;<\/p>\n<p><!--more--><\/p>\n<p>Hier finden Sie unseren Becher, der mit diesem Papierdeckel kompatibel ist: <span style=\"color: #d12727;\"><a style=\"color: #d12727;\" href=\"https:\/\/www.csj-emballages.com\/de\/produit\/50-bierbecher-aus-weissem-karton-30-35-cl\/\">3712GEB<\/a><\/span><\/p>\n<p>&nbsp;<\/p>\n<p><!--more--><\/p>\n<p><a href=\"https:\/\/www.csj-emballages.com\/de\/categorie-produit\/lebensmittelverpackungen\/restauration-de\/becher-glaser-eimer-flaschen\/pappbecher\/weise-becher\/\"><span style=\"text-decoration: underline;\">Sehen Sie sich den Rest unseres Sortiments an Pappbechern an.<\/span><\/a><\/p>\n","protected":false},"excerpt":{"rendered":"<p>Papierdeckel Entdecken Sie unseren Papierdeckel f\u00fcr Becher 3712GEB \u00e0 50 St\u00fcck<\/p>\n","protected":false},"featured_media":251244,"template":"","meta":{"_acf_changed":false},"product_brand":[],"product_cat":[1137,1134,1469,9244,9245,3542],"product_tag":[],"class_list":{"0":"post-251251","1":"product","2":"type-product","3":"status-publish","4":"has-post-thumbnail","6":"product_cat-lebensmittelverpackungen","7":"product_cat-restauration-de","8":"product_cat-becher-glaser-eimer-flaschen","9":"product_cat-pappbecher","10":"product_cat-weise-becher","11":"product_cat-zubehor-de","13":"first","14":"instock","15":"taxable","16":"shipping-taxable","17":"purchasable","18":"product-type-simple"},"acf":[],"yoast_head":"<!-- This site is optimized with the Yoast SEO Premium plugin v26.6 (Yoast SEO v26.6) - https:\/\/yoast.com\/wordpress\/plugins\/seo\/ -->\n<title>Papierdeckel f\u00fcr Becher 3712GEB pro 50<\/title>\n<meta name=\"description\" content=\"Deckel aus recycelbarem Papier f\u00fcr Becher 3712GEB - Packung mit 50 St\u00fcck. Praktisch, umweltfreundlich und robust, ideal f\u00fcr Caf\u00e9s und Take-aways.\" \/>\n<meta name=\"robots\" content=\"index, follow, max-snippet:-1, max-image-preview:large, max-video-preview:-1\" \/>\n<link rel=\"canonical\" href=\"https:\/\/www.csj-emballages.com\/de\/produit\/papierdeckel-fuer-becher-3712geb-pro-50\/\" \/>\n<meta property=\"og:locale\" content=\"de_DE\" \/>\n<meta property=\"og:type\" content=\"article\" \/>\n<meta property=\"og:title\" content=\"Papierdeckel f\u00fcr Becher 3712GEB pro 50\" \/>\n<meta property=\"og:description\" content=\"Deckel aus recycelbarem Papier f\u00fcr Becher 3712GEB - Packung mit 50 St\u00fcck. Praktisch, umweltfreundlich und robust, ideal f\u00fcr Caf\u00e9s und Take-aways.\" \/>\n<meta property=\"og:url\" content=\"https:\/\/www.csj-emballages.com\/de\/produit\/papierdeckel-fuer-becher-3712geb-pro-50\/\" \/>\n<meta property=\"og:site_name\" content=\"CSJ Emballages\" \/>\n<meta property=\"article:publisher\" content=\"https:\/\/www.facebook.com\/csjemballages\" \/>\n<meta property=\"article:modified_time\" content=\"2026-04-25T00:11:52+00:00\" \/>\n<meta property=\"og:image\" content=\"https:\/\/www.csj-emballages.com\/wp-content\/uploads\/2025\/10\/C3712.webp\" \/>\n\t<meta property=\"og:image:width\" content=\"800\" \/>\n\t<meta property=\"og:image:height\" content=\"800\" \/>\n\t<meta property=\"og:image:type\" content=\"image\/webp\" \/>\n<meta name=\"twitter:card\" content=\"summary_large_image\" \/>\n<meta name=\"twitter:label1\" content=\"Gesch\u00e4tzte Lesezeit\" \/>\n\t<meta name=\"twitter:data1\" content=\"1\u00a0Minute\" \/>\n<script type=\"application\/ld+json\" class=\"yoast-schema-graph\">{\"@context\":\"https:\/\/schema.org\",\"@graph\":[{\"@type\":\"WebPage\",\"@id\":\"https:\/\/www.csj-emballages.com\/de\/produit\/papierdeckel-fuer-becher-3712geb-pro-50\/\",\"url\":\"https:\/\/www.csj-emballages.com\/de\/produit\/papierdeckel-fuer-becher-3712geb-pro-50\/\",\"name\":\"Papierdeckel f\u00fcr Becher 3712GEB pro 50\",\"isPartOf\":{\"@id\":\"https:\/\/www.csj-emballages.com\/de\/#website\"},\"primaryImageOfPage\":{\"@id\":\"https:\/\/www.csj-emballages.com\/de\/produit\/papierdeckel-fuer-becher-3712geb-pro-50\/#primaryimage\"},\"image\":{\"@id\":\"https:\/\/www.csj-emballages.com\/de\/produit\/papierdeckel-fuer-becher-3712geb-pro-50\/#primaryimage\"},\"thumbnailUrl\":\"https:\/\/www.csj-emballages.com\/wp-content\/uploads\/2025\/10\/C3712.webp\",\"datePublished\":\"2025-10-13T14:18:18+00:00\",\"dateModified\":\"2026-04-25T00:11:52+00:00\",\"description\":\"Deckel aus recycelbarem Papier f\u00fcr Becher 3712GEB - Packung mit 50 St\u00fcck. Praktisch, umweltfreundlich und robust, ideal f\u00fcr Caf\u00e9s und Take-aways.\",\"breadcrumb\":{\"@id\":\"https:\/\/www.csj-emballages.com\/de\/produit\/papierdeckel-fuer-becher-3712geb-pro-50\/#breadcrumb\"},\"inLanguage\":\"de\",\"potentialAction\":[{\"@type\":\"ReadAction\",\"target\":[\"https:\/\/www.csj-emballages.com\/de\/produit\/papierdeckel-fuer-becher-3712geb-pro-50\/\"]}]},{\"@type\":\"ImageObject\",\"inLanguage\":\"de\",\"@id\":\"https:\/\/www.csj-emballages.com\/de\/produit\/papierdeckel-fuer-becher-3712geb-pro-50\/#primaryimage\",\"url\":\"https:\/\/www.csj-emballages.com\/wp-content\/uploads\/2025\/10\/C3712.webp\",\"contentUrl\":\"https:\/\/www.csj-emballages.com\/wp-content\/uploads\/2025\/10\/C3712.webp\",\"width\":800,\"height\":800,\"caption\":\"Couvercle carton\"},{\"@type\":\"BreadcrumbList\",\"@id\":\"https:\/\/www.csj-emballages.com\/de\/produit\/papierdeckel-fuer-becher-3712geb-pro-50\/#breadcrumb\",\"itemListElement\":[{\"@type\":\"ListItem\",\"position\":1,\"name\":\"Accueil\",\"item\":\"https:\/\/www.csj-emballages.com\/de\/universum-lebensmittelverpackungen\/\"},{\"@type\":\"ListItem\",\"position\":2,\"name\":\"Shop\",\"item\":\"https:\/\/www.csj-emballages.com\/shop\/\"},{\"@type\":\"ListItem\",\"position\":3,\"name\":\"Papierdeckel f\u00fcr Becher 3712GEB pro 50\"}]},{\"@type\":\"WebSite\",\"@id\":\"https:\/\/www.csj-emballages.com\/de\/#website\",\"url\":\"https:\/\/www.csj-emballages.com\/de\/\",\"name\":\"CSJ Emballages\",\"description\":\"\",\"publisher\":{\"@id\":\"https:\/\/www.csj-emballages.com\/de\/#organization\"},\"potentialAction\":[{\"@type\":\"SearchAction\",\"target\":{\"@type\":\"EntryPoint\",\"urlTemplate\":\"https:\/\/www.csj-emballages.com\/de\/?s={search_term_string}\"},\"query-input\":{\"@type\":\"PropertyValueSpecification\",\"valueRequired\":true,\"valueName\":\"search_term_string\"}}],\"inLanguage\":\"de\"},{\"@type\":\"Organization\",\"@id\":\"https:\/\/www.csj-emballages.com\/de\/#Organization\/\",\"name\":\"CSJ Emballages\",\"url\":\"https:\/\/www.csj-emballages.com\/de\/\",\"logo\":{\"@type\":\"ImageObject\",\"inLanguage\":\"de\",\"@id\":\"https:\/\/www.csj-emballages.com\/de\/#\/schema\/logo\/image\/\",\"url\":\"https:\/\/www.csj-emballages.com\/wp-content\/uploads\/2023\/10\/logo_csj.webp\",\"contentUrl\":\"https:\/\/www.csj-emballages.com\/wp-content\/uploads\/2023\/10\/logo_csj.webp\",\"width\":250,\"height\":95,\"caption\":\"CSJ Emballages\"},\"image\":{\"@id\":\"https:\/\/www.csj-emballages.com\/de\/#\/schema\/logo\/image\/\"},\"sameAs\":[\"https:\/\/www.facebook.com\/csjemballages\"],\"address\":{\"@type\":\"PostalAddress\",\"streetAddress\":\"ZI La Lechere\",\"addressLocality\":\"Patornay\",\"postalCode\":\"39130\",\"addressCountry\":\"FR\"},\"contactPoint\":[{\"@type\":\"ContactPoint\",\"contactType\":\"Service client\",\"telephone\":\"0384254272\",\"email\":\"contact@csj-emballages.com\"}]}]}<\/script>\n<!-- \/ Yoast SEO Premium plugin. -->","yoast_head_json":{"title":"Papierdeckel f\u00fcr Becher 3712GEB pro 50","description":"Deckel aus recycelbarem Papier f\u00fcr Becher 3712GEB - Packung mit 50 St\u00fcck. Praktisch, umweltfreundlich und robust, ideal f\u00fcr Caf\u00e9s und Take-aways.","robots":{"index":"index","follow":"follow","max-snippet":"max-snippet:-1","max-image-preview":"max-image-preview:large","max-video-preview":"max-video-preview:-1"},"canonical":"https:\/\/www.csj-emballages.com\/de\/produit\/papierdeckel-fuer-becher-3712geb-pro-50\/","og_locale":"de_DE","og_type":"article","og_title":"Papierdeckel f\u00fcr Becher 3712GEB pro 50","og_description":"Deckel aus recycelbarem Papier f\u00fcr Becher 3712GEB - Packung mit 50 St\u00fcck. Praktisch, umweltfreundlich und robust, ideal f\u00fcr Caf\u00e9s und Take-aways.","og_url":"https:\/\/www.csj-emballages.com\/de\/produit\/papierdeckel-fuer-becher-3712geb-pro-50\/","og_site_name":"CSJ Emballages","article_publisher":"https:\/\/www.facebook.com\/csjemballages","article_modified_time":"2026-04-25T00:11:52+00:00","og_image":[{"width":800,"height":800,"url":"https:\/\/www.csj-emballages.com\/wp-content\/uploads\/2025\/10\/C3712.webp","type":"image\/webp"}],"twitter_card":"summary_large_image","twitter_misc":{"Gesch\u00e4tzte Lesezeit":"1\u00a0Minute"},"schema":{"@context":"https:\/\/schema.org","@graph":[{"@type":"WebPage","@id":"https:\/\/www.csj-emballages.com\/de\/produit\/papierdeckel-fuer-becher-3712geb-pro-50\/","url":"https:\/\/www.csj-emballages.com\/de\/produit\/papierdeckel-fuer-becher-3712geb-pro-50\/","name":"Papierdeckel f\u00fcr Becher 3712GEB pro 50","isPartOf":{"@id":"https:\/\/www.csj-emballages.com\/de\/#website"},"primaryImageOfPage":{"@id":"https:\/\/www.csj-emballages.com\/de\/produit\/papierdeckel-fuer-becher-3712geb-pro-50\/#primaryimage"},"image":{"@id":"https:\/\/www.csj-emballages.com\/de\/produit\/papierdeckel-fuer-becher-3712geb-pro-50\/#primaryimage"},"thumbnailUrl":"https:\/\/www.csj-emballages.com\/wp-content\/uploads\/2025\/10\/C3712.webp","datePublished":"2025-10-13T14:18:18+00:00","dateModified":"2026-04-25T00:11:52+00:00","description":"Deckel aus recycelbarem Papier f\u00fcr Becher 3712GEB - Packung mit 50 St\u00fcck. Praktisch, umweltfreundlich und robust, ideal f\u00fcr Caf\u00e9s und Take-aways.","breadcrumb":{"@id":"https:\/\/www.csj-emballages.com\/de\/produit\/papierdeckel-fuer-becher-3712geb-pro-50\/#breadcrumb"},"inLanguage":"de","potentialAction":[{"@type":"ReadAction","target":["https:\/\/www.csj-emballages.com\/de\/produit\/papierdeckel-fuer-becher-3712geb-pro-50\/"]}]},{"@type":"ImageObject","inLanguage":"de","@id":"https:\/\/www.csj-emballages.com\/de\/produit\/papierdeckel-fuer-becher-3712geb-pro-50\/#primaryimage","url":"https:\/\/www.csj-emballages.com\/wp-content\/uploads\/2025\/10\/C3712.webp","contentUrl":"https:\/\/www.csj-emballages.com\/wp-content\/uploads\/2025\/10\/C3712.webp","width":800,"height":800,"caption":"Couvercle carton"},{"@type":"BreadcrumbList","@id":"https:\/\/www.csj-emballages.com\/de\/produit\/papierdeckel-fuer-becher-3712geb-pro-50\/#breadcrumb","itemListElement":[{"@type":"ListItem","position":1,"name":"Accueil","item":"https:\/\/www.csj-emballages.com\/de\/universum-lebensmittelverpackungen\/"},{"@type":"ListItem","position":2,"name":"Shop","item":"https:\/\/www.csj-emballages.com\/shop\/"},{"@type":"ListItem","position":3,"name":"Papierdeckel f\u00fcr Becher 3712GEB pro 50"}]},{"@type":"WebSite","@id":"https:\/\/www.csj-emballages.com\/de\/#website","url":"https:\/\/www.csj-emballages.com\/de\/","name":"CSJ Emballages","description":"","publisher":{"@id":"https:\/\/www.csj-emballages.com\/de\/#organization"},"potentialAction":[{"@type":"SearchAction","target":{"@type":"EntryPoint","urlTemplate":"https:\/\/www.csj-emballages.com\/de\/?s={search_term_string}"},"query-input":{"@type":"PropertyValueSpecification","valueRequired":true,"valueName":"search_term_string"}}],"inLanguage":"de"},{"@type":"Organization","@id":"https:\/\/www.csj-emballages.com\/de\/#Organization\/","name":"CSJ Emballages","url":"https:\/\/www.csj-emballages.com\/de\/","logo":{"@type":"ImageObject","inLanguage":"de","@id":"https:\/\/www.csj-emballages.com\/de\/#\/schema\/logo\/image\/","url":"https:\/\/www.csj-emballages.com\/wp-content\/uploads\/2023\/10\/logo_csj.webp","contentUrl":"https:\/\/www.csj-emballages.com\/wp-content\/uploads\/2023\/10\/logo_csj.webp","width":250,"height":95,"caption":"CSJ Emballages"},"image":{"@id":"https:\/\/www.csj-emballages.com\/de\/#\/schema\/logo\/image\/"},"sameAs":["https:\/\/www.facebook.com\/csjemballages"],"address":{"@type":"PostalAddress","streetAddress":"ZI La Lechere","addressLocality":"Patornay","postalCode":"39130","addressCountry":"FR"},"contactPoint":[{"@type":"ContactPoint","contactType":"Service client","telephone":"0384254272","email":"contact@csj-emballages.com"}]}]}},"df_price":3.22,"df_sale_price":"","df_regular_price":3.22,"df_image_link":"https:\/\/www.csj-emballages.com\/wp-content\/uploads\/2025\/10\/C3712-300x300.webp","tiered_pricing_type":"fixed","tiered_pricing_fixed_rules":[],"tiered_pricing_percentage_rules":[],"tiered_pricing_minimum":1,"tiered_pricing_roles_data":[],"_links":{"self":[{"href":"https:\/\/www.csj-emballages.com\/de\/wp-json\/wp\/v2\/product\/251251","targetHints":{"allow":["GET"]}}],"collection":[{"href":"https:\/\/www.csj-emballages.com\/de\/wp-json\/wp\/v2\/product"}],"about":[{"href":"https:\/\/www.csj-emballages.com\/de\/wp-json\/wp\/v2\/types\/product"}],"wp:featuredmedia":[{"embeddable":true,"href":"https:\/\/www.csj-emballages.com\/de\/wp-json\/wp\/v2\/media\/251244"}],"wp:attachment":[{"href":"https:\/\/www.csj-emballages.com\/de\/wp-json\/wp\/v2\/media?parent=251251"}],"wp:term":[{"taxonomy":"product_brand","embeddable":true,"href":"https:\/\/www.csj-emballages.com\/de\/wp-json\/wp\/v2\/product_brand?post=251251"},{"taxonomy":"product_cat","embeddable":true,"href":"https:\/\/www.csj-emballages.com\/de\/wp-json\/wp\/v2\/product_cat?post=251251"},{"taxonomy":"product_tag","embeddable":true,"href":"https:\/\/www.csj-emballages.com\/de\/wp-json\/wp\/v2\/product_tag?post=251251"}],"curies":[{"name":"wp","href":"https:\/\/api.w.org\/{rel}","templated":true}]}}