{"id":251237,"date":"2025-10-16T17:18:16","date_gmt":"2025-10-16T15:18:16","guid":{"rendered":"https:\/\/www.csj-emballages.com\/produit\/einkaufstasche-frohe-weihnachten-pp-gewebt-wiederverwendbar-43-20-x-38-cm\/"},"modified":"2026-03-12T16:37:59","modified_gmt":"2026-03-12T15:37:59","slug":"einkaufstasche-frohe-weihnachten-pp-gewebt-wiederverwendbar-43-20-x-38-cm","status":"publish","type":"product","link":"https:\/\/www.csj-emballages.com\/de\/produit\/einkaufstasche-frohe-weihnachten-pp-gewebt-wiederverwendbar-43-20-x-38-cm\/","title":{"rendered":"Einkaufstasche &#8222;Frohe Weihnachten&#8220; PP gewebt wiederverwendbar 43 + 20 x 38 cm"},"content":{"rendered":"<h2 class=\"p1\">Einkaufstasche<\/h2>\n<hr>\n<h3>Beschreibung unserer Einkaufstasche &#8222;Frohe Weihnachten&#8220; PP gewebt wiederverwendbar 43 + 20 x 38 cm<\/h3>\n<p><!--more--><\/p>\n<p data-start=\"125\" data-end=\"425\">Feiern Sie die Magie der Festtage mit unserer <strong data-start=\"164\" data-end=\"232\">wiederverwendbaren Tragetasche &#8222;Merry Christmas&#8220; aus gewebtem PP 43 + 20 x 38 cm<\/strong>! Diese <strong>Tasche<\/strong> ist ideal, um Geschenke zu verpacken, Eink\u00e4ufe zu transportieren oder Ihrem Weihnachtsgesch\u00e4ft einen festlichen Touch zu verleihen, denn sie vereint <strong data-start=\"365\" data-end=\"377\">Stabilit\u00e4t<\/strong>, <strong data-start=\"379\" data-end=\"388\">Stil<\/strong> und <strong data-start=\"392\" data-end=\"422\">Umweltfreundlichkeit<\/strong>.<\/p>\n<p data-start=\"427\" data-end=\"778\">Hergestellt aus <strong data-start=\"448\" data-end=\"471\">gewebtem Polypropylen<\/strong>, ist er sowohl <strong data-start=\"490\" data-end=\"515\">belastbar<\/strong> als auch <strong data-start=\"519\" data-end=\"540\">leicht zu reinigen<\/strong>, was ihn zu einem perfekten Begleiter f\u00fcr den t\u00e4glichen Gebrauch macht. Dank seines robusten und wasserabweisenden Materials tr\u00e4gt er m\u00fchelos das Gewicht von Lebensmitteln, Flaschen oder auch sperrigen Gegenst\u00e4nden, ohne zu rei\u00dfen.<\/p>\n<p data-start=\"780\" data-end=\"1088\">Zudem schafft sein festliches Design &#8222;<strong>Frohe Weihnachten<\/strong>&#8220; sofort eine <strong data-start=\"839\" data-end=\"877\">warme und einladende Atmosph\u00e4re<\/strong>, perfekt, um Ihre Kunden w\u00e4hrend der Feiertage zu begeistern. Diese Einkaufstasche kann als <strong data-start=\"984\" data-end=\"1004\">Geschenkverpackung<\/strong>, <strong data-start=\"1006\" data-end=\"1026\">Werbetasche<\/strong> oder sogar als <strong data-start=\"1041\" data-end=\"1085\">umweltfreundliche Alternative zu Einwegtaschen<\/strong> verwendet werden.<\/p>\n<p data-start=\"1090\" data-end=\"1451\">Ebenso sorgen seine <strong data-start=\"1103\" data-end=\"1123\">verst\u00e4rkten Griffe<\/strong> f\u00fcr hervorragenden Tragekomfort, w\u00e4hrend sein gro\u00dfes Format (<strong>43 + 20 x 38 cm<\/strong>) ein <strong data-start=\"1223\" data-end=\"1245\">gro\u00dfz\u00fcgiges Volumen<\/strong> bietet, um alle Arten von Artikeln problemlos zu verstauen. Er ist somit eine praktische und \u00e4sthetische L\u00f6sung f\u00fcr Gastronomiebetriebe, Lebensmittelgesch\u00e4fte, B\u00e4ckereien oder Geschenkartikell\u00e4den.<\/p>\n<p><!--more--><\/p>\n<h4><strong>Vorteile :<\/strong><\/h4>\n<ul>\n<li data-start=\"1789\" data-end=\"1870\"><strong data-start=\"1789\" data-end=\"1805\">Wiederverwendbar<\/strong> und nachhaltig: Reduziert den Abfall und ersetzt Einwegt\u00fcten.<\/li>\n<li data-start=\"1873\" data-end=\"1947\"><strong data-start=\"1873\" data-end=\"1894\">Gewebtes PP-Material<\/strong>: optimale Belastungs- und Feuchtigkeitsbest\u00e4ndigkeit.<\/li>\n<li data-start=\"1950\" data-end=\"2023\"><strong data-start=\"1950\" data-end=\"1967\">Festliches<\/strong> und ansprechendes <strong data-start=\"1950\" data-end=\"1967\">Design<\/strong>: perfekt f\u00fcr die Weihnachtszeit.<\/li>\n<li data-start=\"2026\" data-end=\"2092\"><strong data-start=\"2026\" data-end=\"2042\">Gro\u00dfformat<\/strong>: Ideale Kapazit\u00e4t f\u00fcr sperrige Produkte.<\/li>\n<li data-start=\"2095\" data-end=\"2148\"><strong data-start=\"2095\" data-end=\"2115\">Verst\u00e4rkte Henkel<\/strong>: Sicherer Tragekomfort.<\/li>\n<\/ul>\n<p>&nbsp;<\/p>\n<p><!--more--><\/p>\n<h4>Weitere Informationen :<\/h4>\n<ul>\n<li><strong>Verpackung<\/strong>: Einzeln<\/li>\n<li><strong>Ma\u00dfe<\/strong>: 43 + 20 x 38 cm<\/li>\n<li><strong>Material<\/strong>: PP gewebt (Polypropylen)<\/li>\n<li><strong>Farbe<\/strong>: Gold \/ Wei\u00df<\/li>\n<\/ul>\n<p>&nbsp;<\/p>\n<p><!--more--><\/p>\n<p><a href=\"https:\/\/www.csj-emballages.com\/de\/categorie-produit\/lebensmittelverpackungen\/boutique-und-geschaft\/sacke-beutel\/taschen-boutique\/\">Sehen Sie sich den Rest unseres Sortiments an Boutique-Taschen an!<\/a><\/p>\n","protected":false},"excerpt":{"rendered":"<p>Einkaufstasche Beschreibung unserer Einkaufstasche &#8222;Frohe Weihnachten&#8220; PP gewebt wiederverwendbar 43 + 20 x 38 cm<\/p>\n","protected":false},"featured_media":260664,"template":"","meta":{"_acf_changed":false},"product_brand":[],"product_cat":[1137,1487,3969,1838],"product_tag":[],"class_list":{"0":"post-251237","1":"product","2":"type-product","3":"status-publish","4":"has-post-thumbnail","6":"product_cat-lebensmittelverpackungen","7":"product_cat-boutique-und-geschaft","8":"product_cat-sacke-beutel","9":"product_cat-taschen-boutique","11":"first","12":"instock","13":"taxable","14":"shipping-taxable","15":"purchasable","16":"product-type-simple"},"acf":[],"yoast_head":"<!-- This site is optimized with the Yoast SEO Premium plugin v26.6 (Yoast SEO v26.6) - https:\/\/yoast.com\/wordpress\/plugins\/seo\/ -->\n<title>Einkaufstasche &quot;Merry Christmas&quot; PP Weaved Wiederverwendbar 43 + 20 x 38 cm<\/title>\n<meta name=\"description\" content=\"Einkaufstasche &quot;Frohe Weihnachten&quot; aus gewebtem, wiederverwendbarem PP 43 + 20 x 38 cm: stabil und umweltfreundlich, ideal f\u00fcr B\u00e4ckereien, Konditoreien und allt\u00e4gliche Eink\u00e4ufe.\" \/>\n<meta name=\"robots\" content=\"index, follow, max-snippet:-1, max-image-preview:large, max-video-preview:-1\" \/>\n<link rel=\"canonical\" href=\"https:\/\/www.csj-emballages.com\/de\/produit\/einkaufstasche-frohe-weihnachten-pp-gewebt-wiederverwendbar-43-20-x-38-cm\/\" \/>\n<meta property=\"og:locale\" content=\"de_DE\" \/>\n<meta property=\"og:type\" content=\"article\" \/>\n<meta property=\"og:title\" content=\"Einkaufstasche &quot;Frohe Weihnachten&quot; PP gewebt wiederverwendbar 43 + 20 x 38 cm\" \/>\n<meta property=\"og:description\" content=\"Einkaufstasche &quot;Frohe Weihnachten&quot; aus gewebtem, wiederverwendbarem PP 43 + 20 x 38 cm: stabil und umweltfreundlich, ideal f\u00fcr B\u00e4ckereien, Konditoreien und allt\u00e4gliche Eink\u00e4ufe.\" \/>\n<meta property=\"og:url\" content=\"https:\/\/www.csj-emballages.com\/de\/produit\/einkaufstasche-frohe-weihnachten-pp-gewebt-wiederverwendbar-43-20-x-38-cm\/\" \/>\n<meta property=\"og:site_name\" content=\"CSJ Emballages\" \/>\n<meta property=\"article:publisher\" content=\"https:\/\/www.facebook.com\/csjemballages\" \/>\n<meta property=\"article:modified_time\" content=\"2026-03-12T15:37:59+00:00\" \/>\n<meta property=\"og:image\" content=\"https:\/\/www.csj-emballages.com\/wp-content\/uploads\/2025\/10\/SACPPNOEL2025.webp\" \/>\n\t<meta property=\"og:image:width\" content=\"800\" \/>\n\t<meta property=\"og:image:height\" content=\"800\" \/>\n\t<meta property=\"og:image:type\" content=\"image\/webp\" \/>\n<meta name=\"twitter:card\" content=\"summary_large_image\" \/>\n<meta name=\"twitter:label1\" content=\"Gesch\u00e4tzte Lesezeit\" \/>\n\t<meta name=\"twitter:data1\" content=\"1\u00a0Minute\" \/>\n<script type=\"application\/ld+json\" class=\"yoast-schema-graph\">{\"@context\":\"https:\/\/schema.org\",\"@graph\":[{\"@type\":\"WebPage\",\"@id\":\"https:\/\/www.csj-emballages.com\/de\/produit\/einkaufstasche-frohe-weihnachten-pp-gewebt-wiederverwendbar-43-20-x-38-cm\/\",\"url\":\"https:\/\/www.csj-emballages.com\/de\/produit\/einkaufstasche-frohe-weihnachten-pp-gewebt-wiederverwendbar-43-20-x-38-cm\/\",\"name\":\"Einkaufstasche \\\"Merry Christmas\\\" PP Weaved Wiederverwendbar 43 + 20 x 38 cm\",\"isPartOf\":{\"@id\":\"https:\/\/www.csj-emballages.com\/de\/#website\"},\"primaryImageOfPage\":{\"@id\":\"https:\/\/www.csj-emballages.com\/de\/produit\/einkaufstasche-frohe-weihnachten-pp-gewebt-wiederverwendbar-43-20-x-38-cm\/#primaryimage\"},\"image\":{\"@id\":\"https:\/\/www.csj-emballages.com\/de\/produit\/einkaufstasche-frohe-weihnachten-pp-gewebt-wiederverwendbar-43-20-x-38-cm\/#primaryimage\"},\"thumbnailUrl\":\"https:\/\/www.csj-emballages.com\/wp-content\/uploads\/2025\/10\/SACPPNOEL2025.webp\",\"datePublished\":\"2025-10-16T15:18:16+00:00\",\"dateModified\":\"2026-03-12T15:37:59+00:00\",\"description\":\"Einkaufstasche \\\"Frohe Weihnachten\\\" aus gewebtem, wiederverwendbarem PP 43 + 20 x 38 cm: stabil und umweltfreundlich, ideal f\u00fcr B\u00e4ckereien, Konditoreien und allt\u00e4gliche Eink\u00e4ufe.\",\"breadcrumb\":{\"@id\":\"https:\/\/www.csj-emballages.com\/de\/produit\/einkaufstasche-frohe-weihnachten-pp-gewebt-wiederverwendbar-43-20-x-38-cm\/#breadcrumb\"},\"inLanguage\":\"de\",\"potentialAction\":[{\"@type\":\"ReadAction\",\"target\":[\"https:\/\/www.csj-emballages.com\/de\/produit\/einkaufstasche-frohe-weihnachten-pp-gewebt-wiederverwendbar-43-20-x-38-cm\/\"]}]},{\"@type\":\"ImageObject\",\"inLanguage\":\"de\",\"@id\":\"https:\/\/www.csj-emballages.com\/de\/produit\/einkaufstasche-frohe-weihnachten-pp-gewebt-wiederverwendbar-43-20-x-38-cm\/#primaryimage\",\"url\":\"https:\/\/www.csj-emballages.com\/wp-content\/uploads\/2025\/10\/SACPPNOEL2025.webp\",\"contentUrl\":\"https:\/\/www.csj-emballages.com\/wp-content\/uploads\/2025\/10\/SACPPNOEL2025.webp\",\"width\":800,\"height\":800,\"caption\":\"SACPPNOEL2025\"},{\"@type\":\"BreadcrumbList\",\"@id\":\"https:\/\/www.csj-emballages.com\/de\/produit\/einkaufstasche-frohe-weihnachten-pp-gewebt-wiederverwendbar-43-20-x-38-cm\/#breadcrumb\",\"itemListElement\":[{\"@type\":\"ListItem\",\"position\":1,\"name\":\"Accueil\",\"item\":\"https:\/\/www.csj-emballages.com\/de\/universum-lebensmittelverpackungen\/\"},{\"@type\":\"ListItem\",\"position\":2,\"name\":\"Shop\",\"item\":\"https:\/\/www.csj-emballages.com\/shop\/\"},{\"@type\":\"ListItem\",\"position\":3,\"name\":\"Einkaufstasche \u00ab\u00a0Frohe Weihnachten\u00a0\u00bb PP gewebt wiederverwendbar 43 + 20 x 38 cm\"}]},{\"@type\":\"WebSite\",\"@id\":\"https:\/\/www.csj-emballages.com\/de\/#website\",\"url\":\"https:\/\/www.csj-emballages.com\/de\/\",\"name\":\"CSJ Emballages\",\"description\":\"\",\"publisher\":{\"@id\":\"https:\/\/www.csj-emballages.com\/de\/#organization\"},\"potentialAction\":[{\"@type\":\"SearchAction\",\"target\":{\"@type\":\"EntryPoint\",\"urlTemplate\":\"https:\/\/www.csj-emballages.com\/de\/?s={search_term_string}\"},\"query-input\":{\"@type\":\"PropertyValueSpecification\",\"valueRequired\":true,\"valueName\":\"search_term_string\"}}],\"inLanguage\":\"de\"},{\"@type\":\"Organization\",\"@id\":\"https:\/\/www.csj-emballages.com\/de\/#Organization\/\",\"name\":\"CSJ Emballages\",\"url\":\"https:\/\/www.csj-emballages.com\/de\/\",\"logo\":{\"@type\":\"ImageObject\",\"inLanguage\":\"de\",\"@id\":\"https:\/\/www.csj-emballages.com\/de\/#\/schema\/logo\/image\/\",\"url\":\"https:\/\/www.csj-emballages.com\/wp-content\/uploads\/2023\/10\/logo_csj.webp\",\"contentUrl\":\"https:\/\/www.csj-emballages.com\/wp-content\/uploads\/2023\/10\/logo_csj.webp\",\"width\":250,\"height\":95,\"caption\":\"CSJ Emballages\"},\"image\":{\"@id\":\"https:\/\/www.csj-emballages.com\/de\/#\/schema\/logo\/image\/\"},\"sameAs\":[\"https:\/\/www.facebook.com\/csjemballages\"],\"address\":{\"@type\":\"PostalAddress\",\"streetAddress\":\"ZI La Lechere\",\"addressLocality\":\"Patornay\",\"postalCode\":\"39130\",\"addressCountry\":\"FR\"},\"contactPoint\":[{\"@type\":\"ContactPoint\",\"contactType\":\"Service client\",\"telephone\":\"0384254272\",\"email\":\"contact@csj-emballages.com\"}]}]}<\/script>\n<!-- \/ Yoast SEO Premium plugin. -->","yoast_head_json":{"title":"Einkaufstasche \"Merry Christmas\" PP Weaved Wiederverwendbar 43 + 20 x 38 cm","description":"Einkaufstasche \"Frohe Weihnachten\" aus gewebtem, wiederverwendbarem PP 43 + 20 x 38 cm: stabil und umweltfreundlich, ideal f\u00fcr B\u00e4ckereien, Konditoreien und allt\u00e4gliche Eink\u00e4ufe.","robots":{"index":"index","follow":"follow","max-snippet":"max-snippet:-1","max-image-preview":"max-image-preview:large","max-video-preview":"max-video-preview:-1"},"canonical":"https:\/\/www.csj-emballages.com\/de\/produit\/einkaufstasche-frohe-weihnachten-pp-gewebt-wiederverwendbar-43-20-x-38-cm\/","og_locale":"de_DE","og_type":"article","og_title":"Einkaufstasche \"Frohe Weihnachten\" PP gewebt wiederverwendbar 43 + 20 x 38 cm","og_description":"Einkaufstasche \"Frohe Weihnachten\" aus gewebtem, wiederverwendbarem PP 43 + 20 x 38 cm: stabil und umweltfreundlich, ideal f\u00fcr B\u00e4ckereien, Konditoreien und allt\u00e4gliche Eink\u00e4ufe.","og_url":"https:\/\/www.csj-emballages.com\/de\/produit\/einkaufstasche-frohe-weihnachten-pp-gewebt-wiederverwendbar-43-20-x-38-cm\/","og_site_name":"CSJ Emballages","article_publisher":"https:\/\/www.facebook.com\/csjemballages","article_modified_time":"2026-03-12T15:37:59+00:00","og_image":[{"width":800,"height":800,"url":"https:\/\/www.csj-emballages.com\/wp-content\/uploads\/2025\/10\/SACPPNOEL2025.webp","type":"image\/webp"}],"twitter_card":"summary_large_image","twitter_misc":{"Gesch\u00e4tzte Lesezeit":"1\u00a0Minute"},"schema":{"@context":"https:\/\/schema.org","@graph":[{"@type":"WebPage","@id":"https:\/\/www.csj-emballages.com\/de\/produit\/einkaufstasche-frohe-weihnachten-pp-gewebt-wiederverwendbar-43-20-x-38-cm\/","url":"https:\/\/www.csj-emballages.com\/de\/produit\/einkaufstasche-frohe-weihnachten-pp-gewebt-wiederverwendbar-43-20-x-38-cm\/","name":"Einkaufstasche \"Merry Christmas\" PP Weaved Wiederverwendbar 43 + 20 x 38 cm","isPartOf":{"@id":"https:\/\/www.csj-emballages.com\/de\/#website"},"primaryImageOfPage":{"@id":"https:\/\/www.csj-emballages.com\/de\/produit\/einkaufstasche-frohe-weihnachten-pp-gewebt-wiederverwendbar-43-20-x-38-cm\/#primaryimage"},"image":{"@id":"https:\/\/www.csj-emballages.com\/de\/produit\/einkaufstasche-frohe-weihnachten-pp-gewebt-wiederverwendbar-43-20-x-38-cm\/#primaryimage"},"thumbnailUrl":"https:\/\/www.csj-emballages.com\/wp-content\/uploads\/2025\/10\/SACPPNOEL2025.webp","datePublished":"2025-10-16T15:18:16+00:00","dateModified":"2026-03-12T15:37:59+00:00","description":"Einkaufstasche \"Frohe Weihnachten\" aus gewebtem, wiederverwendbarem PP 43 + 20 x 38 cm: stabil und umweltfreundlich, ideal f\u00fcr B\u00e4ckereien, Konditoreien und allt\u00e4gliche Eink\u00e4ufe.","breadcrumb":{"@id":"https:\/\/www.csj-emballages.com\/de\/produit\/einkaufstasche-frohe-weihnachten-pp-gewebt-wiederverwendbar-43-20-x-38-cm\/#breadcrumb"},"inLanguage":"de","potentialAction":[{"@type":"ReadAction","target":["https:\/\/www.csj-emballages.com\/de\/produit\/einkaufstasche-frohe-weihnachten-pp-gewebt-wiederverwendbar-43-20-x-38-cm\/"]}]},{"@type":"ImageObject","inLanguage":"de","@id":"https:\/\/www.csj-emballages.com\/de\/produit\/einkaufstasche-frohe-weihnachten-pp-gewebt-wiederverwendbar-43-20-x-38-cm\/#primaryimage","url":"https:\/\/www.csj-emballages.com\/wp-content\/uploads\/2025\/10\/SACPPNOEL2025.webp","contentUrl":"https:\/\/www.csj-emballages.com\/wp-content\/uploads\/2025\/10\/SACPPNOEL2025.webp","width":800,"height":800,"caption":"SACPPNOEL2025"},{"@type":"BreadcrumbList","@id":"https:\/\/www.csj-emballages.com\/de\/produit\/einkaufstasche-frohe-weihnachten-pp-gewebt-wiederverwendbar-43-20-x-38-cm\/#breadcrumb","itemListElement":[{"@type":"ListItem","position":1,"name":"Accueil","item":"https:\/\/www.csj-emballages.com\/de\/universum-lebensmittelverpackungen\/"},{"@type":"ListItem","position":2,"name":"Shop","item":"https:\/\/www.csj-emballages.com\/shop\/"},{"@type":"ListItem","position":3,"name":"Einkaufstasche \u00ab\u00a0Frohe Weihnachten\u00a0\u00bb PP gewebt wiederverwendbar 43 + 20 x 38 cm"}]},{"@type":"WebSite","@id":"https:\/\/www.csj-emballages.com\/de\/#website","url":"https:\/\/www.csj-emballages.com\/de\/","name":"CSJ Emballages","description":"","publisher":{"@id":"https:\/\/www.csj-emballages.com\/de\/#organization"},"potentialAction":[{"@type":"SearchAction","target":{"@type":"EntryPoint","urlTemplate":"https:\/\/www.csj-emballages.com\/de\/?s={search_term_string}"},"query-input":{"@type":"PropertyValueSpecification","valueRequired":true,"valueName":"search_term_string"}}],"inLanguage":"de"},{"@type":"Organization","@id":"https:\/\/www.csj-emballages.com\/de\/#Organization\/","name":"CSJ Emballages","url":"https:\/\/www.csj-emballages.com\/de\/","logo":{"@type":"ImageObject","inLanguage":"de","@id":"https:\/\/www.csj-emballages.com\/de\/#\/schema\/logo\/image\/","url":"https:\/\/www.csj-emballages.com\/wp-content\/uploads\/2023\/10\/logo_csj.webp","contentUrl":"https:\/\/www.csj-emballages.com\/wp-content\/uploads\/2023\/10\/logo_csj.webp","width":250,"height":95,"caption":"CSJ Emballages"},"image":{"@id":"https:\/\/www.csj-emballages.com\/de\/#\/schema\/logo\/image\/"},"sameAs":["https:\/\/www.facebook.com\/csjemballages"],"address":{"@type":"PostalAddress","streetAddress":"ZI La Lechere","addressLocality":"Patornay","postalCode":"39130","addressCountry":"FR"},"contactPoint":[{"@type":"ContactPoint","contactType":"Service client","telephone":"0384254272","email":"contact@csj-emballages.com"}]}]}},"df_price":1.26,"df_sale_price":"","df_regular_price":1.26,"df_image_link":"https:\/\/www.csj-emballages.com\/wp-content\/uploads\/2025\/10\/SACPPNOEL2025-300x300.webp","tiered_pricing_type":"fixed","tiered_pricing_fixed_rules":[],"tiered_pricing_percentage_rules":[],"tiered_pricing_minimum":1,"tiered_pricing_roles_data":[],"_links":{"self":[{"href":"https:\/\/www.csj-emballages.com\/de\/wp-json\/wp\/v2\/product\/251237","targetHints":{"allow":["GET"]}}],"collection":[{"href":"https:\/\/www.csj-emballages.com\/de\/wp-json\/wp\/v2\/product"}],"about":[{"href":"https:\/\/www.csj-emballages.com\/de\/wp-json\/wp\/v2\/types\/product"}],"wp:featuredmedia":[{"embeddable":true,"href":"https:\/\/www.csj-emballages.com\/de\/wp-json\/wp\/v2\/media\/260664"}],"wp:attachment":[{"href":"https:\/\/www.csj-emballages.com\/de\/wp-json\/wp\/v2\/media?parent=251237"}],"wp:term":[{"taxonomy":"product_brand","embeddable":true,"href":"https:\/\/www.csj-emballages.com\/de\/wp-json\/wp\/v2\/product_brand?post=251237"},{"taxonomy":"product_cat","embeddable":true,"href":"https:\/\/www.csj-emballages.com\/de\/wp-json\/wp\/v2\/product_cat?post=251237"},{"taxonomy":"product_tag","embeddable":true,"href":"https:\/\/www.csj-emballages.com\/de\/wp-json\/wp\/v2\/product_tag?post=251237"}],"curies":[{"name":"wp","href":"https:\/\/api.w.org\/{rel}","templated":true}]}}