{"id":251208,"date":"2025-10-17T15:18:17","date_gmt":"2025-10-17T13:18:17","guid":{"rendered":"https:\/\/www.csj-emballages.com\/produit\/transluzente-plastikflasche-pet-mit-schwarzem-deckel-100-cl-pro-74\/"},"modified":"2026-05-04T15:00:41","modified_gmt":"2026-05-04T13:00:41","slug":"transluzente-plastikflasche-pet-mit-schwarzem-deckel-100-cl-pro-74","status":"publish","type":"product","link":"https:\/\/www.csj-emballages.com\/de\/produit\/transluzente-plastikflasche-pet-mit-schwarzem-deckel-100-cl-pro-74\/","title":{"rendered":"Transluzente Plastikflasche PET mit schwarzem Deckel 100 cl pro 74"},"content":{"rendered":"<h2 class=\"p1\">Plastikflasche<\/h2>\n<hr>\n<h3>Beschreibung unserer transluzenten PET Plastikflasche mit schwarzem Deckel befestigt 100 cl pro 74<\/h3>\n<p><!--more--><\/p>\n<p data-start=\"217\" data-end=\"570\">Die praktische, widerstandsf\u00e4hige und elegante <strong>Flasche aus durchsichtigem PET-Kunststoff mit schwarzem Verschluss in der Gr\u00f6\u00dfe 100 cl <\/strong>ist die ideale Wahl f\u00fcr alle, die in der Gastronomie, im Take-away-Bereich oder bei Veranstaltungen t\u00e4tig sind. Dank ihres modernen, schlichten Designs bringt sie den Inhalt perfekt zur Geltung und garantiert gleichzeitig optimale Hygiene. <\/p>\n<p data-start=\"572\" data-end=\"988\">Diese aus <strong>PET<\/strong> hergestellte <strong>Flasche<\/strong> vereint Leichtigkeit und St\u00e4rke. Der <g id=\"gid_2\">Kunststoff PET<\/g> ist bekannt f\u00fcr seine <g id=\"gid_3\">Sto\u00dffestigkeit, kristallklare Transparenz und Recyclingf\u00e4higkeit<\/g>, was ihn zu einer praktischen und gleichzeitig umweltfreundlichen L\u00f6sung macht. So k\u00f6nnen Sie Ihre <strong>Getr\u00e4nke, frischen S\u00e4fte, Smoothies<\/strong> oder fl\u00fcssigen So\u00dfen in einem Beh\u00e4lter anbieten, der sowohl nachhaltig als auch \u00e4sthetisch ansprechend ist.  <\/p>\n<p data-start=\"990\" data-end=\"1273\">Der <strong>befestigte schwarze Verschluss<\/strong> ist ein echtes Highlight: Er verhindert nicht nur, dass der Verschluss verloren geht, sondern sorgt auch f\u00fcr einen luftdichten Verschluss, damit der Inhalt frisch bleibt. Das Anbringen des Verschlusses vereinfacht auch das Bef\u00fcllen und den t\u00e4glichen Gebrauch. <\/p>\n<p data-start=\"1275\" data-end=\"1599\">Diese <strong>Flasche<\/strong> ist zu <strong>74 St\u00fcck<\/strong> verpackt und eignet sich perfekt f\u00fcr Gesch\u00e4ftsleute, die eine kosteng\u00fcnstige und effiziente Verpackung suchen. Dank ihres <strong>Fassungsverm\u00f6gens von 100 cl<\/strong> passt sie problemlos in Einzelportionen und ist somit ideal f\u00fcr Take-aways, Saftbars, Catering oder auch Veranstaltungen. <\/p>\n<p data-start=\"1601\" data-end=\"1749\">Zusammenfassend l\u00e4sst sich sagen, dass diese <strong>Plastikflasche<\/strong> Design, Praktikabilit\u00e4t und Umweltfreundlichkeit vereint und den Anforderungen der Lebensmittelbranche gerecht wird.<\/p>\n<p data-start=\"1378\" data-end=\"1605\"><!--more--><\/p>\n<h4 data-start=\"1378\" data-end=\"1605\">Vorteile :<\/h4>\n<ul>\n<li data-start=\"1795\" data-end=\"1858\"><strong data-start=\"1795\" data-end=\"1822\">Recycelbares PET-Material<\/strong>: umweltfreundlich.<\/li>\n<li data-start=\"1861\" data-end=\"1919\"><strong data-start=\"1861\" data-end=\"1885\">Angebrachte schwarze Kappe<\/strong>: sicherer und hygienischer Verschluss.<\/li>\n<li data-start=\"1922\" data-end=\"1970\"><strong data-start=\"1922\" data-end=\"1938\">Transparenz<\/strong>: hebt Getr\u00e4nke hervor.<\/li>\n<li data-start=\"1973\" data-end=\"2032\"><strong data-start=\"1973\" data-end=\"1989\">100-cl-Format<\/strong>: ideal f\u00fcr Einzelportionen.<\/li>\n<li data-start=\"2035\" data-end=\"2102\"><strong data-start=\"2035\" data-end=\"2062\">Verpackung per 74<\/strong>: kosteng\u00fcnstig f\u00fcr Profis.<\/li>\n<\/ul>\n<p>&nbsp;<\/p>\n<p><!--more--><\/p>\n<h4>Weitere Informationen :<\/h4>\n<ul>\n<li><strong>Verpackung<\/strong>: Packung mit 74<\/li>\n<li><strong>Ma\u00dfe<\/strong>: 35 x 240 (\u00d8 x H in mm)<\/li>\n<li><strong>Material<\/strong>: PET<\/li>\n<li><strong>Fassungsverm\u00f6gen<\/strong>: 100 cl<\/li>\n<li><strong>Farbe<\/strong>: Transparent \/ Schwarz<\/li>\n<\/ul>\n<p>&nbsp;<\/p>\n<p><!--more--><\/p>\n<p>Diese 100-cl-Plastikflasche ist in verschiedenen Gr\u00f6\u00dfen erh\u00e4ltlich : <span style=\"color: #d12727;\"><a style=\"color: #d12727;\" href=\"https:\/\/www.csj-emballages.com\/es\/produit\/botella-de-plastico-pet-translucido-con-tapon-negro-25-cl-por-270\/\">25 cl<\/a><\/span> \/ <span style=\"color: #d12727;\"><a style=\"color: #d12727;\" href=\"https:\/\/www.csj-emballages.com\/es\/produit\/botella-de-plastico-pet-translucido-con-tapon-negro-33-cl-por-220\/\">33 cl<\/a> <\/span>\/ <span style=\"color: #d12727;\"><a style=\"color: #d12727;\" href=\"https:\/\/www.csj-emballages.com\/es\/produit\/botella-de-plastico-pet-translucido-con-tapon-negro-50-cl-150-unidades\/\">50 cl<\/a><\/span><\/p>\n<p>&nbsp;<\/p>\n<p><!--more--><\/p>\n<p><a href=\"https:\/\/www.csj-emballages.com\/de\/categorie-produit\/lebensmittelverpackungen\/restauration-de\/becher-glaser-eimer-flaschen\/plastikflaschen\/\">Sehen Sie sich den Rest unseres Sortiments an Plastikflaschen an<\/a><\/p>\n","protected":false},"excerpt":{"rendered":"<p>Plastikflasche Beschreibung unserer transluzenten PET Plastikflasche mit schwarzem Deckel befestigt 100 cl pro 74<\/p>\n","protected":false},"featured_media":251200,"template":"","meta":{"_acf_changed":false},"product_brand":[],"product_cat":[1137,1134,1469,1980],"product_tag":[],"class_list":{"0":"post-251208","1":"product","2":"type-product","3":"status-publish","4":"has-post-thumbnail","6":"product_cat-lebensmittelverpackungen","7":"product_cat-restauration-de","8":"product_cat-becher-glaser-eimer-flaschen","9":"product_cat-plastikflaschen","10":"product_shipping_class-verboten-in-staffeln","12":"first","13":"instock","14":"taxable","15":"shipping-taxable","16":"purchasable","17":"product-type-simple"},"acf":[],"yoast_head":"<!-- This site is optimized with the Yoast SEO Premium plugin v26.6 (Yoast SEO v26.6) - https:\/\/yoast.com\/wordpress\/plugins\/seo\/ -->\n<title>PET-Plastikflasche mit befestigtem schwarzem Verschluss 100 cl<\/title>\n<meta name=\"description\" content=\"Durchsichtige 100-cl-PET-Flasche mit befestigtem schwarzem Verschluss, widerstandsf\u00e4hig, recycelbar und ideal f\u00fcr Getr\u00e4nke zum Mitnehmen. Verpackung per 74.\" \/>\n<meta name=\"robots\" content=\"index, follow, max-snippet:-1, max-image-preview:large, max-video-preview:-1\" \/>\n<link rel=\"canonical\" href=\"https:\/\/www.csj-emballages.com\/de\/produit\/transluzente-plastikflasche-pet-mit-schwarzem-deckel-100-cl-pro-74\/\" \/>\n<meta property=\"og:locale\" content=\"de_DE\" \/>\n<meta property=\"og:type\" content=\"article\" \/>\n<meta property=\"og:title\" content=\"Transluzente Plastikflasche PET mit schwarzem Deckel 100 cl pro 74\" \/>\n<meta property=\"og:description\" content=\"Durchsichtige 100-cl-PET-Flasche mit befestigtem schwarzem Verschluss, widerstandsf\u00e4hig, recycelbar und ideal f\u00fcr Getr\u00e4nke zum Mitnehmen. Verpackung per 74.\" \/>\n<meta property=\"og:url\" content=\"https:\/\/www.csj-emballages.com\/de\/produit\/transluzente-plastikflasche-pet-mit-schwarzem-deckel-100-cl-pro-74\/\" \/>\n<meta property=\"og:site_name\" content=\"CSJ Emballages\" \/>\n<meta property=\"article:publisher\" content=\"https:\/\/www.facebook.com\/csjemballages\" \/>\n<meta property=\"article:modified_time\" content=\"2026-05-04T13:00:41+00:00\" \/>\n<meta property=\"og:image\" content=\"https:\/\/www.csj-emballages.com\/wp-content\/uploads\/2025\/10\/BOUT100.webp\" \/>\n\t<meta property=\"og:image:width\" content=\"800\" \/>\n\t<meta property=\"og:image:height\" content=\"800\" \/>\n\t<meta property=\"og:image:type\" content=\"image\/webp\" \/>\n<meta name=\"twitter:card\" content=\"summary_large_image\" \/>\n<meta name=\"twitter:label1\" content=\"Gesch\u00e4tzte Lesezeit\" \/>\n\t<meta name=\"twitter:data1\" content=\"2 Minuten\" \/>\n<script type=\"application\/ld+json\" class=\"yoast-schema-graph\">{\"@context\":\"https:\/\/schema.org\",\"@graph\":[{\"@type\":\"WebPage\",\"@id\":\"https:\/\/www.csj-emballages.com\/de\/produit\/transluzente-plastikflasche-pet-mit-schwarzem-deckel-100-cl-pro-74\/\",\"url\":\"https:\/\/www.csj-emballages.com\/de\/produit\/transluzente-plastikflasche-pet-mit-schwarzem-deckel-100-cl-pro-74\/\",\"name\":\"PET-Plastikflasche mit befestigtem schwarzem Verschluss 100 cl\",\"isPartOf\":{\"@id\":\"https:\/\/www.csj-emballages.com\/de\/#website\"},\"primaryImageOfPage\":{\"@id\":\"https:\/\/www.csj-emballages.com\/de\/produit\/transluzente-plastikflasche-pet-mit-schwarzem-deckel-100-cl-pro-74\/#primaryimage\"},\"image\":{\"@id\":\"https:\/\/www.csj-emballages.com\/de\/produit\/transluzente-plastikflasche-pet-mit-schwarzem-deckel-100-cl-pro-74\/#primaryimage\"},\"thumbnailUrl\":\"https:\/\/www.csj-emballages.com\/wp-content\/uploads\/2025\/10\/BOUT100.webp\",\"datePublished\":\"2025-10-17T13:18:17+00:00\",\"dateModified\":\"2026-05-04T13:00:41+00:00\",\"description\":\"Durchsichtige 100-cl-PET-Flasche mit befestigtem schwarzem Verschluss, widerstandsf\u00e4hig, recycelbar und ideal f\u00fcr Getr\u00e4nke zum Mitnehmen. Verpackung per 74.\",\"breadcrumb\":{\"@id\":\"https:\/\/www.csj-emballages.com\/de\/produit\/transluzente-plastikflasche-pet-mit-schwarzem-deckel-100-cl-pro-74\/#breadcrumb\"},\"inLanguage\":\"de\",\"potentialAction\":[{\"@type\":\"ReadAction\",\"target\":[\"https:\/\/www.csj-emballages.com\/de\/produit\/transluzente-plastikflasche-pet-mit-schwarzem-deckel-100-cl-pro-74\/\"]}]},{\"@type\":\"ImageObject\",\"inLanguage\":\"de\",\"@id\":\"https:\/\/www.csj-emballages.com\/de\/produit\/transluzente-plastikflasche-pet-mit-schwarzem-deckel-100-cl-pro-74\/#primaryimage\",\"url\":\"https:\/\/www.csj-emballages.com\/wp-content\/uploads\/2025\/10\/BOUT100.webp\",\"contentUrl\":\"https:\/\/www.csj-emballages.com\/wp-content\/uploads\/2025\/10\/BOUT100.webp\",\"width\":800,\"height\":800,\"caption\":\"Bouteille en plastique\"},{\"@type\":\"BreadcrumbList\",\"@id\":\"https:\/\/www.csj-emballages.com\/de\/produit\/transluzente-plastikflasche-pet-mit-schwarzem-deckel-100-cl-pro-74\/#breadcrumb\",\"itemListElement\":[{\"@type\":\"ListItem\",\"position\":1,\"name\":\"Accueil\",\"item\":\"https:\/\/www.csj-emballages.com\/de\/universum-lebensmittelverpackungen\/\"},{\"@type\":\"ListItem\",\"position\":2,\"name\":\"Shop\",\"item\":\"https:\/\/www.csj-emballages.com\/shop\/\"},{\"@type\":\"ListItem\",\"position\":3,\"name\":\"Transluzente Plastikflasche PET mit schwarzem Deckel 100 cl pro 74\"}]},{\"@type\":\"WebSite\",\"@id\":\"https:\/\/www.csj-emballages.com\/de\/#website\",\"url\":\"https:\/\/www.csj-emballages.com\/de\/\",\"name\":\"CSJ Emballages\",\"description\":\"\",\"publisher\":{\"@id\":\"https:\/\/www.csj-emballages.com\/de\/#organization\"},\"potentialAction\":[{\"@type\":\"SearchAction\",\"target\":{\"@type\":\"EntryPoint\",\"urlTemplate\":\"https:\/\/www.csj-emballages.com\/de\/?s={search_term_string}\"},\"query-input\":{\"@type\":\"PropertyValueSpecification\",\"valueRequired\":true,\"valueName\":\"search_term_string\"}}],\"inLanguage\":\"de\"},{\"@type\":\"Organization\",\"@id\":\"https:\/\/www.csj-emballages.com\/de\/#Organization\/\",\"name\":\"CSJ Emballages\",\"url\":\"https:\/\/www.csj-emballages.com\/de\/\",\"logo\":{\"@type\":\"ImageObject\",\"inLanguage\":\"de\",\"@id\":\"https:\/\/www.csj-emballages.com\/de\/#\/schema\/logo\/image\/\",\"url\":\"https:\/\/www.csj-emballages.com\/wp-content\/uploads\/2023\/10\/logo_csj.webp\",\"contentUrl\":\"https:\/\/www.csj-emballages.com\/wp-content\/uploads\/2023\/10\/logo_csj.webp\",\"width\":250,\"height\":95,\"caption\":\"CSJ Emballages\"},\"image\":{\"@id\":\"https:\/\/www.csj-emballages.com\/de\/#\/schema\/logo\/image\/\"},\"sameAs\":[\"https:\/\/www.facebook.com\/csjemballages\"],\"address\":{\"@type\":\"PostalAddress\",\"streetAddress\":\"ZI La Lechere\",\"addressLocality\":\"Patornay\",\"postalCode\":\"39130\",\"addressCountry\":\"FR\"},\"contactPoint\":[{\"@type\":\"ContactPoint\",\"contactType\":\"Service client\",\"telephone\":\"0384254272\",\"email\":\"contact@csj-emballages.com\"}]}]}<\/script>\n<!-- \/ Yoast SEO Premium plugin. -->","yoast_head_json":{"title":"PET-Plastikflasche mit befestigtem schwarzem Verschluss 100 cl","description":"Durchsichtige 100-cl-PET-Flasche mit befestigtem schwarzem Verschluss, widerstandsf\u00e4hig, recycelbar und ideal f\u00fcr Getr\u00e4nke zum Mitnehmen. Verpackung per 74.","robots":{"index":"index","follow":"follow","max-snippet":"max-snippet:-1","max-image-preview":"max-image-preview:large","max-video-preview":"max-video-preview:-1"},"canonical":"https:\/\/www.csj-emballages.com\/de\/produit\/transluzente-plastikflasche-pet-mit-schwarzem-deckel-100-cl-pro-74\/","og_locale":"de_DE","og_type":"article","og_title":"Transluzente Plastikflasche PET mit schwarzem Deckel 100 cl pro 74","og_description":"Durchsichtige 100-cl-PET-Flasche mit befestigtem schwarzem Verschluss, widerstandsf\u00e4hig, recycelbar und ideal f\u00fcr Getr\u00e4nke zum Mitnehmen. Verpackung per 74.","og_url":"https:\/\/www.csj-emballages.com\/de\/produit\/transluzente-plastikflasche-pet-mit-schwarzem-deckel-100-cl-pro-74\/","og_site_name":"CSJ Emballages","article_publisher":"https:\/\/www.facebook.com\/csjemballages","article_modified_time":"2026-05-04T13:00:41+00:00","og_image":[{"width":800,"height":800,"url":"https:\/\/www.csj-emballages.com\/wp-content\/uploads\/2025\/10\/BOUT100.webp","type":"image\/webp"}],"twitter_card":"summary_large_image","twitter_misc":{"Gesch\u00e4tzte Lesezeit":"2 Minuten"},"schema":{"@context":"https:\/\/schema.org","@graph":[{"@type":"WebPage","@id":"https:\/\/www.csj-emballages.com\/de\/produit\/transluzente-plastikflasche-pet-mit-schwarzem-deckel-100-cl-pro-74\/","url":"https:\/\/www.csj-emballages.com\/de\/produit\/transluzente-plastikflasche-pet-mit-schwarzem-deckel-100-cl-pro-74\/","name":"PET-Plastikflasche mit befestigtem schwarzem Verschluss 100 cl","isPartOf":{"@id":"https:\/\/www.csj-emballages.com\/de\/#website"},"primaryImageOfPage":{"@id":"https:\/\/www.csj-emballages.com\/de\/produit\/transluzente-plastikflasche-pet-mit-schwarzem-deckel-100-cl-pro-74\/#primaryimage"},"image":{"@id":"https:\/\/www.csj-emballages.com\/de\/produit\/transluzente-plastikflasche-pet-mit-schwarzem-deckel-100-cl-pro-74\/#primaryimage"},"thumbnailUrl":"https:\/\/www.csj-emballages.com\/wp-content\/uploads\/2025\/10\/BOUT100.webp","datePublished":"2025-10-17T13:18:17+00:00","dateModified":"2026-05-04T13:00:41+00:00","description":"Durchsichtige 100-cl-PET-Flasche mit befestigtem schwarzem Verschluss, widerstandsf\u00e4hig, recycelbar und ideal f\u00fcr Getr\u00e4nke zum Mitnehmen. Verpackung per 74.","breadcrumb":{"@id":"https:\/\/www.csj-emballages.com\/de\/produit\/transluzente-plastikflasche-pet-mit-schwarzem-deckel-100-cl-pro-74\/#breadcrumb"},"inLanguage":"de","potentialAction":[{"@type":"ReadAction","target":["https:\/\/www.csj-emballages.com\/de\/produit\/transluzente-plastikflasche-pet-mit-schwarzem-deckel-100-cl-pro-74\/"]}]},{"@type":"ImageObject","inLanguage":"de","@id":"https:\/\/www.csj-emballages.com\/de\/produit\/transluzente-plastikflasche-pet-mit-schwarzem-deckel-100-cl-pro-74\/#primaryimage","url":"https:\/\/www.csj-emballages.com\/wp-content\/uploads\/2025\/10\/BOUT100.webp","contentUrl":"https:\/\/www.csj-emballages.com\/wp-content\/uploads\/2025\/10\/BOUT100.webp","width":800,"height":800,"caption":"Bouteille en plastique"},{"@type":"BreadcrumbList","@id":"https:\/\/www.csj-emballages.com\/de\/produit\/transluzente-plastikflasche-pet-mit-schwarzem-deckel-100-cl-pro-74\/#breadcrumb","itemListElement":[{"@type":"ListItem","position":1,"name":"Accueil","item":"https:\/\/www.csj-emballages.com\/de\/universum-lebensmittelverpackungen\/"},{"@type":"ListItem","position":2,"name":"Shop","item":"https:\/\/www.csj-emballages.com\/shop\/"},{"@type":"ListItem","position":3,"name":"Transluzente Plastikflasche PET mit schwarzem Deckel 100 cl pro 74"}]},{"@type":"WebSite","@id":"https:\/\/www.csj-emballages.com\/de\/#website","url":"https:\/\/www.csj-emballages.com\/de\/","name":"CSJ Emballages","description":"","publisher":{"@id":"https:\/\/www.csj-emballages.com\/de\/#organization"},"potentialAction":[{"@type":"SearchAction","target":{"@type":"EntryPoint","urlTemplate":"https:\/\/www.csj-emballages.com\/de\/?s={search_term_string}"},"query-input":{"@type":"PropertyValueSpecification","valueRequired":true,"valueName":"search_term_string"}}],"inLanguage":"de"},{"@type":"Organization","@id":"https:\/\/www.csj-emballages.com\/de\/#Organization\/","name":"CSJ Emballages","url":"https:\/\/www.csj-emballages.com\/de\/","logo":{"@type":"ImageObject","inLanguage":"de","@id":"https:\/\/www.csj-emballages.com\/de\/#\/schema\/logo\/image\/","url":"https:\/\/www.csj-emballages.com\/wp-content\/uploads\/2023\/10\/logo_csj.webp","contentUrl":"https:\/\/www.csj-emballages.com\/wp-content\/uploads\/2023\/10\/logo_csj.webp","width":250,"height":95,"caption":"CSJ Emballages"},"image":{"@id":"https:\/\/www.csj-emballages.com\/de\/#\/schema\/logo\/image\/"},"sameAs":["https:\/\/www.facebook.com\/csjemballages"],"address":{"@type":"PostalAddress","streetAddress":"ZI La Lechere","addressLocality":"Patornay","postalCode":"39130","addressCountry":"FR"},"contactPoint":[{"@type":"ContactPoint","contactType":"Service client","telephone":"0384254272","email":"contact@csj-emballages.com"}]}]}},"df_price":31.66,"df_sale_price":"","df_regular_price":31.66,"df_image_link":"https:\/\/www.csj-emballages.com\/wp-content\/uploads\/2025\/10\/BOUT100-300x300.webp","tiered_pricing_type":"fixed","tiered_pricing_fixed_rules":[],"tiered_pricing_percentage_rules":[],"tiered_pricing_minimum":1,"tiered_pricing_roles_data":[],"_links":{"self":[{"href":"https:\/\/www.csj-emballages.com\/de\/wp-json\/wp\/v2\/product\/251208","targetHints":{"allow":["GET"]}}],"collection":[{"href":"https:\/\/www.csj-emballages.com\/de\/wp-json\/wp\/v2\/product"}],"about":[{"href":"https:\/\/www.csj-emballages.com\/de\/wp-json\/wp\/v2\/types\/product"}],"wp:featuredmedia":[{"embeddable":true,"href":"https:\/\/www.csj-emballages.com\/de\/wp-json\/wp\/v2\/media\/251200"}],"wp:attachment":[{"href":"https:\/\/www.csj-emballages.com\/de\/wp-json\/wp\/v2\/media?parent=251208"}],"wp:term":[{"taxonomy":"product_brand","embeddable":true,"href":"https:\/\/www.csj-emballages.com\/de\/wp-json\/wp\/v2\/product_brand?post=251208"},{"taxonomy":"product_cat","embeddable":true,"href":"https:\/\/www.csj-emballages.com\/de\/wp-json\/wp\/v2\/product_cat?post=251208"},{"taxonomy":"product_tag","embeddable":true,"href":"https:\/\/www.csj-emballages.com\/de\/wp-json\/wp\/v2\/product_tag?post=251208"}],"curies":[{"name":"wp","href":"https:\/\/api.w.org\/{rel}","templated":true}]}}