{"id":250479,"date":"2025-09-17T16:18:22","date_gmt":"2025-09-17T14:18:22","guid":{"rendered":"https:\/\/www.csj-emballages.com\/produit\/ballotin-schokolade-375-gramm-mit-kartonboden-pro-10\/"},"modified":"2026-04-18T02:10:59","modified_gmt":"2026-04-18T00:10:59","slug":"ballotin-schokolade-375-gramm-mit-kartonboden-pro-10","status":"publish","type":"product","link":"https:\/\/www.csj-emballages.com\/de\/produit\/ballotin-schokolade-375-gramm-mit-kartonboden-pro-10\/","title":{"rendered":"Ballotin Schokolade 375 Gramm pro 10"},"content":{"rendered":"<h2 class=\"p1\">Ballotin Schokolade<\/h2>\n<hr>\n<h3>Beschreibung von unserem Ballotin Schokolade 375 Gramm pro 10<\/h3>\n<p><!--more--><\/p>\n<p data-start=\"168\" data-end=\"564\">Entdecken Sie unsere <strong data-start=\"184\" data-end=\"234\">375-Gramm-Pralinenschachtel<\/strong>, eine <strong data-start=\"240\" data-end=\"268\">elegante Verpackung<\/strong>, perfekt, um Ihre <strong data-start=\"297\" data-end=\"309\">Pralinen<\/strong>, <strong data-start=\"311\" data-end=\"322\">Tr\u00fcffel<\/strong> oder <strong data-start=\"327\" data-end=\"354\">handwerklichen Konfekt<\/strong> zu veredeln. Speziell f\u00fcr <strong data-start=\"384\" data-end=\"421\">Chocolatiers<\/strong> konzipiert, garantiert diese <strong>Pralinenschachtel<\/strong> eine sorgf\u00e4ltige und sichere Pr\u00e4sentation Ihrer K\u00f6stlichkeiten.<\/p>\n<p data-start=\"566\" data-end=\"995\">Hergestellt aus <strong data-start=\"589\" data-end=\"622\">dickem Karton<\/strong>, gew\u00e4hrleistet er einen guten Schutz Ihrer Produkte, wobei deren Frische und urspr\u00fcngliches Aussehen erhalten bleiben. Sein <strong data-start=\"742\" data-end=\"760\">Steckboden<\/strong> erleichtert den Aufbau, ohne Klebstoff oder Aufwand, f\u00fcr eine wertvolle Zeitersparnis im Alltag. Zudem ist ihr kompaktes Format von <strong>375 Gramm<\/strong> ideal f\u00fcr Schokoladen-Sortimente oder als Feinschmeckergeschenke f\u00fcr jeden Anlass.<\/p>\n<p data-start=\"997\" data-end=\"1327\">Dank seines <strong data-start=\"1009\" data-end=\"1043\">durchdachten und professionellen Designs<\/strong> wird diese <strong>Pralinenschachtel<\/strong> Ihre Kreationen hervorheben und gleichzeitig das qualitative Image Ihrer Marke widerspiegeln. Ob f\u00fcr <strong data-start=\"1162\" data-end=\"1190\">die Feiertage zum Jahresende<\/strong>, <strong data-start=\"1192\" data-end=\"1202\">Ostern<\/strong> oder einfach, um Ihre Kunden zu begeistern, wird dieser Beh\u00e4lter schnell zu einem <strong data-start=\"1279\" data-end=\"1296\">unverzichtbaren Bestandteil<\/strong> Ihres Verpackungssortiments.<\/p>\n<p data-start=\"1329\" data-end=\"1591\">Zusammenfassend ist diese <strong>Pralinenschachtel<\/strong> die perfekte Kombination aus <strong data-start=\"1385\" data-end=\"1399\">\u00c4sthetik<\/strong>, <strong data-start=\"1401\" data-end=\"1413\">Stabilit\u00e4t<\/strong> und <strong data-start=\"1418\" data-end=\"1444\">Benutzerfreundlichkeit<\/strong>. Mit ihrem verst\u00e4rkten Boden und ihrem robusten Material h\u00e4lt sie dem Transport problemlos stand und sch\u00fctzt Ihre Pralinen vor St\u00f6\u00dfen und Temperaturschwankungen.<\/p>\n<p data-start=\"1378\" data-end=\"1605\"><!--more--><\/p>\n<h4 data-start=\"1378\" data-end=\"1605\">Vorteile :<\/h4>\n<ul>\n<li data-start=\"1634\" data-end=\"1718\"><strong data-start=\"1636\" data-end=\"1663\">Starker, dicker Karton<\/strong>: Sorgt f\u00fcr den Schutz von Schokolade und S\u00fc\u00dfwaren.<\/li>\n<li data-start=\"1721\" data-end=\"1773\"><strong data-start=\"1723\" data-end=\"1741\">Klippbarer Boden<\/strong>: schnelle Montage, kein Klebstoff erforderlich.<\/li>\n<li data-start=\"1776\" data-end=\"1859\"><strong data-start=\"1778\" data-end=\"1799\">375 g Fassungsverm\u00f6gen<\/strong>: ideales Format f\u00fcr Zusammenstellungen oder Geschenkboxen.<\/li>\n<li data-start=\"1862\" data-end=\"1930\"><strong data-start=\"1864\" data-end=\"1888\">Gepflegte Pr\u00e4sentation<\/strong>: Bringt Ihre Feinschmeckerprodukte zur Geltung.<\/li>\n<li data-start=\"1933\" data-end=\"2007\"><strong data-start=\"1935\" data-end=\"1957\">Verpackt in 10er-Packungen<\/strong>: praktisch f\u00fcr Handwerker und Profis.<\/li>\n<\/ul>\n<p>&nbsp;<\/p>\n<p><!--more--><\/p>\n<h4>Weitere Informationen :<\/h4>\n<ul>\n<li><strong>Verpackung<\/strong>: Packung mit 10 St\u00fcck<\/li>\n<li><strong>Abmessungen<\/strong>: 125 x 80 x 55 mm<\/li>\n<li><strong>Material<\/strong>: Karton<\/li>\n<li><strong>Fassungsverm\u00f6gen<\/strong>: 375 Gramm<\/li>\n<li><strong>Farbe<\/strong>: Schokolade<\/li>\n<\/ul>\n<p>&nbsp;<\/p>\n<p><!--more--><\/p>\n<p>Dieses Schokoballotin ist in verschiedenen Gr\u00f6\u00dfen erh\u00e4ltlich : <span style=\"color: #d12727;\"><a style=\"color: #d12727;\" href=\"https:\/\/www.csj-emballages.com\/produit\/ballotin-chocolat-250-grammes-avec-fond-carton-115-x-75-x-50-mm-par-10\/\">250g<\/a><\/span> \/ <span style=\"color: #d12727;\"><a style=\"color: #d12727;\" href=\"https:\/\/www.csj-emballages.com\/produit\/ballotin-chocolat-500-grammes-avec-fond-carton-140-x-90-x-60-mm-par-10\/\">500g<\/a><\/span> \/ <span style=\"color: #d12727;\"><a style=\"color: #d12727;\" href=\"https:\/\/www.csj-emballages.com\/produit\/ballotin-chocolat-750-grammes-avce-fond-carton-par-10\/\">750g<\/a><\/span><\/p>\n<p>&nbsp;<\/p>\n<p><!--more--><\/p>\n<p><a href=\"\/?product_cat=ballotins\">Sehen Sie sich den Rest unseres Sortiments an Ballotins an<\/a><\/p>\n","protected":false},"excerpt":{"rendered":"<p>Ballotin Schokolade Beschreibung von unserem Ballotin Schokolade 375 Gramm pro 10<\/p>\n","protected":false},"featured_media":250474,"template":"","meta":{"_acf_changed":false},"product_brand":[],"product_cat":[1137,1171,3964,2054,9887],"product_tag":[],"class_list":{"0":"post-250479","1":"product","2":"type-product","3":"status-publish","4":"has-post-thumbnail","6":"product_cat-lebensmittelverpackungen","7":"product_cat-backerei-und-konditorei","8":"product_cat-schachteln-und-etuis","9":"product_cat-schachteln-mit-ballotins","10":"product_cat-ballotins-schokolade","12":"first","13":"instock","14":"taxable","15":"shipping-taxable","16":"purchasable","17":"product-type-simple"},"acf":[],"yoast_head":"<!-- This site is optimized with the Yoast SEO Premium plugin v26.6 (Yoast SEO v26.6) - https:\/\/yoast.com\/wordpress\/plugins\/seo\/ -->\n<title>Ballotin Schokolade 375 Gramm pro 10<\/title>\n<meta name=\"description\" content=\"Ballotin Schokolade 375 g aus dickem Karton mit anklippbarem Boden. Ideal, um Ihre k\u00f6stlichen kleinen Pralinen zu pr\u00e4sentieren. Verkauft in Packungen mit 10 St\u00fcck.\" \/>\n<meta name=\"robots\" content=\"index, follow, max-snippet:-1, max-image-preview:large, max-video-preview:-1\" \/>\n<link rel=\"canonical\" href=\"https:\/\/www.csj-emballages.com\/de\/produit\/ballotin-schokolade-375-gramm-mit-kartonboden-pro-10\/\" \/>\n<meta property=\"og:locale\" content=\"de_DE\" \/>\n<meta property=\"og:type\" content=\"article\" \/>\n<meta property=\"og:title\" content=\"Ballotin Schokolade 375 Gramm pro 10\" \/>\n<meta property=\"og:description\" content=\"Ballotin Schokolade 375 g aus dickem Karton mit anklippbarem Boden. Ideal, um Ihre k\u00f6stlichen kleinen Pralinen zu pr\u00e4sentieren. Verkauft in Packungen mit 10 St\u00fcck.\" \/>\n<meta property=\"og:url\" content=\"https:\/\/www.csj-emballages.com\/de\/produit\/ballotin-schokolade-375-gramm-mit-kartonboden-pro-10\/\" \/>\n<meta property=\"og:site_name\" content=\"CSJ Emballages\" \/>\n<meta property=\"article:publisher\" content=\"https:\/\/www.facebook.com\/csjemballages\" \/>\n<meta property=\"article:modified_time\" content=\"2026-04-18T00:10:59+00:00\" \/>\n<meta property=\"og:image\" content=\"https:\/\/www.csj-emballages.com\/wp-content\/uploads\/2025\/09\/119154.webp\" \/>\n\t<meta property=\"og:image:width\" content=\"800\" \/>\n\t<meta property=\"og:image:height\" content=\"800\" \/>\n\t<meta property=\"og:image:type\" content=\"image\/jpeg\" \/>\n<meta name=\"twitter:card\" content=\"summary_large_image\" \/>\n<meta name=\"twitter:label1\" content=\"Gesch\u00e4tzte Lesezeit\" \/>\n\t<meta name=\"twitter:data1\" content=\"1\u00a0Minute\" \/>\n<script type=\"application\/ld+json\" class=\"yoast-schema-graph\">{\"@context\":\"https:\/\/schema.org\",\"@graph\":[{\"@type\":\"WebPage\",\"@id\":\"https:\/\/www.csj-emballages.com\/de\/produit\/ballotin-schokolade-375-gramm-mit-kartonboden-pro-10\/\",\"url\":\"https:\/\/www.csj-emballages.com\/de\/produit\/ballotin-schokolade-375-gramm-mit-kartonboden-pro-10\/\",\"name\":\"Ballotin Schokolade 375 Gramm pro 10\",\"isPartOf\":{\"@id\":\"https:\/\/www.csj-emballages.com\/de\/#website\"},\"primaryImageOfPage\":{\"@id\":\"https:\/\/www.csj-emballages.com\/de\/produit\/ballotin-schokolade-375-gramm-mit-kartonboden-pro-10\/#primaryimage\"},\"image\":{\"@id\":\"https:\/\/www.csj-emballages.com\/de\/produit\/ballotin-schokolade-375-gramm-mit-kartonboden-pro-10\/#primaryimage\"},\"thumbnailUrl\":\"https:\/\/www.csj-emballages.com\/wp-content\/uploads\/2025\/09\/119154.webp\",\"datePublished\":\"2025-09-17T14:18:22+00:00\",\"dateModified\":\"2026-04-18T00:10:59+00:00\",\"description\":\"Ballotin Schokolade 375 g aus dickem Karton mit anklippbarem Boden. Ideal, um Ihre k\u00f6stlichen kleinen Pralinen zu pr\u00e4sentieren. Verkauft in Packungen mit 10 St\u00fcck.\",\"breadcrumb\":{\"@id\":\"https:\/\/www.csj-emballages.com\/de\/produit\/ballotin-schokolade-375-gramm-mit-kartonboden-pro-10\/#breadcrumb\"},\"inLanguage\":\"de\",\"potentialAction\":[{\"@type\":\"ReadAction\",\"target\":[\"https:\/\/www.csj-emballages.com\/de\/produit\/ballotin-schokolade-375-gramm-mit-kartonboden-pro-10\/\"]}]},{\"@type\":\"ImageObject\",\"inLanguage\":\"de\",\"@id\":\"https:\/\/www.csj-emballages.com\/de\/produit\/ballotin-schokolade-375-gramm-mit-kartonboden-pro-10\/#primaryimage\",\"url\":\"https:\/\/www.csj-emballages.com\/wp-content\/uploads\/2025\/09\/119154.webp\",\"contentUrl\":\"https:\/\/www.csj-emballages.com\/wp-content\/uploads\/2025\/09\/119154.webp\",\"width\":800,\"height\":800,\"caption\":\"Screenshot\"},{\"@type\":\"BreadcrumbList\",\"@id\":\"https:\/\/www.csj-emballages.com\/de\/produit\/ballotin-schokolade-375-gramm-mit-kartonboden-pro-10\/#breadcrumb\",\"itemListElement\":[{\"@type\":\"ListItem\",\"position\":1,\"name\":\"Accueil\",\"item\":\"https:\/\/www.csj-emballages.com\/de\/universum-lebensmittelverpackungen\/\"},{\"@type\":\"ListItem\",\"position\":2,\"name\":\"Shop\",\"item\":\"https:\/\/www.csj-emballages.com\/shop\/\"},{\"@type\":\"ListItem\",\"position\":3,\"name\":\"Ballotin Schokolade 375 Gramm pro 10\"}]},{\"@type\":\"WebSite\",\"@id\":\"https:\/\/www.csj-emballages.com\/de\/#website\",\"url\":\"https:\/\/www.csj-emballages.com\/de\/\",\"name\":\"CSJ Emballages\",\"description\":\"\",\"publisher\":{\"@id\":\"https:\/\/www.csj-emballages.com\/de\/#organization\"},\"potentialAction\":[{\"@type\":\"SearchAction\",\"target\":{\"@type\":\"EntryPoint\",\"urlTemplate\":\"https:\/\/www.csj-emballages.com\/de\/?s={search_term_string}\"},\"query-input\":{\"@type\":\"PropertyValueSpecification\",\"valueRequired\":true,\"valueName\":\"search_term_string\"}}],\"inLanguage\":\"de\"},{\"@type\":\"Organization\",\"@id\":\"https:\/\/www.csj-emballages.com\/de\/#Organization\/\",\"name\":\"CSJ Emballages\",\"url\":\"https:\/\/www.csj-emballages.com\/de\/\",\"logo\":{\"@type\":\"ImageObject\",\"inLanguage\":\"de\",\"@id\":\"https:\/\/www.csj-emballages.com\/de\/#\/schema\/logo\/image\/\",\"url\":\"https:\/\/www.csj-emballages.com\/wp-content\/uploads\/2023\/10\/logo_csj.webp\",\"contentUrl\":\"https:\/\/www.csj-emballages.com\/wp-content\/uploads\/2023\/10\/logo_csj.webp\",\"width\":250,\"height\":95,\"caption\":\"CSJ Emballages\"},\"image\":{\"@id\":\"https:\/\/www.csj-emballages.com\/de\/#\/schema\/logo\/image\/\"},\"sameAs\":[\"https:\/\/www.facebook.com\/csjemballages\"],\"address\":{\"@type\":\"PostalAddress\",\"streetAddress\":\"ZI La Lechere\",\"addressLocality\":\"Patornay\",\"postalCode\":\"39130\",\"addressCountry\":\"FR\"},\"contactPoint\":[{\"@type\":\"ContactPoint\",\"contactType\":\"Service client\",\"telephone\":\"0384254272\",\"email\":\"contact@csj-emballages.com\"}]}]}<\/script>\n<!-- \/ Yoast SEO Premium plugin. -->","yoast_head_json":{"title":"Ballotin Schokolade 375 Gramm pro 10","description":"Ballotin Schokolade 375 g aus dickem Karton mit anklippbarem Boden. Ideal, um Ihre k\u00f6stlichen kleinen Pralinen zu pr\u00e4sentieren. Verkauft in Packungen mit 10 St\u00fcck.","robots":{"index":"index","follow":"follow","max-snippet":"max-snippet:-1","max-image-preview":"max-image-preview:large","max-video-preview":"max-video-preview:-1"},"canonical":"https:\/\/www.csj-emballages.com\/de\/produit\/ballotin-schokolade-375-gramm-mit-kartonboden-pro-10\/","og_locale":"de_DE","og_type":"article","og_title":"Ballotin Schokolade 375 Gramm pro 10","og_description":"Ballotin Schokolade 375 g aus dickem Karton mit anklippbarem Boden. Ideal, um Ihre k\u00f6stlichen kleinen Pralinen zu pr\u00e4sentieren. Verkauft in Packungen mit 10 St\u00fcck.","og_url":"https:\/\/www.csj-emballages.com\/de\/produit\/ballotin-schokolade-375-gramm-mit-kartonboden-pro-10\/","og_site_name":"CSJ Emballages","article_publisher":"https:\/\/www.facebook.com\/csjemballages","article_modified_time":"2026-04-18T00:10:59+00:00","og_image":[{"width":800,"height":800,"url":"https:\/\/www.csj-emballages.com\/wp-content\/uploads\/2025\/09\/119154.webp","type":"image\/jpeg"}],"twitter_card":"summary_large_image","twitter_misc":{"Gesch\u00e4tzte Lesezeit":"1\u00a0Minute"},"schema":{"@context":"https:\/\/schema.org","@graph":[{"@type":"WebPage","@id":"https:\/\/www.csj-emballages.com\/de\/produit\/ballotin-schokolade-375-gramm-mit-kartonboden-pro-10\/","url":"https:\/\/www.csj-emballages.com\/de\/produit\/ballotin-schokolade-375-gramm-mit-kartonboden-pro-10\/","name":"Ballotin Schokolade 375 Gramm pro 10","isPartOf":{"@id":"https:\/\/www.csj-emballages.com\/de\/#website"},"primaryImageOfPage":{"@id":"https:\/\/www.csj-emballages.com\/de\/produit\/ballotin-schokolade-375-gramm-mit-kartonboden-pro-10\/#primaryimage"},"image":{"@id":"https:\/\/www.csj-emballages.com\/de\/produit\/ballotin-schokolade-375-gramm-mit-kartonboden-pro-10\/#primaryimage"},"thumbnailUrl":"https:\/\/www.csj-emballages.com\/wp-content\/uploads\/2025\/09\/119154.webp","datePublished":"2025-09-17T14:18:22+00:00","dateModified":"2026-04-18T00:10:59+00:00","description":"Ballotin Schokolade 375 g aus dickem Karton mit anklippbarem Boden. Ideal, um Ihre k\u00f6stlichen kleinen Pralinen zu pr\u00e4sentieren. Verkauft in Packungen mit 10 St\u00fcck.","breadcrumb":{"@id":"https:\/\/www.csj-emballages.com\/de\/produit\/ballotin-schokolade-375-gramm-mit-kartonboden-pro-10\/#breadcrumb"},"inLanguage":"de","potentialAction":[{"@type":"ReadAction","target":["https:\/\/www.csj-emballages.com\/de\/produit\/ballotin-schokolade-375-gramm-mit-kartonboden-pro-10\/"]}]},{"@type":"ImageObject","inLanguage":"de","@id":"https:\/\/www.csj-emballages.com\/de\/produit\/ballotin-schokolade-375-gramm-mit-kartonboden-pro-10\/#primaryimage","url":"https:\/\/www.csj-emballages.com\/wp-content\/uploads\/2025\/09\/119154.webp","contentUrl":"https:\/\/www.csj-emballages.com\/wp-content\/uploads\/2025\/09\/119154.webp","width":800,"height":800,"caption":"Screenshot"},{"@type":"BreadcrumbList","@id":"https:\/\/www.csj-emballages.com\/de\/produit\/ballotin-schokolade-375-gramm-mit-kartonboden-pro-10\/#breadcrumb","itemListElement":[{"@type":"ListItem","position":1,"name":"Accueil","item":"https:\/\/www.csj-emballages.com\/de\/universum-lebensmittelverpackungen\/"},{"@type":"ListItem","position":2,"name":"Shop","item":"https:\/\/www.csj-emballages.com\/shop\/"},{"@type":"ListItem","position":3,"name":"Ballotin Schokolade 375 Gramm pro 10"}]},{"@type":"WebSite","@id":"https:\/\/www.csj-emballages.com\/de\/#website","url":"https:\/\/www.csj-emballages.com\/de\/","name":"CSJ Emballages","description":"","publisher":{"@id":"https:\/\/www.csj-emballages.com\/de\/#organization"},"potentialAction":[{"@type":"SearchAction","target":{"@type":"EntryPoint","urlTemplate":"https:\/\/www.csj-emballages.com\/de\/?s={search_term_string}"},"query-input":{"@type":"PropertyValueSpecification","valueRequired":true,"valueName":"search_term_string"}}],"inLanguage":"de"},{"@type":"Organization","@id":"https:\/\/www.csj-emballages.com\/de\/#Organization\/","name":"CSJ Emballages","url":"https:\/\/www.csj-emballages.com\/de\/","logo":{"@type":"ImageObject","inLanguage":"de","@id":"https:\/\/www.csj-emballages.com\/de\/#\/schema\/logo\/image\/","url":"https:\/\/www.csj-emballages.com\/wp-content\/uploads\/2023\/10\/logo_csj.webp","contentUrl":"https:\/\/www.csj-emballages.com\/wp-content\/uploads\/2023\/10\/logo_csj.webp","width":250,"height":95,"caption":"CSJ Emballages"},"image":{"@id":"https:\/\/www.csj-emballages.com\/de\/#\/schema\/logo\/image\/"},"sameAs":["https:\/\/www.facebook.com\/csjemballages"],"address":{"@type":"PostalAddress","streetAddress":"ZI La Lechere","addressLocality":"Patornay","postalCode":"39130","addressCountry":"FR"},"contactPoint":[{"@type":"ContactPoint","contactType":"Service client","telephone":"0384254272","email":"contact@csj-emballages.com"}]}]}},"df_price":6.23,"df_sale_price":"","df_regular_price":6.23,"df_image_link":"https:\/\/www.csj-emballages.com\/wp-content\/uploads\/2025\/09\/119154-300x300.webp","tiered_pricing_type":"fixed","tiered_pricing_fixed_rules":[],"tiered_pricing_percentage_rules":[],"tiered_pricing_minimum":1,"tiered_pricing_roles_data":[],"_links":{"self":[{"href":"https:\/\/www.csj-emballages.com\/de\/wp-json\/wp\/v2\/product\/250479","targetHints":{"allow":["GET"]}}],"collection":[{"href":"https:\/\/www.csj-emballages.com\/de\/wp-json\/wp\/v2\/product"}],"about":[{"href":"https:\/\/www.csj-emballages.com\/de\/wp-json\/wp\/v2\/types\/product"}],"wp:featuredmedia":[{"embeddable":true,"href":"https:\/\/www.csj-emballages.com\/de\/wp-json\/wp\/v2\/media\/250474"}],"wp:attachment":[{"href":"https:\/\/www.csj-emballages.com\/de\/wp-json\/wp\/v2\/media?parent=250479"}],"wp:term":[{"taxonomy":"product_brand","embeddable":true,"href":"https:\/\/www.csj-emballages.com\/de\/wp-json\/wp\/v2\/product_brand?post=250479"},{"taxonomy":"product_cat","embeddable":true,"href":"https:\/\/www.csj-emballages.com\/de\/wp-json\/wp\/v2\/product_cat?post=250479"},{"taxonomy":"product_tag","embeddable":true,"href":"https:\/\/www.csj-emballages.com\/de\/wp-json\/wp\/v2\/product_tag?post=250479"}],"curies":[{"name":"wp","href":"https:\/\/api.w.org\/{rel}","templated":true}]}}