{"id":249252,"date":"2025-09-19T17:18:48","date_gmt":"2025-09-19T15:18:48","guid":{"rendered":"https:\/\/www.csj-emballages.com\/produit\/karton-fuer-2-flaschen-bordeaux-mit-integriertem-griff-180-x-90-x-385-mm-pro-5\/"},"modified":"2026-04-18T02:11:29","modified_gmt":"2026-04-18T00:11:29","slug":"karton-fuer-2-flaschen-bordeaux-mit-integriertem-griff-180-x-90-x-385-mm-pro-5","status":"publish","type":"product","link":"https:\/\/www.csj-emballages.com\/de\/produit\/karton-fuer-2-flaschen-bordeaux-mit-integriertem-griff-180-x-90-x-385-mm-pro-5\/","title":{"rendered":"Karton f\u00fcr 2 Flaschen Bordeaux mit integriertem Griff 180 x 90 x 385 mm pro 5"},"content":{"rendered":"<h2 class=\"p1\">Bordeauxfarbenes Flaschenetui<\/h2>\n<hr>\n<h3>Beschreibung unseres Etuis f\u00fcr 2 Flaschen Bordeaux Karton mit integriertem Griff 180 x 90 x 385 mm per 5<\/h3>\n<p><!--more--><\/p>\n<p data-start=\"103\" data-end=\"557\">Bieten Sie Ihren Flaschen eine elegante und professionelle Pr\u00e4sentation mit diesem <strong data-start=\"181\" data-end=\"221\">Kartonetui f\u00fcr 2 Bordeauxflaschen<\/strong>. Dank seines <strong data-start=\"375\" data-end=\"409\">stabilen Kartons<\/strong> bietet er guten Schutz w\u00e4hrend des Transports und pr\u00e4sentiert gleichzeitig die Flaschen in Ihren Regalen oder bei Ihren Abholverk\u00e4ufen.<\/p>\n<p data-start=\"559\" data-end=\"872\">Dieser <strong data-start=\"563\" data-end=\"593\">Karton mit integriertem Griff<\/strong> ist ideal f\u00fcr Weinh\u00e4ndler, Winzer oder Feinkostl\u00e4den, die ihren Kunden eine zugleich <strong data-start=\"730\" data-end=\"755\">funktionale und ansprechende<\/strong> Verpackung bieten m\u00f6chten. Der direkt in den Karton <strong data-start=\"760\" data-end=\"780\">geschnittene Griff<\/strong> erleichtert die Handhabung und macht den Transport einfach und sicher.<\/p>\n<p data-start=\"874\" data-end=\"1154\">Ebenso sind die <strong data-start=\"887\" data-end=\"909\">ausgeschnittenen Fenster<\/strong> nicht nur \u00e4sthetisch: Sie dienen auch als <strong data-start=\"973\" data-end=\"988\">Trennw\u00e4nde<\/strong> zwischen den zwei Flaschen, wodurch St\u00f6\u00dfe w\u00e4hrend der Handhabung vermieden werden. So bleibt jede Flasche sicher an ihrem Platz, f\u00fcr ein makelloses Erscheinungsbild bis zur Verkostung.<\/p>\n<p data-start=\"1156\" data-end=\"1483\">Sein <strong data-start=\"1159\" data-end=\"1188\">schicker <\/strong><strong data-start=\"1159\" data-end=\"1188\">und warmer Bordeaux-Farbton<\/strong> hebt das Produkt hervor, ohne die Aufmerksamkeit abzulenken, perfekt f\u00fcr Geschenksets, Event-Verk\u00e4ufe oder lokale M\u00e4rkte. Der Karton wird <strong data-start=\"1347\" data-end=\"1363\">im 5er-Pack<\/strong> geliefert, praktisch f\u00fcr Profis, die ihre Best\u00e4nde effizient verwalten m\u00f6chten, ohne ihren Lagerplatz zu \u00fcberf\u00fcllen.<\/p>\n<p data-start=\"1485\" data-end=\"1738\">Kurz gesagt, dieses <strong data-start=\"1500\" data-end=\"1552\">Etui f\u00fcr 2 Bordeauxflaschen mit integriertem Griff<\/strong> ist die ideale L\u00f6sung, um Schutz, Pr\u00e4sentation und einfachen Transport zu kombinieren. Eine kluge Wahl f\u00fcr diejenigen, die Eleganz und Praktikabilit\u00e4t im Alltag verbinden m\u00f6chten.<\/p>\n<p data-start=\"1378\" data-end=\"1605\"><!--more--><\/p>\n<h4 data-start=\"1378\" data-end=\"1605\">Vorteile :<\/h4>\n<ul>\n<li data-start=\"1782\" data-end=\"1852\"><strong data-start=\"1782\" data-end=\"1812\">Starker, fester Karton,<\/strong> der sich perfekt zum Schutz von Flaschen eignet.<\/li>\n<li data-start=\"1855\" data-end=\"1914\"><strong data-start=\"1855\" data-end=\"1875\">Integrierter Griff<\/strong> f\u00fcr einen einfachen und sicheren Transport.<\/li>\n<li data-start=\"1917\" data-end=\"1985\"><strong data-start=\"1917\" data-end=\"1939\">Ausgeschnittene Fenster<\/strong>, die als Trennw\u00e4nde zwischen den Flaschen dienen.<\/li>\n<li data-start=\"1988\" data-end=\"2060\"><strong data-start=\"1988\" data-end=\"2015\">Warmes und schickes Design<\/strong>, ideal f\u00fcr Geschenke oder Direktverk\u00e4ufe.<\/li>\n<li data-start=\"2063\" data-end=\"2125\"><strong data-start=\"2063\" data-end=\"2080\">Format<\/strong> f\u00fcr Bordeaux- und Burgunderflaschen <strong data-start=\"2063\" data-end=\"2080\">geeignet<\/strong>.<\/li>\n<li data-start=\"2128\" data-end=\"2185\"><strong data-start=\"2128\" data-end=\"2149\">Zu 5 St\u00fcck verpackt<\/strong>, praktisch f\u00fcr den professionellen Gebrauch.<\/li>\n<\/ul>\n<p>&nbsp;<\/p>\n<p><!--more--><\/p>\n<h4>Weitere Informationen :<\/h4>\n<ul>\n<li><strong>Verpackung<\/strong>: Packung mit 5 St\u00fcck<\/li>\n<li><strong>Ma\u00dfe<\/strong>: 180 x 90 x 385 mm<\/li>\n<li><strong>Material<\/strong>: Karton<\/li>\n<li><strong>Kapazit\u00e4t<\/strong>: 2 Flaschen<\/li>\n<li><strong>Farbe<\/strong>: Bordeaux<\/li>\n<\/ul>\n<p>&nbsp;<\/p>\n<p><!--more--><\/p>\n<p>Dieses bordeauxrote Etui f\u00fcr 2 Flaschen gibt es in verschiedenen Ausf\u00fchrungen: <span style=\"color: #d12727;\"><a style=\"color: #d12727;\" href=\"https:\/\/www.csj-emballages.com\/produit\/etui-a-bouteille-bordeaux-carton-avec-poignee-90-x-90-x-384-mm-par-5\/\">1 Flasche<\/a><\/span> \/ <span style=\"color: #d12727;\"><a style=\"color: #d12727;\" href=\"https:\/\/www.csj-emballages.com\/es\/produit\/estuche-de-carton-burdeos-de-3-botellas-con-asa-integrada-270-x-90-x-385-mm-paquete-de-5\/\">3 Flaschen<\/a><\/span><\/p>\n<p>&nbsp;<\/p>\n<p><!--more--><\/p>\n<p>Hier finden Sie alle verf\u00fcgbaren Farben f\u00fcr dieses Etui f\u00fcr 2 Flaschen : <span style=\"color: #d12727;\"><a style=\"color: #d12727;\" href=\"https:\/\/www.csj-emballages.com\/es\/produit\/estuche-de-carton-negro-para-2-botellas-con-asa-integrada-180-x-90-x-385-mm-paquete-de-5\/\">Schwarz<\/a><\/span><span style=\"color: #d12727;\"> <\/span>\/ <span style=\"color: #d12727;\"><a style=\"color: #d12727;\" href=\"https:\/\/www.csj-emballages.com\/es\/produit\/estuche-de-carton-blanco-de-2-botellas-con-asa-integrada-180-x-90-x-385-mm-paquete-de-5\/\">Wei\u00df<\/a> <\/span>\/ <span style=\"color: #d12727;\"><a style=\"color: #d12727;\" href=\"https:\/\/www.csj-emballages.com\/es\/produit\/estuche-de-carton-verde-oliva-de-2-botellas-con-asa-integrada-180-x-90-x-385-mm-paquete-de-5\/\">Olivgr\u00fcn<\/a> <\/span>\/ <span style=\"color: #d12727;\"><a style=\"color: #d12727;\" href=\"https:\/\/www.csj-emballages.com\/es\/produit\/estuche-de-carton-para-2-botellas-con-asa\/\">Kraft<\/a><\/span><\/p>\n<p>&nbsp;<\/p>\n<p><!--more--><\/p>\n<p><a href=\"https:\/\/www.csj-emballages.com\/de\/categorie-produit\/lebensmittelverpackungen\/boutique-und-geschaft\/sacke-beutel\/flaschensacke\/\">Entdecken Sie auch unsere weiteren Flaschentaschen \/ -h\u00fcllen.<\/a><\/p>\n","protected":false},"excerpt":{"rendered":"<p>Bordeauxfarbenes Flaschenetui Beschreibung unseres Etuis f\u00fcr 2 Flaschen Bordeaux Karton mit integriertem Griff 180 x 90 x 385 mm per 5<\/p>\n","protected":false},"featured_media":249245,"template":"","meta":{"_acf_changed":false},"product_brand":[],"product_cat":[1137,1487,3969,3415],"product_tag":[],"class_list":{"0":"post-249252","1":"product","2":"type-product","3":"status-publish","4":"has-post-thumbnail","6":"product_cat-lebensmittelverpackungen","7":"product_cat-boutique-und-geschaft","8":"product_cat-sacke-beutel","9":"product_cat-flaschensacke","11":"first","12":"instock","13":"taxable","14":"shipping-taxable","15":"purchasable","16":"product-type-simple"},"acf":[],"yoast_head":"<!-- This site is optimized with the Yoast SEO Premium plugin v26.6 (Yoast SEO v26.6) - https:\/\/yoast.com\/wordpress\/plugins\/seo\/ -->\n<title>Etui 2 Flaschen Bordeaux mit Griff 180 x 90 x 385 mm<\/title>\n<meta name=\"description\" content=\"Kartonschachtel f\u00fcr 2 Bordeauxflaschen aus Pappe mit integriertem Griff. Elegant, stabil und recycelbar, perfekt f\u00fcr Bordeaux- oder Burgunderflaschen.\" \/>\n<meta name=\"robots\" content=\"index, follow, max-snippet:-1, max-image-preview:large, max-video-preview:-1\" \/>\n<link rel=\"canonical\" href=\"https:\/\/www.csj-emballages.com\/de\/produit\/karton-fuer-2-flaschen-bordeaux-mit-integriertem-griff-180-x-90-x-385-mm-pro-5\/\" \/>\n<meta property=\"og:locale\" content=\"de_DE\" \/>\n<meta property=\"og:type\" content=\"article\" \/>\n<meta property=\"og:title\" content=\"Karton f\u00fcr 2 Flaschen Bordeaux mit integriertem Griff 180 x 90 x 385 mm pro 5\" \/>\n<meta property=\"og:description\" content=\"Kartonschachtel f\u00fcr 2 Bordeauxflaschen aus Pappe mit integriertem Griff. Elegant, stabil und recycelbar, perfekt f\u00fcr Bordeaux- oder Burgunderflaschen.\" \/>\n<meta property=\"og:url\" content=\"https:\/\/www.csj-emballages.com\/de\/produit\/karton-fuer-2-flaschen-bordeaux-mit-integriertem-griff-180-x-90-x-385-mm-pro-5\/\" \/>\n<meta property=\"og:site_name\" content=\"CSJ Emballages\" \/>\n<meta property=\"article:publisher\" content=\"https:\/\/www.facebook.com\/csjemballages\" \/>\n<meta property=\"article:modified_time\" content=\"2026-04-18T00:11:29+00:00\" \/>\n<meta property=\"og:image\" content=\"https:\/\/www.csj-emballages.com\/wp-content\/uploads\/2025\/09\/136986.webp\" \/>\n\t<meta property=\"og:image:width\" content=\"800\" \/>\n\t<meta property=\"og:image:height\" content=\"800\" \/>\n\t<meta property=\"og:image:type\" content=\"image\/webp\" \/>\n<meta name=\"twitter:card\" content=\"summary_large_image\" \/>\n<meta name=\"twitter:label1\" content=\"Gesch\u00e4tzte Lesezeit\" \/>\n\t<meta name=\"twitter:data1\" content=\"2 Minuten\" \/>\n<script type=\"application\/ld+json\" class=\"yoast-schema-graph\">{\"@context\":\"https:\/\/schema.org\",\"@graph\":[{\"@type\":\"WebPage\",\"@id\":\"https:\/\/www.csj-emballages.com\/de\/produit\/karton-fuer-2-flaschen-bordeaux-mit-integriertem-griff-180-x-90-x-385-mm-pro-5\/\",\"url\":\"https:\/\/www.csj-emballages.com\/de\/produit\/karton-fuer-2-flaschen-bordeaux-mit-integriertem-griff-180-x-90-x-385-mm-pro-5\/\",\"name\":\"Etui 2 Flaschen Bordeaux mit Griff 180 x 90 x 385 mm\",\"isPartOf\":{\"@id\":\"https:\/\/www.csj-emballages.com\/de\/#website\"},\"primaryImageOfPage\":{\"@id\":\"https:\/\/www.csj-emballages.com\/de\/produit\/karton-fuer-2-flaschen-bordeaux-mit-integriertem-griff-180-x-90-x-385-mm-pro-5\/#primaryimage\"},\"image\":{\"@id\":\"https:\/\/www.csj-emballages.com\/de\/produit\/karton-fuer-2-flaschen-bordeaux-mit-integriertem-griff-180-x-90-x-385-mm-pro-5\/#primaryimage\"},\"thumbnailUrl\":\"https:\/\/www.csj-emballages.com\/wp-content\/uploads\/2025\/09\/136986.webp\",\"datePublished\":\"2025-09-19T15:18:48+00:00\",\"dateModified\":\"2026-04-18T00:11:29+00:00\",\"description\":\"Kartonschachtel f\u00fcr 2 Bordeauxflaschen aus Pappe mit integriertem Griff. Elegant, stabil und recycelbar, perfekt f\u00fcr Bordeaux- oder Burgunderflaschen.\",\"breadcrumb\":{\"@id\":\"https:\/\/www.csj-emballages.com\/de\/produit\/karton-fuer-2-flaschen-bordeaux-mit-integriertem-griff-180-x-90-x-385-mm-pro-5\/#breadcrumb\"},\"inLanguage\":\"de\",\"potentialAction\":[{\"@type\":\"ReadAction\",\"target\":[\"https:\/\/www.csj-emballages.com\/de\/produit\/karton-fuer-2-flaschen-bordeaux-mit-integriertem-griff-180-x-90-x-385-mm-pro-5\/\"]}]},{\"@type\":\"ImageObject\",\"inLanguage\":\"de\",\"@id\":\"https:\/\/www.csj-emballages.com\/de\/produit\/karton-fuer-2-flaschen-bordeaux-mit-integriertem-griff-180-x-90-x-385-mm-pro-5\/#primaryimage\",\"url\":\"https:\/\/www.csj-emballages.com\/wp-content\/uploads\/2025\/09\/136986.webp\",\"contentUrl\":\"https:\/\/www.csj-emballages.com\/wp-content\/uploads\/2025\/09\/136986.webp\",\"width\":800,\"height\":800,\"caption\":\"\u00c9tui 2 bouteilles bordeaux\"},{\"@type\":\"BreadcrumbList\",\"@id\":\"https:\/\/www.csj-emballages.com\/de\/produit\/karton-fuer-2-flaschen-bordeaux-mit-integriertem-griff-180-x-90-x-385-mm-pro-5\/#breadcrumb\",\"itemListElement\":[{\"@type\":\"ListItem\",\"position\":1,\"name\":\"Accueil\",\"item\":\"https:\/\/www.csj-emballages.com\/de\/universum-lebensmittelverpackungen\/\"},{\"@type\":\"ListItem\",\"position\":2,\"name\":\"Shop\",\"item\":\"https:\/\/www.csj-emballages.com\/shop\/\"},{\"@type\":\"ListItem\",\"position\":3,\"name\":\"Karton f\u00fcr 2 Flaschen Bordeaux mit integriertem Griff 180 x 90 x 385 mm pro 5\"}]},{\"@type\":\"WebSite\",\"@id\":\"https:\/\/www.csj-emballages.com\/de\/#website\",\"url\":\"https:\/\/www.csj-emballages.com\/de\/\",\"name\":\"CSJ Emballages\",\"description\":\"\",\"publisher\":{\"@id\":\"https:\/\/www.csj-emballages.com\/de\/#organization\"},\"potentialAction\":[{\"@type\":\"SearchAction\",\"target\":{\"@type\":\"EntryPoint\",\"urlTemplate\":\"https:\/\/www.csj-emballages.com\/de\/?s={search_term_string}\"},\"query-input\":{\"@type\":\"PropertyValueSpecification\",\"valueRequired\":true,\"valueName\":\"search_term_string\"}}],\"inLanguage\":\"de\"},{\"@type\":\"Organization\",\"@id\":\"https:\/\/www.csj-emballages.com\/de\/#Organization\/\",\"name\":\"CSJ Emballages\",\"url\":\"https:\/\/www.csj-emballages.com\/de\/\",\"logo\":{\"@type\":\"ImageObject\",\"inLanguage\":\"de\",\"@id\":\"https:\/\/www.csj-emballages.com\/de\/#\/schema\/logo\/image\/\",\"url\":\"https:\/\/www.csj-emballages.com\/wp-content\/uploads\/2023\/10\/logo_csj.webp\",\"contentUrl\":\"https:\/\/www.csj-emballages.com\/wp-content\/uploads\/2023\/10\/logo_csj.webp\",\"width\":250,\"height\":95,\"caption\":\"CSJ Emballages\"},\"image\":{\"@id\":\"https:\/\/www.csj-emballages.com\/de\/#\/schema\/logo\/image\/\"},\"sameAs\":[\"https:\/\/www.facebook.com\/csjemballages\"],\"address\":{\"@type\":\"PostalAddress\",\"streetAddress\":\"ZI La Lechere\",\"addressLocality\":\"Patornay\",\"postalCode\":\"39130\",\"addressCountry\":\"FR\"},\"contactPoint\":[{\"@type\":\"ContactPoint\",\"contactType\":\"Service client\",\"telephone\":\"0384254272\",\"email\":\"contact@csj-emballages.com\"}]}]}<\/script>\n<!-- \/ Yoast SEO Premium plugin. -->","yoast_head_json":{"title":"Etui 2 Flaschen Bordeaux mit Griff 180 x 90 x 385 mm","description":"Kartonschachtel f\u00fcr 2 Bordeauxflaschen aus Pappe mit integriertem Griff. Elegant, stabil und recycelbar, perfekt f\u00fcr Bordeaux- oder Burgunderflaschen.","robots":{"index":"index","follow":"follow","max-snippet":"max-snippet:-1","max-image-preview":"max-image-preview:large","max-video-preview":"max-video-preview:-1"},"canonical":"https:\/\/www.csj-emballages.com\/de\/produit\/karton-fuer-2-flaschen-bordeaux-mit-integriertem-griff-180-x-90-x-385-mm-pro-5\/","og_locale":"de_DE","og_type":"article","og_title":"Karton f\u00fcr 2 Flaschen Bordeaux mit integriertem Griff 180 x 90 x 385 mm pro 5","og_description":"Kartonschachtel f\u00fcr 2 Bordeauxflaschen aus Pappe mit integriertem Griff. Elegant, stabil und recycelbar, perfekt f\u00fcr Bordeaux- oder Burgunderflaschen.","og_url":"https:\/\/www.csj-emballages.com\/de\/produit\/karton-fuer-2-flaschen-bordeaux-mit-integriertem-griff-180-x-90-x-385-mm-pro-5\/","og_site_name":"CSJ Emballages","article_publisher":"https:\/\/www.facebook.com\/csjemballages","article_modified_time":"2026-04-18T00:11:29+00:00","og_image":[{"width":800,"height":800,"url":"https:\/\/www.csj-emballages.com\/wp-content\/uploads\/2025\/09\/136986.webp","type":"image\/webp"}],"twitter_card":"summary_large_image","twitter_misc":{"Gesch\u00e4tzte Lesezeit":"2 Minuten"},"schema":{"@context":"https:\/\/schema.org","@graph":[{"@type":"WebPage","@id":"https:\/\/www.csj-emballages.com\/de\/produit\/karton-fuer-2-flaschen-bordeaux-mit-integriertem-griff-180-x-90-x-385-mm-pro-5\/","url":"https:\/\/www.csj-emballages.com\/de\/produit\/karton-fuer-2-flaschen-bordeaux-mit-integriertem-griff-180-x-90-x-385-mm-pro-5\/","name":"Etui 2 Flaschen Bordeaux mit Griff 180 x 90 x 385 mm","isPartOf":{"@id":"https:\/\/www.csj-emballages.com\/de\/#website"},"primaryImageOfPage":{"@id":"https:\/\/www.csj-emballages.com\/de\/produit\/karton-fuer-2-flaschen-bordeaux-mit-integriertem-griff-180-x-90-x-385-mm-pro-5\/#primaryimage"},"image":{"@id":"https:\/\/www.csj-emballages.com\/de\/produit\/karton-fuer-2-flaschen-bordeaux-mit-integriertem-griff-180-x-90-x-385-mm-pro-5\/#primaryimage"},"thumbnailUrl":"https:\/\/www.csj-emballages.com\/wp-content\/uploads\/2025\/09\/136986.webp","datePublished":"2025-09-19T15:18:48+00:00","dateModified":"2026-04-18T00:11:29+00:00","description":"Kartonschachtel f\u00fcr 2 Bordeauxflaschen aus Pappe mit integriertem Griff. Elegant, stabil und recycelbar, perfekt f\u00fcr Bordeaux- oder Burgunderflaschen.","breadcrumb":{"@id":"https:\/\/www.csj-emballages.com\/de\/produit\/karton-fuer-2-flaschen-bordeaux-mit-integriertem-griff-180-x-90-x-385-mm-pro-5\/#breadcrumb"},"inLanguage":"de","potentialAction":[{"@type":"ReadAction","target":["https:\/\/www.csj-emballages.com\/de\/produit\/karton-fuer-2-flaschen-bordeaux-mit-integriertem-griff-180-x-90-x-385-mm-pro-5\/"]}]},{"@type":"ImageObject","inLanguage":"de","@id":"https:\/\/www.csj-emballages.com\/de\/produit\/karton-fuer-2-flaschen-bordeaux-mit-integriertem-griff-180-x-90-x-385-mm-pro-5\/#primaryimage","url":"https:\/\/www.csj-emballages.com\/wp-content\/uploads\/2025\/09\/136986.webp","contentUrl":"https:\/\/www.csj-emballages.com\/wp-content\/uploads\/2025\/09\/136986.webp","width":800,"height":800,"caption":"\u00c9tui 2 bouteilles bordeaux"},{"@type":"BreadcrumbList","@id":"https:\/\/www.csj-emballages.com\/de\/produit\/karton-fuer-2-flaschen-bordeaux-mit-integriertem-griff-180-x-90-x-385-mm-pro-5\/#breadcrumb","itemListElement":[{"@type":"ListItem","position":1,"name":"Accueil","item":"https:\/\/www.csj-emballages.com\/de\/universum-lebensmittelverpackungen\/"},{"@type":"ListItem","position":2,"name":"Shop","item":"https:\/\/www.csj-emballages.com\/shop\/"},{"@type":"ListItem","position":3,"name":"Karton f\u00fcr 2 Flaschen Bordeaux mit integriertem Griff 180 x 90 x 385 mm pro 5"}]},{"@type":"WebSite","@id":"https:\/\/www.csj-emballages.com\/de\/#website","url":"https:\/\/www.csj-emballages.com\/de\/","name":"CSJ Emballages","description":"","publisher":{"@id":"https:\/\/www.csj-emballages.com\/de\/#organization"},"potentialAction":[{"@type":"SearchAction","target":{"@type":"EntryPoint","urlTemplate":"https:\/\/www.csj-emballages.com\/de\/?s={search_term_string}"},"query-input":{"@type":"PropertyValueSpecification","valueRequired":true,"valueName":"search_term_string"}}],"inLanguage":"de"},{"@type":"Organization","@id":"https:\/\/www.csj-emballages.com\/de\/#Organization\/","name":"CSJ Emballages","url":"https:\/\/www.csj-emballages.com\/de\/","logo":{"@type":"ImageObject","inLanguage":"de","@id":"https:\/\/www.csj-emballages.com\/de\/#\/schema\/logo\/image\/","url":"https:\/\/www.csj-emballages.com\/wp-content\/uploads\/2023\/10\/logo_csj.webp","contentUrl":"https:\/\/www.csj-emballages.com\/wp-content\/uploads\/2023\/10\/logo_csj.webp","width":250,"height":95,"caption":"CSJ Emballages"},"image":{"@id":"https:\/\/www.csj-emballages.com\/de\/#\/schema\/logo\/image\/"},"sameAs":["https:\/\/www.facebook.com\/csjemballages"],"address":{"@type":"PostalAddress","streetAddress":"ZI La Lechere","addressLocality":"Patornay","postalCode":"39130","addressCountry":"FR"},"contactPoint":[{"@type":"ContactPoint","contactType":"Service client","telephone":"0384254272","email":"contact@csj-emballages.com"}]}]}},"df_price":6.37,"df_sale_price":"","df_regular_price":6.37,"df_image_link":"https:\/\/www.csj-emballages.com\/wp-content\/uploads\/2025\/09\/136986-300x300.webp","tiered_pricing_type":"fixed","tiered_pricing_fixed_rules":[],"tiered_pricing_percentage_rules":[],"tiered_pricing_minimum":1,"tiered_pricing_roles_data":[],"_links":{"self":[{"href":"https:\/\/www.csj-emballages.com\/de\/wp-json\/wp\/v2\/product\/249252","targetHints":{"allow":["GET"]}}],"collection":[{"href":"https:\/\/www.csj-emballages.com\/de\/wp-json\/wp\/v2\/product"}],"about":[{"href":"https:\/\/www.csj-emballages.com\/de\/wp-json\/wp\/v2\/types\/product"}],"wp:featuredmedia":[{"embeddable":true,"href":"https:\/\/www.csj-emballages.com\/de\/wp-json\/wp\/v2\/media\/249245"}],"wp:attachment":[{"href":"https:\/\/www.csj-emballages.com\/de\/wp-json\/wp\/v2\/media?parent=249252"}],"wp:term":[{"taxonomy":"product_brand","embeddable":true,"href":"https:\/\/www.csj-emballages.com\/de\/wp-json\/wp\/v2\/product_brand?post=249252"},{"taxonomy":"product_cat","embeddable":true,"href":"https:\/\/www.csj-emballages.com\/de\/wp-json\/wp\/v2\/product_cat?post=249252"},{"taxonomy":"product_tag","embeddable":true,"href":"https:\/\/www.csj-emballages.com\/de\/wp-json\/wp\/v2\/product_tag?post=249252"}],"curies":[{"name":"wp","href":"https:\/\/api.w.org\/{rel}","templated":true}]}}