{"id":249241,"date":"2025-09-19T17:18:44","date_gmt":"2025-09-19T15:18:44","guid":{"rendered":"https:\/\/www.csj-emballages.com\/produit\/flaschenetui-bordeaux-karton-mit-integriertem-griff-90-x-90-x-384-mm-pro-5\/"},"modified":"2026-04-18T02:11:28","modified_gmt":"2026-04-18T00:11:28","slug":"flaschenetui-bordeaux-karton-mit-integriertem-griff-90-x-90-x-384-mm-pro-5","status":"publish","type":"product","link":"https:\/\/www.csj-emballages.com\/de\/produit\/flaschenetui-bordeaux-karton-mit-integriertem-griff-90-x-90-x-384-mm-pro-5\/","title":{"rendered":"Flaschenetui Bordeaux Karton mit integriertem Griff 90 x 90 x 385 mm pro 10"},"content":{"rendered":"<h2 class=\"p1\">Bordeauxfarbenes Flaschenetui<\/h2>\n<hr>\n<h3>Beschreibung von unserem Flaschenetui Bordeaux Karton mit integriertem Griff 90 x 90 x 385 mm pro 10<\/h3>\n<p><!--more--><\/p>\n<p data-start=\"110\" data-end=\"560\">Entdecken Sie unsere <strong data-start=\"126\" data-end=\"187\">Bordeaux-Flaschenverpackung aus Karton mit integriertem Griff<\/strong>, ein Must-have, um die Pr\u00e4sentation Ihrer Weine zu veredeln und ihren Transport zu erleichtern. Hergestellt aus <strong data-start=\"297\" data-end=\"325\">stabilem Karton<\/strong>, bietet diese <strong>Verpackung<\/strong> sowohl Eleganz als auch Praktikabilit\u00e4t. Dank seiner Ma\u00dfe von <strong data-start=\"405\" data-end=\"425\">90 x 90 x 385 mm<\/strong> ist er perfekt geeignet f\u00fcr Flaschen aus <strong data-start=\"472\" data-end=\"500\">Bordeaux oder Burgund<\/strong> und gew\u00e4hrleistet optimalen Halt sowie effektiven Schutz.<\/p>\n<p data-start=\"562\" data-end=\"950\">Sein <strong data-start=\"566\" data-end=\"594\">tiefes Bordeauxrot<\/strong> verleiht eine raffinierte Note, ideal f\u00fcr <strong data-start=\"640\" data-end=\"652\">Weinh\u00e4ndler<\/strong>, <strong data-start=\"654\" data-end=\"676\">Weing\u00fcter<\/strong>, <strong data-start=\"678\" data-end=\"697\">Feinkostl\u00e4den<\/strong> oder als <strong data-start=\"717\" data-end=\"741\">Firmengeschenke<\/strong>. Mit seinem <strong data-start=\"751\" data-end=\"771\">integrierten Griff<\/strong> wird der Transport einfach und sicher, wodurch jegliches Abrutschrisiko vermieden wird. Zudem garantiert seine stabile Struktur die <strong data-start=\"890\" data-end=\"903\">Stabilit\u00e4t<\/strong> der Flasche, selbst bei Transporten.<\/p>\n<p data-start=\"952\" data-end=\"1371\">Au\u00dferdem ist diese <strong>Flaschenh\u00fclle<\/strong> nicht nur eine einfache Verpackung: Sie wird zu einem echten Werbetr\u00e4ger f\u00fcr Ihre Flasche. Ob f\u00fcr den Verkauf in einem Gesch\u00e4ft, auf einer Weinmesse oder f\u00fcr den Versand, sie bietet eine professionelle und hochwertige Pr\u00e4sentation. Und dank seiner Konstruktion aus <strong data-start=\"1250\" data-end=\"1271\">recycelbarem Karton<\/strong> ist er Teil eines <strong data-start=\"1309\" data-end=\"1338\">umweltfreundlicheren und verantwortungsvolleren<\/strong> Ansatzes, ohne dabei Kompromisse bei der Qualit\u00e4t einzugehen.  <\/p>\n<p data-start=\"1373\" data-end=\"1539\">Wenn Sie sich also f\u00fcr diese <strong>Flaschentasche<\/strong> entscheiden, w\u00e4hlen Sie eine praktische, \u00e4sthetische und langlebige Verpackung, die auf die Anforderungen von Weinfachleuten zugeschnitten ist.<\/p>\n<p data-start=\"1378\" data-end=\"1605\"><!--more--><\/p>\n<h4 data-start=\"1378\" data-end=\"1605\">Vorteile :<\/h4>\n<ul>\n<li data-start=\"1584\" data-end=\"1646\"><strong data-start=\"1586\" data-end=\"1606\">Integrierter Griff<\/strong> f\u00fcr einen einfachen und sicheren Transport.<\/li>\n<li data-start=\"1649\" data-end=\"1720\"><strong data-start=\"1651\" data-end=\"1681\">Starker laminierter Karton<\/strong>: Sch\u00fctzt die Flasche wirksam.<\/li>\n<li data-start=\"1723\" data-end=\"1793\"><strong data-start=\"1725\" data-end=\"1743\">Elegantes Design<\/strong>, das f\u00fcr Bordeaux- und Burgunderflaschen geeignet ist.<\/li>\n<li data-start=\"1796\" data-end=\"1860\"><strong data-start=\"1798\" data-end=\"1823\">Schicke bordeauxrote Farbe<\/strong>, ideal f\u00fcr Geschenkboxen.<\/li>\n<li data-start=\"1863\" data-end=\"1928\"><strong data-start=\"1865\" data-end=\"1884\">Umweltfreundlich<\/strong>: aus recycelbarem Karton hergestellt.<\/li>\n<\/ul>\n<p>&nbsp;<\/p>\n<p><!--more--><\/p>\n<h4>Weitere Informationen :<\/h4>\n<ul>\n<li><strong>Verpackung<\/strong>: Packung mit 10 St\u00fcck<\/li>\n<li><strong>Ma\u00dfe<\/strong>: 90 x 90 x 384 mm<\/li>\n<li><strong>Material<\/strong>: Karton<\/li>\n<li><strong>Kapazit\u00e4t<\/strong>: 1 Flasche<\/li>\n<li><strong>Farbe<\/strong>: Bordeaux<\/li>\n<\/ul>\n<p>&nbsp;<\/p>\n<p><!--more--><\/p>\n<p>Dieses bordeauxrote Etui f\u00fcr 1 Flasche gibt es in verschiedenen Ausf\u00fchrungen : <span style=\"color: #d12727;\"><a style=\"color: #d12727;\" href=\"https:\/\/www.csj-emballages.com\/es\/produit\/estuche-de-carton-burdeos-de-2-botellas-con-asa-integrada-180-x-90-x-385-mm-paquete-de-5\/\">2 Flaschen<\/a><\/span> \/ <span style=\"color: #d12727;\"><a style=\"color: #d12727;\" href=\"https:\/\/www.csj-emballages.com\/en\/produit\/3-bottle-burgundy-cardboard-case-with-integrated-handle-270-x-90-x-385-mm-pack-of-5\/\">3 Flaschen<\/a><\/span><\/p>\n<p>&nbsp;<\/p>\n<p><!--more--><\/p>\n<p>Hier finden Sie alle verf\u00fcgbaren Farben f\u00fcr dieses Etui f\u00fcr 1 Flasche : <span style=\"color: #d12727;\"><a style=\"color: #d12727;\" href=\"https:\/\/www.csj-emballages.com\/produit\/etui-a-bouteille-noir-carton-pour-1-bouteilles-avec-poignee-90-x-90-x-384-mm-par-5\/\">Schwarz<\/a><\/span><span style=\"color: #d12727;\"> <\/span>\/ <span style=\"color: #d12727;\"><a style=\"color: #d12727;\" href=\"https:\/\/www.csj-emballages.com\/produit\/etui-a-bouteille-blanc-carton-avec-poignee-integree-90-x-90-x-384-mm-par-5\/\">Wei\u00df<\/a> <\/span>\/ <span style=\"color: #d12727;\"><a style=\"color: #d12727;\" href=\"https:\/\/www.csj-emballages.com\/produit\/etui-a-bouteille-vert-olive-carton-avec-poignee-integree-90-x-90-385-mm-par-5\/\">Olivgr\u00fcn<\/a><\/span><\/p>\n<p>&nbsp;<\/p>\n<p><!--more--><\/p>\n<p><a href=\"https:\/\/www.csj-emballages.com\/de\/categorie-produit\/lebensmittelverpackungen\/boutique-und-geschaft\/sacke-beutel\/flaschensacke\/\">Entdecken Sie auch unsere weiteren Flaschentaschen \/ -h\u00fcllen.<\/a><\/p>\n","protected":false},"excerpt":{"rendered":"<p>Bordeauxfarbenes Flaschenetui Beschreibung von unserem Flaschenetui Bordeaux Karton mit integriertem Griff 90 x 90 x 385 mm pro 10<\/p>\n","protected":false},"featured_media":249234,"template":"","meta":{"_acf_changed":false},"product_brand":[],"product_cat":[1137,1487,3969,3415],"product_tag":[],"class_list":{"0":"post-249241","1":"product","2":"type-product","3":"status-publish","4":"has-post-thumbnail","6":"product_cat-lebensmittelverpackungen","7":"product_cat-boutique-und-geschaft","8":"product_cat-sacke-beutel","9":"product_cat-flaschensacke","11":"first","12":"instock","13":"taxable","14":"shipping-taxable","15":"purchasable","16":"product-type-simple"},"acf":[],"yoast_head":"<!-- This site is optimized with the Yoast SEO Premium plugin v26.6 (Yoast SEO v26.6) - https:\/\/yoast.com\/wordpress\/plugins\/seo\/ -->\n<title>Flaschenetui Bordeaux mit integriertem Griff 90 x 90 x 384 mm<\/title>\n<meta name=\"description\" content=\"Bordeaux-Flaschenetui aus Karton mit integriertem Griff. Elegant, stabil und recycelbar, perfekt f\u00fcr Bordeaux- oder Burgunderflaschen.\" \/>\n<meta name=\"robots\" content=\"index, follow, max-snippet:-1, max-image-preview:large, max-video-preview:-1\" \/>\n<link rel=\"canonical\" href=\"https:\/\/www.csj-emballages.com\/de\/produit\/flaschenetui-bordeaux-karton-mit-integriertem-griff-90-x-90-x-384-mm-pro-5\/\" \/>\n<meta property=\"og:locale\" content=\"de_DE\" \/>\n<meta property=\"og:type\" content=\"article\" \/>\n<meta property=\"og:title\" content=\"Flaschenetui Bordeaux Karton mit integriertem Griff 90 x 90 x 385 mm pro 10\" \/>\n<meta property=\"og:description\" content=\"Bordeaux-Flaschenetui aus Karton mit integriertem Griff. Elegant, stabil und recycelbar, perfekt f\u00fcr Bordeaux- oder Burgunderflaschen.\" \/>\n<meta property=\"og:url\" content=\"https:\/\/www.csj-emballages.com\/de\/produit\/flaschenetui-bordeaux-karton-mit-integriertem-griff-90-x-90-x-384-mm-pro-5\/\" \/>\n<meta property=\"og:site_name\" content=\"CSJ Emballages\" \/>\n<meta property=\"article:publisher\" content=\"https:\/\/www.facebook.com\/csjemballages\" \/>\n<meta property=\"article:modified_time\" content=\"2026-04-18T00:11:28+00:00\" \/>\n<meta property=\"og:image\" content=\"https:\/\/www.csj-emballages.com\/wp-content\/uploads\/2025\/09\/136985.webp\" \/>\n\t<meta property=\"og:image:width\" content=\"800\" \/>\n\t<meta property=\"og:image:height\" content=\"800\" \/>\n\t<meta property=\"og:image:type\" content=\"image\/webp\" \/>\n<meta name=\"twitter:card\" content=\"summary_large_image\" \/>\n<meta name=\"twitter:label1\" content=\"Gesch\u00e4tzte Lesezeit\" \/>\n\t<meta name=\"twitter:data1\" content=\"2 Minuten\" \/>\n<script type=\"application\/ld+json\" class=\"yoast-schema-graph\">{\"@context\":\"https:\/\/schema.org\",\"@graph\":[{\"@type\":\"WebPage\",\"@id\":\"https:\/\/www.csj-emballages.com\/de\/produit\/flaschenetui-bordeaux-karton-mit-integriertem-griff-90-x-90-x-384-mm-pro-5\/\",\"url\":\"https:\/\/www.csj-emballages.com\/de\/produit\/flaschenetui-bordeaux-karton-mit-integriertem-griff-90-x-90-x-384-mm-pro-5\/\",\"name\":\"Flaschenetui Bordeaux mit integriertem Griff 90 x 90 x 384 mm\",\"isPartOf\":{\"@id\":\"https:\/\/www.csj-emballages.com\/de\/#website\"},\"primaryImageOfPage\":{\"@id\":\"https:\/\/www.csj-emballages.com\/de\/produit\/flaschenetui-bordeaux-karton-mit-integriertem-griff-90-x-90-x-384-mm-pro-5\/#primaryimage\"},\"image\":{\"@id\":\"https:\/\/www.csj-emballages.com\/de\/produit\/flaschenetui-bordeaux-karton-mit-integriertem-griff-90-x-90-x-384-mm-pro-5\/#primaryimage\"},\"thumbnailUrl\":\"https:\/\/www.csj-emballages.com\/wp-content\/uploads\/2025\/09\/136985.webp\",\"datePublished\":\"2025-09-19T15:18:44+00:00\",\"dateModified\":\"2026-04-18T00:11:28+00:00\",\"description\":\"Bordeaux-Flaschenetui aus Karton mit integriertem Griff. Elegant, stabil und recycelbar, perfekt f\u00fcr Bordeaux- oder Burgunderflaschen.\",\"breadcrumb\":{\"@id\":\"https:\/\/www.csj-emballages.com\/de\/produit\/flaschenetui-bordeaux-karton-mit-integriertem-griff-90-x-90-x-384-mm-pro-5\/#breadcrumb\"},\"inLanguage\":\"de\",\"potentialAction\":[{\"@type\":\"ReadAction\",\"target\":[\"https:\/\/www.csj-emballages.com\/de\/produit\/flaschenetui-bordeaux-karton-mit-integriertem-griff-90-x-90-x-384-mm-pro-5\/\"]}]},{\"@type\":\"ImageObject\",\"inLanguage\":\"de\",\"@id\":\"https:\/\/www.csj-emballages.com\/de\/produit\/flaschenetui-bordeaux-karton-mit-integriertem-griff-90-x-90-x-384-mm-pro-5\/#primaryimage\",\"url\":\"https:\/\/www.csj-emballages.com\/wp-content\/uploads\/2025\/09\/136985.webp\",\"contentUrl\":\"https:\/\/www.csj-emballages.com\/wp-content\/uploads\/2025\/09\/136985.webp\",\"width\":800,\"height\":800,\"caption\":\"\u00c9tui \u00e0 bouteille bordeaux\"},{\"@type\":\"BreadcrumbList\",\"@id\":\"https:\/\/www.csj-emballages.com\/de\/produit\/flaschenetui-bordeaux-karton-mit-integriertem-griff-90-x-90-x-384-mm-pro-5\/#breadcrumb\",\"itemListElement\":[{\"@type\":\"ListItem\",\"position\":1,\"name\":\"Accueil\",\"item\":\"https:\/\/www.csj-emballages.com\/de\/universum-lebensmittelverpackungen\/\"},{\"@type\":\"ListItem\",\"position\":2,\"name\":\"Shop\",\"item\":\"https:\/\/www.csj-emballages.com\/shop\/\"},{\"@type\":\"ListItem\",\"position\":3,\"name\":\"Flaschenetui Bordeaux Karton mit integriertem Griff 90 x 90 x 385 mm pro 10\"}]},{\"@type\":\"WebSite\",\"@id\":\"https:\/\/www.csj-emballages.com\/de\/#website\",\"url\":\"https:\/\/www.csj-emballages.com\/de\/\",\"name\":\"CSJ Emballages\",\"description\":\"\",\"publisher\":{\"@id\":\"https:\/\/www.csj-emballages.com\/de\/#organization\"},\"potentialAction\":[{\"@type\":\"SearchAction\",\"target\":{\"@type\":\"EntryPoint\",\"urlTemplate\":\"https:\/\/www.csj-emballages.com\/de\/?s={search_term_string}\"},\"query-input\":{\"@type\":\"PropertyValueSpecification\",\"valueRequired\":true,\"valueName\":\"search_term_string\"}}],\"inLanguage\":\"de\"},{\"@type\":\"Organization\",\"@id\":\"https:\/\/www.csj-emballages.com\/de\/#Organization\/\",\"name\":\"CSJ Emballages\",\"url\":\"https:\/\/www.csj-emballages.com\/de\/\",\"logo\":{\"@type\":\"ImageObject\",\"inLanguage\":\"de\",\"@id\":\"https:\/\/www.csj-emballages.com\/de\/#\/schema\/logo\/image\/\",\"url\":\"https:\/\/www.csj-emballages.com\/wp-content\/uploads\/2023\/10\/logo_csj.webp\",\"contentUrl\":\"https:\/\/www.csj-emballages.com\/wp-content\/uploads\/2023\/10\/logo_csj.webp\",\"width\":250,\"height\":95,\"caption\":\"CSJ Emballages\"},\"image\":{\"@id\":\"https:\/\/www.csj-emballages.com\/de\/#\/schema\/logo\/image\/\"},\"sameAs\":[\"https:\/\/www.facebook.com\/csjemballages\"],\"address\":{\"@type\":\"PostalAddress\",\"streetAddress\":\"ZI La Lechere\",\"addressLocality\":\"Patornay\",\"postalCode\":\"39130\",\"addressCountry\":\"FR\"},\"contactPoint\":[{\"@type\":\"ContactPoint\",\"contactType\":\"Service client\",\"telephone\":\"0384254272\",\"email\":\"contact@csj-emballages.com\"}]}]}<\/script>\n<!-- \/ Yoast SEO Premium plugin. -->","yoast_head_json":{"title":"Flaschenetui Bordeaux mit integriertem Griff 90 x 90 x 384 mm","description":"Bordeaux-Flaschenetui aus Karton mit integriertem Griff. Elegant, stabil und recycelbar, perfekt f\u00fcr Bordeaux- oder Burgunderflaschen.","robots":{"index":"index","follow":"follow","max-snippet":"max-snippet:-1","max-image-preview":"max-image-preview:large","max-video-preview":"max-video-preview:-1"},"canonical":"https:\/\/www.csj-emballages.com\/de\/produit\/flaschenetui-bordeaux-karton-mit-integriertem-griff-90-x-90-x-384-mm-pro-5\/","og_locale":"de_DE","og_type":"article","og_title":"Flaschenetui Bordeaux Karton mit integriertem Griff 90 x 90 x 385 mm pro 10","og_description":"Bordeaux-Flaschenetui aus Karton mit integriertem Griff. Elegant, stabil und recycelbar, perfekt f\u00fcr Bordeaux- oder Burgunderflaschen.","og_url":"https:\/\/www.csj-emballages.com\/de\/produit\/flaschenetui-bordeaux-karton-mit-integriertem-griff-90-x-90-x-384-mm-pro-5\/","og_site_name":"CSJ Emballages","article_publisher":"https:\/\/www.facebook.com\/csjemballages","article_modified_time":"2026-04-18T00:11:28+00:00","og_image":[{"width":800,"height":800,"url":"https:\/\/www.csj-emballages.com\/wp-content\/uploads\/2025\/09\/136985.webp","type":"image\/webp"}],"twitter_card":"summary_large_image","twitter_misc":{"Gesch\u00e4tzte Lesezeit":"2 Minuten"},"schema":{"@context":"https:\/\/schema.org","@graph":[{"@type":"WebPage","@id":"https:\/\/www.csj-emballages.com\/de\/produit\/flaschenetui-bordeaux-karton-mit-integriertem-griff-90-x-90-x-384-mm-pro-5\/","url":"https:\/\/www.csj-emballages.com\/de\/produit\/flaschenetui-bordeaux-karton-mit-integriertem-griff-90-x-90-x-384-mm-pro-5\/","name":"Flaschenetui Bordeaux mit integriertem Griff 90 x 90 x 384 mm","isPartOf":{"@id":"https:\/\/www.csj-emballages.com\/de\/#website"},"primaryImageOfPage":{"@id":"https:\/\/www.csj-emballages.com\/de\/produit\/flaschenetui-bordeaux-karton-mit-integriertem-griff-90-x-90-x-384-mm-pro-5\/#primaryimage"},"image":{"@id":"https:\/\/www.csj-emballages.com\/de\/produit\/flaschenetui-bordeaux-karton-mit-integriertem-griff-90-x-90-x-384-mm-pro-5\/#primaryimage"},"thumbnailUrl":"https:\/\/www.csj-emballages.com\/wp-content\/uploads\/2025\/09\/136985.webp","datePublished":"2025-09-19T15:18:44+00:00","dateModified":"2026-04-18T00:11:28+00:00","description":"Bordeaux-Flaschenetui aus Karton mit integriertem Griff. Elegant, stabil und recycelbar, perfekt f\u00fcr Bordeaux- oder Burgunderflaschen.","breadcrumb":{"@id":"https:\/\/www.csj-emballages.com\/de\/produit\/flaschenetui-bordeaux-karton-mit-integriertem-griff-90-x-90-x-384-mm-pro-5\/#breadcrumb"},"inLanguage":"de","potentialAction":[{"@type":"ReadAction","target":["https:\/\/www.csj-emballages.com\/de\/produit\/flaschenetui-bordeaux-karton-mit-integriertem-griff-90-x-90-x-384-mm-pro-5\/"]}]},{"@type":"ImageObject","inLanguage":"de","@id":"https:\/\/www.csj-emballages.com\/de\/produit\/flaschenetui-bordeaux-karton-mit-integriertem-griff-90-x-90-x-384-mm-pro-5\/#primaryimage","url":"https:\/\/www.csj-emballages.com\/wp-content\/uploads\/2025\/09\/136985.webp","contentUrl":"https:\/\/www.csj-emballages.com\/wp-content\/uploads\/2025\/09\/136985.webp","width":800,"height":800,"caption":"\u00c9tui \u00e0 bouteille bordeaux"},{"@type":"BreadcrumbList","@id":"https:\/\/www.csj-emballages.com\/de\/produit\/flaschenetui-bordeaux-karton-mit-integriertem-griff-90-x-90-x-384-mm-pro-5\/#breadcrumb","itemListElement":[{"@type":"ListItem","position":1,"name":"Accueil","item":"https:\/\/www.csj-emballages.com\/de\/universum-lebensmittelverpackungen\/"},{"@type":"ListItem","position":2,"name":"Shop","item":"https:\/\/www.csj-emballages.com\/shop\/"},{"@type":"ListItem","position":3,"name":"Flaschenetui Bordeaux Karton mit integriertem Griff 90 x 90 x 385 mm pro 10"}]},{"@type":"WebSite","@id":"https:\/\/www.csj-emballages.com\/de\/#website","url":"https:\/\/www.csj-emballages.com\/de\/","name":"CSJ Emballages","description":"","publisher":{"@id":"https:\/\/www.csj-emballages.com\/de\/#organization"},"potentialAction":[{"@type":"SearchAction","target":{"@type":"EntryPoint","urlTemplate":"https:\/\/www.csj-emballages.com\/de\/?s={search_term_string}"},"query-input":{"@type":"PropertyValueSpecification","valueRequired":true,"valueName":"search_term_string"}}],"inLanguage":"de"},{"@type":"Organization","@id":"https:\/\/www.csj-emballages.com\/de\/#Organization\/","name":"CSJ Emballages","url":"https:\/\/www.csj-emballages.com\/de\/","logo":{"@type":"ImageObject","inLanguage":"de","@id":"https:\/\/www.csj-emballages.com\/de\/#\/schema\/logo\/image\/","url":"https:\/\/www.csj-emballages.com\/wp-content\/uploads\/2023\/10\/logo_csj.webp","contentUrl":"https:\/\/www.csj-emballages.com\/wp-content\/uploads\/2023\/10\/logo_csj.webp","width":250,"height":95,"caption":"CSJ Emballages"},"image":{"@id":"https:\/\/www.csj-emballages.com\/de\/#\/schema\/logo\/image\/"},"sameAs":["https:\/\/www.facebook.com\/csjemballages"],"address":{"@type":"PostalAddress","streetAddress":"ZI La Lechere","addressLocality":"Patornay","postalCode":"39130","addressCountry":"FR"},"contactPoint":[{"@type":"ContactPoint","contactType":"Service client","telephone":"0384254272","email":"contact@csj-emballages.com"}]}]}},"df_price":7.75,"df_sale_price":"","df_regular_price":7.75,"df_image_link":"https:\/\/www.csj-emballages.com\/wp-content\/uploads\/2025\/09\/136985-300x300.webp","tiered_pricing_type":"fixed","tiered_pricing_fixed_rules":[],"tiered_pricing_percentage_rules":[],"tiered_pricing_minimum":1,"tiered_pricing_roles_data":[],"_links":{"self":[{"href":"https:\/\/www.csj-emballages.com\/de\/wp-json\/wp\/v2\/product\/249241","targetHints":{"allow":["GET"]}}],"collection":[{"href":"https:\/\/www.csj-emballages.com\/de\/wp-json\/wp\/v2\/product"}],"about":[{"href":"https:\/\/www.csj-emballages.com\/de\/wp-json\/wp\/v2\/types\/product"}],"wp:featuredmedia":[{"embeddable":true,"href":"https:\/\/www.csj-emballages.com\/de\/wp-json\/wp\/v2\/media\/249234"}],"wp:attachment":[{"href":"https:\/\/www.csj-emballages.com\/de\/wp-json\/wp\/v2\/media?parent=249241"}],"wp:term":[{"taxonomy":"product_brand","embeddable":true,"href":"https:\/\/www.csj-emballages.com\/de\/wp-json\/wp\/v2\/product_brand?post=249241"},{"taxonomy":"product_cat","embeddable":true,"href":"https:\/\/www.csj-emballages.com\/de\/wp-json\/wp\/v2\/product_cat?post=249241"},{"taxonomy":"product_tag","embeddable":true,"href":"https:\/\/www.csj-emballages.com\/de\/wp-json\/wp\/v2\/product_tag?post=249241"}],"curies":[{"name":"wp","href":"https:\/\/api.w.org\/{rel}","templated":true}]}}