{"id":249210,"date":"2025-09-19T17:18:33","date_gmt":"2025-09-19T15:18:33","guid":{"rendered":"https:\/\/www.csj-emballages.com\/produit\/flaschenetui-olivgruen-karton-mit-integriertem-griff-90-x-90-x-385-mm-pro-5\/"},"modified":"2026-03-14T02:10:34","modified_gmt":"2026-03-14T01:10:34","slug":"flaschenetui-olivgruen-karton-mit-integriertem-griff-90-x-90-x-385-mm-pro-5","status":"publish","type":"product","link":"https:\/\/www.csj-emballages.com\/de\/produit\/flaschenetui-olivgruen-karton-mit-integriertem-griff-90-x-90-x-385-mm-pro-5\/","title":{"rendered":"Flaschenetui olivgr\u00fcn Karton mit integriertem Griff 90 x 90 x 385 mm pro 10"},"content":{"rendered":"<h2 class=\"p1\">Flaschenetui gr\u00fcn<\/h2>\n<hr>\n<h3>Beschreibung von unserem Flaschenetui olivgr\u00fcn Karton mit integriertem Griff 90 x 90 x 385 mm pro 10<\/h3>\n<p><!--more--><\/p>\n<p data-start=\"183\" data-end=\"541\">Entscheiden Sie sich f\u00fcr Eleganz und Praktikabilit\u00e4t mit unserem <strong data-start=\"232\" data-end=\"273\">Flaschenetui aus olivgr\u00fcnem Karton<\/strong>. Konzipiert f\u00fcr <strong data-start=\"297\" data-end=\"344\">1 Bordeaux- oder Burgunderflasche<\/strong>, ist diese Verpackung der perfekte Partner f\u00fcr <strong data-start=\"384\" data-end=\"409\">Weinprofis<\/strong>, <strong data-start=\"415\" data-end=\"427\">Weinh\u00e4ndler<\/strong> oder <strong data-start=\"442\" data-end=\"457\">Produzenten<\/strong>, die ihre Produkte aufwerten m\u00f6chten.<\/p>\n<p data-start=\"543\" data-end=\"891\">Dank seines <strong data-start=\"555\" data-end=\"585\">widerstandsf\u00e4higen Kartons<\/strong> vereint dieses <strong>Flaschenetui<\/strong> Stabilit\u00e4t und Raffinesse. Sein <strong data-start=\"633\" data-end=\"655\">Fenster<\/strong> l\u00e4sst die Flasche subtil erkennen und wertet so den Inhalt auf. Es ist das kleine Detail, das bei einer Pr\u00e4sentation den Unterschied macht.<\/p>\n<p data-start=\"893\" data-end=\"1300\">Ebenso sorgt der <strong data-start=\"905\" data-end=\"925\">integrierte Griff<\/strong> f\u00fcr einen <strong data-start=\"937\" data-end=\"979\">angenehmen<\/strong> Halt und macht das Tragen einfach und elegant. Sie k\u00f6nnen Ihre Flasche so sorgf\u00e4ltig \u00fcberreichen, ohne eine zus\u00e4tzliche Tasche oder andere Unterst\u00fctzung zu ben\u00f6tigen. Die <strong data-start=\"1133\" data-end=\"1155\">olivgr\u00fcne Farbe<\/strong> ist nat\u00fcrlich und vornehm zugleich und erinnert an Qualit\u00e4t, Natur und Authentizit\u00e4t &#8211; Werte, die perfekt mit der Welt des Weins harmonieren.<\/p>\n<p data-start=\"1302\" data-end=\"1654\">Dieses <strong data-start=\"1306\" data-end=\"1336\">Flaschenetui aus gr\u00fcnem Karton<\/strong> ist auch eine \u00f6kologische und \u00f6konomische L\u00f6sung: Hergestellt aus recycelbaren Materialien, erm\u00f6glicht es, <strong data-start=\"1458\" data-end=\"1502\">\u00c4sthetik und Umweltschutz<\/strong> zu vereinen. Ob f\u00fcr den Direktverkauf, eine Geschenkbox oder einen Versand, es verleiht Ihren Pr\u00e4sentationen eine gepflegte und professionelle Note.<\/p>\n<p data-start=\"1656\" data-end=\"1776\">Zusammenfassend l\u00e4sst sich sagen, dass es sich um eine praktische, solide und elegante Verpackung handelt, die Ihre Flaschen aufwertet und gleichzeitig den Transport erleichtert.<\/p>\n<p data-start=\"1378\" data-end=\"1605\"><!--more--><\/p>\n<h4 data-start=\"1378\" data-end=\"1605\">Vorteile :<\/h4>\n<ul>\n<li data-start=\"1814\" data-end=\"1860\"><strong data-start=\"1831\" data-end=\"1858\">Widerstandsf\u00e4higer<\/strong>, plastifizierter Karton, <strong data-start=\"1831\" data-end=\"1858\">der recycelbar ist.<\/strong><\/li>\n<li data-start=\"1863\" data-end=\"1910\"><strong data-start=\"1863\" data-end=\"1885\">Fenster<\/strong>, das die Hervorhebung erm\u00f6glicht.<\/li>\n<li data-start=\"1913\" data-end=\"1955\">Praktischer und robuster <strong data-start=\"1913\" data-end=\"1933\">integrierter Griff<\/strong>.<\/li>\n<li data-start=\"1958\" data-end=\"2015\">Geeignet f\u00fcr <strong data-start=\"1969\" data-end=\"2013\">1 Flasche Bordeaux oder Burgunder.<\/strong><\/li>\n<li data-start=\"2018\" data-end=\"2061\">Elegante und nat\u00fcrliche <strong data-start=\"2018\" data-end=\"2040\">olivgr\u00fcne Farbe<\/strong>.<\/li>\n<\/ul>\n<p>&nbsp;<\/p>\n<p><!--more--><\/p>\n<h4>Weitere Informationen :<\/h4>\n<ul>\n<li><strong>Verpackung<\/strong>: Packung mit 10 St\u00fcck<\/li>\n<li><strong>Ma\u00dfe<\/strong>: 90 x 90 x 384 mm<\/li>\n<li><strong>Material<\/strong>: Karton<\/li>\n<li><strong>Kapazit\u00e4t<\/strong>: 1 Flasche<\/li>\n<li><strong>Farbe<\/strong>: Olivgr\u00fcn<\/li>\n<\/ul>\n<p>&nbsp;<\/p>\n<p><!--more--><\/p>\n<p>Dieses olivgr\u00fcne Etui f\u00fcr 1 Flasche gibt es in verschiedenen Ausf\u00fchrungen : <span style=\"color: #d12727;\"><a style=\"color: #d12727;\" href=\"https:\/\/www.csj-emballages.com\/pt-pt\/produit\/caixa-de-cartao-verde-azeitona-para-2-garrafas-com-pega-integrada-180-x-90-x-385-mm-embalagem-de-5\/\">2 Flaschen<\/a><\/span> \/ <span style=\"color: #d12727;\"><a style=\"color: #d12727;\" href=\"https:\/\/www.csj-emballages.com\/pt-pt\/produit\/caixa-de-cartao-verde-azeitona-para-3-garrafas-com-pega-integrada-270-x-90-x-385-mm-embalagem-de-5\/\">3 Flaschen<\/a><\/span><\/p>\n<p>&nbsp;<\/p>\n<p><!--more--><\/p>\n<p>Hier finden Sie alle verf\u00fcgbaren Farben f\u00fcr dieses Etui f\u00fcr 1 Flasche : <span style=\"color: #d12727;\"><a style=\"color: #d12727;\" href=\"https:\/\/www.csj-emballages.com\/produit\/etui-a-bouteille-noir-carton-pour-1-bouteilles-avec-poignee-90-x-90-x-384-mm-par-5\/\">Schwarz<\/a><\/span><span style=\"color: #d12727;\"> <\/span>\/ <span style=\"color: #d12727;\"><a style=\"color: #d12727;\" href=\"https:\/\/www.csj-emballages.com\/produit\/etui-a-bouteille-blanc-carton-avec-poignee-integree-90-x-90-x-384-mm-par-5\/\">Wei\u00df<\/a> <\/span>\/ <span style=\"color: #d12727;\"><a style=\"color: #d12727;\" href=\"https:\/\/www.csj-emballages.com\/produit\/etui-a-bouteille-bordeaux-carton-avec-poignee-90-x-90-x-384-mm-par-5\/\">Bordeaux<\/a><\/span><\/p>\n<p>&nbsp;<\/p>\n<p><!--more--><\/p>\n<p><a href=\"https:\/\/www.csj-emballages.com\/de\/categorie-produit\/lebensmittelverpackungen\/boutique-und-geschaft\/sacke-beutel\/flaschensacke\/\">Entdecken Sie auch unsere weiteren Flaschentaschen \/ -h\u00fcllen.<\/a><\/p>\n","protected":false},"excerpt":{"rendered":"<p>Flaschenetui gr\u00fcn Beschreibung von unserem Flaschenetui olivgr\u00fcn Karton mit integriertem Griff 90 x 90 x 385 mm pro 10<\/p>\n","protected":false},"featured_media":249203,"template":"","meta":{"_acf_changed":false},"product_brand":[],"product_cat":[1137,1487,3969,3415],"product_tag":[],"class_list":{"0":"post-249210","1":"product","2":"type-product","3":"status-publish","4":"has-post-thumbnail","6":"product_cat-lebensmittelverpackungen","7":"product_cat-boutique-und-geschaft","8":"product_cat-sacke-beutel","9":"product_cat-flaschensacke","11":"first","12":"instock","13":"taxable","14":"shipping-taxable","15":"purchasable","16":"product-type-simple"},"acf":[],"yoast_head":"<!-- This site is optimized with the Yoast SEO Premium plugin v26.6 (Yoast SEO v26.6) - https:\/\/yoast.com\/wordpress\/plugins\/seo\/ -->\n<title>Olivgr\u00fcnes Flaschenetui mit integriertem Griff 90 x 90 x 385 mm<\/title>\n<meta name=\"description\" content=\"Olivgr\u00fcne Flaschenh\u00fclle aus plastifiziertem Karton mit Griff und Fenster. Ideal f\u00fcr 1 Flasche Bordeaux oder Burgunder.\" \/>\n<meta name=\"robots\" content=\"index, follow, max-snippet:-1, max-image-preview:large, max-video-preview:-1\" \/>\n<link rel=\"canonical\" href=\"https:\/\/www.csj-emballages.com\/de\/produit\/flaschenetui-olivgruen-karton-mit-integriertem-griff-90-x-90-x-385-mm-pro-5\/\" \/>\n<meta property=\"og:locale\" content=\"de_DE\" \/>\n<meta property=\"og:type\" content=\"article\" \/>\n<meta property=\"og:title\" content=\"Flaschenetui olivgr\u00fcn Karton mit integriertem Griff 90 x 90 x 385 mm pro 10\" \/>\n<meta property=\"og:description\" content=\"Olivgr\u00fcne Flaschenh\u00fclle aus plastifiziertem Karton mit Griff und Fenster. Ideal f\u00fcr 1 Flasche Bordeaux oder Burgunder.\" \/>\n<meta property=\"og:url\" content=\"https:\/\/www.csj-emballages.com\/de\/produit\/flaschenetui-olivgruen-karton-mit-integriertem-griff-90-x-90-x-385-mm-pro-5\/\" \/>\n<meta property=\"og:site_name\" content=\"CSJ Emballages\" \/>\n<meta property=\"article:publisher\" content=\"https:\/\/www.facebook.com\/csjemballages\" \/>\n<meta property=\"article:modified_time\" content=\"2026-03-14T01:10:34+00:00\" \/>\n<meta property=\"og:image\" content=\"https:\/\/www.csj-emballages.com\/wp-content\/uploads\/2025\/09\/134543.webp\" \/>\n\t<meta property=\"og:image:width\" content=\"800\" \/>\n\t<meta property=\"og:image:height\" content=\"800\" \/>\n\t<meta property=\"og:image:type\" content=\"image\/webp\" \/>\n<meta name=\"twitter:card\" content=\"summary_large_image\" \/>\n<meta name=\"twitter:label1\" content=\"Gesch\u00e4tzte Lesezeit\" \/>\n\t<meta name=\"twitter:data1\" content=\"2 Minuten\" \/>\n<script type=\"application\/ld+json\" class=\"yoast-schema-graph\">{\"@context\":\"https:\/\/schema.org\",\"@graph\":[{\"@type\":\"WebPage\",\"@id\":\"https:\/\/www.csj-emballages.com\/de\/produit\/flaschenetui-olivgruen-karton-mit-integriertem-griff-90-x-90-x-385-mm-pro-5\/\",\"url\":\"https:\/\/www.csj-emballages.com\/de\/produit\/flaschenetui-olivgruen-karton-mit-integriertem-griff-90-x-90-x-385-mm-pro-5\/\",\"name\":\"Olivgr\u00fcnes Flaschenetui mit integriertem Griff 90 x 90 x 385 mm\",\"isPartOf\":{\"@id\":\"https:\/\/www.csj-emballages.com\/de\/#website\"},\"primaryImageOfPage\":{\"@id\":\"https:\/\/www.csj-emballages.com\/de\/produit\/flaschenetui-olivgruen-karton-mit-integriertem-griff-90-x-90-x-385-mm-pro-5\/#primaryimage\"},\"image\":{\"@id\":\"https:\/\/www.csj-emballages.com\/de\/produit\/flaschenetui-olivgruen-karton-mit-integriertem-griff-90-x-90-x-385-mm-pro-5\/#primaryimage\"},\"thumbnailUrl\":\"https:\/\/www.csj-emballages.com\/wp-content\/uploads\/2025\/09\/134543.webp\",\"datePublished\":\"2025-09-19T15:18:33+00:00\",\"dateModified\":\"2026-03-14T01:10:34+00:00\",\"description\":\"Olivgr\u00fcne Flaschenh\u00fclle aus plastifiziertem Karton mit Griff und Fenster. Ideal f\u00fcr 1 Flasche Bordeaux oder Burgunder.\",\"breadcrumb\":{\"@id\":\"https:\/\/www.csj-emballages.com\/de\/produit\/flaschenetui-olivgruen-karton-mit-integriertem-griff-90-x-90-x-385-mm-pro-5\/#breadcrumb\"},\"inLanguage\":\"de\",\"potentialAction\":[{\"@type\":\"ReadAction\",\"target\":[\"https:\/\/www.csj-emballages.com\/de\/produit\/flaschenetui-olivgruen-karton-mit-integriertem-griff-90-x-90-x-385-mm-pro-5\/\"]}]},{\"@type\":\"ImageObject\",\"inLanguage\":\"de\",\"@id\":\"https:\/\/www.csj-emballages.com\/de\/produit\/flaschenetui-olivgruen-karton-mit-integriertem-griff-90-x-90-x-385-mm-pro-5\/#primaryimage\",\"url\":\"https:\/\/www.csj-emballages.com\/wp-content\/uploads\/2025\/09\/134543.webp\",\"contentUrl\":\"https:\/\/www.csj-emballages.com\/wp-content\/uploads\/2025\/09\/134543.webp\",\"width\":800,\"height\":800,\"caption\":\"\u00c9tui \u00e0 bouteille vert\"},{\"@type\":\"BreadcrumbList\",\"@id\":\"https:\/\/www.csj-emballages.com\/de\/produit\/flaschenetui-olivgruen-karton-mit-integriertem-griff-90-x-90-x-385-mm-pro-5\/#breadcrumb\",\"itemListElement\":[{\"@type\":\"ListItem\",\"position\":1,\"name\":\"Accueil\",\"item\":\"https:\/\/www.csj-emballages.com\/de\/universum-lebensmittelverpackungen\/\"},{\"@type\":\"ListItem\",\"position\":2,\"name\":\"Shop\",\"item\":\"https:\/\/www.csj-emballages.com\/shop\/\"},{\"@type\":\"ListItem\",\"position\":3,\"name\":\"Flaschenetui olivgr\u00fcn Karton mit integriertem Griff 90 x 90 x 385 mm pro 10\"}]},{\"@type\":\"WebSite\",\"@id\":\"https:\/\/www.csj-emballages.com\/de\/#website\",\"url\":\"https:\/\/www.csj-emballages.com\/de\/\",\"name\":\"CSJ Emballages\",\"description\":\"\",\"publisher\":{\"@id\":\"https:\/\/www.csj-emballages.com\/de\/#organization\"},\"potentialAction\":[{\"@type\":\"SearchAction\",\"target\":{\"@type\":\"EntryPoint\",\"urlTemplate\":\"https:\/\/www.csj-emballages.com\/de\/?s={search_term_string}\"},\"query-input\":{\"@type\":\"PropertyValueSpecification\",\"valueRequired\":true,\"valueName\":\"search_term_string\"}}],\"inLanguage\":\"de\"},{\"@type\":\"Organization\",\"@id\":\"https:\/\/www.csj-emballages.com\/de\/#Organization\/\",\"name\":\"CSJ Emballages\",\"url\":\"https:\/\/www.csj-emballages.com\/de\/\",\"logo\":{\"@type\":\"ImageObject\",\"inLanguage\":\"de\",\"@id\":\"https:\/\/www.csj-emballages.com\/de\/#\/schema\/logo\/image\/\",\"url\":\"https:\/\/www.csj-emballages.com\/wp-content\/uploads\/2023\/10\/logo_csj.webp\",\"contentUrl\":\"https:\/\/www.csj-emballages.com\/wp-content\/uploads\/2023\/10\/logo_csj.webp\",\"width\":250,\"height\":95,\"caption\":\"CSJ Emballages\"},\"image\":{\"@id\":\"https:\/\/www.csj-emballages.com\/de\/#\/schema\/logo\/image\/\"},\"sameAs\":[\"https:\/\/www.facebook.com\/csjemballages\"],\"address\":{\"@type\":\"PostalAddress\",\"streetAddress\":\"ZI La Lechere\",\"addressLocality\":\"Patornay\",\"postalCode\":\"39130\",\"addressCountry\":\"FR\"},\"contactPoint\":[{\"@type\":\"ContactPoint\",\"contactType\":\"Service client\",\"telephone\":\"0384254272\",\"email\":\"contact@csj-emballages.com\"}]}]}<\/script>\n<!-- \/ Yoast SEO Premium plugin. -->","yoast_head_json":{"title":"Olivgr\u00fcnes Flaschenetui mit integriertem Griff 90 x 90 x 385 mm","description":"Olivgr\u00fcne Flaschenh\u00fclle aus plastifiziertem Karton mit Griff und Fenster. Ideal f\u00fcr 1 Flasche Bordeaux oder Burgunder.","robots":{"index":"index","follow":"follow","max-snippet":"max-snippet:-1","max-image-preview":"max-image-preview:large","max-video-preview":"max-video-preview:-1"},"canonical":"https:\/\/www.csj-emballages.com\/de\/produit\/flaschenetui-olivgruen-karton-mit-integriertem-griff-90-x-90-x-385-mm-pro-5\/","og_locale":"de_DE","og_type":"article","og_title":"Flaschenetui olivgr\u00fcn Karton mit integriertem Griff 90 x 90 x 385 mm pro 10","og_description":"Olivgr\u00fcne Flaschenh\u00fclle aus plastifiziertem Karton mit Griff und Fenster. Ideal f\u00fcr 1 Flasche Bordeaux oder Burgunder.","og_url":"https:\/\/www.csj-emballages.com\/de\/produit\/flaschenetui-olivgruen-karton-mit-integriertem-griff-90-x-90-x-385-mm-pro-5\/","og_site_name":"CSJ Emballages","article_publisher":"https:\/\/www.facebook.com\/csjemballages","article_modified_time":"2026-03-14T01:10:34+00:00","og_image":[{"width":800,"height":800,"url":"https:\/\/www.csj-emballages.com\/wp-content\/uploads\/2025\/09\/134543.webp","type":"image\/webp"}],"twitter_card":"summary_large_image","twitter_misc":{"Gesch\u00e4tzte Lesezeit":"2 Minuten"},"schema":{"@context":"https:\/\/schema.org","@graph":[{"@type":"WebPage","@id":"https:\/\/www.csj-emballages.com\/de\/produit\/flaschenetui-olivgruen-karton-mit-integriertem-griff-90-x-90-x-385-mm-pro-5\/","url":"https:\/\/www.csj-emballages.com\/de\/produit\/flaschenetui-olivgruen-karton-mit-integriertem-griff-90-x-90-x-385-mm-pro-5\/","name":"Olivgr\u00fcnes Flaschenetui mit integriertem Griff 90 x 90 x 385 mm","isPartOf":{"@id":"https:\/\/www.csj-emballages.com\/de\/#website"},"primaryImageOfPage":{"@id":"https:\/\/www.csj-emballages.com\/de\/produit\/flaschenetui-olivgruen-karton-mit-integriertem-griff-90-x-90-x-385-mm-pro-5\/#primaryimage"},"image":{"@id":"https:\/\/www.csj-emballages.com\/de\/produit\/flaschenetui-olivgruen-karton-mit-integriertem-griff-90-x-90-x-385-mm-pro-5\/#primaryimage"},"thumbnailUrl":"https:\/\/www.csj-emballages.com\/wp-content\/uploads\/2025\/09\/134543.webp","datePublished":"2025-09-19T15:18:33+00:00","dateModified":"2026-03-14T01:10:34+00:00","description":"Olivgr\u00fcne Flaschenh\u00fclle aus plastifiziertem Karton mit Griff und Fenster. Ideal f\u00fcr 1 Flasche Bordeaux oder Burgunder.","breadcrumb":{"@id":"https:\/\/www.csj-emballages.com\/de\/produit\/flaschenetui-olivgruen-karton-mit-integriertem-griff-90-x-90-x-385-mm-pro-5\/#breadcrumb"},"inLanguage":"de","potentialAction":[{"@type":"ReadAction","target":["https:\/\/www.csj-emballages.com\/de\/produit\/flaschenetui-olivgruen-karton-mit-integriertem-griff-90-x-90-x-385-mm-pro-5\/"]}]},{"@type":"ImageObject","inLanguage":"de","@id":"https:\/\/www.csj-emballages.com\/de\/produit\/flaschenetui-olivgruen-karton-mit-integriertem-griff-90-x-90-x-385-mm-pro-5\/#primaryimage","url":"https:\/\/www.csj-emballages.com\/wp-content\/uploads\/2025\/09\/134543.webp","contentUrl":"https:\/\/www.csj-emballages.com\/wp-content\/uploads\/2025\/09\/134543.webp","width":800,"height":800,"caption":"\u00c9tui \u00e0 bouteille vert"},{"@type":"BreadcrumbList","@id":"https:\/\/www.csj-emballages.com\/de\/produit\/flaschenetui-olivgruen-karton-mit-integriertem-griff-90-x-90-x-385-mm-pro-5\/#breadcrumb","itemListElement":[{"@type":"ListItem","position":1,"name":"Accueil","item":"https:\/\/www.csj-emballages.com\/de\/universum-lebensmittelverpackungen\/"},{"@type":"ListItem","position":2,"name":"Shop","item":"https:\/\/www.csj-emballages.com\/shop\/"},{"@type":"ListItem","position":3,"name":"Flaschenetui olivgr\u00fcn Karton mit integriertem Griff 90 x 90 x 385 mm pro 10"}]},{"@type":"WebSite","@id":"https:\/\/www.csj-emballages.com\/de\/#website","url":"https:\/\/www.csj-emballages.com\/de\/","name":"CSJ Emballages","description":"","publisher":{"@id":"https:\/\/www.csj-emballages.com\/de\/#organization"},"potentialAction":[{"@type":"SearchAction","target":{"@type":"EntryPoint","urlTemplate":"https:\/\/www.csj-emballages.com\/de\/?s={search_term_string}"},"query-input":{"@type":"PropertyValueSpecification","valueRequired":true,"valueName":"search_term_string"}}],"inLanguage":"de"},{"@type":"Organization","@id":"https:\/\/www.csj-emballages.com\/de\/#Organization\/","name":"CSJ Emballages","url":"https:\/\/www.csj-emballages.com\/de\/","logo":{"@type":"ImageObject","inLanguage":"de","@id":"https:\/\/www.csj-emballages.com\/de\/#\/schema\/logo\/image\/","url":"https:\/\/www.csj-emballages.com\/wp-content\/uploads\/2023\/10\/logo_csj.webp","contentUrl":"https:\/\/www.csj-emballages.com\/wp-content\/uploads\/2023\/10\/logo_csj.webp","width":250,"height":95,"caption":"CSJ Emballages"},"image":{"@id":"https:\/\/www.csj-emballages.com\/de\/#\/schema\/logo\/image\/"},"sameAs":["https:\/\/www.facebook.com\/csjemballages"],"address":{"@type":"PostalAddress","streetAddress":"ZI La Lechere","addressLocality":"Patornay","postalCode":"39130","addressCountry":"FR"},"contactPoint":[{"@type":"ContactPoint","contactType":"Service client","telephone":"0384254272","email":"contact@csj-emballages.com"}]}]}},"df_price":4.97,"df_sale_price":"","df_regular_price":4.97,"df_image_link":"https:\/\/www.csj-emballages.com\/wp-content\/uploads\/2025\/09\/134543-300x300.webp","tiered_pricing_type":"fixed","tiered_pricing_fixed_rules":[],"tiered_pricing_percentage_rules":[],"tiered_pricing_minimum":1,"tiered_pricing_roles_data":[],"_links":{"self":[{"href":"https:\/\/www.csj-emballages.com\/de\/wp-json\/wp\/v2\/product\/249210","targetHints":{"allow":["GET"]}}],"collection":[{"href":"https:\/\/www.csj-emballages.com\/de\/wp-json\/wp\/v2\/product"}],"about":[{"href":"https:\/\/www.csj-emballages.com\/de\/wp-json\/wp\/v2\/types\/product"}],"wp:featuredmedia":[{"embeddable":true,"href":"https:\/\/www.csj-emballages.com\/de\/wp-json\/wp\/v2\/media\/249203"}],"wp:attachment":[{"href":"https:\/\/www.csj-emballages.com\/de\/wp-json\/wp\/v2\/media?parent=249210"}],"wp:term":[{"taxonomy":"product_brand","embeddable":true,"href":"https:\/\/www.csj-emballages.com\/de\/wp-json\/wp\/v2\/product_brand?post=249210"},{"taxonomy":"product_cat","embeddable":true,"href":"https:\/\/www.csj-emballages.com\/de\/wp-json\/wp\/v2\/product_cat?post=249210"},{"taxonomy":"product_tag","embeddable":true,"href":"https:\/\/www.csj-emballages.com\/de\/wp-json\/wp\/v2\/product_tag?post=249210"}],"curies":[{"name":"wp","href":"https:\/\/api.w.org\/{rel}","templated":true}]}}