{"id":249159,"date":"2025-09-19T17:18:22","date_gmt":"2025-09-19T15:18:22","guid":{"rendered":"https:\/\/www.csj-emballages.com\/produit\/karton-fuer-2-flaschen-weiss-karton-mit-integriertem-griff-180-x-90-x-385-mm-pro-5\/"},"modified":"2026-04-18T02:11:11","modified_gmt":"2026-04-18T00:11:11","slug":"karton-fuer-2-flaschen-weiss-karton-mit-integriertem-griff-180-x-90-x-385-mm-pro-5","status":"publish","type":"product","link":"https:\/\/www.csj-emballages.com\/de\/produit\/karton-fuer-2-flaschen-weiss-karton-mit-integriertem-griff-180-x-90-x-385-mm-pro-5\/","title":{"rendered":"Karton f\u00fcr 2 Flaschen wei\u00df Karton mit integriertem Griff 180 x 90 x 385 mm pro 5"},"content":{"rendered":"<h2 class=\"p1\">Etui f\u00fcr 2 Flaschen wei\u00df<\/h2>\n<hr>\n<h3>Beschreibung unseres Etuis f\u00fcr 2 Flaschen wei\u00df Karton mit integriertem Griff 180 x 90 x 385 mm per 5<\/h3>\n<p><!--more--><\/p>\n<p data-start=\"183\" data-end=\"730\">Verleihen Sie Ihren Flaschen eine <strong>sch\u00f6ne<\/strong> <strong data-start=\"194\" data-end=\"231\">Pr\u00e4sentation<\/strong> mit dieser <strong data-start=\"261\" data-end=\"298\">wei\u00dfen 2er-Flaschenh\u00fclle aus Karton<\/strong>. Hergestellt aus <strong data-start=\"455\" data-end=\"486\">hochwertigem, laminiertem Karton<\/strong>, garantiert sie exzellenten <strong data-start=\"515\" data-end=\"550\">Transportschutz<\/strong> und setzt Ihre Produkte gleichzeitig optimal in Szene. Dank des <strong data-start=\"602\" data-end=\"622\">integrierten Griffs<\/strong> l\u00e4sst sie sich leicht transportieren, ohne Rutsch- oder Bruchgefahr, selbst bei schwerem Inhalt.<\/p>\n<p data-start=\"732\" data-end=\"1134\">Auch die <strong data-start=\"745\" data-end=\"767\">ausgeschnittenen Fenster<\/strong> dienen nicht nur dem Design: Sie fungieren als <strong data-start=\"832\" data-end=\"847\">Trennstege<\/strong> und verhindern so, dass die Flaschen aneinandersto\u00dfen. Ein cleveres Detail, das <strong data-start=\"928\" data-end=\"972\">Sicherheit und professionelle Pr\u00e4sentation<\/strong> vereint. Diese <strong>2er-Flaschenh\u00fclle<\/strong> ist ideal f\u00fcr <strong data-start=\"1004\" data-end=\"1016\">Weinh\u00e4ndler<\/strong>, <strong data-start=\"1018\" data-end=\"1040\">Weinproduzenten<\/strong>, <strong data-start=\"1042\" data-end=\"1061\">Feinkostl\u00e4den<\/strong> oder <strong data-start=\"1072\" data-end=\"1123\">Unternehmen, die ein edles Geschenkset anbieten m\u00f6chten<\/strong>.<\/p>\n<p data-start=\"1136\" data-end=\"1464\">Ein weiterer Vorteil: Ihre schlichte und moderne <strong data-start=\"1152\" data-end=\"1171\">wei\u00dfe Farbe<\/strong> verleiht einen Hauch von <strong data-start=\"1211\" data-end=\"1237\">zeitloser Eleganz<\/strong> und bietet die M\u00f6glichkeit, Ihr <strong data-start=\"1281\" data-end=\"1322\">Logo, Etikett oder ein personalisiertes Band<\/strong> anzubringen. Ob f\u00fcr ein Event, den Verkauf im Gesch\u00e4ft oder eine Sonderbestellung \u2013 diese Verpackung wird Ihre Flaschen elegant in Szene setzen.<\/p>\n<p data-start=\"1466\" data-end=\"1599\">Alles in allem ist dieses <strong data-start=\"1480\" data-end=\"1501\">Etui f\u00fcr 2 Flaschen<\/strong> die perfekte L\u00f6sung, um <strong data-start=\"1539\" data-end=\"1553\">Schutz<\/strong>, <strong data-start=\"1555\" data-end=\"1568\">Praktikabilit\u00e4t<\/strong> und eine <strong data-start=\"1572\" data-end=\"1596\">gepflegte Pr\u00e4sentation<\/strong> zu vereinen.<\/p>\n<p data-start=\"1378\" data-end=\"1605\"><!--more--><\/p>\n<h4 data-start=\"1378\" data-end=\"1605\">Vorteile :<\/h4>\n<ul>\n<li data-start=\"1646\" data-end=\"1707\"><strong data-start=\"1648\" data-end=\"1668\">Integrierter Griff<\/strong> f\u00fcr einen einfachen und sicheren Transport<\/li>\n<li data-start=\"1710\" data-end=\"1779\"><strong data-start=\"1712\" data-end=\"1737\">Trennfenster<\/strong>, die den Kontakt zwischen den Flaschen verhindern<\/li>\n<li data-start=\"1782\" data-end=\"1840\"><strong data-start=\"1784\" data-end=\"1812\">Robuster<\/strong>, feuchtigkeitsbest\u00e4ndiger, <strong data-start=\"1784\" data-end=\"1812\">laminierter Karton<\/strong> <\/li>\n<li data-start=\"1843\" data-end=\"1906\"><strong data-start=\"1845\" data-end=\"1869\">Elegantes wei\u00dfes Design<\/strong>, das an Ihre Bed\u00fcrfnisse angepasst werden kann<\/li>\n<li data-start=\"1909\" data-end=\"1966\">Geeignet f\u00fcr <strong data-start=\"1922\" data-end=\"1964\">Bordeaux- und Burgunderflaschen<\/strong>.<\/li>\n<\/ul>\n<p>&nbsp;<\/p>\n<p><!--more--><\/p>\n<h4>Weitere Informationen :<\/h4>\n<ul>\n<li><strong>Verpackung<\/strong>: Packung mit 5 St\u00fcck<\/li>\n<li><strong>Ma\u00dfe<\/strong>: 180 x 90 x 385 mm<\/li>\n<li><strong>Material<\/strong>: Karton<\/li>\n<li><strong>Kapazit\u00e4t<\/strong>: 2 Flaschen<\/li>\n<li><strong>Farbe<\/strong>: Wei\u00df<\/li>\n<\/ul>\n<p>&nbsp;<\/p>\n<p><!--more--><\/p>\n<p>Dieses wei\u00dfe Etui f\u00fcr 2 Flaschen gibt es in verschiedenen Ausf\u00fchrungen: <span style=\"color: #d12727;\"><a style=\"color: #d12727;\" href=\"https:\/\/www.csj-emballages.com\/produit\/etui-a-bouteille-blanc-carton-avec-poignee-integree-90-x-90-x-384-mm-par-5\/\">1 Flaschen<\/a><\/span> \/ <span style=\"color: #d12727;\"><a style=\"color: #d12727;\" href=\"https:\/\/www.csj-emballages.com\/en\/produit\/3-bottle-case-white-with-integrated-handle-270-x-90-x-385-mm-pack-of-5\/\">3 Flaschen<\/a><\/span><\/p>\n<p>&nbsp;<\/p>\n<p><!--more--><\/p>\n<p>Hier finden Sie alle Farben, die f\u00fcr dieses Etui f\u00fcr 2 Flaschen erh\u00e4ltlich sind: <span style=\"color: #d12727;\"><a style=\"color: #d12727;\" href=\"https:\/\/www.csj-emballages.com\/es\/produit\/estuche-de-carton-para-2-botellas-con-asa\/\">Kraft<\/a> <\/span>\/ <span style=\"color: #d12727;\"><a style=\"color: #d12727;\" href=\"https:\/\/www.csj-emballages.com\/en\/produit\/2-bottle-case-black-cardboard-with-integrated-handle-180-x-90-x-385-mm-pack-of-5\/\">Schwarz<\/a> <span style=\"color: #000000;\">\/<\/span> <a style=\"color: #d12727;\" href=\"https:\/\/www.csj-emballages.com\/es\/produit\/estuche-de-carton-verde-oliva-de-2-botellas-con-asa-integrada-180-x-90-x-385-mm-paquete-de-5\/\">Olivgr\u00fcn<\/a> <span style=\"color: #000000;\">\/<\/span> <a style=\"color: #d12727;\" href=\"https:\/\/www.csj-emballages.com\/es\/produit\/estuche-de-carton-burdeos-de-2-botellas-con-asa-integrada-180-x-90-x-385-mm-paquete-de-5\/\">Bordeaux<\/a> <\/span> <\/p>\n<p>&nbsp;<\/p>\n<p><!--more--><\/p>\n<p><a href=\"https:\/\/www.csj-emballages.com\/de\/categorie-produit\/lebensmittelverpackungen\/boutique-und-geschaft\/sacke-beutel\/flaschensacke\/\">Entdecken Sie auch unsere weiteren Flaschentaschen \/ -h\u00fcllen.<\/a><\/p>\n","protected":false},"excerpt":{"rendered":"<p>Etui f\u00fcr 2 Flaschen wei\u00df Beschreibung unseres Etuis f\u00fcr 2 Flaschen wei\u00df Karton mit integriertem Griff 180 x 90 x 385 mm per 5<\/p>\n","protected":false},"featured_media":249153,"template":"","meta":{"_acf_changed":false},"product_brand":[],"product_cat":[1137,1487,3969,3415],"product_tag":[],"class_list":{"0":"post-249159","1":"product","2":"type-product","3":"status-publish","4":"has-post-thumbnail","6":"product_cat-lebensmittelverpackungen","7":"product_cat-boutique-und-geschaft","8":"product_cat-sacke-beutel","9":"product_cat-flaschensacke","11":"first","12":"instock","13":"taxable","14":"shipping-taxable","15":"purchasable","16":"product-type-simple"},"acf":[],"yoast_head":"<!-- This site is optimized with the Yoast SEO Premium plugin v26.6 (Yoast SEO v26.6) - https:\/\/yoast.com\/wordpress\/plugins\/seo\/ -->\n<title>Wei\u00dfes 2-Flaschen-Etui mit integriertem Griff 180 x 90 x 385 mm<\/title>\n<meta name=\"description\" content=\"Wei\u00dfes Etui f\u00fcr 2 Flaschen aus Karton mit integriertem Griff. Stabil, elegant und praktisch f\u00fcr Bordeaux oder Burgunder. Ideal zum Verschenken und Transportieren.\" \/>\n<meta name=\"robots\" content=\"index, follow, max-snippet:-1, max-image-preview:large, max-video-preview:-1\" \/>\n<link rel=\"canonical\" href=\"https:\/\/www.csj-emballages.com\/de\/produit\/karton-fuer-2-flaschen-weiss-karton-mit-integriertem-griff-180-x-90-x-385-mm-pro-5\/\" \/>\n<meta property=\"og:locale\" content=\"de_DE\" \/>\n<meta property=\"og:type\" content=\"article\" \/>\n<meta property=\"og:title\" content=\"Karton f\u00fcr 2 Flaschen wei\u00df Karton mit integriertem Griff 180 x 90 x 385 mm pro 5\" \/>\n<meta property=\"og:description\" content=\"Wei\u00dfes Etui f\u00fcr 2 Flaschen aus Karton mit integriertem Griff. Stabil, elegant und praktisch f\u00fcr Bordeaux oder Burgunder. Ideal zum Verschenken und Transportieren.\" \/>\n<meta property=\"og:url\" content=\"https:\/\/www.csj-emballages.com\/de\/produit\/karton-fuer-2-flaschen-weiss-karton-mit-integriertem-griff-180-x-90-x-385-mm-pro-5\/\" \/>\n<meta property=\"og:site_name\" content=\"CSJ Emballages\" \/>\n<meta property=\"article:publisher\" content=\"https:\/\/www.facebook.com\/csjemballages\" \/>\n<meta property=\"article:modified_time\" content=\"2026-04-18T00:11:11+00:00\" \/>\n<meta property=\"og:image\" content=\"https:\/\/www.csj-emballages.com\/wp-content\/uploads\/2025\/09\/119245.webp\" \/>\n\t<meta property=\"og:image:width\" content=\"800\" \/>\n\t<meta property=\"og:image:height\" content=\"800\" \/>\n\t<meta property=\"og:image:type\" content=\"image\/webp\" \/>\n<meta name=\"twitter:card\" content=\"summary_large_image\" \/>\n<meta name=\"twitter:label1\" content=\"Gesch\u00e4tzte Lesezeit\" \/>\n\t<meta name=\"twitter:data1\" content=\"2 Minuten\" \/>\n<script type=\"application\/ld+json\" class=\"yoast-schema-graph\">{\"@context\":\"https:\/\/schema.org\",\"@graph\":[{\"@type\":\"WebPage\",\"@id\":\"https:\/\/www.csj-emballages.com\/de\/produit\/karton-fuer-2-flaschen-weiss-karton-mit-integriertem-griff-180-x-90-x-385-mm-pro-5\/\",\"url\":\"https:\/\/www.csj-emballages.com\/de\/produit\/karton-fuer-2-flaschen-weiss-karton-mit-integriertem-griff-180-x-90-x-385-mm-pro-5\/\",\"name\":\"Wei\u00dfes 2-Flaschen-Etui mit integriertem Griff 180 x 90 x 385 mm\",\"isPartOf\":{\"@id\":\"https:\/\/www.csj-emballages.com\/de\/#website\"},\"primaryImageOfPage\":{\"@id\":\"https:\/\/www.csj-emballages.com\/de\/produit\/karton-fuer-2-flaschen-weiss-karton-mit-integriertem-griff-180-x-90-x-385-mm-pro-5\/#primaryimage\"},\"image\":{\"@id\":\"https:\/\/www.csj-emballages.com\/de\/produit\/karton-fuer-2-flaschen-weiss-karton-mit-integriertem-griff-180-x-90-x-385-mm-pro-5\/#primaryimage\"},\"thumbnailUrl\":\"https:\/\/www.csj-emballages.com\/wp-content\/uploads\/2025\/09\/119245.webp\",\"datePublished\":\"2025-09-19T15:18:22+00:00\",\"dateModified\":\"2026-04-18T00:11:11+00:00\",\"description\":\"Wei\u00dfes Etui f\u00fcr 2 Flaschen aus Karton mit integriertem Griff. Stabil, elegant und praktisch f\u00fcr Bordeaux oder Burgunder. Ideal zum Verschenken und Transportieren.\",\"breadcrumb\":{\"@id\":\"https:\/\/www.csj-emballages.com\/de\/produit\/karton-fuer-2-flaschen-weiss-karton-mit-integriertem-griff-180-x-90-x-385-mm-pro-5\/#breadcrumb\"},\"inLanguage\":\"de\",\"potentialAction\":[{\"@type\":\"ReadAction\",\"target\":[\"https:\/\/www.csj-emballages.com\/de\/produit\/karton-fuer-2-flaschen-weiss-karton-mit-integriertem-griff-180-x-90-x-385-mm-pro-5\/\"]}]},{\"@type\":\"ImageObject\",\"inLanguage\":\"de\",\"@id\":\"https:\/\/www.csj-emballages.com\/de\/produit\/karton-fuer-2-flaschen-weiss-karton-mit-integriertem-griff-180-x-90-x-385-mm-pro-5\/#primaryimage\",\"url\":\"https:\/\/www.csj-emballages.com\/wp-content\/uploads\/2025\/09\/119245.webp\",\"contentUrl\":\"https:\/\/www.csj-emballages.com\/wp-content\/uploads\/2025\/09\/119245.webp\",\"width\":800,\"height\":800,\"caption\":\"\u00c9tui 2 bouteilles blanc\"},{\"@type\":\"BreadcrumbList\",\"@id\":\"https:\/\/www.csj-emballages.com\/de\/produit\/karton-fuer-2-flaschen-weiss-karton-mit-integriertem-griff-180-x-90-x-385-mm-pro-5\/#breadcrumb\",\"itemListElement\":[{\"@type\":\"ListItem\",\"position\":1,\"name\":\"Accueil\",\"item\":\"https:\/\/www.csj-emballages.com\/de\/universum-lebensmittelverpackungen\/\"},{\"@type\":\"ListItem\",\"position\":2,\"name\":\"Shop\",\"item\":\"https:\/\/www.csj-emballages.com\/shop\/\"},{\"@type\":\"ListItem\",\"position\":3,\"name\":\"Karton f\u00fcr 2 Flaschen wei\u00df Karton mit integriertem Griff 180 x 90 x 385 mm pro 5\"}]},{\"@type\":\"WebSite\",\"@id\":\"https:\/\/www.csj-emballages.com\/de\/#website\",\"url\":\"https:\/\/www.csj-emballages.com\/de\/\",\"name\":\"CSJ Emballages\",\"description\":\"\",\"publisher\":{\"@id\":\"https:\/\/www.csj-emballages.com\/de\/#organization\"},\"potentialAction\":[{\"@type\":\"SearchAction\",\"target\":{\"@type\":\"EntryPoint\",\"urlTemplate\":\"https:\/\/www.csj-emballages.com\/de\/?s={search_term_string}\"},\"query-input\":{\"@type\":\"PropertyValueSpecification\",\"valueRequired\":true,\"valueName\":\"search_term_string\"}}],\"inLanguage\":\"de\"},{\"@type\":\"Organization\",\"@id\":\"https:\/\/www.csj-emballages.com\/de\/#Organization\/\",\"name\":\"CSJ Emballages\",\"url\":\"https:\/\/www.csj-emballages.com\/de\/\",\"logo\":{\"@type\":\"ImageObject\",\"inLanguage\":\"de\",\"@id\":\"https:\/\/www.csj-emballages.com\/de\/#\/schema\/logo\/image\/\",\"url\":\"https:\/\/www.csj-emballages.com\/wp-content\/uploads\/2023\/10\/logo_csj.webp\",\"contentUrl\":\"https:\/\/www.csj-emballages.com\/wp-content\/uploads\/2023\/10\/logo_csj.webp\",\"width\":250,\"height\":95,\"caption\":\"CSJ Emballages\"},\"image\":{\"@id\":\"https:\/\/www.csj-emballages.com\/de\/#\/schema\/logo\/image\/\"},\"sameAs\":[\"https:\/\/www.facebook.com\/csjemballages\"],\"address\":{\"@type\":\"PostalAddress\",\"streetAddress\":\"ZI La Lechere\",\"addressLocality\":\"Patornay\",\"postalCode\":\"39130\",\"addressCountry\":\"FR\"},\"contactPoint\":[{\"@type\":\"ContactPoint\",\"contactType\":\"Service client\",\"telephone\":\"0384254272\",\"email\":\"contact@csj-emballages.com\"}]}]}<\/script>\n<!-- \/ Yoast SEO Premium plugin. -->","yoast_head_json":{"title":"Wei\u00dfes 2-Flaschen-Etui mit integriertem Griff 180 x 90 x 385 mm","description":"Wei\u00dfes Etui f\u00fcr 2 Flaschen aus Karton mit integriertem Griff. Stabil, elegant und praktisch f\u00fcr Bordeaux oder Burgunder. Ideal zum Verschenken und Transportieren.","robots":{"index":"index","follow":"follow","max-snippet":"max-snippet:-1","max-image-preview":"max-image-preview:large","max-video-preview":"max-video-preview:-1"},"canonical":"https:\/\/www.csj-emballages.com\/de\/produit\/karton-fuer-2-flaschen-weiss-karton-mit-integriertem-griff-180-x-90-x-385-mm-pro-5\/","og_locale":"de_DE","og_type":"article","og_title":"Karton f\u00fcr 2 Flaschen wei\u00df Karton mit integriertem Griff 180 x 90 x 385 mm pro 5","og_description":"Wei\u00dfes Etui f\u00fcr 2 Flaschen aus Karton mit integriertem Griff. Stabil, elegant und praktisch f\u00fcr Bordeaux oder Burgunder. Ideal zum Verschenken und Transportieren.","og_url":"https:\/\/www.csj-emballages.com\/de\/produit\/karton-fuer-2-flaschen-weiss-karton-mit-integriertem-griff-180-x-90-x-385-mm-pro-5\/","og_site_name":"CSJ Emballages","article_publisher":"https:\/\/www.facebook.com\/csjemballages","article_modified_time":"2026-04-18T00:11:11+00:00","og_image":[{"width":800,"height":800,"url":"https:\/\/www.csj-emballages.com\/wp-content\/uploads\/2025\/09\/119245.webp","type":"image\/webp"}],"twitter_card":"summary_large_image","twitter_misc":{"Gesch\u00e4tzte Lesezeit":"2 Minuten"},"schema":{"@context":"https:\/\/schema.org","@graph":[{"@type":"WebPage","@id":"https:\/\/www.csj-emballages.com\/de\/produit\/karton-fuer-2-flaschen-weiss-karton-mit-integriertem-griff-180-x-90-x-385-mm-pro-5\/","url":"https:\/\/www.csj-emballages.com\/de\/produit\/karton-fuer-2-flaschen-weiss-karton-mit-integriertem-griff-180-x-90-x-385-mm-pro-5\/","name":"Wei\u00dfes 2-Flaschen-Etui mit integriertem Griff 180 x 90 x 385 mm","isPartOf":{"@id":"https:\/\/www.csj-emballages.com\/de\/#website"},"primaryImageOfPage":{"@id":"https:\/\/www.csj-emballages.com\/de\/produit\/karton-fuer-2-flaschen-weiss-karton-mit-integriertem-griff-180-x-90-x-385-mm-pro-5\/#primaryimage"},"image":{"@id":"https:\/\/www.csj-emballages.com\/de\/produit\/karton-fuer-2-flaschen-weiss-karton-mit-integriertem-griff-180-x-90-x-385-mm-pro-5\/#primaryimage"},"thumbnailUrl":"https:\/\/www.csj-emballages.com\/wp-content\/uploads\/2025\/09\/119245.webp","datePublished":"2025-09-19T15:18:22+00:00","dateModified":"2026-04-18T00:11:11+00:00","description":"Wei\u00dfes Etui f\u00fcr 2 Flaschen aus Karton mit integriertem Griff. Stabil, elegant und praktisch f\u00fcr Bordeaux oder Burgunder. Ideal zum Verschenken und Transportieren.","breadcrumb":{"@id":"https:\/\/www.csj-emballages.com\/de\/produit\/karton-fuer-2-flaschen-weiss-karton-mit-integriertem-griff-180-x-90-x-385-mm-pro-5\/#breadcrumb"},"inLanguage":"de","potentialAction":[{"@type":"ReadAction","target":["https:\/\/www.csj-emballages.com\/de\/produit\/karton-fuer-2-flaschen-weiss-karton-mit-integriertem-griff-180-x-90-x-385-mm-pro-5\/"]}]},{"@type":"ImageObject","inLanguage":"de","@id":"https:\/\/www.csj-emballages.com\/de\/produit\/karton-fuer-2-flaschen-weiss-karton-mit-integriertem-griff-180-x-90-x-385-mm-pro-5\/#primaryimage","url":"https:\/\/www.csj-emballages.com\/wp-content\/uploads\/2025\/09\/119245.webp","contentUrl":"https:\/\/www.csj-emballages.com\/wp-content\/uploads\/2025\/09\/119245.webp","width":800,"height":800,"caption":"\u00c9tui 2 bouteilles blanc"},{"@type":"BreadcrumbList","@id":"https:\/\/www.csj-emballages.com\/de\/produit\/karton-fuer-2-flaschen-weiss-karton-mit-integriertem-griff-180-x-90-x-385-mm-pro-5\/#breadcrumb","itemListElement":[{"@type":"ListItem","position":1,"name":"Accueil","item":"https:\/\/www.csj-emballages.com\/de\/universum-lebensmittelverpackungen\/"},{"@type":"ListItem","position":2,"name":"Shop","item":"https:\/\/www.csj-emballages.com\/shop\/"},{"@type":"ListItem","position":3,"name":"Karton f\u00fcr 2 Flaschen wei\u00df Karton mit integriertem Griff 180 x 90 x 385 mm pro 5"}]},{"@type":"WebSite","@id":"https:\/\/www.csj-emballages.com\/de\/#website","url":"https:\/\/www.csj-emballages.com\/de\/","name":"CSJ Emballages","description":"","publisher":{"@id":"https:\/\/www.csj-emballages.com\/de\/#organization"},"potentialAction":[{"@type":"SearchAction","target":{"@type":"EntryPoint","urlTemplate":"https:\/\/www.csj-emballages.com\/de\/?s={search_term_string}"},"query-input":{"@type":"PropertyValueSpecification","valueRequired":true,"valueName":"search_term_string"}}],"inLanguage":"de"},{"@type":"Organization","@id":"https:\/\/www.csj-emballages.com\/de\/#Organization\/","name":"CSJ Emballages","url":"https:\/\/www.csj-emballages.com\/de\/","logo":{"@type":"ImageObject","inLanguage":"de","@id":"https:\/\/www.csj-emballages.com\/de\/#\/schema\/logo\/image\/","url":"https:\/\/www.csj-emballages.com\/wp-content\/uploads\/2023\/10\/logo_csj.webp","contentUrl":"https:\/\/www.csj-emballages.com\/wp-content\/uploads\/2023\/10\/logo_csj.webp","width":250,"height":95,"caption":"CSJ Emballages"},"image":{"@id":"https:\/\/www.csj-emballages.com\/de\/#\/schema\/logo\/image\/"},"sameAs":["https:\/\/www.facebook.com\/csjemballages"],"address":{"@type":"PostalAddress","streetAddress":"ZI La Lechere","addressLocality":"Patornay","postalCode":"39130","addressCountry":"FR"},"contactPoint":[{"@type":"ContactPoint","contactType":"Service client","telephone":"0384254272","email":"contact@csj-emballages.com"}]}]}},"df_price":6.82,"df_sale_price":"","df_regular_price":6.82,"df_image_link":"https:\/\/www.csj-emballages.com\/wp-content\/uploads\/2025\/09\/119245-300x300.webp","tiered_pricing_type":"fixed","tiered_pricing_fixed_rules":[],"tiered_pricing_percentage_rules":[],"tiered_pricing_minimum":1,"tiered_pricing_roles_data":[],"_links":{"self":[{"href":"https:\/\/www.csj-emballages.com\/de\/wp-json\/wp\/v2\/product\/249159","targetHints":{"allow":["GET"]}}],"collection":[{"href":"https:\/\/www.csj-emballages.com\/de\/wp-json\/wp\/v2\/product"}],"about":[{"href":"https:\/\/www.csj-emballages.com\/de\/wp-json\/wp\/v2\/types\/product"}],"wp:featuredmedia":[{"embeddable":true,"href":"https:\/\/www.csj-emballages.com\/de\/wp-json\/wp\/v2\/media\/249153"}],"wp:attachment":[{"href":"https:\/\/www.csj-emballages.com\/de\/wp-json\/wp\/v2\/media?parent=249159"}],"wp:term":[{"taxonomy":"product_brand","embeddable":true,"href":"https:\/\/www.csj-emballages.com\/de\/wp-json\/wp\/v2\/product_brand?post=249159"},{"taxonomy":"product_cat","embeddable":true,"href":"https:\/\/www.csj-emballages.com\/de\/wp-json\/wp\/v2\/product_cat?post=249159"},{"taxonomy":"product_tag","embeddable":true,"href":"https:\/\/www.csj-emballages.com\/de\/wp-json\/wp\/v2\/product_tag?post=249159"}],"curies":[{"name":"wp","href":"https:\/\/api.w.org\/{rel}","templated":true}]}}