{"id":249128,"date":"2025-09-18T16:18:21","date_gmt":"2025-09-18T14:18:21","guid":{"rendered":"https:\/\/www.csj-emballages.com\/produit\/flaschenetui-schwarz-karton-mit-integriertem-griff-90-x-90-x-384-mm-pro-5\/"},"modified":"2026-04-18T02:10:33","modified_gmt":"2026-04-18T00:10:33","slug":"flaschenetui-schwarz-karton-mit-integriertem-griff-90-x-90-x-384-mm-pro-5","status":"publish","type":"product","link":"https:\/\/www.csj-emballages.com\/de\/produit\/flaschenetui-schwarz-karton-mit-integriertem-griff-90-x-90-x-384-mm-pro-5\/","title":{"rendered":"Flaschenetui schwarz Karton mit integriertem Griff 90 x 90 x 385 mm pro 10"},"content":{"rendered":"<h2 class=\"p1\">Flaschenetui schwarz<\/h2>\n<hr>\n<h3>Beschreibung unserer Flaschentasche schwarz Karton mit integriertem Griff 90 x 90 x 384 mm pro 10<\/h3>\n<p><!--more--><\/p>\n<p data-start=\"110\" data-end=\"413\">Das<strong>schwarze Flaschenetui aus Karton mit integriertem Griff<\/strong> ist die ideale L\u00f6sung, um Ihre <strong>Weinflaschen<\/strong> elegant zu verpacken, zu transportieren und zu verschenken. Das <strong>Etui<\/strong> bietet Platz f\u00fcr <strong>1<\/strong> <strong>vertikale<\/strong> <strong>Flasche<\/strong> <strong>Bordeaux<\/strong> oder <strong>Burgunder<\/strong> und vereint Widerstandsf\u00e4higkeit, \u00c4sthetik und Praktikabilit\u00e4t. Dank des <strong>integrierten Griffs<\/strong> wird der Transport einfach und sicher und verleiht Ihrer Pr\u00e4sentation eine gepflegte Note. Das <strong>Fenster auf der Vorderseite<\/strong> hebt <strong>den Inhalt<\/strong> auf subtile Weise hervor, sodass Sie die Flasche sehen k\u00f6nnen, ohne sie zu \u00f6ffnen &#8211; ein Detail, das beim Verkauf oder als Geschenk den Unterschied ausmacht.   <\/p>\n<p data-start=\"736\" data-end=\"1072\">Diese aus <strong>festem<\/strong> <strong>Karton<\/strong> hergestellte <strong>Flaschenh\u00fclle<\/strong> sch\u00fctzt Ihre Flaschen wirksam vor St\u00f6\u00dfen und sorgt gleichzeitig f\u00fcr ein professionelles Aussehen. Die <strong>elegante schwarze Farbe<\/strong> sorgt f\u00fcr ein modernes Finish und ist ideal f\u00fcr Weinkellereien, Kellereien, Produzenten, Restaurants oder Feinkostl\u00e4den, die ihr Image pflegen m\u00f6chten. <\/p>\n<p data-start=\"1074\" data-end=\"1381\">Auch der Aufbau ist schnell und intuitiv, was ihn zu einer perfekten Wahl f\u00fcr Express-Verpackungen in Zeiten hoher Auslastung macht. Die Standardgr\u00f6\u00dfe von <strong>90 x 90 x 384 mm <\/strong>passt perfekt zu den klassischen Weinformaten und sorgt f\u00fcr einen optimalen Halt und eine makellose Pr\u00e4sentation. <\/p>\n<p data-start=\"1383\" data-end=\"1577\">Alles in allem vereint diese <strong>schwarze Flaschentasche aus Karton<\/strong> Stabilit\u00e4t, Design und Funktionalit\u00e4t. Sie wertet Ihre Produkte auf und bietet gleichzeitig ein hochwertiges Kundenerlebnis zum kleinen Preis. <\/p>\n<p data-start=\"1378\" data-end=\"1605\"><!--more--><\/p>\n<h4 data-start=\"1378\" data-end=\"1605\">Vorteile :<\/h4>\n<ul>\n<li data-start=\"1624\" data-end=\"1683\"><strong data-start=\"1624\" data-end=\"1644\">Integrierter Griff<\/strong> f\u00fcr einen einfachen und sicheren Transport<\/li>\n<li data-start=\"1686\" data-end=\"1758\"><strong data-start=\"1686\" data-end=\"1706\">Frontfenster<\/strong> f\u00fcr eine sofortige Hervorhebung der Flasche<\/li>\n<li data-start=\"1761\" data-end=\"1814\"><strong data-start=\"1761\" data-end=\"1778\">Hartkarton<\/strong> gew\u00e4hrleistet Schutz und Haltbarkeit<\/li>\n<li data-start=\"1817\" data-end=\"1877\"><strong data-start=\"1817\" data-end=\"1835\">Elegantes<\/strong>, schlichtes <strong data-start=\"1817\" data-end=\"1835\">Design<\/strong>, geeignet f\u00fcr alle Gelegenheiten<\/li>\n<li data-start=\"1880\" data-end=\"1941\"><strong data-start=\"1880\" data-end=\"1908\">Schnelle und einfache Montage<\/strong>, ideal f\u00fcr Profis<\/li>\n<li data-start=\"1944\" data-end=\"2015\"><strong data-start=\"1944\" data-end=\"1964\">Universalformat<\/strong>, das mit Bordeaux- und Burgunderflaschen kompatibel ist.<\/li>\n<\/ul>\n<p>&nbsp;<\/p>\n<p><!--more--><\/p>\n<h4>Weitere Informationen :<\/h4>\n<ul>\n<li><strong>Verpackung<\/strong>: Packung mit 10 St\u00fcck<\/li>\n<li><strong>Ma\u00dfe<\/strong>: 90 x 90 x 384 mm<\/li>\n<li><strong>Material<\/strong>: Karton<\/li>\n<li><strong>Kapazit\u00e4t<\/strong>: 1 Flasche<\/li>\n<li><strong>Farbe<\/strong>: Schwarz<\/li>\n<\/ul>\n<p>&nbsp;<\/p>\n<p><!--more--><\/p>\n<p>Dieses schwarze Etui f\u00fcr 1 Flasche gibt es auch in der Version f\u00fcr 2 Flaschen : <span style=\"color: #d12727;\"><a style=\"color: #d12727;\" href=\"https:\/\/www.csj-emballages.com\/es\/produit\/estuche-de-carton-negro-para-2-botellas-con-asa-integrada-180-x-90-x-385-mm-paquete-de-5\/\">117122C<\/a><\/span><\/p>\n<p>&nbsp;<\/p>\n<p><!--more--><\/p>\n<p>Hier finden Sie alle verf\u00fcgbaren Farben f\u00fcr dieses Etui f\u00fcr 1 Flasche : <span style=\"color: #d12727;\"><a style=\"color: #d12727;\" href=\"https:\/\/www.csj-emballages.com\/produit\/etui-a-bouteille-blanc-carton-avec-poignee-integree-90-x-90-x-384-mm-par-5\/\">Wei\u00df<\/a><\/span><span style=\"color: #d12727;\"> <\/span>\/ <span style=\"color: #d12727;\"><a style=\"color: #d12727;\" href=\"https:\/\/www.csj-emballages.com\/produit\/etui-a-bouteille-vert-olive-carton-avec-poignee-integree-90-x-90-385-mm-par-5\/\">Olivgr\u00fcn<\/a> <\/span>\/ <span style=\"color: #d12727;\"><a style=\"color: #d12727;\" href=\"https:\/\/www.csj-emballages.com\/produit\/etui-a-bouteille-bordeaux-carton-avec-poignee-90-x-90-x-384-mm-par-5\/\">Bordeaux<\/a><\/span><\/p>\n<p>&nbsp;<\/p>\n<p><!--more--><\/p>\n<p><a href=\"https:\/\/www.csj-emballages.com\/de\/categorie-produit\/lebensmittelverpackungen\/boutique-und-geschaft\/sacke-beutel\/flaschensacke\/\">Entdecken Sie auch unsere weiteren Flaschentaschen \/ -h\u00fcllen.<\/a><\/p>\n","protected":false},"excerpt":{"rendered":"<p>Flaschenetui schwarz Beschreibung unserer Flaschentasche schwarz Karton mit integriertem Griff 90 x 90 x 384 mm pro 10<\/p>\n","protected":false},"featured_media":249123,"template":"","meta":{"_acf_changed":false},"product_brand":[],"product_cat":[1137,1487,3969,3415],"product_tag":[],"class_list":{"0":"post-249128","1":"product","2":"type-product","3":"status-publish","4":"has-post-thumbnail","6":"product_cat-lebensmittelverpackungen","7":"product_cat-boutique-und-geschaft","8":"product_cat-sacke-beutel","9":"product_cat-flaschensacke","11":"first","12":"instock","13":"taxable","14":"shipping-taxable","15":"purchasable","16":"product-type-simple"},"acf":[],"yoast_head":"<!-- This site is optimized with the Yoast SEO Premium plugin v26.6 (Yoast SEO v26.6) - https:\/\/yoast.com\/wordpress\/plugins\/seo\/ -->\n<title>Flaschentasche Schwarz mit integriertem Griff 90 x 90 x 384 mm<\/title>\n<meta name=\"description\" content=\"Schwarzes Flaschenetui aus Karton mit Griff und Frontfenster. Elegant, stabil und praktisch f\u00fcr 1 Flasche Bordeaux oder Burgunder.\" \/>\n<meta name=\"robots\" content=\"index, follow, max-snippet:-1, max-image-preview:large, max-video-preview:-1\" \/>\n<link rel=\"canonical\" href=\"https:\/\/www.csj-emballages.com\/de\/produit\/flaschenetui-schwarz-karton-mit-integriertem-griff-90-x-90-x-384-mm-pro-5\/\" \/>\n<meta property=\"og:locale\" content=\"de_DE\" \/>\n<meta property=\"og:type\" content=\"article\" \/>\n<meta property=\"og:title\" content=\"Flaschenetui schwarz Karton mit integriertem Griff 90 x 90 x 385 mm pro 10\" \/>\n<meta property=\"og:description\" content=\"Schwarzes Flaschenetui aus Karton mit Griff und Frontfenster. Elegant, stabil und praktisch f\u00fcr 1 Flasche Bordeaux oder Burgunder.\" \/>\n<meta property=\"og:url\" content=\"https:\/\/www.csj-emballages.com\/de\/produit\/flaschenetui-schwarz-karton-mit-integriertem-griff-90-x-90-x-384-mm-pro-5\/\" \/>\n<meta property=\"og:site_name\" content=\"CSJ Emballages\" \/>\n<meta property=\"article:publisher\" content=\"https:\/\/www.facebook.com\/csjemballages\" \/>\n<meta property=\"article:modified_time\" content=\"2026-04-18T00:10:33+00:00\" \/>\n<meta property=\"og:image\" content=\"https:\/\/www.csj-emballages.com\/wp-content\/uploads\/2025\/09\/113739.webp\" \/>\n\t<meta property=\"og:image:width\" content=\"800\" \/>\n\t<meta property=\"og:image:height\" content=\"800\" \/>\n\t<meta property=\"og:image:type\" content=\"image\/webp\" \/>\n<meta name=\"twitter:card\" content=\"summary_large_image\" \/>\n<meta name=\"twitter:label1\" content=\"Gesch\u00e4tzte Lesezeit\" \/>\n\t<meta name=\"twitter:data1\" content=\"2 Minuten\" \/>\n<script type=\"application\/ld+json\" class=\"yoast-schema-graph\">{\"@context\":\"https:\/\/schema.org\",\"@graph\":[{\"@type\":\"WebPage\",\"@id\":\"https:\/\/www.csj-emballages.com\/de\/produit\/flaschenetui-schwarz-karton-mit-integriertem-griff-90-x-90-x-384-mm-pro-5\/\",\"url\":\"https:\/\/www.csj-emballages.com\/de\/produit\/flaschenetui-schwarz-karton-mit-integriertem-griff-90-x-90-x-384-mm-pro-5\/\",\"name\":\"Flaschentasche Schwarz mit integriertem Griff 90 x 90 x 384 mm\",\"isPartOf\":{\"@id\":\"https:\/\/www.csj-emballages.com\/de\/#website\"},\"primaryImageOfPage\":{\"@id\":\"https:\/\/www.csj-emballages.com\/de\/produit\/flaschenetui-schwarz-karton-mit-integriertem-griff-90-x-90-x-384-mm-pro-5\/#primaryimage\"},\"image\":{\"@id\":\"https:\/\/www.csj-emballages.com\/de\/produit\/flaschenetui-schwarz-karton-mit-integriertem-griff-90-x-90-x-384-mm-pro-5\/#primaryimage\"},\"thumbnailUrl\":\"https:\/\/www.csj-emballages.com\/wp-content\/uploads\/2025\/09\/113739.webp\",\"datePublished\":\"2025-09-18T14:18:21+00:00\",\"dateModified\":\"2026-04-18T00:10:33+00:00\",\"description\":\"Schwarzes Flaschenetui aus Karton mit Griff und Frontfenster. Elegant, stabil und praktisch f\u00fcr 1 Flasche Bordeaux oder Burgunder.\",\"breadcrumb\":{\"@id\":\"https:\/\/www.csj-emballages.com\/de\/produit\/flaschenetui-schwarz-karton-mit-integriertem-griff-90-x-90-x-384-mm-pro-5\/#breadcrumb\"},\"inLanguage\":\"de\",\"potentialAction\":[{\"@type\":\"ReadAction\",\"target\":[\"https:\/\/www.csj-emballages.com\/de\/produit\/flaschenetui-schwarz-karton-mit-integriertem-griff-90-x-90-x-384-mm-pro-5\/\"]}]},{\"@type\":\"ImageObject\",\"inLanguage\":\"de\",\"@id\":\"https:\/\/www.csj-emballages.com\/de\/produit\/flaschenetui-schwarz-karton-mit-integriertem-griff-90-x-90-x-384-mm-pro-5\/#primaryimage\",\"url\":\"https:\/\/www.csj-emballages.com\/wp-content\/uploads\/2025\/09\/113739.webp\",\"contentUrl\":\"https:\/\/www.csj-emballages.com\/wp-content\/uploads\/2025\/09\/113739.webp\",\"width\":800,\"height\":800,\"caption\":\"\u00c9tui \u00e0 bouteille\"},{\"@type\":\"BreadcrumbList\",\"@id\":\"https:\/\/www.csj-emballages.com\/de\/produit\/flaschenetui-schwarz-karton-mit-integriertem-griff-90-x-90-x-384-mm-pro-5\/#breadcrumb\",\"itemListElement\":[{\"@type\":\"ListItem\",\"position\":1,\"name\":\"Accueil\",\"item\":\"https:\/\/www.csj-emballages.com\/de\/universum-lebensmittelverpackungen\/\"},{\"@type\":\"ListItem\",\"position\":2,\"name\":\"Shop\",\"item\":\"https:\/\/www.csj-emballages.com\/shop\/\"},{\"@type\":\"ListItem\",\"position\":3,\"name\":\"Flaschenetui schwarz Karton mit integriertem Griff 90 x 90 x 385 mm pro 10\"}]},{\"@type\":\"WebSite\",\"@id\":\"https:\/\/www.csj-emballages.com\/de\/#website\",\"url\":\"https:\/\/www.csj-emballages.com\/de\/\",\"name\":\"CSJ Emballages\",\"description\":\"\",\"publisher\":{\"@id\":\"https:\/\/www.csj-emballages.com\/de\/#organization\"},\"potentialAction\":[{\"@type\":\"SearchAction\",\"target\":{\"@type\":\"EntryPoint\",\"urlTemplate\":\"https:\/\/www.csj-emballages.com\/de\/?s={search_term_string}\"},\"query-input\":{\"@type\":\"PropertyValueSpecification\",\"valueRequired\":true,\"valueName\":\"search_term_string\"}}],\"inLanguage\":\"de\"},{\"@type\":\"Organization\",\"@id\":\"https:\/\/www.csj-emballages.com\/de\/#Organization\/\",\"name\":\"CSJ Emballages\",\"url\":\"https:\/\/www.csj-emballages.com\/de\/\",\"logo\":{\"@type\":\"ImageObject\",\"inLanguage\":\"de\",\"@id\":\"https:\/\/www.csj-emballages.com\/de\/#\/schema\/logo\/image\/\",\"url\":\"https:\/\/www.csj-emballages.com\/wp-content\/uploads\/2023\/10\/logo_csj.webp\",\"contentUrl\":\"https:\/\/www.csj-emballages.com\/wp-content\/uploads\/2023\/10\/logo_csj.webp\",\"width\":250,\"height\":95,\"caption\":\"CSJ Emballages\"},\"image\":{\"@id\":\"https:\/\/www.csj-emballages.com\/de\/#\/schema\/logo\/image\/\"},\"sameAs\":[\"https:\/\/www.facebook.com\/csjemballages\"],\"address\":{\"@type\":\"PostalAddress\",\"streetAddress\":\"ZI La Lechere\",\"addressLocality\":\"Patornay\",\"postalCode\":\"39130\",\"addressCountry\":\"FR\"},\"contactPoint\":[{\"@type\":\"ContactPoint\",\"contactType\":\"Service client\",\"telephone\":\"0384254272\",\"email\":\"contact@csj-emballages.com\"}]}]}<\/script>\n<!-- \/ Yoast SEO Premium plugin. -->","yoast_head_json":{"title":"Flaschentasche Schwarz mit integriertem Griff 90 x 90 x 384 mm","description":"Schwarzes Flaschenetui aus Karton mit Griff und Frontfenster. Elegant, stabil und praktisch f\u00fcr 1 Flasche Bordeaux oder Burgunder.","robots":{"index":"index","follow":"follow","max-snippet":"max-snippet:-1","max-image-preview":"max-image-preview:large","max-video-preview":"max-video-preview:-1"},"canonical":"https:\/\/www.csj-emballages.com\/de\/produit\/flaschenetui-schwarz-karton-mit-integriertem-griff-90-x-90-x-384-mm-pro-5\/","og_locale":"de_DE","og_type":"article","og_title":"Flaschenetui schwarz Karton mit integriertem Griff 90 x 90 x 385 mm pro 10","og_description":"Schwarzes Flaschenetui aus Karton mit Griff und Frontfenster. Elegant, stabil und praktisch f\u00fcr 1 Flasche Bordeaux oder Burgunder.","og_url":"https:\/\/www.csj-emballages.com\/de\/produit\/flaschenetui-schwarz-karton-mit-integriertem-griff-90-x-90-x-384-mm-pro-5\/","og_site_name":"CSJ Emballages","article_publisher":"https:\/\/www.facebook.com\/csjemballages","article_modified_time":"2026-04-18T00:10:33+00:00","og_image":[{"width":800,"height":800,"url":"https:\/\/www.csj-emballages.com\/wp-content\/uploads\/2025\/09\/113739.webp","type":"image\/webp"}],"twitter_card":"summary_large_image","twitter_misc":{"Gesch\u00e4tzte Lesezeit":"2 Minuten"},"schema":{"@context":"https:\/\/schema.org","@graph":[{"@type":"WebPage","@id":"https:\/\/www.csj-emballages.com\/de\/produit\/flaschenetui-schwarz-karton-mit-integriertem-griff-90-x-90-x-384-mm-pro-5\/","url":"https:\/\/www.csj-emballages.com\/de\/produit\/flaschenetui-schwarz-karton-mit-integriertem-griff-90-x-90-x-384-mm-pro-5\/","name":"Flaschentasche Schwarz mit integriertem Griff 90 x 90 x 384 mm","isPartOf":{"@id":"https:\/\/www.csj-emballages.com\/de\/#website"},"primaryImageOfPage":{"@id":"https:\/\/www.csj-emballages.com\/de\/produit\/flaschenetui-schwarz-karton-mit-integriertem-griff-90-x-90-x-384-mm-pro-5\/#primaryimage"},"image":{"@id":"https:\/\/www.csj-emballages.com\/de\/produit\/flaschenetui-schwarz-karton-mit-integriertem-griff-90-x-90-x-384-mm-pro-5\/#primaryimage"},"thumbnailUrl":"https:\/\/www.csj-emballages.com\/wp-content\/uploads\/2025\/09\/113739.webp","datePublished":"2025-09-18T14:18:21+00:00","dateModified":"2026-04-18T00:10:33+00:00","description":"Schwarzes Flaschenetui aus Karton mit Griff und Frontfenster. Elegant, stabil und praktisch f\u00fcr 1 Flasche Bordeaux oder Burgunder.","breadcrumb":{"@id":"https:\/\/www.csj-emballages.com\/de\/produit\/flaschenetui-schwarz-karton-mit-integriertem-griff-90-x-90-x-384-mm-pro-5\/#breadcrumb"},"inLanguage":"de","potentialAction":[{"@type":"ReadAction","target":["https:\/\/www.csj-emballages.com\/de\/produit\/flaschenetui-schwarz-karton-mit-integriertem-griff-90-x-90-x-384-mm-pro-5\/"]}]},{"@type":"ImageObject","inLanguage":"de","@id":"https:\/\/www.csj-emballages.com\/de\/produit\/flaschenetui-schwarz-karton-mit-integriertem-griff-90-x-90-x-384-mm-pro-5\/#primaryimage","url":"https:\/\/www.csj-emballages.com\/wp-content\/uploads\/2025\/09\/113739.webp","contentUrl":"https:\/\/www.csj-emballages.com\/wp-content\/uploads\/2025\/09\/113739.webp","width":800,"height":800,"caption":"\u00c9tui \u00e0 bouteille"},{"@type":"BreadcrumbList","@id":"https:\/\/www.csj-emballages.com\/de\/produit\/flaschenetui-schwarz-karton-mit-integriertem-griff-90-x-90-x-384-mm-pro-5\/#breadcrumb","itemListElement":[{"@type":"ListItem","position":1,"name":"Accueil","item":"https:\/\/www.csj-emballages.com\/de\/universum-lebensmittelverpackungen\/"},{"@type":"ListItem","position":2,"name":"Shop","item":"https:\/\/www.csj-emballages.com\/shop\/"},{"@type":"ListItem","position":3,"name":"Flaschenetui schwarz Karton mit integriertem Griff 90 x 90 x 385 mm pro 10"}]},{"@type":"WebSite","@id":"https:\/\/www.csj-emballages.com\/de\/#website","url":"https:\/\/www.csj-emballages.com\/de\/","name":"CSJ Emballages","description":"","publisher":{"@id":"https:\/\/www.csj-emballages.com\/de\/#organization"},"potentialAction":[{"@type":"SearchAction","target":{"@type":"EntryPoint","urlTemplate":"https:\/\/www.csj-emballages.com\/de\/?s={search_term_string}"},"query-input":{"@type":"PropertyValueSpecification","valueRequired":true,"valueName":"search_term_string"}}],"inLanguage":"de"},{"@type":"Organization","@id":"https:\/\/www.csj-emballages.com\/de\/#Organization\/","name":"CSJ Emballages","url":"https:\/\/www.csj-emballages.com\/de\/","logo":{"@type":"ImageObject","inLanguage":"de","@id":"https:\/\/www.csj-emballages.com\/de\/#\/schema\/logo\/image\/","url":"https:\/\/www.csj-emballages.com\/wp-content\/uploads\/2023\/10\/logo_csj.webp","contentUrl":"https:\/\/www.csj-emballages.com\/wp-content\/uploads\/2023\/10\/logo_csj.webp","width":250,"height":95,"caption":"CSJ Emballages"},"image":{"@id":"https:\/\/www.csj-emballages.com\/de\/#\/schema\/logo\/image\/"},"sameAs":["https:\/\/www.facebook.com\/csjemballages"],"address":{"@type":"PostalAddress","streetAddress":"ZI La Lechere","addressLocality":"Patornay","postalCode":"39130","addressCountry":"FR"},"contactPoint":[{"@type":"ContactPoint","contactType":"Service client","telephone":"0384254272","email":"contact@csj-emballages.com"}]}]}},"df_price":4.97,"df_sale_price":"","df_regular_price":4.97,"df_image_link":"https:\/\/www.csj-emballages.com\/wp-content\/uploads\/2025\/09\/113739-300x300.webp","tiered_pricing_type":"fixed","tiered_pricing_fixed_rules":[],"tiered_pricing_percentage_rules":[],"tiered_pricing_minimum":1,"tiered_pricing_roles_data":[],"_links":{"self":[{"href":"https:\/\/www.csj-emballages.com\/de\/wp-json\/wp\/v2\/product\/249128","targetHints":{"allow":["GET"]}}],"collection":[{"href":"https:\/\/www.csj-emballages.com\/de\/wp-json\/wp\/v2\/product"}],"about":[{"href":"https:\/\/www.csj-emballages.com\/de\/wp-json\/wp\/v2\/types\/product"}],"wp:featuredmedia":[{"embeddable":true,"href":"https:\/\/www.csj-emballages.com\/de\/wp-json\/wp\/v2\/media\/249123"}],"wp:attachment":[{"href":"https:\/\/www.csj-emballages.com\/de\/wp-json\/wp\/v2\/media?parent=249128"}],"wp:term":[{"taxonomy":"product_brand","embeddable":true,"href":"https:\/\/www.csj-emballages.com\/de\/wp-json\/wp\/v2\/product_brand?post=249128"},{"taxonomy":"product_cat","embeddable":true,"href":"https:\/\/www.csj-emballages.com\/de\/wp-json\/wp\/v2\/product_cat?post=249128"},{"taxonomy":"product_tag","embeddable":true,"href":"https:\/\/www.csj-emballages.com\/de\/wp-json\/wp\/v2\/product_tag?post=249128"}],"curies":[{"name":"wp","href":"https:\/\/api.w.org\/{rel}","templated":true}]}}