{"id":249116,"date":"2025-09-18T16:19:11","date_gmt":"2025-09-18T14:19:11","guid":{"rendered":"https:\/\/www.csj-emballages.com\/produit\/panettone-schachtel-aus-karton-245-x-245-x-190-mm\/"},"modified":"2026-04-03T02:11:56","modified_gmt":"2026-04-03T00:11:56","slug":"panettone-schachtel-aus-karton-245-x-245-x-190-mm","status":"publish","type":"product","link":"https:\/\/www.csj-emballages.com\/de\/produit\/panettone-schachtel-aus-karton-245-x-245-x-190-mm\/","title":{"rendered":"Panettone-Schachtel aus Karton 245 x 245 x 190 mm"},"content":{"rendered":"<h2 class=\"p1\">Panettone-Schachtel<\/h2>\n<hr>\n<h3>Beschreibung von unserem Panettone Karton 245 x 245 x 190 mm<\/h3>\n<p><!--more--><\/p>\n<p data-start=\"159\" data-end=\"460\">Verleihen Sie Ihren kulinarischen K\u00f6stlichkeiten eine Verpackung, die ihrem Geschmack gerecht wird, mit unserer <strong data-start=\"241\" data-end=\"289\">Panettone-Kartonbox 245 x 245 x 190 mm<\/strong>. Speziell entworfen, um einen <strong>Panettone von 750 g bis 1 kg<\/strong> aufzunehmen. Dank des <strong data-start=\"473\" data-end=\"493\">integrierten Griffs<\/strong> wird der Transport zum Kinderspiel: Ihre Kunden k\u00f6nnen ihr <strong>Weihnachtsdessert<\/strong> oder <strong>ihr selbstgebackenes Brioche<\/strong> sicher mitnehmen. Die <strong data-start=\"630\" data-end=\"660\">Struktur aus festem Karton<\/strong> sorgt f\u00fcr eine ausgezeichnete Festigkeit und sch\u00fctzt das Produkt gleichzeitig vor St\u00f6\u00dfen oder Feuchtigkeit. Ebenso hebt das <strong data-start=\"770\" data-end=\"804\">sorgf\u00e4ltige und professionelle Design<\/strong> Ihr handwerkliches K\u00f6nnen sofort hervor.<\/p>\n<p data-start=\"866\" data-end=\"1181\">Ob Sie nun <strong data-start=\"881\" data-end=\"894\">B\u00e4cker<\/strong>, <strong data-start=\"896\" data-end=\"909\">Konditor<\/strong>, <strong data-start=\"911\" data-end=\"923\">Traiteur<\/strong> oder <strong data-start=\"927\" data-end=\"942\">Chocolatier<\/strong> sind, diese <strong data-start=\"241\" data-end=\"289\">Panettone-Schachtel<\/strong> ist der perfekte Verb\u00fcndete f\u00fcr Ihre <strong data-start=\"987\" data-end=\"1008\">Take-away-Verk\u00e4ufe<\/strong> w\u00e4hrend der Feiertage. Sein <strong>gro\u00dfz\u00fcgiges quadratisches Format<\/strong> von <strong>245 x 245 x 190 mm<\/strong> erm\u00f6glicht eine schnelle Produktplatzierung und ein harmonisches Erscheinungsbild auf Ihren Verkaufsst\u00e4nden oder in Vitrinen.<\/p>\n<p data-start=\"1183\" data-end=\"1403\">Au\u00dferdem ist diese Schachtel Teil eines <strong data-start=\"1252\" data-end=\"1266\">umweltfreundlicheren<\/strong> Konzepts, da sie <strong data-start=\"1281\" data-end=\"1315\">aus recycelbarem Karton hergestellt<\/strong> ist. So bieten Sie Ihren Kunden eine ebenso <strong data-start=\"1369\" data-end=\"1384\">verantwortungsvolle<\/strong> wie <strong data-start=\"1389\" data-end=\"1400\">raffinierte<\/strong> Verpackung.<\/p>\n<p data-start=\"1405\" data-end=\"1617\">Wenn Sie sich f\u00fcr diese <strong data-start=\"241\" data-end=\"289\">Panettone-Schachtel<\/strong> entscheiden, kombinieren Sie <strong data-start=\"1447\" data-end=\"1464\">Zeitersparnis<\/strong>, <strong data-start=\"1466\" data-end=\"1489\">optimalen Schutz<\/strong> und <strong data-start=\"1493\" data-end=\"1511\">Mehrwert<\/strong> f\u00fcr Ihre Produkte. Ein kleines Detail, das einen gro\u00dfen Unterschied macht, um Ihre S\u00fc\u00dfigkeiten zum Jahresende zu veredeln.<\/p>\n<p data-start=\"1378\" data-end=\"1605\"><!--more--><\/p>\n<h4 data-start=\"1378\" data-end=\"1605\">Vorteile :<\/h4>\n<ul>\n<li data-start=\"1845\" data-end=\"1900\"><strong data-start=\"1847\" data-end=\"1863\">Ideales Format<\/strong> f\u00fcr einen Panettone von 750 g bis 1 kg.<\/li>\n<li data-start=\"1903\" data-end=\"1965\"><strong data-start=\"1905\" data-end=\"1925\">Integrierter Griff<\/strong> f\u00fcr einen einfachen und sicheren Transport.<\/li>\n<li data-start=\"1968\" data-end=\"2036\">Steifer<strong data-start=\"1970\" data-end=\"2001\">, recycelbarer Karton<\/strong>, der St\u00e4rke und Umweltfreundlichkeit vereint.<\/li>\n<li data-start=\"2039\" data-end=\"2105\"><strong data-start=\"2041\" data-end=\"2065\">Professionelles Design<\/strong>, das Ihre Produkte im Schaufenster aufwertet.<\/li>\n<li data-start=\"2108\" data-end=\"2167\"><strong data-start=\"2110\" data-end=\"2128\">Schneller Aufbau<\/strong> spart Zeit in der Produktion.<\/li>\n<\/ul>\n<p>&nbsp;<\/p>\n<p><!--more--><\/p>\n<h4>Weitere Informationen :<\/h4>\n<ul>\n<li><strong>Verpackung<\/strong>: Einzeln<\/li>\n<li><strong>Ma\u00dfe<\/strong>: 245 x 245 x 190 mm<\/li>\n<li><strong>Material<\/strong>: Karton<\/li>\n<li><strong>Farbe<\/strong>: Wei\u00df \/ Rot<\/li>\n<\/ul>\n<p>&nbsp;<\/p>\n<p><!--more--><\/p>\n<p>Diese Panettone-Schachtel ist in einer kleineren Gr\u00f6\u00dfe erh\u00e4ltlich : <span style=\"color: #d12727;\"><a style=\"color: #d12727;\" href=\"https:\/\/www.csj-emballages.com\/de\/produit\/pannett-box-aus-karton-210-x-210-x-220-mm\/\">210 x 210 x 220 mm<\/a><\/span><\/p>\n<p>&nbsp;<\/p>\n<p><!--more--><\/p>\n<p><a href=\"https:\/\/www.csj-emballages.com\/de\/categorie-produit\/lebensmittelverpackungen\/backerei-und-konditorei\/schachteln-und-etuis\/panettone-schachteln\/\">Entdecken Sie unser gesamtes Sortiment an Panettone-Boxen.<\/a><\/p>\n","protected":false},"excerpt":{"rendered":"<p>Panettone-Schachtel Beschreibung von unserem Panettone Karton 245 x 245 x 190 mm<\/p>\n","protected":false},"featured_media":249110,"template":"","meta":{"_acf_changed":false},"product_brand":[],"product_cat":[1137,1171,3964,9907],"product_tag":[],"class_list":{"0":"post-249116","1":"product","2":"type-product","3":"status-publish","4":"has-post-thumbnail","6":"product_cat-lebensmittelverpackungen","7":"product_cat-backerei-und-konditorei","8":"product_cat-schachteln-und-etuis","9":"product_cat-panettone-schachteln","11":"first","12":"instock","13":"taxable","14":"shipping-taxable","15":"purchasable","16":"product-type-simple"},"acf":[],"yoast_head":"<!-- This site is optimized with the Yoast SEO Premium plugin v26.6 (Yoast SEO v26.6) - https:\/\/yoast.com\/wordpress\/plugins\/seo\/ -->\n<title>Schachtel Panettone Karton 245 x 245 x 190 mm<\/title>\n<meta name=\"description\" content=\"Panettone-Dose aus Karton mit Griff. Fassungsverm\u00f6gen von 750 g bis 1 kg - stabil, praktisch und elegant f\u00fcr Ihre h\u00fcbschen Panettone.\" \/>\n<meta name=\"robots\" content=\"index, follow, max-snippet:-1, max-image-preview:large, max-video-preview:-1\" \/>\n<link rel=\"canonical\" href=\"https:\/\/www.csj-emballages.com\/de\/produit\/panettone-schachtel-aus-karton-245-x-245-x-190-mm\/\" \/>\n<meta property=\"og:locale\" content=\"de_DE\" \/>\n<meta property=\"og:type\" content=\"article\" \/>\n<meta property=\"og:title\" content=\"Panettone-Schachtel aus Karton 245 x 245 x 190 mm\" \/>\n<meta property=\"og:description\" content=\"Panettone-Dose aus Karton mit Griff. Fassungsverm\u00f6gen von 750 g bis 1 kg - stabil, praktisch und elegant f\u00fcr Ihre h\u00fcbschen Panettone.\" \/>\n<meta property=\"og:url\" content=\"https:\/\/www.csj-emballages.com\/de\/produit\/panettone-schachtel-aus-karton-245-x-245-x-190-mm\/\" \/>\n<meta property=\"og:site_name\" content=\"CSJ Emballages\" \/>\n<meta property=\"article:publisher\" content=\"https:\/\/www.facebook.com\/csjemballages\" \/>\n<meta property=\"article:modified_time\" content=\"2026-04-03T00:11:56+00:00\" \/>\n<meta property=\"og:image\" content=\"https:\/\/www.csj-emballages.com\/wp-content\/uploads\/2025\/09\/139467.webp\" \/>\n\t<meta property=\"og:image:width\" content=\"800\" \/>\n\t<meta property=\"og:image:height\" content=\"800\" \/>\n\t<meta property=\"og:image:type\" content=\"image\/webp\" \/>\n<meta name=\"twitter:card\" content=\"summary_large_image\" \/>\n<meta name=\"twitter:label1\" content=\"Gesch\u00e4tzte Lesezeit\" \/>\n\t<meta name=\"twitter:data1\" content=\"1\u00a0Minute\" \/>\n<script type=\"application\/ld+json\" class=\"yoast-schema-graph\">{\"@context\":\"https:\/\/schema.org\",\"@graph\":[{\"@type\":\"WebPage\",\"@id\":\"https:\/\/www.csj-emballages.com\/de\/produit\/panettone-schachtel-aus-karton-245-x-245-x-190-mm\/\",\"url\":\"https:\/\/www.csj-emballages.com\/de\/produit\/panettone-schachtel-aus-karton-245-x-245-x-190-mm\/\",\"name\":\"Schachtel Panettone Karton 245 x 245 x 190 mm\",\"isPartOf\":{\"@id\":\"https:\/\/www.csj-emballages.com\/de\/#website\"},\"primaryImageOfPage\":{\"@id\":\"https:\/\/www.csj-emballages.com\/de\/produit\/panettone-schachtel-aus-karton-245-x-245-x-190-mm\/#primaryimage\"},\"image\":{\"@id\":\"https:\/\/www.csj-emballages.com\/de\/produit\/panettone-schachtel-aus-karton-245-x-245-x-190-mm\/#primaryimage\"},\"thumbnailUrl\":\"https:\/\/www.csj-emballages.com\/wp-content\/uploads\/2025\/09\/139467.webp\",\"datePublished\":\"2025-09-18T14:19:11+00:00\",\"dateModified\":\"2026-04-03T00:11:56+00:00\",\"description\":\"Panettone-Dose aus Karton mit Griff. Fassungsverm\u00f6gen von 750 g bis 1 kg - stabil, praktisch und elegant f\u00fcr Ihre h\u00fcbschen Panettone.\",\"breadcrumb\":{\"@id\":\"https:\/\/www.csj-emballages.com\/de\/produit\/panettone-schachtel-aus-karton-245-x-245-x-190-mm\/#breadcrumb\"},\"inLanguage\":\"de\",\"potentialAction\":[{\"@type\":\"ReadAction\",\"target\":[\"https:\/\/www.csj-emballages.com\/de\/produit\/panettone-schachtel-aus-karton-245-x-245-x-190-mm\/\"]}]},{\"@type\":\"ImageObject\",\"inLanguage\":\"de\",\"@id\":\"https:\/\/www.csj-emballages.com\/de\/produit\/panettone-schachtel-aus-karton-245-x-245-x-190-mm\/#primaryimage\",\"url\":\"https:\/\/www.csj-emballages.com\/wp-content\/uploads\/2025\/09\/139467.webp\",\"contentUrl\":\"https:\/\/www.csj-emballages.com\/wp-content\/uploads\/2025\/09\/139467.webp\",\"width\":800,\"height\":800,\"caption\":\"Boite panettone\"},{\"@type\":\"BreadcrumbList\",\"@id\":\"https:\/\/www.csj-emballages.com\/de\/produit\/panettone-schachtel-aus-karton-245-x-245-x-190-mm\/#breadcrumb\",\"itemListElement\":[{\"@type\":\"ListItem\",\"position\":1,\"name\":\"Accueil\",\"item\":\"https:\/\/www.csj-emballages.com\/de\/universum-lebensmittelverpackungen\/\"},{\"@type\":\"ListItem\",\"position\":2,\"name\":\"Shop\",\"item\":\"https:\/\/www.csj-emballages.com\/shop\/\"},{\"@type\":\"ListItem\",\"position\":3,\"name\":\"Panettone-Schachtel aus Karton 245 x 245 x 190 mm\"}]},{\"@type\":\"WebSite\",\"@id\":\"https:\/\/www.csj-emballages.com\/de\/#website\",\"url\":\"https:\/\/www.csj-emballages.com\/de\/\",\"name\":\"CSJ Emballages\",\"description\":\"\",\"publisher\":{\"@id\":\"https:\/\/www.csj-emballages.com\/de\/#organization\"},\"potentialAction\":[{\"@type\":\"SearchAction\",\"target\":{\"@type\":\"EntryPoint\",\"urlTemplate\":\"https:\/\/www.csj-emballages.com\/de\/?s={search_term_string}\"},\"query-input\":{\"@type\":\"PropertyValueSpecification\",\"valueRequired\":true,\"valueName\":\"search_term_string\"}}],\"inLanguage\":\"de\"},{\"@type\":\"Organization\",\"@id\":\"https:\/\/www.csj-emballages.com\/de\/#Organization\/\",\"name\":\"CSJ Emballages\",\"url\":\"https:\/\/www.csj-emballages.com\/de\/\",\"logo\":{\"@type\":\"ImageObject\",\"inLanguage\":\"de\",\"@id\":\"https:\/\/www.csj-emballages.com\/de\/#\/schema\/logo\/image\/\",\"url\":\"https:\/\/www.csj-emballages.com\/wp-content\/uploads\/2023\/10\/logo_csj.webp\",\"contentUrl\":\"https:\/\/www.csj-emballages.com\/wp-content\/uploads\/2023\/10\/logo_csj.webp\",\"width\":250,\"height\":95,\"caption\":\"CSJ Emballages\"},\"image\":{\"@id\":\"https:\/\/www.csj-emballages.com\/de\/#\/schema\/logo\/image\/\"},\"sameAs\":[\"https:\/\/www.facebook.com\/csjemballages\"],\"address\":{\"@type\":\"PostalAddress\",\"streetAddress\":\"ZI La Lechere\",\"addressLocality\":\"Patornay\",\"postalCode\":\"39130\",\"addressCountry\":\"FR\"},\"contactPoint\":[{\"@type\":\"ContactPoint\",\"contactType\":\"Service client\",\"telephone\":\"0384254272\",\"email\":\"contact@csj-emballages.com\"}]}]}<\/script>\n<!-- \/ Yoast SEO Premium plugin. -->","yoast_head_json":{"title":"Schachtel Panettone Karton 245 x 245 x 190 mm","description":"Panettone-Dose aus Karton mit Griff. Fassungsverm\u00f6gen von 750 g bis 1 kg - stabil, praktisch und elegant f\u00fcr Ihre h\u00fcbschen Panettone.","robots":{"index":"index","follow":"follow","max-snippet":"max-snippet:-1","max-image-preview":"max-image-preview:large","max-video-preview":"max-video-preview:-1"},"canonical":"https:\/\/www.csj-emballages.com\/de\/produit\/panettone-schachtel-aus-karton-245-x-245-x-190-mm\/","og_locale":"de_DE","og_type":"article","og_title":"Panettone-Schachtel aus Karton 245 x 245 x 190 mm","og_description":"Panettone-Dose aus Karton mit Griff. Fassungsverm\u00f6gen von 750 g bis 1 kg - stabil, praktisch und elegant f\u00fcr Ihre h\u00fcbschen Panettone.","og_url":"https:\/\/www.csj-emballages.com\/de\/produit\/panettone-schachtel-aus-karton-245-x-245-x-190-mm\/","og_site_name":"CSJ Emballages","article_publisher":"https:\/\/www.facebook.com\/csjemballages","article_modified_time":"2026-04-03T00:11:56+00:00","og_image":[{"width":800,"height":800,"url":"https:\/\/www.csj-emballages.com\/wp-content\/uploads\/2025\/09\/139467.webp","type":"image\/webp"}],"twitter_card":"summary_large_image","twitter_misc":{"Gesch\u00e4tzte Lesezeit":"1\u00a0Minute"},"schema":{"@context":"https:\/\/schema.org","@graph":[{"@type":"WebPage","@id":"https:\/\/www.csj-emballages.com\/de\/produit\/panettone-schachtel-aus-karton-245-x-245-x-190-mm\/","url":"https:\/\/www.csj-emballages.com\/de\/produit\/panettone-schachtel-aus-karton-245-x-245-x-190-mm\/","name":"Schachtel Panettone Karton 245 x 245 x 190 mm","isPartOf":{"@id":"https:\/\/www.csj-emballages.com\/de\/#website"},"primaryImageOfPage":{"@id":"https:\/\/www.csj-emballages.com\/de\/produit\/panettone-schachtel-aus-karton-245-x-245-x-190-mm\/#primaryimage"},"image":{"@id":"https:\/\/www.csj-emballages.com\/de\/produit\/panettone-schachtel-aus-karton-245-x-245-x-190-mm\/#primaryimage"},"thumbnailUrl":"https:\/\/www.csj-emballages.com\/wp-content\/uploads\/2025\/09\/139467.webp","datePublished":"2025-09-18T14:19:11+00:00","dateModified":"2026-04-03T00:11:56+00:00","description":"Panettone-Dose aus Karton mit Griff. Fassungsverm\u00f6gen von 750 g bis 1 kg - stabil, praktisch und elegant f\u00fcr Ihre h\u00fcbschen Panettone.","breadcrumb":{"@id":"https:\/\/www.csj-emballages.com\/de\/produit\/panettone-schachtel-aus-karton-245-x-245-x-190-mm\/#breadcrumb"},"inLanguage":"de","potentialAction":[{"@type":"ReadAction","target":["https:\/\/www.csj-emballages.com\/de\/produit\/panettone-schachtel-aus-karton-245-x-245-x-190-mm\/"]}]},{"@type":"ImageObject","inLanguage":"de","@id":"https:\/\/www.csj-emballages.com\/de\/produit\/panettone-schachtel-aus-karton-245-x-245-x-190-mm\/#primaryimage","url":"https:\/\/www.csj-emballages.com\/wp-content\/uploads\/2025\/09\/139467.webp","contentUrl":"https:\/\/www.csj-emballages.com\/wp-content\/uploads\/2025\/09\/139467.webp","width":800,"height":800,"caption":"Boite panettone"},{"@type":"BreadcrumbList","@id":"https:\/\/www.csj-emballages.com\/de\/produit\/panettone-schachtel-aus-karton-245-x-245-x-190-mm\/#breadcrumb","itemListElement":[{"@type":"ListItem","position":1,"name":"Accueil","item":"https:\/\/www.csj-emballages.com\/de\/universum-lebensmittelverpackungen\/"},{"@type":"ListItem","position":2,"name":"Shop","item":"https:\/\/www.csj-emballages.com\/shop\/"},{"@type":"ListItem","position":3,"name":"Panettone-Schachtel aus Karton 245 x 245 x 190 mm"}]},{"@type":"WebSite","@id":"https:\/\/www.csj-emballages.com\/de\/#website","url":"https:\/\/www.csj-emballages.com\/de\/","name":"CSJ Emballages","description":"","publisher":{"@id":"https:\/\/www.csj-emballages.com\/de\/#organization"},"potentialAction":[{"@type":"SearchAction","target":{"@type":"EntryPoint","urlTemplate":"https:\/\/www.csj-emballages.com\/de\/?s={search_term_string}"},"query-input":{"@type":"PropertyValueSpecification","valueRequired":true,"valueName":"search_term_string"}}],"inLanguage":"de"},{"@type":"Organization","@id":"https:\/\/www.csj-emballages.com\/de\/#Organization\/","name":"CSJ Emballages","url":"https:\/\/www.csj-emballages.com\/de\/","logo":{"@type":"ImageObject","inLanguage":"de","@id":"https:\/\/www.csj-emballages.com\/de\/#\/schema\/logo\/image\/","url":"https:\/\/www.csj-emballages.com\/wp-content\/uploads\/2023\/10\/logo_csj.webp","contentUrl":"https:\/\/www.csj-emballages.com\/wp-content\/uploads\/2023\/10\/logo_csj.webp","width":250,"height":95,"caption":"CSJ Emballages"},"image":{"@id":"https:\/\/www.csj-emballages.com\/de\/#\/schema\/logo\/image\/"},"sameAs":["https:\/\/www.facebook.com\/csjemballages"],"address":{"@type":"PostalAddress","streetAddress":"ZI La Lechere","addressLocality":"Patornay","postalCode":"39130","addressCountry":"FR"},"contactPoint":[{"@type":"ContactPoint","contactType":"Service client","telephone":"0384254272","email":"contact@csj-emballages.com"}]}]}},"df_price":2.09,"df_sale_price":"","df_regular_price":2.09,"df_image_link":"https:\/\/www.csj-emballages.com\/wp-content\/uploads\/2025\/09\/139467-300x300.webp","tiered_pricing_type":"fixed","tiered_pricing_fixed_rules":[],"tiered_pricing_percentage_rules":[],"tiered_pricing_minimum":1,"tiered_pricing_roles_data":[],"_links":{"self":[{"href":"https:\/\/www.csj-emballages.com\/de\/wp-json\/wp\/v2\/product\/249116","targetHints":{"allow":["GET"]}}],"collection":[{"href":"https:\/\/www.csj-emballages.com\/de\/wp-json\/wp\/v2\/product"}],"about":[{"href":"https:\/\/www.csj-emballages.com\/de\/wp-json\/wp\/v2\/types\/product"}],"wp:featuredmedia":[{"embeddable":true,"href":"https:\/\/www.csj-emballages.com\/de\/wp-json\/wp\/v2\/media\/249110"}],"wp:attachment":[{"href":"https:\/\/www.csj-emballages.com\/de\/wp-json\/wp\/v2\/media?parent=249116"}],"wp:term":[{"taxonomy":"product_brand","embeddable":true,"href":"https:\/\/www.csj-emballages.com\/de\/wp-json\/wp\/v2\/product_brand?post=249116"},{"taxonomy":"product_cat","embeddable":true,"href":"https:\/\/www.csj-emballages.com\/de\/wp-json\/wp\/v2\/product_cat?post=249116"},{"taxonomy":"product_tag","embeddable":true,"href":"https:\/\/www.csj-emballages.com\/de\/wp-json\/wp\/v2\/product_tag?post=249116"}],"curies":[{"name":"wp","href":"https:\/\/api.w.org\/{rel}","templated":true}]}}