{"id":248218,"date":"2025-09-18T16:18:45","date_gmt":"2025-09-18T14:18:45","guid":{"rendered":"https:\/\/www.csj-emballages.com\/produit\/abfallbehaelter-aus-rotem-karton-380-x-300-x-100-mm\/"},"modified":"2026-03-12T16:05:55","modified_gmt":"2026-03-12T15:05:55","slug":"abfallbehaelter-aus-rotem-karton-380-x-300-x-100-mm","status":"publish","type":"product","link":"https:\/\/www.csj-emballages.com\/de\/produit\/abfallbehaelter-aus-rotem-karton-380-x-300-x-100-mm\/","title":{"rendered":"Abfallbeh\u00e4lter aus rotem Karton 380 x 300 x 100 mm"},"content":{"rendered":"<h2 class=\"p1\">Korb rote Pappe<\/h2>\n<hr>\n<h3>Beschreibung von unserem Papierkorb aus rotem Karton 380 x 300 x 100 mm<\/h3>\n<p><!--more--><\/p>\n<p data-start=\"150\" data-end=\"557\">Verleihen Sie Ihren Geschenken oder Pr\u00e4sentationen einen Hauch von Eleganz mit unserem <strong>380 x 300 x 100 mm gro\u00dfen Korb aus rotem Karton.<\/strong> Dieser <strong>sechseckige Beh\u00e4lter<\/strong> eignet sich perfekt zum Verpacken, Pr\u00e4sentieren oder Hervorheben Ihrer Lebensmittel- und Weinprodukte. Dank seines raffinierten Designs und seiner <strong>leuchtend roten Farbe<\/strong> f\u00e4llt dieser <strong>Pappkorb<\/strong> sofort ins Auge und wertet Ihre Kreationen auf.  <\/p>\n<p data-start=\"559\" data-end=\"959\">Aus <strong>festem Karton<\/strong> gefertigt, bietet er auch bei schweren oder sperrigen Produkten einen hervorragenden Halt. Egal, ob Sie Handwerker, Feinkosth\u00e4ndler, Konditor oder Weinh\u00e4ndler sind, dieser <strong>rote Korb<\/strong> passt sich all Ihren W\u00fcnschen an. Sie k\u00f6nnen darin <strong>Weinflaschen<\/strong>, <strong>regionale Produkte<\/strong>, <strong>S\u00fc\u00dfigkeiten<\/strong> oder auch <strong>kleine Feinschmeckergeschenke<\/strong> aufbewahren.  <\/p>\n<p data-start=\"961\" data-end=\"1261\">Ebenso erm\u00f6glicht ihre <strong>originelle sechseckige Form<\/strong> eine harmonische Pr\u00e4sentation, die sich ideal f\u00fcr Geschenkboxen, festliche Arrangements oder Ausstellungen in Schaufenstern eignet. Sie vereint Stabilit\u00e4t, \u00c4sthetik und Funktionalit\u00e4t, was sie zu einer perfekten Wahl f\u00fcr anspruchsvolle Profis macht. <\/p>\n<p data-start=\"1263\" data-end=\"1523\">Der <strong>Korb<\/strong> <strong>ist leicht zu montieren und zu handhaben<\/strong> und spart beim Verpacken viel Zeit. Und schlie\u00dflich macht sein <strong>recycelbares Material<\/strong> ihn zu einer umweltfreundlichen Verpackung, die den heutigen Erwartungen der Verbraucher entspricht. <\/p>\n<p data-start=\"1525\" data-end=\"1670\">Alles in allem vereint dieser <strong>Korb aus rotem Karton<\/strong> Design, Praktikabilit\u00e4t und \u00f6kologische Verantwortung, w\u00e4hrend er Ihre Produkte sublimiert.<\/p>\n<p data-start=\"1378\" data-end=\"1605\"><!--more--><\/p>\n<h4 data-start=\"1378\" data-end=\"1605\">Vorteile :<\/h4>\n<ul>\n<li data-start=\"1717\" data-end=\"1790\"><strong data-start=\"1719\" data-end=\"1753\">Elegantes Design und kr\u00e4ftige Farbe<\/strong> f\u00fcr attraktive Pr\u00e4sentationen<\/li>\n<li data-start=\"1793\" data-end=\"1871\">Einzigartige <strong data-start=\"1795\" data-end=\"1815\">sechseckige Form<\/strong> f\u00fcr eine bessere Pr\u00e4sentation der Produkte<\/li>\n<li data-start=\"1874\" data-end=\"1944\">Umweltfreundlicher<strong data-start=\"1876\" data-end=\"1910\">, stabiler und recycelbarer Karton<\/strong><\/li>\n<li data-start=\"1947\" data-end=\"2034\"><strong data-start=\"1949\" data-end=\"1964\">Vielseitig<\/strong>: ideal f\u00fcr Lebensmittel, Weinprodukte oder dekorative Objekte<\/li>\n<li data-start=\"2037\" data-end=\"2080\"><strong data-start=\"2039\" data-end=\"2078\">Einfach zusammenzubauen und zu transportieren<\/strong>.<\/li>\n<\/ul>\n<p>&nbsp;<\/p>\n<p><!--more--><\/p>\n<h4>Weitere Informationen :<\/h4>\n<ul>\n<li><strong>Verpackung<\/strong>: Einzeln<\/li>\n<li><strong>Ma\u00dfe<\/strong>: 380 x 300 x 100 mm<\/li>\n<li><strong>Material<\/strong>: Karton<\/li>\n<li><strong>Farbe<\/strong>: Rot<\/li>\n<li><strong>Form<\/strong>: Sechseck<\/li>\n<\/ul>\n<p>&nbsp;<\/p>\n<p><!--more--><\/p>\n<p>Dieser rote Pappkorb ist in einer kleineren Gr\u00f6\u00dfe erh\u00e4ltlich : <span style=\"color: #d12727;\"><a style=\"color: #d12727;\" href=\"https:\/\/www.csj-emballages.com\/es\/produit\/cesta-de-carton-roja-290-x-230-x-85-mm\/\">290 x 230 x 85 mm<\/a><\/span><\/p>\n<p>&nbsp;<\/p>\n<p><!--more--><\/p>\n<p><a href=\"\/?product_cat=panier-corbeille\">Entdecken Sie unser weiteres Korbsortiment.<\/a><\/p>\n","protected":false},"excerpt":{"rendered":"<p>Korb rote Pappe Beschreibung von unserem Papierkorb aus rotem Karton 380 x 300 x 100 mm<\/p>\n","protected":false},"featured_media":248210,"template":"","meta":{"_acf_changed":false},"product_brand":[],"product_cat":[1137,1487,3970,3058],"product_tag":[],"class_list":{"0":"post-248218","1":"product","2":"type-product","3":"status-publish","4":"has-post-thumbnail","6":"product_cat-lebensmittelverpackungen","7":"product_cat-boutique-und-geschaft","8":"product_cat-zubehor-und-ausstattung-de","9":"product_cat-weidenkorb","11":"first","12":"outofstock","13":"taxable","14":"shipping-taxable","15":"purchasable","16":"product-type-simple"},"acf":[],"yoast_head":"<!-- This site is optimized with the Yoast SEO Premium plugin v26.6 (Yoast SEO v26.6) - https:\/\/yoast.com\/wordpress\/plugins\/seo\/ -->\n<title>Abfallbeh\u00e4lter Karton Rot 380 x 300 x 100 mm<\/title>\n<meta name=\"description\" content=\"Sechseckiger roter Pappkorb 380 x 300 x 100 mm, elegant und stabil, ideal zum Verpacken oder Ausstellen Ihrer Feinschmecker- und Geschenkprodukte.\" \/>\n<meta name=\"robots\" content=\"index, follow, max-snippet:-1, max-image-preview:large, max-video-preview:-1\" \/>\n<link rel=\"canonical\" href=\"https:\/\/www.csj-emballages.com\/de\/produit\/abfallbehaelter-aus-rotem-karton-380-x-300-x-100-mm\/\" \/>\n<meta property=\"og:locale\" content=\"de_DE\" \/>\n<meta property=\"og:type\" content=\"article\" \/>\n<meta property=\"og:title\" content=\"Abfallbeh\u00e4lter aus rotem Karton 380 x 300 x 100 mm\" \/>\n<meta property=\"og:description\" content=\"Sechseckiger roter Pappkorb 380 x 300 x 100 mm, elegant und stabil, ideal zum Verpacken oder Ausstellen Ihrer Feinschmecker- und Geschenkprodukte.\" \/>\n<meta property=\"og:url\" content=\"https:\/\/www.csj-emballages.com\/de\/produit\/abfallbehaelter-aus-rotem-karton-380-x-300-x-100-mm\/\" \/>\n<meta property=\"og:site_name\" content=\"CSJ Emballages\" \/>\n<meta property=\"article:publisher\" content=\"https:\/\/www.facebook.com\/csjemballages\" \/>\n<meta property=\"article:modified_time\" content=\"2026-03-12T15:05:55+00:00\" \/>\n<meta property=\"og:image\" content=\"https:\/\/www.csj-emballages.com\/wp-content\/uploads\/2025\/09\/130425.webp\" \/>\n\t<meta property=\"og:image:width\" content=\"800\" \/>\n\t<meta property=\"og:image:height\" content=\"799\" \/>\n\t<meta property=\"og:image:type\" content=\"image\/webp\" \/>\n<meta name=\"twitter:card\" content=\"summary_large_image\" \/>\n<meta name=\"twitter:label1\" content=\"Gesch\u00e4tzte Lesezeit\" \/>\n\t<meta name=\"twitter:data1\" content=\"2 Minuten\" \/>\n<script type=\"application\/ld+json\" class=\"yoast-schema-graph\">{\"@context\":\"https:\/\/schema.org\",\"@graph\":[{\"@type\":\"WebPage\",\"@id\":\"https:\/\/www.csj-emballages.com\/de\/produit\/abfallbehaelter-aus-rotem-karton-380-x-300-x-100-mm\/\",\"url\":\"https:\/\/www.csj-emballages.com\/de\/produit\/abfallbehaelter-aus-rotem-karton-380-x-300-x-100-mm\/\",\"name\":\"Abfallbeh\u00e4lter Karton Rot 380 x 300 x 100 mm\",\"isPartOf\":{\"@id\":\"https:\/\/www.csj-emballages.com\/de\/#website\"},\"primaryImageOfPage\":{\"@id\":\"https:\/\/www.csj-emballages.com\/de\/produit\/abfallbehaelter-aus-rotem-karton-380-x-300-x-100-mm\/#primaryimage\"},\"image\":{\"@id\":\"https:\/\/www.csj-emballages.com\/de\/produit\/abfallbehaelter-aus-rotem-karton-380-x-300-x-100-mm\/#primaryimage\"},\"thumbnailUrl\":\"https:\/\/www.csj-emballages.com\/wp-content\/uploads\/2025\/09\/130425.webp\",\"datePublished\":\"2025-09-18T14:18:45+00:00\",\"dateModified\":\"2026-03-12T15:05:55+00:00\",\"description\":\"Sechseckiger roter Pappkorb 380 x 300 x 100 mm, elegant und stabil, ideal zum Verpacken oder Ausstellen Ihrer Feinschmecker- und Geschenkprodukte.\",\"breadcrumb\":{\"@id\":\"https:\/\/www.csj-emballages.com\/de\/produit\/abfallbehaelter-aus-rotem-karton-380-x-300-x-100-mm\/#breadcrumb\"},\"inLanguage\":\"de\",\"potentialAction\":[{\"@type\":\"ReadAction\",\"target\":[\"https:\/\/www.csj-emballages.com\/de\/produit\/abfallbehaelter-aus-rotem-karton-380-x-300-x-100-mm\/\"]}]},{\"@type\":\"ImageObject\",\"inLanguage\":\"de\",\"@id\":\"https:\/\/www.csj-emballages.com\/de\/produit\/abfallbehaelter-aus-rotem-karton-380-x-300-x-100-mm\/#primaryimage\",\"url\":\"https:\/\/www.csj-emballages.com\/wp-content\/uploads\/2025\/09\/130425.webp\",\"contentUrl\":\"https:\/\/www.csj-emballages.com\/wp-content\/uploads\/2025\/09\/130425.webp\",\"width\":800,\"height\":799,\"caption\":\"Corbeille carton rouge\"},{\"@type\":\"BreadcrumbList\",\"@id\":\"https:\/\/www.csj-emballages.com\/de\/produit\/abfallbehaelter-aus-rotem-karton-380-x-300-x-100-mm\/#breadcrumb\",\"itemListElement\":[{\"@type\":\"ListItem\",\"position\":1,\"name\":\"Accueil\",\"item\":\"https:\/\/www.csj-emballages.com\/de\/universum-lebensmittelverpackungen\/\"},{\"@type\":\"ListItem\",\"position\":2,\"name\":\"Shop\",\"item\":\"https:\/\/www.csj-emballages.com\/shop\/\"},{\"@type\":\"ListItem\",\"position\":3,\"name\":\"Abfallbeh\u00e4lter aus rotem Karton 380 x 300 x 100 mm\"}]},{\"@type\":\"WebSite\",\"@id\":\"https:\/\/www.csj-emballages.com\/de\/#website\",\"url\":\"https:\/\/www.csj-emballages.com\/de\/\",\"name\":\"CSJ Emballages\",\"description\":\"\",\"publisher\":{\"@id\":\"https:\/\/www.csj-emballages.com\/de\/#organization\"},\"potentialAction\":[{\"@type\":\"SearchAction\",\"target\":{\"@type\":\"EntryPoint\",\"urlTemplate\":\"https:\/\/www.csj-emballages.com\/de\/?s={search_term_string}\"},\"query-input\":{\"@type\":\"PropertyValueSpecification\",\"valueRequired\":true,\"valueName\":\"search_term_string\"}}],\"inLanguage\":\"de\"},{\"@type\":\"Organization\",\"@id\":\"https:\/\/www.csj-emballages.com\/de\/#Organization\/\",\"name\":\"CSJ Emballages\",\"url\":\"https:\/\/www.csj-emballages.com\/de\/\",\"logo\":{\"@type\":\"ImageObject\",\"inLanguage\":\"de\",\"@id\":\"https:\/\/www.csj-emballages.com\/de\/#\/schema\/logo\/image\/\",\"url\":\"https:\/\/www.csj-emballages.com\/wp-content\/uploads\/2023\/10\/logo_csj.webp\",\"contentUrl\":\"https:\/\/www.csj-emballages.com\/wp-content\/uploads\/2023\/10\/logo_csj.webp\",\"width\":250,\"height\":95,\"caption\":\"CSJ Emballages\"},\"image\":{\"@id\":\"https:\/\/www.csj-emballages.com\/de\/#\/schema\/logo\/image\/\"},\"sameAs\":[\"https:\/\/www.facebook.com\/csjemballages\"],\"address\":{\"@type\":\"PostalAddress\",\"streetAddress\":\"ZI La Lechere\",\"addressLocality\":\"Patornay\",\"postalCode\":\"39130\",\"addressCountry\":\"FR\"},\"contactPoint\":[{\"@type\":\"ContactPoint\",\"contactType\":\"Service client\",\"telephone\":\"0384254272\",\"email\":\"contact@csj-emballages.com\"}]}]}<\/script>\n<!-- \/ Yoast SEO Premium plugin. -->","yoast_head_json":{"title":"Abfallbeh\u00e4lter Karton Rot 380 x 300 x 100 mm","description":"Sechseckiger roter Pappkorb 380 x 300 x 100 mm, elegant und stabil, ideal zum Verpacken oder Ausstellen Ihrer Feinschmecker- und Geschenkprodukte.","robots":{"index":"index","follow":"follow","max-snippet":"max-snippet:-1","max-image-preview":"max-image-preview:large","max-video-preview":"max-video-preview:-1"},"canonical":"https:\/\/www.csj-emballages.com\/de\/produit\/abfallbehaelter-aus-rotem-karton-380-x-300-x-100-mm\/","og_locale":"de_DE","og_type":"article","og_title":"Abfallbeh\u00e4lter aus rotem Karton 380 x 300 x 100 mm","og_description":"Sechseckiger roter Pappkorb 380 x 300 x 100 mm, elegant und stabil, ideal zum Verpacken oder Ausstellen Ihrer Feinschmecker- und Geschenkprodukte.","og_url":"https:\/\/www.csj-emballages.com\/de\/produit\/abfallbehaelter-aus-rotem-karton-380-x-300-x-100-mm\/","og_site_name":"CSJ Emballages","article_publisher":"https:\/\/www.facebook.com\/csjemballages","article_modified_time":"2026-03-12T15:05:55+00:00","og_image":[{"width":800,"height":799,"url":"https:\/\/www.csj-emballages.com\/wp-content\/uploads\/2025\/09\/130425.webp","type":"image\/webp"}],"twitter_card":"summary_large_image","twitter_misc":{"Gesch\u00e4tzte Lesezeit":"2 Minuten"},"schema":{"@context":"https:\/\/schema.org","@graph":[{"@type":"WebPage","@id":"https:\/\/www.csj-emballages.com\/de\/produit\/abfallbehaelter-aus-rotem-karton-380-x-300-x-100-mm\/","url":"https:\/\/www.csj-emballages.com\/de\/produit\/abfallbehaelter-aus-rotem-karton-380-x-300-x-100-mm\/","name":"Abfallbeh\u00e4lter Karton Rot 380 x 300 x 100 mm","isPartOf":{"@id":"https:\/\/www.csj-emballages.com\/de\/#website"},"primaryImageOfPage":{"@id":"https:\/\/www.csj-emballages.com\/de\/produit\/abfallbehaelter-aus-rotem-karton-380-x-300-x-100-mm\/#primaryimage"},"image":{"@id":"https:\/\/www.csj-emballages.com\/de\/produit\/abfallbehaelter-aus-rotem-karton-380-x-300-x-100-mm\/#primaryimage"},"thumbnailUrl":"https:\/\/www.csj-emballages.com\/wp-content\/uploads\/2025\/09\/130425.webp","datePublished":"2025-09-18T14:18:45+00:00","dateModified":"2026-03-12T15:05:55+00:00","description":"Sechseckiger roter Pappkorb 380 x 300 x 100 mm, elegant und stabil, ideal zum Verpacken oder Ausstellen Ihrer Feinschmecker- und Geschenkprodukte.","breadcrumb":{"@id":"https:\/\/www.csj-emballages.com\/de\/produit\/abfallbehaelter-aus-rotem-karton-380-x-300-x-100-mm\/#breadcrumb"},"inLanguage":"de","potentialAction":[{"@type":"ReadAction","target":["https:\/\/www.csj-emballages.com\/de\/produit\/abfallbehaelter-aus-rotem-karton-380-x-300-x-100-mm\/"]}]},{"@type":"ImageObject","inLanguage":"de","@id":"https:\/\/www.csj-emballages.com\/de\/produit\/abfallbehaelter-aus-rotem-karton-380-x-300-x-100-mm\/#primaryimage","url":"https:\/\/www.csj-emballages.com\/wp-content\/uploads\/2025\/09\/130425.webp","contentUrl":"https:\/\/www.csj-emballages.com\/wp-content\/uploads\/2025\/09\/130425.webp","width":800,"height":799,"caption":"Corbeille carton rouge"},{"@type":"BreadcrumbList","@id":"https:\/\/www.csj-emballages.com\/de\/produit\/abfallbehaelter-aus-rotem-karton-380-x-300-x-100-mm\/#breadcrumb","itemListElement":[{"@type":"ListItem","position":1,"name":"Accueil","item":"https:\/\/www.csj-emballages.com\/de\/universum-lebensmittelverpackungen\/"},{"@type":"ListItem","position":2,"name":"Shop","item":"https:\/\/www.csj-emballages.com\/shop\/"},{"@type":"ListItem","position":3,"name":"Abfallbeh\u00e4lter aus rotem Karton 380 x 300 x 100 mm"}]},{"@type":"WebSite","@id":"https:\/\/www.csj-emballages.com\/de\/#website","url":"https:\/\/www.csj-emballages.com\/de\/","name":"CSJ Emballages","description":"","publisher":{"@id":"https:\/\/www.csj-emballages.com\/de\/#organization"},"potentialAction":[{"@type":"SearchAction","target":{"@type":"EntryPoint","urlTemplate":"https:\/\/www.csj-emballages.com\/de\/?s={search_term_string}"},"query-input":{"@type":"PropertyValueSpecification","valueRequired":true,"valueName":"search_term_string"}}],"inLanguage":"de"},{"@type":"Organization","@id":"https:\/\/www.csj-emballages.com\/de\/#Organization\/","name":"CSJ Emballages","url":"https:\/\/www.csj-emballages.com\/de\/","logo":{"@type":"ImageObject","inLanguage":"de","@id":"https:\/\/www.csj-emballages.com\/de\/#\/schema\/logo\/image\/","url":"https:\/\/www.csj-emballages.com\/wp-content\/uploads\/2023\/10\/logo_csj.webp","contentUrl":"https:\/\/www.csj-emballages.com\/wp-content\/uploads\/2023\/10\/logo_csj.webp","width":250,"height":95,"caption":"CSJ Emballages"},"image":{"@id":"https:\/\/www.csj-emballages.com\/de\/#\/schema\/logo\/image\/"},"sameAs":["https:\/\/www.facebook.com\/csjemballages"],"address":{"@type":"PostalAddress","streetAddress":"ZI La Lechere","addressLocality":"Patornay","postalCode":"39130","addressCountry":"FR"},"contactPoint":[{"@type":"ContactPoint","contactType":"Service client","telephone":"0384254272","email":"contact@csj-emballages.com"}]}]}},"df_price":3.14,"df_sale_price":"","df_regular_price":3.14,"df_image_link":"https:\/\/www.csj-emballages.com\/wp-content\/uploads\/2025\/09\/130425-300x300.webp","tiered_pricing_type":"fixed","tiered_pricing_fixed_rules":[],"tiered_pricing_percentage_rules":[],"tiered_pricing_minimum":1,"tiered_pricing_roles_data":[],"_links":{"self":[{"href":"https:\/\/www.csj-emballages.com\/de\/wp-json\/wp\/v2\/product\/248218","targetHints":{"allow":["GET"]}}],"collection":[{"href":"https:\/\/www.csj-emballages.com\/de\/wp-json\/wp\/v2\/product"}],"about":[{"href":"https:\/\/www.csj-emballages.com\/de\/wp-json\/wp\/v2\/types\/product"}],"wp:featuredmedia":[{"embeddable":true,"href":"https:\/\/www.csj-emballages.com\/de\/wp-json\/wp\/v2\/media\/248210"}],"wp:attachment":[{"href":"https:\/\/www.csj-emballages.com\/de\/wp-json\/wp\/v2\/media?parent=248218"}],"wp:term":[{"taxonomy":"product_brand","embeddable":true,"href":"https:\/\/www.csj-emballages.com\/de\/wp-json\/wp\/v2\/product_brand?post=248218"},{"taxonomy":"product_cat","embeddable":true,"href":"https:\/\/www.csj-emballages.com\/de\/wp-json\/wp\/v2\/product_cat?post=248218"},{"taxonomy":"product_tag","embeddable":true,"href":"https:\/\/www.csj-emballages.com\/de\/wp-json\/wp\/v2\/product_tag?post=248218"}],"curies":[{"name":"wp","href":"https:\/\/api.w.org\/{rel}","templated":true}]}}