{"id":248085,"date":"2025-09-18T16:18:36","date_gmt":"2025-09-18T14:18:36","guid":{"rendered":"https:\/\/www.csj-emballages.com\/produit\/etui-macarons-kraft-pvc-190-x-50-x-50-mm-pro-20\/"},"modified":"2026-04-18T02:10:47","modified_gmt":"2026-04-18T00:10:47","slug":"etui-macarons-kraft-pvc-190-x-50-x-50-mm-pro-20","status":"publish","type":"product","link":"https:\/\/www.csj-emballages.com\/de\/produit\/etui-macarons-kraft-pvc-190-x-50-x-50-mm-pro-20\/","title":{"rendered":"Etui Macarons Kraft PET 190 x 50 x 50 mm pro 10"},"content":{"rendered":"<h2 class=\"p1\">Etui Macarons Kraft<\/h2>\n<hr>\n<h3>Beschreibung unserer Makronen-Schachtel Kraft PET 190 x 50 x 50 mm im 10er-Pack<\/h3>\n<p><!--more--><\/p>\n<p data-start=\"162\" data-end=\"536\">Entdecken Sie unser <strong data-start=\"178\" data-end=\"207\">PET-Etui f\u00fcr Kraftmakronen<\/strong>, eine <strong data-start=\"232\" data-end=\"243\">elegante<\/strong>, <strong data-start=\"245\" data-end=\"257\">praktische<\/strong> und <strong data-start=\"261\" data-end=\"273\">sichere<\/strong> Verpackung, die speziell daf\u00fcr gedacht ist, Ihre handgemachten Leckereien zu veredeln. Dank der clever gestalteten <strong data-start=\"343\" data-end=\"367\">Seiten\u00f6ffnungen<\/strong> k\u00f6nnen Sie Ihre <strong data-start=\"434\" data-end=\"446\">selbstgemachten<\/strong> <strong data-start=\"448\" data-end=\"461\">Makronen<\/strong>, <strong data-start=\"465\" data-end=\"487\">Pralinen<\/strong> oder <g id=\"gid_8\">S\u00fc\u00dfigkeiten<\/g> ganz einfach einlegen und halten sie dabei perfekt gesch\u00fctzt. <\/p>\n<p data-start=\"538\" data-end=\"957\">Dank seiner <strong data-start=\"549\" data-end=\"577\">kristallklaren Transparenz<\/strong> bringt dieses <strong>Macarons-Etui<\/strong> Ihre Kreationen mit Finesse zur Geltung und l\u00e4sst ihre Farben und k\u00f6stlichen Texturen sichtbar werden. Sein <strong data-start=\"699\" data-end=\"719\">kraftvolles \u00c4u\u00dferes<\/strong> verleiht ihm einen Hauch von Originalit\u00e4t und Raffinesse, der Ihre Kunden sofort begeistern wird. Denn aus <strong data-start=\"821\" data-end=\"843\">lebensmittelechtem Karton<\/strong> hergestellt, garantiert es eine optimale Aufbewahrung und eine einwandfreie Pr\u00e4sentation, auch beim Transport.  <\/p>\n<p data-start=\"959\" data-end=\"1446\">Denn egal, ob Sie <strong data-start=\"974\" data-end=\"987\">Konditor<\/strong>, <strong data-start=\"989\" data-end=\"1001\">Traiteur<\/strong> oder <strong data-start=\"1006\" data-end=\"1027\">Handwerker<\/strong> sind, dieses <strong>Etui<\/strong> ist Ihr idealer Verb\u00fcndeter, um Ihre Produkte aufzuwerten und gleichzeitig Ihr professionelles Image zu st\u00e4rken. Das Format <strong>190 x 50 x 50 mm<\/strong> passt sich perfekt an die Standardgr\u00f6\u00dfe von Makronen und S\u00fc\u00dfwaren an und sorgt f\u00fcr optimalen Halt, ohne sie zu besch\u00e4digen. Auch die <strong data-start=\"1297\" data-end=\"1321\">zarte Kraftfarbe<\/strong> verleiht Ihren Pr\u00e4sentationen eine weiche und nat\u00fcrliche Note.<\/p>\n<p data-start=\"1448\" data-end=\"1728\">Au\u00dferdem entscheiden Sie sich mit dieser <strong>Makronenschachtel<\/strong> f\u00fcr eine <strong data-start=\"1492\" data-end=\"1565\">\u00e4sthetische, funktionelle und lebensmittelgerechte Verpackung<\/strong>, die <strong data-start=\"1579\" data-end=\"1591\">Festigkeit<\/strong>, <strong data-start=\"1593\" data-end=\"1609\">Transparenz<\/strong> und <strong data-start=\"1613\" data-end=\"1625\">Eleganz<\/strong> miteinander verbindet. Da ein gutes Produkt eine sch\u00f6ne Schachtel verdient, wird diese <strong>Kraftkarton-Makronenschachtel<\/strong> Ihre Kreationen bei jedem Blick sublimieren. <\/p>\n<p data-start=\"1378\" data-end=\"1605\"><!--more--><\/p>\n<h4 data-start=\"1378\" data-end=\"1605\">Vorteile :<\/h4>\n<ul>\n<li data-start=\"1773\" data-end=\"1859\"><strong data-start=\"1773\" data-end=\"1802\">Schlichtes Design <\/strong>: perfekt f\u00fcr Geschenkboxen oder Veranstaltungen.<\/li>\n<li data-start=\"1862\" data-end=\"1947\"><strong data-start=\"1862\" data-end=\"1896\">Praktische Seiten\u00f6ffnungen<\/strong>: einfaches Einsetzen, ohne die Produkte zu besch\u00e4digen.<\/li>\n<li data-start=\"2020\" data-end=\"2093\"><strong data-start=\"2020\" data-end=\"2051\">Transparentes lebensmittelechtes PET<\/strong>: wertet Ihre Makronen und S\u00fc\u00dfwaren auf.<\/li>\n<li data-start=\"2096\" data-end=\"2172\"><strong data-start=\"2096\" data-end=\"2124\">Kompaktes und robustes Format<\/strong>: ideal f\u00fcr den Transport und die Pr\u00e4sentation.<\/li>\n<\/ul>\n<p>&nbsp;<\/p>\n<p><!--more--><\/p>\n<h4>Weitere Informationen :<\/h4>\n<ul>\n<li><strong>Verpackung<\/strong>: Packung mit 10 St\u00fcck<\/li>\n<li><strong>Ma\u00dfe<\/strong>: 190 x 50 x 50 mm<\/li>\n<li><strong>Material<\/strong>: Karton \/ PET<\/li>\n<li><strong>Kapazit\u00e4t<\/strong>: 7-8 Makronen<\/li>\n<li><strong>Farbe<\/strong>: Kraft \/ Transparent<\/li>\n<\/ul>\n<p>&nbsp;<\/p>\n<p><!--more--><\/p>\n<p>Dieses Produkt gibt es auch in verschiedenen Gr\u00f6\u00dfen : <span style=\"color: #d12727;\"><a style=\"color: #d12727;\" href=\"https:\/\/www.csj-emballages.com\/es\/produit\/estuche-kraft-de-pvc-para-macarrones-80-x-50-x-50-mm-paquete-de-20\/\">80 x 50 x 50 mm<\/a> <span style=\"color: #000000;\">\/<\/span> <a style=\"color: #d12727;\" href=\"https:\/\/www.csj-emballages.com\/es\/produit\/estuche-kraft-de-pvc-para-macarrones-160-x-50-x-50-mm-paquete-de-20\/\">160 x 50 x 50 mm<\/a><\/span><\/p>\n<p>&nbsp;<\/p>\n<p><!--more--><\/p>\n<p>Dieses gr\u00fcne Macarons-Etui ist in verschiedenen Farben erh\u00e4ltlich: <span style=\"color: #d12727;\"><a style=\"color: #d12727;\" href=\"https:\/\/www.csj-emballages.com\/es\/produit\/estuche-para-macarrones-rosa-con-borde-de-pet-190-x-50-x-50-mm-paquete-de-10\/\">Rosa ges\u00e4umt<\/a> <span style=\"color: #000000;\">\/ <\/span><a style=\"color: #d12727;\" href=\"https:\/\/www.csj-emballages.com\/es\/produit\/estuche-para-macarrones-pet-verde-190-x-50-x-50-mm-por-10\/\">Gr\u00fcn<\/a> <span style=\"color: #000000;\">\/ <\/span><a style=\"color: #d12727;\" href=\"https:\/\/www.csj-emballages.com\/es\/produit\/funda-de-pvc-para-credenciales-190-x-50-x-50-mm\/\">Elfenbein<\/a><\/span><\/p>\n<p>&nbsp;<\/p>\n<p><!--more--><\/p>\n<p><a href=\"https:\/\/www.csj-emballages.com\/de\/categorie-produit\/lebensmittelverpackungen\/backerei-und-konditorei\/schachteln-und-etuis\/macarons-schachteln-etuis\/macarons-etuis\/\">Sehen Sie sich den Rest unseres Sortiments an Makronen-Schachteln an<\/a><\/p>\n","protected":false},"excerpt":{"rendered":"<p>Etui Macarons Kraft Beschreibung unserer Makronen-Schachtel Kraft PET 190 x 50 x 50 mm im 10er-Pack<\/p>\n","protected":false},"featured_media":248081,"template":"","meta":{"_acf_changed":false},"product_brand":[],"product_cat":[1137,1171,3964,1728,2590],"product_tag":[],"class_list":{"0":"post-248085","1":"product","2":"type-product","3":"status-publish","4":"has-post-thumbnail","6":"product_cat-lebensmittelverpackungen","7":"product_cat-backerei-und-konditorei","8":"product_cat-schachteln-und-etuis","9":"product_cat-macarons-schachteln-etuis","10":"product_cat-macarons-etuis","12":"first","13":"outofstock","14":"taxable","15":"shipping-taxable","16":"purchasable","17":"product-type-simple"},"acf":[],"yoast_head":"<!-- This site is optimized with the Yoast SEO Premium plugin v26.6 (Yoast SEO v26.6) - https:\/\/yoast.com\/wordpress\/plugins\/seo\/ -->\n<title>Etui Macarons Kraft PVC 190 x 50 x 50 mm pro 20<\/title>\n<meta name=\"description\" content=\"Elegante Makronenh\u00fclle aus PVC-Kraft 190 x 50 x 50 mm pro 20 St\u00fcck, transparent und gepr\u00e4gt, ideal, um Ihre Makronen und handgemachten S\u00fc\u00dfwaren zu veredeln.\" \/>\n<meta name=\"robots\" content=\"index, follow, max-snippet:-1, max-image-preview:large, max-video-preview:-1\" \/>\n<link rel=\"canonical\" href=\"https:\/\/www.csj-emballages.com\/de\/produit\/etui-macarons-kraft-pvc-190-x-50-x-50-mm-pro-20\/\" \/>\n<meta property=\"og:locale\" content=\"de_DE\" \/>\n<meta property=\"og:type\" content=\"article\" \/>\n<meta property=\"og:title\" content=\"Etui Macarons Kraft PET 190 x 50 x 50 mm pro 10\" \/>\n<meta property=\"og:description\" content=\"Elegante Makronenh\u00fclle aus PVC-Kraft 190 x 50 x 50 mm pro 20 St\u00fcck, transparent und gepr\u00e4gt, ideal, um Ihre Makronen und handgemachten S\u00fc\u00dfwaren zu veredeln.\" \/>\n<meta property=\"og:url\" content=\"https:\/\/www.csj-emballages.com\/de\/produit\/etui-macarons-kraft-pvc-190-x-50-x-50-mm-pro-20\/\" \/>\n<meta property=\"og:site_name\" content=\"CSJ Emballages\" \/>\n<meta property=\"article:publisher\" content=\"https:\/\/www.facebook.com\/csjemballages\" \/>\n<meta property=\"article:modified_time\" content=\"2026-04-18T00:10:47+00:00\" \/>\n<meta property=\"og:image\" content=\"https:\/\/www.csj-emballages.com\/wp-content\/uploads\/2025\/09\/115609.webp\" \/>\n\t<meta property=\"og:image:width\" content=\"800\" \/>\n\t<meta property=\"og:image:height\" content=\"800\" \/>\n\t<meta property=\"og:image:type\" content=\"image\/webp\" \/>\n<meta name=\"twitter:card\" content=\"summary_large_image\" \/>\n<meta name=\"twitter:label1\" content=\"Gesch\u00e4tzte Lesezeit\" \/>\n\t<meta name=\"twitter:data1\" content=\"2 Minuten\" \/>\n<script type=\"application\/ld+json\" class=\"yoast-schema-graph\">{\"@context\":\"https:\/\/schema.org\",\"@graph\":[{\"@type\":\"WebPage\",\"@id\":\"https:\/\/www.csj-emballages.com\/de\/produit\/etui-macarons-kraft-pvc-190-x-50-x-50-mm-pro-20\/\",\"url\":\"https:\/\/www.csj-emballages.com\/de\/produit\/etui-macarons-kraft-pvc-190-x-50-x-50-mm-pro-20\/\",\"name\":\"Etui Macarons Kraft PVC 190 x 50 x 50 mm pro 20\",\"isPartOf\":{\"@id\":\"https:\/\/www.csj-emballages.com\/de\/#website\"},\"primaryImageOfPage\":{\"@id\":\"https:\/\/www.csj-emballages.com\/de\/produit\/etui-macarons-kraft-pvc-190-x-50-x-50-mm-pro-20\/#primaryimage\"},\"image\":{\"@id\":\"https:\/\/www.csj-emballages.com\/de\/produit\/etui-macarons-kraft-pvc-190-x-50-x-50-mm-pro-20\/#primaryimage\"},\"thumbnailUrl\":\"https:\/\/www.csj-emballages.com\/wp-content\/uploads\/2025\/09\/115609.webp\",\"datePublished\":\"2025-09-18T14:18:36+00:00\",\"dateModified\":\"2026-04-18T00:10:47+00:00\",\"description\":\"Elegante Makronenh\u00fclle aus PVC-Kraft 190 x 50 x 50 mm pro 20 St\u00fcck, transparent und gepr\u00e4gt, ideal, um Ihre Makronen und handgemachten S\u00fc\u00dfwaren zu veredeln.\",\"breadcrumb\":{\"@id\":\"https:\/\/www.csj-emballages.com\/de\/produit\/etui-macarons-kraft-pvc-190-x-50-x-50-mm-pro-20\/#breadcrumb\"},\"inLanguage\":\"de\",\"potentialAction\":[{\"@type\":\"ReadAction\",\"target\":[\"https:\/\/www.csj-emballages.com\/de\/produit\/etui-macarons-kraft-pvc-190-x-50-x-50-mm-pro-20\/\"]}]},{\"@type\":\"ImageObject\",\"inLanguage\":\"de\",\"@id\":\"https:\/\/www.csj-emballages.com\/de\/produit\/etui-macarons-kraft-pvc-190-x-50-x-50-mm-pro-20\/#primaryimage\",\"url\":\"https:\/\/www.csj-emballages.com\/wp-content\/uploads\/2025\/09\/115609.webp\",\"contentUrl\":\"https:\/\/www.csj-emballages.com\/wp-content\/uploads\/2025\/09\/115609.webp\",\"width\":800,\"height\":800,\"caption\":\"\u00c9tui macarons kraft\"},{\"@type\":\"BreadcrumbList\",\"@id\":\"https:\/\/www.csj-emballages.com\/de\/produit\/etui-macarons-kraft-pvc-190-x-50-x-50-mm-pro-20\/#breadcrumb\",\"itemListElement\":[{\"@type\":\"ListItem\",\"position\":1,\"name\":\"Accueil\",\"item\":\"https:\/\/www.csj-emballages.com\/de\/universum-lebensmittelverpackungen\/\"},{\"@type\":\"ListItem\",\"position\":2,\"name\":\"Shop\",\"item\":\"https:\/\/www.csj-emballages.com\/shop\/\"},{\"@type\":\"ListItem\",\"position\":3,\"name\":\"Etui Macarons Kraft PET 190 x 50 x 50 mm pro 10\"}]},{\"@type\":\"WebSite\",\"@id\":\"https:\/\/www.csj-emballages.com\/de\/#website\",\"url\":\"https:\/\/www.csj-emballages.com\/de\/\",\"name\":\"CSJ Emballages\",\"description\":\"\",\"publisher\":{\"@id\":\"https:\/\/www.csj-emballages.com\/de\/#organization\"},\"potentialAction\":[{\"@type\":\"SearchAction\",\"target\":{\"@type\":\"EntryPoint\",\"urlTemplate\":\"https:\/\/www.csj-emballages.com\/de\/?s={search_term_string}\"},\"query-input\":{\"@type\":\"PropertyValueSpecification\",\"valueRequired\":true,\"valueName\":\"search_term_string\"}}],\"inLanguage\":\"de\"},{\"@type\":\"Organization\",\"@id\":\"https:\/\/www.csj-emballages.com\/de\/#Organization\/\",\"name\":\"CSJ Emballages\",\"url\":\"https:\/\/www.csj-emballages.com\/de\/\",\"logo\":{\"@type\":\"ImageObject\",\"inLanguage\":\"de\",\"@id\":\"https:\/\/www.csj-emballages.com\/de\/#\/schema\/logo\/image\/\",\"url\":\"https:\/\/www.csj-emballages.com\/wp-content\/uploads\/2023\/10\/logo_csj.webp\",\"contentUrl\":\"https:\/\/www.csj-emballages.com\/wp-content\/uploads\/2023\/10\/logo_csj.webp\",\"width\":250,\"height\":95,\"caption\":\"CSJ Emballages\"},\"image\":{\"@id\":\"https:\/\/www.csj-emballages.com\/de\/#\/schema\/logo\/image\/\"},\"sameAs\":[\"https:\/\/www.facebook.com\/csjemballages\"],\"address\":{\"@type\":\"PostalAddress\",\"streetAddress\":\"ZI La Lechere\",\"addressLocality\":\"Patornay\",\"postalCode\":\"39130\",\"addressCountry\":\"FR\"},\"contactPoint\":[{\"@type\":\"ContactPoint\",\"contactType\":\"Service client\",\"telephone\":\"0384254272\",\"email\":\"contact@csj-emballages.com\"}]}]}<\/script>\n<!-- \/ Yoast SEO Premium plugin. -->","yoast_head_json":{"title":"Etui Macarons Kraft PVC 190 x 50 x 50 mm pro 20","description":"Elegante Makronenh\u00fclle aus PVC-Kraft 190 x 50 x 50 mm pro 20 St\u00fcck, transparent und gepr\u00e4gt, ideal, um Ihre Makronen und handgemachten S\u00fc\u00dfwaren zu veredeln.","robots":{"index":"index","follow":"follow","max-snippet":"max-snippet:-1","max-image-preview":"max-image-preview:large","max-video-preview":"max-video-preview:-1"},"canonical":"https:\/\/www.csj-emballages.com\/de\/produit\/etui-macarons-kraft-pvc-190-x-50-x-50-mm-pro-20\/","og_locale":"de_DE","og_type":"article","og_title":"Etui Macarons Kraft PET 190 x 50 x 50 mm pro 10","og_description":"Elegante Makronenh\u00fclle aus PVC-Kraft 190 x 50 x 50 mm pro 20 St\u00fcck, transparent und gepr\u00e4gt, ideal, um Ihre Makronen und handgemachten S\u00fc\u00dfwaren zu veredeln.","og_url":"https:\/\/www.csj-emballages.com\/de\/produit\/etui-macarons-kraft-pvc-190-x-50-x-50-mm-pro-20\/","og_site_name":"CSJ Emballages","article_publisher":"https:\/\/www.facebook.com\/csjemballages","article_modified_time":"2026-04-18T00:10:47+00:00","og_image":[{"width":800,"height":800,"url":"https:\/\/www.csj-emballages.com\/wp-content\/uploads\/2025\/09\/115609.webp","type":"image\/webp"}],"twitter_card":"summary_large_image","twitter_misc":{"Gesch\u00e4tzte Lesezeit":"2 Minuten"},"schema":{"@context":"https:\/\/schema.org","@graph":[{"@type":"WebPage","@id":"https:\/\/www.csj-emballages.com\/de\/produit\/etui-macarons-kraft-pvc-190-x-50-x-50-mm-pro-20\/","url":"https:\/\/www.csj-emballages.com\/de\/produit\/etui-macarons-kraft-pvc-190-x-50-x-50-mm-pro-20\/","name":"Etui Macarons Kraft PVC 190 x 50 x 50 mm pro 20","isPartOf":{"@id":"https:\/\/www.csj-emballages.com\/de\/#website"},"primaryImageOfPage":{"@id":"https:\/\/www.csj-emballages.com\/de\/produit\/etui-macarons-kraft-pvc-190-x-50-x-50-mm-pro-20\/#primaryimage"},"image":{"@id":"https:\/\/www.csj-emballages.com\/de\/produit\/etui-macarons-kraft-pvc-190-x-50-x-50-mm-pro-20\/#primaryimage"},"thumbnailUrl":"https:\/\/www.csj-emballages.com\/wp-content\/uploads\/2025\/09\/115609.webp","datePublished":"2025-09-18T14:18:36+00:00","dateModified":"2026-04-18T00:10:47+00:00","description":"Elegante Makronenh\u00fclle aus PVC-Kraft 190 x 50 x 50 mm pro 20 St\u00fcck, transparent und gepr\u00e4gt, ideal, um Ihre Makronen und handgemachten S\u00fc\u00dfwaren zu veredeln.","breadcrumb":{"@id":"https:\/\/www.csj-emballages.com\/de\/produit\/etui-macarons-kraft-pvc-190-x-50-x-50-mm-pro-20\/#breadcrumb"},"inLanguage":"de","potentialAction":[{"@type":"ReadAction","target":["https:\/\/www.csj-emballages.com\/de\/produit\/etui-macarons-kraft-pvc-190-x-50-x-50-mm-pro-20\/"]}]},{"@type":"ImageObject","inLanguage":"de","@id":"https:\/\/www.csj-emballages.com\/de\/produit\/etui-macarons-kraft-pvc-190-x-50-x-50-mm-pro-20\/#primaryimage","url":"https:\/\/www.csj-emballages.com\/wp-content\/uploads\/2025\/09\/115609.webp","contentUrl":"https:\/\/www.csj-emballages.com\/wp-content\/uploads\/2025\/09\/115609.webp","width":800,"height":800,"caption":"\u00c9tui macarons kraft"},{"@type":"BreadcrumbList","@id":"https:\/\/www.csj-emballages.com\/de\/produit\/etui-macarons-kraft-pvc-190-x-50-x-50-mm-pro-20\/#breadcrumb","itemListElement":[{"@type":"ListItem","position":1,"name":"Accueil","item":"https:\/\/www.csj-emballages.com\/de\/universum-lebensmittelverpackungen\/"},{"@type":"ListItem","position":2,"name":"Shop","item":"https:\/\/www.csj-emballages.com\/shop\/"},{"@type":"ListItem","position":3,"name":"Etui Macarons Kraft PET 190 x 50 x 50 mm pro 10"}]},{"@type":"WebSite","@id":"https:\/\/www.csj-emballages.com\/de\/#website","url":"https:\/\/www.csj-emballages.com\/de\/","name":"CSJ Emballages","description":"","publisher":{"@id":"https:\/\/www.csj-emballages.com\/de\/#organization"},"potentialAction":[{"@type":"SearchAction","target":{"@type":"EntryPoint","urlTemplate":"https:\/\/www.csj-emballages.com\/de\/?s={search_term_string}"},"query-input":{"@type":"PropertyValueSpecification","valueRequired":true,"valueName":"search_term_string"}}],"inLanguage":"de"},{"@type":"Organization","@id":"https:\/\/www.csj-emballages.com\/de\/#Organization\/","name":"CSJ Emballages","url":"https:\/\/www.csj-emballages.com\/de\/","logo":{"@type":"ImageObject","inLanguage":"de","@id":"https:\/\/www.csj-emballages.com\/de\/#\/schema\/logo\/image\/","url":"https:\/\/www.csj-emballages.com\/wp-content\/uploads\/2023\/10\/logo_csj.webp","contentUrl":"https:\/\/www.csj-emballages.com\/wp-content\/uploads\/2023\/10\/logo_csj.webp","width":250,"height":95,"caption":"CSJ Emballages"},"image":{"@id":"https:\/\/www.csj-emballages.com\/de\/#\/schema\/logo\/image\/"},"sameAs":["https:\/\/www.facebook.com\/csjemballages"],"address":{"@type":"PostalAddress","streetAddress":"ZI La Lechere","addressLocality":"Patornay","postalCode":"39130","addressCountry":"FR"},"contactPoint":[{"@type":"ContactPoint","contactType":"Service client","telephone":"0384254272","email":"contact@csj-emballages.com"}]}]}},"df_price":5.26,"df_sale_price":"","df_regular_price":5.26,"df_image_link":"https:\/\/www.csj-emballages.com\/wp-content\/uploads\/2025\/09\/115609-300x300.webp","tiered_pricing_type":"fixed","tiered_pricing_fixed_rules":[],"tiered_pricing_percentage_rules":[],"tiered_pricing_minimum":1,"tiered_pricing_roles_data":[],"_links":{"self":[{"href":"https:\/\/www.csj-emballages.com\/de\/wp-json\/wp\/v2\/product\/248085","targetHints":{"allow":["GET"]}}],"collection":[{"href":"https:\/\/www.csj-emballages.com\/de\/wp-json\/wp\/v2\/product"}],"about":[{"href":"https:\/\/www.csj-emballages.com\/de\/wp-json\/wp\/v2\/types\/product"}],"wp:featuredmedia":[{"embeddable":true,"href":"https:\/\/www.csj-emballages.com\/de\/wp-json\/wp\/v2\/media\/248081"}],"wp:attachment":[{"href":"https:\/\/www.csj-emballages.com\/de\/wp-json\/wp\/v2\/media?parent=248085"}],"wp:term":[{"taxonomy":"product_brand","embeddable":true,"href":"https:\/\/www.csj-emballages.com\/de\/wp-json\/wp\/v2\/product_brand?post=248085"},{"taxonomy":"product_cat","embeddable":true,"href":"https:\/\/www.csj-emballages.com\/de\/wp-json\/wp\/v2\/product_cat?post=248085"},{"taxonomy":"product_tag","embeddable":true,"href":"https:\/\/www.csj-emballages.com\/de\/wp-json\/wp\/v2\/product_tag?post=248085"}],"curies":[{"name":"wp","href":"https:\/\/api.w.org\/{rel}","templated":true}]}}