{"id":247749,"date":"2025-09-18T15:18:29","date_gmt":"2025-09-18T13:18:29","guid":{"rendered":"https:\/\/www.csj-emballages.com\/produit\/elfenbeinfarbene-schachtel-aus-karton-195-x-140-x-40-mm-pro-5-stueck\/"},"modified":"2026-04-14T02:11:06","modified_gmt":"2026-04-14T00:11:06","slug":"elfenbeinfarbene-schachtel-aus-karton-195-x-140-x-40-mm-pro-5-stueck","status":"publish","type":"product","link":"https:\/\/www.csj-emballages.com\/de\/produit\/elfenbeinfarbene-schachtel-aus-karton-195-x-140-x-40-mm-pro-5-stueck\/","title":{"rendered":"Elfenbeinfarbene Schachtel aus Karton 195 x 140 x 40 mm pro 10 St\u00fcck"},"content":{"rendered":"<h2 class=\"p1\">Schachtel Schachtel<\/h2>\n<hr>\n<h3>Beschreibung unserer Box Box aus elfenbeinfarbenem Karton 195 x 140 x 40 mm pro 10 St\u00fcck<\/h3>\n<p><!--more--><\/p>\n<p data-start=\"104\" data-end=\"582\">Lassen Sie sich von der <strong data-start=\"130\" data-end=\"178\">Karton-Geschenkbox Elfenbein 195 x 140 x 40 mm<\/strong> verf\u00fchren, einem wahren Schmuckk\u00e4stchen, um Ihre kulinarischen Kreationen zu veredeln! Elegant und praktisch ist diese <strong>Box<\/strong> darauf ausgelegt, eine <strong data-start=\"301\" data-end=\"326\">raffinierte Pr\u00e4sentation<\/strong> f\u00fcr alle Arten von <strong data-start=\"347\" data-end=\"398\">Geb\u00e4ck, Pralinen, Keksen oder Konfekt<\/strong> zu bieten. Dank ihres <strong data-start=\"412\" data-end=\"429\">durchdachten Designs<\/strong> und ihrer <strong data-start=\"436\" data-end=\"473\">sanften, leuchtenden Elfenbeinfarbe<\/strong> verleiht sie jedem Produkt, das Sie darin pr\u00e4sentieren, eine Note von <strong data-start=\"502\" data-end=\"517\">Raffinesse<\/strong> und <strong data-start=\"524\" data-end=\"545\">Professionalit\u00e4t<\/strong>.<\/p>\n<p data-start=\"584\" data-end=\"1004\">Diese <strong data-start=\"587\" data-end=\"633\">transparente Geschenkbox mit seitlichen \u00d6ffnungen<\/strong> ist darauf ausgelegt, zu \u00fcberzeugen. Ihr <strong data-start=\"689\" data-end=\"722\">Karton-Einsatz<\/strong>, einfach selbst zu montieren, garantiert einen stabilen Halt unter Einhaltung der Lebensmittelhygienevorschriften.<\/p>\n<p data-start=\"1006\" data-end=\"1402\">Ebenso ist dieses kompakte Format <strong>195 x 140 x 40 mm<\/strong> perfekt f\u00fcr <strong data-start=\"1117\" data-end=\"1138\">Mini-Sortimente<\/strong>. Sie l\u00e4sst sich leicht in eine Tasche oder Vitrine gleiten, ohne viel Platz einzunehmen. Die <strong data-start=\"1218\" data-end=\"1256\">transparenten Seiten\u00f6ffnungen<\/strong> erm\u00f6glichen es Ihren Kunden, den Inhalt zu bewundern, ohne die Box \u00fcberhaupt zu \u00f6ffnen \u2013 ein echtes Plus, um <strong data-start=\"1348\" data-end=\"1369\">Blicke anzuziehen<\/strong> und <strong data-start=\"1373\" data-end=\"1399\">Kaufanreize zu schaffen<\/strong>.<\/p>\n<p data-start=\"1404\" data-end=\"1748\">Zusammenfassend ist diese <strong>Geschenkbox<\/strong> ein <strong data-start=\"1441\" data-end=\"1465\">unverzichtbarer Verb\u00fcndeter<\/strong> f\u00fcr alle Profis aus <strong data-start=\"1501\" data-end=\"1554\">B\u00e4ckerei, Konditorei, Chocolaterie oder Catering<\/strong>, die ihre <strong data-start=\"1570\" data-end=\"1599\">sch\u00f6nen Kreationen hervorheben<\/strong> m\u00f6chten. Sie verwandelt jedes Produkt in ein kleines Kunstwerk, das zum Genie\u00dfen einl\u00e4dt!<\/p>\n<p data-start=\"1378\" data-end=\"1605\"><!--more--><\/p>\n<h4 data-start=\"1378\" data-end=\"1605\">Vorteile :<\/h4>\n<ul>\n<li data-start=\"1793\" data-end=\"1884\"><strong data-start=\"1793\" data-end=\"1818\">Elegante<\/strong> und professionelle <strong data-start=\"1793\" data-end=\"1818\">Pr\u00e4sentation<\/strong> dank des Elfenbeinfarbtons.<\/li>\n<li data-start=\"1887\" data-end=\"1973\"><strong data-start=\"1887\" data-end=\"1925\">Transparente Seiten\u00f6ffnungen<\/strong>, damit der Inhalt sofort zur Geltung kommt.<\/li>\n<li data-start=\"1976\" data-end=\"2041\"><strong data-start=\"1976\" data-end=\"1994\">Einfache<\/strong> und stabile <strong data-start=\"1976\" data-end=\"1994\">Montage<\/strong>, geeignet f\u00fcr Lebensmittel.<\/li>\n<li data-start=\"2044\" data-end=\"2106\"><strong data-start=\"2044\" data-end=\"2063\">Praktisches Format<\/strong> f\u00fcr kleine Backwaren oder S\u00fc\u00dfigkeiten.<\/li>\n<li data-start=\"2109\" data-end=\"2175\"><strong data-start=\"2109\" data-end=\"2175\">Ideal f\u00fcr Schaufenster, Veranstaltungen oder Gourmet-Geschenkboxen<\/strong>.<\/li>\n<\/ul>\n<p>&nbsp;<\/p>\n<p><!--more--><\/p>\n<h4>Weitere Informationen :<\/h4>\n<ul>\n<li><strong>Verpackung<\/strong>: Packung mit 10 St\u00fcck<\/li>\n<li><strong>Ma\u00dfe<\/strong>: 195 x 140 x 40 mm<\/li>\n<li><strong>Material<\/strong>: Karton \/ PET<\/li>\n<li><strong>Farbe<\/strong>: Elfenbein \/ Transparent<\/li>\n<\/ul>\n<p>&nbsp;<\/p>\n<p><!--more--><\/p>\n<p>Diese elfenbeinfarbene Schachtel ist in verschiedenen Gr\u00f6\u00dfen erh\u00e4ltlich: <span style=\"color: #d12727;\"><a style=\"color: #d12727;\" href=\"https:\/\/www.csj-emballages.com\/pt-pt\/produit\/caixa-de-cartao-em-marfim-120-x-90-x-40-mm-embalagem-de-10\/\">120 x 90 x 40 mm<\/a><\/span> \/ <span style=\"color: #d12727;\"><a style=\"color: #d12727;\" href=\"https:\/\/www.csj-emballages.com\/produit\/boite-coffret-carton-ivoire-255-x-205-x-40-mm-par-5\/\">255 x 205 x 40 mm<\/a><\/span> \/ <span style=\"color: #d12727;\"><a style=\"color: #d12727;\" href=\"https:\/\/www.csj-emballages.com\/produit\/boite-coffret-carton-ivoire-295-x-265-x-40-mm-par-5\/\">295 x 265 x 40 mm<\/a><\/span><\/p>\n<p>&nbsp;<\/p>\n<p><!--more--><\/p>\n<p><a href=\"https:\/\/www.csj-emballages.com\/de\/categorie-produit\/lebensmittelverpackungen\/backerei-und-konditorei\/schachteln-und-etuis\/macarons-schachteln-etuis\/boxen-kasten\/\">Entdecken Sie den Rest unseres Sortiments an Geschenkboxen<\/a><\/p>\n","protected":false},"excerpt":{"rendered":"<p>Schachtel Schachtel Beschreibung unserer Box Box aus elfenbeinfarbenem Karton 195 x 140 x 40 mm pro 10 St\u00fcck<\/p>\n","protected":false},"featured_media":247738,"template":"","meta":{"_acf_changed":false},"product_brand":[],"product_cat":[1137,1171,3964,1728,9899],"product_tag":[],"class_list":{"0":"post-247749","1":"product","2":"type-product","3":"status-publish","4":"has-post-thumbnail","6":"product_cat-lebensmittelverpackungen","7":"product_cat-backerei-und-konditorei","8":"product_cat-schachteln-und-etuis","9":"product_cat-macarons-schachteln-etuis","10":"product_cat-boxen-kasten","12":"first","13":"instock","14":"taxable","15":"shipping-taxable","16":"purchasable","17":"product-type-simple"},"acf":[],"yoast_head":"<!-- This site is optimized with the Yoast SEO Premium plugin v26.6 (Yoast SEO v26.6) - https:\/\/yoast.com\/wordpress\/plugins\/seo\/ -->\n<title>Schachtel Karton Elfenbein 195 x 140 x 40 mm pro 10<\/title>\n<meta name=\"description\" content=\"Elfenbeinfarbene Kartonschachtel 195 x 140 x 40 mm: elegant, praktisch und ideal, um Ihre Backwaren und Feinschmeckerkreationen zu veredeln.\" \/>\n<meta name=\"robots\" content=\"index, follow, max-snippet:-1, max-image-preview:large, max-video-preview:-1\" \/>\n<link rel=\"canonical\" href=\"https:\/\/www.csj-emballages.com\/de\/produit\/elfenbeinfarbene-schachtel-aus-karton-195-x-140-x-40-mm-pro-5-stueck\/\" \/>\n<meta property=\"og:locale\" content=\"de_DE\" \/>\n<meta property=\"og:type\" content=\"article\" \/>\n<meta property=\"og:title\" content=\"Elfenbeinfarbene Schachtel aus Karton 195 x 140 x 40 mm pro 10 St\u00fcck\" \/>\n<meta property=\"og:description\" content=\"Elfenbeinfarbene Kartonschachtel 195 x 140 x 40 mm: elegant, praktisch und ideal, um Ihre Backwaren und Feinschmeckerkreationen zu veredeln.\" \/>\n<meta property=\"og:url\" content=\"https:\/\/www.csj-emballages.com\/de\/produit\/elfenbeinfarbene-schachtel-aus-karton-195-x-140-x-40-mm-pro-5-stueck\/\" \/>\n<meta property=\"og:site_name\" content=\"CSJ Emballages\" \/>\n<meta property=\"article:publisher\" content=\"https:\/\/www.facebook.com\/csjemballages\" \/>\n<meta property=\"article:modified_time\" content=\"2026-04-14T00:11:06+00:00\" \/>\n<meta property=\"og:image\" content=\"https:\/\/www.csj-emballages.com\/wp-content\/uploads\/2025\/09\/115273.webp\" \/>\n\t<meta property=\"og:image:width\" content=\"800\" \/>\n\t<meta property=\"og:image:height\" content=\"800\" \/>\n\t<meta property=\"og:image:type\" content=\"image\/webp\" \/>\n<meta name=\"twitter:card\" content=\"summary_large_image\" \/>\n<meta name=\"twitter:label1\" content=\"Gesch\u00e4tzte Lesezeit\" \/>\n\t<meta name=\"twitter:data1\" content=\"2 Minuten\" \/>\n<script type=\"application\/ld+json\" class=\"yoast-schema-graph\">{\"@context\":\"https:\/\/schema.org\",\"@graph\":[{\"@type\":\"WebPage\",\"@id\":\"https:\/\/www.csj-emballages.com\/de\/produit\/elfenbeinfarbene-schachtel-aus-karton-195-x-140-x-40-mm-pro-5-stueck\/\",\"url\":\"https:\/\/www.csj-emballages.com\/de\/produit\/elfenbeinfarbene-schachtel-aus-karton-195-x-140-x-40-mm-pro-5-stueck\/\",\"name\":\"Schachtel Karton Elfenbein 195 x 140 x 40 mm pro 10\",\"isPartOf\":{\"@id\":\"https:\/\/www.csj-emballages.com\/de\/#website\"},\"primaryImageOfPage\":{\"@id\":\"https:\/\/www.csj-emballages.com\/de\/produit\/elfenbeinfarbene-schachtel-aus-karton-195-x-140-x-40-mm-pro-5-stueck\/#primaryimage\"},\"image\":{\"@id\":\"https:\/\/www.csj-emballages.com\/de\/produit\/elfenbeinfarbene-schachtel-aus-karton-195-x-140-x-40-mm-pro-5-stueck\/#primaryimage\"},\"thumbnailUrl\":\"https:\/\/www.csj-emballages.com\/wp-content\/uploads\/2025\/09\/115273.webp\",\"datePublished\":\"2025-09-18T13:18:29+00:00\",\"dateModified\":\"2026-04-14T00:11:06+00:00\",\"description\":\"Elfenbeinfarbene Kartonschachtel 195 x 140 x 40 mm: elegant, praktisch und ideal, um Ihre Backwaren und Feinschmeckerkreationen zu veredeln.\",\"breadcrumb\":{\"@id\":\"https:\/\/www.csj-emballages.com\/de\/produit\/elfenbeinfarbene-schachtel-aus-karton-195-x-140-x-40-mm-pro-5-stueck\/#breadcrumb\"},\"inLanguage\":\"de\",\"potentialAction\":[{\"@type\":\"ReadAction\",\"target\":[\"https:\/\/www.csj-emballages.com\/de\/produit\/elfenbeinfarbene-schachtel-aus-karton-195-x-140-x-40-mm-pro-5-stueck\/\"]}]},{\"@type\":\"ImageObject\",\"inLanguage\":\"de\",\"@id\":\"https:\/\/www.csj-emballages.com\/de\/produit\/elfenbeinfarbene-schachtel-aus-karton-195-x-140-x-40-mm-pro-5-stueck\/#primaryimage\",\"url\":\"https:\/\/www.csj-emballages.com\/wp-content\/uploads\/2025\/09\/115273.webp\",\"contentUrl\":\"https:\/\/www.csj-emballages.com\/wp-content\/uploads\/2025\/09\/115273.webp\",\"width\":800,\"height\":800,\"caption\":\"Boite coffret\"},{\"@type\":\"BreadcrumbList\",\"@id\":\"https:\/\/www.csj-emballages.com\/de\/produit\/elfenbeinfarbene-schachtel-aus-karton-195-x-140-x-40-mm-pro-5-stueck\/#breadcrumb\",\"itemListElement\":[{\"@type\":\"ListItem\",\"position\":1,\"name\":\"Accueil\",\"item\":\"https:\/\/www.csj-emballages.com\/de\/universum-lebensmittelverpackungen\/\"},{\"@type\":\"ListItem\",\"position\":2,\"name\":\"Shop\",\"item\":\"https:\/\/www.csj-emballages.com\/shop\/\"},{\"@type\":\"ListItem\",\"position\":3,\"name\":\"Elfenbeinfarbene Schachtel aus Karton 195 x 140 x 40 mm pro 10 St\u00fcck\"}]},{\"@type\":\"WebSite\",\"@id\":\"https:\/\/www.csj-emballages.com\/de\/#website\",\"url\":\"https:\/\/www.csj-emballages.com\/de\/\",\"name\":\"CSJ Emballages\",\"description\":\"\",\"publisher\":{\"@id\":\"https:\/\/www.csj-emballages.com\/de\/#organization\"},\"potentialAction\":[{\"@type\":\"SearchAction\",\"target\":{\"@type\":\"EntryPoint\",\"urlTemplate\":\"https:\/\/www.csj-emballages.com\/de\/?s={search_term_string}\"},\"query-input\":{\"@type\":\"PropertyValueSpecification\",\"valueRequired\":true,\"valueName\":\"search_term_string\"}}],\"inLanguage\":\"de\"},{\"@type\":\"Organization\",\"@id\":\"https:\/\/www.csj-emballages.com\/de\/#Organization\/\",\"name\":\"CSJ Emballages\",\"url\":\"https:\/\/www.csj-emballages.com\/de\/\",\"logo\":{\"@type\":\"ImageObject\",\"inLanguage\":\"de\",\"@id\":\"https:\/\/www.csj-emballages.com\/de\/#\/schema\/logo\/image\/\",\"url\":\"https:\/\/www.csj-emballages.com\/wp-content\/uploads\/2023\/10\/logo_csj.webp\",\"contentUrl\":\"https:\/\/www.csj-emballages.com\/wp-content\/uploads\/2023\/10\/logo_csj.webp\",\"width\":250,\"height\":95,\"caption\":\"CSJ Emballages\"},\"image\":{\"@id\":\"https:\/\/www.csj-emballages.com\/de\/#\/schema\/logo\/image\/\"},\"sameAs\":[\"https:\/\/www.facebook.com\/csjemballages\"],\"address\":{\"@type\":\"PostalAddress\",\"streetAddress\":\"ZI La Lechere\",\"addressLocality\":\"Patornay\",\"postalCode\":\"39130\",\"addressCountry\":\"FR\"},\"contactPoint\":[{\"@type\":\"ContactPoint\",\"contactType\":\"Service client\",\"telephone\":\"0384254272\",\"email\":\"contact@csj-emballages.com\"}]}]}<\/script>\n<!-- \/ Yoast SEO Premium plugin. -->","yoast_head_json":{"title":"Schachtel Karton Elfenbein 195 x 140 x 40 mm pro 10","description":"Elfenbeinfarbene Kartonschachtel 195 x 140 x 40 mm: elegant, praktisch und ideal, um Ihre Backwaren und Feinschmeckerkreationen zu veredeln.","robots":{"index":"index","follow":"follow","max-snippet":"max-snippet:-1","max-image-preview":"max-image-preview:large","max-video-preview":"max-video-preview:-1"},"canonical":"https:\/\/www.csj-emballages.com\/de\/produit\/elfenbeinfarbene-schachtel-aus-karton-195-x-140-x-40-mm-pro-5-stueck\/","og_locale":"de_DE","og_type":"article","og_title":"Elfenbeinfarbene Schachtel aus Karton 195 x 140 x 40 mm pro 10 St\u00fcck","og_description":"Elfenbeinfarbene Kartonschachtel 195 x 140 x 40 mm: elegant, praktisch und ideal, um Ihre Backwaren und Feinschmeckerkreationen zu veredeln.","og_url":"https:\/\/www.csj-emballages.com\/de\/produit\/elfenbeinfarbene-schachtel-aus-karton-195-x-140-x-40-mm-pro-5-stueck\/","og_site_name":"CSJ Emballages","article_publisher":"https:\/\/www.facebook.com\/csjemballages","article_modified_time":"2026-04-14T00:11:06+00:00","og_image":[{"width":800,"height":800,"url":"https:\/\/www.csj-emballages.com\/wp-content\/uploads\/2025\/09\/115273.webp","type":"image\/webp"}],"twitter_card":"summary_large_image","twitter_misc":{"Gesch\u00e4tzte Lesezeit":"2 Minuten"},"schema":{"@context":"https:\/\/schema.org","@graph":[{"@type":"WebPage","@id":"https:\/\/www.csj-emballages.com\/de\/produit\/elfenbeinfarbene-schachtel-aus-karton-195-x-140-x-40-mm-pro-5-stueck\/","url":"https:\/\/www.csj-emballages.com\/de\/produit\/elfenbeinfarbene-schachtel-aus-karton-195-x-140-x-40-mm-pro-5-stueck\/","name":"Schachtel Karton Elfenbein 195 x 140 x 40 mm pro 10","isPartOf":{"@id":"https:\/\/www.csj-emballages.com\/de\/#website"},"primaryImageOfPage":{"@id":"https:\/\/www.csj-emballages.com\/de\/produit\/elfenbeinfarbene-schachtel-aus-karton-195-x-140-x-40-mm-pro-5-stueck\/#primaryimage"},"image":{"@id":"https:\/\/www.csj-emballages.com\/de\/produit\/elfenbeinfarbene-schachtel-aus-karton-195-x-140-x-40-mm-pro-5-stueck\/#primaryimage"},"thumbnailUrl":"https:\/\/www.csj-emballages.com\/wp-content\/uploads\/2025\/09\/115273.webp","datePublished":"2025-09-18T13:18:29+00:00","dateModified":"2026-04-14T00:11:06+00:00","description":"Elfenbeinfarbene Kartonschachtel 195 x 140 x 40 mm: elegant, praktisch und ideal, um Ihre Backwaren und Feinschmeckerkreationen zu veredeln.","breadcrumb":{"@id":"https:\/\/www.csj-emballages.com\/de\/produit\/elfenbeinfarbene-schachtel-aus-karton-195-x-140-x-40-mm-pro-5-stueck\/#breadcrumb"},"inLanguage":"de","potentialAction":[{"@type":"ReadAction","target":["https:\/\/www.csj-emballages.com\/de\/produit\/elfenbeinfarbene-schachtel-aus-karton-195-x-140-x-40-mm-pro-5-stueck\/"]}]},{"@type":"ImageObject","inLanguage":"de","@id":"https:\/\/www.csj-emballages.com\/de\/produit\/elfenbeinfarbene-schachtel-aus-karton-195-x-140-x-40-mm-pro-5-stueck\/#primaryimage","url":"https:\/\/www.csj-emballages.com\/wp-content\/uploads\/2025\/09\/115273.webp","contentUrl":"https:\/\/www.csj-emballages.com\/wp-content\/uploads\/2025\/09\/115273.webp","width":800,"height":800,"caption":"Boite coffret"},{"@type":"BreadcrumbList","@id":"https:\/\/www.csj-emballages.com\/de\/produit\/elfenbeinfarbene-schachtel-aus-karton-195-x-140-x-40-mm-pro-5-stueck\/#breadcrumb","itemListElement":[{"@type":"ListItem","position":1,"name":"Accueil","item":"https:\/\/www.csj-emballages.com\/de\/universum-lebensmittelverpackungen\/"},{"@type":"ListItem","position":2,"name":"Shop","item":"https:\/\/www.csj-emballages.com\/shop\/"},{"@type":"ListItem","position":3,"name":"Elfenbeinfarbene Schachtel aus Karton 195 x 140 x 40 mm pro 10 St\u00fcck"}]},{"@type":"WebSite","@id":"https:\/\/www.csj-emballages.com\/de\/#website","url":"https:\/\/www.csj-emballages.com\/de\/","name":"CSJ Emballages","description":"","publisher":{"@id":"https:\/\/www.csj-emballages.com\/de\/#organization"},"potentialAction":[{"@type":"SearchAction","target":{"@type":"EntryPoint","urlTemplate":"https:\/\/www.csj-emballages.com\/de\/?s={search_term_string}"},"query-input":{"@type":"PropertyValueSpecification","valueRequired":true,"valueName":"search_term_string"}}],"inLanguage":"de"},{"@type":"Organization","@id":"https:\/\/www.csj-emballages.com\/de\/#Organization\/","name":"CSJ Emballages","url":"https:\/\/www.csj-emballages.com\/de\/","logo":{"@type":"ImageObject","inLanguage":"de","@id":"https:\/\/www.csj-emballages.com\/de\/#\/schema\/logo\/image\/","url":"https:\/\/www.csj-emballages.com\/wp-content\/uploads\/2023\/10\/logo_csj.webp","contentUrl":"https:\/\/www.csj-emballages.com\/wp-content\/uploads\/2023\/10\/logo_csj.webp","width":250,"height":95,"caption":"CSJ Emballages"},"image":{"@id":"https:\/\/www.csj-emballages.com\/de\/#\/schema\/logo\/image\/"},"sameAs":["https:\/\/www.facebook.com\/csjemballages"],"address":{"@type":"PostalAddress","streetAddress":"ZI La Lechere","addressLocality":"Patornay","postalCode":"39130","addressCountry":"FR"},"contactPoint":[{"@type":"ContactPoint","contactType":"Service client","telephone":"0384254272","email":"contact@csj-emballages.com"}]}]}},"df_price":11.69,"df_sale_price":"","df_regular_price":11.69,"df_image_link":"https:\/\/www.csj-emballages.com\/wp-content\/uploads\/2025\/09\/115273-300x300.webp","tiered_pricing_type":"fixed","tiered_pricing_fixed_rules":[],"tiered_pricing_percentage_rules":[],"tiered_pricing_minimum":1,"tiered_pricing_roles_data":[],"_links":{"self":[{"href":"https:\/\/www.csj-emballages.com\/de\/wp-json\/wp\/v2\/product\/247749","targetHints":{"allow":["GET"]}}],"collection":[{"href":"https:\/\/www.csj-emballages.com\/de\/wp-json\/wp\/v2\/product"}],"about":[{"href":"https:\/\/www.csj-emballages.com\/de\/wp-json\/wp\/v2\/types\/product"}],"wp:featuredmedia":[{"embeddable":true,"href":"https:\/\/www.csj-emballages.com\/de\/wp-json\/wp\/v2\/media\/247738"}],"wp:attachment":[{"href":"https:\/\/www.csj-emballages.com\/de\/wp-json\/wp\/v2\/media?parent=247749"}],"wp:term":[{"taxonomy":"product_brand","embeddable":true,"href":"https:\/\/www.csj-emballages.com\/de\/wp-json\/wp\/v2\/product_brand?post=247749"},{"taxonomy":"product_cat","embeddable":true,"href":"https:\/\/www.csj-emballages.com\/de\/wp-json\/wp\/v2\/product_cat?post=247749"},{"taxonomy":"product_tag","embeddable":true,"href":"https:\/\/www.csj-emballages.com\/de\/wp-json\/wp\/v2\/product_tag?post=247749"}],"curies":[{"name":"wp","href":"https:\/\/api.w.org\/{rel}","templated":true}]}}