{"id":247675,"date":"2025-09-18T12:18:29","date_gmt":"2025-09-18T10:18:29","guid":{"rendered":"https:\/\/www.csj-emballages.com\/produit\/makronenschieber-aus-gruenem-karton-160-x-100-x-50-mm-pro-20-stueck\/"},"modified":"2026-04-18T02:10:57","modified_gmt":"2026-04-18T00:10:57","slug":"makronenschieber-aus-gruenem-karton-160-x-100-x-50-mm-pro-20-stueck","status":"publish","type":"product","link":"https:\/\/www.csj-emballages.com\/de\/produit\/makronenschieber-aus-gruenem-karton-160-x-100-x-50-mm-pro-20-stueck\/","title":{"rendered":"Makronenschieber aus gr\u00fcnem Karton 160 x 100 x 50 mm pro 10 St\u00fcck"},"content":{"rendered":"<h2 class=\"p1\">Macarons-Regale<\/h2>\n<hr>\n<h3>Beschreibung unserer Makronenleiste aus gr\u00fcnem Karton 160 x 100 x 50 mm pro 10 St\u00fcck<\/h3>\n<p><!--more--><\/p>\n<p data-start=\"172\" data-end=\"603\">Verleihen Sie Ihren S\u00fc\u00dfigkeiten eine elegante und raffinierte Pr\u00e4sentation mit unserer <strong>Macarons-Schiene aus gr\u00fcnem Karton<\/strong>. Diese <strong>Macarons-Schachtel<\/strong> wurde entwickelt, um Ihre s\u00fc\u00dfen Kreationen zu veredeln, und vereint perfekt Stabilit\u00e4t, Design und Praktikabilit\u00e4t. Mit ihrem <strong>Boden mit doppeltem Rand und dem gespannten Kartonstreifen<\/strong> garantiert sie einen ausgezeichneten Halt und optimalen Schutz beim Transport oder in der Vitrine.  <\/p>\n<p data-start=\"605\" data-end=\"1085\">Dank ihrer <strong>Abmessungen von 160 x 100 x 50 mm<\/strong> ist diese <strong>Leiste<\/strong> ideal f\u00fcr Ihre <strong>Macarons<\/strong>, <strong>Schokolade<\/strong>, <strong>Kekse<\/strong> oder andere <strong>feine S\u00fc\u00dfwaren<\/strong>. Die <strong>gr\u00fcne<\/strong> Farbe ist sanft und modern zugleich und verleiht Ihren Pr\u00e4sentationen einen Hauch von Frische und Originalit\u00e4t. Ob Sie nun Konditor, B\u00e4cker oder Feinkosth\u00e4ndler sind, dieses Modell passt sich perfekt an Ihre Bed\u00fcrfnisse an, um Ihre Produkte zur Geltung zu bringen und gleichzeitig deren Sicherheit zu gew\u00e4hrleisten.  <\/p>\n<p data-start=\"1087\" data-end=\"1430\">Ebenso ist ihr <strong>fester<\/strong>, umweltfreundlicher <strong>Karton<\/strong> so konzipiert, dass er Feuchtigkeit widersteht und die Qualit\u00e4t Ihrer Backwaren bewahrt. Sie l\u00e4sst sich <strong>einfach<\/strong> und ohne Klebstoff <strong>aufstellen<\/strong> und spart so wertvolle Zeit in der Produktion. Dank ihres gepflegten Aussehens und ihres klaren Designs zieht sie die Blicke auf sich und erf\u00fcllt gleichzeitig Ihre professionellen Anforderungen.  <\/p>\n<p data-start=\"1432\" data-end=\"1744\">Mit dieser <strong>gr\u00fcnen Macarons-Schiene<\/strong> entscheiden Sie sich f\u00fcr eine praktische, langlebige und \u00e4sthetische Verpackung, die Ihr K\u00f6nnen und Ihre Liebe zum Detail widerspiegelt. Ein Muss f\u00fcr alle, die bei der Pr\u00e4sentation ihrer Leckereien Eleganz und Funktionalit\u00e4t miteinander verbinden m\u00f6chten. <\/p>\n<p data-start=\"1378\" data-end=\"1605\"><!--more--><\/p>\n<h4 data-start=\"1378\" data-end=\"1605\">Vorteile :<\/h4>\n<ul>\n<li data-start=\"1787\" data-end=\"1850\"><strong data-start=\"1789\" data-end=\"1819\">Starker, fester Karton<\/strong> f\u00fcr maximalen Schutz.<\/li>\n<li data-start=\"1853\" data-end=\"1910\"><strong data-start=\"1855\" data-end=\"1879\">Boden mit doppeltem Rand<\/strong> f\u00fcr mehr Stabilit\u00e4t.<\/li>\n<li data-start=\"1913\" data-end=\"1957\"><strong data-start=\"1915\" data-end=\"1943\">Einfache und schnelle Montage<\/strong> ohne Klebstoff.<\/li>\n<li data-start=\"1960\" data-end=\"2021\"><strong data-start=\"1962\" data-end=\"1988\">Elegante gr\u00fcne Farbe<\/strong> f\u00fcr eine raffinierte Pr\u00e4sentation.<\/li>\n<li data-start=\"2024\" data-end=\"2078\"><strong data-start=\"2026\" data-end=\"2076\">Ideal f\u00fcr Macarons, Schokolade und S\u00fc\u00dfwaren<\/strong>.<\/li>\n<\/ul>\n<p>&nbsp;<\/p>\n<p><!--more--><\/p>\n<h4>Weitere Informationen :<\/h4>\n<ul>\n<li><strong>Verpackung<\/strong>: Packung mit 10 St\u00fcck<\/li>\n<li><strong>Ma\u00dfe<\/strong>: 160 x 100 x 50 mm<\/li>\n<li><strong>Material<\/strong>: Karton<\/li>\n<li><strong>Kapazit\u00e4t<\/strong>: 5-6 Makronen<\/li>\n<li><strong>Farbe<\/strong>: Gr\u00fcn \/ Wei\u00df<\/li>\n<\/ul>\n<p>&nbsp;<\/p>\n<p><!--more--><\/p>\n<p>Diese gr\u00fcne Makronenleiste ist in verschiedenen Gr\u00f6\u00dfen erh\u00e4ltlich :<span style=\"color: #d12727;\"> <a style=\"color: #d12727;\" href=\"https:\/\/www.csj-emballages.com\/produit\/reglette-macarons-carton-vert-80-x-50-x-50-mm-par-20\/\">80 x 50 x 50 mm<\/a><\/span> \/ <span style=\"color: #d12727;\"><a style=\"color: #d12727;\" href=\"https:\/\/www.csj-emballages.com\/produit\/reglette-macarons-carton-vert-160-x-50-x-50-mm-par-20\/\">160 x 50 x 50 mm<\/a><\/span><\/p>\n<p>&nbsp;<\/p>\n<p><!--more--><\/p>\n<p><a href=\"https:\/\/www.csj-emballages.com\/de\/categorie-produit\/lebensmittelverpackungen\/backerei-und-konditorei\/schachteln-und-etuis\/macarons-schachteln-etuis\/macarons-regale\/\">Entdecken Sie den Rest unseres Sortiments an Macaron-Schiebeboxen<\/a><\/p>\n","protected":false},"excerpt":{"rendered":"<p>Macarons-Regale Beschreibung unserer Makronenleiste aus gr\u00fcnem Karton 160 x 100 x 50 mm pro 10 St\u00fcck<\/p>\n","protected":false},"featured_media":247491,"template":"","meta":{"_acf_changed":false},"product_brand":[],"product_cat":[1137,1171,3964,1728,9891],"product_tag":[],"class_list":{"0":"post-247675","1":"product","2":"type-product","3":"status-publish","4":"has-post-thumbnail","6":"product_cat-lebensmittelverpackungen","7":"product_cat-backerei-und-konditorei","8":"product_cat-schachteln-und-etuis","9":"product_cat-macarons-schachteln-etuis","10":"product_cat-macarons-regale","12":"first","13":"instock","14":"taxable","15":"shipping-taxable","16":"purchasable","17":"product-type-simple"},"acf":[],"yoast_head":"<!-- This site is optimized with the Yoast SEO Premium plugin v26.6 (Yoast SEO v26.6) - https:\/\/yoast.com\/wordpress\/plugins\/seo\/ -->\n<title>Macarons-Schiene aus gr\u00fcnem Karton 160 x 100 x 50 mm pro 10 St\u00fcck<\/title>\n<meta name=\"description\" content=\"Makronenleiste aus gr\u00fcnem Karton 160 x 100 x 50 mm pro 10 - elegant, stabil und perfekt zum Pr\u00e4sentieren und Verschenken von Pralinen, Makronen oder anderen...\" \/>\n<meta name=\"robots\" content=\"index, follow, max-snippet:-1, max-image-preview:large, max-video-preview:-1\" \/>\n<link rel=\"canonical\" href=\"https:\/\/www.csj-emballages.com\/de\/produit\/makronenschieber-aus-gruenem-karton-160-x-100-x-50-mm-pro-20-stueck\/\" \/>\n<meta property=\"og:locale\" content=\"de_DE\" \/>\n<meta property=\"og:type\" content=\"article\" \/>\n<meta property=\"og:title\" content=\"Makronenschieber aus gr\u00fcnem Karton 160 x 100 x 50 mm pro 10 St\u00fcck\" \/>\n<meta property=\"og:description\" content=\"Makronenleiste aus gr\u00fcnem Karton 160 x 100 x 50 mm pro 10 - elegant, stabil und perfekt zum Pr\u00e4sentieren und Verschenken von Pralinen, Makronen oder anderen...\" \/>\n<meta property=\"og:url\" content=\"https:\/\/www.csj-emballages.com\/de\/produit\/makronenschieber-aus-gruenem-karton-160-x-100-x-50-mm-pro-20-stueck\/\" \/>\n<meta property=\"og:site_name\" content=\"CSJ Emballages\" \/>\n<meta property=\"article:publisher\" content=\"https:\/\/www.facebook.com\/csjemballages\" \/>\n<meta property=\"article:modified_time\" content=\"2026-04-18T00:10:57+00:00\" \/>\n<meta property=\"og:image\" content=\"https:\/\/www.csj-emballages.com\/wp-content\/uploads\/2025\/09\/119135.webp\" \/>\n\t<meta property=\"og:image:width\" content=\"800\" \/>\n\t<meta property=\"og:image:height\" content=\"800\" \/>\n\t<meta property=\"og:image:type\" content=\"image\/webp\" \/>\n<meta name=\"twitter:card\" content=\"summary_large_image\" \/>\n<meta name=\"twitter:label1\" content=\"Gesch\u00e4tzte Lesezeit\" \/>\n\t<meta name=\"twitter:data1\" content=\"2 Minuten\" \/>\n<script type=\"application\/ld+json\" class=\"yoast-schema-graph\">{\"@context\":\"https:\/\/schema.org\",\"@graph\":[{\"@type\":\"WebPage\",\"@id\":\"https:\/\/www.csj-emballages.com\/de\/produit\/makronenschieber-aus-gruenem-karton-160-x-100-x-50-mm-pro-20-stueck\/\",\"url\":\"https:\/\/www.csj-emballages.com\/de\/produit\/makronenschieber-aus-gruenem-karton-160-x-100-x-50-mm-pro-20-stueck\/\",\"name\":\"Macarons-Schiene aus gr\u00fcnem Karton 160 x 100 x 50 mm pro 10 St\u00fcck\",\"isPartOf\":{\"@id\":\"https:\/\/www.csj-emballages.com\/de\/#website\"},\"primaryImageOfPage\":{\"@id\":\"https:\/\/www.csj-emballages.com\/de\/produit\/makronenschieber-aus-gruenem-karton-160-x-100-x-50-mm-pro-20-stueck\/#primaryimage\"},\"image\":{\"@id\":\"https:\/\/www.csj-emballages.com\/de\/produit\/makronenschieber-aus-gruenem-karton-160-x-100-x-50-mm-pro-20-stueck\/#primaryimage\"},\"thumbnailUrl\":\"https:\/\/www.csj-emballages.com\/wp-content\/uploads\/2025\/09\/119135.webp\",\"datePublished\":\"2025-09-18T10:18:29+00:00\",\"dateModified\":\"2026-04-18T00:10:57+00:00\",\"description\":\"Makronenleiste aus gr\u00fcnem Karton 160 x 100 x 50 mm pro 10 - elegant, stabil und perfekt zum Pr\u00e4sentieren und Verschenken von Pralinen, Makronen oder anderen...\",\"breadcrumb\":{\"@id\":\"https:\/\/www.csj-emballages.com\/de\/produit\/makronenschieber-aus-gruenem-karton-160-x-100-x-50-mm-pro-20-stueck\/#breadcrumb\"},\"inLanguage\":\"de\",\"potentialAction\":[{\"@type\":\"ReadAction\",\"target\":[\"https:\/\/www.csj-emballages.com\/de\/produit\/makronenschieber-aus-gruenem-karton-160-x-100-x-50-mm-pro-20-stueck\/\"]}]},{\"@type\":\"ImageObject\",\"inLanguage\":\"de\",\"@id\":\"https:\/\/www.csj-emballages.com\/de\/produit\/makronenschieber-aus-gruenem-karton-160-x-100-x-50-mm-pro-20-stueck\/#primaryimage\",\"url\":\"https:\/\/www.csj-emballages.com\/wp-content\/uploads\/2025\/09\/119135.webp\",\"contentUrl\":\"https:\/\/www.csj-emballages.com\/wp-content\/uploads\/2025\/09\/119135.webp\",\"width\":800,\"height\":800,\"caption\":\"R\u00e9glette macarons\"},{\"@type\":\"BreadcrumbList\",\"@id\":\"https:\/\/www.csj-emballages.com\/de\/produit\/makronenschieber-aus-gruenem-karton-160-x-100-x-50-mm-pro-20-stueck\/#breadcrumb\",\"itemListElement\":[{\"@type\":\"ListItem\",\"position\":1,\"name\":\"Accueil\",\"item\":\"https:\/\/www.csj-emballages.com\/de\/universum-lebensmittelverpackungen\/\"},{\"@type\":\"ListItem\",\"position\":2,\"name\":\"Shop\",\"item\":\"https:\/\/www.csj-emballages.com\/shop\/\"},{\"@type\":\"ListItem\",\"position\":3,\"name\":\"Makronenschieber aus gr\u00fcnem Karton 160 x 100 x 50 mm pro 10 St\u00fcck\"}]},{\"@type\":\"WebSite\",\"@id\":\"https:\/\/www.csj-emballages.com\/de\/#website\",\"url\":\"https:\/\/www.csj-emballages.com\/de\/\",\"name\":\"CSJ Emballages\",\"description\":\"\",\"publisher\":{\"@id\":\"https:\/\/www.csj-emballages.com\/de\/#organization\"},\"potentialAction\":[{\"@type\":\"SearchAction\",\"target\":{\"@type\":\"EntryPoint\",\"urlTemplate\":\"https:\/\/www.csj-emballages.com\/de\/?s={search_term_string}\"},\"query-input\":{\"@type\":\"PropertyValueSpecification\",\"valueRequired\":true,\"valueName\":\"search_term_string\"}}],\"inLanguage\":\"de\"},{\"@type\":\"Organization\",\"@id\":\"https:\/\/www.csj-emballages.com\/de\/#Organization\/\",\"name\":\"CSJ Emballages\",\"url\":\"https:\/\/www.csj-emballages.com\/de\/\",\"logo\":{\"@type\":\"ImageObject\",\"inLanguage\":\"de\",\"@id\":\"https:\/\/www.csj-emballages.com\/de\/#\/schema\/logo\/image\/\",\"url\":\"https:\/\/www.csj-emballages.com\/wp-content\/uploads\/2023\/10\/logo_csj.webp\",\"contentUrl\":\"https:\/\/www.csj-emballages.com\/wp-content\/uploads\/2023\/10\/logo_csj.webp\",\"width\":250,\"height\":95,\"caption\":\"CSJ Emballages\"},\"image\":{\"@id\":\"https:\/\/www.csj-emballages.com\/de\/#\/schema\/logo\/image\/\"},\"sameAs\":[\"https:\/\/www.facebook.com\/csjemballages\"],\"address\":{\"@type\":\"PostalAddress\",\"streetAddress\":\"ZI La Lechere\",\"addressLocality\":\"Patornay\",\"postalCode\":\"39130\",\"addressCountry\":\"FR\"},\"contactPoint\":[{\"@type\":\"ContactPoint\",\"contactType\":\"Service client\",\"telephone\":\"0384254272\",\"email\":\"contact@csj-emballages.com\"}]}]}<\/script>\n<!-- \/ Yoast SEO Premium plugin. -->","yoast_head_json":{"title":"Macarons-Schiene aus gr\u00fcnem Karton 160 x 100 x 50 mm pro 10 St\u00fcck","description":"Makronenleiste aus gr\u00fcnem Karton 160 x 100 x 50 mm pro 10 - elegant, stabil und perfekt zum Pr\u00e4sentieren und Verschenken von Pralinen, Makronen oder anderen...","robots":{"index":"index","follow":"follow","max-snippet":"max-snippet:-1","max-image-preview":"max-image-preview:large","max-video-preview":"max-video-preview:-1"},"canonical":"https:\/\/www.csj-emballages.com\/de\/produit\/makronenschieber-aus-gruenem-karton-160-x-100-x-50-mm-pro-20-stueck\/","og_locale":"de_DE","og_type":"article","og_title":"Makronenschieber aus gr\u00fcnem Karton 160 x 100 x 50 mm pro 10 St\u00fcck","og_description":"Makronenleiste aus gr\u00fcnem Karton 160 x 100 x 50 mm pro 10 - elegant, stabil und perfekt zum Pr\u00e4sentieren und Verschenken von Pralinen, Makronen oder anderen...","og_url":"https:\/\/www.csj-emballages.com\/de\/produit\/makronenschieber-aus-gruenem-karton-160-x-100-x-50-mm-pro-20-stueck\/","og_site_name":"CSJ Emballages","article_publisher":"https:\/\/www.facebook.com\/csjemballages","article_modified_time":"2026-04-18T00:10:57+00:00","og_image":[{"width":800,"height":800,"url":"https:\/\/www.csj-emballages.com\/wp-content\/uploads\/2025\/09\/119135.webp","type":"image\/webp"}],"twitter_card":"summary_large_image","twitter_misc":{"Gesch\u00e4tzte Lesezeit":"2 Minuten"},"schema":{"@context":"https:\/\/schema.org","@graph":[{"@type":"WebPage","@id":"https:\/\/www.csj-emballages.com\/de\/produit\/makronenschieber-aus-gruenem-karton-160-x-100-x-50-mm-pro-20-stueck\/","url":"https:\/\/www.csj-emballages.com\/de\/produit\/makronenschieber-aus-gruenem-karton-160-x-100-x-50-mm-pro-20-stueck\/","name":"Macarons-Schiene aus gr\u00fcnem Karton 160 x 100 x 50 mm pro 10 St\u00fcck","isPartOf":{"@id":"https:\/\/www.csj-emballages.com\/de\/#website"},"primaryImageOfPage":{"@id":"https:\/\/www.csj-emballages.com\/de\/produit\/makronenschieber-aus-gruenem-karton-160-x-100-x-50-mm-pro-20-stueck\/#primaryimage"},"image":{"@id":"https:\/\/www.csj-emballages.com\/de\/produit\/makronenschieber-aus-gruenem-karton-160-x-100-x-50-mm-pro-20-stueck\/#primaryimage"},"thumbnailUrl":"https:\/\/www.csj-emballages.com\/wp-content\/uploads\/2025\/09\/119135.webp","datePublished":"2025-09-18T10:18:29+00:00","dateModified":"2026-04-18T00:10:57+00:00","description":"Makronenleiste aus gr\u00fcnem Karton 160 x 100 x 50 mm pro 10 - elegant, stabil und perfekt zum Pr\u00e4sentieren und Verschenken von Pralinen, Makronen oder anderen...","breadcrumb":{"@id":"https:\/\/www.csj-emballages.com\/de\/produit\/makronenschieber-aus-gruenem-karton-160-x-100-x-50-mm-pro-20-stueck\/#breadcrumb"},"inLanguage":"de","potentialAction":[{"@type":"ReadAction","target":["https:\/\/www.csj-emballages.com\/de\/produit\/makronenschieber-aus-gruenem-karton-160-x-100-x-50-mm-pro-20-stueck\/"]}]},{"@type":"ImageObject","inLanguage":"de","@id":"https:\/\/www.csj-emballages.com\/de\/produit\/makronenschieber-aus-gruenem-karton-160-x-100-x-50-mm-pro-20-stueck\/#primaryimage","url":"https:\/\/www.csj-emballages.com\/wp-content\/uploads\/2025\/09\/119135.webp","contentUrl":"https:\/\/www.csj-emballages.com\/wp-content\/uploads\/2025\/09\/119135.webp","width":800,"height":800,"caption":"R\u00e9glette macarons"},{"@type":"BreadcrumbList","@id":"https:\/\/www.csj-emballages.com\/de\/produit\/makronenschieber-aus-gruenem-karton-160-x-100-x-50-mm-pro-20-stueck\/#breadcrumb","itemListElement":[{"@type":"ListItem","position":1,"name":"Accueil","item":"https:\/\/www.csj-emballages.com\/de\/universum-lebensmittelverpackungen\/"},{"@type":"ListItem","position":2,"name":"Shop","item":"https:\/\/www.csj-emballages.com\/shop\/"},{"@type":"ListItem","position":3,"name":"Makronenschieber aus gr\u00fcnem Karton 160 x 100 x 50 mm pro 10 St\u00fcck"}]},{"@type":"WebSite","@id":"https:\/\/www.csj-emballages.com\/de\/#website","url":"https:\/\/www.csj-emballages.com\/de\/","name":"CSJ Emballages","description":"","publisher":{"@id":"https:\/\/www.csj-emballages.com\/de\/#organization"},"potentialAction":[{"@type":"SearchAction","target":{"@type":"EntryPoint","urlTemplate":"https:\/\/www.csj-emballages.com\/de\/?s={search_term_string}"},"query-input":{"@type":"PropertyValueSpecification","valueRequired":true,"valueName":"search_term_string"}}],"inLanguage":"de"},{"@type":"Organization","@id":"https:\/\/www.csj-emballages.com\/de\/#Organization\/","name":"CSJ Emballages","url":"https:\/\/www.csj-emballages.com\/de\/","logo":{"@type":"ImageObject","inLanguage":"de","@id":"https:\/\/www.csj-emballages.com\/de\/#\/schema\/logo\/image\/","url":"https:\/\/www.csj-emballages.com\/wp-content\/uploads\/2023\/10\/logo_csj.webp","contentUrl":"https:\/\/www.csj-emballages.com\/wp-content\/uploads\/2023\/10\/logo_csj.webp","width":250,"height":95,"caption":"CSJ Emballages"},"image":{"@id":"https:\/\/www.csj-emballages.com\/de\/#\/schema\/logo\/image\/"},"sameAs":["https:\/\/www.facebook.com\/csjemballages"],"address":{"@type":"PostalAddress","streetAddress":"ZI La Lechere","addressLocality":"Patornay","postalCode":"39130","addressCountry":"FR"},"contactPoint":[{"@type":"ContactPoint","contactType":"Service client","telephone":"0384254272","email":"contact@csj-emballages.com"}]}]}},"df_price":8.29,"df_sale_price":"","df_regular_price":8.29,"df_image_link":"https:\/\/www.csj-emballages.com\/wp-content\/uploads\/2025\/09\/119135-300x300.webp","tiered_pricing_type":"fixed","tiered_pricing_fixed_rules":[],"tiered_pricing_percentage_rules":[],"tiered_pricing_minimum":1,"tiered_pricing_roles_data":[],"_links":{"self":[{"href":"https:\/\/www.csj-emballages.com\/de\/wp-json\/wp\/v2\/product\/247675","targetHints":{"allow":["GET"]}}],"collection":[{"href":"https:\/\/www.csj-emballages.com\/de\/wp-json\/wp\/v2\/product"}],"about":[{"href":"https:\/\/www.csj-emballages.com\/de\/wp-json\/wp\/v2\/types\/product"}],"wp:featuredmedia":[{"embeddable":true,"href":"https:\/\/www.csj-emballages.com\/de\/wp-json\/wp\/v2\/media\/247491"}],"wp:attachment":[{"href":"https:\/\/www.csj-emballages.com\/de\/wp-json\/wp\/v2\/media?parent=247675"}],"wp:term":[{"taxonomy":"product_brand","embeddable":true,"href":"https:\/\/www.csj-emballages.com\/de\/wp-json\/wp\/v2\/product_brand?post=247675"},{"taxonomy":"product_cat","embeddable":true,"href":"https:\/\/www.csj-emballages.com\/de\/wp-json\/wp\/v2\/product_cat?post=247675"},{"taxonomy":"product_tag","embeddable":true,"href":"https:\/\/www.csj-emballages.com\/de\/wp-json\/wp\/v2\/product_tag?post=247675"}],"curies":[{"name":"wp","href":"https:\/\/api.w.org\/{rel}","templated":true}]}}