{"id":247449,"date":"2025-09-17T17:18:52","date_gmt":"2025-09-17T15:18:52","guid":{"rendered":"https:\/\/www.csj-emballages.com\/produit\/makronenschieber-aus-rosa-karton-160-x-100-x-50-mm-pro-20-stueck\/"},"modified":"2026-04-18T02:11:10","modified_gmt":"2026-04-18T00:11:10","slug":"makronenschieber-aus-rosa-karton-160-x-100-x-50-mm-pro-20-stueck","status":"publish","type":"product","link":"https:\/\/www.csj-emballages.com\/de\/produit\/makronenschieber-aus-rosa-karton-160-x-100-x-50-mm-pro-20-stueck\/","title":{"rendered":"Makronenschieber aus rosafarbenem Karton 160 x 100 x 50 mm pro 10 St\u00fcck"},"content":{"rendered":"<h2 class=\"p1\">Macarons-Regale<\/h2>\n<hr>\n<h3>Beschreibung unserer Makronenleiste aus rosa Karton 160 x 100 x 50 mm pro 10 St\u00fcck<\/h3>\n<p><!--more--><\/p>\n<p data-start=\"100\" data-end=\"597\">Schenken Sie Ihren s\u00fc\u00dfen Kreationen eine Schachtel, die ihrer Raffinesse gerecht wird, mit unserer <strong>Makronenleiste aus rosafarbenem Karton<\/strong> im Format <strong>160 x 100 x 50 mm.<\/strong> Diese elegante und praktische Schachtel wurde entworfen, um Ihre <strong data-start=\"320\" data-end=\"370\">Macarons, Schokolade oder handgemachten S\u00fc\u00dfigkeiten<\/strong> zur Geltung zu bringen und gleichzeitig ihren Schutz w\u00e4hrend des Transports zu gew\u00e4hrleisten. Dank ihres <strong data-start=\"438\" data-end=\"462\">Bodens mit doppeltem Rand<\/strong> und des <strong data-start=\"469\" data-end=\"494\">gespannten Kartonstreifens<\/strong> bietet sie eine <strong>ausgezeichnete<\/strong> <strong data-start=\"511\" data-end=\"532\">Steifigkeit<\/strong> und einen <strong data-start=\"540\" data-end=\"560\">tadellosen Halt<\/strong>, auch nach mehrmaliger Handhabung.  <\/p>\n<p data-start=\"599\" data-end=\"992\">Hergestellt aus <strong data-start=\"612\" data-end=\"645\">Karton<\/strong>, vereint diese Box Stabilit\u00e4t und \u00c4sthetik. Tats\u00e4chlich zieht sein <strong data-start=\"699\" data-end=\"732\">sanftes und verf\u00fchrerisches Rosa<\/strong> sofort die Blicke auf sich und vermittelt ein Bild von <strong data-start=\"789\" data-end=\"828\">Zartheit und Professionalit\u00e4t<\/strong>. Ob Sie Konditor, Chocolatier oder Caterer sind, diese <strong>Macaron-Leiste<\/strong> wird Ihr Verb\u00fcndeter sein, um Ihre Pr\u00e4sentationen zu <strong data-start=\"924\" data-end=\"954\">veredeln<\/strong> und Ihr Markenimage zu st\u00e4rken.<\/p>\n<p data-start=\"994\" data-end=\"1290\">Ebenso machen ihre <strong data-start=\"1007\" data-end=\"1025\">schnelle Montage<\/strong> und ihr <strong data-start=\"1032\" data-end=\"1055\">sicherer Verschluss<\/strong> sie zur idealen Wahl f\u00fcr die <strong data-start=\"1087\" data-end=\"1115\">Serienverpackung<\/strong> oder <strong data-start=\"1123\" data-end=\"1147\">Bestellungen zum Mitnehmen<\/strong>. Sie l\u00e4sst sich leicht in eine Tasche oder Geschenkbox verstauen und ist perfekt <strong data-start=\"1229\" data-end=\"1242\">stapelbar<\/strong>.<\/p>\n<p data-start=\"1292\" data-end=\"1672\">Kurz gesagt, diese <strong>Macaron-Leiste aus rosa Karton<\/strong> vereint <strong data-start=\"1348\" data-end=\"1383\">Design, Praktikabilit\u00e4t und Widerstandsf\u00e4higkeit<\/strong>. Dar\u00fcber hinaus ist sie perfekt, um Ihre S\u00fc\u00dfigkeiten mit <strong data-start=\"1436\" data-end=\"1463\">Eleganz und Originalit\u00e4t<\/strong> zu pr\u00e4sentieren. Weil jedes Detail z\u00e4hlt, w\u00e4hlen Sie eine Verpackung, die die <strong data-start=\"1605\" data-end=\"1627\">Qualit\u00e4t und Sorgfalt<\/strong> widerspiegelt, die Sie Ihren s\u00fc\u00dfen Kreationen widmen.<\/p>\n<p data-start=\"1378\" data-end=\"1605\"><!--more--><\/p>\n<h4 data-start=\"1378\" data-end=\"1605\">Vorteile :<\/h4>\n<ul>\n<li data-start=\"1711\" data-end=\"1772\"><strong data-start=\"1711\" data-end=\"1744\">Fester Karton mit doppeltem Rand<\/strong> f\u00fcr einen ausgezeichneten Halt.<\/li>\n<li data-start=\"1775\" data-end=\"1839\">Raffinierte <strong data-start=\"1775\" data-end=\"1791\">rosa Farbe<\/strong>, perfekt, um Ihre Kreationen aufzuwerten.<\/li>\n<li data-start=\"1842\" data-end=\"1902\"><strong data-start=\"1842\" data-end=\"1900\">Ideal f\u00fcr Makronen, Schokolade oder kleine Geb\u00e4ckst\u00fccke.<\/strong><\/li>\n<li data-start=\"1905\" data-end=\"1945\"><strong data-start=\"1905\" data-end=\"1923\">Einfacher Aufbau<\/strong> und fester Verschluss.<\/li>\n<li data-start=\"1948\" data-end=\"2013\"><strong data-start=\"1948\" data-end=\"1966\">Kompaktes Format<\/strong> (160 x 100 x 50 mm) praktisch f\u00fcr den Transport.<\/li>\n<li data-start=\"2016\" data-end=\"2079\"><strong data-start=\"2016\" data-end=\"2036\">Set mit 10 Boxen<\/strong>, preisg\u00fcnstig und f\u00fcr Berufst\u00e4tige geeignet.<\/li>\n<\/ul>\n<p>&nbsp;<\/p>\n<p><!--more--><\/p>\n<h4>Weitere Informationen :<\/h4>\n<ul>\n<li><strong>Verpackung<\/strong>: Packung mit 10 St\u00fcck<\/li>\n<li><strong>Ma\u00dfe<\/strong>: 160 x 100 x 50 mm<\/li>\n<li><strong>Material<\/strong>: Karton<\/li>\n<li><strong>Kapazit\u00e4t<\/strong>: 5-6 Makronen<\/li>\n<li><strong>Farbe<\/strong>: Pink \/ Wei\u00df<\/li>\n<\/ul>\n<p>&nbsp;<\/p>\n<p><!--more--><\/p>\n<p>Diese Makronenleiste ist in verschiedenen Gr\u00f6\u00dfen erh\u00e4ltlich : <span style=\"color: #d12727;\"><a style=\"color: #d12727;\" href=\"https:\/\/www.csj-emballages.com\/produit\/reglette-macarons-carton-rose-80-x-50-x-50-mm-par-20\/\">80 x 50 x 50 mm<\/a><\/span> \/ <span style=\"color: #d12727;\"><a style=\"color: #d12727;\" href=\"https:\/\/www.csj-emballages.com\/produit\/reglette-macarons-carton-rose-160-x-50-x-50-mm-par-20\/\">160 x 50 x 50 mm<\/a><\/span><\/p>\n<p>&nbsp;<\/p>\n<p><!--more--><\/p>\n<p><a href=\"https:\/\/www.csj-emballages.com\/de\/categorie-produit\/lebensmittelverpackungen\/backerei-und-konditorei\/schachteln-und-etuis\/macarons-schachteln-etuis\/macarons-regale\/\">Entdecken Sie den Rest unseres Sortiments an Macaron-Schiebeboxen<\/a><\/p>\n","protected":false},"excerpt":{"rendered":"<p>Macarons-Regale Beschreibung unserer Makronenleiste aus rosa Karton 160 x 100 x 50 mm pro 10 St\u00fcck<\/p>\n","protected":false},"featured_media":247435,"template":"","meta":{"_acf_changed":false},"product_brand":[],"product_cat":[1137,1171,3964,1728,9891],"product_tag":[],"class_list":{"0":"post-247449","1":"product","2":"type-product","3":"status-publish","4":"has-post-thumbnail","6":"product_cat-lebensmittelverpackungen","7":"product_cat-backerei-und-konditorei","8":"product_cat-schachteln-und-etuis","9":"product_cat-macarons-schachteln-etuis","10":"product_cat-macarons-regale","12":"first","13":"instock","14":"taxable","15":"shipping-taxable","16":"purchasable","17":"product-type-simple"},"acf":[],"yoast_head":"<!-- This site is optimized with the Yoast SEO Premium plugin v26.6 (Yoast SEO v26.6) - https:\/\/yoast.com\/wordpress\/plugins\/seo\/ -->\n<title>Macarons-Regale aus rosa Karton 160 x 100 x 50 mm pro 10 St\u00fcck<\/title>\n<meta name=\"description\" content=\"Rosafarbenes Makronenlineal aus festem Karton 160 x 100 x 50 mm - elegant, stabil und ideal zum Pr\u00e4sentieren Ihrer Leckereien. 10er-Set f\u00fcr Gourmetprofis!\" \/>\n<meta name=\"robots\" content=\"index, follow, max-snippet:-1, max-image-preview:large, max-video-preview:-1\" \/>\n<link rel=\"canonical\" href=\"https:\/\/www.csj-emballages.com\/de\/produit\/makronenschieber-aus-rosa-karton-160-x-100-x-50-mm-pro-20-stueck\/\" \/>\n<meta property=\"og:locale\" content=\"de_DE\" \/>\n<meta property=\"og:type\" content=\"article\" \/>\n<meta property=\"og:title\" content=\"Makronenschieber aus rosafarbenem Karton 160 x 100 x 50 mm pro 10 St\u00fcck\" \/>\n<meta property=\"og:description\" content=\"Rosafarbenes Makronenlineal aus festem Karton 160 x 100 x 50 mm - elegant, stabil und ideal zum Pr\u00e4sentieren Ihrer Leckereien. 10er-Set f\u00fcr Gourmetprofis!\" \/>\n<meta property=\"og:url\" content=\"https:\/\/www.csj-emballages.com\/de\/produit\/makronenschieber-aus-rosa-karton-160-x-100-x-50-mm-pro-20-stueck\/\" \/>\n<meta property=\"og:site_name\" content=\"CSJ Emballages\" \/>\n<meta property=\"article:publisher\" content=\"https:\/\/www.facebook.com\/csjemballages\" \/>\n<meta property=\"article:modified_time\" content=\"2026-04-18T00:11:10+00:00\" \/>\n<meta property=\"og:image\" content=\"https:\/\/www.csj-emballages.com\/wp-content\/uploads\/2025\/09\/119185.webp\" \/>\n\t<meta property=\"og:image:width\" content=\"800\" \/>\n\t<meta property=\"og:image:height\" content=\"800\" \/>\n\t<meta property=\"og:image:type\" content=\"image\/webp\" \/>\n<meta name=\"twitter:card\" content=\"summary_large_image\" \/>\n<meta name=\"twitter:label1\" content=\"Gesch\u00e4tzte Lesezeit\" \/>\n\t<meta name=\"twitter:data1\" content=\"2 Minuten\" \/>\n<script type=\"application\/ld+json\" class=\"yoast-schema-graph\">{\"@context\":\"https:\/\/schema.org\",\"@graph\":[{\"@type\":\"WebPage\",\"@id\":\"https:\/\/www.csj-emballages.com\/de\/produit\/makronenschieber-aus-rosa-karton-160-x-100-x-50-mm-pro-20-stueck\/\",\"url\":\"https:\/\/www.csj-emballages.com\/de\/produit\/makronenschieber-aus-rosa-karton-160-x-100-x-50-mm-pro-20-stueck\/\",\"name\":\"Macarons-Regale aus rosa Karton 160 x 100 x 50 mm pro 10 St\u00fcck\",\"isPartOf\":{\"@id\":\"https:\/\/www.csj-emballages.com\/de\/#website\"},\"primaryImageOfPage\":{\"@id\":\"https:\/\/www.csj-emballages.com\/de\/produit\/makronenschieber-aus-rosa-karton-160-x-100-x-50-mm-pro-20-stueck\/#primaryimage\"},\"image\":{\"@id\":\"https:\/\/www.csj-emballages.com\/de\/produit\/makronenschieber-aus-rosa-karton-160-x-100-x-50-mm-pro-20-stueck\/#primaryimage\"},\"thumbnailUrl\":\"https:\/\/www.csj-emballages.com\/wp-content\/uploads\/2025\/09\/119185.webp\",\"datePublished\":\"2025-09-17T15:18:52+00:00\",\"dateModified\":\"2026-04-18T00:11:10+00:00\",\"description\":\"Rosafarbenes Makronenlineal aus festem Karton 160 x 100 x 50 mm - elegant, stabil und ideal zum Pr\u00e4sentieren Ihrer Leckereien. 10er-Set f\u00fcr Gourmetprofis!\",\"breadcrumb\":{\"@id\":\"https:\/\/www.csj-emballages.com\/de\/produit\/makronenschieber-aus-rosa-karton-160-x-100-x-50-mm-pro-20-stueck\/#breadcrumb\"},\"inLanguage\":\"de\",\"potentialAction\":[{\"@type\":\"ReadAction\",\"target\":[\"https:\/\/www.csj-emballages.com\/de\/produit\/makronenschieber-aus-rosa-karton-160-x-100-x-50-mm-pro-20-stueck\/\"]}]},{\"@type\":\"ImageObject\",\"inLanguage\":\"de\",\"@id\":\"https:\/\/www.csj-emballages.com\/de\/produit\/makronenschieber-aus-rosa-karton-160-x-100-x-50-mm-pro-20-stueck\/#primaryimage\",\"url\":\"https:\/\/www.csj-emballages.com\/wp-content\/uploads\/2025\/09\/119185.webp\",\"contentUrl\":\"https:\/\/www.csj-emballages.com\/wp-content\/uploads\/2025\/09\/119185.webp\",\"width\":800,\"height\":800,\"caption\":\"R\u00e9glette macarons\"},{\"@type\":\"BreadcrumbList\",\"@id\":\"https:\/\/www.csj-emballages.com\/de\/produit\/makronenschieber-aus-rosa-karton-160-x-100-x-50-mm-pro-20-stueck\/#breadcrumb\",\"itemListElement\":[{\"@type\":\"ListItem\",\"position\":1,\"name\":\"Accueil\",\"item\":\"https:\/\/www.csj-emballages.com\/de\/universum-lebensmittelverpackungen\/\"},{\"@type\":\"ListItem\",\"position\":2,\"name\":\"Shop\",\"item\":\"https:\/\/www.csj-emballages.com\/shop\/\"},{\"@type\":\"ListItem\",\"position\":3,\"name\":\"Makronenschieber aus rosafarbenem Karton 160 x 100 x 50 mm pro 10 St\u00fcck\"}]},{\"@type\":\"WebSite\",\"@id\":\"https:\/\/www.csj-emballages.com\/de\/#website\",\"url\":\"https:\/\/www.csj-emballages.com\/de\/\",\"name\":\"CSJ Emballages\",\"description\":\"\",\"publisher\":{\"@id\":\"https:\/\/www.csj-emballages.com\/de\/#organization\"},\"potentialAction\":[{\"@type\":\"SearchAction\",\"target\":{\"@type\":\"EntryPoint\",\"urlTemplate\":\"https:\/\/www.csj-emballages.com\/de\/?s={search_term_string}\"},\"query-input\":{\"@type\":\"PropertyValueSpecification\",\"valueRequired\":true,\"valueName\":\"search_term_string\"}}],\"inLanguage\":\"de\"},{\"@type\":\"Organization\",\"@id\":\"https:\/\/www.csj-emballages.com\/de\/#Organization\/\",\"name\":\"CSJ Emballages\",\"url\":\"https:\/\/www.csj-emballages.com\/de\/\",\"logo\":{\"@type\":\"ImageObject\",\"inLanguage\":\"de\",\"@id\":\"https:\/\/www.csj-emballages.com\/de\/#\/schema\/logo\/image\/\",\"url\":\"https:\/\/www.csj-emballages.com\/wp-content\/uploads\/2023\/10\/logo_csj.webp\",\"contentUrl\":\"https:\/\/www.csj-emballages.com\/wp-content\/uploads\/2023\/10\/logo_csj.webp\",\"width\":250,\"height\":95,\"caption\":\"CSJ Emballages\"},\"image\":{\"@id\":\"https:\/\/www.csj-emballages.com\/de\/#\/schema\/logo\/image\/\"},\"sameAs\":[\"https:\/\/www.facebook.com\/csjemballages\"],\"address\":{\"@type\":\"PostalAddress\",\"streetAddress\":\"ZI La Lechere\",\"addressLocality\":\"Patornay\",\"postalCode\":\"39130\",\"addressCountry\":\"FR\"},\"contactPoint\":[{\"@type\":\"ContactPoint\",\"contactType\":\"Service client\",\"telephone\":\"0384254272\",\"email\":\"contact@csj-emballages.com\"}]}]}<\/script>\n<!-- \/ Yoast SEO Premium plugin. -->","yoast_head_json":{"title":"Macarons-Regale aus rosa Karton 160 x 100 x 50 mm pro 10 St\u00fcck","description":"Rosafarbenes Makronenlineal aus festem Karton 160 x 100 x 50 mm - elegant, stabil und ideal zum Pr\u00e4sentieren Ihrer Leckereien. 10er-Set f\u00fcr Gourmetprofis!","robots":{"index":"index","follow":"follow","max-snippet":"max-snippet:-1","max-image-preview":"max-image-preview:large","max-video-preview":"max-video-preview:-1"},"canonical":"https:\/\/www.csj-emballages.com\/de\/produit\/makronenschieber-aus-rosa-karton-160-x-100-x-50-mm-pro-20-stueck\/","og_locale":"de_DE","og_type":"article","og_title":"Makronenschieber aus rosafarbenem Karton 160 x 100 x 50 mm pro 10 St\u00fcck","og_description":"Rosafarbenes Makronenlineal aus festem Karton 160 x 100 x 50 mm - elegant, stabil und ideal zum Pr\u00e4sentieren Ihrer Leckereien. 10er-Set f\u00fcr Gourmetprofis!","og_url":"https:\/\/www.csj-emballages.com\/de\/produit\/makronenschieber-aus-rosa-karton-160-x-100-x-50-mm-pro-20-stueck\/","og_site_name":"CSJ Emballages","article_publisher":"https:\/\/www.facebook.com\/csjemballages","article_modified_time":"2026-04-18T00:11:10+00:00","og_image":[{"width":800,"height":800,"url":"https:\/\/www.csj-emballages.com\/wp-content\/uploads\/2025\/09\/119185.webp","type":"image\/webp"}],"twitter_card":"summary_large_image","twitter_misc":{"Gesch\u00e4tzte Lesezeit":"2 Minuten"},"schema":{"@context":"https:\/\/schema.org","@graph":[{"@type":"WebPage","@id":"https:\/\/www.csj-emballages.com\/de\/produit\/makronenschieber-aus-rosa-karton-160-x-100-x-50-mm-pro-20-stueck\/","url":"https:\/\/www.csj-emballages.com\/de\/produit\/makronenschieber-aus-rosa-karton-160-x-100-x-50-mm-pro-20-stueck\/","name":"Macarons-Regale aus rosa Karton 160 x 100 x 50 mm pro 10 St\u00fcck","isPartOf":{"@id":"https:\/\/www.csj-emballages.com\/de\/#website"},"primaryImageOfPage":{"@id":"https:\/\/www.csj-emballages.com\/de\/produit\/makronenschieber-aus-rosa-karton-160-x-100-x-50-mm-pro-20-stueck\/#primaryimage"},"image":{"@id":"https:\/\/www.csj-emballages.com\/de\/produit\/makronenschieber-aus-rosa-karton-160-x-100-x-50-mm-pro-20-stueck\/#primaryimage"},"thumbnailUrl":"https:\/\/www.csj-emballages.com\/wp-content\/uploads\/2025\/09\/119185.webp","datePublished":"2025-09-17T15:18:52+00:00","dateModified":"2026-04-18T00:11:10+00:00","description":"Rosafarbenes Makronenlineal aus festem Karton 160 x 100 x 50 mm - elegant, stabil und ideal zum Pr\u00e4sentieren Ihrer Leckereien. 10er-Set f\u00fcr Gourmetprofis!","breadcrumb":{"@id":"https:\/\/www.csj-emballages.com\/de\/produit\/makronenschieber-aus-rosa-karton-160-x-100-x-50-mm-pro-20-stueck\/#breadcrumb"},"inLanguage":"de","potentialAction":[{"@type":"ReadAction","target":["https:\/\/www.csj-emballages.com\/de\/produit\/makronenschieber-aus-rosa-karton-160-x-100-x-50-mm-pro-20-stueck\/"]}]},{"@type":"ImageObject","inLanguage":"de","@id":"https:\/\/www.csj-emballages.com\/de\/produit\/makronenschieber-aus-rosa-karton-160-x-100-x-50-mm-pro-20-stueck\/#primaryimage","url":"https:\/\/www.csj-emballages.com\/wp-content\/uploads\/2025\/09\/119185.webp","contentUrl":"https:\/\/www.csj-emballages.com\/wp-content\/uploads\/2025\/09\/119185.webp","width":800,"height":800,"caption":"R\u00e9glette macarons"},{"@type":"BreadcrumbList","@id":"https:\/\/www.csj-emballages.com\/de\/produit\/makronenschieber-aus-rosa-karton-160-x-100-x-50-mm-pro-20-stueck\/#breadcrumb","itemListElement":[{"@type":"ListItem","position":1,"name":"Accueil","item":"https:\/\/www.csj-emballages.com\/de\/universum-lebensmittelverpackungen\/"},{"@type":"ListItem","position":2,"name":"Shop","item":"https:\/\/www.csj-emballages.com\/shop\/"},{"@type":"ListItem","position":3,"name":"Makronenschieber aus rosafarbenem Karton 160 x 100 x 50 mm pro 10 St\u00fcck"}]},{"@type":"WebSite","@id":"https:\/\/www.csj-emballages.com\/de\/#website","url":"https:\/\/www.csj-emballages.com\/de\/","name":"CSJ Emballages","description":"","publisher":{"@id":"https:\/\/www.csj-emballages.com\/de\/#organization"},"potentialAction":[{"@type":"SearchAction","target":{"@type":"EntryPoint","urlTemplate":"https:\/\/www.csj-emballages.com\/de\/?s={search_term_string}"},"query-input":{"@type":"PropertyValueSpecification","valueRequired":true,"valueName":"search_term_string"}}],"inLanguage":"de"},{"@type":"Organization","@id":"https:\/\/www.csj-emballages.com\/de\/#Organization\/","name":"CSJ Emballages","url":"https:\/\/www.csj-emballages.com\/de\/","logo":{"@type":"ImageObject","inLanguage":"de","@id":"https:\/\/www.csj-emballages.com\/de\/#\/schema\/logo\/image\/","url":"https:\/\/www.csj-emballages.com\/wp-content\/uploads\/2023\/10\/logo_csj.webp","contentUrl":"https:\/\/www.csj-emballages.com\/wp-content\/uploads\/2023\/10\/logo_csj.webp","width":250,"height":95,"caption":"CSJ Emballages"},"image":{"@id":"https:\/\/www.csj-emballages.com\/de\/#\/schema\/logo\/image\/"},"sameAs":["https:\/\/www.facebook.com\/csjemballages"],"address":{"@type":"PostalAddress","streetAddress":"ZI La Lechere","addressLocality":"Patornay","postalCode":"39130","addressCountry":"FR"},"contactPoint":[{"@type":"ContactPoint","contactType":"Service client","telephone":"0384254272","email":"contact@csj-emballages.com"}]}]}},"df_price":8.29,"df_sale_price":"","df_regular_price":8.29,"df_image_link":"https:\/\/www.csj-emballages.com\/wp-content\/uploads\/2025\/09\/119185-300x300.webp","tiered_pricing_type":"fixed","tiered_pricing_fixed_rules":[],"tiered_pricing_percentage_rules":[],"tiered_pricing_minimum":1,"tiered_pricing_roles_data":[],"_links":{"self":[{"href":"https:\/\/www.csj-emballages.com\/de\/wp-json\/wp\/v2\/product\/247449","targetHints":{"allow":["GET"]}}],"collection":[{"href":"https:\/\/www.csj-emballages.com\/de\/wp-json\/wp\/v2\/product"}],"about":[{"href":"https:\/\/www.csj-emballages.com\/de\/wp-json\/wp\/v2\/types\/product"}],"wp:featuredmedia":[{"embeddable":true,"href":"https:\/\/www.csj-emballages.com\/de\/wp-json\/wp\/v2\/media\/247435"}],"wp:attachment":[{"href":"https:\/\/www.csj-emballages.com\/de\/wp-json\/wp\/v2\/media?parent=247449"}],"wp:term":[{"taxonomy":"product_brand","embeddable":true,"href":"https:\/\/www.csj-emballages.com\/de\/wp-json\/wp\/v2\/product_brand?post=247449"},{"taxonomy":"product_cat","embeddable":true,"href":"https:\/\/www.csj-emballages.com\/de\/wp-json\/wp\/v2\/product_cat?post=247449"},{"taxonomy":"product_tag","embeddable":true,"href":"https:\/\/www.csj-emballages.com\/de\/wp-json\/wp\/v2\/product_tag?post=247449"}],"curies":[{"name":"wp","href":"https:\/\/api.w.org\/{rel}","templated":true}]}}