{"id":247343,"date":"2025-09-17T16:18:39","date_gmt":"2025-09-17T14:18:39","guid":{"rendered":"https:\/\/www.csj-emballages.com\/produit\/ballotin-schokolade-gesaeumt-500-gramm-mit-kartonboden-pro-10\/"},"modified":"2026-04-03T02:11:44","modified_gmt":"2026-04-03T00:11:44","slug":"ballotin-schokolade-gesaeumt-500-gramm-mit-kartonboden-pro-10","status":"publish","type":"product","link":"https:\/\/www.csj-emballages.com\/de\/produit\/ballotin-schokolade-gesaeumt-500-gramm-mit-kartonboden-pro-10\/","title":{"rendered":"Ballotin Schokolade ges\u00e4umt 500 Gramm pro 10"},"content":{"rendered":"<h2 class=\"p1\">Ballotin Schokolade<\/h2>\n<hr>\n<h3>Beschreibung von unserem Ballotin Schokolade ges\u00e4umt 500 Gramm pro 10<\/h3>\n<p><!--more--><\/p>\n<p data-start=\"125\" data-end=\"702\">Lassen Sie sich von dem <strong>Ballotin Schokolade ges\u00e4umt 500 Gramm<\/strong> verf\u00fchren, einer eleganten und praktischen Schachtel, die dazu gedacht ist, Ihre Pralinen, feine Schokolade und andere handgefertigte S\u00fc\u00dfigkeiten zu veredeln. Das <strong>braune Ballotin<\/strong> aus <strong>dickem Karton<\/strong> bietet einen ausgezeichneten Halt und sch\u00fctzt Ihre S\u00fc\u00dfigkeiten, selbst die zartesten. Der <strong>aufsteckbare Boden<\/strong> sorgt f\u00fcr perfekte Stabilit\u00e4t und eine schnelle Montage. Ideal f\u00fcr Chocolatiers, Konditoren oder Gesch\u00e4fte, die \u00c4sthetik und Funktionalit\u00e4t miteinander verbinden m\u00f6chten.  <\/p>\n<p data-start=\"704\" data-end=\"1085\">Mit ihrem <strong>raffinierten Goldrand<\/strong> verleiht diese <strong>Pralinenschachtel<\/strong> Ihren Pr\u00e4sentationen einen Hauch von Eleganz. Sie besticht sowohl durch ihr schlichtes und elegantes Design als auch durch ihre Robustheit. Ihr Fassungsverm\u00f6gen von <strong>500 Gramm<\/strong> eignet sich hervorragend, um ausgewogene Sortimente zusammenzustellen, sei es f\u00fcr die Festtage, den Valentinstag oder jeden anderen genussvollen Anlass.<\/p>\n<p data-start=\"1087\" data-end=\"1390\">Auch das <strong>Ballotin wird im 10er-Pack geliefert<\/strong>, ein praktisches Format f\u00fcr Profis, die mehrere Boxen gleichzeitig vorbereiten und dabei einen leicht zu verwaltenden Vorrat halten m\u00f6chten. Dank des <strong>verst\u00e4rkten Kartonbodens<\/strong> werden Ihre Kreationen sicher gehalten, ohne dass die Gefahr besteht, dass sie zerdr\u00fcckt werden. <\/p>\n<p data-start=\"1392\" data-end=\"1709\">Dieses <strong>Ballotin aus Schokolade mit Paspelierung<\/strong> ist nicht nur eine einfache Verpackung: Es unterstreicht Ihr Know-how und ist ein Zeichen f\u00fcr Qualit\u00e4t und Professionalit\u00e4t bei Ihren Kunden. Wenn Sie sich f\u00fcr diese Verpackung entscheiden, bieten Sie ein umfassendes Schlemmererlebnis, bei dem die Pr\u00e4sentation genauso viel z\u00e4hlt wie das Geschmackserlebnis. <\/p>\n<p data-start=\"1378\" data-end=\"1605\"><!--more--><\/p>\n<h4 data-start=\"1378\" data-end=\"1605\">Vorteile :<\/h4>\n<ul>\n<li data-start=\"1813\" data-end=\"1863\"><strong data-start=\"1813\" data-end=\"1831\">Klippbarer Boden<\/strong>: schnelle und sichere Montage.<\/li>\n<li data-start=\"1866\" data-end=\"1930\"><strong data-start=\"1866\" data-end=\"1896\">Elegantes Design mit Einfassung<\/strong> f\u00fcr eine raffinierte Pr\u00e4sentation.<\/li>\n<li data-start=\"1933\" data-end=\"1996\"><strong data-start=\"1933\" data-end=\"1954\">500 g Fassungsverm\u00f6gen<\/strong> perfekt f\u00fcr Schokolade und S\u00fc\u00dfigkeiten.<\/li>\n<li data-start=\"1999\" data-end=\"2061\"><strong data-start=\"1999\" data-end=\"2019\">10er-Pack<\/strong>: Praktisch und g\u00fcnstig f\u00fcr Profis.<\/li>\n<\/ul>\n<p>&nbsp;<\/p>\n<p><!--more--><\/p>\n<h4>Weitere Informationen :<\/h4>\n<ul>\n<li><strong>Verpackung<\/strong>: Packung mit 10 St\u00fcck<\/li>\n<li><strong>Ma\u00dfe<\/strong>: 140 x 90 x 60 mm<\/li>\n<li><strong>Material<\/strong>: Karton<\/li>\n<li><strong>Fassungsverm\u00f6gen<\/strong>: 500 Gramm<\/li>\n<li><strong>Farbe<\/strong>: Schokolade \/ Gold<\/li>\n<\/ul>\n<p>&nbsp;<\/p>\n<p><!--more--><\/p>\n<p>Dieses Ballotin mit Schokoladenrand ist in verschiedenen Gr\u00f6\u00dfen erh\u00e4ltlich: <span style=\"color: #d12727;\"><a style=\"color: #d12727;\" href=\"https:\/\/www.csj-emballages.com\/produit\/ballotin-chocolat-lisere-280-grammes-avec-fond-carton-115-x-75-x-50-mm-par-10\/\">280 Gramm<\/a><\/span> \/ <span style=\"color: #d12727;\"><a style=\"color: #d12727;\" href=\"https:\/\/www.csj-emballages.com\/produit\/ballotin-chocolat-lisere-365-grammes-avec-fond-carton-125-x-80-x-55-mm-par-10\/\">365 Gramm<\/a><\/span> \/ <span style=\"color: #d12727;\"><a style=\"color: #d12727;\" href=\"https:\/\/www.csj-emballages.com\/produit\/ballotin-chocolat-lisere-550-grammes-avec-fond-carton-150-x-100-x-70-mm-par-10\/\">550 Gramm<\/a><\/span><\/p>\n<p>&nbsp;<\/p>\n<p><!--more--><\/p>\n<p><a href=\"\/?product_cat=ballotins\">Sehen Sie sich den Rest unseres Sortiments an Ballotins an<\/a><\/p>\n","protected":false},"excerpt":{"rendered":"<p>Ballotin Schokolade Beschreibung von unserem Ballotin Schokolade ges\u00e4umt 500 Gramm pro 10<\/p>\n","protected":false},"featured_media":247337,"template":"","meta":{"_acf_changed":false},"product_brand":[],"product_cat":[1137,1171,3964,2054,9882],"product_tag":[],"class_list":{"0":"post-247343","1":"product","2":"type-product","3":"status-publish","4":"has-post-thumbnail","6":"product_cat-lebensmittelverpackungen","7":"product_cat-backerei-und-konditorei","8":"product_cat-schachteln-und-etuis","9":"product_cat-schachteln-mit-ballotins","10":"product_cat-ballotins-schokolade-gesaumt","12":"first","13":"instock","14":"taxable","15":"shipping-taxable","16":"purchasable","17":"product-type-simple"},"acf":[],"yoast_head":"<!-- This site is optimized with the Yoast SEO Premium plugin v26.6 (Yoast SEO v26.6) - https:\/\/yoast.com\/wordpress\/plugins\/seo\/ -->\n<title>Ballotin Chocolat Liser\u00e9 500 Gramm pro 10<\/title>\n<meta name=\"description\" content=\"Ballotin aus ges\u00e4umter Schokolade 500 g mit anklippbarem Kartonboden: elegant, stabil und perfekt f\u00fcr Pralinen und Konfekt. 10er-Set, ideal f\u00fcr Profis.\" \/>\n<meta name=\"robots\" content=\"index, follow, max-snippet:-1, max-image-preview:large, max-video-preview:-1\" \/>\n<link rel=\"canonical\" href=\"https:\/\/www.csj-emballages.com\/de\/produit\/ballotin-schokolade-gesaeumt-500-gramm-mit-kartonboden-pro-10\/\" \/>\n<meta property=\"og:locale\" content=\"de_DE\" \/>\n<meta property=\"og:type\" content=\"article\" \/>\n<meta property=\"og:title\" content=\"Ballotin Schokolade ges\u00e4umt 500 Gramm pro 10\" \/>\n<meta property=\"og:description\" content=\"Ballotin aus ges\u00e4umter Schokolade 500 g mit anklippbarem Kartonboden: elegant, stabil und perfekt f\u00fcr Pralinen und Konfekt. 10er-Set, ideal f\u00fcr Profis.\" \/>\n<meta property=\"og:url\" content=\"https:\/\/www.csj-emballages.com\/de\/produit\/ballotin-schokolade-gesaeumt-500-gramm-mit-kartonboden-pro-10\/\" \/>\n<meta property=\"og:site_name\" content=\"CSJ Emballages\" \/>\n<meta property=\"article:publisher\" content=\"https:\/\/www.facebook.com\/csjemballages\" \/>\n<meta property=\"article:modified_time\" content=\"2026-04-03T00:11:44+00:00\" \/>\n<meta property=\"og:image\" content=\"https:\/\/www.csj-emballages.com\/wp-content\/uploads\/2025\/09\/136914.webp\" \/>\n\t<meta property=\"og:image:width\" content=\"800\" \/>\n\t<meta property=\"og:image:height\" content=\"800\" \/>\n\t<meta property=\"og:image:type\" content=\"image\/webp\" \/>\n<meta name=\"twitter:card\" content=\"summary_large_image\" \/>\n<meta name=\"twitter:label1\" content=\"Gesch\u00e4tzte Lesezeit\" \/>\n\t<meta name=\"twitter:data1\" content=\"2 Minuten\" \/>\n<script type=\"application\/ld+json\" class=\"yoast-schema-graph\">{\"@context\":\"https:\/\/schema.org\",\"@graph\":[{\"@type\":\"WebPage\",\"@id\":\"https:\/\/www.csj-emballages.com\/de\/produit\/ballotin-schokolade-gesaeumt-500-gramm-mit-kartonboden-pro-10\/\",\"url\":\"https:\/\/www.csj-emballages.com\/de\/produit\/ballotin-schokolade-gesaeumt-500-gramm-mit-kartonboden-pro-10\/\",\"name\":\"Ballotin Chocolat Liser\u00e9 500 Gramm pro 10\",\"isPartOf\":{\"@id\":\"https:\/\/www.csj-emballages.com\/de\/#website\"},\"primaryImageOfPage\":{\"@id\":\"https:\/\/www.csj-emballages.com\/de\/produit\/ballotin-schokolade-gesaeumt-500-gramm-mit-kartonboden-pro-10\/#primaryimage\"},\"image\":{\"@id\":\"https:\/\/www.csj-emballages.com\/de\/produit\/ballotin-schokolade-gesaeumt-500-gramm-mit-kartonboden-pro-10\/#primaryimage\"},\"thumbnailUrl\":\"https:\/\/www.csj-emballages.com\/wp-content\/uploads\/2025\/09\/136914.webp\",\"datePublished\":\"2025-09-17T14:18:39+00:00\",\"dateModified\":\"2026-04-03T00:11:44+00:00\",\"description\":\"Ballotin aus ges\u00e4umter Schokolade 500 g mit anklippbarem Kartonboden: elegant, stabil und perfekt f\u00fcr Pralinen und Konfekt. 10er-Set, ideal f\u00fcr Profis.\",\"breadcrumb\":{\"@id\":\"https:\/\/www.csj-emballages.com\/de\/produit\/ballotin-schokolade-gesaeumt-500-gramm-mit-kartonboden-pro-10\/#breadcrumb\"},\"inLanguage\":\"de\",\"potentialAction\":[{\"@type\":\"ReadAction\",\"target\":[\"https:\/\/www.csj-emballages.com\/de\/produit\/ballotin-schokolade-gesaeumt-500-gramm-mit-kartonboden-pro-10\/\"]}]},{\"@type\":\"ImageObject\",\"inLanguage\":\"de\",\"@id\":\"https:\/\/www.csj-emballages.com\/de\/produit\/ballotin-schokolade-gesaeumt-500-gramm-mit-kartonboden-pro-10\/#primaryimage\",\"url\":\"https:\/\/www.csj-emballages.com\/wp-content\/uploads\/2025\/09\/136914.webp\",\"contentUrl\":\"https:\/\/www.csj-emballages.com\/wp-content\/uploads\/2025\/09\/136914.webp\",\"width\":800,\"height\":800,\"caption\":\"Ballotin chocolat\"},{\"@type\":\"BreadcrumbList\",\"@id\":\"https:\/\/www.csj-emballages.com\/de\/produit\/ballotin-schokolade-gesaeumt-500-gramm-mit-kartonboden-pro-10\/#breadcrumb\",\"itemListElement\":[{\"@type\":\"ListItem\",\"position\":1,\"name\":\"Accueil\",\"item\":\"https:\/\/www.csj-emballages.com\/de\/universum-lebensmittelverpackungen\/\"},{\"@type\":\"ListItem\",\"position\":2,\"name\":\"Shop\",\"item\":\"https:\/\/www.csj-emballages.com\/shop\/\"},{\"@type\":\"ListItem\",\"position\":3,\"name\":\"Ballotin Schokolade ges\u00e4umt 500 Gramm pro 10\"}]},{\"@type\":\"WebSite\",\"@id\":\"https:\/\/www.csj-emballages.com\/de\/#website\",\"url\":\"https:\/\/www.csj-emballages.com\/de\/\",\"name\":\"CSJ Emballages\",\"description\":\"\",\"publisher\":{\"@id\":\"https:\/\/www.csj-emballages.com\/de\/#organization\"},\"potentialAction\":[{\"@type\":\"SearchAction\",\"target\":{\"@type\":\"EntryPoint\",\"urlTemplate\":\"https:\/\/www.csj-emballages.com\/de\/?s={search_term_string}\"},\"query-input\":{\"@type\":\"PropertyValueSpecification\",\"valueRequired\":true,\"valueName\":\"search_term_string\"}}],\"inLanguage\":\"de\"},{\"@type\":\"Organization\",\"@id\":\"https:\/\/www.csj-emballages.com\/de\/#Organization\/\",\"name\":\"CSJ Emballages\",\"url\":\"https:\/\/www.csj-emballages.com\/de\/\",\"logo\":{\"@type\":\"ImageObject\",\"inLanguage\":\"de\",\"@id\":\"https:\/\/www.csj-emballages.com\/de\/#\/schema\/logo\/image\/\",\"url\":\"https:\/\/www.csj-emballages.com\/wp-content\/uploads\/2023\/10\/logo_csj.webp\",\"contentUrl\":\"https:\/\/www.csj-emballages.com\/wp-content\/uploads\/2023\/10\/logo_csj.webp\",\"width\":250,\"height\":95,\"caption\":\"CSJ Emballages\"},\"image\":{\"@id\":\"https:\/\/www.csj-emballages.com\/de\/#\/schema\/logo\/image\/\"},\"sameAs\":[\"https:\/\/www.facebook.com\/csjemballages\"],\"address\":{\"@type\":\"PostalAddress\",\"streetAddress\":\"ZI La Lechere\",\"addressLocality\":\"Patornay\",\"postalCode\":\"39130\",\"addressCountry\":\"FR\"},\"contactPoint\":[{\"@type\":\"ContactPoint\",\"contactType\":\"Service client\",\"telephone\":\"0384254272\",\"email\":\"contact@csj-emballages.com\"}]}]}<\/script>\n<!-- \/ Yoast SEO Premium plugin. -->","yoast_head_json":{"title":"Ballotin Chocolat Liser\u00e9 500 Gramm pro 10","description":"Ballotin aus ges\u00e4umter Schokolade 500 g mit anklippbarem Kartonboden: elegant, stabil und perfekt f\u00fcr Pralinen und Konfekt. 10er-Set, ideal f\u00fcr Profis.","robots":{"index":"index","follow":"follow","max-snippet":"max-snippet:-1","max-image-preview":"max-image-preview:large","max-video-preview":"max-video-preview:-1"},"canonical":"https:\/\/www.csj-emballages.com\/de\/produit\/ballotin-schokolade-gesaeumt-500-gramm-mit-kartonboden-pro-10\/","og_locale":"de_DE","og_type":"article","og_title":"Ballotin Schokolade ges\u00e4umt 500 Gramm pro 10","og_description":"Ballotin aus ges\u00e4umter Schokolade 500 g mit anklippbarem Kartonboden: elegant, stabil und perfekt f\u00fcr Pralinen und Konfekt. 10er-Set, ideal f\u00fcr Profis.","og_url":"https:\/\/www.csj-emballages.com\/de\/produit\/ballotin-schokolade-gesaeumt-500-gramm-mit-kartonboden-pro-10\/","og_site_name":"CSJ Emballages","article_publisher":"https:\/\/www.facebook.com\/csjemballages","article_modified_time":"2026-04-03T00:11:44+00:00","og_image":[{"width":800,"height":800,"url":"https:\/\/www.csj-emballages.com\/wp-content\/uploads\/2025\/09\/136914.webp","type":"image\/webp"}],"twitter_card":"summary_large_image","twitter_misc":{"Gesch\u00e4tzte Lesezeit":"2 Minuten"},"schema":{"@context":"https:\/\/schema.org","@graph":[{"@type":"WebPage","@id":"https:\/\/www.csj-emballages.com\/de\/produit\/ballotin-schokolade-gesaeumt-500-gramm-mit-kartonboden-pro-10\/","url":"https:\/\/www.csj-emballages.com\/de\/produit\/ballotin-schokolade-gesaeumt-500-gramm-mit-kartonboden-pro-10\/","name":"Ballotin Chocolat Liser\u00e9 500 Gramm pro 10","isPartOf":{"@id":"https:\/\/www.csj-emballages.com\/de\/#website"},"primaryImageOfPage":{"@id":"https:\/\/www.csj-emballages.com\/de\/produit\/ballotin-schokolade-gesaeumt-500-gramm-mit-kartonboden-pro-10\/#primaryimage"},"image":{"@id":"https:\/\/www.csj-emballages.com\/de\/produit\/ballotin-schokolade-gesaeumt-500-gramm-mit-kartonboden-pro-10\/#primaryimage"},"thumbnailUrl":"https:\/\/www.csj-emballages.com\/wp-content\/uploads\/2025\/09\/136914.webp","datePublished":"2025-09-17T14:18:39+00:00","dateModified":"2026-04-03T00:11:44+00:00","description":"Ballotin aus ges\u00e4umter Schokolade 500 g mit anklippbarem Kartonboden: elegant, stabil und perfekt f\u00fcr Pralinen und Konfekt. 10er-Set, ideal f\u00fcr Profis.","breadcrumb":{"@id":"https:\/\/www.csj-emballages.com\/de\/produit\/ballotin-schokolade-gesaeumt-500-gramm-mit-kartonboden-pro-10\/#breadcrumb"},"inLanguage":"de","potentialAction":[{"@type":"ReadAction","target":["https:\/\/www.csj-emballages.com\/de\/produit\/ballotin-schokolade-gesaeumt-500-gramm-mit-kartonboden-pro-10\/"]}]},{"@type":"ImageObject","inLanguage":"de","@id":"https:\/\/www.csj-emballages.com\/de\/produit\/ballotin-schokolade-gesaeumt-500-gramm-mit-kartonboden-pro-10\/#primaryimage","url":"https:\/\/www.csj-emballages.com\/wp-content\/uploads\/2025\/09\/136914.webp","contentUrl":"https:\/\/www.csj-emballages.com\/wp-content\/uploads\/2025\/09\/136914.webp","width":800,"height":800,"caption":"Ballotin chocolat"},{"@type":"BreadcrumbList","@id":"https:\/\/www.csj-emballages.com\/de\/produit\/ballotin-schokolade-gesaeumt-500-gramm-mit-kartonboden-pro-10\/#breadcrumb","itemListElement":[{"@type":"ListItem","position":1,"name":"Accueil","item":"https:\/\/www.csj-emballages.com\/de\/universum-lebensmittelverpackungen\/"},{"@type":"ListItem","position":2,"name":"Shop","item":"https:\/\/www.csj-emballages.com\/shop\/"},{"@type":"ListItem","position":3,"name":"Ballotin Schokolade ges\u00e4umt 500 Gramm pro 10"}]},{"@type":"WebSite","@id":"https:\/\/www.csj-emballages.com\/de\/#website","url":"https:\/\/www.csj-emballages.com\/de\/","name":"CSJ Emballages","description":"","publisher":{"@id":"https:\/\/www.csj-emballages.com\/de\/#organization"},"potentialAction":[{"@type":"SearchAction","target":{"@type":"EntryPoint","urlTemplate":"https:\/\/www.csj-emballages.com\/de\/?s={search_term_string}"},"query-input":{"@type":"PropertyValueSpecification","valueRequired":true,"valueName":"search_term_string"}}],"inLanguage":"de"},{"@type":"Organization","@id":"https:\/\/www.csj-emballages.com\/de\/#Organization\/","name":"CSJ Emballages","url":"https:\/\/www.csj-emballages.com\/de\/","logo":{"@type":"ImageObject","inLanguage":"de","@id":"https:\/\/www.csj-emballages.com\/de\/#\/schema\/logo\/image\/","url":"https:\/\/www.csj-emballages.com\/wp-content\/uploads\/2023\/10\/logo_csj.webp","contentUrl":"https:\/\/www.csj-emballages.com\/wp-content\/uploads\/2023\/10\/logo_csj.webp","width":250,"height":95,"caption":"CSJ Emballages"},"image":{"@id":"https:\/\/www.csj-emballages.com\/de\/#\/schema\/logo\/image\/"},"sameAs":["https:\/\/www.facebook.com\/csjemballages"],"address":{"@type":"PostalAddress","streetAddress":"ZI La Lechere","addressLocality":"Patornay","postalCode":"39130","addressCountry":"FR"},"contactPoint":[{"@type":"ContactPoint","contactType":"Service client","telephone":"0384254272","email":"contact@csj-emballages.com"}]}]}},"df_price":9.78,"df_sale_price":"","df_regular_price":9.78,"df_image_link":"https:\/\/www.csj-emballages.com\/wp-content\/uploads\/2025\/09\/136914-300x300.webp","tiered_pricing_type":"fixed","tiered_pricing_fixed_rules":[],"tiered_pricing_percentage_rules":[],"tiered_pricing_minimum":1,"tiered_pricing_roles_data":[],"_links":{"self":[{"href":"https:\/\/www.csj-emballages.com\/de\/wp-json\/wp\/v2\/product\/247343","targetHints":{"allow":["GET"]}}],"collection":[{"href":"https:\/\/www.csj-emballages.com\/de\/wp-json\/wp\/v2\/product"}],"about":[{"href":"https:\/\/www.csj-emballages.com\/de\/wp-json\/wp\/v2\/types\/product"}],"wp:featuredmedia":[{"embeddable":true,"href":"https:\/\/www.csj-emballages.com\/de\/wp-json\/wp\/v2\/media\/247337"}],"wp:attachment":[{"href":"https:\/\/www.csj-emballages.com\/de\/wp-json\/wp\/v2\/media?parent=247343"}],"wp:term":[{"taxonomy":"product_brand","embeddable":true,"href":"https:\/\/www.csj-emballages.com\/de\/wp-json\/wp\/v2\/product_brand?post=247343"},{"taxonomy":"product_cat","embeddable":true,"href":"https:\/\/www.csj-emballages.com\/de\/wp-json\/wp\/v2\/product_cat?post=247343"},{"taxonomy":"product_tag","embeddable":true,"href":"https:\/\/www.csj-emballages.com\/de\/wp-json\/wp\/v2\/product_tag?post=247343"}],"curies":[{"name":"wp","href":"https:\/\/api.w.org\/{rel}","templated":true}]}}