{"id":247293,"date":"2025-09-17T15:18:43","date_gmt":"2025-09-17T13:18:43","guid":{"rendered":"https:\/\/www.csj-emballages.com\/produit\/ballotin-gruen-gesaeumt-280-gramm-mit-kartonboden-pro-10\/"},"modified":"2026-04-18T02:11:25","modified_gmt":"2026-04-18T00:11:25","slug":"ballotin-gruen-gesaeumt-280-gramm-mit-kartonboden-pro-10","status":"publish","type":"product","link":"https:\/\/www.csj-emballages.com\/de\/produit\/ballotin-gruen-gesaeumt-280-gramm-mit-kartonboden-pro-10\/","title":{"rendered":"Ballotin gr\u00fcn ges\u00e4umt 250 Gramm pro 10"},"content":{"rendered":"<h2 class=\"p1\">Gr\u00fcner Ballotin<\/h2>\n<hr>\n<h3>Beschreibung von unserem Ballotin gr\u00fcn ges\u00e4umt 250 Gramm pro 10<\/h3>\n<p><!--more--><\/p>\n<p data-start=\"65\" data-end=\"636\">Verleihen Sie Ihren Gourmet-Kreationen einen Hauch von Eleganz und S\u00fc\u00dfe mit unserer <strong data-start=\"176\" data-end=\"206\">gr\u00fcnen Pralinenschachtel mit Borte, 250 g<\/strong>. Speziell entworfen f\u00fcr <strong data-start=\"236\" data-end=\"280\">Pralinen, Schokoladen und feine Konfektware<\/strong>, ist diese Pralinenschachtel weit mehr als nur eine Verpackung: Sie ist ein wahres Schmuckk\u00e4stchen f\u00fcr Ihre K\u00f6stlichkeiten. Hergestellt aus <strong data-start=\"389\" data-end=\"418\">dickem und widerstandsf\u00e4higem Karton<\/strong>, gew\u00e4hrleistet sie einen <strong data-start=\"434\" data-end=\"454\">tadellosen Halt<\/strong>, selbst bei gro\u00dfz\u00fcgigem Inhalt. Dank ihres <strong data-start=\"506\" data-end=\"533\">verst\u00e4rkten Kartonbodens<\/strong> bietet sie perfekte Stabilit\u00e4t, wodurch Verformungen beim Transport oder bei der Pr\u00e4sentation vermieden werden.<\/p>\n<p data-start=\"638\" data-end=\"1082\">Ihr <strong data-start=\"642\" data-end=\"666\">zarter Gr\u00fcnton<\/strong>, verziert mit einer <strong data-start=\"682\" data-end=\"700\">raffinierten Borte<\/strong>, verleiht einen Hauch von <strong data-start=\"722\" data-end=\"747\">Charme und Weiblichkeit<\/strong>, ideal f\u00fcr besondere Anl\u00e4sse wie: <strong data-start=\"787\" data-end=\"849\">Valentinstag, Taufen, Hochzeiten oder Weihnachtsfeiern<\/strong>. Einfach zu montieren, praktisch zu bef\u00fcllen, passt diese <strong>Pralinenschachtel<\/strong> sowohl f\u00fcr <strong data-start=\"924\" data-end=\"940\">Chocolatiers<\/strong>, <strong data-start=\"942\" data-end=\"956\">Konditoren<\/strong> als auch f\u00fcr <strong data-start=\"965\" data-end=\"988\">handwerkliche Konfektmacher<\/strong>, die ihre Produkte aufwerten und gleichzeitig eine <strong data-start=\"1047\" data-end=\"1079\">professionelle Pr\u00e4sentation<\/strong> beibehalten m\u00f6chten.<\/p>\n<p data-start=\"1084\" data-end=\"1543\">Ebenso, verkauft <strong data-start=\"1099\" data-end=\"1116\">im 10er-Pack<\/strong>, erm\u00f6glicht er es Ihnen, Ihre Bed\u00fcrfnisse je nach Saison oder Nachfrage einfach zu verwalten, w\u00e4hrend Sie gleichzeitig Ihre <strong data-start=\"1216\" data-end=\"1228\">Lagerung<\/strong> und Ihr <strong data-start=\"1238\" data-end=\"1248\">Budget<\/strong> optimieren. Ihr sorgf\u00e4ltiges Design begeistert Ihre Kunden auf den ersten Blick und wertet Ihre handwerklichen Kreationen sofort auf. Mit der Wahl dieser Pralinenschachtel entscheiden Sie sich f\u00fcr eine <strong data-start=\"1409\" data-end=\"1463\">Verpackung, die gleichzeitig \u00e4sthetisch, stabil und praktisch ist<\/strong>, die die Qualit\u00e4t und Sorgfalt widerspiegelt, die Sie Ihren s\u00fc\u00dfen Kreationen widmen.<\/p>\n<p data-start=\"1545\" data-end=\"1790\">Alles in allem ist das <strong data-start=\"1558\" data-end=\"1588\">Ballotin gr\u00fcn ges\u00e4umt 250 g<\/strong> die perfekte Kombination aus <strong data-start=\"1619\" data-end=\"1661\">Eleganz, Funktionalit\u00e4t und Langlebigkeit<\/strong>. Es ist ein Muss f\u00fcr alle Feinschmeckerl\u00e4den, die ein <strong data-start=\"1739\" data-end=\"1787\">harmonisches Seh- und Geschmackserlebnis<\/strong> bieten m\u00f6chten.<\/p>\n<p data-start=\"1378\" data-end=\"1605\"><!--more--><\/p>\n<h4 data-start=\"1378\" data-end=\"1605\">Vorteile :<\/h4>\n<ul>\n<li data-start=\"2025\" data-end=\"2091\"><strong data-start=\"2028\" data-end=\"2061\">Dicker Karton und verst\u00e4rkter Boden<\/strong> f\u00fcr optimale Festigkeit.<\/li>\n<li data-start=\"2094\" data-end=\"2143\"><strong data-start=\"2097\" data-end=\"2120\">Elegantes gr\u00fcnes Design<\/strong> mit raffinierter Einfassung.<\/li>\n<li data-start=\"2146\" data-end=\"2203\">Perfekt f\u00fcr <strong data-start=\"2162\" data-end=\"2200\">Schokolade, Pralinen und S\u00fc\u00dfwaren<\/strong>.<\/li>\n<li data-start=\"2206\" data-end=\"2254\"><strong data-start=\"2209\" data-end=\"2228\">Einfach zu montieren<\/strong> und praktisch in der Anwendung.<\/li>\n<li data-start=\"2257\" data-end=\"2317\"><strong data-start=\"2260\" data-end=\"2276\">Wird in Zehnerpacks verkauft<\/strong>, um eine einfache und kosteng\u00fcnstige Verwaltung zu erm\u00f6glichen.<\/li>\n<\/ul>\n<p>&nbsp;<\/p>\n<p><!--more--><\/p>\n<h4>Weitere Informationen :<\/h4>\n<ul>\n<li><strong>Verpackung<\/strong>: Packung mit 10 St\u00fcck<\/li>\n<li><strong>Ma\u00dfe<\/strong>: 115 x 75 x 50 mm<\/li>\n<li><strong>Material<\/strong>: Karton<\/li>\n<li><strong>Fassungsverm\u00f6gen<\/strong>: 250 Gramm<\/li>\n<li><strong>Farbe<\/strong>: Gr\u00fcn \/ Gold<\/li>\n<\/ul>\n<p>&nbsp;<\/p>\n<p><!--more--><\/p>\n<p><a href=\"\/?product_cat=ballotins\">Sehen Sie sich den Rest unseres Sortiments an Ballotins an<\/a><\/p>\n","protected":false},"excerpt":{"rendered":"<p>Gr\u00fcner Ballotin Beschreibung von unserem Ballotin gr\u00fcn ges\u00e4umt 250 Gramm pro 10<\/p>\n","protected":false},"featured_media":247281,"template":"","meta":{"_acf_changed":false},"product_brand":[],"product_cat":[1137,1171,3964,2054,9878,1265],"product_tag":[],"class_list":{"0":"post-247293","1":"product","2":"type-product","3":"status-publish","4":"has-post-thumbnail","6":"product_cat-lebensmittelverpackungen","7":"product_cat-backerei-und-konditorei","8":"product_cat-schachteln-und-etuis","9":"product_cat-schachteln-mit-ballotins","10":"product_cat-ballotins-mit-grunem-rand","11":"product_cat-lagerbestande-promotion","13":"first","14":"instock","15":"sale","16":"taxable","17":"shipping-taxable","18":"purchasable","19":"product-type-simple"},"acf":[],"yoast_head":"<!-- This site is optimized with the Yoast SEO Premium plugin v26.6 (Yoast SEO v26.6) - https:\/\/yoast.com\/wordpress\/plugins\/seo\/ -->\n<title>Ballotin Gr\u00fcn ges\u00e4umt 250 Gramm pro 10<\/title>\n<meta name=\"description\" content=\"Gr\u00fcne, ges\u00e4umte Ballotin 250 g, ideal f\u00fcr Pralinen und Konfekt. Elegant, stabil und im 10er-Pack verkauft f\u00fcr eine raffinierte Pr\u00e4sentation.\" \/>\n<meta name=\"robots\" content=\"index, follow, max-snippet:-1, max-image-preview:large, max-video-preview:-1\" \/>\n<link rel=\"canonical\" href=\"https:\/\/www.csj-emballages.com\/de\/produit\/ballotin-gruen-gesaeumt-280-gramm-mit-kartonboden-pro-10\/\" \/>\n<meta property=\"og:locale\" content=\"de_DE\" \/>\n<meta property=\"og:type\" content=\"article\" \/>\n<meta property=\"og:title\" content=\"Ballotin gr\u00fcn ges\u00e4umt 250 Gramm pro 10\" \/>\n<meta property=\"og:description\" content=\"Gr\u00fcne, ges\u00e4umte Ballotin 250 g, ideal f\u00fcr Pralinen und Konfekt. Elegant, stabil und im 10er-Pack verkauft f\u00fcr eine raffinierte Pr\u00e4sentation.\" \/>\n<meta property=\"og:url\" content=\"https:\/\/www.csj-emballages.com\/de\/produit\/ballotin-gruen-gesaeumt-280-gramm-mit-kartonboden-pro-10\/\" \/>\n<meta property=\"og:site_name\" content=\"CSJ Emballages\" \/>\n<meta property=\"article:publisher\" content=\"https:\/\/www.facebook.com\/csjemballages\" \/>\n<meta property=\"article:modified_time\" content=\"2026-04-18T00:11:25+00:00\" \/>\n<meta property=\"og:image\" content=\"https:\/\/www.csj-emballages.com\/wp-content\/uploads\/2025\/09\/136225.webp\" \/>\n\t<meta property=\"og:image:width\" content=\"800\" \/>\n\t<meta property=\"og:image:height\" content=\"800\" \/>\n\t<meta property=\"og:image:type\" content=\"image\/webp\" \/>\n<meta name=\"twitter:card\" content=\"summary_large_image\" \/>\n<meta name=\"twitter:label1\" content=\"Gesch\u00e4tzte Lesezeit\" \/>\n\t<meta name=\"twitter:data1\" content=\"2 Minuten\" \/>\n<script type=\"application\/ld+json\" class=\"yoast-schema-graph\">{\"@context\":\"https:\/\/schema.org\",\"@graph\":[{\"@type\":\"WebPage\",\"@id\":\"https:\/\/www.csj-emballages.com\/de\/produit\/ballotin-gruen-gesaeumt-280-gramm-mit-kartonboden-pro-10\/\",\"url\":\"https:\/\/www.csj-emballages.com\/de\/produit\/ballotin-gruen-gesaeumt-280-gramm-mit-kartonboden-pro-10\/\",\"name\":\"Ballotin Gr\u00fcn ges\u00e4umt 250 Gramm pro 10\",\"isPartOf\":{\"@id\":\"https:\/\/www.csj-emballages.com\/de\/#website\"},\"primaryImageOfPage\":{\"@id\":\"https:\/\/www.csj-emballages.com\/de\/produit\/ballotin-gruen-gesaeumt-280-gramm-mit-kartonboden-pro-10\/#primaryimage\"},\"image\":{\"@id\":\"https:\/\/www.csj-emballages.com\/de\/produit\/ballotin-gruen-gesaeumt-280-gramm-mit-kartonboden-pro-10\/#primaryimage\"},\"thumbnailUrl\":\"https:\/\/www.csj-emballages.com\/wp-content\/uploads\/2025\/09\/136225.webp\",\"datePublished\":\"2025-09-17T13:18:43+00:00\",\"dateModified\":\"2026-04-18T00:11:25+00:00\",\"description\":\"Gr\u00fcne, ges\u00e4umte Ballotin 250 g, ideal f\u00fcr Pralinen und Konfekt. Elegant, stabil und im 10er-Pack verkauft f\u00fcr eine raffinierte Pr\u00e4sentation.\",\"breadcrumb\":{\"@id\":\"https:\/\/www.csj-emballages.com\/de\/produit\/ballotin-gruen-gesaeumt-280-gramm-mit-kartonboden-pro-10\/#breadcrumb\"},\"inLanguage\":\"de\",\"potentialAction\":[{\"@type\":\"ReadAction\",\"target\":[\"https:\/\/www.csj-emballages.com\/de\/produit\/ballotin-gruen-gesaeumt-280-gramm-mit-kartonboden-pro-10\/\"]}]},{\"@type\":\"ImageObject\",\"inLanguage\":\"de\",\"@id\":\"https:\/\/www.csj-emballages.com\/de\/produit\/ballotin-gruen-gesaeumt-280-gramm-mit-kartonboden-pro-10\/#primaryimage\",\"url\":\"https:\/\/www.csj-emballages.com\/wp-content\/uploads\/2025\/09\/136225.webp\",\"contentUrl\":\"https:\/\/www.csj-emballages.com\/wp-content\/uploads\/2025\/09\/136225.webp\",\"width\":800,\"height\":800,\"caption\":\"Ballotin vert liser\u00e9\"},{\"@type\":\"BreadcrumbList\",\"@id\":\"https:\/\/www.csj-emballages.com\/de\/produit\/ballotin-gruen-gesaeumt-280-gramm-mit-kartonboden-pro-10\/#breadcrumb\",\"itemListElement\":[{\"@type\":\"ListItem\",\"position\":1,\"name\":\"Accueil\",\"item\":\"https:\/\/www.csj-emballages.com\/de\/universum-lebensmittelverpackungen\/\"},{\"@type\":\"ListItem\",\"position\":2,\"name\":\"Shop\",\"item\":\"https:\/\/www.csj-emballages.com\/shop\/\"},{\"@type\":\"ListItem\",\"position\":3,\"name\":\"Ballotin gr\u00fcn ges\u00e4umt 250 Gramm pro 10\"}]},{\"@type\":\"WebSite\",\"@id\":\"https:\/\/www.csj-emballages.com\/de\/#website\",\"url\":\"https:\/\/www.csj-emballages.com\/de\/\",\"name\":\"CSJ Emballages\",\"description\":\"\",\"publisher\":{\"@id\":\"https:\/\/www.csj-emballages.com\/de\/#organization\"},\"potentialAction\":[{\"@type\":\"SearchAction\",\"target\":{\"@type\":\"EntryPoint\",\"urlTemplate\":\"https:\/\/www.csj-emballages.com\/de\/?s={search_term_string}\"},\"query-input\":{\"@type\":\"PropertyValueSpecification\",\"valueRequired\":true,\"valueName\":\"search_term_string\"}}],\"inLanguage\":\"de\"},{\"@type\":\"Organization\",\"@id\":\"https:\/\/www.csj-emballages.com\/de\/#Organization\/\",\"name\":\"CSJ Emballages\",\"url\":\"https:\/\/www.csj-emballages.com\/de\/\",\"logo\":{\"@type\":\"ImageObject\",\"inLanguage\":\"de\",\"@id\":\"https:\/\/www.csj-emballages.com\/de\/#\/schema\/logo\/image\/\",\"url\":\"https:\/\/www.csj-emballages.com\/wp-content\/uploads\/2023\/10\/logo_csj.webp\",\"contentUrl\":\"https:\/\/www.csj-emballages.com\/wp-content\/uploads\/2023\/10\/logo_csj.webp\",\"width\":250,\"height\":95,\"caption\":\"CSJ Emballages\"},\"image\":{\"@id\":\"https:\/\/www.csj-emballages.com\/de\/#\/schema\/logo\/image\/\"},\"sameAs\":[\"https:\/\/www.facebook.com\/csjemballages\"],\"address\":{\"@type\":\"PostalAddress\",\"streetAddress\":\"ZI La Lechere\",\"addressLocality\":\"Patornay\",\"postalCode\":\"39130\",\"addressCountry\":\"FR\"},\"contactPoint\":[{\"@type\":\"ContactPoint\",\"contactType\":\"Service client\",\"telephone\":\"0384254272\",\"email\":\"contact@csj-emballages.com\"}]}]}<\/script>\n<!-- \/ Yoast SEO Premium plugin. -->","yoast_head_json":{"title":"Ballotin Gr\u00fcn ges\u00e4umt 250 Gramm pro 10","description":"Gr\u00fcne, ges\u00e4umte Ballotin 250 g, ideal f\u00fcr Pralinen und Konfekt. Elegant, stabil und im 10er-Pack verkauft f\u00fcr eine raffinierte Pr\u00e4sentation.","robots":{"index":"index","follow":"follow","max-snippet":"max-snippet:-1","max-image-preview":"max-image-preview:large","max-video-preview":"max-video-preview:-1"},"canonical":"https:\/\/www.csj-emballages.com\/de\/produit\/ballotin-gruen-gesaeumt-280-gramm-mit-kartonboden-pro-10\/","og_locale":"de_DE","og_type":"article","og_title":"Ballotin gr\u00fcn ges\u00e4umt 250 Gramm pro 10","og_description":"Gr\u00fcne, ges\u00e4umte Ballotin 250 g, ideal f\u00fcr Pralinen und Konfekt. Elegant, stabil und im 10er-Pack verkauft f\u00fcr eine raffinierte Pr\u00e4sentation.","og_url":"https:\/\/www.csj-emballages.com\/de\/produit\/ballotin-gruen-gesaeumt-280-gramm-mit-kartonboden-pro-10\/","og_site_name":"CSJ Emballages","article_publisher":"https:\/\/www.facebook.com\/csjemballages","article_modified_time":"2026-04-18T00:11:25+00:00","og_image":[{"width":800,"height":800,"url":"https:\/\/www.csj-emballages.com\/wp-content\/uploads\/2025\/09\/136225.webp","type":"image\/webp"}],"twitter_card":"summary_large_image","twitter_misc":{"Gesch\u00e4tzte Lesezeit":"2 Minuten"},"schema":{"@context":"https:\/\/schema.org","@graph":[{"@type":"WebPage","@id":"https:\/\/www.csj-emballages.com\/de\/produit\/ballotin-gruen-gesaeumt-280-gramm-mit-kartonboden-pro-10\/","url":"https:\/\/www.csj-emballages.com\/de\/produit\/ballotin-gruen-gesaeumt-280-gramm-mit-kartonboden-pro-10\/","name":"Ballotin Gr\u00fcn ges\u00e4umt 250 Gramm pro 10","isPartOf":{"@id":"https:\/\/www.csj-emballages.com\/de\/#website"},"primaryImageOfPage":{"@id":"https:\/\/www.csj-emballages.com\/de\/produit\/ballotin-gruen-gesaeumt-280-gramm-mit-kartonboden-pro-10\/#primaryimage"},"image":{"@id":"https:\/\/www.csj-emballages.com\/de\/produit\/ballotin-gruen-gesaeumt-280-gramm-mit-kartonboden-pro-10\/#primaryimage"},"thumbnailUrl":"https:\/\/www.csj-emballages.com\/wp-content\/uploads\/2025\/09\/136225.webp","datePublished":"2025-09-17T13:18:43+00:00","dateModified":"2026-04-18T00:11:25+00:00","description":"Gr\u00fcne, ges\u00e4umte Ballotin 250 g, ideal f\u00fcr Pralinen und Konfekt. Elegant, stabil und im 10er-Pack verkauft f\u00fcr eine raffinierte Pr\u00e4sentation.","breadcrumb":{"@id":"https:\/\/www.csj-emballages.com\/de\/produit\/ballotin-gruen-gesaeumt-280-gramm-mit-kartonboden-pro-10\/#breadcrumb"},"inLanguage":"de","potentialAction":[{"@type":"ReadAction","target":["https:\/\/www.csj-emballages.com\/de\/produit\/ballotin-gruen-gesaeumt-280-gramm-mit-kartonboden-pro-10\/"]}]},{"@type":"ImageObject","inLanguage":"de","@id":"https:\/\/www.csj-emballages.com\/de\/produit\/ballotin-gruen-gesaeumt-280-gramm-mit-kartonboden-pro-10\/#primaryimage","url":"https:\/\/www.csj-emballages.com\/wp-content\/uploads\/2025\/09\/136225.webp","contentUrl":"https:\/\/www.csj-emballages.com\/wp-content\/uploads\/2025\/09\/136225.webp","width":800,"height":800,"caption":"Ballotin vert liser\u00e9"},{"@type":"BreadcrumbList","@id":"https:\/\/www.csj-emballages.com\/de\/produit\/ballotin-gruen-gesaeumt-280-gramm-mit-kartonboden-pro-10\/#breadcrumb","itemListElement":[{"@type":"ListItem","position":1,"name":"Accueil","item":"https:\/\/www.csj-emballages.com\/de\/universum-lebensmittelverpackungen\/"},{"@type":"ListItem","position":2,"name":"Shop","item":"https:\/\/www.csj-emballages.com\/shop\/"},{"@type":"ListItem","position":3,"name":"Ballotin gr\u00fcn ges\u00e4umt 250 Gramm pro 10"}]},{"@type":"WebSite","@id":"https:\/\/www.csj-emballages.com\/de\/#website","url":"https:\/\/www.csj-emballages.com\/de\/","name":"CSJ Emballages","description":"","publisher":{"@id":"https:\/\/www.csj-emballages.com\/de\/#organization"},"potentialAction":[{"@type":"SearchAction","target":{"@type":"EntryPoint","urlTemplate":"https:\/\/www.csj-emballages.com\/de\/?s={search_term_string}"},"query-input":{"@type":"PropertyValueSpecification","valueRequired":true,"valueName":"search_term_string"}}],"inLanguage":"de"},{"@type":"Organization","@id":"https:\/\/www.csj-emballages.com\/de\/#Organization\/","name":"CSJ Emballages","url":"https:\/\/www.csj-emballages.com\/de\/","logo":{"@type":"ImageObject","inLanguage":"de","@id":"https:\/\/www.csj-emballages.com\/de\/#\/schema\/logo\/image\/","url":"https:\/\/www.csj-emballages.com\/wp-content\/uploads\/2023\/10\/logo_csj.webp","contentUrl":"https:\/\/www.csj-emballages.com\/wp-content\/uploads\/2023\/10\/logo_csj.webp","width":250,"height":95,"caption":"CSJ Emballages"},"image":{"@id":"https:\/\/www.csj-emballages.com\/de\/#\/schema\/logo\/image\/"},"sameAs":["https:\/\/www.facebook.com\/csjemballages"],"address":{"@type":"PostalAddress","streetAddress":"ZI La Lechere","addressLocality":"Patornay","postalCode":"39130","addressCountry":"FR"},"contactPoint":[{"@type":"ContactPoint","contactType":"Service client","telephone":"0384254272","email":"contact@csj-emballages.com"}]}]}},"df_price":6,"df_sale_price":6,"df_regular_price":6.67,"df_image_link":"https:\/\/www.csj-emballages.com\/wp-content\/uploads\/2025\/09\/136225-300x300.webp","tiered_pricing_type":"fixed","tiered_pricing_fixed_rules":[],"tiered_pricing_percentage_rules":[],"tiered_pricing_minimum":1,"tiered_pricing_roles_data":[],"_links":{"self":[{"href":"https:\/\/www.csj-emballages.com\/de\/wp-json\/wp\/v2\/product\/247293","targetHints":{"allow":["GET"]}}],"collection":[{"href":"https:\/\/www.csj-emballages.com\/de\/wp-json\/wp\/v2\/product"}],"about":[{"href":"https:\/\/www.csj-emballages.com\/de\/wp-json\/wp\/v2\/types\/product"}],"wp:featuredmedia":[{"embeddable":true,"href":"https:\/\/www.csj-emballages.com\/de\/wp-json\/wp\/v2\/media\/247281"}],"wp:attachment":[{"href":"https:\/\/www.csj-emballages.com\/de\/wp-json\/wp\/v2\/media?parent=247293"}],"wp:term":[{"taxonomy":"product_brand","embeddable":true,"href":"https:\/\/www.csj-emballages.com\/de\/wp-json\/wp\/v2\/product_brand?post=247293"},{"taxonomy":"product_cat","embeddable":true,"href":"https:\/\/www.csj-emballages.com\/de\/wp-json\/wp\/v2\/product_cat?post=247293"},{"taxonomy":"product_tag","embeddable":true,"href":"https:\/\/www.csj-emballages.com\/de\/wp-json\/wp\/v2\/product_tag?post=247293"}],"curies":[{"name":"wp","href":"https:\/\/api.w.org\/{rel}","templated":true}]}}