{"id":246988,"date":"2025-09-17T15:18:24","date_gmt":"2025-09-17T13:18:24","guid":{"rendered":"https:\/\/www.csj-emballages.com\/produit\/ballotin-elfenbein-365-gramm-mit-kartonboden-pro-10\/"},"modified":"2026-04-03T02:10:59","modified_gmt":"2026-04-03T00:10:59","slug":"ballotin-elfenbein-365-gramm-mit-kartonboden-pro-10","status":"publish","type":"product","link":"https:\/\/www.csj-emballages.com\/de\/produit\/ballotin-elfenbein-365-gramm-mit-kartonboden-pro-10\/","title":{"rendered":"Ballotin Elfenbein 375 Gramm pro 10"},"content":{"rendered":"<h2 class=\"p1\">Ballotin Elfenbein<\/h2>\n<hr>\n<h3>Beschreibung von unserem Ballotin Elfenbein 375 Gramm pro 10<\/h3>\n<p><!--more--><\/p>\n<p data-start=\"153\" data-end=\"538\">Lassen Sie sich von dem <strong>elfenbeinfarbenen Ballotin mit einem Gewicht von 375 Gramm<\/strong> verf\u00fchren. Die perfekte Verpackung, um Ihre Pralinen, Schokolade und handgefertigten S\u00fc\u00dfwaren zu veredeln. Dieses elegante <strong>Ballotin<\/strong> wurde f\u00fcr anspruchsvolle Profis entworfen und vereint Stabilit\u00e4t und Raffinesse. Dank seines <strong>aufsteckbaren Kartonbodens<\/strong> sorgt es f\u00fcr einen ausgezeichneten Halt, auch beim Transport oder bei der Lagerung.  <\/p>\n<p data-start=\"540\" data-end=\"912\">Ihr <strong>sanfter<\/strong> und raffinierter <strong>Elfenbeinton<\/strong> erinnert an Reinheit und K\u00f6stlichkeit und ist ideal f\u00fcr Schokoladen- und Konditoreibetriebe oder Kunsthandwerker, die ihre Kreationen hervorheben m\u00f6chten. Dank des schlichten Designs kann die Verpackung leicht mit einer Schleife, einem Etikett oder einem individuellen Logo versehen werden, um sie zu einer echten Signaturverpackung f\u00fcr Ihre Marke zu machen. <\/p>\n<p data-start=\"914\" data-end=\"1331\">Diese aus hochwertigem Hartkarton hergestellte <strong>Schokoladenschachtel <\/strong>ist sowohl widerstandsf\u00e4hig als auch umweltfreundlich, da sie vollst\u00e4ndig recycelbar ist. Ihr cleveres Design mit dem aufklippbaren Boden erleichtert das schnelle Aufstellen, ein echter Zeitgewinn f\u00fcr Ihre Massenzubereitungen. Sie wird im <strong>10er-Pack<\/strong> geliefert und bietet Ihnen ein hervorragendes Preis-Leistungs-Verh\u00e4ltnis, wobei sie eine gepflegte und professionelle Pr\u00e4sentation garantiert.  <\/p>\n<p data-start=\"1333\" data-end=\"1528\">Zusammenfassend l\u00e4sst sich sagen, dass die <strong>elfenbeinfarbene Ballotin 375 g <\/strong>viel mehr ist als eine einfache Schachtel: Sie ist eine praktische, elegante und langlebige Schachtel f\u00fcr Leckereien, die Ihre Kunden schon auf den ersten Blick begeistern wird.<\/p>\n<p data-start=\"1378\" data-end=\"1605\"><!--more--><\/p>\n<h4 data-start=\"1378\" data-end=\"1605\">Vorteile :<\/h4>\n<ul>\n<li><strong data-start=\"1568\" data-end=\"1586\">Elegantes Design<\/strong> und raffinierte Elfenbeinfarbe.<\/li>\n<li><strong data-start=\"1678\" data-end=\"1706\">Einfacher und schneller Aufbau<\/strong> ohne Werkzeug.<\/li>\n<li>Ideal f\u00fcr <strong data-start=\"1738\" data-end=\"1776\">Pralinen, Schokolade und S\u00fc\u00dfwaren<\/strong>.<\/li>\n<li>Recycelbar und umweltfreundlich.<\/li>\n<li><strong data-start=\"1834\" data-end=\"1853\">Individuell gestaltbar<\/strong> mit Band oder Etikett.<\/li>\n<\/ul>\n<p>&nbsp;<\/p>\n<p><!--more--><\/p>\n<h4>Weitere Informationen :<\/h4>\n<ul>\n<li><strong>Verpackung<\/strong>: Packung mit 10 St\u00fcck<\/li>\n<li><strong>Abmessungen<\/strong>: 125 x 80 x 55 mm<\/li>\n<li><strong>Material<\/strong>: Karton<\/li>\n<li><strong>Fassungsverm\u00f6gen<\/strong>: 375 Gramm<\/li>\n<li><strong>Farbe<\/strong>: Elfenbein<\/li>\n<\/ul>\n<p>&nbsp;<\/p>\n<p><!--more--><\/p>\n<p>Dieses elfenbeinfarbene Ballotin ist in verschiedenen Gr\u00f6\u00dfen erh\u00e4ltlich: <span style=\"color: #d12727;\"><a style=\"color: #d12727;\" href=\"https:\/\/www.csj-emballages.com\/produit\/ballotin-ivoire-280-grammes-avec-fond-carton-115-x-75-x-50-mm-par-10\/\">250 Gramm<\/a><\/span> \/ <span style=\"color: #d12727;\"><a style=\"color: #d12727;\" href=\"https:\/\/www.csj-emballages.com\/produit\/ballotin-ivoire-500-grammes-avec-fond-carton-140-x-90-x-60-mm-par-10\/\">500 Gramm<\/a><\/span><\/p>\n<p>&nbsp;<\/p>\n<p><!--more--><\/p>\n<p><a href=\"\/?product_cat=ballotins\">Sehen Sie sich den Rest unseres Sortiments an Ballotins an<\/a><\/p>\n","protected":false},"excerpt":{"rendered":"<p>Ballotin Elfenbein Beschreibung von unserem Ballotin Elfenbein 375 Gramm pro 10<\/p>\n","protected":false},"featured_media":246982,"template":"","meta":{"_acf_changed":false},"product_brand":[],"product_cat":[1137,1171,3964,2054,9866],"product_tag":[],"class_list":{"0":"post-246988","1":"product","2":"type-product","3":"status-publish","4":"has-post-thumbnail","6":"product_cat-lebensmittelverpackungen","7":"product_cat-backerei-und-konditorei","8":"product_cat-schachteln-und-etuis","9":"product_cat-schachteln-mit-ballotins","10":"product_cat-elfenbeinfarbene-ballotins","12":"first","13":"instock","14":"taxable","15":"shipping-taxable","16":"purchasable","17":"product-type-simple"},"acf":[],"yoast_head":"<!-- This site is optimized with the Yoast SEO Premium plugin v26.6 (Yoast SEO v26.6) - https:\/\/yoast.com\/wordpress\/plugins\/seo\/ -->\n<title>Ballotin Elfenbein 375 Gramm pro 10<\/title>\n<meta name=\"description\" content=\"Elfenbeinfarbener Ballotin mit 375 g Inhalt. Elegant, stabil und recycelbar, ideal f\u00fcr Schokolade und S\u00fc\u00dfwaren. Packung mit 10 Ballotins.\" \/>\n<meta name=\"robots\" content=\"index, follow, max-snippet:-1, max-image-preview:large, max-video-preview:-1\" \/>\n<link rel=\"canonical\" href=\"https:\/\/www.csj-emballages.com\/de\/produit\/ballotin-elfenbein-365-gramm-mit-kartonboden-pro-10\/\" \/>\n<meta property=\"og:locale\" content=\"de_DE\" \/>\n<meta property=\"og:type\" content=\"article\" \/>\n<meta property=\"og:title\" content=\"Ballotin Elfenbein 375 Gramm pro 10\" \/>\n<meta property=\"og:description\" content=\"Elfenbeinfarbener Ballotin mit 375 g Inhalt. Elegant, stabil und recycelbar, ideal f\u00fcr Schokolade und S\u00fc\u00dfwaren. Packung mit 10 Ballotins.\" \/>\n<meta property=\"og:url\" content=\"https:\/\/www.csj-emballages.com\/de\/produit\/ballotin-elfenbein-365-gramm-mit-kartonboden-pro-10\/\" \/>\n<meta property=\"og:site_name\" content=\"CSJ Emballages\" \/>\n<meta property=\"article:publisher\" content=\"https:\/\/www.facebook.com\/csjemballages\" \/>\n<meta property=\"article:modified_time\" content=\"2026-04-03T00:10:59+00:00\" \/>\n<meta property=\"og:image\" content=\"https:\/\/www.csj-emballages.com\/wp-content\/uploads\/2025\/09\/114551.webp\" \/>\n\t<meta property=\"og:image:width\" content=\"800\" \/>\n\t<meta property=\"og:image:height\" content=\"800\" \/>\n\t<meta property=\"og:image:type\" content=\"image\/webp\" \/>\n<meta name=\"twitter:card\" content=\"summary_large_image\" \/>\n<meta name=\"twitter:label1\" content=\"Gesch\u00e4tzte Lesezeit\" \/>\n\t<meta name=\"twitter:data1\" content=\"1\u00a0Minute\" \/>\n<script type=\"application\/ld+json\" class=\"yoast-schema-graph\">{\"@context\":\"https:\/\/schema.org\",\"@graph\":[{\"@type\":\"WebPage\",\"@id\":\"https:\/\/www.csj-emballages.com\/de\/produit\/ballotin-elfenbein-365-gramm-mit-kartonboden-pro-10\/\",\"url\":\"https:\/\/www.csj-emballages.com\/de\/produit\/ballotin-elfenbein-365-gramm-mit-kartonboden-pro-10\/\",\"name\":\"Ballotin Elfenbein 375 Gramm pro 10\",\"isPartOf\":{\"@id\":\"https:\/\/www.csj-emballages.com\/de\/#website\"},\"primaryImageOfPage\":{\"@id\":\"https:\/\/www.csj-emballages.com\/de\/produit\/ballotin-elfenbein-365-gramm-mit-kartonboden-pro-10\/#primaryimage\"},\"image\":{\"@id\":\"https:\/\/www.csj-emballages.com\/de\/produit\/ballotin-elfenbein-365-gramm-mit-kartonboden-pro-10\/#primaryimage\"},\"thumbnailUrl\":\"https:\/\/www.csj-emballages.com\/wp-content\/uploads\/2025\/09\/114551.webp\",\"datePublished\":\"2025-09-17T13:18:24+00:00\",\"dateModified\":\"2026-04-03T00:10:59+00:00\",\"description\":\"Elfenbeinfarbener Ballotin mit 375 g Inhalt. Elegant, stabil und recycelbar, ideal f\u00fcr Schokolade und S\u00fc\u00dfwaren. Packung mit 10 Ballotins.\",\"breadcrumb\":{\"@id\":\"https:\/\/www.csj-emballages.com\/de\/produit\/ballotin-elfenbein-365-gramm-mit-kartonboden-pro-10\/#breadcrumb\"},\"inLanguage\":\"de\",\"potentialAction\":[{\"@type\":\"ReadAction\",\"target\":[\"https:\/\/www.csj-emballages.com\/de\/produit\/ballotin-elfenbein-365-gramm-mit-kartonboden-pro-10\/\"]}]},{\"@type\":\"ImageObject\",\"inLanguage\":\"de\",\"@id\":\"https:\/\/www.csj-emballages.com\/de\/produit\/ballotin-elfenbein-365-gramm-mit-kartonboden-pro-10\/#primaryimage\",\"url\":\"https:\/\/www.csj-emballages.com\/wp-content\/uploads\/2025\/09\/114551.webp\",\"contentUrl\":\"https:\/\/www.csj-emballages.com\/wp-content\/uploads\/2025\/09\/114551.webp\",\"width\":800,\"height\":800,\"caption\":\"Ballotin ivoire\"},{\"@type\":\"BreadcrumbList\",\"@id\":\"https:\/\/www.csj-emballages.com\/de\/produit\/ballotin-elfenbein-365-gramm-mit-kartonboden-pro-10\/#breadcrumb\",\"itemListElement\":[{\"@type\":\"ListItem\",\"position\":1,\"name\":\"Accueil\",\"item\":\"https:\/\/www.csj-emballages.com\/de\/universum-lebensmittelverpackungen\/\"},{\"@type\":\"ListItem\",\"position\":2,\"name\":\"Shop\",\"item\":\"https:\/\/www.csj-emballages.com\/shop\/\"},{\"@type\":\"ListItem\",\"position\":3,\"name\":\"Ballotin Elfenbein 375 Gramm pro 10\"}]},{\"@type\":\"WebSite\",\"@id\":\"https:\/\/www.csj-emballages.com\/de\/#website\",\"url\":\"https:\/\/www.csj-emballages.com\/de\/\",\"name\":\"CSJ Emballages\",\"description\":\"\",\"publisher\":{\"@id\":\"https:\/\/www.csj-emballages.com\/de\/#organization\"},\"potentialAction\":[{\"@type\":\"SearchAction\",\"target\":{\"@type\":\"EntryPoint\",\"urlTemplate\":\"https:\/\/www.csj-emballages.com\/de\/?s={search_term_string}\"},\"query-input\":{\"@type\":\"PropertyValueSpecification\",\"valueRequired\":true,\"valueName\":\"search_term_string\"}}],\"inLanguage\":\"de\"},{\"@type\":\"Organization\",\"@id\":\"https:\/\/www.csj-emballages.com\/de\/#Organization\/\",\"name\":\"CSJ Emballages\",\"url\":\"https:\/\/www.csj-emballages.com\/de\/\",\"logo\":{\"@type\":\"ImageObject\",\"inLanguage\":\"de\",\"@id\":\"https:\/\/www.csj-emballages.com\/de\/#\/schema\/logo\/image\/\",\"url\":\"https:\/\/www.csj-emballages.com\/wp-content\/uploads\/2023\/10\/logo_csj.webp\",\"contentUrl\":\"https:\/\/www.csj-emballages.com\/wp-content\/uploads\/2023\/10\/logo_csj.webp\",\"width\":250,\"height\":95,\"caption\":\"CSJ Emballages\"},\"image\":{\"@id\":\"https:\/\/www.csj-emballages.com\/de\/#\/schema\/logo\/image\/\"},\"sameAs\":[\"https:\/\/www.facebook.com\/csjemballages\"],\"address\":{\"@type\":\"PostalAddress\",\"streetAddress\":\"ZI La Lechere\",\"addressLocality\":\"Patornay\",\"postalCode\":\"39130\",\"addressCountry\":\"FR\"},\"contactPoint\":[{\"@type\":\"ContactPoint\",\"contactType\":\"Service client\",\"telephone\":\"0384254272\",\"email\":\"contact@csj-emballages.com\"}]}]}<\/script>\n<!-- \/ Yoast SEO Premium plugin. -->","yoast_head_json":{"title":"Ballotin Elfenbein 375 Gramm pro 10","description":"Elfenbeinfarbener Ballotin mit 375 g Inhalt. Elegant, stabil und recycelbar, ideal f\u00fcr Schokolade und S\u00fc\u00dfwaren. Packung mit 10 Ballotins.","robots":{"index":"index","follow":"follow","max-snippet":"max-snippet:-1","max-image-preview":"max-image-preview:large","max-video-preview":"max-video-preview:-1"},"canonical":"https:\/\/www.csj-emballages.com\/de\/produit\/ballotin-elfenbein-365-gramm-mit-kartonboden-pro-10\/","og_locale":"de_DE","og_type":"article","og_title":"Ballotin Elfenbein 375 Gramm pro 10","og_description":"Elfenbeinfarbener Ballotin mit 375 g Inhalt. Elegant, stabil und recycelbar, ideal f\u00fcr Schokolade und S\u00fc\u00dfwaren. Packung mit 10 Ballotins.","og_url":"https:\/\/www.csj-emballages.com\/de\/produit\/ballotin-elfenbein-365-gramm-mit-kartonboden-pro-10\/","og_site_name":"CSJ Emballages","article_publisher":"https:\/\/www.facebook.com\/csjemballages","article_modified_time":"2026-04-03T00:10:59+00:00","og_image":[{"width":800,"height":800,"url":"https:\/\/www.csj-emballages.com\/wp-content\/uploads\/2025\/09\/114551.webp","type":"image\/webp"}],"twitter_card":"summary_large_image","twitter_misc":{"Gesch\u00e4tzte Lesezeit":"1\u00a0Minute"},"schema":{"@context":"https:\/\/schema.org","@graph":[{"@type":"WebPage","@id":"https:\/\/www.csj-emballages.com\/de\/produit\/ballotin-elfenbein-365-gramm-mit-kartonboden-pro-10\/","url":"https:\/\/www.csj-emballages.com\/de\/produit\/ballotin-elfenbein-365-gramm-mit-kartonboden-pro-10\/","name":"Ballotin Elfenbein 375 Gramm pro 10","isPartOf":{"@id":"https:\/\/www.csj-emballages.com\/de\/#website"},"primaryImageOfPage":{"@id":"https:\/\/www.csj-emballages.com\/de\/produit\/ballotin-elfenbein-365-gramm-mit-kartonboden-pro-10\/#primaryimage"},"image":{"@id":"https:\/\/www.csj-emballages.com\/de\/produit\/ballotin-elfenbein-365-gramm-mit-kartonboden-pro-10\/#primaryimage"},"thumbnailUrl":"https:\/\/www.csj-emballages.com\/wp-content\/uploads\/2025\/09\/114551.webp","datePublished":"2025-09-17T13:18:24+00:00","dateModified":"2026-04-03T00:10:59+00:00","description":"Elfenbeinfarbener Ballotin mit 375 g Inhalt. Elegant, stabil und recycelbar, ideal f\u00fcr Schokolade und S\u00fc\u00dfwaren. Packung mit 10 Ballotins.","breadcrumb":{"@id":"https:\/\/www.csj-emballages.com\/de\/produit\/ballotin-elfenbein-365-gramm-mit-kartonboden-pro-10\/#breadcrumb"},"inLanguage":"de","potentialAction":[{"@type":"ReadAction","target":["https:\/\/www.csj-emballages.com\/de\/produit\/ballotin-elfenbein-365-gramm-mit-kartonboden-pro-10\/"]}]},{"@type":"ImageObject","inLanguage":"de","@id":"https:\/\/www.csj-emballages.com\/de\/produit\/ballotin-elfenbein-365-gramm-mit-kartonboden-pro-10\/#primaryimage","url":"https:\/\/www.csj-emballages.com\/wp-content\/uploads\/2025\/09\/114551.webp","contentUrl":"https:\/\/www.csj-emballages.com\/wp-content\/uploads\/2025\/09\/114551.webp","width":800,"height":800,"caption":"Ballotin ivoire"},{"@type":"BreadcrumbList","@id":"https:\/\/www.csj-emballages.com\/de\/produit\/ballotin-elfenbein-365-gramm-mit-kartonboden-pro-10\/#breadcrumb","itemListElement":[{"@type":"ListItem","position":1,"name":"Accueil","item":"https:\/\/www.csj-emballages.com\/de\/universum-lebensmittelverpackungen\/"},{"@type":"ListItem","position":2,"name":"Shop","item":"https:\/\/www.csj-emballages.com\/shop\/"},{"@type":"ListItem","position":3,"name":"Ballotin Elfenbein 375 Gramm pro 10"}]},{"@type":"WebSite","@id":"https:\/\/www.csj-emballages.com\/de\/#website","url":"https:\/\/www.csj-emballages.com\/de\/","name":"CSJ Emballages","description":"","publisher":{"@id":"https:\/\/www.csj-emballages.com\/de\/#organization"},"potentialAction":[{"@type":"SearchAction","target":{"@type":"EntryPoint","urlTemplate":"https:\/\/www.csj-emballages.com\/de\/?s={search_term_string}"},"query-input":{"@type":"PropertyValueSpecification","valueRequired":true,"valueName":"search_term_string"}}],"inLanguage":"de"},{"@type":"Organization","@id":"https:\/\/www.csj-emballages.com\/de\/#Organization\/","name":"CSJ Emballages","url":"https:\/\/www.csj-emballages.com\/de\/","logo":{"@type":"ImageObject","inLanguage":"de","@id":"https:\/\/www.csj-emballages.com\/de\/#\/schema\/logo\/image\/","url":"https:\/\/www.csj-emballages.com\/wp-content\/uploads\/2023\/10\/logo_csj.webp","contentUrl":"https:\/\/www.csj-emballages.com\/wp-content\/uploads\/2023\/10\/logo_csj.webp","width":250,"height":95,"caption":"CSJ Emballages"},"image":{"@id":"https:\/\/www.csj-emballages.com\/de\/#\/schema\/logo\/image\/"},"sameAs":["https:\/\/www.facebook.com\/csjemballages"],"address":{"@type":"PostalAddress","streetAddress":"ZI La Lechere","addressLocality":"Patornay","postalCode":"39130","addressCountry":"FR"},"contactPoint":[{"@type":"ContactPoint","contactType":"Service client","telephone":"0384254272","email":"contact@csj-emballages.com"}]}]}},"df_price":6.23,"df_sale_price":"","df_regular_price":6.23,"df_image_link":"https:\/\/www.csj-emballages.com\/wp-content\/uploads\/2025\/09\/114551-300x300.webp","tiered_pricing_type":"fixed","tiered_pricing_fixed_rules":[],"tiered_pricing_percentage_rules":[],"tiered_pricing_minimum":1,"tiered_pricing_roles_data":[],"_links":{"self":[{"href":"https:\/\/www.csj-emballages.com\/de\/wp-json\/wp\/v2\/product\/246988","targetHints":{"allow":["GET"]}}],"collection":[{"href":"https:\/\/www.csj-emballages.com\/de\/wp-json\/wp\/v2\/product"}],"about":[{"href":"https:\/\/www.csj-emballages.com\/de\/wp-json\/wp\/v2\/types\/product"}],"wp:featuredmedia":[{"embeddable":true,"href":"https:\/\/www.csj-emballages.com\/de\/wp-json\/wp\/v2\/media\/246982"}],"wp:attachment":[{"href":"https:\/\/www.csj-emballages.com\/de\/wp-json\/wp\/v2\/media?parent=246988"}],"wp:term":[{"taxonomy":"product_brand","embeddable":true,"href":"https:\/\/www.csj-emballages.com\/de\/wp-json\/wp\/v2\/product_brand?post=246988"},{"taxonomy":"product_cat","embeddable":true,"href":"https:\/\/www.csj-emballages.com\/de\/wp-json\/wp\/v2\/product_cat?post=246988"},{"taxonomy":"product_tag","embeddable":true,"href":"https:\/\/www.csj-emballages.com\/de\/wp-json\/wp\/v2\/product_tag?post=246988"}],"curies":[{"name":"wp","href":"https:\/\/api.w.org\/{rel}","templated":true}]}}