{"id":246819,"date":"2025-09-17T15:18:33","date_gmt":"2025-09-17T13:18:33","guid":{"rendered":"https:\/\/www.csj-emballages.com\/produit\/pvc-button-etui-240-x-40-x-30-mm-pro-20-stueck\/"},"modified":"2026-03-12T16:04:39","modified_gmt":"2026-03-12T15:04:39","slug":"pvc-button-etui-240-x-40-x-30-mm-pro-20-stueck","status":"publish","type":"product","link":"https:\/\/www.csj-emballages.com\/de\/produit\/pvc-button-etui-240-x-40-x-30-mm-pro-20-stueck\/","title":{"rendered":"Macarons PET-Etui 240 x 40 x 30 mm pro 10"},"content":{"rendered":"<h2 class=\"p1\">Makronen-Etui<\/h2>\n<hr>\n<h3>Beschreibung unseres Etuis Macarons PET 240 x 40 x 30 mm per 10<\/h3>\n<p><!--more--><\/p>\n<p data-start=\"127\" data-end=\"431\">Verleihen Sie Ihren s\u00fc\u00dfen Kreationen eine <strong data-start=\"162\" data-end=\"206\">elegante und professionelle Pr\u00e4sentation<\/strong> mit unserer <strong data-start=\"221\" data-end=\"257\">Makronenschachtel aus transparentem PET<\/strong>! Diese Verpackung ist ideal f\u00fcr <strong data-start=\"275\" data-end=\"298\">Konditoren<\/strong>, <strong data-start=\"300\" data-end=\"314\">B\u00e4cker<\/strong> oder <strong data-start=\"318\" data-end=\"331\">Caterer<\/strong>, da sie Ihre k\u00f6stlichen Kreationen perfekt zur Geltung bringt und sie gleichzeitig sch\u00fctzt.<\/p>\n<p data-start=\"433\" data-end=\"794\">Diese H\u00fclle wurde so konzipiert, dass sie <strong data-start=\"449\" data-end=\"479\">ohne Klebstoff einfach zu montieren<\/strong> ist. Sie ist sowohl <strong data-start=\"504\" data-end=\"516\">praktisch<\/strong> als auch <strong data-start=\"520\" data-end=\"534\">\u00e4sthetisch an<\/strong>sprechend. Seine <strong data-start=\"539\" data-end=\"567\">kristalline Transparenz<\/strong> l\u00e4sst Farbe und Textur Ihrer Makronen, Dragees, Bonbons oder kleinen Dekorationsobjekte hervorheben. Im Handumdrehen erwachen Ihre Produkte hinter einer hellen und klaren Schachtel zum Leben, die Vertrauen und Genuss weckt.<\/p>\n<p data-start=\"796\" data-end=\"1215\">Hergestellt aus <strong>hochwertigem Hart-PET<\/strong>, bietet es einen <strong data-start=\"849\" data-end=\"869\">ausgezeichneten Halt<\/strong> und <strong data-start=\"877\" data-end=\"900\">optimalen Schutz<\/strong> w\u00e4hrend des Transports oder der Ausstellung. Egal, ob Sie Geschenkboxen, Mitnahmeverk\u00e4ufe oder Schaufensterpr\u00e4sentationen vorbereiten, dieses Etui passt sich all Ihren W\u00fcnschen an. Au\u00dferdem ist es <strong data-start=\"1088\" data-end=\"1104\">wiederverwendbar<\/strong>, ein echter Pluspunkt f\u00fcr alle, die auf der Suche nach einem <strong data-start=\"1158\" data-end=\"1177\">umweltbewussten<\/strong> Ansatz sind, ohne Kompromisse bei der Pr\u00e4sentation einzugehen.<\/p>\n<p data-start=\"1217\" data-end=\"1491\">Dank seiner praktischen Ma\u00dfe von <strong data-start=\"1253\" data-end=\"1273\">240 x 40 x 30 mm<\/strong> fasst er mehrere Macarons in einer Reihe oder diverse kleine Elemente \u2013 ganz nach Ihrer Kreativit\u00e4t. Leicht, widerstandsf\u00e4hig und vielseitig wird diese Verpackung schnell zu einem unverzichtbaren Bestandteil in Ihrem Sortiment f\u00fcr S\u00fc\u00dfwarenverpackungen.<\/p>\n<p data-start=\"1493\" data-end=\"1695\">Alles in allem vereint dieses Etui <strong data-start=\"1518\" data-end=\"1535\">Zeitersparnis<\/strong>, <strong data-start=\"1537\" data-end=\"1551\">\u00c4sthetik<\/strong> und <strong data-start=\"1555\" data-end=\"1568\">Zuverl\u00e4ssigkeit<\/strong>. Es hilft Ihnen, Ihre Produkte aufzuwerten und gleichzeitig ein visuelles Erlebnis zu bieten, das Ihre Kunden auf den ersten Blick begeistert.<\/p>\n<p data-start=\"1378\" data-end=\"1605\"><!--more--><\/p>\n<h4 data-start=\"1378\" data-end=\"1605\">Vorteile :<\/h4>\n<ul>\n<li><strong data-start=\"1736\" data-end=\"1754\">Einfache Montage<\/strong> ohne Klebstoff.<\/li>\n<li><strong data-start=\"1770\" data-end=\"1795\">Perfekte Transparenz<\/strong> f\u00fcr eine sofortige Hervorhebung.<\/li>\n<li>Steifes, sch\u00fctzendes Material.<\/li>\n<li><strong data-start=\"1872\" data-end=\"1891\">Praktisches Format<\/strong> f\u00fcr Makronen, Bonbons oder Dragees.<\/li>\n<li>Ideal f\u00fcr Geschenkboxen oder den Verkauf zum Mitnehmen.<\/li>\n<\/ul>\n<p>&nbsp;<\/p>\n<p><!--more--><\/p>\n<h4>Weitere Informationen :<\/h4>\n<ul>\n<li><strong>Verpackung<\/strong>: Packung mit 10 St\u00fcck<\/li>\n<li><strong>Ma\u00dfe<\/strong>: 240 x 40 x 30 mm<\/li>\n<li><strong>Material<\/strong>: PET<\/li>\n<li><strong>Farbe<\/strong>: Kristall<\/li>\n<\/ul>\n<p>&nbsp;<\/p>\n<p><!--more--><\/p>\n<p>Dieses PET-Makronen-Etui ist in verschiedenen Gr\u00f6\u00dfen erh\u00e4ltlich: <span style=\"color: #d12727;\"><a style=\"color: #d12727;\" href=\"https:\/\/www.csj-emballages.com\/produit\/etui-macarons-pvc-80-x-40-x-30-mm-par-10\/\">80 x 40 x 30 mm<\/a><\/span> \/ <span style=\"color: #d12727;\"><a style=\"color: #d12727;\" href=\"https:\/\/www.csj-emballages.com\/produit\/etui-macarons-pvc-80-x-60-x-40-mm-par-10\/\">80 x 60 x 40 mm<\/a><\/span> \/ <span style=\"color: #d12727;\"><a style=\"color: #d12727;\" href=\"https:\/\/www.csj-emballages.com\/produit\/etui-macarons-pvc-150-x-60-x-40-mm-par-10\/\">150 x 60 x 40 mm<\/a><\/span> \/<span style=\"color: #d12727;\"><a style=\"color: #d12727;\" href=\"https:\/\/www.csj-emballages.com\/produit\/etui-macarons-pvc-160-x-40-x-30-mm-par-10\/\">160 x 40 x 30 mm<\/a> <\/span> <\/p>\n<p>&nbsp;<\/p>\n<p><!--more--><\/p>\n<p><a href=\"https:\/\/www.csj-emballages.com\/de\/categorie-produit\/lebensmittelverpackungen\/backerei-und-konditorei\/schachteln-und-etuis\/macarons-schachteln-etuis\/macarons-etuis\/\">Entdecken Sie den Rest unseres Sortiments an Macaron-Verpackungen<\/a><\/p>\n","protected":false},"excerpt":{"rendered":"<p>Makronen-Etui Beschreibung unseres Etuis Macarons PET 240 x 40 x 30 mm per 10<\/p>\n","protected":false},"featured_media":250794,"template":"","meta":{"_acf_changed":false},"product_brand":[],"product_cat":[1137,1171,3964,1728,2590],"product_tag":[],"class_list":{"0":"post-246819","1":"product","2":"type-product","3":"status-publish","4":"has-post-thumbnail","6":"product_cat-lebensmittelverpackungen","7":"product_cat-backerei-und-konditorei","8":"product_cat-schachteln-und-etuis","9":"product_cat-macarons-schachteln-etuis","10":"product_cat-macarons-etuis","12":"first","13":"instock","14":"taxable","15":"shipping-taxable","16":"purchasable","17":"product-type-simple"},"acf":[],"yoast_head":"<!-- This site is optimized with the Yoast SEO Premium plugin v26.6 (Yoast SEO v26.6) - https:\/\/yoast.com\/wordpress\/plugins\/seo\/ -->\n<title>PET-Makkaroni-H\u00fclle 240 x 40 x 30 mm pro 10 St\u00fcck<\/title>\n<meta name=\"description\" content=\"Durchsichtige PET-Makronenschachtel 240 x 40 x 30 mm - Montage ohne Klebstoff, praktisch und elegant. Perfekt f\u00fcr Macarons, Bonbons oder Dragees.\" \/>\n<meta name=\"robots\" content=\"index, follow, max-snippet:-1, max-image-preview:large, max-video-preview:-1\" \/>\n<link rel=\"canonical\" href=\"https:\/\/www.csj-emballages.com\/de\/produit\/pvc-button-etui-240-x-40-x-30-mm-pro-20-stueck\/\" \/>\n<meta property=\"og:locale\" content=\"de_DE\" \/>\n<meta property=\"og:type\" content=\"article\" \/>\n<meta property=\"og:title\" content=\"Macarons PET-Etui 240 x 40 x 30 mm pro 10\" \/>\n<meta property=\"og:description\" content=\"Durchsichtige PET-Makronenschachtel 240 x 40 x 30 mm - Montage ohne Klebstoff, praktisch und elegant. Perfekt f\u00fcr Macarons, Bonbons oder Dragees.\" \/>\n<meta property=\"og:url\" content=\"https:\/\/www.csj-emballages.com\/de\/produit\/pvc-button-etui-240-x-40-x-30-mm-pro-20-stueck\/\" \/>\n<meta property=\"og:site_name\" content=\"CSJ Emballages\" \/>\n<meta property=\"article:publisher\" content=\"https:\/\/www.facebook.com\/csjemballages\" \/>\n<meta property=\"article:modified_time\" content=\"2026-03-12T15:04:39+00:00\" \/>\n<meta property=\"og:image\" content=\"https:\/\/www.csj-emballages.com\/wp-content\/uploads\/2025\/09\/115448-1.webp\" \/>\n\t<meta property=\"og:image:width\" content=\"800\" \/>\n\t<meta property=\"og:image:height\" content=\"800\" \/>\n\t<meta property=\"og:image:type\" content=\"image\/webp\" \/>\n<meta name=\"twitter:card\" content=\"summary_large_image\" \/>\n<meta name=\"twitter:label1\" content=\"Gesch\u00e4tzte Lesezeit\" \/>\n\t<meta name=\"twitter:data1\" content=\"2 Minuten\" \/>\n<script type=\"application\/ld+json\" class=\"yoast-schema-graph\">{\"@context\":\"https:\/\/schema.org\",\"@graph\":[{\"@type\":\"WebPage\",\"@id\":\"https:\/\/www.csj-emballages.com\/de\/produit\/pvc-button-etui-240-x-40-x-30-mm-pro-20-stueck\/\",\"url\":\"https:\/\/www.csj-emballages.com\/de\/produit\/pvc-button-etui-240-x-40-x-30-mm-pro-20-stueck\/\",\"name\":\"PET-Makkaroni-H\u00fclle 240 x 40 x 30 mm pro 10 St\u00fcck\",\"isPartOf\":{\"@id\":\"https:\/\/www.csj-emballages.com\/de\/#website\"},\"primaryImageOfPage\":{\"@id\":\"https:\/\/www.csj-emballages.com\/de\/produit\/pvc-button-etui-240-x-40-x-30-mm-pro-20-stueck\/#primaryimage\"},\"image\":{\"@id\":\"https:\/\/www.csj-emballages.com\/de\/produit\/pvc-button-etui-240-x-40-x-30-mm-pro-20-stueck\/#primaryimage\"},\"thumbnailUrl\":\"https:\/\/www.csj-emballages.com\/wp-content\/uploads\/2025\/09\/115448-1.webp\",\"datePublished\":\"2025-09-17T13:18:33+00:00\",\"dateModified\":\"2026-03-12T15:04:39+00:00\",\"description\":\"Durchsichtige PET-Makronenschachtel 240 x 40 x 30 mm - Montage ohne Klebstoff, praktisch und elegant. Perfekt f\u00fcr Macarons, Bonbons oder Dragees.\",\"breadcrumb\":{\"@id\":\"https:\/\/www.csj-emballages.com\/de\/produit\/pvc-button-etui-240-x-40-x-30-mm-pro-20-stueck\/#breadcrumb\"},\"inLanguage\":\"de\",\"potentialAction\":[{\"@type\":\"ReadAction\",\"target\":[\"https:\/\/www.csj-emballages.com\/de\/produit\/pvc-button-etui-240-x-40-x-30-mm-pro-20-stueck\/\"]}]},{\"@type\":\"ImageObject\",\"inLanguage\":\"de\",\"@id\":\"https:\/\/www.csj-emballages.com\/de\/produit\/pvc-button-etui-240-x-40-x-30-mm-pro-20-stueck\/#primaryimage\",\"url\":\"https:\/\/www.csj-emballages.com\/wp-content\/uploads\/2025\/09\/115448-1.webp\",\"contentUrl\":\"https:\/\/www.csj-emballages.com\/wp-content\/uploads\/2025\/09\/115448-1.webp\",\"width\":800,\"height\":800,\"caption\":\"\u00c9tui macarons\"},{\"@type\":\"BreadcrumbList\",\"@id\":\"https:\/\/www.csj-emballages.com\/de\/produit\/pvc-button-etui-240-x-40-x-30-mm-pro-20-stueck\/#breadcrumb\",\"itemListElement\":[{\"@type\":\"ListItem\",\"position\":1,\"name\":\"Accueil\",\"item\":\"https:\/\/www.csj-emballages.com\/de\/universum-lebensmittelverpackungen\/\"},{\"@type\":\"ListItem\",\"position\":2,\"name\":\"Shop\",\"item\":\"https:\/\/www.csj-emballages.com\/shop\/\"},{\"@type\":\"ListItem\",\"position\":3,\"name\":\"Macarons PET-Etui 240 x 40 x 30 mm pro 10\"}]},{\"@type\":\"WebSite\",\"@id\":\"https:\/\/www.csj-emballages.com\/de\/#website\",\"url\":\"https:\/\/www.csj-emballages.com\/de\/\",\"name\":\"CSJ Emballages\",\"description\":\"\",\"publisher\":{\"@id\":\"https:\/\/www.csj-emballages.com\/de\/#organization\"},\"potentialAction\":[{\"@type\":\"SearchAction\",\"target\":{\"@type\":\"EntryPoint\",\"urlTemplate\":\"https:\/\/www.csj-emballages.com\/de\/?s={search_term_string}\"},\"query-input\":{\"@type\":\"PropertyValueSpecification\",\"valueRequired\":true,\"valueName\":\"search_term_string\"}}],\"inLanguage\":\"de\"},{\"@type\":\"Organization\",\"@id\":\"https:\/\/www.csj-emballages.com\/de\/#Organization\/\",\"name\":\"CSJ Emballages\",\"url\":\"https:\/\/www.csj-emballages.com\/de\/\",\"logo\":{\"@type\":\"ImageObject\",\"inLanguage\":\"de\",\"@id\":\"https:\/\/www.csj-emballages.com\/de\/#\/schema\/logo\/image\/\",\"url\":\"https:\/\/www.csj-emballages.com\/wp-content\/uploads\/2023\/10\/logo_csj.webp\",\"contentUrl\":\"https:\/\/www.csj-emballages.com\/wp-content\/uploads\/2023\/10\/logo_csj.webp\",\"width\":250,\"height\":95,\"caption\":\"CSJ Emballages\"},\"image\":{\"@id\":\"https:\/\/www.csj-emballages.com\/de\/#\/schema\/logo\/image\/\"},\"sameAs\":[\"https:\/\/www.facebook.com\/csjemballages\"],\"address\":{\"@type\":\"PostalAddress\",\"streetAddress\":\"ZI La Lechere\",\"addressLocality\":\"Patornay\",\"postalCode\":\"39130\",\"addressCountry\":\"FR\"},\"contactPoint\":[{\"@type\":\"ContactPoint\",\"contactType\":\"Service client\",\"telephone\":\"0384254272\",\"email\":\"contact@csj-emballages.com\"}]}]}<\/script>\n<!-- \/ Yoast SEO Premium plugin. -->","yoast_head_json":{"title":"PET-Makkaroni-H\u00fclle 240 x 40 x 30 mm pro 10 St\u00fcck","description":"Durchsichtige PET-Makronenschachtel 240 x 40 x 30 mm - Montage ohne Klebstoff, praktisch und elegant. Perfekt f\u00fcr Macarons, Bonbons oder Dragees.","robots":{"index":"index","follow":"follow","max-snippet":"max-snippet:-1","max-image-preview":"max-image-preview:large","max-video-preview":"max-video-preview:-1"},"canonical":"https:\/\/www.csj-emballages.com\/de\/produit\/pvc-button-etui-240-x-40-x-30-mm-pro-20-stueck\/","og_locale":"de_DE","og_type":"article","og_title":"Macarons PET-Etui 240 x 40 x 30 mm pro 10","og_description":"Durchsichtige PET-Makronenschachtel 240 x 40 x 30 mm - Montage ohne Klebstoff, praktisch und elegant. Perfekt f\u00fcr Macarons, Bonbons oder Dragees.","og_url":"https:\/\/www.csj-emballages.com\/de\/produit\/pvc-button-etui-240-x-40-x-30-mm-pro-20-stueck\/","og_site_name":"CSJ Emballages","article_publisher":"https:\/\/www.facebook.com\/csjemballages","article_modified_time":"2026-03-12T15:04:39+00:00","og_image":[{"width":800,"height":800,"url":"https:\/\/www.csj-emballages.com\/wp-content\/uploads\/2025\/09\/115448-1.webp","type":"image\/webp"}],"twitter_card":"summary_large_image","twitter_misc":{"Gesch\u00e4tzte Lesezeit":"2 Minuten"},"schema":{"@context":"https:\/\/schema.org","@graph":[{"@type":"WebPage","@id":"https:\/\/www.csj-emballages.com\/de\/produit\/pvc-button-etui-240-x-40-x-30-mm-pro-20-stueck\/","url":"https:\/\/www.csj-emballages.com\/de\/produit\/pvc-button-etui-240-x-40-x-30-mm-pro-20-stueck\/","name":"PET-Makkaroni-H\u00fclle 240 x 40 x 30 mm pro 10 St\u00fcck","isPartOf":{"@id":"https:\/\/www.csj-emballages.com\/de\/#website"},"primaryImageOfPage":{"@id":"https:\/\/www.csj-emballages.com\/de\/produit\/pvc-button-etui-240-x-40-x-30-mm-pro-20-stueck\/#primaryimage"},"image":{"@id":"https:\/\/www.csj-emballages.com\/de\/produit\/pvc-button-etui-240-x-40-x-30-mm-pro-20-stueck\/#primaryimage"},"thumbnailUrl":"https:\/\/www.csj-emballages.com\/wp-content\/uploads\/2025\/09\/115448-1.webp","datePublished":"2025-09-17T13:18:33+00:00","dateModified":"2026-03-12T15:04:39+00:00","description":"Durchsichtige PET-Makronenschachtel 240 x 40 x 30 mm - Montage ohne Klebstoff, praktisch und elegant. Perfekt f\u00fcr Macarons, Bonbons oder Dragees.","breadcrumb":{"@id":"https:\/\/www.csj-emballages.com\/de\/produit\/pvc-button-etui-240-x-40-x-30-mm-pro-20-stueck\/#breadcrumb"},"inLanguage":"de","potentialAction":[{"@type":"ReadAction","target":["https:\/\/www.csj-emballages.com\/de\/produit\/pvc-button-etui-240-x-40-x-30-mm-pro-20-stueck\/"]}]},{"@type":"ImageObject","inLanguage":"de","@id":"https:\/\/www.csj-emballages.com\/de\/produit\/pvc-button-etui-240-x-40-x-30-mm-pro-20-stueck\/#primaryimage","url":"https:\/\/www.csj-emballages.com\/wp-content\/uploads\/2025\/09\/115448-1.webp","contentUrl":"https:\/\/www.csj-emballages.com\/wp-content\/uploads\/2025\/09\/115448-1.webp","width":800,"height":800,"caption":"\u00c9tui macarons"},{"@type":"BreadcrumbList","@id":"https:\/\/www.csj-emballages.com\/de\/produit\/pvc-button-etui-240-x-40-x-30-mm-pro-20-stueck\/#breadcrumb","itemListElement":[{"@type":"ListItem","position":1,"name":"Accueil","item":"https:\/\/www.csj-emballages.com\/de\/universum-lebensmittelverpackungen\/"},{"@type":"ListItem","position":2,"name":"Shop","item":"https:\/\/www.csj-emballages.com\/shop\/"},{"@type":"ListItem","position":3,"name":"Macarons PET-Etui 240 x 40 x 30 mm pro 10"}]},{"@type":"WebSite","@id":"https:\/\/www.csj-emballages.com\/de\/#website","url":"https:\/\/www.csj-emballages.com\/de\/","name":"CSJ Emballages","description":"","publisher":{"@id":"https:\/\/www.csj-emballages.com\/de\/#organization"},"potentialAction":[{"@type":"SearchAction","target":{"@type":"EntryPoint","urlTemplate":"https:\/\/www.csj-emballages.com\/de\/?s={search_term_string}"},"query-input":{"@type":"PropertyValueSpecification","valueRequired":true,"valueName":"search_term_string"}}],"inLanguage":"de"},{"@type":"Organization","@id":"https:\/\/www.csj-emballages.com\/de\/#Organization\/","name":"CSJ Emballages","url":"https:\/\/www.csj-emballages.com\/de\/","logo":{"@type":"ImageObject","inLanguage":"de","@id":"https:\/\/www.csj-emballages.com\/de\/#\/schema\/logo\/image\/","url":"https:\/\/www.csj-emballages.com\/wp-content\/uploads\/2023\/10\/logo_csj.webp","contentUrl":"https:\/\/www.csj-emballages.com\/wp-content\/uploads\/2023\/10\/logo_csj.webp","width":250,"height":95,"caption":"CSJ Emballages"},"image":{"@id":"https:\/\/www.csj-emballages.com\/de\/#\/schema\/logo\/image\/"},"sameAs":["https:\/\/www.facebook.com\/csjemballages"],"address":{"@type":"PostalAddress","streetAddress":"ZI La Lechere","addressLocality":"Patornay","postalCode":"39130","addressCountry":"FR"},"contactPoint":[{"@type":"ContactPoint","contactType":"Service client","telephone":"0384254272","email":"contact@csj-emballages.com"}]}]}},"df_price":5.48,"df_sale_price":"","df_regular_price":5.48,"df_image_link":"https:\/\/www.csj-emballages.com\/wp-content\/uploads\/2025\/09\/115448-1-300x300.webp","tiered_pricing_type":"fixed","tiered_pricing_fixed_rules":[],"tiered_pricing_percentage_rules":[],"tiered_pricing_minimum":1,"tiered_pricing_roles_data":[],"_links":{"self":[{"href":"https:\/\/www.csj-emballages.com\/de\/wp-json\/wp\/v2\/product\/246819","targetHints":{"allow":["GET"]}}],"collection":[{"href":"https:\/\/www.csj-emballages.com\/de\/wp-json\/wp\/v2\/product"}],"about":[{"href":"https:\/\/www.csj-emballages.com\/de\/wp-json\/wp\/v2\/types\/product"}],"wp:featuredmedia":[{"embeddable":true,"href":"https:\/\/www.csj-emballages.com\/de\/wp-json\/wp\/v2\/media\/250794"}],"wp:attachment":[{"href":"https:\/\/www.csj-emballages.com\/de\/wp-json\/wp\/v2\/media?parent=246819"}],"wp:term":[{"taxonomy":"product_brand","embeddable":true,"href":"https:\/\/www.csj-emballages.com\/de\/wp-json\/wp\/v2\/product_brand?post=246819"},{"taxonomy":"product_cat","embeddable":true,"href":"https:\/\/www.csj-emballages.com\/de\/wp-json\/wp\/v2\/product_cat?post=246819"},{"taxonomy":"product_tag","embeddable":true,"href":"https:\/\/www.csj-emballages.com\/de\/wp-json\/wp\/v2\/product_tag?post=246819"}],"curies":[{"name":"wp","href":"https:\/\/api.w.org\/{rel}","templated":true}]}}