{"id":246790,"date":"2025-09-17T14:18:45","date_gmt":"2025-09-17T12:18:45","guid":{"rendered":"https:\/\/www.csj-emballages.com\/produit\/schachtel-mit-suesswarenbeuteln-aus-kraftkarton-110-x-65-x-200-mm-pro-20-stueck\/"},"modified":"2026-04-03T02:11:46","modified_gmt":"2026-04-03T00:11:46","slug":"schachtel-mit-suesswarenbeuteln-aus-kraftkarton-110-x-65-x-200-mm-pro-20-stueck","status":"publish","type":"product","link":"https:\/\/www.csj-emballages.com\/de\/produit\/schachtel-mit-suesswarenbeuteln-aus-kraftkarton-110-x-65-x-200-mm-pro-20-stueck\/","title":{"rendered":"Schachtel mit S\u00fc\u00dfwarenbeuteln aus Kraftkarton 110 x 65 x 200 mm pro 10 St\u00fcck"},"content":{"rendered":"<h2 class=\"p1\">Schachtel mit S\u00fc\u00dfwarenbeuteln aus Karton<\/h2>\n<hr>\n<h3>Beschreibung unserer Schachtel S\u00fc\u00dfwarenbeutel Kraftkarton 110 x 65 x 200 mm pro 20 St\u00fcck<\/h3>\n<p><!--more--><\/p>\n<p data-start=\"160\" data-end=\"618\">Pr\u00e4sentieren Sie Ihre S\u00fc\u00dfigkeiten elegant dank unserer <strong data-start=\"211\" data-end=\"255\">S\u00fc\u00dfwaren-T\u00fctenbox aus Kraftkarton<\/strong>, ein Muss, um Ihre s\u00fc\u00dfen Kreationen zu veredeln! Gefertigt aus <strong data-start=\"327\" data-end=\"361\">stabilem und nat\u00fcrlichem Kraftkarton<\/strong>, ist diese <strong>Box<\/strong> ideal, um <strong data-start=\"391\" data-end=\"481\">Ihre T\u00fcten mit Bonbons, Pralinen, Keksen oder anderen S\u00fc\u00dfwarenprodukten aufzubewahren<\/strong>. Dank ihres <strong data-start=\"495\" data-end=\"523\">selbstmontierbaren Systems<\/strong> ist sie im Handumdrehen aufgebaut, ohne Klebstoff oder Klammern, f\u00fcr ein sauberes und professionelles Ergebnis.<\/p>\n<p data-start=\"620\" data-end=\"999\">Praktisch und \u00e4sthetisch bietet diese <strong data-start=\"650\" data-end=\"669\">Kartonbanderole<\/strong> hervorragenden Halt, w\u00e4hrend sie Ihre Produkte optimal zur Geltung bringt. Ihr <strong data-start=\"749\" data-end=\"768\">umweltfreundliches Design<\/strong> spiegelt perfekt die aktuellen Trends des <strong data-start=\"817\" data-end=\"838\">nachhaltigen Verpackungsdesigns<\/strong> wider: einfach, nat\u00fcrlich und umweltfreundlich. Ihr Kraftfarbton verleiht eine handwerkliche und warme Note, die Ihre Kunden auf den ersten Blick begeistern wird.<\/p>\n<p data-start=\"1001\" data-end=\"1351\">Mit ihren <strong data-start=\"1010\" data-end=\"1044\">Ma\u00dfen von 110 x 65 x 200 mm<\/strong> passt sie perfekt zu kleinen S\u00fc\u00dfwarent\u00fcten. Ob f\u00fcr ein Gesch\u00e4ft, einen Markt oder eine Veranstaltung, sie gew\u00e4hrleistet eine <strong data-start=\"1189\" data-end=\"1223\">ordentliche und stabile Pr\u00e4sentation<\/strong> Ihrer Leckereien. Zudem erleichtert ihr kompaktes Format den <strong data-start=\"1285\" data-end=\"1313\">Transport und die Lagerung<\/strong>, w\u00e4hrend es die Regalplatzierung optimiert.<\/p>\n<p data-start=\"1353\" data-end=\"1656\">Mit der Wahl dieses Modells verbinden Sie <strong data-start=\"1391\" data-end=\"1430\">\u00c4sthetik, Praktikabilit\u00e4t und Nachhaltigkeit<\/strong>. Eine Verpackung, die Ihre Produkte und Ihr Markenimage aufwertet und gleichzeitig den aktuellen \u00f6kologischen Anforderungen gerecht wird.<br data-start=\"1551\" data-end=\"1554\">Kurz gesagt, eine <strong data-start=\"1573\" data-end=\"1608\">einfache, effiziente und verantwortungsvolle<\/strong> L\u00f6sung f\u00fcr alle S\u00fc\u00dfwarenprofis!<\/p>\n<p data-start=\"1378\" data-end=\"1605\"><!--more--><\/p>\n<h4 data-start=\"1378\" data-end=\"1605\">Vorteile :<\/h4>\n<ul>\n<li><strong data-start=\"1697\" data-end=\"1717\">Selbstzusammenbauend<\/strong>: schnelle Montage ohne Werkzeug.<\/li>\n<li><strong data-start=\"1754\" data-end=\"1778\">Nat\u00fcrlicher Kraftkarton<\/strong>: umweltfreundliches und wertsch\u00e4tzendes Material.<\/li>\n<li><strong data-start=\"1820\" data-end=\"1840\">Perfekter Halt<\/strong> f\u00fcr Bonbon- und Kekst\u00fcten.<\/li>\n<li><strong data-start=\"1881\" data-end=\"1912\">Handgefertigtes, elegantes Aussehen<\/strong> f\u00fcr eine gepflegte Pr\u00e4sentation.<\/li>\n<li><strong data-start=\"1948\" data-end=\"1971\">Verkauft in 20 Einheiten<\/strong>, ideal f\u00fcr den professionellen Bedarf.<\/li>\n<\/ul>\n<p>&nbsp;<\/p>\n<p><!--more--><\/p>\n<h4>Weitere Informationen :<\/h4>\n<ul>\n<li><strong>Verpackung<\/strong>: Packung mit 20 St\u00fcck<\/li>\n<li><strong>Ma\u00dfe<\/strong>: 110 x 65 x 200 mm<\/li>\n<li><strong>Material<\/strong>: Karton<\/li>\n<li><strong>Farbe<\/strong>: Kraft<\/li>\n<\/ul>\n<p>&nbsp;<\/p>\n<p><!--more--><\/p>\n<p>Diese Kartonschachtel f\u00fcr S\u00fc\u00dfwarenbeutel ist in verschiedenen Gr\u00f6\u00dfen erh\u00e4ltlich : <span style=\"color: #d12727\"><a style=\"color: #d12727\" href=\"https:\/\/www.csj-emballages.com\/de\/produit\/schachtel-mit-suesswarenbeuteln-aus-kraftkarton-70-x-55-x-150-mm-pro-20-stueck\/\">70 x 55 x 150 mm<\/a><\/span> \/ <span style=\"color: #d12727\"><a style=\"color: #d12727\" href=\"https:\/\/www.csj-emballages.com\/de\/produit\/box-mit-suesswarenbeuteln-aus-kraftkarton-130-x-75-x-230-mm-pro-20-stueck\/\">130 x 75 x 230 mm<\/a><\/span><\/p>\n<p>&nbsp;<\/p>\n<p><!--more--><\/p>\n<p><a href=\"https:\/\/www.csj-emballages.com\/de\/categorie-produit\/lebensmittelverpackungen\/backerei-und-konditorei\/schachteln-und-etuis\/beutelschachteln-fur-suswaren\/\">Sehen Sie sich den Rest unseres Sortiments an Beutelschachteln f\u00fcr S\u00fc\u00dfwaren an<\/a><\/p>\n","protected":false},"excerpt":{"rendered":"<p>Schachtel mit S\u00fc\u00dfwarenbeuteln aus Karton Beschreibung unserer Schachtel S\u00fc\u00dfwarenbeutel Kraftkarton 110 x 65 x 200 mm pro 20 St\u00fcck<\/p>\n","protected":false},"featured_media":246782,"template":"","meta":{"_acf_changed":false},"product_brand":[],"product_cat":[1137,1171,3964,9828],"product_tag":[],"class_list":{"0":"post-246790","1":"product","2":"type-product","3":"status-publish","4":"has-post-thumbnail","6":"product_cat-lebensmittelverpackungen","7":"product_cat-backerei-und-konditorei","8":"product_cat-schachteln-und-etuis","9":"product_cat-beutelschachteln-fur-suswaren","11":"first","12":"instock","13":"taxable","14":"shipping-taxable","15":"purchasable","16":"product-type-simple"},"acf":[],"yoast_head":"<!-- This site is optimized with the Yoast SEO Premium plugin v26.6 (Yoast SEO v26.6) - https:\/\/yoast.com\/wordpress\/plugins\/seo\/ -->\n<title>S\u00fc\u00dfwarenbeutel aus Kraftkarton 110 x 65 x 200 mm pro 20 St\u00fcck<\/title>\n<meta name=\"description\" content=\"Selbstzusammensetzbare Beutelschachtel aus Kraftkarton f\u00fcr S\u00fc\u00dfwaren, ideal f\u00fcr Bonbons, Schokolade und Kekse. Nat\u00fcrlich, praktisch und umweltfreundlich.\" \/>\n<meta name=\"robots\" content=\"index, follow, max-snippet:-1, max-image-preview:large, max-video-preview:-1\" \/>\n<link rel=\"canonical\" href=\"https:\/\/www.csj-emballages.com\/de\/produit\/schachtel-mit-suesswarenbeuteln-aus-kraftkarton-110-x-65-x-200-mm-pro-20-stueck\/\" \/>\n<meta property=\"og:locale\" content=\"de_DE\" \/>\n<meta property=\"og:type\" content=\"article\" \/>\n<meta property=\"og:title\" content=\"Schachtel mit S\u00fc\u00dfwarenbeuteln aus Kraftkarton 110 x 65 x 200 mm pro 10 St\u00fcck\" \/>\n<meta property=\"og:description\" content=\"Selbstzusammensetzbare Beutelschachtel aus Kraftkarton f\u00fcr S\u00fc\u00dfwaren, ideal f\u00fcr Bonbons, Schokolade und Kekse. Nat\u00fcrlich, praktisch und umweltfreundlich.\" \/>\n<meta property=\"og:url\" content=\"https:\/\/www.csj-emballages.com\/de\/produit\/schachtel-mit-suesswarenbeuteln-aus-kraftkarton-110-x-65-x-200-mm-pro-20-stueck\/\" \/>\n<meta property=\"og:site_name\" content=\"CSJ Emballages\" \/>\n<meta property=\"article:publisher\" content=\"https:\/\/www.facebook.com\/csjemballages\" \/>\n<meta property=\"article:modified_time\" content=\"2026-04-03T00:11:46+00:00\" \/>\n<meta property=\"og:image\" content=\"https:\/\/www.csj-emballages.com\/wp-content\/uploads\/2025\/09\/137212.webp\" \/>\n\t<meta property=\"og:image:width\" content=\"800\" \/>\n\t<meta property=\"og:image:height\" content=\"800\" \/>\n\t<meta property=\"og:image:type\" content=\"image\/webp\" \/>\n<meta name=\"twitter:card\" content=\"summary_large_image\" \/>\n<meta name=\"twitter:label1\" content=\"Gesch\u00e4tzte Lesezeit\" \/>\n\t<meta name=\"twitter:data1\" content=\"2 Minuten\" \/>\n<script type=\"application\/ld+json\" class=\"yoast-schema-graph\">{\"@context\":\"https:\/\/schema.org\",\"@graph\":[{\"@type\":\"WebPage\",\"@id\":\"https:\/\/www.csj-emballages.com\/de\/produit\/schachtel-mit-suesswarenbeuteln-aus-kraftkarton-110-x-65-x-200-mm-pro-20-stueck\/\",\"url\":\"https:\/\/www.csj-emballages.com\/de\/produit\/schachtel-mit-suesswarenbeuteln-aus-kraftkarton-110-x-65-x-200-mm-pro-20-stueck\/\",\"name\":\"S\u00fc\u00dfwarenbeutel aus Kraftkarton 110 x 65 x 200 mm pro 20 St\u00fcck\",\"isPartOf\":{\"@id\":\"https:\/\/www.csj-emballages.com\/de\/#website\"},\"primaryImageOfPage\":{\"@id\":\"https:\/\/www.csj-emballages.com\/de\/produit\/schachtel-mit-suesswarenbeuteln-aus-kraftkarton-110-x-65-x-200-mm-pro-20-stueck\/#primaryimage\"},\"image\":{\"@id\":\"https:\/\/www.csj-emballages.com\/de\/produit\/schachtel-mit-suesswarenbeuteln-aus-kraftkarton-110-x-65-x-200-mm-pro-20-stueck\/#primaryimage\"},\"thumbnailUrl\":\"https:\/\/www.csj-emballages.com\/wp-content\/uploads\/2025\/09\/137212.webp\",\"datePublished\":\"2025-09-17T12:18:45+00:00\",\"dateModified\":\"2026-04-03T00:11:46+00:00\",\"description\":\"Selbstzusammensetzbare Beutelschachtel aus Kraftkarton f\u00fcr S\u00fc\u00dfwaren, ideal f\u00fcr Bonbons, Schokolade und Kekse. Nat\u00fcrlich, praktisch und umweltfreundlich.\",\"breadcrumb\":{\"@id\":\"https:\/\/www.csj-emballages.com\/de\/produit\/schachtel-mit-suesswarenbeuteln-aus-kraftkarton-110-x-65-x-200-mm-pro-20-stueck\/#breadcrumb\"},\"inLanguage\":\"de\",\"potentialAction\":[{\"@type\":\"ReadAction\",\"target\":[\"https:\/\/www.csj-emballages.com\/de\/produit\/schachtel-mit-suesswarenbeuteln-aus-kraftkarton-110-x-65-x-200-mm-pro-20-stueck\/\"]}]},{\"@type\":\"ImageObject\",\"inLanguage\":\"de\",\"@id\":\"https:\/\/www.csj-emballages.com\/de\/produit\/schachtel-mit-suesswarenbeuteln-aus-kraftkarton-110-x-65-x-200-mm-pro-20-stueck\/#primaryimage\",\"url\":\"https:\/\/www.csj-emballages.com\/wp-content\/uploads\/2025\/09\/137212.webp\",\"contentUrl\":\"https:\/\/www.csj-emballages.com\/wp-content\/uploads\/2025\/09\/137212.webp\",\"width\":800,\"height\":800,\"caption\":\"boite sachet confiseries\"},{\"@type\":\"BreadcrumbList\",\"@id\":\"https:\/\/www.csj-emballages.com\/de\/produit\/schachtel-mit-suesswarenbeuteln-aus-kraftkarton-110-x-65-x-200-mm-pro-20-stueck\/#breadcrumb\",\"itemListElement\":[{\"@type\":\"ListItem\",\"position\":1,\"name\":\"Accueil\",\"item\":\"https:\/\/www.csj-emballages.com\/de\/universum-lebensmittelverpackungen\/\"},{\"@type\":\"ListItem\",\"position\":2,\"name\":\"Shop\",\"item\":\"https:\/\/www.csj-emballages.com\/shop\/\"},{\"@type\":\"ListItem\",\"position\":3,\"name\":\"Schachtel mit S\u00fc\u00dfwarenbeuteln aus Kraftkarton 110 x 65 x 200 mm pro 10 St\u00fcck\"}]},{\"@type\":\"WebSite\",\"@id\":\"https:\/\/www.csj-emballages.com\/de\/#website\",\"url\":\"https:\/\/www.csj-emballages.com\/de\/\",\"name\":\"CSJ Emballages\",\"description\":\"\",\"publisher\":{\"@id\":\"https:\/\/www.csj-emballages.com\/de\/#organization\"},\"potentialAction\":[{\"@type\":\"SearchAction\",\"target\":{\"@type\":\"EntryPoint\",\"urlTemplate\":\"https:\/\/www.csj-emballages.com\/de\/?s={search_term_string}\"},\"query-input\":{\"@type\":\"PropertyValueSpecification\",\"valueRequired\":true,\"valueName\":\"search_term_string\"}}],\"inLanguage\":\"de\"},{\"@type\":\"Organization\",\"@id\":\"https:\/\/www.csj-emballages.com\/de\/#Organization\/\",\"name\":\"CSJ Emballages\",\"url\":\"https:\/\/www.csj-emballages.com\/de\/\",\"logo\":{\"@type\":\"ImageObject\",\"inLanguage\":\"de\",\"@id\":\"https:\/\/www.csj-emballages.com\/de\/#\/schema\/logo\/image\/\",\"url\":\"https:\/\/www.csj-emballages.com\/wp-content\/uploads\/2023\/10\/logo_csj.webp\",\"contentUrl\":\"https:\/\/www.csj-emballages.com\/wp-content\/uploads\/2023\/10\/logo_csj.webp\",\"width\":250,\"height\":95,\"caption\":\"CSJ Emballages\"},\"image\":{\"@id\":\"https:\/\/www.csj-emballages.com\/de\/#\/schema\/logo\/image\/\"},\"sameAs\":[\"https:\/\/www.facebook.com\/csjemballages\"],\"address\":{\"@type\":\"PostalAddress\",\"streetAddress\":\"ZI La Lechere\",\"addressLocality\":\"Patornay\",\"postalCode\":\"39130\",\"addressCountry\":\"FR\"},\"contactPoint\":[{\"@type\":\"ContactPoint\",\"contactType\":\"Service client\",\"telephone\":\"0384254272\",\"email\":\"contact@csj-emballages.com\"}]}]}<\/script>\n<!-- \/ Yoast SEO Premium plugin. -->","yoast_head_json":{"title":"S\u00fc\u00dfwarenbeutel aus Kraftkarton 110 x 65 x 200 mm pro 20 St\u00fcck","description":"Selbstzusammensetzbare Beutelschachtel aus Kraftkarton f\u00fcr S\u00fc\u00dfwaren, ideal f\u00fcr Bonbons, Schokolade und Kekse. Nat\u00fcrlich, praktisch und umweltfreundlich.","robots":{"index":"index","follow":"follow","max-snippet":"max-snippet:-1","max-image-preview":"max-image-preview:large","max-video-preview":"max-video-preview:-1"},"canonical":"https:\/\/www.csj-emballages.com\/de\/produit\/schachtel-mit-suesswarenbeuteln-aus-kraftkarton-110-x-65-x-200-mm-pro-20-stueck\/","og_locale":"de_DE","og_type":"article","og_title":"Schachtel mit S\u00fc\u00dfwarenbeuteln aus Kraftkarton 110 x 65 x 200 mm pro 10 St\u00fcck","og_description":"Selbstzusammensetzbare Beutelschachtel aus Kraftkarton f\u00fcr S\u00fc\u00dfwaren, ideal f\u00fcr Bonbons, Schokolade und Kekse. Nat\u00fcrlich, praktisch und umweltfreundlich.","og_url":"https:\/\/www.csj-emballages.com\/de\/produit\/schachtel-mit-suesswarenbeuteln-aus-kraftkarton-110-x-65-x-200-mm-pro-20-stueck\/","og_site_name":"CSJ Emballages","article_publisher":"https:\/\/www.facebook.com\/csjemballages","article_modified_time":"2026-04-03T00:11:46+00:00","og_image":[{"width":800,"height":800,"url":"https:\/\/www.csj-emballages.com\/wp-content\/uploads\/2025\/09\/137212.webp","type":"image\/webp"}],"twitter_card":"summary_large_image","twitter_misc":{"Gesch\u00e4tzte Lesezeit":"2 Minuten"},"schema":{"@context":"https:\/\/schema.org","@graph":[{"@type":"WebPage","@id":"https:\/\/www.csj-emballages.com\/de\/produit\/schachtel-mit-suesswarenbeuteln-aus-kraftkarton-110-x-65-x-200-mm-pro-20-stueck\/","url":"https:\/\/www.csj-emballages.com\/de\/produit\/schachtel-mit-suesswarenbeuteln-aus-kraftkarton-110-x-65-x-200-mm-pro-20-stueck\/","name":"S\u00fc\u00dfwarenbeutel aus Kraftkarton 110 x 65 x 200 mm pro 20 St\u00fcck","isPartOf":{"@id":"https:\/\/www.csj-emballages.com\/de\/#website"},"primaryImageOfPage":{"@id":"https:\/\/www.csj-emballages.com\/de\/produit\/schachtel-mit-suesswarenbeuteln-aus-kraftkarton-110-x-65-x-200-mm-pro-20-stueck\/#primaryimage"},"image":{"@id":"https:\/\/www.csj-emballages.com\/de\/produit\/schachtel-mit-suesswarenbeuteln-aus-kraftkarton-110-x-65-x-200-mm-pro-20-stueck\/#primaryimage"},"thumbnailUrl":"https:\/\/www.csj-emballages.com\/wp-content\/uploads\/2025\/09\/137212.webp","datePublished":"2025-09-17T12:18:45+00:00","dateModified":"2026-04-03T00:11:46+00:00","description":"Selbstzusammensetzbare Beutelschachtel aus Kraftkarton f\u00fcr S\u00fc\u00dfwaren, ideal f\u00fcr Bonbons, Schokolade und Kekse. Nat\u00fcrlich, praktisch und umweltfreundlich.","breadcrumb":{"@id":"https:\/\/www.csj-emballages.com\/de\/produit\/schachtel-mit-suesswarenbeuteln-aus-kraftkarton-110-x-65-x-200-mm-pro-20-stueck\/#breadcrumb"},"inLanguage":"de","potentialAction":[{"@type":"ReadAction","target":["https:\/\/www.csj-emballages.com\/de\/produit\/schachtel-mit-suesswarenbeuteln-aus-kraftkarton-110-x-65-x-200-mm-pro-20-stueck\/"]}]},{"@type":"ImageObject","inLanguage":"de","@id":"https:\/\/www.csj-emballages.com\/de\/produit\/schachtel-mit-suesswarenbeuteln-aus-kraftkarton-110-x-65-x-200-mm-pro-20-stueck\/#primaryimage","url":"https:\/\/www.csj-emballages.com\/wp-content\/uploads\/2025\/09\/137212.webp","contentUrl":"https:\/\/www.csj-emballages.com\/wp-content\/uploads\/2025\/09\/137212.webp","width":800,"height":800,"caption":"boite sachet confiseries"},{"@type":"BreadcrumbList","@id":"https:\/\/www.csj-emballages.com\/de\/produit\/schachtel-mit-suesswarenbeuteln-aus-kraftkarton-110-x-65-x-200-mm-pro-20-stueck\/#breadcrumb","itemListElement":[{"@type":"ListItem","position":1,"name":"Accueil","item":"https:\/\/www.csj-emballages.com\/de\/universum-lebensmittelverpackungen\/"},{"@type":"ListItem","position":2,"name":"Shop","item":"https:\/\/www.csj-emballages.com\/shop\/"},{"@type":"ListItem","position":3,"name":"Schachtel mit S\u00fc\u00dfwarenbeuteln aus Kraftkarton 110 x 65 x 200 mm pro 10 St\u00fcck"}]},{"@type":"WebSite","@id":"https:\/\/www.csj-emballages.com\/de\/#website","url":"https:\/\/www.csj-emballages.com\/de\/","name":"CSJ Emballages","description":"","publisher":{"@id":"https:\/\/www.csj-emballages.com\/de\/#organization"},"potentialAction":[{"@type":"SearchAction","target":{"@type":"EntryPoint","urlTemplate":"https:\/\/www.csj-emballages.com\/de\/?s={search_term_string}"},"query-input":{"@type":"PropertyValueSpecification","valueRequired":true,"valueName":"search_term_string"}}],"inLanguage":"de"},{"@type":"Organization","@id":"https:\/\/www.csj-emballages.com\/de\/#Organization\/","name":"CSJ Emballages","url":"https:\/\/www.csj-emballages.com\/de\/","logo":{"@type":"ImageObject","inLanguage":"de","@id":"https:\/\/www.csj-emballages.com\/de\/#\/schema\/logo\/image\/","url":"https:\/\/www.csj-emballages.com\/wp-content\/uploads\/2023\/10\/logo_csj.webp","contentUrl":"https:\/\/www.csj-emballages.com\/wp-content\/uploads\/2023\/10\/logo_csj.webp","width":250,"height":95,"caption":"CSJ Emballages"},"image":{"@id":"https:\/\/www.csj-emballages.com\/de\/#\/schema\/logo\/image\/"},"sameAs":["https:\/\/www.facebook.com\/csjemballages"],"address":{"@type":"PostalAddress","streetAddress":"ZI La Lechere","addressLocality":"Patornay","postalCode":"39130","addressCountry":"FR"},"contactPoint":[{"@type":"ContactPoint","contactType":"Service client","telephone":"0384254272","email":"contact@csj-emballages.com"}]}]}},"df_price":4.01,"df_sale_price":"","df_regular_price":4.01,"df_image_link":"https:\/\/www.csj-emballages.com\/wp-content\/uploads\/2025\/09\/137212-300x300.webp","tiered_pricing_type":"fixed","tiered_pricing_fixed_rules":[],"tiered_pricing_percentage_rules":[],"tiered_pricing_minimum":1,"tiered_pricing_roles_data":[],"_links":{"self":[{"href":"https:\/\/www.csj-emballages.com\/de\/wp-json\/wp\/v2\/product\/246790","targetHints":{"allow":["GET"]}}],"collection":[{"href":"https:\/\/www.csj-emballages.com\/de\/wp-json\/wp\/v2\/product"}],"about":[{"href":"https:\/\/www.csj-emballages.com\/de\/wp-json\/wp\/v2\/types\/product"}],"wp:featuredmedia":[{"embeddable":true,"href":"https:\/\/www.csj-emballages.com\/de\/wp-json\/wp\/v2\/media\/246782"}],"wp:attachment":[{"href":"https:\/\/www.csj-emballages.com\/de\/wp-json\/wp\/v2\/media?parent=246790"}],"wp:term":[{"taxonomy":"product_brand","embeddable":true,"href":"https:\/\/www.csj-emballages.com\/de\/wp-json\/wp\/v2\/product_brand?post=246790"},{"taxonomy":"product_cat","embeddable":true,"href":"https:\/\/www.csj-emballages.com\/de\/wp-json\/wp\/v2\/product_cat?post=246790"},{"taxonomy":"product_tag","embeddable":true,"href":"https:\/\/www.csj-emballages.com\/de\/wp-json\/wp\/v2\/product_tag?post=246790"}],"curies":[{"name":"wp","href":"https:\/\/api.w.org\/{rel}","templated":true}]}}