{"id":246734,"date":"2025-09-17T14:18:22","date_gmt":"2025-09-17T12:18:22","guid":{"rendered":"https:\/\/www.csj-emballages.com\/produit\/fensterbox-aus-elfenbeinkarton-115-x-55-x-180-mm-pro-20\/"},"modified":"2026-04-18T02:10:36","modified_gmt":"2026-04-18T00:10:36","slug":"fensterbox-aus-elfenbeinkarton-115-x-55-x-180-mm-pro-20","status":"publish","type":"product","link":"https:\/\/www.csj-emballages.com\/de\/produit\/fensterbox-aus-elfenbeinkarton-115-x-55-x-180-mm-pro-20\/","title":{"rendered":"Fensterbox aus Elfenbeinkarton 115 x 55 x 180 mm pro 10"},"content":{"rendered":"<h2>Fensterbox Karton<\/h2>\n<hr>\n<h3>Beschreibung unserer Fensterschachtel aus elfenbeinfarbenem Karton 115 x 55 x 180 mm pro 10 St\u00fcck<\/h3>\n<p><!--more--><\/p>\n<p data-start=\"95\" data-end=\"440\">Entdecken Sie unsere <strong data-start=\"111\" data-end=\"163\">Fensterschachtel aus elfenbeinfarbenem Karton 115 x 55 x 180 mm<\/strong>, eine <strong data-start=\"188\" data-end=\"220\">elegante, praktische und dauerhafte<\/strong> Verpackung, die speziell daf\u00fcr entwickelt wurde, <strong data-start=\"247\" data-end=\"310\">Ihre Pralinen, Schokolade und handgefertigten S\u00fc\u00dfwaren zu veredeln<\/strong>. Dank des <strong data-start=\"323\" data-end=\"354\">transparenten Fensters aus PVC<\/strong> k\u00f6nnen Sie Ihre s\u00fc\u00dfen K\u00f6stlichkeiten raffiniert pr\u00e4sentieren und bleiben dabei perfekt gesch\u00fctzt. <\/p>\n<p data-start=\"442\" data-end=\"763\">Diese Schachtel ist aus hochwertigem <strong data-start=\"466\" data-end=\"508\">, festem Karton<\/strong> gefertigt und vereint <strong data-start=\"528\" data-end=\"554\">Stabilit\u00e4t und \u00c4sthetik<\/strong>. Ihre <strong data-start=\"559\" data-end=\"577\">Elfenbeinfarbe<\/strong> verleiht ihr einen Hauch von <strong data-start=\"600\" data-end=\"630\">Schlichtheit und Raffinesse<\/strong> und ist ideal f\u00fcr Chocolatiers, Patissiers oder Gourmet-Geschenkboutiquen, die ihre Kreationen aufwerten m\u00f6chten. <\/p>\n<p data-start=\"765\" data-end=\"1073\">Auch die <strong data-start=\"777\" data-end=\"843\">kompakte Form und die Abmessungen von 115 x 55 x 180 mm<\/strong> erm\u00f6glichen eine <strong data-start=\"859\" data-end=\"908\">gepflegte Pr\u00e4sentation und eine einfache Aufbewahrung<\/strong>, sei es in einer Vitrine oder in einem Pr\u00e4sentkorb. Sie l\u00e4sst sich schnell und einfach \u00f6ffnen, was <strong data-start=\"1008\" data-end=\"1054\">beim Verpacken<\/strong> Ihrer Produkte <strong data-start=\"1008\" data-end=\"1054\">wertvolle Zeit spart<\/strong>. <\/p>\n<p data-start=\"1075\" data-end=\"1317\">Denn mit der Wahl dieser Schachtel entscheiden Sie sich f\u00fcr eine <strong data-start=\"1122\" data-end=\"1163\">professionelle und \u00e4sthetische Verpackung<\/strong>, die das <strong data-start=\"1180\" data-end=\"1210\">Know-how und die Qualit\u00e4t<\/strong> Ihrer Leistungen widerspiegelt. Sie hebt Ihre Produkte hervor und respektiert gleichzeitig deren Frische und Unversehrtheit. <\/p>\n<p data-start=\"1319\" data-end=\"1516\">Und schlie\u00dflich, weil jedes Detail z\u00e4hlt, sorgt das durchsichtige <strong data-start=\"1361\" data-end=\"1389\">PVC-Fenster<\/strong> f\u00fcr einen <strong data-start=\"1402\" data-end=\"1429\">visuellen Mehrwert<\/strong>, sodass Ihre Kunden sofort von Ihren Gourmet-Kreationen begeistert sein werden.<\/p>\n<p data-start=\"1518\" data-end=\"1662\">Alles in allem ist diese <strong data-start=\"1534\" data-end=\"1569\">Fensterschachtel aus elfenbeinfarbenem Karton<\/strong> die perfekte L\u00f6sung <strong data-start=\"1600\" data-end=\"1635\">,<\/strong> um Ihre s\u00fc\u00dfen Leckereien stilvoll zu <strong data-start=\"1600\" data-end=\"1635\">verpacken, zu sch\u00fctzen und aufzuwerten<\/strong>.<\/p>\n<p data-start=\"1378\" data-end=\"1605\"><!--more--><\/p>\n<h4 data-start=\"1378\" data-end=\"1605\">Vorteile :<\/h4>\n<ul>\n<li><strong data-start=\"1896\" data-end=\"1927\">Transparente PVC-Fenster<\/strong>: Heben Ihre Kreationen hervor.<\/li>\n<li><strong data-start=\"1965\" data-end=\"1995\">Starker, fester Karton<\/strong>: Sch\u00fctzt Ihre Produkte wirksam.<\/li>\n<li><strong data-start=\"2039\" data-end=\"2066\">Elegantes, schlichtes Design<\/strong>: ideal f\u00fcr Chocolatiers und Handwerker.<\/li>\n<li><strong data-start=\"2116\" data-end=\"2135\">Praktisches Format<\/strong>: 115 x 55 x 180 mm, perfekt f\u00fcr S\u00fc\u00dfigkeiten.<\/li>\n<li><strong data-start=\"2192\" data-end=\"2212\">Leicht zu \u00f6ffnen<\/strong>: eine funktionale und professionelle Verpackung.<\/li>\n<\/ul>\n<p>&nbsp;<\/p>\n<p><!--more--><\/p>\n<h4>Weitere Informationen :<\/h4>\n<ul>\n<li><strong>Verpackung<\/strong>: Packung mit 10 St\u00fcck<\/li>\n<li><strong>Ma\u00dfe<\/strong>: 115 x 55 x 180 mm<\/li>\n<li><strong>Material<\/strong>: Pappe \/ PVC<\/li>\n<li><strong>Farbe<\/strong>: Elfenbein<\/li>\n<\/ul>\n<p>&nbsp;<\/p>\n<p><!--more--><\/p>\n<p>Diese Fensterbox aus Karton ist in verschiedenen Gr\u00f6\u00dfen erh\u00e4ltlich: <span style=\"color: #d12727;\"><br \/>\n  <a style=\"color: #d12727;\" href=\"https:\/\/www.csj-emballages.com\/produit\/boite-fenetre-carton-ivoire-90-x-45-x-130-mm-par-20\/\">90 x 45 x 130 mm<\/a><br \/>\n<\/span> \/ <span style=\"color: #d12727;\"><br \/>\n  <a style=\"color: #d12727;\" href=\"https:\/\/www.csj-emballages.com\/produit\/boite-fenetree-carton-ivoire-170-x-70-x-235-mm-par-20\/\">170 x 70 x 235 mm<\/a><br \/>\n<\/span><\/p>\n<p>&nbsp;<\/p>\n<p><!--more--><\/p>\n<p><a href=\"https:\/\/www.csj-emballages.com\/de\/categorie-produit\/lebensmittelverpackungen\/backerei-und-konditorei\/schachteln-und-etuis\/fensterkasten\/\">Sehen Sie sich den Rest unseres Sortiments an Fensterk\u00e4sten an<\/a><\/p>\n","protected":false},"excerpt":{"rendered":"<p>Fensterbox Karton Beschreibung unserer Fensterschachtel aus elfenbeinfarbenem Karton 115 x 55 x 180 mm pro 10 St\u00fcck<\/p>\n","protected":false},"featured_media":246726,"template":"","meta":{"_acf_changed":false},"product_brand":[],"product_cat":[1137,1171,3964,1172],"product_tag":[],"class_list":{"0":"post-246734","1":"product","2":"type-product","3":"status-publish","4":"has-post-thumbnail","6":"product_cat-lebensmittelverpackungen","7":"product_cat-backerei-und-konditorei","8":"product_cat-schachteln-und-etuis","9":"product_cat-fensterkasten","11":"first","12":"instock","13":"taxable","14":"shipping-taxable","15":"purchasable","16":"product-type-simple"},"acf":[],"yoast_head":"<!-- This site is optimized with the Yoast SEO Premium plugin v26.6 (Yoast SEO v26.6) - https:\/\/yoast.com\/wordpress\/plugins\/seo\/ -->\n<title>Fensterkarton Elfenbein 115 x 55 x 180 mm pro 10<\/title>\n<meta name=\"description\" content=\"Fensterschachtel aus elfenbeinfarbenem Karton mit PVC-Fenster, perfekt um Ihre Pralinen, Schokolade und S\u00fc\u00dfwaren elegant zu pr\u00e4sentieren und zu sch\u00fctzen.\" \/>\n<meta name=\"robots\" content=\"index, follow, max-snippet:-1, max-image-preview:large, max-video-preview:-1\" \/>\n<link rel=\"canonical\" href=\"https:\/\/www.csj-emballages.com\/de\/produit\/fensterbox-aus-elfenbeinkarton-115-x-55-x-180-mm-pro-20\/\" \/>\n<meta property=\"og:locale\" content=\"de_DE\" \/>\n<meta property=\"og:type\" content=\"article\" \/>\n<meta property=\"og:title\" content=\"Fensterbox aus Elfenbeinkarton 115 x 55 x 180 mm pro 10\" \/>\n<meta property=\"og:description\" content=\"Fensterschachtel aus elfenbeinfarbenem Karton mit PVC-Fenster, perfekt um Ihre Pralinen, Schokolade und S\u00fc\u00dfwaren elegant zu pr\u00e4sentieren und zu sch\u00fctzen.\" \/>\n<meta property=\"og:url\" content=\"https:\/\/www.csj-emballages.com\/de\/produit\/fensterbox-aus-elfenbeinkarton-115-x-55-x-180-mm-pro-20\/\" \/>\n<meta property=\"og:site_name\" content=\"CSJ Emballages\" \/>\n<meta property=\"article:publisher\" content=\"https:\/\/www.facebook.com\/csjemballages\" \/>\n<meta property=\"article:modified_time\" content=\"2026-04-18T00:10:36+00:00\" \/>\n<meta property=\"og:image\" content=\"https:\/\/www.csj-emballages.com\/wp-content\/uploads\/2025\/09\/114745.webp\" \/>\n\t<meta property=\"og:image:width\" content=\"800\" \/>\n\t<meta property=\"og:image:height\" content=\"800\" \/>\n\t<meta property=\"og:image:type\" content=\"image\/webp\" \/>\n<meta name=\"twitter:card\" content=\"summary_large_image\" \/>\n<meta name=\"twitter:label1\" content=\"Gesch\u00e4tzte Lesezeit\" \/>\n\t<meta name=\"twitter:data1\" content=\"2 Minuten\" \/>\n<script type=\"application\/ld+json\" class=\"yoast-schema-graph\">{\"@context\":\"https:\/\/schema.org\",\"@graph\":[{\"@type\":\"WebPage\",\"@id\":\"https:\/\/www.csj-emballages.com\/de\/produit\/fensterbox-aus-elfenbeinkarton-115-x-55-x-180-mm-pro-20\/\",\"url\":\"https:\/\/www.csj-emballages.com\/de\/produit\/fensterbox-aus-elfenbeinkarton-115-x-55-x-180-mm-pro-20\/\",\"name\":\"Fensterkarton Elfenbein 115 x 55 x 180 mm pro 10\",\"isPartOf\":{\"@id\":\"https:\/\/www.csj-emballages.com\/de\/#website\"},\"primaryImageOfPage\":{\"@id\":\"https:\/\/www.csj-emballages.com\/de\/produit\/fensterbox-aus-elfenbeinkarton-115-x-55-x-180-mm-pro-20\/#primaryimage\"},\"image\":{\"@id\":\"https:\/\/www.csj-emballages.com\/de\/produit\/fensterbox-aus-elfenbeinkarton-115-x-55-x-180-mm-pro-20\/#primaryimage\"},\"thumbnailUrl\":\"https:\/\/www.csj-emballages.com\/wp-content\/uploads\/2025\/09\/114745.webp\",\"datePublished\":\"2025-09-17T12:18:22+00:00\",\"dateModified\":\"2026-04-18T00:10:36+00:00\",\"description\":\"Fensterschachtel aus elfenbeinfarbenem Karton mit PVC-Fenster, perfekt um Ihre Pralinen, Schokolade und S\u00fc\u00dfwaren elegant zu pr\u00e4sentieren und zu sch\u00fctzen.\",\"breadcrumb\":{\"@id\":\"https:\/\/www.csj-emballages.com\/de\/produit\/fensterbox-aus-elfenbeinkarton-115-x-55-x-180-mm-pro-20\/#breadcrumb\"},\"inLanguage\":\"de\",\"potentialAction\":[{\"@type\":\"ReadAction\",\"target\":[\"https:\/\/www.csj-emballages.com\/de\/produit\/fensterbox-aus-elfenbeinkarton-115-x-55-x-180-mm-pro-20\/\"]}]},{\"@type\":\"ImageObject\",\"inLanguage\":\"de\",\"@id\":\"https:\/\/www.csj-emballages.com\/de\/produit\/fensterbox-aus-elfenbeinkarton-115-x-55-x-180-mm-pro-20\/#primaryimage\",\"url\":\"https:\/\/www.csj-emballages.com\/wp-content\/uploads\/2025\/09\/114745.webp\",\"contentUrl\":\"https:\/\/www.csj-emballages.com\/wp-content\/uploads\/2025\/09\/114745.webp\",\"width\":800,\"height\":800,\"caption\":\"Boite fen\u00eatr\u00e9e carton\"},{\"@type\":\"BreadcrumbList\",\"@id\":\"https:\/\/www.csj-emballages.com\/de\/produit\/fensterbox-aus-elfenbeinkarton-115-x-55-x-180-mm-pro-20\/#breadcrumb\",\"itemListElement\":[{\"@type\":\"ListItem\",\"position\":1,\"name\":\"Accueil\",\"item\":\"https:\/\/www.csj-emballages.com\/de\/universum-lebensmittelverpackungen\/\"},{\"@type\":\"ListItem\",\"position\":2,\"name\":\"Shop\",\"item\":\"https:\/\/www.csj-emballages.com\/shop\/\"},{\"@type\":\"ListItem\",\"position\":3,\"name\":\"Fensterbox aus Elfenbeinkarton 115 x 55 x 180 mm pro 10\"}]},{\"@type\":\"WebSite\",\"@id\":\"https:\/\/www.csj-emballages.com\/de\/#website\",\"url\":\"https:\/\/www.csj-emballages.com\/de\/\",\"name\":\"CSJ Emballages\",\"description\":\"\",\"publisher\":{\"@id\":\"https:\/\/www.csj-emballages.com\/de\/#organization\"},\"potentialAction\":[{\"@type\":\"SearchAction\",\"target\":{\"@type\":\"EntryPoint\",\"urlTemplate\":\"https:\/\/www.csj-emballages.com\/de\/?s={search_term_string}\"},\"query-input\":{\"@type\":\"PropertyValueSpecification\",\"valueRequired\":true,\"valueName\":\"search_term_string\"}}],\"inLanguage\":\"de\"},{\"@type\":\"Organization\",\"@id\":\"https:\/\/www.csj-emballages.com\/de\/#Organization\/\",\"name\":\"CSJ Emballages\",\"url\":\"https:\/\/www.csj-emballages.com\/de\/\",\"logo\":{\"@type\":\"ImageObject\",\"inLanguage\":\"de\",\"@id\":\"https:\/\/www.csj-emballages.com\/de\/#\/schema\/logo\/image\/\",\"url\":\"https:\/\/www.csj-emballages.com\/wp-content\/uploads\/2023\/10\/logo_csj.webp\",\"contentUrl\":\"https:\/\/www.csj-emballages.com\/wp-content\/uploads\/2023\/10\/logo_csj.webp\",\"width\":250,\"height\":95,\"caption\":\"CSJ Emballages\"},\"image\":{\"@id\":\"https:\/\/www.csj-emballages.com\/de\/#\/schema\/logo\/image\/\"},\"sameAs\":[\"https:\/\/www.facebook.com\/csjemballages\"],\"address\":{\"@type\":\"PostalAddress\",\"streetAddress\":\"ZI La Lechere\",\"addressLocality\":\"Patornay\",\"postalCode\":\"39130\",\"addressCountry\":\"FR\"},\"contactPoint\":[{\"@type\":\"ContactPoint\",\"contactType\":\"Service client\",\"telephone\":\"0384254272\",\"email\":\"contact@csj-emballages.com\"}]}]}<\/script>\n<!-- \/ Yoast SEO Premium plugin. -->","yoast_head_json":{"title":"Fensterkarton Elfenbein 115 x 55 x 180 mm pro 10","description":"Fensterschachtel aus elfenbeinfarbenem Karton mit PVC-Fenster, perfekt um Ihre Pralinen, Schokolade und S\u00fc\u00dfwaren elegant zu pr\u00e4sentieren und zu sch\u00fctzen.","robots":{"index":"index","follow":"follow","max-snippet":"max-snippet:-1","max-image-preview":"max-image-preview:large","max-video-preview":"max-video-preview:-1"},"canonical":"https:\/\/www.csj-emballages.com\/de\/produit\/fensterbox-aus-elfenbeinkarton-115-x-55-x-180-mm-pro-20\/","og_locale":"de_DE","og_type":"article","og_title":"Fensterbox aus Elfenbeinkarton 115 x 55 x 180 mm pro 10","og_description":"Fensterschachtel aus elfenbeinfarbenem Karton mit PVC-Fenster, perfekt um Ihre Pralinen, Schokolade und S\u00fc\u00dfwaren elegant zu pr\u00e4sentieren und zu sch\u00fctzen.","og_url":"https:\/\/www.csj-emballages.com\/de\/produit\/fensterbox-aus-elfenbeinkarton-115-x-55-x-180-mm-pro-20\/","og_site_name":"CSJ Emballages","article_publisher":"https:\/\/www.facebook.com\/csjemballages","article_modified_time":"2026-04-18T00:10:36+00:00","og_image":[{"width":800,"height":800,"url":"https:\/\/www.csj-emballages.com\/wp-content\/uploads\/2025\/09\/114745.webp","type":"image\/webp"}],"twitter_card":"summary_large_image","twitter_misc":{"Gesch\u00e4tzte Lesezeit":"2 Minuten"},"schema":{"@context":"https:\/\/schema.org","@graph":[{"@type":"WebPage","@id":"https:\/\/www.csj-emballages.com\/de\/produit\/fensterbox-aus-elfenbeinkarton-115-x-55-x-180-mm-pro-20\/","url":"https:\/\/www.csj-emballages.com\/de\/produit\/fensterbox-aus-elfenbeinkarton-115-x-55-x-180-mm-pro-20\/","name":"Fensterkarton Elfenbein 115 x 55 x 180 mm pro 10","isPartOf":{"@id":"https:\/\/www.csj-emballages.com\/de\/#website"},"primaryImageOfPage":{"@id":"https:\/\/www.csj-emballages.com\/de\/produit\/fensterbox-aus-elfenbeinkarton-115-x-55-x-180-mm-pro-20\/#primaryimage"},"image":{"@id":"https:\/\/www.csj-emballages.com\/de\/produit\/fensterbox-aus-elfenbeinkarton-115-x-55-x-180-mm-pro-20\/#primaryimage"},"thumbnailUrl":"https:\/\/www.csj-emballages.com\/wp-content\/uploads\/2025\/09\/114745.webp","datePublished":"2025-09-17T12:18:22+00:00","dateModified":"2026-04-18T00:10:36+00:00","description":"Fensterschachtel aus elfenbeinfarbenem Karton mit PVC-Fenster, perfekt um Ihre Pralinen, Schokolade und S\u00fc\u00dfwaren elegant zu pr\u00e4sentieren und zu sch\u00fctzen.","breadcrumb":{"@id":"https:\/\/www.csj-emballages.com\/de\/produit\/fensterbox-aus-elfenbeinkarton-115-x-55-x-180-mm-pro-20\/#breadcrumb"},"inLanguage":"de","potentialAction":[{"@type":"ReadAction","target":["https:\/\/www.csj-emballages.com\/de\/produit\/fensterbox-aus-elfenbeinkarton-115-x-55-x-180-mm-pro-20\/"]}]},{"@type":"ImageObject","inLanguage":"de","@id":"https:\/\/www.csj-emballages.com\/de\/produit\/fensterbox-aus-elfenbeinkarton-115-x-55-x-180-mm-pro-20\/#primaryimage","url":"https:\/\/www.csj-emballages.com\/wp-content\/uploads\/2025\/09\/114745.webp","contentUrl":"https:\/\/www.csj-emballages.com\/wp-content\/uploads\/2025\/09\/114745.webp","width":800,"height":800,"caption":"Boite fen\u00eatr\u00e9e carton"},{"@type":"BreadcrumbList","@id":"https:\/\/www.csj-emballages.com\/de\/produit\/fensterbox-aus-elfenbeinkarton-115-x-55-x-180-mm-pro-20\/#breadcrumb","itemListElement":[{"@type":"ListItem","position":1,"name":"Accueil","item":"https:\/\/www.csj-emballages.com\/de\/universum-lebensmittelverpackungen\/"},{"@type":"ListItem","position":2,"name":"Shop","item":"https:\/\/www.csj-emballages.com\/shop\/"},{"@type":"ListItem","position":3,"name":"Fensterbox aus Elfenbeinkarton 115 x 55 x 180 mm pro 10"}]},{"@type":"WebSite","@id":"https:\/\/www.csj-emballages.com\/de\/#website","url":"https:\/\/www.csj-emballages.com\/de\/","name":"CSJ Emballages","description":"","publisher":{"@id":"https:\/\/www.csj-emballages.com\/de\/#organization"},"potentialAction":[{"@type":"SearchAction","target":{"@type":"EntryPoint","urlTemplate":"https:\/\/www.csj-emballages.com\/de\/?s={search_term_string}"},"query-input":{"@type":"PropertyValueSpecification","valueRequired":true,"valueName":"search_term_string"}}],"inLanguage":"de"},{"@type":"Organization","@id":"https:\/\/www.csj-emballages.com\/de\/#Organization\/","name":"CSJ Emballages","url":"https:\/\/www.csj-emballages.com\/de\/","logo":{"@type":"ImageObject","inLanguage":"de","@id":"https:\/\/www.csj-emballages.com\/de\/#\/schema\/logo\/image\/","url":"https:\/\/www.csj-emballages.com\/wp-content\/uploads\/2023\/10\/logo_csj.webp","contentUrl":"https:\/\/www.csj-emballages.com\/wp-content\/uploads\/2023\/10\/logo_csj.webp","width":250,"height":95,"caption":"CSJ Emballages"},"image":{"@id":"https:\/\/www.csj-emballages.com\/de\/#\/schema\/logo\/image\/"},"sameAs":["https:\/\/www.facebook.com\/csjemballages"],"address":{"@type":"PostalAddress","streetAddress":"ZI La Lechere","addressLocality":"Patornay","postalCode":"39130","addressCountry":"FR"},"contactPoint":[{"@type":"ContactPoint","contactType":"Service client","telephone":"0384254272","email":"contact@csj-emballages.com"}]}]}},"df_price":5.78,"df_sale_price":"","df_regular_price":5.78,"df_image_link":"https:\/\/www.csj-emballages.com\/wp-content\/uploads\/2025\/09\/114745-300x300.webp","tiered_pricing_type":"fixed","tiered_pricing_fixed_rules":[],"tiered_pricing_percentage_rules":[],"tiered_pricing_minimum":1,"tiered_pricing_roles_data":[],"_links":{"self":[{"href":"https:\/\/www.csj-emballages.com\/de\/wp-json\/wp\/v2\/product\/246734","targetHints":{"allow":["GET"]}}],"collection":[{"href":"https:\/\/www.csj-emballages.com\/de\/wp-json\/wp\/v2\/product"}],"about":[{"href":"https:\/\/www.csj-emballages.com\/de\/wp-json\/wp\/v2\/types\/product"}],"wp:featuredmedia":[{"embeddable":true,"href":"https:\/\/www.csj-emballages.com\/de\/wp-json\/wp\/v2\/media\/246726"}],"wp:attachment":[{"href":"https:\/\/www.csj-emballages.com\/de\/wp-json\/wp\/v2\/media?parent=246734"}],"wp:term":[{"taxonomy":"product_brand","embeddable":true,"href":"https:\/\/www.csj-emballages.com\/de\/wp-json\/wp\/v2\/product_brand?post=246734"},{"taxonomy":"product_cat","embeddable":true,"href":"https:\/\/www.csj-emballages.com\/de\/wp-json\/wp\/v2\/product_cat?post=246734"},{"taxonomy":"product_tag","embeddable":true,"href":"https:\/\/www.csj-emballages.com\/de\/wp-json\/wp\/v2\/product_tag?post=246734"}],"curies":[{"name":"wp","href":"https:\/\/api.w.org\/{rel}","templated":true}]}}