{"id":246669,"date":"2025-09-17T14:18:30","date_gmt":"2025-09-17T12:18:30","guid":{"rendered":"https:\/\/www.csj-emballages.com\/produit\/suesswarenschachtel-aus-elfenbeinfarbenem-karton-110-x-65-x-200-mm-pro-20-stueck\/"},"modified":"2026-04-03T02:11:07","modified_gmt":"2026-04-03T00:11:07","slug":"suesswarenschachtel-aus-elfenbeinfarbenem-karton-110-x-65-x-200-mm-pro-20-stueck","status":"publish","type":"product","link":"https:\/\/www.csj-emballages.com\/de\/produit\/suesswarenschachtel-aus-elfenbeinfarbenem-karton-110-x-65-x-200-mm-pro-20-stueck\/","title":{"rendered":"S\u00fc\u00dfwarenschachtel aus elfenbeinfarbenem Karton 110 x 65 x 200 mm pro 10 St\u00fcck"},"content":{"rendered":"<h2>Schachtel mit S\u00fc\u00dfigkeiten<\/h2>\n<hr>\n<h3>Beschreibung unserer S\u00fc\u00dfwarenschachtel aus elfenbeinfarbenem Karton 110 x 65 x 200 mm pro 20 St\u00fcck<\/h3>\n<p><!--more--><\/p>\n<p data-start=\"166\" data-end=\"681\">Schenken Sie Ihren S\u00fc\u00dfigkeiten eine Schatulle, die ihrer K\u00f6stlichkeit gerecht wird, mit unserer <strong data-start=\"241\" data-end=\"279\">Schachtel f\u00fcr S\u00fc\u00dfwarenbeutel aus elfenbeinfarbenem Karton<\/strong>! Diese elegante, praktische und widerstandsf\u00e4hige <strong>Schachtel<\/strong> wurde speziell daf\u00fcr entworfen, Ihre <strong data-start=\"372\" data-end=\"383\">Bonbon-<\/strong>, <strong data-start=\"385\" data-end=\"398\">Schokoladen-<\/strong> und <strong data-start=\"400\" data-end=\"416\">Kekst\u00fcten<\/strong> oder andere s\u00fc\u00dfe K\u00f6stlichkeiten zu veredeln. Dank ihres <strong data-start=\"455\" data-end=\"491\">idealen Formats von 110 x 65 x 200 mm<\/strong> passt sie sich perfekt an die Bed\u00fcrfnisse von <strong data-start=\"536\" data-end=\"550\">Konditoren<\/strong>, <strong data-start=\"552\" data-end=\"566\">Confiseuren<\/strong>, <strong data-start=\"568\" data-end=\"596\">handwerklichen Keksfabriken<\/strong> oder auch <strong data-start=\"609\" data-end=\"634\">Einzelh\u00e4ndlern<\/strong> an, die eine raffinierte Pr\u00e4sentation anbieten m\u00f6chten. <\/p>\n<p data-start=\"683\" data-end=\"1007\">Die aus einem <strong data-start=\"708\" data-end=\"734\">einfachen Kartonstreifen<\/strong> hergestellte Schachtel garantiert eine <strong data-start=\"754\" data-end=\"777\">ausgezeichnete Steifigkeit<\/strong>, ist aber gleichzeitig <strong data-start=\"794\" data-end=\"818\">leicht und umweltfreundlich<\/strong>. Der <g id=\"gid_3\">automatische Aufbau<\/g> spart <g id=\"gid_4\">viel Zeit<\/g>: Mit nur einem Handgriff nimmt die <g id=\"gid_5\">S\u00fc\u00dfwarenschachtel<\/g> Form an und steht bereit, um Ihre Kreationen aufzunehmen. Schluss mit kompliziertem Falten!  <\/p>\n<p data-start=\"1009\" data-end=\"1376\">Die schlichte und schicke <strong data-start=\"1013\" data-end=\"1031\">Farbe Elfenbein<\/strong> verleiht Ihren Pr\u00e4sentationen einen <strong data-start=\"1060\" data-end=\"1097\">sanften und modernen Touch<\/strong>. Sie passt sowohl in ein traditionelles als auch in ein zeitgen\u00f6ssisches Universum. Ob f\u00fcr Feste, Hochzeiten, Gourmetm\u00e4rkte oder einfach f\u00fcr den t\u00e4glichen Verkauf, diese <strong data-start=\"1303\" data-end=\"1333\">S\u00fc\u00dfwarenschachtel aus Karton<\/strong> ist eine <strong data-start=\"1341\" data-end=\"1373\">\u00e4sthetische und praktische Wahl<\/strong>.  <\/p>\n<p data-start=\"1378\" data-end=\"1605\">Au\u00dferdem ist sie <strong data-start=\"1397\" data-end=\"1411\">recycelbar<\/strong>, umweltfreundlich und folgt einem \u00f6kologisch verantwortungsvollen Ansatz, der von den Kunden heutzutage sehr gesch\u00e4tzt wird. Kurzum: Eine Verpackung, die <strong data-start=\"1563\" data-end=\"1601\">Effizienz, Eleganz und Nachhaltigkeit<\/strong> vereint! <\/p>\n<p data-start=\"1378\" data-end=\"1605\"><!--more--><\/p>\n<h4 data-start=\"1378\" data-end=\"1605\">Vorteile :<\/h4>\n<ul>\n<li>Schnelle und einfache <strong data-start=\"1648\" data-end=\"1671\">automatische Montage<\/strong>.<\/li>\n<li><strong data-start=\"1693\" data-end=\"1710\">Feste Pappe<\/strong>, die einen guten Halt gew\u00e4hrleistet.<\/li>\n<li><strong data-start=\"1740\" data-end=\"1766\">Elegante Elfenbeinfarbe<\/strong> f\u00fcr eine gepflegte Pr\u00e4sentation.<\/li>\n<li><strong data-start=\"1801\" data-end=\"1816\">Vielseitig<\/strong>: Bonbons, Schokolade, Kekse, verschiedene S\u00fc\u00dfwaren.<\/li>\n<li><strong data-start=\"1877\" data-end=\"1912\">Umweltfreundlich<\/strong>: Diese S\u00fc\u00dfwarenschachtel ist recycelbar und nachhaltig.<\/li>\n<\/ul>\n<p>&nbsp;<\/p>\n<p><!--more--><\/p>\n<h4>Weitere Informationen :<\/h4>\n<ul>\n<li><strong>Verpackung<\/strong>: Packung mit 20 St\u00fcck<\/li>\n<li><strong>Ma\u00dfe<\/strong>: 110 x 65 x 200 mm<\/li>\n<li><strong>Material<\/strong>: Karton<\/li>\n<li><strong>Farbe<\/strong>: Elfenbein<\/li>\n<\/ul>\n<p>&nbsp;<\/p>\n<p><!--more--><\/p>\n<p>Diese S\u00fc\u00dfwarenschachtel ist in einer gr\u00f6\u00dferen Gr\u00f6\u00dfe erh\u00e4ltlich: <span style=\"color: #d12727\"><br \/>\n  <a style=\"color: #d12727\" href=\"https:\/\/www.csj-emballages.com\/de\/produit\/suesswarenschachtel-aus-elfenbeinfarbenem-karton-130-x-75-x-230-mm-pro-20-stueck\/\">115232<\/a><br \/>\n<\/span><\/p>\n<p>&nbsp;<\/p>\n<p><!--more--><\/p>\n<p><a href=\"https:\/\/www.csj-emballages.com\/de\/categorie-produit\/lebensmittelverpackungen\/backerei-und-konditorei\/schachteln-und-etuis\/beutelschachteln-fur-suswaren\/\">Sehen Sie sich den Rest unseres Sortiments an Beutelschachteln f\u00fcr S\u00fc\u00dfwaren an<\/a><\/p>\n","protected":false},"excerpt":{"rendered":"<p>Schachtel mit S\u00fc\u00dfigkeiten Beschreibung unserer S\u00fc\u00dfwarenschachtel aus elfenbeinfarbenem Karton 110 x 65 x 200 mm pro 20 St\u00fcck<\/p>\n","protected":false},"featured_media":246657,"template":"","meta":{"_acf_changed":false},"product_brand":[],"product_cat":[1137,1171,3964,9828],"product_tag":[],"class_list":{"0":"post-246669","1":"product","2":"type-product","3":"status-publish","4":"has-post-thumbnail","6":"product_cat-lebensmittelverpackungen","7":"product_cat-backerei-und-konditorei","8":"product_cat-schachteln-und-etuis","9":"product_cat-beutelschachteln-fur-suswaren","11":"first","12":"instock","13":"taxable","14":"shipping-taxable","15":"purchasable","16":"product-type-simple"},"acf":[],"yoast_head":"<!-- This site is optimized with the Yoast SEO Premium plugin v26.6 (Yoast SEO v26.6) - https:\/\/yoast.com\/wordpress\/plugins\/seo\/ -->\n<title>S\u00fc\u00dfwarenschachtel Karton Elfenbein 110 x 65 x 200 mm pro 20<\/title>\n<meta name=\"description\" content=\"S\u00fc\u00dfwarenschachtel aus elfenbeinfarbenem Karton 110 x 65 x 200 mm, selbstaufrichtend, ideal f\u00fcr Bonbons, Schokolade und Kekse. Elegant und recycelbar.\" \/>\n<meta name=\"robots\" content=\"index, follow, max-snippet:-1, max-image-preview:large, max-video-preview:-1\" \/>\n<link rel=\"canonical\" href=\"https:\/\/www.csj-emballages.com\/de\/produit\/suesswarenschachtel-aus-elfenbeinfarbenem-karton-110-x-65-x-200-mm-pro-20-stueck\/\" \/>\n<meta property=\"og:locale\" content=\"de_DE\" \/>\n<meta property=\"og:type\" content=\"article\" \/>\n<meta property=\"og:title\" content=\"S\u00fc\u00dfwarenschachtel aus elfenbeinfarbenem Karton 110 x 65 x 200 mm pro 10 St\u00fcck\" \/>\n<meta property=\"og:description\" content=\"S\u00fc\u00dfwarenschachtel aus elfenbeinfarbenem Karton 110 x 65 x 200 mm, selbstaufrichtend, ideal f\u00fcr Bonbons, Schokolade und Kekse. Elegant und recycelbar.\" \/>\n<meta property=\"og:url\" content=\"https:\/\/www.csj-emballages.com\/de\/produit\/suesswarenschachtel-aus-elfenbeinfarbenem-karton-110-x-65-x-200-mm-pro-20-stueck\/\" \/>\n<meta property=\"og:site_name\" content=\"CSJ Emballages\" \/>\n<meta property=\"article:publisher\" content=\"https:\/\/www.facebook.com\/csjemballages\" \/>\n<meta property=\"article:modified_time\" content=\"2026-04-03T00:11:07+00:00\" \/>\n<meta property=\"og:image\" content=\"https:\/\/www.csj-emballages.com\/wp-content\/uploads\/2025\/09\/115231.webp\" \/>\n\t<meta property=\"og:image:width\" content=\"800\" \/>\n\t<meta property=\"og:image:height\" content=\"800\" \/>\n\t<meta property=\"og:image:type\" content=\"image\/webp\" \/>\n<meta name=\"twitter:card\" content=\"summary_large_image\" \/>\n<meta name=\"twitter:label1\" content=\"Gesch\u00e4tzte Lesezeit\" \/>\n\t<meta name=\"twitter:data1\" content=\"2 Minuten\" \/>\n<script type=\"application\/ld+json\" class=\"yoast-schema-graph\">{\"@context\":\"https:\/\/schema.org\",\"@graph\":[{\"@type\":\"WebPage\",\"@id\":\"https:\/\/www.csj-emballages.com\/de\/produit\/suesswarenschachtel-aus-elfenbeinfarbenem-karton-110-x-65-x-200-mm-pro-20-stueck\/\",\"url\":\"https:\/\/www.csj-emballages.com\/de\/produit\/suesswarenschachtel-aus-elfenbeinfarbenem-karton-110-x-65-x-200-mm-pro-20-stueck\/\",\"name\":\"S\u00fc\u00dfwarenschachtel Karton Elfenbein 110 x 65 x 200 mm pro 20\",\"isPartOf\":{\"@id\":\"https:\/\/www.csj-emballages.com\/de\/#website\"},\"primaryImageOfPage\":{\"@id\":\"https:\/\/www.csj-emballages.com\/de\/produit\/suesswarenschachtel-aus-elfenbeinfarbenem-karton-110-x-65-x-200-mm-pro-20-stueck\/#primaryimage\"},\"image\":{\"@id\":\"https:\/\/www.csj-emballages.com\/de\/produit\/suesswarenschachtel-aus-elfenbeinfarbenem-karton-110-x-65-x-200-mm-pro-20-stueck\/#primaryimage\"},\"thumbnailUrl\":\"https:\/\/www.csj-emballages.com\/wp-content\/uploads\/2025\/09\/115231.webp\",\"datePublished\":\"2025-09-17T12:18:30+00:00\",\"dateModified\":\"2026-04-03T00:11:07+00:00\",\"description\":\"S\u00fc\u00dfwarenschachtel aus elfenbeinfarbenem Karton 110 x 65 x 200 mm, selbstaufrichtend, ideal f\u00fcr Bonbons, Schokolade und Kekse. Elegant und recycelbar.\",\"breadcrumb\":{\"@id\":\"https:\/\/www.csj-emballages.com\/de\/produit\/suesswarenschachtel-aus-elfenbeinfarbenem-karton-110-x-65-x-200-mm-pro-20-stueck\/#breadcrumb\"},\"inLanguage\":\"de\",\"potentialAction\":[{\"@type\":\"ReadAction\",\"target\":[\"https:\/\/www.csj-emballages.com\/de\/produit\/suesswarenschachtel-aus-elfenbeinfarbenem-karton-110-x-65-x-200-mm-pro-20-stueck\/\"]}]},{\"@type\":\"ImageObject\",\"inLanguage\":\"de\",\"@id\":\"https:\/\/www.csj-emballages.com\/de\/produit\/suesswarenschachtel-aus-elfenbeinfarbenem-karton-110-x-65-x-200-mm-pro-20-stueck\/#primaryimage\",\"url\":\"https:\/\/www.csj-emballages.com\/wp-content\/uploads\/2025\/09\/115231.webp\",\"contentUrl\":\"https:\/\/www.csj-emballages.com\/wp-content\/uploads\/2025\/09\/115231.webp\",\"width\":800,\"height\":800,\"caption\":\"Boite confiseries\"},{\"@type\":\"BreadcrumbList\",\"@id\":\"https:\/\/www.csj-emballages.com\/de\/produit\/suesswarenschachtel-aus-elfenbeinfarbenem-karton-110-x-65-x-200-mm-pro-20-stueck\/#breadcrumb\",\"itemListElement\":[{\"@type\":\"ListItem\",\"position\":1,\"name\":\"Accueil\",\"item\":\"https:\/\/www.csj-emballages.com\/de\/universum-lebensmittelverpackungen\/\"},{\"@type\":\"ListItem\",\"position\":2,\"name\":\"Shop\",\"item\":\"https:\/\/www.csj-emballages.com\/shop\/\"},{\"@type\":\"ListItem\",\"position\":3,\"name\":\"S\u00fc\u00dfwarenschachtel aus elfenbeinfarbenem Karton 110 x 65 x 200 mm pro 10 St\u00fcck\"}]},{\"@type\":\"WebSite\",\"@id\":\"https:\/\/www.csj-emballages.com\/de\/#website\",\"url\":\"https:\/\/www.csj-emballages.com\/de\/\",\"name\":\"CSJ Emballages\",\"description\":\"\",\"publisher\":{\"@id\":\"https:\/\/www.csj-emballages.com\/de\/#organization\"},\"potentialAction\":[{\"@type\":\"SearchAction\",\"target\":{\"@type\":\"EntryPoint\",\"urlTemplate\":\"https:\/\/www.csj-emballages.com\/de\/?s={search_term_string}\"},\"query-input\":{\"@type\":\"PropertyValueSpecification\",\"valueRequired\":true,\"valueName\":\"search_term_string\"}}],\"inLanguage\":\"de\"},{\"@type\":\"Organization\",\"@id\":\"https:\/\/www.csj-emballages.com\/de\/#Organization\/\",\"name\":\"CSJ Emballages\",\"url\":\"https:\/\/www.csj-emballages.com\/de\/\",\"logo\":{\"@type\":\"ImageObject\",\"inLanguage\":\"de\",\"@id\":\"https:\/\/www.csj-emballages.com\/de\/#\/schema\/logo\/image\/\",\"url\":\"https:\/\/www.csj-emballages.com\/wp-content\/uploads\/2023\/10\/logo_csj.webp\",\"contentUrl\":\"https:\/\/www.csj-emballages.com\/wp-content\/uploads\/2023\/10\/logo_csj.webp\",\"width\":250,\"height\":95,\"caption\":\"CSJ Emballages\"},\"image\":{\"@id\":\"https:\/\/www.csj-emballages.com\/de\/#\/schema\/logo\/image\/\"},\"sameAs\":[\"https:\/\/www.facebook.com\/csjemballages\"],\"address\":{\"@type\":\"PostalAddress\",\"streetAddress\":\"ZI La Lechere\",\"addressLocality\":\"Patornay\",\"postalCode\":\"39130\",\"addressCountry\":\"FR\"},\"contactPoint\":[{\"@type\":\"ContactPoint\",\"contactType\":\"Service client\",\"telephone\":\"0384254272\",\"email\":\"contact@csj-emballages.com\"}]}]}<\/script>\n<!-- \/ Yoast SEO Premium plugin. -->","yoast_head_json":{"title":"S\u00fc\u00dfwarenschachtel Karton Elfenbein 110 x 65 x 200 mm pro 20","description":"S\u00fc\u00dfwarenschachtel aus elfenbeinfarbenem Karton 110 x 65 x 200 mm, selbstaufrichtend, ideal f\u00fcr Bonbons, Schokolade und Kekse. Elegant und recycelbar.","robots":{"index":"index","follow":"follow","max-snippet":"max-snippet:-1","max-image-preview":"max-image-preview:large","max-video-preview":"max-video-preview:-1"},"canonical":"https:\/\/www.csj-emballages.com\/de\/produit\/suesswarenschachtel-aus-elfenbeinfarbenem-karton-110-x-65-x-200-mm-pro-20-stueck\/","og_locale":"de_DE","og_type":"article","og_title":"S\u00fc\u00dfwarenschachtel aus elfenbeinfarbenem Karton 110 x 65 x 200 mm pro 10 St\u00fcck","og_description":"S\u00fc\u00dfwarenschachtel aus elfenbeinfarbenem Karton 110 x 65 x 200 mm, selbstaufrichtend, ideal f\u00fcr Bonbons, Schokolade und Kekse. Elegant und recycelbar.","og_url":"https:\/\/www.csj-emballages.com\/de\/produit\/suesswarenschachtel-aus-elfenbeinfarbenem-karton-110-x-65-x-200-mm-pro-20-stueck\/","og_site_name":"CSJ Emballages","article_publisher":"https:\/\/www.facebook.com\/csjemballages","article_modified_time":"2026-04-03T00:11:07+00:00","og_image":[{"width":800,"height":800,"url":"https:\/\/www.csj-emballages.com\/wp-content\/uploads\/2025\/09\/115231.webp","type":"image\/webp"}],"twitter_card":"summary_large_image","twitter_misc":{"Gesch\u00e4tzte Lesezeit":"2 Minuten"},"schema":{"@context":"https:\/\/schema.org","@graph":[{"@type":"WebPage","@id":"https:\/\/www.csj-emballages.com\/de\/produit\/suesswarenschachtel-aus-elfenbeinfarbenem-karton-110-x-65-x-200-mm-pro-20-stueck\/","url":"https:\/\/www.csj-emballages.com\/de\/produit\/suesswarenschachtel-aus-elfenbeinfarbenem-karton-110-x-65-x-200-mm-pro-20-stueck\/","name":"S\u00fc\u00dfwarenschachtel Karton Elfenbein 110 x 65 x 200 mm pro 20","isPartOf":{"@id":"https:\/\/www.csj-emballages.com\/de\/#website"},"primaryImageOfPage":{"@id":"https:\/\/www.csj-emballages.com\/de\/produit\/suesswarenschachtel-aus-elfenbeinfarbenem-karton-110-x-65-x-200-mm-pro-20-stueck\/#primaryimage"},"image":{"@id":"https:\/\/www.csj-emballages.com\/de\/produit\/suesswarenschachtel-aus-elfenbeinfarbenem-karton-110-x-65-x-200-mm-pro-20-stueck\/#primaryimage"},"thumbnailUrl":"https:\/\/www.csj-emballages.com\/wp-content\/uploads\/2025\/09\/115231.webp","datePublished":"2025-09-17T12:18:30+00:00","dateModified":"2026-04-03T00:11:07+00:00","description":"S\u00fc\u00dfwarenschachtel aus elfenbeinfarbenem Karton 110 x 65 x 200 mm, selbstaufrichtend, ideal f\u00fcr Bonbons, Schokolade und Kekse. Elegant und recycelbar.","breadcrumb":{"@id":"https:\/\/www.csj-emballages.com\/de\/produit\/suesswarenschachtel-aus-elfenbeinfarbenem-karton-110-x-65-x-200-mm-pro-20-stueck\/#breadcrumb"},"inLanguage":"de","potentialAction":[{"@type":"ReadAction","target":["https:\/\/www.csj-emballages.com\/de\/produit\/suesswarenschachtel-aus-elfenbeinfarbenem-karton-110-x-65-x-200-mm-pro-20-stueck\/"]}]},{"@type":"ImageObject","inLanguage":"de","@id":"https:\/\/www.csj-emballages.com\/de\/produit\/suesswarenschachtel-aus-elfenbeinfarbenem-karton-110-x-65-x-200-mm-pro-20-stueck\/#primaryimage","url":"https:\/\/www.csj-emballages.com\/wp-content\/uploads\/2025\/09\/115231.webp","contentUrl":"https:\/\/www.csj-emballages.com\/wp-content\/uploads\/2025\/09\/115231.webp","width":800,"height":800,"caption":"Boite confiseries"},{"@type":"BreadcrumbList","@id":"https:\/\/www.csj-emballages.com\/de\/produit\/suesswarenschachtel-aus-elfenbeinfarbenem-karton-110-x-65-x-200-mm-pro-20-stueck\/#breadcrumb","itemListElement":[{"@type":"ListItem","position":1,"name":"Accueil","item":"https:\/\/www.csj-emballages.com\/de\/universum-lebensmittelverpackungen\/"},{"@type":"ListItem","position":2,"name":"Shop","item":"https:\/\/www.csj-emballages.com\/shop\/"},{"@type":"ListItem","position":3,"name":"S\u00fc\u00dfwarenschachtel aus elfenbeinfarbenem Karton 110 x 65 x 200 mm pro 10 St\u00fcck"}]},{"@type":"WebSite","@id":"https:\/\/www.csj-emballages.com\/de\/#website","url":"https:\/\/www.csj-emballages.com\/de\/","name":"CSJ Emballages","description":"","publisher":{"@id":"https:\/\/www.csj-emballages.com\/de\/#organization"},"potentialAction":[{"@type":"SearchAction","target":{"@type":"EntryPoint","urlTemplate":"https:\/\/www.csj-emballages.com\/de\/?s={search_term_string}"},"query-input":{"@type":"PropertyValueSpecification","valueRequired":true,"valueName":"search_term_string"}}],"inLanguage":"de"},{"@type":"Organization","@id":"https:\/\/www.csj-emballages.com\/de\/#Organization\/","name":"CSJ Emballages","url":"https:\/\/www.csj-emballages.com\/de\/","logo":{"@type":"ImageObject","inLanguage":"de","@id":"https:\/\/www.csj-emballages.com\/de\/#\/schema\/logo\/image\/","url":"https:\/\/www.csj-emballages.com\/wp-content\/uploads\/2023\/10\/logo_csj.webp","contentUrl":"https:\/\/www.csj-emballages.com\/wp-content\/uploads\/2023\/10\/logo_csj.webp","width":250,"height":95,"caption":"CSJ Emballages"},"image":{"@id":"https:\/\/www.csj-emballages.com\/de\/#\/schema\/logo\/image\/"},"sameAs":["https:\/\/www.facebook.com\/csjemballages"],"address":{"@type":"PostalAddress","streetAddress":"ZI La Lechere","addressLocality":"Patornay","postalCode":"39130","addressCountry":"FR"},"contactPoint":[{"@type":"ContactPoint","contactType":"Service client","telephone":"0384254272","email":"contact@csj-emballages.com"}]}]}},"df_price":4.45,"df_sale_price":"","df_regular_price":4.45,"df_image_link":"https:\/\/www.csj-emballages.com\/wp-content\/uploads\/2025\/09\/115231-300x300.webp","tiered_pricing_type":"fixed","tiered_pricing_fixed_rules":[],"tiered_pricing_percentage_rules":[],"tiered_pricing_minimum":1,"tiered_pricing_roles_data":[],"_links":{"self":[{"href":"https:\/\/www.csj-emballages.com\/de\/wp-json\/wp\/v2\/product\/246669","targetHints":{"allow":["GET"]}}],"collection":[{"href":"https:\/\/www.csj-emballages.com\/de\/wp-json\/wp\/v2\/product"}],"about":[{"href":"https:\/\/www.csj-emballages.com\/de\/wp-json\/wp\/v2\/types\/product"}],"wp:featuredmedia":[{"embeddable":true,"href":"https:\/\/www.csj-emballages.com\/de\/wp-json\/wp\/v2\/media\/246657"}],"wp:attachment":[{"href":"https:\/\/www.csj-emballages.com\/de\/wp-json\/wp\/v2\/media?parent=246669"}],"wp:term":[{"taxonomy":"product_brand","embeddable":true,"href":"https:\/\/www.csj-emballages.com\/de\/wp-json\/wp\/v2\/product_brand?post=246669"},{"taxonomy":"product_cat","embeddable":true,"href":"https:\/\/www.csj-emballages.com\/de\/wp-json\/wp\/v2\/product_cat?post=246669"},{"taxonomy":"product_tag","embeddable":true,"href":"https:\/\/www.csj-emballages.com\/de\/wp-json\/wp\/v2\/product_tag?post=246669"}],"curies":[{"name":"wp","href":"https:\/\/api.w.org\/{rel}","templated":true}]}}