{"id":24552,"date":"2024-06-06T14:59:45","date_gmt":"2024-06-06T12:59:45","guid":{"rendered":"https:\/\/u15jnbdpoq.preview.infomaniak.website\/?post_type=product&#038;p=24552"},"modified":"2026-03-12T16:27:44","modified_gmt":"2026-03-12T15:27:44","slug":"500-weise-sos-kraftsacke-18-x-11-x-35-cm","status":"publish","type":"product","link":"https:\/\/www.csj-emballages.com\/de\/produit\/500-weise-sos-kraftsacke-18-x-11-x-35-cm\/","title":{"rendered":"Papiert\u00fcte wei\u00df sos 18 x 11 x 35 cm pro 500"},"content":{"rendered":"<h2>Papiert\u00fcte wei\u00df<\/h2>\n<hr>\n<h3>Beschreibung unserer SOS Papiert\u00fcte wei\u00df 18 x 11 x 35 cm im 500er-Pack<\/h3>\n<p><!--more--><\/p>\n<p data-start=\"257\" data-end=\"607\">Einfach, sauber und effizient: Diese <strong data-start=\"289\" data-end=\"316\">wei\u00dfe SOS Papiert\u00fcte<\/strong> konzentriert sich auf das Wesentliche. Mit ihren Ma\u00dfen von <strong data-start=\"361\" data-end=\"380\">18 x 11 x 35 cm<\/strong> passt sie sich leicht an viele allt\u00e4gliche Anwendungen an. Ob zum Mitnehmen von Speisen, zum Transport von Lebensmitteln, Backwaren oder Take-away-Bestellungen \u2013 sie erf\u00fcllt ihren Zweck, ohne \u00fcberfl\u00fcssig zu sein.  <\/p>\n<p data-start=\"609\" data-end=\"1007\">Ihr gro\u00dfer Vorteil ist ihre <strong data-start=\"635\" data-end=\"663\">SOS-Form mit flachem Boden<\/strong>. Konkret bedeutet das, dass die T\u00fcte von selbst steht, was das Bef\u00fcllen erheblich vereinfacht. Sie sparen Zeit, arbeiten sauberer und Ihre Produkte bleiben sicher an ihrem Platz. Zudem sorgt das wei\u00dfe Papier f\u00fcr ein klares und gepflegtes Erscheinungsbild, ideal f\u00fcr Gesch\u00e4fte, die eine schlichte und professionelle Pr\u00e4sentation w\u00fcnschen.   <\/p>\n<p data-start=\"1009\" data-end=\"1331\">Ein weiterer Pluspunkt: Diese <strong>wei\u00dfe Papiert\u00fcte<\/strong> bleibt leicht und ist dennoch widerstandsf\u00e4hig genug f\u00fcr den t\u00e4glichen Gebrauch. Sie tr\u00e4gt problemlos das Gewicht g\u00e4ngiger Produkte, ohne beim ersten Transport zu rei\u00dfen. Und da sie <strong data-start=\"1232\" data-end=\"1250\">im 500er-Pack<\/strong> verkauft wird, sichern Sie Ihren Vorrat langfristig, ohne zu oft nachbestellen zu m\u00fcssen.  <\/p>\n<p data-start=\"1333\" data-end=\"1577\">Diese <strong>wei\u00dfe T\u00fcte<\/strong> eignet sich sowohl f\u00fcr Restaurants, Imbisse, B\u00e4ckereien, Caterer als auch f\u00fcr den Einzelhandel. Ihr neutrales Design erm\u00f6glicht es Ihnen zudem, einfach ein Logo, einen Stempel oder einen Aufkleber anzubringen, wenn Sie Ihre Verpackungen personalisieren m\u00f6chten. <\/p>\n<p data-start=\"1579\" data-end=\"1713\">Zusammenfassend l\u00e4sst sich sagen, ist dies eine praktische, unauff\u00e4llige und zuverl\u00e4ssige L\u00f6sung, die darauf ausgelegt ist, Ihr Gesch\u00e4ft zu unterst\u00fctzen, ohne Ihre Organisation zu verkomplizieren.<\/p>\n<p data-start=\"1579\" data-end=\"1713\">\n<p><!--more--><\/p>\n<p><strong>Vorteile :<\/strong><\/p>\n<ul>\n<li data-start=\"1741\" data-end=\"1786\">Stabiler Flachboden f\u00fcr einfaches Bef\u00fcllen.<\/li>\n<li data-start=\"1789\" data-end=\"1824\">Vielseitiges Format <strong>18 x 11 x 35 cm<\/strong>.<\/li>\n<li data-start=\"1827\" data-end=\"1865\">Sauberes, professionelles <strong>wei\u00dfes Aussehen<\/strong> <\/li>\n<li data-start=\"1868\" data-end=\"1897\">Leichtes, aber widerstandsf\u00e4higes Papier.<\/li>\n<li data-start=\"1900\" data-end=\"1928\">Sparpack mit <strong>500 T\u00fcten<\/strong>.<\/li>\n<li data-start=\"1931\" data-end=\"1953\">Einfach anzupassen.<\/li>\n<\/ul>\n<p>&nbsp;<\/p>\n<p><!--more--><\/p>\n<div style=\"box-sizing: inherit; font-family: Roboto, sans-serif;\">\n<div style=\"box-sizing: inherit; font-family: Roboto, sans-serif;\">\n<h4>Weitere Informationen :<\/h4>\n<div style=\"box-sizing: inherit; font-family: Roboto, sans-serif;\">\n<div style=\"box-sizing: inherit; font-family: Roboto, sans-serif;\">\n<ul style=\"box-sizing: inherit; font-family: Roboto, sans-serif;\">\n<li><strong>Verpackung<\/strong><span style=\"box-sizing: inherit;\">: 500er-Pack<\/span><\/li>\n<li style=\"box-sizing: inherit;\"><strong>Ma\u00dfe<\/strong><span style=\"box-sizing: inherit;\">: 18 x 11 x 35 (L x B x H in cm)<\/span><\/li>\n<li style=\"box-sizing: inherit;\"><strong>Material<\/strong><span style=\"box-sizing: inherit;\"> : Kraftpapier<\/span><\/li>\n<li style=\"box-sizing: inherit;\"><strong>Farbe<\/strong><span style=\"box-sizing: inherit;\"> Farbe : Wei\u00df<\/span><\/li>\n<\/ul>\n<\/div>\n<\/div>\n<\/div>\n<\/div>\n<div style=\"box-sizing: inherit; font-family: Roboto, sans-serif;\">\n<div style=\"box-sizing: inherit; font-family: Roboto, sans-serif;\">\n<p>&nbsp;<\/p>\n<\/div>\n<\/div>\n<p><!--more--><\/p>\n<p>Dieses Produkt ist in der Farbe kraft erh\u00e4ltlich. <span style=\"color: #d12727;\"><a style=\"color: #d12727;\" href=\"https:\/\/www.csj-emballages.com\/produit\/500-sacs-sos-krafts-bruns-20-x-15-x-40-cm\/\">KF2040SOS<\/a><\/span><\/p>\n<p>&nbsp;<\/p>\n<p><!--more--><\/p>\n<p><a href=\"\/?product_cat=sacs-cabas-krafts\">Sehen Sie sich den Rest unseres Sortiments an Krafts Tragetaschen an<\/a><\/p>\n","protected":false},"excerpt":{"rendered":"<p>Papiert\u00fcte wei\u00df Beschreibung unserer SOS Papiert\u00fcte wei\u00df 18 x 11 x 35 cm im 500er-Pack<\/p>\n","protected":false},"featured_media":251364,"template":"","meta":{"_acf_changed":false},"product_brand":[],"product_cat":[1137,1134,3976,2800,9197,1487,3969,1882,2798],"product_tag":[],"class_list":{"0":"post-24552","1":"product","2":"type-product","3":"status-publish","4":"has-post-thumbnail","6":"product_cat-lebensmittelverpackungen","7":"product_cat-restauration-de","8":"product_cat-sacke-und-papier","9":"product_cat-schultertaschen-krafts-de","10":"product_cat-kraftsacke","11":"product_cat-boutique-und-geschaft","12":"product_cat-sacke-beutel","13":"product_cat-schultertaschen-krafts","14":"product_cat-einkaufstaschen-krafts","16":"first","17":"instock","18":"taxable","19":"shipping-taxable","20":"purchasable","21":"product-type-simple"},"acf":[],"yoast_head":"<!-- This site is optimized with the Yoast SEO Premium plugin v26.6 (Yoast SEO v26.6) - https:\/\/yoast.com\/wordpress\/plugins\/seo\/ -->\n<title>SOS Papiert\u00fcte wei\u00df 18 x 11 x 35 cm im 500er-Pack<\/title>\n<meta name=\"description\" content=\"SOS Papiert\u00fcte wei\u00df 18 x 11 x 35 cm, im 500er-Pack erh\u00e4ltlich. Stabiler Flachboden, praktisches Format und ideal f\u00fcr Take-away und Gesch\u00e4fte.\" \/>\n<meta name=\"robots\" content=\"index, follow, max-snippet:-1, max-image-preview:large, max-video-preview:-1\" \/>\n<link rel=\"canonical\" href=\"https:\/\/www.csj-emballages.com\/de\/produit\/500-weise-sos-kraftsacke-18-x-11-x-35-cm\/\" \/>\n<meta property=\"og:locale\" content=\"de_DE\" \/>\n<meta property=\"og:type\" content=\"article\" \/>\n<meta property=\"og:title\" content=\"Papiert\u00fcte wei\u00df sos 18 x 11 x 35 cm pro 500\" \/>\n<meta property=\"og:description\" content=\"SOS Papiert\u00fcte wei\u00df 18 x 11 x 35 cm, im 500er-Pack erh\u00e4ltlich. Stabiler Flachboden, praktisches Format und ideal f\u00fcr Take-away und Gesch\u00e4fte.\" \/>\n<meta property=\"og:url\" content=\"https:\/\/www.csj-emballages.com\/de\/produit\/500-weise-sos-kraftsacke-18-x-11-x-35-cm\/\" \/>\n<meta property=\"og:site_name\" content=\"CSJ Emballages\" \/>\n<meta property=\"article:publisher\" content=\"https:\/\/www.facebook.com\/csjemballages\" \/>\n<meta property=\"article:modified_time\" content=\"2026-03-12T15:27:44+00:00\" \/>\n<meta property=\"og:image\" content=\"https:\/\/www.csj-emballages.com\/wp-content\/uploads\/2024\/06\/KF1835SOSBL.webp\" \/>\n\t<meta property=\"og:image:width\" content=\"800\" \/>\n\t<meta property=\"og:image:height\" content=\"800\" \/>\n\t<meta property=\"og:image:type\" content=\"image\/webp\" \/>\n<meta name=\"twitter:card\" content=\"summary_large_image\" \/>\n<meta name=\"twitter:label1\" content=\"Gesch\u00e4tzte Lesezeit\" \/>\n\t<meta name=\"twitter:data1\" content=\"2 Minuten\" \/>\n<script type=\"application\/ld+json\" class=\"yoast-schema-graph\">{\"@context\":\"https:\/\/schema.org\",\"@graph\":[{\"@type\":\"WebPage\",\"@id\":\"https:\/\/www.csj-emballages.com\/de\/produit\/500-weise-sos-kraftsacke-18-x-11-x-35-cm\/\",\"url\":\"https:\/\/www.csj-emballages.com\/de\/produit\/500-weise-sos-kraftsacke-18-x-11-x-35-cm\/\",\"name\":\"SOS Papiert\u00fcte wei\u00df 18 x 11 x 35 cm im 500er-Pack\",\"isPartOf\":{\"@id\":\"https:\/\/www.csj-emballages.com\/de\/#website\"},\"primaryImageOfPage\":{\"@id\":\"https:\/\/www.csj-emballages.com\/de\/produit\/500-weise-sos-kraftsacke-18-x-11-x-35-cm\/#primaryimage\"},\"image\":{\"@id\":\"https:\/\/www.csj-emballages.com\/de\/produit\/500-weise-sos-kraftsacke-18-x-11-x-35-cm\/#primaryimage\"},\"thumbnailUrl\":\"https:\/\/www.csj-emballages.com\/wp-content\/uploads\/2024\/06\/KF1835SOSBL.webp\",\"datePublished\":\"2024-06-06T12:59:45+00:00\",\"dateModified\":\"2026-03-12T15:27:44+00:00\",\"description\":\"SOS Papiert\u00fcte wei\u00df 18 x 11 x 35 cm, im 500er-Pack erh\u00e4ltlich. Stabiler Flachboden, praktisches Format und ideal f\u00fcr Take-away und Gesch\u00e4fte.\",\"breadcrumb\":{\"@id\":\"https:\/\/www.csj-emballages.com\/de\/produit\/500-weise-sos-kraftsacke-18-x-11-x-35-cm\/#breadcrumb\"},\"inLanguage\":\"de\",\"potentialAction\":[{\"@type\":\"ReadAction\",\"target\":[\"https:\/\/www.csj-emballages.com\/de\/produit\/500-weise-sos-kraftsacke-18-x-11-x-35-cm\/\"]}]},{\"@type\":\"ImageObject\",\"inLanguage\":\"de\",\"@id\":\"https:\/\/www.csj-emballages.com\/de\/produit\/500-weise-sos-kraftsacke-18-x-11-x-35-cm\/#primaryimage\",\"url\":\"https:\/\/www.csj-emballages.com\/wp-content\/uploads\/2024\/06\/KF1835SOSBL.webp\",\"contentUrl\":\"https:\/\/www.csj-emballages.com\/wp-content\/uploads\/2024\/06\/KF1835SOSBL.webp\",\"width\":800,\"height\":800,\"caption\":\"Sac en papier blanc\"},{\"@type\":\"BreadcrumbList\",\"@id\":\"https:\/\/www.csj-emballages.com\/de\/produit\/500-weise-sos-kraftsacke-18-x-11-x-35-cm\/#breadcrumb\",\"itemListElement\":[{\"@type\":\"ListItem\",\"position\":1,\"name\":\"Accueil\",\"item\":\"https:\/\/www.csj-emballages.com\/de\/universum-lebensmittelverpackungen\/\"},{\"@type\":\"ListItem\",\"position\":2,\"name\":\"Shop\",\"item\":\"https:\/\/www.csj-emballages.com\/shop\/\"},{\"@type\":\"ListItem\",\"position\":3,\"name\":\"Papiert\u00fcte wei\u00df sos 18 x 11 x 35 cm pro 500\"}]},{\"@type\":\"WebSite\",\"@id\":\"https:\/\/www.csj-emballages.com\/de\/#website\",\"url\":\"https:\/\/www.csj-emballages.com\/de\/\",\"name\":\"CSJ Emballages\",\"description\":\"\",\"publisher\":{\"@id\":\"https:\/\/www.csj-emballages.com\/de\/#organization\"},\"potentialAction\":[{\"@type\":\"SearchAction\",\"target\":{\"@type\":\"EntryPoint\",\"urlTemplate\":\"https:\/\/www.csj-emballages.com\/de\/?s={search_term_string}\"},\"query-input\":{\"@type\":\"PropertyValueSpecification\",\"valueRequired\":true,\"valueName\":\"search_term_string\"}}],\"inLanguage\":\"de\"},{\"@type\":\"Organization\",\"@id\":\"https:\/\/www.csj-emballages.com\/de\/#Organization\/\",\"name\":\"CSJ Emballages\",\"url\":\"https:\/\/www.csj-emballages.com\/de\/\",\"logo\":{\"@type\":\"ImageObject\",\"inLanguage\":\"de\",\"@id\":\"https:\/\/www.csj-emballages.com\/de\/#\/schema\/logo\/image\/\",\"url\":\"https:\/\/www.csj-emballages.com\/wp-content\/uploads\/2023\/10\/logo_csj.webp\",\"contentUrl\":\"https:\/\/www.csj-emballages.com\/wp-content\/uploads\/2023\/10\/logo_csj.webp\",\"width\":250,\"height\":95,\"caption\":\"CSJ Emballages\"},\"image\":{\"@id\":\"https:\/\/www.csj-emballages.com\/de\/#\/schema\/logo\/image\/\"},\"sameAs\":[\"https:\/\/www.facebook.com\/csjemballages\"],\"address\":{\"@type\":\"PostalAddress\",\"streetAddress\":\"ZI La Lechere\",\"addressLocality\":\"Patornay\",\"postalCode\":\"39130\",\"addressCountry\":\"FR\"},\"contactPoint\":[{\"@type\":\"ContactPoint\",\"contactType\":\"Service client\",\"telephone\":\"0384254272\",\"email\":\"contact@csj-emballages.com\"}]}]}<\/script>\n<!-- \/ Yoast SEO Premium plugin. -->","yoast_head_json":{"title":"SOS Papiert\u00fcte wei\u00df 18 x 11 x 35 cm im 500er-Pack","description":"SOS Papiert\u00fcte wei\u00df 18 x 11 x 35 cm, im 500er-Pack erh\u00e4ltlich. Stabiler Flachboden, praktisches Format und ideal f\u00fcr Take-away und Gesch\u00e4fte.","robots":{"index":"index","follow":"follow","max-snippet":"max-snippet:-1","max-image-preview":"max-image-preview:large","max-video-preview":"max-video-preview:-1"},"canonical":"https:\/\/www.csj-emballages.com\/de\/produit\/500-weise-sos-kraftsacke-18-x-11-x-35-cm\/","og_locale":"de_DE","og_type":"article","og_title":"Papiert\u00fcte wei\u00df sos 18 x 11 x 35 cm pro 500","og_description":"SOS Papiert\u00fcte wei\u00df 18 x 11 x 35 cm, im 500er-Pack erh\u00e4ltlich. Stabiler Flachboden, praktisches Format und ideal f\u00fcr Take-away und Gesch\u00e4fte.","og_url":"https:\/\/www.csj-emballages.com\/de\/produit\/500-weise-sos-kraftsacke-18-x-11-x-35-cm\/","og_site_name":"CSJ Emballages","article_publisher":"https:\/\/www.facebook.com\/csjemballages","article_modified_time":"2026-03-12T15:27:44+00:00","og_image":[{"width":800,"height":800,"url":"https:\/\/www.csj-emballages.com\/wp-content\/uploads\/2024\/06\/KF1835SOSBL.webp","type":"image\/webp"}],"twitter_card":"summary_large_image","twitter_misc":{"Gesch\u00e4tzte Lesezeit":"2 Minuten"},"schema":{"@context":"https:\/\/schema.org","@graph":[{"@type":"WebPage","@id":"https:\/\/www.csj-emballages.com\/de\/produit\/500-weise-sos-kraftsacke-18-x-11-x-35-cm\/","url":"https:\/\/www.csj-emballages.com\/de\/produit\/500-weise-sos-kraftsacke-18-x-11-x-35-cm\/","name":"SOS Papiert\u00fcte wei\u00df 18 x 11 x 35 cm im 500er-Pack","isPartOf":{"@id":"https:\/\/www.csj-emballages.com\/de\/#website"},"primaryImageOfPage":{"@id":"https:\/\/www.csj-emballages.com\/de\/produit\/500-weise-sos-kraftsacke-18-x-11-x-35-cm\/#primaryimage"},"image":{"@id":"https:\/\/www.csj-emballages.com\/de\/produit\/500-weise-sos-kraftsacke-18-x-11-x-35-cm\/#primaryimage"},"thumbnailUrl":"https:\/\/www.csj-emballages.com\/wp-content\/uploads\/2024\/06\/KF1835SOSBL.webp","datePublished":"2024-06-06T12:59:45+00:00","dateModified":"2026-03-12T15:27:44+00:00","description":"SOS Papiert\u00fcte wei\u00df 18 x 11 x 35 cm, im 500er-Pack erh\u00e4ltlich. Stabiler Flachboden, praktisches Format und ideal f\u00fcr Take-away und Gesch\u00e4fte.","breadcrumb":{"@id":"https:\/\/www.csj-emballages.com\/de\/produit\/500-weise-sos-kraftsacke-18-x-11-x-35-cm\/#breadcrumb"},"inLanguage":"de","potentialAction":[{"@type":"ReadAction","target":["https:\/\/www.csj-emballages.com\/de\/produit\/500-weise-sos-kraftsacke-18-x-11-x-35-cm\/"]}]},{"@type":"ImageObject","inLanguage":"de","@id":"https:\/\/www.csj-emballages.com\/de\/produit\/500-weise-sos-kraftsacke-18-x-11-x-35-cm\/#primaryimage","url":"https:\/\/www.csj-emballages.com\/wp-content\/uploads\/2024\/06\/KF1835SOSBL.webp","contentUrl":"https:\/\/www.csj-emballages.com\/wp-content\/uploads\/2024\/06\/KF1835SOSBL.webp","width":800,"height":800,"caption":"Sac en papier blanc"},{"@type":"BreadcrumbList","@id":"https:\/\/www.csj-emballages.com\/de\/produit\/500-weise-sos-kraftsacke-18-x-11-x-35-cm\/#breadcrumb","itemListElement":[{"@type":"ListItem","position":1,"name":"Accueil","item":"https:\/\/www.csj-emballages.com\/de\/universum-lebensmittelverpackungen\/"},{"@type":"ListItem","position":2,"name":"Shop","item":"https:\/\/www.csj-emballages.com\/shop\/"},{"@type":"ListItem","position":3,"name":"Papiert\u00fcte wei\u00df sos 18 x 11 x 35 cm pro 500"}]},{"@type":"WebSite","@id":"https:\/\/www.csj-emballages.com\/de\/#website","url":"https:\/\/www.csj-emballages.com\/de\/","name":"CSJ Emballages","description":"","publisher":{"@id":"https:\/\/www.csj-emballages.com\/de\/#organization"},"potentialAction":[{"@type":"SearchAction","target":{"@type":"EntryPoint","urlTemplate":"https:\/\/www.csj-emballages.com\/de\/?s={search_term_string}"},"query-input":{"@type":"PropertyValueSpecification","valueRequired":true,"valueName":"search_term_string"}}],"inLanguage":"de"},{"@type":"Organization","@id":"https:\/\/www.csj-emballages.com\/de\/#Organization\/","name":"CSJ Emballages","url":"https:\/\/www.csj-emballages.com\/de\/","logo":{"@type":"ImageObject","inLanguage":"de","@id":"https:\/\/www.csj-emballages.com\/de\/#\/schema\/logo\/image\/","url":"https:\/\/www.csj-emballages.com\/wp-content\/uploads\/2023\/10\/logo_csj.webp","contentUrl":"https:\/\/www.csj-emballages.com\/wp-content\/uploads\/2023\/10\/logo_csj.webp","width":250,"height":95,"caption":"CSJ Emballages"},"image":{"@id":"https:\/\/www.csj-emballages.com\/de\/#\/schema\/logo\/image\/"},"sameAs":["https:\/\/www.facebook.com\/csjemballages"],"address":{"@type":"PostalAddress","streetAddress":"ZI La Lechere","addressLocality":"Patornay","postalCode":"39130","addressCountry":"FR"},"contactPoint":[{"@type":"ContactPoint","contactType":"Service client","telephone":"0384254272","email":"contact@csj-emballages.com"}]}]}},"df_price":40.39,"df_sale_price":"","df_regular_price":40.39,"df_image_link":"https:\/\/www.csj-emballages.com\/wp-content\/uploads\/2024\/06\/KF1835SOSBL-300x300.webp","tiered_pricing_type":"fixed","tiered_pricing_fixed_rules":[],"tiered_pricing_percentage_rules":[],"tiered_pricing_minimum":1,"tiered_pricing_roles_data":[],"_links":{"self":[{"href":"https:\/\/www.csj-emballages.com\/de\/wp-json\/wp\/v2\/product\/24552","targetHints":{"allow":["GET"]}}],"collection":[{"href":"https:\/\/www.csj-emballages.com\/de\/wp-json\/wp\/v2\/product"}],"about":[{"href":"https:\/\/www.csj-emballages.com\/de\/wp-json\/wp\/v2\/types\/product"}],"wp:featuredmedia":[{"embeddable":true,"href":"https:\/\/www.csj-emballages.com\/de\/wp-json\/wp\/v2\/media\/251364"}],"wp:attachment":[{"href":"https:\/\/www.csj-emballages.com\/de\/wp-json\/wp\/v2\/media?parent=24552"}],"wp:term":[{"taxonomy":"product_brand","embeddable":true,"href":"https:\/\/www.csj-emballages.com\/de\/wp-json\/wp\/v2\/product_brand?post=24552"},{"taxonomy":"product_cat","embeddable":true,"href":"https:\/\/www.csj-emballages.com\/de\/wp-json\/wp\/v2\/product_cat?post=24552"},{"taxonomy":"product_tag","embeddable":true,"href":"https:\/\/www.csj-emballages.com\/de\/wp-json\/wp\/v2\/product_tag?post=24552"}],"curies":[{"name":"wp","href":"https:\/\/api.w.org\/{rel}","templated":true}]}}