{"id":245133,"date":"2025-09-26T16:18:20","date_gmt":"2025-09-26T14:18:20","guid":{"rendered":"https:\/\/www.csj-emballages.com\/produit\/100-quadratische-farbige-kuchenhalter-anis-fuchsia-18-x-18-cm\/"},"modified":"2026-04-16T02:12:00","modified_gmt":"2026-04-16T00:12:00","slug":"100-quadratische-farbige-kuchenhalter-anis-fuchsia-18-x-18-cm","status":"publish","type":"product","link":"https:\/\/www.csj-emballages.com\/de\/produit\/100-quadratische-farbige-kuchenhalter-anis-fuchsia-18-x-18-cm\/","title":{"rendered":"Kuchenhalter quadratisch anis \/ fuchsia 18 x 18 cm pro 100"},"content":{"rendered":"<div class=\"elementor-element elementor-element-6621759 e-no-lazyload e-flex e-con-boxed e-con e-parent e-lazyloaded\" data-id=\"6621759\" data-element_type=\"container\">\n<div class=\"e-con-inner\">\n<div class=\"elementor-element elementor-element-4756e65 e-con-full e-flex e-con e-child\" data-id=\"4756e65\" data-element_type=\"container\">\n<div class=\"elementor-element elementor-element-a25940d elementor-widget elementor-widget-woocommerce-product-data-tabs\" data-id=\"a25940d\" data-element_type=\"widget\" data-widget_type=\"woocommerce-product-data-tabs.default\">\n<div class=\"elementor-widget-container\">\n<div class=\"woocommerce-tabs wc-tabs-wrapper\">\n<div id=\"tab-description\" class=\"woocommerce-Tabs-panel woocommerce-Tabs-panel--description panel entry-content wc-tab\" role=\"tabpanel\" aria-labelledby=\"tab-title-description\">\n<h2>Kuchenst\u00e4nder<\/h2>\n<hr>\n<h3>Entdecken Sie unseren quadratischen Tortenst\u00e4nder anis \/ fuchsia 18 x 18 cm pro 100 St\u00fcck<\/h3>\n<p><!--more--><\/p>\n<p data-start=\"233\" data-end=\"607\">Lassen Sie Ihre Desserts mit diesem <strong data-start=\"299\" data-end=\"352\">quadratischen Tortenst\u00e4nder in Anis\/Fuchsia 18 x 18 cm<\/strong> gl\u00e4nzen! Dieser St\u00e4nder ist perfekt f\u00fcr <strong data-start=\"372\" data-end=\"386\">Konditoren<\/strong>, <strong data-start=\"388\" data-end=\"401\">Caterer<\/strong> oder <strong data-start=\"405\" data-end=\"419\">B\u00e4cker<\/strong> und verleiht Ihren Pr\u00e4sentationen einen echten <strong data-start=\"450\" data-end=\"469\">Pep<\/strong>. Mit seinen leuchtenden <strong data-start=\"509\" data-end=\"528\">Anis- und Fuchsiafarben<\/strong> zieht er die Blicke auf sich und bringt Ihre Torten sofort zur Geltung. Sie ist aus <strong data-start=\"626\" data-end=\"656\">festem, widerstandsf\u00e4higem Karton<\/strong> gefertigt und garantiert eine <strong data-start=\"674\" data-end=\"698\">ausgezeichnete Stabilit\u00e4t<\/strong>. Sie k\u00f6nnen darauf problemlos Entremets, Kuchenst\u00fccke oder sogar Mini-Desserts abstellen. Dank seines <strong data-start=\"805\" data-end=\"832\">quadratischen Formats von 18 x 18 cm<\/strong> bleibt es praktisch und vielseitig: nicht zu gro\u00df und nicht zu klein. Au\u00dferdem ist es <strong data-start=\"911\" data-end=\"920\">leicht<\/strong>, <strong data-start=\"922\" data-end=\"933\">wegwerfbar<\/strong> und vor allem <strong data-start=\"946\" data-end=\"960\">hygienisch<\/strong> &#8211; perfekt f\u00fcr den t\u00e4glichen professionellen Gebrauch.     <\/p>\n<p data-start=\"1016\" data-end=\"1380\">Aber abgesehen vom praktischen Aspekt verleiht dieser <strong data-start=\"1054\" data-end=\"1074\">Tortenst\u00e4nder<\/strong> Ihren Kreationen auch <strong data-start=\"1084\" data-end=\"1093\">Stil<\/strong>. Er verleiht Ihren Buffets, Vitrinen oder Tischen bei Veranstaltungen eine <strong data-start=\"1125\" data-end=\"1152\">farbenfrohe und festliche Note<\/strong>. Im Handumdrehen sehen Ihre Desserts noch appetitlicher aus. Und weil er <strong data-start=\"1294\" data-end=\"1305\">im 100er-Pack<\/strong> verkauft wird, sparen Sie Zeit, w\u00e4hrend Ihr Vorrat stets einsatzbereit ist.   <\/p>\n<p data-start=\"1382\" data-end=\"1608\">Ob f\u00fcr einen <strong data-start=\"1402\" data-end=\"1418\">Geburtstag<\/strong>, eine <strong data-start=\"1423\" data-end=\"1434\">Hochzeit<\/strong> oder einen <strong data-start=\"1442\" data-end=\"1455\">Empfang<\/strong>, dieser St\u00e4nder ist das kleine Detail, das den Unterschied ausmacht. Er ist einfach zu verwenden und hilft Ihnen, Ihre S\u00fc\u00dfigkeiten geschmackvoll und professionell zu pr\u00e4sentieren. <\/p>\n<p data-start=\"1610\" data-end=\"1809\">Zusammenfassend l\u00e4sst sich sagen, dass dieser <strong data-start=\"1624\" data-end=\"1677\">quadratische Tortenst\u00e4nder in Anis \/ Fuchsia 18 x 18 cm<\/strong> die perfekte Kombination aus <strong data-start=\"1708\" data-end=\"1721\">Zweckm\u00e4\u00dfigkeit<\/strong>, <strong data-start=\"1723\" data-end=\"1735\">Stabilit\u00e4t<\/strong> und <strong data-start=\"1739\" data-end=\"1753\">\u00c4sthetik<\/strong> ist. Denn ein sch\u00f6nes Dessert verdient auch einen sch\u00f6nen St\u00e4nder! <\/p>\n<p data-start=\"1610\" data-end=\"1809\"><!--more--><\/p>\n<h4 data-start=\"1610\" data-end=\"1809\">Vorteile :<\/h4>\n<ul>\n<li data-start=\"1849\" data-end=\"1902\">Strahlende, moderne <strong data-start=\"1858\" data-end=\"1877\">Anis- und Fuchsiafarben<\/strong>.<\/li>\n<li data-start=\"1905\" data-end=\"1958\">Starker, <strong data-start=\"1905\" data-end=\"1922\">fester Karton<\/strong> f\u00fcr einen guten Halt.<\/li>\n<li data-start=\"1961\" data-end=\"2023\">Praktisches <strong data-start=\"1961\" data-end=\"1982\">Format 18 x 18 cm<\/strong> f\u00fcr einzelne Desserts.<\/li>\n<li data-start=\"2026\" data-end=\"2069\">Wird <strong data-start=\"2032\" data-end=\"2043\">zu 100 St\u00fcck<\/strong> verkauft, praktisch und preiswert.<\/li>\n<\/ul>\n<p>&nbsp;<\/p>\n<p><!--more--><\/p>\n<h4>Weitere Informationen :<\/h4>\n<ul>\n<li><strong>Verpackung<\/strong>: Packung mit 100 St\u00fcck<\/li>\n<li><strong>Ma\u00dfe<\/strong>: 18 x 18 cm<\/li>\n<li><strong>Material<\/strong>: Karton<\/li>\n<li><strong>Farbe<\/strong>: Anis \/ Fuchsia<\/li>\n<\/ul>\n<p>&nbsp;<\/p>\n<p><!--more--><\/p>\n<p>Dieser farbenfrohe Kuchenst\u00e4nder ist in verschiedenen Gr\u00f6\u00dfen erh\u00e4ltlich : <span style=\"color: #d12727;\"><a style=\"color: #d12727;\" href=\"https:\/\/www.csj-emballages.com\/de\/produit\/100-quadratische-farbige-tortenaufleger-anis-fuchsia-16-x-16-cm\/\">16 cm<\/a><\/span> \/ <span style=\"color: #d12727;\"><a style=\"color: #d12727;\" href=\"https:\/\/www.csj-emballages.com\/de\/produit\/100-quadratische-farbige-kuchenhalter-anis-fuchsia-20-x-20-cm\/\">20 cm<\/a><\/span> \/ <span style=\"color: #d12727;\"><a style=\"color: #d12727;\" href=\"https:\/\/www.csj-emballages.com\/de\/produit\/100-quadratische-farbige-kuchenhalter-anis-fuchsia-22-x-22-cm\/\">22 cm<\/a><\/span> \/ <span style=\"color: #d12727;\"><a style=\"color: #d12727;\" href=\"https:\/\/www.csj-emballages.com\/de\/produit\/100-quadratische-farbige-kuchenhalter-anis-fuchsia-24-x-24-cm\/\">24 cm<\/a><\/span> \/ <span style=\"color: #d12727;\"><a style=\"color: #d12727;\" href=\"https:\/\/www.csj-emballages.com\/de\/produit\/100-quadratische-farbige-kuchenhalter-anis-fuchsia-26-x-26-cm\/\">26 cm<\/a><\/span><\/p>\n<p>&nbsp;<\/p>\n<p><!--more--><\/p>\n<p><a href=\"https:\/\/www.csj-emballages.com\/de\/categorie-produit\/lebensmittelverpackungen\/backerei-und-konditorei\/kuchensohlenhalter\/farbige-quadratische-unterlagen\/\">Sehen Sie sich den Rest unseres Sortiments an quadratischen Tortenst\u00e4ndern in Anis \/ Fuchsia an<\/a><\/p>\n<\/div>\n<\/div>\n<\/div>\n<\/div>\n<\/div>\n<\/div>\n<\/div>\n","protected":false},"excerpt":{"rendered":"<p>Kuchenst\u00e4nder Entdecken Sie unseren quadratischen Tortenst\u00e4nder anis \/ fuchsia 18 x 18 cm pro 100 St\u00fcck<\/p>\n","protected":false},"featured_media":253289,"template":"","meta":{"_acf_changed":false},"product_brand":[],"product_cat":[1137,1171,1925,3937,1265],"product_tag":[],"class_list":{"0":"post-245133","1":"product","2":"type-product","3":"status-publish","4":"has-post-thumbnail","6":"product_cat-lebensmittelverpackungen","7":"product_cat-backerei-und-konditorei","8":"product_cat-kuchensohlenhalter","9":"product_cat-farbige-quadratische-unterlagen","10":"product_cat-lagerbestande-promotion","12":"first","13":"instock","14":"sale","15":"taxable","16":"shipping-taxable","17":"purchasable","18":"product-type-simple"},"acf":[],"yoast_head":"<!-- This site is optimized with the Yoast SEO Premium plugin v26.6 (Yoast SEO v26.6) - https:\/\/yoast.com\/wordpress\/plugins\/seo\/ -->\n<title>Kuchenst\u00e4nder quadratisch Anis \/ Fuchsia 18 x 18 cm pro 100<\/title>\n<meta name=\"description\" content=\"Verleihen Sie Ihren Desserts einen Farbtupfer mit dem Tortenst\u00e4nder anis \/ fuchsia 18 x 18 cm. Stabil, praktisch und perfekt f\u00fcr Backprofis.\" \/>\n<meta name=\"robots\" content=\"index, follow, max-snippet:-1, max-image-preview:large, max-video-preview:-1\" \/>\n<link rel=\"canonical\" href=\"https:\/\/www.csj-emballages.com\/de\/produit\/100-quadratische-farbige-kuchenhalter-anis-fuchsia-18-x-18-cm\/\" \/>\n<meta property=\"og:locale\" content=\"de_DE\" \/>\n<meta property=\"og:type\" content=\"article\" \/>\n<meta property=\"og:title\" content=\"Kuchenhalter quadratisch anis \/ fuchsia 18 x 18 cm pro 100\" \/>\n<meta property=\"og:description\" content=\"Verleihen Sie Ihren Desserts einen Farbtupfer mit dem Tortenst\u00e4nder anis \/ fuchsia 18 x 18 cm. Stabil, praktisch und perfekt f\u00fcr Backprofis.\" \/>\n<meta property=\"og:url\" content=\"https:\/\/www.csj-emballages.com\/de\/produit\/100-quadratische-farbige-kuchenhalter-anis-fuchsia-18-x-18-cm\/\" \/>\n<meta property=\"og:site_name\" content=\"CSJ Emballages\" \/>\n<meta property=\"article:publisher\" content=\"https:\/\/www.facebook.com\/csjemballages\" \/>\n<meta property=\"article:modified_time\" content=\"2026-04-16T00:12:00+00:00\" \/>\n<meta property=\"og:image\" content=\"https:\/\/www.csj-emballages.com\/wp-content\/uploads\/2024\/03\/Supports-carres-colores.webp\" \/>\n\t<meta property=\"og:image:width\" content=\"800\" \/>\n\t<meta property=\"og:image:height\" content=\"800\" \/>\n\t<meta property=\"og:image:type\" content=\"image\/webp\" \/>\n<meta name=\"twitter:card\" content=\"summary_large_image\" \/>\n<meta name=\"twitter:label1\" content=\"Gesch\u00e4tzte Lesezeit\" \/>\n\t<meta name=\"twitter:data1\" content=\"2 Minuten\" \/>\n<script type=\"application\/ld+json\" class=\"yoast-schema-graph\">{\"@context\":\"https:\/\/schema.org\",\"@graph\":[{\"@type\":\"WebPage\",\"@id\":\"https:\/\/www.csj-emballages.com\/de\/produit\/100-quadratische-farbige-kuchenhalter-anis-fuchsia-18-x-18-cm\/\",\"url\":\"https:\/\/www.csj-emballages.com\/de\/produit\/100-quadratische-farbige-kuchenhalter-anis-fuchsia-18-x-18-cm\/\",\"name\":\"Kuchenst\u00e4nder quadratisch Anis \/ Fuchsia 18 x 18 cm pro 100\",\"isPartOf\":{\"@id\":\"https:\/\/www.csj-emballages.com\/de\/#website\"},\"primaryImageOfPage\":{\"@id\":\"https:\/\/www.csj-emballages.com\/de\/produit\/100-quadratische-farbige-kuchenhalter-anis-fuchsia-18-x-18-cm\/#primaryimage\"},\"image\":{\"@id\":\"https:\/\/www.csj-emballages.com\/de\/produit\/100-quadratische-farbige-kuchenhalter-anis-fuchsia-18-x-18-cm\/#primaryimage\"},\"thumbnailUrl\":\"https:\/\/www.csj-emballages.com\/wp-content\/uploads\/2024\/03\/Supports-carres-colores.webp\",\"datePublished\":\"2025-09-26T14:18:20+00:00\",\"dateModified\":\"2026-04-16T00:12:00+00:00\",\"description\":\"Verleihen Sie Ihren Desserts einen Farbtupfer mit dem Tortenst\u00e4nder anis \/ fuchsia 18 x 18 cm. Stabil, praktisch und perfekt f\u00fcr Backprofis.\",\"breadcrumb\":{\"@id\":\"https:\/\/www.csj-emballages.com\/de\/produit\/100-quadratische-farbige-kuchenhalter-anis-fuchsia-18-x-18-cm\/#breadcrumb\"},\"inLanguage\":\"de\",\"potentialAction\":[{\"@type\":\"ReadAction\",\"target\":[\"https:\/\/www.csj-emballages.com\/de\/produit\/100-quadratische-farbige-kuchenhalter-anis-fuchsia-18-x-18-cm\/\"]}]},{\"@type\":\"ImageObject\",\"inLanguage\":\"de\",\"@id\":\"https:\/\/www.csj-emballages.com\/de\/produit\/100-quadratische-farbige-kuchenhalter-anis-fuchsia-18-x-18-cm\/#primaryimage\",\"url\":\"https:\/\/www.csj-emballages.com\/wp-content\/uploads\/2024\/03\/Supports-carres-colores.webp\",\"contentUrl\":\"https:\/\/www.csj-emballages.com\/wp-content\/uploads\/2024\/03\/Supports-carres-colores.webp\",\"width\":800,\"height\":800,\"caption\":\"Support \u00e0 g\u00e2teau\"},{\"@type\":\"BreadcrumbList\",\"@id\":\"https:\/\/www.csj-emballages.com\/de\/produit\/100-quadratische-farbige-kuchenhalter-anis-fuchsia-18-x-18-cm\/#breadcrumb\",\"itemListElement\":[{\"@type\":\"ListItem\",\"position\":1,\"name\":\"Accueil\",\"item\":\"https:\/\/www.csj-emballages.com\/de\/universum-lebensmittelverpackungen\/\"},{\"@type\":\"ListItem\",\"position\":2,\"name\":\"Shop\",\"item\":\"https:\/\/www.csj-emballages.com\/shop\/\"},{\"@type\":\"ListItem\",\"position\":3,\"name\":\"Kuchenhalter quadratisch anis \/ fuchsia 18 x 18 cm pro 100\"}]},{\"@type\":\"WebSite\",\"@id\":\"https:\/\/www.csj-emballages.com\/de\/#website\",\"url\":\"https:\/\/www.csj-emballages.com\/de\/\",\"name\":\"CSJ Emballages\",\"description\":\"\",\"publisher\":{\"@id\":\"https:\/\/www.csj-emballages.com\/de\/#organization\"},\"potentialAction\":[{\"@type\":\"SearchAction\",\"target\":{\"@type\":\"EntryPoint\",\"urlTemplate\":\"https:\/\/www.csj-emballages.com\/de\/?s={search_term_string}\"},\"query-input\":{\"@type\":\"PropertyValueSpecification\",\"valueRequired\":true,\"valueName\":\"search_term_string\"}}],\"inLanguage\":\"de\"},{\"@type\":\"Organization\",\"@id\":\"https:\/\/www.csj-emballages.com\/de\/#Organization\/\",\"name\":\"CSJ Emballages\",\"url\":\"https:\/\/www.csj-emballages.com\/de\/\",\"logo\":{\"@type\":\"ImageObject\",\"inLanguage\":\"de\",\"@id\":\"https:\/\/www.csj-emballages.com\/de\/#\/schema\/logo\/image\/\",\"url\":\"https:\/\/www.csj-emballages.com\/wp-content\/uploads\/2023\/10\/logo_csj.webp\",\"contentUrl\":\"https:\/\/www.csj-emballages.com\/wp-content\/uploads\/2023\/10\/logo_csj.webp\",\"width\":250,\"height\":95,\"caption\":\"CSJ Emballages\"},\"image\":{\"@id\":\"https:\/\/www.csj-emballages.com\/de\/#\/schema\/logo\/image\/\"},\"sameAs\":[\"https:\/\/www.facebook.com\/csjemballages\"],\"address\":{\"@type\":\"PostalAddress\",\"streetAddress\":\"ZI La Lechere\",\"addressLocality\":\"Patornay\",\"postalCode\":\"39130\",\"addressCountry\":\"FR\"},\"contactPoint\":[{\"@type\":\"ContactPoint\",\"contactType\":\"Service client\",\"telephone\":\"0384254272\",\"email\":\"contact@csj-emballages.com\"}]}]}<\/script>\n<!-- \/ Yoast SEO Premium plugin. -->","yoast_head_json":{"title":"Kuchenst\u00e4nder quadratisch Anis \/ Fuchsia 18 x 18 cm pro 100","description":"Verleihen Sie Ihren Desserts einen Farbtupfer mit dem Tortenst\u00e4nder anis \/ fuchsia 18 x 18 cm. Stabil, praktisch und perfekt f\u00fcr Backprofis.","robots":{"index":"index","follow":"follow","max-snippet":"max-snippet:-1","max-image-preview":"max-image-preview:large","max-video-preview":"max-video-preview:-1"},"canonical":"https:\/\/www.csj-emballages.com\/de\/produit\/100-quadratische-farbige-kuchenhalter-anis-fuchsia-18-x-18-cm\/","og_locale":"de_DE","og_type":"article","og_title":"Kuchenhalter quadratisch anis \/ fuchsia 18 x 18 cm pro 100","og_description":"Verleihen Sie Ihren Desserts einen Farbtupfer mit dem Tortenst\u00e4nder anis \/ fuchsia 18 x 18 cm. Stabil, praktisch und perfekt f\u00fcr Backprofis.","og_url":"https:\/\/www.csj-emballages.com\/de\/produit\/100-quadratische-farbige-kuchenhalter-anis-fuchsia-18-x-18-cm\/","og_site_name":"CSJ Emballages","article_publisher":"https:\/\/www.facebook.com\/csjemballages","article_modified_time":"2026-04-16T00:12:00+00:00","og_image":[{"width":800,"height":800,"url":"https:\/\/www.csj-emballages.com\/wp-content\/uploads\/2024\/03\/Supports-carres-colores.webp","type":"image\/webp"}],"twitter_card":"summary_large_image","twitter_misc":{"Gesch\u00e4tzte Lesezeit":"2 Minuten"},"schema":{"@context":"https:\/\/schema.org","@graph":[{"@type":"WebPage","@id":"https:\/\/www.csj-emballages.com\/de\/produit\/100-quadratische-farbige-kuchenhalter-anis-fuchsia-18-x-18-cm\/","url":"https:\/\/www.csj-emballages.com\/de\/produit\/100-quadratische-farbige-kuchenhalter-anis-fuchsia-18-x-18-cm\/","name":"Kuchenst\u00e4nder quadratisch Anis \/ Fuchsia 18 x 18 cm pro 100","isPartOf":{"@id":"https:\/\/www.csj-emballages.com\/de\/#website"},"primaryImageOfPage":{"@id":"https:\/\/www.csj-emballages.com\/de\/produit\/100-quadratische-farbige-kuchenhalter-anis-fuchsia-18-x-18-cm\/#primaryimage"},"image":{"@id":"https:\/\/www.csj-emballages.com\/de\/produit\/100-quadratische-farbige-kuchenhalter-anis-fuchsia-18-x-18-cm\/#primaryimage"},"thumbnailUrl":"https:\/\/www.csj-emballages.com\/wp-content\/uploads\/2024\/03\/Supports-carres-colores.webp","datePublished":"2025-09-26T14:18:20+00:00","dateModified":"2026-04-16T00:12:00+00:00","description":"Verleihen Sie Ihren Desserts einen Farbtupfer mit dem Tortenst\u00e4nder anis \/ fuchsia 18 x 18 cm. Stabil, praktisch und perfekt f\u00fcr Backprofis.","breadcrumb":{"@id":"https:\/\/www.csj-emballages.com\/de\/produit\/100-quadratische-farbige-kuchenhalter-anis-fuchsia-18-x-18-cm\/#breadcrumb"},"inLanguage":"de","potentialAction":[{"@type":"ReadAction","target":["https:\/\/www.csj-emballages.com\/de\/produit\/100-quadratische-farbige-kuchenhalter-anis-fuchsia-18-x-18-cm\/"]}]},{"@type":"ImageObject","inLanguage":"de","@id":"https:\/\/www.csj-emballages.com\/de\/produit\/100-quadratische-farbige-kuchenhalter-anis-fuchsia-18-x-18-cm\/#primaryimage","url":"https:\/\/www.csj-emballages.com\/wp-content\/uploads\/2024\/03\/Supports-carres-colores.webp","contentUrl":"https:\/\/www.csj-emballages.com\/wp-content\/uploads\/2024\/03\/Supports-carres-colores.webp","width":800,"height":800,"caption":"Support \u00e0 g\u00e2teau"},{"@type":"BreadcrumbList","@id":"https:\/\/www.csj-emballages.com\/de\/produit\/100-quadratische-farbige-kuchenhalter-anis-fuchsia-18-x-18-cm\/#breadcrumb","itemListElement":[{"@type":"ListItem","position":1,"name":"Accueil","item":"https:\/\/www.csj-emballages.com\/de\/universum-lebensmittelverpackungen\/"},{"@type":"ListItem","position":2,"name":"Shop","item":"https:\/\/www.csj-emballages.com\/shop\/"},{"@type":"ListItem","position":3,"name":"Kuchenhalter quadratisch anis \/ fuchsia 18 x 18 cm pro 100"}]},{"@type":"WebSite","@id":"https:\/\/www.csj-emballages.com\/de\/#website","url":"https:\/\/www.csj-emballages.com\/de\/","name":"CSJ Emballages","description":"","publisher":{"@id":"https:\/\/www.csj-emballages.com\/de\/#organization"},"potentialAction":[{"@type":"SearchAction","target":{"@type":"EntryPoint","urlTemplate":"https:\/\/www.csj-emballages.com\/de\/?s={search_term_string}"},"query-input":{"@type":"PropertyValueSpecification","valueRequired":true,"valueName":"search_term_string"}}],"inLanguage":"de"},{"@type":"Organization","@id":"https:\/\/www.csj-emballages.com\/de\/#Organization\/","name":"CSJ Emballages","url":"https:\/\/www.csj-emballages.com\/de\/","logo":{"@type":"ImageObject","inLanguage":"de","@id":"https:\/\/www.csj-emballages.com\/de\/#\/schema\/logo\/image\/","url":"https:\/\/www.csj-emballages.com\/wp-content\/uploads\/2023\/10\/logo_csj.webp","contentUrl":"https:\/\/www.csj-emballages.com\/wp-content\/uploads\/2023\/10\/logo_csj.webp","width":250,"height":95,"caption":"CSJ Emballages"},"image":{"@id":"https:\/\/www.csj-emballages.com\/de\/#\/schema\/logo\/image\/"},"sameAs":["https:\/\/www.facebook.com\/csjemballages"],"address":{"@type":"PostalAddress","streetAddress":"ZI La Lechere","addressLocality":"Patornay","postalCode":"39130","addressCountry":"FR"},"contactPoint":[{"@type":"ContactPoint","contactType":"Service client","telephone":"0384254272","email":"contact@csj-emballages.com"}]}]}},"df_price":7.31,"df_sale_price":7.31,"df_regular_price":18.28,"df_image_link":"https:\/\/www.csj-emballages.com\/wp-content\/uploads\/2024\/03\/Supports-carres-colores-300x300.webp","tiered_pricing_type":"fixed","tiered_pricing_fixed_rules":[],"tiered_pricing_percentage_rules":[],"tiered_pricing_minimum":1,"tiered_pricing_roles_data":[],"_links":{"self":[{"href":"https:\/\/www.csj-emballages.com\/de\/wp-json\/wp\/v2\/product\/245133","targetHints":{"allow":["GET"]}}],"collection":[{"href":"https:\/\/www.csj-emballages.com\/de\/wp-json\/wp\/v2\/product"}],"about":[{"href":"https:\/\/www.csj-emballages.com\/de\/wp-json\/wp\/v2\/types\/product"}],"wp:featuredmedia":[{"embeddable":true,"href":"https:\/\/www.csj-emballages.com\/de\/wp-json\/wp\/v2\/media\/253289"}],"wp:attachment":[{"href":"https:\/\/www.csj-emballages.com\/de\/wp-json\/wp\/v2\/media?parent=245133"}],"wp:term":[{"taxonomy":"product_brand","embeddable":true,"href":"https:\/\/www.csj-emballages.com\/de\/wp-json\/wp\/v2\/product_brand?post=245133"},{"taxonomy":"product_cat","embeddable":true,"href":"https:\/\/www.csj-emballages.com\/de\/wp-json\/wp\/v2\/product_cat?post=245133"},{"taxonomy":"product_tag","embeddable":true,"href":"https:\/\/www.csj-emballages.com\/de\/wp-json\/wp\/v2\/product_tag?post=245133"}],"curies":[{"name":"wp","href":"https:\/\/api.w.org\/{rel}","templated":true}]}}