{"id":245108,"date":"2025-09-18T14:18:35","date_gmt":"2025-09-18T12:18:35","guid":{"rendered":"https:\/\/www.csj-emballages.com\/produit\/lufterfrischer-mit-vanilleduft-auney-250ml\/"},"modified":"2026-04-03T02:11:35","modified_gmt":"2026-04-03T00:11:35","slug":"lufterfrischer-mit-vanilleduft-auney-250ml","status":"publish","type":"product","link":"https:\/\/www.csj-emballages.com\/de\/produit\/lufterfrischer-mit-vanilleduft-auney-250ml\/","title":{"rendered":"Lufterfrischer mit Vanilleduft auney 250ml"},"content":{"rendered":"<h2>Lufterfrischer mit Vanilleduft<\/h2>\n<hr>\n<h3>Beschreibung unseres Lufterfrischers mit Vanilleduft auney 250ml<\/h3>\n<p><!--more--><\/p>\n<p data-start=\"0\" data-end=\"464\">Bringen Sie einen Hauch von <strong data-start=\"53\" data-end=\"66\">Frische<\/strong> und <strong data-start=\"73\" data-end=\"84\">Sanftheit<\/strong> in Ihre R\u00e4ume mit dem <strong data-start=\"53\" data-end=\"66\">Lufterfrischer<\/strong> mit <strong data-start=\"107\" data-end=\"151\">Vanilleduft Auney 250 ml.<\/strong> Dank seiner Formel, die speziell f\u00fcr eine l\u00e4ngere Diffusion entwickelt wurde, h\u00fcllt er jeden Raum in einen <strong data-start=\"253\" data-end=\"288\">k\u00f6stlichen und aufmunternden Duft<\/strong>. Dieser <strong>Lufterfrischer Vanille<\/strong> zeichnet sich durch seine Wirksamkeit und seine einfache Anwendung aus.  <\/p>\n<p data-start=\"466\" data-end=\"843\">Die <strong data-start=\"480\" data-end=\"505\">Nachf\u00fcllpackungen<\/strong>, die mit Ihrem Diffusor <strong data-start=\"480\" data-end=\"505\">kompatibel<\/strong> sind, eignen sich perfekt, um einen Raum dauerhaft zu parf\u00fcmieren. Sie neutralisieren schlechte Ger\u00fcche und setzen gleichzeitig ein <strong data-start=\"644\" data-end=\"655\">Vanillearoma<\/strong> frei, das gleichzeitig <strong data-start=\"666\" data-end=\"676\">subtil<\/strong> und <strong data-start=\"680\" data-end=\"692\">langanhaltend<\/strong> ist. So hinterl\u00e4sst jeder Spr\u00fchsto\u00df eine warme Atmosph\u00e4re, die Ihre Kunden, Mitarbeiter oder G\u00e4ste sofort in ihren Bann zieht.  <\/p>\n<p data-start=\"845\" data-end=\"1272\">Ebenso bietet Ihnen eine einzige Nachf\u00fcllpackung bis zu <strong data-start=\"892\" data-end=\"915\">3000 Spr\u00fchst\u00f6\u00dfe<\/strong>, was eine dauerhafte und wirtschaftliche Nutzung garantiert. Die Gr\u00f6\u00dfe von <strong>250 ml<\/strong> ist daher ideal f\u00fcr den regelm\u00e4\u00dfigen Gebrauch in Restaurants, Gesch\u00e4ften oder sogar zu Hause. Mit diesem <strong>Vanille-Lufterfrischer<\/strong> m\u00fcssen Sie sich nicht mehr vor hartn\u00e4ckigen Ger\u00fcchen f\u00fcrchten: Seine <strong>desodorierende<\/strong> Wirkung wirkt schnell und sorgt den ganzen Tag \u00fcber f\u00fcr eine angenehme Umgebung.  <\/p>\n<p data-start=\"1274\" data-end=\"1560\">Wenn Sie sich f\u00fcr den <strong>Lufterfrischer mit Vanilleduft von Auney<\/strong> entscheiden, setzen Sie auf ein Produkt, das gleichzeitig <strong data-start=\"1363\" data-end=\"1375\">praktisch<\/strong> und <strong data-start=\"1377\" data-end=\"1389\">wirksam ist<\/strong> und Ihren Geruchskomfort respektiert. Sein Vanilleduft, der zugleich sanft und umh\u00fcllend ist, schafft eine beruhigende Atmosph\u00e4re, die Entspannung und Wohlbefinden f\u00f6rdert. <\/p>\n<p data-start=\"1562\" data-end=\"1814\">Zusammenfassend l\u00e4sst sich sagen, dass dieser <strong>Lufterfrischer<\/strong> der perfekte Verb\u00fcndete ist, egal ob Sie die Raumluft <strong data-start=\"1590\" data-end=\"1605\">deodorieren<\/strong>, <strong data-start=\"1607\" data-end=\"1619\">parf\u00fcmieren<\/strong> oder einfach nur veredeln wollen. Er kombiniert Leistung, Haltbarkeit und einen unwiderstehlichen Duft, um Ihre R\u00e4ume in einen duftenden Kokon zu verwandeln. <\/p>\n<p data-start=\"1562\" data-end=\"1814\"><!--more--><\/p>\n<h4 data-start=\"1562\" data-end=\"1814\">Vorteile :<\/h4>\n<ul>\n<li>Bis zu <strong data-start=\"2048\" data-end=\"2071\">3000 Spr\u00fchst\u00f6\u00dfe<\/strong> pro Nachf\u00fcllpackung f\u00fcr eine lange Haltbarkeit.<\/li>\n<li>Sanfter, warmer und lang anhaltender <strong data-start=\"2112\" data-end=\"2130\">Vanilleduft<\/strong>.<\/li>\n<li>Neutralisiert wirksam schlechte Ger\u00fcche.<\/li>\n<li><strong data-start=\"2222\" data-end=\"2241\">Praktisches 250-ml-Format<\/strong>, perfekt f\u00fcr den professionellen und privaten Gebrauch.<\/li>\n<li>Kontinuierliche Verbreitung durch <strong data-start=\"2325\" data-end=\"2350\">kompatible Nachf\u00fcllpackungen<\/strong>.<\/li>\n<\/ul>\n<p>&nbsp;<\/p>\n<p><!--more--><\/p>\n<h4>Weitere Informationen :<\/h4>\n<ul>\n<li><strong>Verpackung<\/strong>: Einzeln<\/li>\n<li><strong>Volumen<\/strong>: 250 ml<\/li>\n<li><strong>Parf\u00fcm<\/strong>: Auney Vanille<\/li>\n<\/ul>\n<p>&nbsp;<\/p>\n<p><!--more--><\/p>\n<p>Entdecken Sie hier unseren Lufterfrischer mit Zitronenduft 750 ml : <span style=\"color: #d12727;\"><a style=\"color: #d12727;\" href=\"https:\/\/www.csj-emballages.com\/es\/produit\/ambientador-fragancia-limon-aerosol-750-ml\/\">2249750<\/a><\/span><\/p>\n<p>&nbsp;<\/p>\n<p><!--more--><\/p>\n<p><a href=\"https:\/\/www.csj-emballages.com\/de\/categorie-produit\/lufterfrischer-parfum\/\">Sehen Sie sich den Rest unseres Sortiments an Lufterfrischern \/ Parf\u00fcms an<\/a><\/p>\n","protected":false},"excerpt":{"rendered":"<p>Lufterfrischer mit Vanilleduft Beschreibung unseres Lufterfrischers mit Vanilleduft auney 250ml<\/p>\n","protected":false},"featured_media":245099,"template":"","meta":{"_acf_changed":false},"product_brand":[],"product_cat":[1218,1219,9727],"product_tag":[],"class_list":{"0":"post-245108","1":"product","2":"type-product","3":"status-publish","4":"has-post-thumbnail","6":"product_cat-hygiene-und-pflege","7":"product_cat-pflegeprodukte","8":"product_cat-lufterfrischer-parfum-de-2","10":"first","11":"instock","12":"taxable","13":"shipping-taxable","14":"purchasable","15":"product-type-simple"},"acf":[],"yoast_head":"<!-- This site is optimized with the Yoast SEO Premium plugin v26.6 (Yoast SEO v26.6) - https:\/\/yoast.com\/wordpress\/plugins\/seo\/ -->\n<title>Auney Vanille Parfum Deodorant 250ml<\/title>\n<meta name=\"description\" content=\"Auney Lufterfrischer mit Vanilleduft 250 ml: Bis zu 3000 Spr\u00fchst\u00f6\u00dfe f\u00fcr einen k\u00f6stlichen, langanhaltenden Duft. Ideal, um schlechte Ger\u00fcche zu neutralisieren.\" \/>\n<meta name=\"robots\" content=\"index, follow, max-snippet:-1, max-image-preview:large, max-video-preview:-1\" \/>\n<link rel=\"canonical\" href=\"https:\/\/www.csj-emballages.com\/de\/produit\/lufterfrischer-mit-vanilleduft-auney-250ml\/\" \/>\n<meta property=\"og:locale\" content=\"de_DE\" \/>\n<meta property=\"og:type\" content=\"article\" \/>\n<meta property=\"og:title\" content=\"Lufterfrischer mit Vanilleduft auney 250ml\" \/>\n<meta property=\"og:description\" content=\"Auney Lufterfrischer mit Vanilleduft 250 ml: Bis zu 3000 Spr\u00fchst\u00f6\u00dfe f\u00fcr einen k\u00f6stlichen, langanhaltenden Duft. Ideal, um schlechte Ger\u00fcche zu neutralisieren.\" \/>\n<meta property=\"og:url\" content=\"https:\/\/www.csj-emballages.com\/de\/produit\/lufterfrischer-mit-vanilleduft-auney-250ml\/\" \/>\n<meta property=\"og:site_name\" content=\"CSJ Emballages\" \/>\n<meta property=\"article:publisher\" content=\"https:\/\/www.facebook.com\/csjemballages\" \/>\n<meta property=\"article:modified_time\" content=\"2026-04-03T00:11:35+00:00\" \/>\n<meta property=\"og:image\" content=\"https:\/\/www.csj-emballages.com\/wp-content\/uploads\/2025\/09\/135277.webp\" \/>\n\t<meta property=\"og:image:width\" content=\"800\" \/>\n\t<meta property=\"og:image:height\" content=\"800\" \/>\n\t<meta property=\"og:image:type\" content=\"image\/webp\" \/>\n<meta name=\"twitter:card\" content=\"summary_large_image\" \/>\n<meta name=\"twitter:label1\" content=\"Gesch\u00e4tzte Lesezeit\" \/>\n\t<meta name=\"twitter:data1\" content=\"2 Minuten\" \/>\n<script type=\"application\/ld+json\" class=\"yoast-schema-graph\">{\"@context\":\"https:\/\/schema.org\",\"@graph\":[{\"@type\":\"WebPage\",\"@id\":\"https:\/\/www.csj-emballages.com\/de\/produit\/lufterfrischer-mit-vanilleduft-auney-250ml\/\",\"url\":\"https:\/\/www.csj-emballages.com\/de\/produit\/lufterfrischer-mit-vanilleduft-auney-250ml\/\",\"name\":\"Auney Vanille Parfum Deodorant 250ml\",\"isPartOf\":{\"@id\":\"https:\/\/www.csj-emballages.com\/de\/#website\"},\"primaryImageOfPage\":{\"@id\":\"https:\/\/www.csj-emballages.com\/de\/produit\/lufterfrischer-mit-vanilleduft-auney-250ml\/#primaryimage\"},\"image\":{\"@id\":\"https:\/\/www.csj-emballages.com\/de\/produit\/lufterfrischer-mit-vanilleduft-auney-250ml\/#primaryimage\"},\"thumbnailUrl\":\"https:\/\/www.csj-emballages.com\/wp-content\/uploads\/2025\/09\/135277.webp\",\"datePublished\":\"2025-09-18T12:18:35+00:00\",\"dateModified\":\"2026-04-03T00:11:35+00:00\",\"description\":\"Auney Lufterfrischer mit Vanilleduft 250 ml: Bis zu 3000 Spr\u00fchst\u00f6\u00dfe f\u00fcr einen k\u00f6stlichen, langanhaltenden Duft. Ideal, um schlechte Ger\u00fcche zu neutralisieren.\",\"breadcrumb\":{\"@id\":\"https:\/\/www.csj-emballages.com\/de\/produit\/lufterfrischer-mit-vanilleduft-auney-250ml\/#breadcrumb\"},\"inLanguage\":\"de\",\"potentialAction\":[{\"@type\":\"ReadAction\",\"target\":[\"https:\/\/www.csj-emballages.com\/de\/produit\/lufterfrischer-mit-vanilleduft-auney-250ml\/\"]}]},{\"@type\":\"ImageObject\",\"inLanguage\":\"de\",\"@id\":\"https:\/\/www.csj-emballages.com\/de\/produit\/lufterfrischer-mit-vanilleduft-auney-250ml\/#primaryimage\",\"url\":\"https:\/\/www.csj-emballages.com\/wp-content\/uploads\/2025\/09\/135277.webp\",\"contentUrl\":\"https:\/\/www.csj-emballages.com\/wp-content\/uploads\/2025\/09\/135277.webp\",\"width\":800,\"height\":800,\"caption\":\"D\u00e9sodorisant parfum vanille\"},{\"@type\":\"BreadcrumbList\",\"@id\":\"https:\/\/www.csj-emballages.com\/de\/produit\/lufterfrischer-mit-vanilleduft-auney-250ml\/#breadcrumb\",\"itemListElement\":[{\"@type\":\"ListItem\",\"position\":1,\"name\":\"Accueil\",\"item\":\"https:\/\/www.csj-emballages.com\/de\/universum-lebensmittelverpackungen\/\"},{\"@type\":\"ListItem\",\"position\":2,\"name\":\"Shop\",\"item\":\"https:\/\/www.csj-emballages.com\/shop\/\"},{\"@type\":\"ListItem\",\"position\":3,\"name\":\"Lufterfrischer mit Vanilleduft auney 250ml\"}]},{\"@type\":\"WebSite\",\"@id\":\"https:\/\/www.csj-emballages.com\/de\/#website\",\"url\":\"https:\/\/www.csj-emballages.com\/de\/\",\"name\":\"CSJ Emballages\",\"description\":\"\",\"publisher\":{\"@id\":\"https:\/\/www.csj-emballages.com\/de\/#organization\"},\"potentialAction\":[{\"@type\":\"SearchAction\",\"target\":{\"@type\":\"EntryPoint\",\"urlTemplate\":\"https:\/\/www.csj-emballages.com\/de\/?s={search_term_string}\"},\"query-input\":{\"@type\":\"PropertyValueSpecification\",\"valueRequired\":true,\"valueName\":\"search_term_string\"}}],\"inLanguage\":\"de\"},{\"@type\":\"Organization\",\"@id\":\"https:\/\/www.csj-emballages.com\/de\/#Organization\/\",\"name\":\"CSJ Emballages\",\"url\":\"https:\/\/www.csj-emballages.com\/de\/\",\"logo\":{\"@type\":\"ImageObject\",\"inLanguage\":\"de\",\"@id\":\"https:\/\/www.csj-emballages.com\/de\/#\/schema\/logo\/image\/\",\"url\":\"https:\/\/www.csj-emballages.com\/wp-content\/uploads\/2023\/10\/logo_csj.webp\",\"contentUrl\":\"https:\/\/www.csj-emballages.com\/wp-content\/uploads\/2023\/10\/logo_csj.webp\",\"width\":250,\"height\":95,\"caption\":\"CSJ Emballages\"},\"image\":{\"@id\":\"https:\/\/www.csj-emballages.com\/de\/#\/schema\/logo\/image\/\"},\"sameAs\":[\"https:\/\/www.facebook.com\/csjemballages\"],\"address\":{\"@type\":\"PostalAddress\",\"streetAddress\":\"ZI La Lechere\",\"addressLocality\":\"Patornay\",\"postalCode\":\"39130\",\"addressCountry\":\"FR\"},\"contactPoint\":[{\"@type\":\"ContactPoint\",\"contactType\":\"Service client\",\"telephone\":\"0384254272\",\"email\":\"contact@csj-emballages.com\"}]}]}<\/script>\n<!-- \/ Yoast SEO Premium plugin. -->","yoast_head_json":{"title":"Auney Vanille Parfum Deodorant 250ml","description":"Auney Lufterfrischer mit Vanilleduft 250 ml: Bis zu 3000 Spr\u00fchst\u00f6\u00dfe f\u00fcr einen k\u00f6stlichen, langanhaltenden Duft. Ideal, um schlechte Ger\u00fcche zu neutralisieren.","robots":{"index":"index","follow":"follow","max-snippet":"max-snippet:-1","max-image-preview":"max-image-preview:large","max-video-preview":"max-video-preview:-1"},"canonical":"https:\/\/www.csj-emballages.com\/de\/produit\/lufterfrischer-mit-vanilleduft-auney-250ml\/","og_locale":"de_DE","og_type":"article","og_title":"Lufterfrischer mit Vanilleduft auney 250ml","og_description":"Auney Lufterfrischer mit Vanilleduft 250 ml: Bis zu 3000 Spr\u00fchst\u00f6\u00dfe f\u00fcr einen k\u00f6stlichen, langanhaltenden Duft. Ideal, um schlechte Ger\u00fcche zu neutralisieren.","og_url":"https:\/\/www.csj-emballages.com\/de\/produit\/lufterfrischer-mit-vanilleduft-auney-250ml\/","og_site_name":"CSJ Emballages","article_publisher":"https:\/\/www.facebook.com\/csjemballages","article_modified_time":"2026-04-03T00:11:35+00:00","og_image":[{"width":800,"height":800,"url":"https:\/\/www.csj-emballages.com\/wp-content\/uploads\/2025\/09\/135277.webp","type":"image\/webp"}],"twitter_card":"summary_large_image","twitter_misc":{"Gesch\u00e4tzte Lesezeit":"2 Minuten"},"schema":{"@context":"https:\/\/schema.org","@graph":[{"@type":"WebPage","@id":"https:\/\/www.csj-emballages.com\/de\/produit\/lufterfrischer-mit-vanilleduft-auney-250ml\/","url":"https:\/\/www.csj-emballages.com\/de\/produit\/lufterfrischer-mit-vanilleduft-auney-250ml\/","name":"Auney Vanille Parfum Deodorant 250ml","isPartOf":{"@id":"https:\/\/www.csj-emballages.com\/de\/#website"},"primaryImageOfPage":{"@id":"https:\/\/www.csj-emballages.com\/de\/produit\/lufterfrischer-mit-vanilleduft-auney-250ml\/#primaryimage"},"image":{"@id":"https:\/\/www.csj-emballages.com\/de\/produit\/lufterfrischer-mit-vanilleduft-auney-250ml\/#primaryimage"},"thumbnailUrl":"https:\/\/www.csj-emballages.com\/wp-content\/uploads\/2025\/09\/135277.webp","datePublished":"2025-09-18T12:18:35+00:00","dateModified":"2026-04-03T00:11:35+00:00","description":"Auney Lufterfrischer mit Vanilleduft 250 ml: Bis zu 3000 Spr\u00fchst\u00f6\u00dfe f\u00fcr einen k\u00f6stlichen, langanhaltenden Duft. Ideal, um schlechte Ger\u00fcche zu neutralisieren.","breadcrumb":{"@id":"https:\/\/www.csj-emballages.com\/de\/produit\/lufterfrischer-mit-vanilleduft-auney-250ml\/#breadcrumb"},"inLanguage":"de","potentialAction":[{"@type":"ReadAction","target":["https:\/\/www.csj-emballages.com\/de\/produit\/lufterfrischer-mit-vanilleduft-auney-250ml\/"]}]},{"@type":"ImageObject","inLanguage":"de","@id":"https:\/\/www.csj-emballages.com\/de\/produit\/lufterfrischer-mit-vanilleduft-auney-250ml\/#primaryimage","url":"https:\/\/www.csj-emballages.com\/wp-content\/uploads\/2025\/09\/135277.webp","contentUrl":"https:\/\/www.csj-emballages.com\/wp-content\/uploads\/2025\/09\/135277.webp","width":800,"height":800,"caption":"D\u00e9sodorisant parfum vanille"},{"@type":"BreadcrumbList","@id":"https:\/\/www.csj-emballages.com\/de\/produit\/lufterfrischer-mit-vanilleduft-auney-250ml\/#breadcrumb","itemListElement":[{"@type":"ListItem","position":1,"name":"Accueil","item":"https:\/\/www.csj-emballages.com\/de\/universum-lebensmittelverpackungen\/"},{"@type":"ListItem","position":2,"name":"Shop","item":"https:\/\/www.csj-emballages.com\/shop\/"},{"@type":"ListItem","position":3,"name":"Lufterfrischer mit Vanilleduft auney 250ml"}]},{"@type":"WebSite","@id":"https:\/\/www.csj-emballages.com\/de\/#website","url":"https:\/\/www.csj-emballages.com\/de\/","name":"CSJ Emballages","description":"","publisher":{"@id":"https:\/\/www.csj-emballages.com\/de\/#organization"},"potentialAction":[{"@type":"SearchAction","target":{"@type":"EntryPoint","urlTemplate":"https:\/\/www.csj-emballages.com\/de\/?s={search_term_string}"},"query-input":{"@type":"PropertyValueSpecification","valueRequired":true,"valueName":"search_term_string"}}],"inLanguage":"de"},{"@type":"Organization","@id":"https:\/\/www.csj-emballages.com\/de\/#Organization\/","name":"CSJ Emballages","url":"https:\/\/www.csj-emballages.com\/de\/","logo":{"@type":"ImageObject","inLanguage":"de","@id":"https:\/\/www.csj-emballages.com\/de\/#\/schema\/logo\/image\/","url":"https:\/\/www.csj-emballages.com\/wp-content\/uploads\/2023\/10\/logo_csj.webp","contentUrl":"https:\/\/www.csj-emballages.com\/wp-content\/uploads\/2023\/10\/logo_csj.webp","width":250,"height":95,"caption":"CSJ Emballages"},"image":{"@id":"https:\/\/www.csj-emballages.com\/de\/#\/schema\/logo\/image\/"},"sameAs":["https:\/\/www.facebook.com\/csjemballages"],"address":{"@type":"PostalAddress","streetAddress":"ZI La Lechere","addressLocality":"Patornay","postalCode":"39130","addressCountry":"FR"},"contactPoint":[{"@type":"ContactPoint","contactType":"Service client","telephone":"0384254272","email":"contact@csj-emballages.com"}]}]}},"df_price":9.18,"df_sale_price":"","df_regular_price":9.18,"df_image_link":"https:\/\/www.csj-emballages.com\/wp-content\/uploads\/2025\/09\/135277-300x300.webp","tiered_pricing_type":"fixed","tiered_pricing_fixed_rules":[],"tiered_pricing_percentage_rules":[],"tiered_pricing_minimum":1,"tiered_pricing_roles_data":[],"_links":{"self":[{"href":"https:\/\/www.csj-emballages.com\/de\/wp-json\/wp\/v2\/product\/245108","targetHints":{"allow":["GET"]}}],"collection":[{"href":"https:\/\/www.csj-emballages.com\/de\/wp-json\/wp\/v2\/product"}],"about":[{"href":"https:\/\/www.csj-emballages.com\/de\/wp-json\/wp\/v2\/types\/product"}],"wp:featuredmedia":[{"embeddable":true,"href":"https:\/\/www.csj-emballages.com\/de\/wp-json\/wp\/v2\/media\/245099"}],"wp:attachment":[{"href":"https:\/\/www.csj-emballages.com\/de\/wp-json\/wp\/v2\/media?parent=245108"}],"wp:term":[{"taxonomy":"product_brand","embeddable":true,"href":"https:\/\/www.csj-emballages.com\/de\/wp-json\/wp\/v2\/product_brand?post=245108"},{"taxonomy":"product_cat","embeddable":true,"href":"https:\/\/www.csj-emballages.com\/de\/wp-json\/wp\/v2\/product_cat?post=245108"},{"taxonomy":"product_tag","embeddable":true,"href":"https:\/\/www.csj-emballages.com\/de\/wp-json\/wp\/v2\/product_tag?post=245108"}],"curies":[{"name":"wp","href":"https:\/\/api.w.org\/{rel}","templated":true}]}}