{"id":244218,"date":"2025-09-15T09:48:56","date_gmt":"2025-09-15T07:48:56","guid":{"rendered":"https:\/\/www.csj-emballages.com\/produit\/mischung-aus-steinpilzen-und-getrockneten-steinpilzen-500-gr-im-pet-becher\/"},"modified":"2026-04-01T02:10:52","modified_gmt":"2026-04-01T00:10:52","slug":"mischung-aus-steinpilzen-und-getrockneten-steinpilzen-500-gr-im-pet-becher","status":"publish","type":"product","link":"https:\/\/www.csj-emballages.com\/de\/produit\/mischung-aus-steinpilzen-und-getrockneten-steinpilzen-500-gr-im-pet-becher\/","title":{"rendered":"Mischung aus Steinpilzen und getrockneten Steinpilzen 500 gr im PET-Becher"},"content":{"rendered":"<h2 class=\"p1\">Mischung aus Steinpilzen und getrockneten Steinpilzen<\/h2>\n<hr>\n<h3>Beschreibung unserer Mischung aus Steinpilzen und getrockneten Steinpilzen 500 gr im PET-Becher<\/h3>\n<p><!--more--><\/p>\n<p data-start=\"37\" data-end=\"385\">Entdecken Sie unsere <strong data-start=\"53\" data-end=\"97\">Steinpilz-Steinpilz-Mischung 500 g im PET-Becher<\/strong>, der perfekte Verb\u00fcndete, um Ihren Rezepten eine k\u00f6stliche und waldreiche Note zu verleihen. Tats\u00e4chlich besteht diese <strong>Mischung<\/strong> aus sorgf\u00e4ltig ausgew\u00e4hlten <strong>Pilzen<\/strong> und vereint den intensiven Geschmack der <strong data-start=\"306\" data-end=\"316\">Steinpilze<\/strong> mit der zarten Textur der Steinpilze. So entsteht ein authentisches Aroma, das Ihre Gerichte zu jeder Jahreszeit verfeinert.<\/p>\n<p data-start=\"387\" data-end=\"895\">Dieses praktische und einfach zu verwendende Produkt l\u00e4sst sich in wenigen Schritten zubereiten. Sie m\u00fcssen <strong data-start=\"473\" data-end=\"503\">die Pilze<\/strong> nur<strong data-start=\"514\" data-end=\"551\">20 Minuten lang in kochendem Wasser<\/strong> <strong data-start=\"473\" data-end=\"503\">rehydrieren<\/strong>, dann <strong data-start=\"565\" data-end=\"587\">gr\u00fcndlich absp\u00fclen<\/strong> und <strong data-start=\"598\" data-end=\"610\">abtropfen<\/strong> lassen. Anschlie\u00dfend k\u00f6nnen Sie sie wie <strong data-start=\"655\" data-end=\"676\">frische Pilze<\/strong> zubereiten, sei es in einer Gem\u00fcsepfanne, einer cremigen Sauce, einem Risotto oder als Beilage f\u00fcr Fleisch und Fisch. Mit diesem Format k\u00f6nnen Sie das ganze Jahr \u00fcber den Geschmack des Waldes genie\u00dfen, ohne von den Jahreszeiten abh\u00e4ngig zu sein.   <\/p>\n<p data-start=\"897\" data-end=\"1209\">Ebenso garantiert dieser <strong data-start=\"916\" data-end=\"923\">PET-Topf<\/strong> eine gute Haltbarkeit. Denn es bewahrt die Qualit\u00e4t der <strong>Pilze<\/strong> und bietet gleichzeitig einen hervorragenden Schutz vor Feuchtigkeit und Licht. Um ihren Geschmack zu erhalten, bewahren Sie das Glas <strong data-start=\"1174\" data-end=\"1206\">in der Originalverpackung<\/strong> an einem k\u00fchlen, trockenen und dunklen Ort auf.<\/p>\n<p data-start=\"1211\" data-end=\"1583\">Au\u00dferdem ist diese <strong data-start=\"1214\" data-end=\"1241\">Fertigmischung<\/strong> ideal f\u00fcr Gastronomen, Caterer oder Kochbegeisterte, die Zeit sparen und gleichzeitig die Qualit\u00e4t ihrer Zubereitungen bewahren m\u00f6chten. Mit seiner <strong data-start=\"1427\" data-end=\"1459\">langen Haltbarkeit<\/strong> haben Sie immer eine edle und raffinierte Zutat zur Hand, die Ihre Mahlzeiten in eine wahre Geschmacksreise verwandelt.<\/p>\n<p data-start=\"1585\" data-end=\"1738\">Genie\u00dfen Sie den Unterschied: Nehmen Sie unsere <strong data-start=\"1624\" data-end=\"1651\">Steinpilz-Steinpilz-Mischung<\/strong> an und bieten Sie Ihren G\u00e4sten ein kulinarisches Erlebnis, das sowohl authentisch als auch praktisch ist.<\/p>\n<p><!--more--><\/p>\n<h4><strong>Vorteile :<\/strong><\/h4>\n<ul>\n<li><strong data-start=\"1966\" data-end=\"1986\">Authentischer Geschmack<\/strong> von Steinpilzen und Rotkappen f\u00fcr geschmacksreiche Gerichte.<\/li>\n<li><strong data-start=\"2045\" data-end=\"2064\">Gebrauchsfertig<\/strong>: schnelle Rehydrierung in 20 Minuten.<\/li>\n<li><strong data-start=\"2107\" data-end=\"2136\">Langfristige Aufbewahrung<\/strong> in einem widerstandsf\u00e4higen und sch\u00fctzenden PET-Beh\u00e4lter.<\/li>\n<li>Ideal f\u00fcr <strong data-start=\"2197\" data-end=\"2215\">Profis<\/strong> und leidenschaftliche K\u00f6che.<\/li>\n<li>Ganzj\u00e4hrig verf\u00fcgbar, unabh\u00e4ngig von den Jahreszeiten.<\/li>\n<\/ul>\n<p>&nbsp;<\/p>\n<p><!--more--><\/p>\n<h4>Weitere Informationen :<\/h4>\n<ul>\n<li><strong>Verpackung<\/strong>: Dose mit 500 g<\/li>\n<\/ul>\n<p>&nbsp;<\/p>\n<p><!--more--><\/p>\n<p><a href=\"https:\/\/www.csj-emballages.com\/de\/categorie-produit\/lebensmittel\/getrocknete-pilze\/\">Sehen Sie sich den Rest unseres Sortiments an getrockneten Pilzen an<\/a><\/p>\n","protected":false},"excerpt":{"rendered":"<p>Mischung aus Steinpilzen und getrockneten Steinpilzen Beschreibung unserer Mischung aus Steinpilzen und getrockneten Steinpilzen 500 gr im PET-Becher<\/p>\n","protected":false},"featured_media":244208,"template":"","meta":{"_acf_changed":false},"product_brand":[],"product_cat":[1137,1144,9710],"product_tag":[],"class_list":{"0":"post-244218","1":"product","2":"type-product","3":"status-publish","4":"has-post-thumbnail","6":"product_cat-lebensmittelverpackungen","7":"product_cat-lebensmittel","8":"product_cat-getrocknete-pilze","10":"first","11":"instock","12":"taxable","13":"shipping-taxable","14":"purchasable","15":"product-type-simple"},"acf":[],"yoast_head":"<!-- This site is optimized with the Yoast SEO Premium plugin v26.6 (Yoast SEO v26.6) - https:\/\/yoast.com\/wordpress\/plugins\/seo\/ -->\n<title>Steinpilz-Steinpilz-Mischung 500 gr im PET-Glas<\/title>\n<meta name=\"description\" content=\"Getrocknete Steinpilzmischung 500 gr im PET-Becher - Getrocknete Pilze 20 min rehydrieren, dann wie frisch zubereiten.\" \/>\n<meta name=\"robots\" content=\"index, follow, max-snippet:-1, max-image-preview:large, max-video-preview:-1\" \/>\n<link rel=\"canonical\" href=\"https:\/\/www.csj-emballages.com\/de\/produit\/mischung-aus-steinpilzen-und-getrockneten-steinpilzen-500-gr-im-pet-becher\/\" \/>\n<meta property=\"og:locale\" content=\"de_DE\" \/>\n<meta property=\"og:type\" content=\"article\" \/>\n<meta property=\"og:title\" content=\"Mischung aus Steinpilzen und getrockneten Steinpilzen 500 gr im PET-Becher\" \/>\n<meta property=\"og:description\" content=\"Getrocknete Steinpilzmischung 500 gr im PET-Becher - Getrocknete Pilze 20 min rehydrieren, dann wie frisch zubereiten.\" \/>\n<meta property=\"og:url\" content=\"https:\/\/www.csj-emballages.com\/de\/produit\/mischung-aus-steinpilzen-und-getrockneten-steinpilzen-500-gr-im-pet-becher\/\" \/>\n<meta property=\"og:site_name\" content=\"CSJ Emballages\" \/>\n<meta property=\"article:publisher\" content=\"https:\/\/www.facebook.com\/csjemballages\" \/>\n<meta property=\"article:modified_time\" content=\"2026-04-01T00:10:52+00:00\" \/>\n<meta property=\"og:image\" content=\"https:\/\/www.csj-emballages.com\/wp-content\/uploads\/2025\/09\/11503.webp\" \/>\n\t<meta property=\"og:image:width\" content=\"800\" \/>\n\t<meta property=\"og:image:height\" content=\"800\" \/>\n\t<meta property=\"og:image:type\" content=\"image\/webp\" \/>\n<meta name=\"twitter:card\" content=\"summary_large_image\" \/>\n<meta name=\"twitter:label1\" content=\"Gesch\u00e4tzte Lesezeit\" \/>\n\t<meta name=\"twitter:data1\" content=\"2 Minuten\" \/>\n<script type=\"application\/ld+json\" class=\"yoast-schema-graph\">{\"@context\":\"https:\/\/schema.org\",\"@graph\":[{\"@type\":\"WebPage\",\"@id\":\"https:\/\/www.csj-emballages.com\/de\/produit\/mischung-aus-steinpilzen-und-getrockneten-steinpilzen-500-gr-im-pet-becher\/\",\"url\":\"https:\/\/www.csj-emballages.com\/de\/produit\/mischung-aus-steinpilzen-und-getrockneten-steinpilzen-500-gr-im-pet-becher\/\",\"name\":\"Steinpilz-Steinpilz-Mischung 500 gr im PET-Glas\",\"isPartOf\":{\"@id\":\"https:\/\/www.csj-emballages.com\/de\/#website\"},\"primaryImageOfPage\":{\"@id\":\"https:\/\/www.csj-emballages.com\/de\/produit\/mischung-aus-steinpilzen-und-getrockneten-steinpilzen-500-gr-im-pet-becher\/#primaryimage\"},\"image\":{\"@id\":\"https:\/\/www.csj-emballages.com\/de\/produit\/mischung-aus-steinpilzen-und-getrockneten-steinpilzen-500-gr-im-pet-becher\/#primaryimage\"},\"thumbnailUrl\":\"https:\/\/www.csj-emballages.com\/wp-content\/uploads\/2025\/09\/11503.webp\",\"datePublished\":\"2025-09-15T07:48:56+00:00\",\"dateModified\":\"2026-04-01T00:10:52+00:00\",\"description\":\"Getrocknete Steinpilzmischung 500 gr im PET-Becher - Getrocknete Pilze 20 min rehydrieren, dann wie frisch zubereiten.\",\"breadcrumb\":{\"@id\":\"https:\/\/www.csj-emballages.com\/de\/produit\/mischung-aus-steinpilzen-und-getrockneten-steinpilzen-500-gr-im-pet-becher\/#breadcrumb\"},\"inLanguage\":\"de\",\"potentialAction\":[{\"@type\":\"ReadAction\",\"target\":[\"https:\/\/www.csj-emballages.com\/de\/produit\/mischung-aus-steinpilzen-und-getrockneten-steinpilzen-500-gr-im-pet-becher\/\"]}]},{\"@type\":\"ImageObject\",\"inLanguage\":\"de\",\"@id\":\"https:\/\/www.csj-emballages.com\/de\/produit\/mischung-aus-steinpilzen-und-getrockneten-steinpilzen-500-gr-im-pet-becher\/#primaryimage\",\"url\":\"https:\/\/www.csj-emballages.com\/wp-content\/uploads\/2025\/09\/11503.webp\",\"contentUrl\":\"https:\/\/www.csj-emballages.com\/wp-content\/uploads\/2025\/09\/11503.webp\",\"width\":800,\"height\":800,\"caption\":\"M\u00e9lange bolets et c\u00e8pes s\u00e9ch\u00e9s\"},{\"@type\":\"BreadcrumbList\",\"@id\":\"https:\/\/www.csj-emballages.com\/de\/produit\/mischung-aus-steinpilzen-und-getrockneten-steinpilzen-500-gr-im-pet-becher\/#breadcrumb\",\"itemListElement\":[{\"@type\":\"ListItem\",\"position\":1,\"name\":\"Accueil\",\"item\":\"https:\/\/www.csj-emballages.com\/de\/universum-lebensmittelverpackungen\/\"},{\"@type\":\"ListItem\",\"position\":2,\"name\":\"Shop\",\"item\":\"https:\/\/www.csj-emballages.com\/shop\/\"},{\"@type\":\"ListItem\",\"position\":3,\"name\":\"Mischung aus Steinpilzen und getrockneten Steinpilzen 500 gr im PET-Becher\"}]},{\"@type\":\"WebSite\",\"@id\":\"https:\/\/www.csj-emballages.com\/de\/#website\",\"url\":\"https:\/\/www.csj-emballages.com\/de\/\",\"name\":\"CSJ Emballages\",\"description\":\"\",\"publisher\":{\"@id\":\"https:\/\/www.csj-emballages.com\/de\/#organization\"},\"potentialAction\":[{\"@type\":\"SearchAction\",\"target\":{\"@type\":\"EntryPoint\",\"urlTemplate\":\"https:\/\/www.csj-emballages.com\/de\/?s={search_term_string}\"},\"query-input\":{\"@type\":\"PropertyValueSpecification\",\"valueRequired\":true,\"valueName\":\"search_term_string\"}}],\"inLanguage\":\"de\"},{\"@type\":\"Organization\",\"@id\":\"https:\/\/www.csj-emballages.com\/de\/#Organization\/\",\"name\":\"CSJ Emballages\",\"url\":\"https:\/\/www.csj-emballages.com\/de\/\",\"logo\":{\"@type\":\"ImageObject\",\"inLanguage\":\"de\",\"@id\":\"https:\/\/www.csj-emballages.com\/de\/#\/schema\/logo\/image\/\",\"url\":\"https:\/\/www.csj-emballages.com\/wp-content\/uploads\/2023\/10\/logo_csj.webp\",\"contentUrl\":\"https:\/\/www.csj-emballages.com\/wp-content\/uploads\/2023\/10\/logo_csj.webp\",\"width\":250,\"height\":95,\"caption\":\"CSJ Emballages\"},\"image\":{\"@id\":\"https:\/\/www.csj-emballages.com\/de\/#\/schema\/logo\/image\/\"},\"sameAs\":[\"https:\/\/www.facebook.com\/csjemballages\"],\"address\":{\"@type\":\"PostalAddress\",\"streetAddress\":\"ZI La Lechere\",\"addressLocality\":\"Patornay\",\"postalCode\":\"39130\",\"addressCountry\":\"FR\"},\"contactPoint\":[{\"@type\":\"ContactPoint\",\"contactType\":\"Service client\",\"telephone\":\"0384254272\",\"email\":\"contact@csj-emballages.com\"}]}]}<\/script>\n<!-- \/ Yoast SEO Premium plugin. -->","yoast_head_json":{"title":"Steinpilz-Steinpilz-Mischung 500 gr im PET-Glas","description":"Getrocknete Steinpilzmischung 500 gr im PET-Becher - Getrocknete Pilze 20 min rehydrieren, dann wie frisch zubereiten.","robots":{"index":"index","follow":"follow","max-snippet":"max-snippet:-1","max-image-preview":"max-image-preview:large","max-video-preview":"max-video-preview:-1"},"canonical":"https:\/\/www.csj-emballages.com\/de\/produit\/mischung-aus-steinpilzen-und-getrockneten-steinpilzen-500-gr-im-pet-becher\/","og_locale":"de_DE","og_type":"article","og_title":"Mischung aus Steinpilzen und getrockneten Steinpilzen 500 gr im PET-Becher","og_description":"Getrocknete Steinpilzmischung 500 gr im PET-Becher - Getrocknete Pilze 20 min rehydrieren, dann wie frisch zubereiten.","og_url":"https:\/\/www.csj-emballages.com\/de\/produit\/mischung-aus-steinpilzen-und-getrockneten-steinpilzen-500-gr-im-pet-becher\/","og_site_name":"CSJ Emballages","article_publisher":"https:\/\/www.facebook.com\/csjemballages","article_modified_time":"2026-04-01T00:10:52+00:00","og_image":[{"width":800,"height":800,"url":"https:\/\/www.csj-emballages.com\/wp-content\/uploads\/2025\/09\/11503.webp","type":"image\/webp"}],"twitter_card":"summary_large_image","twitter_misc":{"Gesch\u00e4tzte Lesezeit":"2 Minuten"},"schema":{"@context":"https:\/\/schema.org","@graph":[{"@type":"WebPage","@id":"https:\/\/www.csj-emballages.com\/de\/produit\/mischung-aus-steinpilzen-und-getrockneten-steinpilzen-500-gr-im-pet-becher\/","url":"https:\/\/www.csj-emballages.com\/de\/produit\/mischung-aus-steinpilzen-und-getrockneten-steinpilzen-500-gr-im-pet-becher\/","name":"Steinpilz-Steinpilz-Mischung 500 gr im PET-Glas","isPartOf":{"@id":"https:\/\/www.csj-emballages.com\/de\/#website"},"primaryImageOfPage":{"@id":"https:\/\/www.csj-emballages.com\/de\/produit\/mischung-aus-steinpilzen-und-getrockneten-steinpilzen-500-gr-im-pet-becher\/#primaryimage"},"image":{"@id":"https:\/\/www.csj-emballages.com\/de\/produit\/mischung-aus-steinpilzen-und-getrockneten-steinpilzen-500-gr-im-pet-becher\/#primaryimage"},"thumbnailUrl":"https:\/\/www.csj-emballages.com\/wp-content\/uploads\/2025\/09\/11503.webp","datePublished":"2025-09-15T07:48:56+00:00","dateModified":"2026-04-01T00:10:52+00:00","description":"Getrocknete Steinpilzmischung 500 gr im PET-Becher - Getrocknete Pilze 20 min rehydrieren, dann wie frisch zubereiten.","breadcrumb":{"@id":"https:\/\/www.csj-emballages.com\/de\/produit\/mischung-aus-steinpilzen-und-getrockneten-steinpilzen-500-gr-im-pet-becher\/#breadcrumb"},"inLanguage":"de","potentialAction":[{"@type":"ReadAction","target":["https:\/\/www.csj-emballages.com\/de\/produit\/mischung-aus-steinpilzen-und-getrockneten-steinpilzen-500-gr-im-pet-becher\/"]}]},{"@type":"ImageObject","inLanguage":"de","@id":"https:\/\/www.csj-emballages.com\/de\/produit\/mischung-aus-steinpilzen-und-getrockneten-steinpilzen-500-gr-im-pet-becher\/#primaryimage","url":"https:\/\/www.csj-emballages.com\/wp-content\/uploads\/2025\/09\/11503.webp","contentUrl":"https:\/\/www.csj-emballages.com\/wp-content\/uploads\/2025\/09\/11503.webp","width":800,"height":800,"caption":"M\u00e9lange bolets et c\u00e8pes s\u00e9ch\u00e9s"},{"@type":"BreadcrumbList","@id":"https:\/\/www.csj-emballages.com\/de\/produit\/mischung-aus-steinpilzen-und-getrockneten-steinpilzen-500-gr-im-pet-becher\/#breadcrumb","itemListElement":[{"@type":"ListItem","position":1,"name":"Accueil","item":"https:\/\/www.csj-emballages.com\/de\/universum-lebensmittelverpackungen\/"},{"@type":"ListItem","position":2,"name":"Shop","item":"https:\/\/www.csj-emballages.com\/shop\/"},{"@type":"ListItem","position":3,"name":"Mischung aus Steinpilzen und getrockneten Steinpilzen 500 gr im PET-Becher"}]},{"@type":"WebSite","@id":"https:\/\/www.csj-emballages.com\/de\/#website","url":"https:\/\/www.csj-emballages.com\/de\/","name":"CSJ Emballages","description":"","publisher":{"@id":"https:\/\/www.csj-emballages.com\/de\/#organization"},"potentialAction":[{"@type":"SearchAction","target":{"@type":"EntryPoint","urlTemplate":"https:\/\/www.csj-emballages.com\/de\/?s={search_term_string}"},"query-input":{"@type":"PropertyValueSpecification","valueRequired":true,"valueName":"search_term_string"}}],"inLanguage":"de"},{"@type":"Organization","@id":"https:\/\/www.csj-emballages.com\/de\/#Organization\/","name":"CSJ Emballages","url":"https:\/\/www.csj-emballages.com\/de\/","logo":{"@type":"ImageObject","inLanguage":"de","@id":"https:\/\/www.csj-emballages.com\/de\/#\/schema\/logo\/image\/","url":"https:\/\/www.csj-emballages.com\/wp-content\/uploads\/2023\/10\/logo_csj.webp","contentUrl":"https:\/\/www.csj-emballages.com\/wp-content\/uploads\/2023\/10\/logo_csj.webp","width":250,"height":95,"caption":"CSJ Emballages"},"image":{"@id":"https:\/\/www.csj-emballages.com\/de\/#\/schema\/logo\/image\/"},"sameAs":["https:\/\/www.facebook.com\/csjemballages"],"address":{"@type":"PostalAddress","streetAddress":"ZI La Lechere","addressLocality":"Patornay","postalCode":"39130","addressCountry":"FR"},"contactPoint":[{"@type":"ContactPoint","contactType":"Service client","telephone":"0384254272","email":"contact@csj-emballages.com"}]}]}},"df_price":21.56,"df_sale_price":"","df_regular_price":21.56,"df_image_link":"https:\/\/www.csj-emballages.com\/wp-content\/uploads\/2025\/09\/11503-300x300.webp","tiered_pricing_type":"fixed","tiered_pricing_fixed_rules":[],"tiered_pricing_percentage_rules":[],"tiered_pricing_minimum":1,"tiered_pricing_roles_data":[],"_links":{"self":[{"href":"https:\/\/www.csj-emballages.com\/de\/wp-json\/wp\/v2\/product\/244218","targetHints":{"allow":["GET"]}}],"collection":[{"href":"https:\/\/www.csj-emballages.com\/de\/wp-json\/wp\/v2\/product"}],"about":[{"href":"https:\/\/www.csj-emballages.com\/de\/wp-json\/wp\/v2\/types\/product"}],"wp:featuredmedia":[{"embeddable":true,"href":"https:\/\/www.csj-emballages.com\/de\/wp-json\/wp\/v2\/media\/244208"}],"wp:attachment":[{"href":"https:\/\/www.csj-emballages.com\/de\/wp-json\/wp\/v2\/media?parent=244218"}],"wp:term":[{"taxonomy":"product_brand","embeddable":true,"href":"https:\/\/www.csj-emballages.com\/de\/wp-json\/wp\/v2\/product_brand?post=244218"},{"taxonomy":"product_cat","embeddable":true,"href":"https:\/\/www.csj-emballages.com\/de\/wp-json\/wp\/v2\/product_cat?post=244218"},{"taxonomy":"product_tag","embeddable":true,"href":"https:\/\/www.csj-emballages.com\/de\/wp-json\/wp\/v2\/product_tag?post=244218"}],"curies":[{"name":"wp","href":"https:\/\/api.w.org\/{rel}","templated":true}]}}