{"id":244188,"date":"2025-09-15T09:48:49","date_gmt":"2025-09-15T07:48:49","guid":{"rendered":"https:\/\/www.csj-emballages.com\/produit\/getrocknete-steinpilze-b-500-gr-im-pet-glas\/"},"modified":"2026-03-28T02:10:32","modified_gmt":"2026-03-28T01:10:32","slug":"getrocknete-steinpilze-b-500-gr-im-pet-glas","status":"publish","type":"product","link":"https:\/\/www.csj-emballages.com\/de\/produit\/getrocknete-steinpilze-b-500-gr-im-pet-glas\/","title":{"rendered":"Getrocknete Steinpilze B 500 gr im PET-Glas"},"content":{"rendered":"<h2 class=\"p1\">Getrocknete Steinpilze<\/h2>\n<hr>\n<h3>Beschreibung von unserem Getrocknete Steinpilze B 500 gr im PET-Topf<\/h3>\n<p><!--more--><\/p>\n<p data-start=\"0\" data-end=\"441\">Entdecken Sie die Authentizit\u00e4t der <strong data-start=\"59\" data-end=\"94\">getrockneten Steinpilze B 500 g im PET-Becher<\/strong>, ein Muss f\u00fcr alle leidenschaftlichen Gourmetk\u00f6che. Diese <g id=\"gid_1\">au\u00dfergew\u00f6hnlichen Pilze<\/g> werden sorgf\u00e4ltig ausgew\u00e4hlt und anschlie\u00dfend getrocknet, um ihren <g id=\"gid_2\">holzigen Geschmack<\/g> und ihr zartes Aroma zu bewahren. Dank dieses gro\u00dfz\u00fcgigen Formats verf\u00fcgen Sie \u00fcber eine ideale Menge f\u00fcr Ihre Familienrezepte, So\u00dfen oder auch raffinierte Beilagen.  <\/p>\n<p data-start=\"443\" data-end=\"950\">Um ihren aromatischen Reichtum zu entfalten, ist nichts einfacher als das: Sie m\u00fcssen die Steinpilze nur etwa <strong data-start=\"593\" data-end=\"607\">20 Minuten<\/strong> lang in<strong data-start=\"558\" data-end=\"576\">kochendem Wasser<\/strong> <strong data-start=\"523\" data-end=\"537\">rehydrieren<\/strong>, dann gr\u00fcndlich absp\u00fclen und <strong data-start=\"653\" data-end=\"665\">abtropfen<\/strong> lassen. Danach k\u00f6nnen sie <g id=\"gid_4\">wie frische Pilze<\/g> zubereitet werden und verleihen Risottos, geschmortem Fleisch, Omeletts oder Pasta eine intensive Note. Diese Methode bewahrt ihre fleischige Textur und ihren einzigartigen Geschmack, der ein echter Trumpf ist, um Ihre Gerichte zu verfeinern.  <\/p>\n<p data-start=\"952\" data-end=\"1438\">In einem <strong data-start=\"973\" data-end=\"1007\">praktischen, luftdichten PET-Beh\u00e4lter<\/strong> verpackt, sind diese <strong>getrockneten Steinpilze<\/strong> vor Feuchtigkeit und Licht gesch\u00fctzt und garantieren so eine optimale Haltbarkeit. Um ihre Qualit\u00e4t zu bewahren, sollten Sie sie an einem <strong data-start=\"1183\" data-end=\"1192\">k\u00fchlen<\/strong>, <strong data-start=\"1194\" data-end=\"1201\">trockenen<\/strong> und<strong data-start=\"1209\" data-end=\"1231\">lichtgesch\u00fctzten<\/strong> Ort lagern, immer in der Originalverpackung. So profitieren Sie von einem gebrauchsfertigen Produkt, das <strong data-start=\"1334\" data-end=\"1345\">nat\u00fcrlich<\/strong> und schmackhaft zugleich ist.  <\/p>\n<p data-start=\"1440\" data-end=\"1840\">Alles in allem sind diese <strong data-start=\"1509\" data-end=\"1533\">getrockneten Steinpilze<\/strong> die perfekte Zutat, um Ihre kulinarischen Kreationen zu bereichern. Ihr raffinierter Geschmack und ihr waldiger Duft machen sie zu einem wahren Schatz f\u00fcr alle Ihre Zubereitungen. Schenken Sie Ihren Kunden oder G\u00e4sten ein unvergessliches Geschmackserlebnis, indem Sie diese <strong>getrockneten Steinpilze<\/strong> in Ihre Rezepte integrieren!  <\/p>\n<p><!--more--><\/p>\n<h4><strong>Vorteile :<\/strong><\/h4>\n<ul>\n<li><strong data-start=\"2063\" data-end=\"2085\">Authentischer Geschmack<\/strong> und Waldduft bleiben erhalten.<\/li>\n<li>Format <strong data-start=\"2128\" data-end=\"2137\">500 g<\/strong> ideal f\u00fcr die Gastronomie und die Hausmannskost.<\/li>\n<li><strong data-start=\"2191\" data-end=\"2213\">Luftdichter PET-Beh\u00e4lter<\/strong> f\u00fcr eine lange Haltbarkeit.<\/li>\n<li>Einfach zuzubereiten: <strong data-start=\"2274\" data-end=\"2306\">rehydrieren, absp\u00fclen, abtropfen<\/strong> lassen und dann kochen.<\/li>\n<li><strong data-start=\"2334\" data-end=\"2345\">Nat\u00fcrliches<\/strong>, praktisches und kosteng\u00fcnstiges Produkt f\u00fcr raffinierte Rezepte.<\/li>\n<\/ul>\n<p>&nbsp;<\/p>\n<p><!--more--><\/p>\n<h4>Weitere Informationen :<\/h4>\n<ul>\n<li><strong>Verpackung<\/strong>: Dose mit 500 g<\/li>\n<\/ul>\n<p>&nbsp;<\/p>\n<p><!--more--><\/p>\n<p><a href=\"https:\/\/www.csj-emballages.com\/de\/categorie-produit\/lebensmittel\/getrocknete-pilze\/\">Sehen Sie sich den Rest unseres Sortiments an getrockneten Pilzen an<\/a><\/p>\n","protected":false},"excerpt":{"rendered":"<p>Getrocknete Steinpilze Beschreibung von unserem Getrocknete Steinpilze B 500 gr im PET-Topf<\/p>\n","protected":false},"featured_media":244175,"template":"","meta":{"_acf_changed":false},"product_brand":[],"product_cat":[1137,1144,9710],"product_tag":[],"class_list":{"0":"post-244188","1":"product","2":"type-product","3":"status-publish","4":"has-post-thumbnail","6":"product_cat-lebensmittelverpackungen","7":"product_cat-lebensmittel","8":"product_cat-getrocknete-pilze","10":"first","11":"instock","12":"taxable","13":"shipping-taxable","14":"purchasable","15":"product-type-simple"},"acf":[],"yoast_head":"<!-- This site is optimized with the Yoast SEO Premium plugin v26.6 (Yoast SEO v26.6) - https:\/\/yoast.com\/wordpress\/plugins\/seo\/ -->\n<title>Getrocknete Steinpilze B 500 gr in PET-Beh\u00e4lter<\/title>\n<meta name=\"description\" content=\"Genie\u00dfen Sie das intensive Aroma der getrockneten Steinpilze B 500 g im PET-Becher. Rehydrieren, kochen und veredeln Sie Ihre Gerichte mit ihrem einzigartigen holzigen Geschmack.\" \/>\n<meta name=\"robots\" content=\"index, follow, max-snippet:-1, max-image-preview:large, max-video-preview:-1\" \/>\n<link rel=\"canonical\" href=\"https:\/\/www.csj-emballages.com\/de\/produit\/getrocknete-steinpilze-b-500-gr-im-pet-glas\/\" \/>\n<meta property=\"og:locale\" content=\"de_DE\" \/>\n<meta property=\"og:type\" content=\"article\" \/>\n<meta property=\"og:title\" content=\"Getrocknete Steinpilze B 500 gr im PET-Glas\" \/>\n<meta property=\"og:description\" content=\"Genie\u00dfen Sie das intensive Aroma der getrockneten Steinpilze B 500 g im PET-Becher. Rehydrieren, kochen und veredeln Sie Ihre Gerichte mit ihrem einzigartigen holzigen Geschmack.\" \/>\n<meta property=\"og:url\" content=\"https:\/\/www.csj-emballages.com\/de\/produit\/getrocknete-steinpilze-b-500-gr-im-pet-glas\/\" \/>\n<meta property=\"og:site_name\" content=\"CSJ Emballages\" \/>\n<meta property=\"article:publisher\" content=\"https:\/\/www.facebook.com\/csjemballages\" \/>\n<meta property=\"article:modified_time\" content=\"2026-03-28T01:10:32+00:00\" \/>\n<meta property=\"og:image\" content=\"https:\/\/www.csj-emballages.com\/wp-content\/uploads\/2025\/09\/11502.webp\" \/>\n\t<meta property=\"og:image:width\" content=\"800\" \/>\n\t<meta property=\"og:image:height\" content=\"800\" \/>\n\t<meta property=\"og:image:type\" content=\"image\/webp\" \/>\n<meta name=\"twitter:card\" content=\"summary_large_image\" \/>\n<meta name=\"twitter:label1\" content=\"Gesch\u00e4tzte Lesezeit\" \/>\n\t<meta name=\"twitter:data1\" content=\"2 Minuten\" \/>\n<script type=\"application\/ld+json\" class=\"yoast-schema-graph\">{\"@context\":\"https:\/\/schema.org\",\"@graph\":[{\"@type\":\"WebPage\",\"@id\":\"https:\/\/www.csj-emballages.com\/de\/produit\/getrocknete-steinpilze-b-500-gr-im-pet-glas\/\",\"url\":\"https:\/\/www.csj-emballages.com\/de\/produit\/getrocknete-steinpilze-b-500-gr-im-pet-glas\/\",\"name\":\"Getrocknete Steinpilze B 500 gr in PET-Beh\u00e4lter\",\"isPartOf\":{\"@id\":\"https:\/\/www.csj-emballages.com\/de\/#website\"},\"primaryImageOfPage\":{\"@id\":\"https:\/\/www.csj-emballages.com\/de\/produit\/getrocknete-steinpilze-b-500-gr-im-pet-glas\/#primaryimage\"},\"image\":{\"@id\":\"https:\/\/www.csj-emballages.com\/de\/produit\/getrocknete-steinpilze-b-500-gr-im-pet-glas\/#primaryimage\"},\"thumbnailUrl\":\"https:\/\/www.csj-emballages.com\/wp-content\/uploads\/2025\/09\/11502.webp\",\"datePublished\":\"2025-09-15T07:48:49+00:00\",\"dateModified\":\"2026-03-28T01:10:32+00:00\",\"description\":\"Genie\u00dfen Sie das intensive Aroma der getrockneten Steinpilze B 500 g im PET-Becher. Rehydrieren, kochen und veredeln Sie Ihre Gerichte mit ihrem einzigartigen holzigen Geschmack.\",\"breadcrumb\":{\"@id\":\"https:\/\/www.csj-emballages.com\/de\/produit\/getrocknete-steinpilze-b-500-gr-im-pet-glas\/#breadcrumb\"},\"inLanguage\":\"de\",\"potentialAction\":[{\"@type\":\"ReadAction\",\"target\":[\"https:\/\/www.csj-emballages.com\/de\/produit\/getrocknete-steinpilze-b-500-gr-im-pet-glas\/\"]}]},{\"@type\":\"ImageObject\",\"inLanguage\":\"de\",\"@id\":\"https:\/\/www.csj-emballages.com\/de\/produit\/getrocknete-steinpilze-b-500-gr-im-pet-glas\/#primaryimage\",\"url\":\"https:\/\/www.csj-emballages.com\/wp-content\/uploads\/2025\/09\/11502.webp\",\"contentUrl\":\"https:\/\/www.csj-emballages.com\/wp-content\/uploads\/2025\/09\/11502.webp\",\"width\":800,\"height\":800,\"caption\":\"C\u00e8pes s\u00e9ch\u00e9s\"},{\"@type\":\"BreadcrumbList\",\"@id\":\"https:\/\/www.csj-emballages.com\/de\/produit\/getrocknete-steinpilze-b-500-gr-im-pet-glas\/#breadcrumb\",\"itemListElement\":[{\"@type\":\"ListItem\",\"position\":1,\"name\":\"Accueil\",\"item\":\"https:\/\/www.csj-emballages.com\/de\/universum-lebensmittelverpackungen\/\"},{\"@type\":\"ListItem\",\"position\":2,\"name\":\"Shop\",\"item\":\"https:\/\/www.csj-emballages.com\/shop\/\"},{\"@type\":\"ListItem\",\"position\":3,\"name\":\"Getrocknete Steinpilze B 500 gr im PET-Glas\"}]},{\"@type\":\"WebSite\",\"@id\":\"https:\/\/www.csj-emballages.com\/de\/#website\",\"url\":\"https:\/\/www.csj-emballages.com\/de\/\",\"name\":\"CSJ Emballages\",\"description\":\"\",\"publisher\":{\"@id\":\"https:\/\/www.csj-emballages.com\/de\/#organization\"},\"potentialAction\":[{\"@type\":\"SearchAction\",\"target\":{\"@type\":\"EntryPoint\",\"urlTemplate\":\"https:\/\/www.csj-emballages.com\/de\/?s={search_term_string}\"},\"query-input\":{\"@type\":\"PropertyValueSpecification\",\"valueRequired\":true,\"valueName\":\"search_term_string\"}}],\"inLanguage\":\"de\"},{\"@type\":\"Organization\",\"@id\":\"https:\/\/www.csj-emballages.com\/de\/#Organization\/\",\"name\":\"CSJ Emballages\",\"url\":\"https:\/\/www.csj-emballages.com\/de\/\",\"logo\":{\"@type\":\"ImageObject\",\"inLanguage\":\"de\",\"@id\":\"https:\/\/www.csj-emballages.com\/de\/#\/schema\/logo\/image\/\",\"url\":\"https:\/\/www.csj-emballages.com\/wp-content\/uploads\/2023\/10\/logo_csj.webp\",\"contentUrl\":\"https:\/\/www.csj-emballages.com\/wp-content\/uploads\/2023\/10\/logo_csj.webp\",\"width\":250,\"height\":95,\"caption\":\"CSJ Emballages\"},\"image\":{\"@id\":\"https:\/\/www.csj-emballages.com\/de\/#\/schema\/logo\/image\/\"},\"sameAs\":[\"https:\/\/www.facebook.com\/csjemballages\"],\"address\":{\"@type\":\"PostalAddress\",\"streetAddress\":\"ZI La Lechere\",\"addressLocality\":\"Patornay\",\"postalCode\":\"39130\",\"addressCountry\":\"FR\"},\"contactPoint\":[{\"@type\":\"ContactPoint\",\"contactType\":\"Service client\",\"telephone\":\"0384254272\",\"email\":\"contact@csj-emballages.com\"}]}]}<\/script>\n<!-- \/ Yoast SEO Premium plugin. -->","yoast_head_json":{"title":"Getrocknete Steinpilze B 500 gr in PET-Beh\u00e4lter","description":"Genie\u00dfen Sie das intensive Aroma der getrockneten Steinpilze B 500 g im PET-Becher. Rehydrieren, kochen und veredeln Sie Ihre Gerichte mit ihrem einzigartigen holzigen Geschmack.","robots":{"index":"index","follow":"follow","max-snippet":"max-snippet:-1","max-image-preview":"max-image-preview:large","max-video-preview":"max-video-preview:-1"},"canonical":"https:\/\/www.csj-emballages.com\/de\/produit\/getrocknete-steinpilze-b-500-gr-im-pet-glas\/","og_locale":"de_DE","og_type":"article","og_title":"Getrocknete Steinpilze B 500 gr im PET-Glas","og_description":"Genie\u00dfen Sie das intensive Aroma der getrockneten Steinpilze B 500 g im PET-Becher. Rehydrieren, kochen und veredeln Sie Ihre Gerichte mit ihrem einzigartigen holzigen Geschmack.","og_url":"https:\/\/www.csj-emballages.com\/de\/produit\/getrocknete-steinpilze-b-500-gr-im-pet-glas\/","og_site_name":"CSJ Emballages","article_publisher":"https:\/\/www.facebook.com\/csjemballages","article_modified_time":"2026-03-28T01:10:32+00:00","og_image":[{"width":800,"height":800,"url":"https:\/\/www.csj-emballages.com\/wp-content\/uploads\/2025\/09\/11502.webp","type":"image\/webp"}],"twitter_card":"summary_large_image","twitter_misc":{"Gesch\u00e4tzte Lesezeit":"2 Minuten"},"schema":{"@context":"https:\/\/schema.org","@graph":[{"@type":"WebPage","@id":"https:\/\/www.csj-emballages.com\/de\/produit\/getrocknete-steinpilze-b-500-gr-im-pet-glas\/","url":"https:\/\/www.csj-emballages.com\/de\/produit\/getrocknete-steinpilze-b-500-gr-im-pet-glas\/","name":"Getrocknete Steinpilze B 500 gr in PET-Beh\u00e4lter","isPartOf":{"@id":"https:\/\/www.csj-emballages.com\/de\/#website"},"primaryImageOfPage":{"@id":"https:\/\/www.csj-emballages.com\/de\/produit\/getrocknete-steinpilze-b-500-gr-im-pet-glas\/#primaryimage"},"image":{"@id":"https:\/\/www.csj-emballages.com\/de\/produit\/getrocknete-steinpilze-b-500-gr-im-pet-glas\/#primaryimage"},"thumbnailUrl":"https:\/\/www.csj-emballages.com\/wp-content\/uploads\/2025\/09\/11502.webp","datePublished":"2025-09-15T07:48:49+00:00","dateModified":"2026-03-28T01:10:32+00:00","description":"Genie\u00dfen Sie das intensive Aroma der getrockneten Steinpilze B 500 g im PET-Becher. Rehydrieren, kochen und veredeln Sie Ihre Gerichte mit ihrem einzigartigen holzigen Geschmack.","breadcrumb":{"@id":"https:\/\/www.csj-emballages.com\/de\/produit\/getrocknete-steinpilze-b-500-gr-im-pet-glas\/#breadcrumb"},"inLanguage":"de","potentialAction":[{"@type":"ReadAction","target":["https:\/\/www.csj-emballages.com\/de\/produit\/getrocknete-steinpilze-b-500-gr-im-pet-glas\/"]}]},{"@type":"ImageObject","inLanguage":"de","@id":"https:\/\/www.csj-emballages.com\/de\/produit\/getrocknete-steinpilze-b-500-gr-im-pet-glas\/#primaryimage","url":"https:\/\/www.csj-emballages.com\/wp-content\/uploads\/2025\/09\/11502.webp","contentUrl":"https:\/\/www.csj-emballages.com\/wp-content\/uploads\/2025\/09\/11502.webp","width":800,"height":800,"caption":"C\u00e8pes s\u00e9ch\u00e9s"},{"@type":"BreadcrumbList","@id":"https:\/\/www.csj-emballages.com\/de\/produit\/getrocknete-steinpilze-b-500-gr-im-pet-glas\/#breadcrumb","itemListElement":[{"@type":"ListItem","position":1,"name":"Accueil","item":"https:\/\/www.csj-emballages.com\/de\/universum-lebensmittelverpackungen\/"},{"@type":"ListItem","position":2,"name":"Shop","item":"https:\/\/www.csj-emballages.com\/shop\/"},{"@type":"ListItem","position":3,"name":"Getrocknete Steinpilze B 500 gr im PET-Glas"}]},{"@type":"WebSite","@id":"https:\/\/www.csj-emballages.com\/de\/#website","url":"https:\/\/www.csj-emballages.com\/de\/","name":"CSJ Emballages","description":"","publisher":{"@id":"https:\/\/www.csj-emballages.com\/de\/#organization"},"potentialAction":[{"@type":"SearchAction","target":{"@type":"EntryPoint","urlTemplate":"https:\/\/www.csj-emballages.com\/de\/?s={search_term_string}"},"query-input":{"@type":"PropertyValueSpecification","valueRequired":true,"valueName":"search_term_string"}}],"inLanguage":"de"},{"@type":"Organization","@id":"https:\/\/www.csj-emballages.com\/de\/#Organization\/","name":"CSJ Emballages","url":"https:\/\/www.csj-emballages.com\/de\/","logo":{"@type":"ImageObject","inLanguage":"de","@id":"https:\/\/www.csj-emballages.com\/de\/#\/schema\/logo\/image\/","url":"https:\/\/www.csj-emballages.com\/wp-content\/uploads\/2023\/10\/logo_csj.webp","contentUrl":"https:\/\/www.csj-emballages.com\/wp-content\/uploads\/2023\/10\/logo_csj.webp","width":250,"height":95,"caption":"CSJ Emballages"},"image":{"@id":"https:\/\/www.csj-emballages.com\/de\/#\/schema\/logo\/image\/"},"sameAs":["https:\/\/www.facebook.com\/csjemballages"],"address":{"@type":"PostalAddress","streetAddress":"ZI La Lechere","addressLocality":"Patornay","postalCode":"39130","addressCountry":"FR"},"contactPoint":[{"@type":"ContactPoint","contactType":"Service client","telephone":"0384254272","email":"contact@csj-emballages.com"}]}]}},"df_price":57.42,"df_sale_price":"","df_regular_price":57.42,"df_image_link":"https:\/\/www.csj-emballages.com\/wp-content\/uploads\/2025\/09\/11502-300x300.webp","tiered_pricing_type":"fixed","tiered_pricing_fixed_rules":[],"tiered_pricing_percentage_rules":[],"tiered_pricing_minimum":1,"tiered_pricing_roles_data":[],"_links":{"self":[{"href":"https:\/\/www.csj-emballages.com\/de\/wp-json\/wp\/v2\/product\/244188","targetHints":{"allow":["GET"]}}],"collection":[{"href":"https:\/\/www.csj-emballages.com\/de\/wp-json\/wp\/v2\/product"}],"about":[{"href":"https:\/\/www.csj-emballages.com\/de\/wp-json\/wp\/v2\/types\/product"}],"wp:featuredmedia":[{"embeddable":true,"href":"https:\/\/www.csj-emballages.com\/de\/wp-json\/wp\/v2\/media\/244175"}],"wp:attachment":[{"href":"https:\/\/www.csj-emballages.com\/de\/wp-json\/wp\/v2\/media?parent=244188"}],"wp:term":[{"taxonomy":"product_brand","embeddable":true,"href":"https:\/\/www.csj-emballages.com\/de\/wp-json\/wp\/v2\/product_brand?post=244188"},{"taxonomy":"product_cat","embeddable":true,"href":"https:\/\/www.csj-emballages.com\/de\/wp-json\/wp\/v2\/product_cat?post=244188"},{"taxonomy":"product_tag","embeddable":true,"href":"https:\/\/www.csj-emballages.com\/de\/wp-json\/wp\/v2\/product_tag?post=244188"}],"curies":[{"name":"wp","href":"https:\/\/api.w.org\/{rel}","templated":true}]}}