{"id":244147,"date":"2025-09-15T09:49:03","date_gmt":"2025-09-15T07:49:03","guid":{"rendered":"https:\/\/www.csj-emballages.com\/produit\/getrocknete-girolles-extra-500-gr-im-pet-becher\/"},"modified":"2026-03-28T02:10:32","modified_gmt":"2026-03-28T01:10:32","slug":"getrocknete-girolles-extra-500-gr-im-pet-becher","status":"publish","type":"product","link":"https:\/\/www.csj-emballages.com\/de\/produit\/getrocknete-girolles-extra-500-gr-im-pet-becher\/","title":{"rendered":"Getrocknete Girolles extra 500 gr im PET-Becher"},"content":{"rendered":"<h2 class=\"p1\">Getrocknete Girolles<\/h2>\n<hr>\n<h3>Beschreibung von Unsere getrockneten Pfifferlinge Extra 500 gr im PET-Becher<\/h3>\n<p><!--more--><\/p>\n<p data-start=\"0\" data-end=\"432\">Entdecken Sie die Authentizit\u00e4t der <strong data-start=\"61\" data-end=\"102\">getrockneten Girolle extra 500 g im PET-Becher<\/strong>, ein Muss f\u00fcr alle Liebhaber der feinen K\u00fcche. Diese <strong data-start=\"165\" data-end=\"189\">wilden Pilze<\/strong> werden sorgf\u00e4ltig ausgew\u00e4hlt und dann schonend getrocknet, um ihren ganzen <strong data-start=\"276\" data-end=\"293\">holzigen Geschmack<\/strong> und ihr zartes Aroma zu bewahren. Dank dieses Verfahrens profitieren Sie von einem praktischen Produkt, das das ganze Jahr \u00fcber erh\u00e4ltlich ist, ohne Kompromisse beim Geschmack eingehen zu m\u00fcssen.  <\/p>\n<p data-start=\"434\" data-end=\"873\">Die Zubereitung ist ganz einfach: Zuerst werden die <strong>getrockneten Pfifferlinge<\/strong> in<strong data-start=\"527\" data-end=\"545\">kochendem Wasser<\/strong> etwa 20 Minuten lang <strong data-start=\"489\" data-end=\"503\">rehydriert<\/strong>. Dann sp\u00fclen Sie sie gr\u00fcndlich ab, lassen sie abtropfen und kochen sie wie <strong data-start=\"649\" data-end=\"670\">frische Pilze<\/strong>. Dadurch werden ihre zarte Textur und ihr einzigartiges Aroma geweckt, die sich perfekt f\u00fcr eine Vielzahl von Rezepten eignen: cremige Risottos, s\u00e4mige So\u00dfen, Fleischgerichte in Sauce oder auch Gourmet-Omeletts.  <\/p>\n<p data-start=\"875\" data-end=\"1212\">Die Verpackung in <strong data-start=\"897\" data-end=\"908\">PET-Beh\u00e4ltern<\/strong> bietet einen hervorragenden Schutz vor Feuchtigkeit und Licht und ist praktisch zu lagern und wieder zu verschlie\u00dfen. Bewahren Sie das Produkt einfach an einem <strong data-start=\"1072\" data-end=\"1081\">k\u00fchlen<\/strong>, trockenen und <strong data-start=\"1091\" data-end=\"1117\">lichtgesch\u00fctzten<\/strong> Ort auf, immer in der <strong data-start=\"1137\" data-end=\"1160\">Originalverpackung<\/strong>, um die volle Qualit\u00e4t der Pilze zu erhalten. <\/p>\n<p data-start=\"1214\" data-end=\"1650\">Wenn Sie sich f\u00fcr diese <strong>getrockneten Pfifferlinge<\/strong> entscheiden, sparen Sie Zeit und verleihen Ihren Gerichten gleichzeitig eine <strong data-start=\"1294\" data-end=\"1318\">gastronomische Note<\/strong>. Ihre lange Haltbarkeit macht sie zu einem idealen Verb\u00fcndeten f\u00fcr Profis in der Gastronomie und f\u00fcr Liebhaber der Hausmannskost. Dank des gro\u00dfz\u00fcgigen Formats von <strong>500 g<\/strong> sind die Pfifferlinge immer einsatzbereit und eignen sich perfekt f\u00fcr gesellige Mahlzeiten oder gro\u00dfe kulinarische Kreationen.  <\/p>\n<p data-start=\"1652\" data-end=\"1857\">Laden Sie mit diesen <strong data-start=\"1699\" data-end=\"1725\">getrockneten Pfifferlingen Extra<\/strong> die Natur auf Ihren Teller ein: eine Geschmacksexplosion, eine einfache Zubereitung und eine bewahrte Qualit\u00e4t, die Ihre Kunden oder G\u00e4ste bei jedem Bissen verf\u00fchren wird.<\/p>\n<p><!--more--><\/p>\n<h4><strong>Vorteile :<\/strong><\/h4>\n<ul>\n<li><strong data-start=\"2066\" data-end=\"2106\">Intensiver Geschmack und authentischer Duft<\/strong> f\u00fcr raffinierte Gerichte.<\/li>\n<li><strong data-start=\"2136\" data-end=\"2159\">Lange Haltbarkeit<\/strong> dank des luftdichten PET-Beh\u00e4lters.<\/li>\n<li><strong data-start=\"2193\" data-end=\"2215\">Einfache Zubereitung<\/strong>: Rehydrierung in 20 Minuten, dann wie frische Pilze kochen.<\/li>\n<li><strong data-start=\"2288\" data-end=\"2304\">Format 500 g<\/strong> perfekt f\u00fcr Profis oder Liebhaber der kreativen K\u00fcche.<\/li>\n<\/ul>\n<p>&nbsp;<\/p>\n<p><!--more--><\/p>\n<h4>Weitere Informationen :<\/h4>\n<ul>\n<li><strong>Verpackung<\/strong>: Dose mit 500 g<\/li>\n<li><b>Typ <\/b>: Extra<\/li>\n<\/ul>\n<p>&nbsp;<\/p>\n<p><!--more--><\/p>\n<p><a href=\"https:\/\/www.csj-emballages.com\/de\/categorie-produit\/lebensmittel\/getrocknete-pilze\/\">Sehen Sie sich den Rest unseres Sortiments an getrockneten Pilzen an<\/a><\/p>\n","protected":false},"excerpt":{"rendered":"<p>Getrocknete Girolles Beschreibung von Unsere getrockneten Pfifferlinge Extra 500 gr im PET-Becher<\/p>\n","protected":false},"featured_media":244137,"template":"","meta":{"_acf_changed":false},"product_brand":[],"product_cat":[1137,1144,9710],"product_tag":[],"class_list":{"0":"post-244147","1":"product","2":"type-product","3":"status-publish","4":"has-post-thumbnail","6":"product_cat-lebensmittelverpackungen","7":"product_cat-lebensmittel","8":"product_cat-getrocknete-pilze","10":"first","11":"instock","12":"taxable","13":"shipping-taxable","14":"purchasable","15":"product-type-simple"},"acf":[],"yoast_head":"<!-- This site is optimized with the Yoast SEO Premium plugin v26.6 (Yoast SEO v26.6) - https:\/\/yoast.com\/wordpress\/plugins\/seo\/ -->\n<title>Getrocknete Girolles Extra 500 gr im PET-Becher<\/title>\n<meta name=\"description\" content=\"Getrocknete Girolles extra 500 g im PET-Becher: holziger Geschmack, einfache Zubereitung, ideal f\u00fcr Feinschmeckerrezepte das ganze Jahr \u00fcber.\" \/>\n<meta name=\"robots\" content=\"index, follow, max-snippet:-1, max-image-preview:large, max-video-preview:-1\" \/>\n<link rel=\"canonical\" href=\"https:\/\/www.csj-emballages.com\/de\/produit\/getrocknete-girolles-extra-500-gr-im-pet-becher\/\" \/>\n<meta property=\"og:locale\" content=\"de_DE\" \/>\n<meta property=\"og:type\" content=\"article\" \/>\n<meta property=\"og:title\" content=\"Getrocknete Girolles extra 500 gr im PET-Becher\" \/>\n<meta property=\"og:description\" content=\"Getrocknete Girolles extra 500 g im PET-Becher: holziger Geschmack, einfache Zubereitung, ideal f\u00fcr Feinschmeckerrezepte das ganze Jahr \u00fcber.\" \/>\n<meta property=\"og:url\" content=\"https:\/\/www.csj-emballages.com\/de\/produit\/getrocknete-girolles-extra-500-gr-im-pet-becher\/\" \/>\n<meta property=\"og:site_name\" content=\"CSJ Emballages\" \/>\n<meta property=\"article:publisher\" content=\"https:\/\/www.facebook.com\/csjemballages\" \/>\n<meta property=\"article:modified_time\" content=\"2026-03-28T01:10:32+00:00\" \/>\n<meta property=\"og:image\" content=\"https:\/\/www.csj-emballages.com\/wp-content\/uploads\/2025\/09\/11504.webp\" \/>\n\t<meta property=\"og:image:width\" content=\"800\" \/>\n\t<meta property=\"og:image:height\" content=\"800\" \/>\n\t<meta property=\"og:image:type\" content=\"image\/webp\" \/>\n<meta name=\"twitter:card\" content=\"summary_large_image\" \/>\n<meta name=\"twitter:label1\" content=\"Gesch\u00e4tzte Lesezeit\" \/>\n\t<meta name=\"twitter:data1\" content=\"2 Minuten\" \/>\n<script type=\"application\/ld+json\" class=\"yoast-schema-graph\">{\"@context\":\"https:\/\/schema.org\",\"@graph\":[{\"@type\":\"WebPage\",\"@id\":\"https:\/\/www.csj-emballages.com\/de\/produit\/getrocknete-girolles-extra-500-gr-im-pet-becher\/\",\"url\":\"https:\/\/www.csj-emballages.com\/de\/produit\/getrocknete-girolles-extra-500-gr-im-pet-becher\/\",\"name\":\"Getrocknete Girolles Extra 500 gr im PET-Becher\",\"isPartOf\":{\"@id\":\"https:\/\/www.csj-emballages.com\/de\/#website\"},\"primaryImageOfPage\":{\"@id\":\"https:\/\/www.csj-emballages.com\/de\/produit\/getrocknete-girolles-extra-500-gr-im-pet-becher\/#primaryimage\"},\"image\":{\"@id\":\"https:\/\/www.csj-emballages.com\/de\/produit\/getrocknete-girolles-extra-500-gr-im-pet-becher\/#primaryimage\"},\"thumbnailUrl\":\"https:\/\/www.csj-emballages.com\/wp-content\/uploads\/2025\/09\/11504.webp\",\"datePublished\":\"2025-09-15T07:49:03+00:00\",\"dateModified\":\"2026-03-28T01:10:32+00:00\",\"description\":\"Getrocknete Girolles extra 500 g im PET-Becher: holziger Geschmack, einfache Zubereitung, ideal f\u00fcr Feinschmeckerrezepte das ganze Jahr \u00fcber.\",\"breadcrumb\":{\"@id\":\"https:\/\/www.csj-emballages.com\/de\/produit\/getrocknete-girolles-extra-500-gr-im-pet-becher\/#breadcrumb\"},\"inLanguage\":\"de\",\"potentialAction\":[{\"@type\":\"ReadAction\",\"target\":[\"https:\/\/www.csj-emballages.com\/de\/produit\/getrocknete-girolles-extra-500-gr-im-pet-becher\/\"]}]},{\"@type\":\"ImageObject\",\"inLanguage\":\"de\",\"@id\":\"https:\/\/www.csj-emballages.com\/de\/produit\/getrocknete-girolles-extra-500-gr-im-pet-becher\/#primaryimage\",\"url\":\"https:\/\/www.csj-emballages.com\/wp-content\/uploads\/2025\/09\/11504.webp\",\"contentUrl\":\"https:\/\/www.csj-emballages.com\/wp-content\/uploads\/2025\/09\/11504.webp\",\"width\":800,\"height\":800,\"caption\":\"Girolles s\u00e9ch\u00e9es\"},{\"@type\":\"BreadcrumbList\",\"@id\":\"https:\/\/www.csj-emballages.com\/de\/produit\/getrocknete-girolles-extra-500-gr-im-pet-becher\/#breadcrumb\",\"itemListElement\":[{\"@type\":\"ListItem\",\"position\":1,\"name\":\"Accueil\",\"item\":\"https:\/\/www.csj-emballages.com\/de\/universum-lebensmittelverpackungen\/\"},{\"@type\":\"ListItem\",\"position\":2,\"name\":\"Shop\",\"item\":\"https:\/\/www.csj-emballages.com\/shop\/\"},{\"@type\":\"ListItem\",\"position\":3,\"name\":\"Getrocknete Girolles extra 500 gr im PET-Becher\"}]},{\"@type\":\"WebSite\",\"@id\":\"https:\/\/www.csj-emballages.com\/de\/#website\",\"url\":\"https:\/\/www.csj-emballages.com\/de\/\",\"name\":\"CSJ Emballages\",\"description\":\"\",\"publisher\":{\"@id\":\"https:\/\/www.csj-emballages.com\/de\/#organization\"},\"potentialAction\":[{\"@type\":\"SearchAction\",\"target\":{\"@type\":\"EntryPoint\",\"urlTemplate\":\"https:\/\/www.csj-emballages.com\/de\/?s={search_term_string}\"},\"query-input\":{\"@type\":\"PropertyValueSpecification\",\"valueRequired\":true,\"valueName\":\"search_term_string\"}}],\"inLanguage\":\"de\"},{\"@type\":\"Organization\",\"@id\":\"https:\/\/www.csj-emballages.com\/de\/#Organization\/\",\"name\":\"CSJ Emballages\",\"url\":\"https:\/\/www.csj-emballages.com\/de\/\",\"logo\":{\"@type\":\"ImageObject\",\"inLanguage\":\"de\",\"@id\":\"https:\/\/www.csj-emballages.com\/de\/#\/schema\/logo\/image\/\",\"url\":\"https:\/\/www.csj-emballages.com\/wp-content\/uploads\/2023\/10\/logo_csj.webp\",\"contentUrl\":\"https:\/\/www.csj-emballages.com\/wp-content\/uploads\/2023\/10\/logo_csj.webp\",\"width\":250,\"height\":95,\"caption\":\"CSJ Emballages\"},\"image\":{\"@id\":\"https:\/\/www.csj-emballages.com\/de\/#\/schema\/logo\/image\/\"},\"sameAs\":[\"https:\/\/www.facebook.com\/csjemballages\"],\"address\":{\"@type\":\"PostalAddress\",\"streetAddress\":\"ZI La Lechere\",\"addressLocality\":\"Patornay\",\"postalCode\":\"39130\",\"addressCountry\":\"FR\"},\"contactPoint\":[{\"@type\":\"ContactPoint\",\"contactType\":\"Service client\",\"telephone\":\"0384254272\",\"email\":\"contact@csj-emballages.com\"}]}]}<\/script>\n<!-- \/ Yoast SEO Premium plugin. -->","yoast_head_json":{"title":"Getrocknete Girolles Extra 500 gr im PET-Becher","description":"Getrocknete Girolles extra 500 g im PET-Becher: holziger Geschmack, einfache Zubereitung, ideal f\u00fcr Feinschmeckerrezepte das ganze Jahr \u00fcber.","robots":{"index":"index","follow":"follow","max-snippet":"max-snippet:-1","max-image-preview":"max-image-preview:large","max-video-preview":"max-video-preview:-1"},"canonical":"https:\/\/www.csj-emballages.com\/de\/produit\/getrocknete-girolles-extra-500-gr-im-pet-becher\/","og_locale":"de_DE","og_type":"article","og_title":"Getrocknete Girolles extra 500 gr im PET-Becher","og_description":"Getrocknete Girolles extra 500 g im PET-Becher: holziger Geschmack, einfache Zubereitung, ideal f\u00fcr Feinschmeckerrezepte das ganze Jahr \u00fcber.","og_url":"https:\/\/www.csj-emballages.com\/de\/produit\/getrocknete-girolles-extra-500-gr-im-pet-becher\/","og_site_name":"CSJ Emballages","article_publisher":"https:\/\/www.facebook.com\/csjemballages","article_modified_time":"2026-03-28T01:10:32+00:00","og_image":[{"width":800,"height":800,"url":"https:\/\/www.csj-emballages.com\/wp-content\/uploads\/2025\/09\/11504.webp","type":"image\/webp"}],"twitter_card":"summary_large_image","twitter_misc":{"Gesch\u00e4tzte Lesezeit":"2 Minuten"},"schema":{"@context":"https:\/\/schema.org","@graph":[{"@type":"WebPage","@id":"https:\/\/www.csj-emballages.com\/de\/produit\/getrocknete-girolles-extra-500-gr-im-pet-becher\/","url":"https:\/\/www.csj-emballages.com\/de\/produit\/getrocknete-girolles-extra-500-gr-im-pet-becher\/","name":"Getrocknete Girolles Extra 500 gr im PET-Becher","isPartOf":{"@id":"https:\/\/www.csj-emballages.com\/de\/#website"},"primaryImageOfPage":{"@id":"https:\/\/www.csj-emballages.com\/de\/produit\/getrocknete-girolles-extra-500-gr-im-pet-becher\/#primaryimage"},"image":{"@id":"https:\/\/www.csj-emballages.com\/de\/produit\/getrocknete-girolles-extra-500-gr-im-pet-becher\/#primaryimage"},"thumbnailUrl":"https:\/\/www.csj-emballages.com\/wp-content\/uploads\/2025\/09\/11504.webp","datePublished":"2025-09-15T07:49:03+00:00","dateModified":"2026-03-28T01:10:32+00:00","description":"Getrocknete Girolles extra 500 g im PET-Becher: holziger Geschmack, einfache Zubereitung, ideal f\u00fcr Feinschmeckerrezepte das ganze Jahr \u00fcber.","breadcrumb":{"@id":"https:\/\/www.csj-emballages.com\/de\/produit\/getrocknete-girolles-extra-500-gr-im-pet-becher\/#breadcrumb"},"inLanguage":"de","potentialAction":[{"@type":"ReadAction","target":["https:\/\/www.csj-emballages.com\/de\/produit\/getrocknete-girolles-extra-500-gr-im-pet-becher\/"]}]},{"@type":"ImageObject","inLanguage":"de","@id":"https:\/\/www.csj-emballages.com\/de\/produit\/getrocknete-girolles-extra-500-gr-im-pet-becher\/#primaryimage","url":"https:\/\/www.csj-emballages.com\/wp-content\/uploads\/2025\/09\/11504.webp","contentUrl":"https:\/\/www.csj-emballages.com\/wp-content\/uploads\/2025\/09\/11504.webp","width":800,"height":800,"caption":"Girolles s\u00e9ch\u00e9es"},{"@type":"BreadcrumbList","@id":"https:\/\/www.csj-emballages.com\/de\/produit\/getrocknete-girolles-extra-500-gr-im-pet-becher\/#breadcrumb","itemListElement":[{"@type":"ListItem","position":1,"name":"Accueil","item":"https:\/\/www.csj-emballages.com\/de\/universum-lebensmittelverpackungen\/"},{"@type":"ListItem","position":2,"name":"Shop","item":"https:\/\/www.csj-emballages.com\/shop\/"},{"@type":"ListItem","position":3,"name":"Getrocknete Girolles extra 500 gr im PET-Becher"}]},{"@type":"WebSite","@id":"https:\/\/www.csj-emballages.com\/de\/#website","url":"https:\/\/www.csj-emballages.com\/de\/","name":"CSJ Emballages","description":"","publisher":{"@id":"https:\/\/www.csj-emballages.com\/de\/#organization"},"potentialAction":[{"@type":"SearchAction","target":{"@type":"EntryPoint","urlTemplate":"https:\/\/www.csj-emballages.com\/de\/?s={search_term_string}"},"query-input":{"@type":"PropertyValueSpecification","valueRequired":true,"valueName":"search_term_string"}}],"inLanguage":"de"},{"@type":"Organization","@id":"https:\/\/www.csj-emballages.com\/de\/#Organization\/","name":"CSJ Emballages","url":"https:\/\/www.csj-emballages.com\/de\/","logo":{"@type":"ImageObject","inLanguage":"de","@id":"https:\/\/www.csj-emballages.com\/de\/#\/schema\/logo\/image\/","url":"https:\/\/www.csj-emballages.com\/wp-content\/uploads\/2023\/10\/logo_csj.webp","contentUrl":"https:\/\/www.csj-emballages.com\/wp-content\/uploads\/2023\/10\/logo_csj.webp","width":250,"height":95,"caption":"CSJ Emballages"},"image":{"@id":"https:\/\/www.csj-emballages.com\/de\/#\/schema\/logo\/image\/"},"sameAs":["https:\/\/www.facebook.com\/csjemballages"],"address":{"@type":"PostalAddress","streetAddress":"ZI La Lechere","addressLocality":"Patornay","postalCode":"39130","addressCountry":"FR"},"contactPoint":[{"@type":"ContactPoint","contactType":"Service client","telephone":"0384254272","email":"contact@csj-emballages.com"}]}]}},"df_price":64.08,"df_sale_price":"","df_regular_price":64.08,"df_image_link":"https:\/\/www.csj-emballages.com\/wp-content\/uploads\/2025\/09\/11504-300x300.webp","tiered_pricing_type":"fixed","tiered_pricing_fixed_rules":[],"tiered_pricing_percentage_rules":[],"tiered_pricing_minimum":1,"tiered_pricing_roles_data":[],"_links":{"self":[{"href":"https:\/\/www.csj-emballages.com\/de\/wp-json\/wp\/v2\/product\/244147","targetHints":{"allow":["GET"]}}],"collection":[{"href":"https:\/\/www.csj-emballages.com\/de\/wp-json\/wp\/v2\/product"}],"about":[{"href":"https:\/\/www.csj-emballages.com\/de\/wp-json\/wp\/v2\/types\/product"}],"wp:featuredmedia":[{"embeddable":true,"href":"https:\/\/www.csj-emballages.com\/de\/wp-json\/wp\/v2\/media\/244137"}],"wp:attachment":[{"href":"https:\/\/www.csj-emballages.com\/de\/wp-json\/wp\/v2\/media?parent=244147"}],"wp:term":[{"taxonomy":"product_brand","embeddable":true,"href":"https:\/\/www.csj-emballages.com\/de\/wp-json\/wp\/v2\/product_brand?post=244147"},{"taxonomy":"product_cat","embeddable":true,"href":"https:\/\/www.csj-emballages.com\/de\/wp-json\/wp\/v2\/product_cat?post=244147"},{"taxonomy":"product_tag","embeddable":true,"href":"https:\/\/www.csj-emballages.com\/de\/wp-json\/wp\/v2\/product_tag?post=244147"}],"curies":[{"name":"wp","href":"https:\/\/api.w.org\/{rel}","templated":true}]}}