{"id":244129,"date":"2025-09-15T09:49:19","date_gmt":"2025-09-15T07:49:19","guid":{"rendered":"https:\/\/www.csj-emballages.com\/produit\/getrocknete-trompeten-extra-500-gr-im-pet-glas\/"},"modified":"2026-04-09T02:11:06","modified_gmt":"2026-04-09T00:11:06","slug":"getrocknete-trompeten-extra-500-gr-im-pet-glas","status":"publish","type":"product","link":"https:\/\/www.csj-emballages.com\/de\/produit\/getrocknete-trompeten-extra-500-gr-im-pet-glas\/","title":{"rendered":"Getrocknete Trompeten extra 500 gr im PET-Glas"},"content":{"rendered":"<h2 class=\"p1\">Getrocknete Trompeten<\/h2>\n<hr>\n<h3>Beschreibung von unsere getrocknete Trompeten extra 500 gr im PET-Becher<\/h3>\n<p><!--more--><\/p>\n<p data-start=\"0\" data-end=\"415\">Entdecken Sie unsere <strong data-start=\"44\" data-end=\"89\">getrockneten Trompeten extra 500 g im PET-Becher<\/strong>, eine wahre Einladung zum Schlemmen f\u00fcr K\u00f6che, <strong data-start=\"149\" data-end=\"162\">Caterer<\/strong> und leidenschaftliche K\u00f6che. Diese <strong data-start=\"260\" data-end=\"287\">au\u00dfergew\u00f6hnlichen Pilze<\/strong> werden sorgf\u00e4ltig geerntet und anschlie\u00dfend <strong>getrocknet<\/strong>, um ihren holzigen Duft zu bewahren. Sie zeichnen sich durch ihre<strong data-start=\"320\" data-end=\"338\"> Extra-Qualit\u00e4t<\/strong> aus, die f\u00fcr eine perfekte Textur und einen intensiven Geschmack steht. <\/p>\n<p data-start=\"417\" data-end=\"936\">Um ihren vollen Geschmack zu entfalten, m\u00fcssen Sie sie nur <strong data-start=\"466\" data-end=\"480\">rehydrieren<\/strong>: Geben Sie sie 20 Minuten lang in<strong data-start=\"505\" data-end=\"523\">kochendes Wasser<\/strong>. Sp\u00fclen Sie sie anschlie\u00dfend gr\u00fcndlich ab, lassen Sie sie abtropfen und kochen Sie sie wie <strong data-start=\"615\" data-end=\"636\">frische Pilze<\/strong>. Dank dieses einfachen Schrittes genie\u00dfen Sie ein praktisches Produkt, das die Authentizit\u00e4t des Sammelns bewahrt. Ob in einer cremigen So\u00dfe, einem duftenden Risotto, einer Gem\u00fcsepfanne oder einer Gourmet-F\u00fcllung &#8211; diese <strong>Totentrompeten<\/strong> verfeinern Ihre Rezepte und verleihen ihnen eine unnachahmliche Waldnote.   <\/p>\n<p data-start=\"938\" data-end=\"1367\">Die Verpackung in <strong data-start=\"960\" data-end=\"971\">PET-Gl\u00e4sern<\/strong> bietet viele Vorteile: Sie sch\u00fctzt die Pilze vor Licht und Feuchtigkeit und bewahrt ihr einzigartiges Aroma. Au\u00dferdem ist es leicht zu lagern und wieder zu verschlie\u00dfen, ideal f\u00fcr eine schrittweise Verwendung ohne Qualit\u00e4tsverlust. Bewahren Sie das Glas einfach an einem <strong data-start=\"1251\" data-end=\"1260\">k\u00fchlen<\/strong>, trockenen und lichtgesch\u00fctzten Ort in der <strong data-start=\"1302\" data-end=\"1325\">Originalverpackung<\/strong> auf, um eine lange Lebensdauer zu gew\u00e4hrleisten.  <\/p>\n<p data-start=\"1369\" data-end=\"1717\">Mit unseren <strong>getrockneten Trompeten Extra<\/strong> entscheiden Sie sich f\u00fcr eine nat\u00fcrliche Zutat, die reich an Geschmack und kulinarischer Tradition ist. Sie sparen Zeit in der K\u00fcche und bewahren gleichzeitig den authentischen Geschmack des frischen Produkts. Kurzum, diese <strong data-start=\"1605\" data-end=\"1633\">getrockneten Trompeten<\/strong> sind das Geheimnis raffinierter und schmackhafter Gerichte, die bereit sind, Ihre G\u00e4ste in Staunen zu versetzen.  <\/p>\n<p><!--more--><\/p>\n<h4><strong>Vorteile :<\/strong><\/h4>\n<ul>\n<li><strong data-start=\"2019\" data-end=\"2032\">Praktisch<\/strong>: wiederverschlie\u00dfbarer und sch\u00fctzender PET-Topf.<\/li>\n<li><strong data-start=\"2073\" data-end=\"2093\">Geschmack bewahrt<\/strong>: holziges Aroma nach Rehydrierung intakt.<\/li>\n<li><strong data-start=\"2140\" data-end=\"2155\">Vielseitigkeit<\/strong>: Passt in viele leckere Rezepte.<\/li>\n<\/ul>\n<p>&nbsp;<\/p>\n<p><!--more--><\/p>\n<h4>Weitere Informationen :<\/h4>\n<ul>\n<li><strong>Verpackung<\/strong>: Dose mit 500 g<\/li>\n<li><b>Typ <\/b>: Extra<\/li>\n<\/ul>\n<p>&nbsp;<\/p>\n<p><!--more--><\/p>\n<p><a href=\"https:\/\/www.csj-emballages.com\/de\/categorie-produit\/lebensmittel\/getrocknete-pilze\/\">Sehen Sie sich den Rest unseres Sortiments an getrockneten Pilzen an<\/a><\/p>\n","protected":false},"excerpt":{"rendered":"<p>Getrocknete Trompeten Beschreibung von unsere getrocknete Trompeten extra 500 gr im PET-Becher<\/p>\n","protected":false},"featured_media":244114,"template":"","meta":{"_acf_changed":false},"product_brand":[],"product_cat":[1137,1144,9710],"product_tag":[],"class_list":{"0":"post-244129","1":"product","2":"type-product","3":"status-publish","4":"has-post-thumbnail","6":"product_cat-lebensmittelverpackungen","7":"product_cat-lebensmittel","8":"product_cat-getrocknete-pilze","10":"first","11":"instock","12":"taxable","13":"shipping-taxable","14":"purchasable","15":"product-type-simple"},"acf":[],"yoast_head":"<!-- This site is optimized with the Yoast SEO Premium plugin v26.6 (Yoast SEO v26.6) - https:\/\/yoast.com\/wordpress\/plugins\/seo\/ -->\n<title>Getrocknete Trompeten Extra 500 gr im PET-Glas<\/title>\n<meta name=\"description\" content=\"Getrocknete Trompeten extra 500 g im PET-Becher, Traiteur-Qualit\u00e4t, leicht zu rehydrieren f\u00fcr Gerichte mit holzigem Duft und intensivem Geschmack.\" \/>\n<meta name=\"robots\" content=\"index, follow, max-snippet:-1, max-image-preview:large, max-video-preview:-1\" \/>\n<link rel=\"canonical\" href=\"https:\/\/www.csj-emballages.com\/de\/produit\/getrocknete-trompeten-extra-500-gr-im-pet-glas\/\" \/>\n<meta property=\"og:locale\" content=\"de_DE\" \/>\n<meta property=\"og:type\" content=\"article\" \/>\n<meta property=\"og:title\" content=\"Getrocknete Trompeten extra 500 gr im PET-Glas\" \/>\n<meta property=\"og:description\" content=\"Getrocknete Trompeten extra 500 g im PET-Becher, Traiteur-Qualit\u00e4t, leicht zu rehydrieren f\u00fcr Gerichte mit holzigem Duft und intensivem Geschmack.\" \/>\n<meta property=\"og:url\" content=\"https:\/\/www.csj-emballages.com\/de\/produit\/getrocknete-trompeten-extra-500-gr-im-pet-glas\/\" \/>\n<meta property=\"og:site_name\" content=\"CSJ Emballages\" \/>\n<meta property=\"article:publisher\" content=\"https:\/\/www.facebook.com\/csjemballages\" \/>\n<meta property=\"article:modified_time\" content=\"2026-04-09T00:11:06+00:00\" \/>\n<meta property=\"og:image\" content=\"https:\/\/www.csj-emballages.com\/wp-content\/uploads\/2025\/09\/11508-.webp\" \/>\n\t<meta property=\"og:image:width\" content=\"800\" \/>\n\t<meta property=\"og:image:height\" content=\"800\" \/>\n\t<meta property=\"og:image:type\" content=\"image\/webp\" \/>\n<meta name=\"twitter:card\" content=\"summary_large_image\" \/>\n<meta name=\"twitter:label1\" content=\"Gesch\u00e4tzte Lesezeit\" \/>\n\t<meta name=\"twitter:data1\" content=\"2 Minuten\" \/>\n<script type=\"application\/ld+json\" class=\"yoast-schema-graph\">{\"@context\":\"https:\/\/schema.org\",\"@graph\":[{\"@type\":\"WebPage\",\"@id\":\"https:\/\/www.csj-emballages.com\/de\/produit\/getrocknete-trompeten-extra-500-gr-im-pet-glas\/\",\"url\":\"https:\/\/www.csj-emballages.com\/de\/produit\/getrocknete-trompeten-extra-500-gr-im-pet-glas\/\",\"name\":\"Getrocknete Trompeten Extra 500 gr im PET-Glas\",\"isPartOf\":{\"@id\":\"https:\/\/www.csj-emballages.com\/de\/#website\"},\"primaryImageOfPage\":{\"@id\":\"https:\/\/www.csj-emballages.com\/de\/produit\/getrocknete-trompeten-extra-500-gr-im-pet-glas\/#primaryimage\"},\"image\":{\"@id\":\"https:\/\/www.csj-emballages.com\/de\/produit\/getrocknete-trompeten-extra-500-gr-im-pet-glas\/#primaryimage\"},\"thumbnailUrl\":\"https:\/\/www.csj-emballages.com\/wp-content\/uploads\/2025\/09\/11508-.webp\",\"datePublished\":\"2025-09-15T07:49:19+00:00\",\"dateModified\":\"2026-04-09T00:11:06+00:00\",\"description\":\"Getrocknete Trompeten extra 500 g im PET-Becher, Traiteur-Qualit\u00e4t, leicht zu rehydrieren f\u00fcr Gerichte mit holzigem Duft und intensivem Geschmack.\",\"breadcrumb\":{\"@id\":\"https:\/\/www.csj-emballages.com\/de\/produit\/getrocknete-trompeten-extra-500-gr-im-pet-glas\/#breadcrumb\"},\"inLanguage\":\"de\",\"potentialAction\":[{\"@type\":\"ReadAction\",\"target\":[\"https:\/\/www.csj-emballages.com\/de\/produit\/getrocknete-trompeten-extra-500-gr-im-pet-glas\/\"]}]},{\"@type\":\"ImageObject\",\"inLanguage\":\"de\",\"@id\":\"https:\/\/www.csj-emballages.com\/de\/produit\/getrocknete-trompeten-extra-500-gr-im-pet-glas\/#primaryimage\",\"url\":\"https:\/\/www.csj-emballages.com\/wp-content\/uploads\/2025\/09\/11508-.webp\",\"contentUrl\":\"https:\/\/www.csj-emballages.com\/wp-content\/uploads\/2025\/09\/11508-.webp\",\"width\":800,\"height\":800,\"caption\":\"Trompettes extra\"},{\"@type\":\"BreadcrumbList\",\"@id\":\"https:\/\/www.csj-emballages.com\/de\/produit\/getrocknete-trompeten-extra-500-gr-im-pet-glas\/#breadcrumb\",\"itemListElement\":[{\"@type\":\"ListItem\",\"position\":1,\"name\":\"Accueil\",\"item\":\"https:\/\/www.csj-emballages.com\/de\/universum-lebensmittelverpackungen\/\"},{\"@type\":\"ListItem\",\"position\":2,\"name\":\"Shop\",\"item\":\"https:\/\/www.csj-emballages.com\/shop\/\"},{\"@type\":\"ListItem\",\"position\":3,\"name\":\"Getrocknete Trompeten extra 500 gr im PET-Glas\"}]},{\"@type\":\"WebSite\",\"@id\":\"https:\/\/www.csj-emballages.com\/de\/#website\",\"url\":\"https:\/\/www.csj-emballages.com\/de\/\",\"name\":\"CSJ Emballages\",\"description\":\"\",\"publisher\":{\"@id\":\"https:\/\/www.csj-emballages.com\/de\/#organization\"},\"potentialAction\":[{\"@type\":\"SearchAction\",\"target\":{\"@type\":\"EntryPoint\",\"urlTemplate\":\"https:\/\/www.csj-emballages.com\/de\/?s={search_term_string}\"},\"query-input\":{\"@type\":\"PropertyValueSpecification\",\"valueRequired\":true,\"valueName\":\"search_term_string\"}}],\"inLanguage\":\"de\"},{\"@type\":\"Organization\",\"@id\":\"https:\/\/www.csj-emballages.com\/de\/#Organization\/\",\"name\":\"CSJ Emballages\",\"url\":\"https:\/\/www.csj-emballages.com\/de\/\",\"logo\":{\"@type\":\"ImageObject\",\"inLanguage\":\"de\",\"@id\":\"https:\/\/www.csj-emballages.com\/de\/#\/schema\/logo\/image\/\",\"url\":\"https:\/\/www.csj-emballages.com\/wp-content\/uploads\/2023\/10\/logo_csj.webp\",\"contentUrl\":\"https:\/\/www.csj-emballages.com\/wp-content\/uploads\/2023\/10\/logo_csj.webp\",\"width\":250,\"height\":95,\"caption\":\"CSJ Emballages\"},\"image\":{\"@id\":\"https:\/\/www.csj-emballages.com\/de\/#\/schema\/logo\/image\/\"},\"sameAs\":[\"https:\/\/www.facebook.com\/csjemballages\"],\"address\":{\"@type\":\"PostalAddress\",\"streetAddress\":\"ZI La Lechere\",\"addressLocality\":\"Patornay\",\"postalCode\":\"39130\",\"addressCountry\":\"FR\"},\"contactPoint\":[{\"@type\":\"ContactPoint\",\"contactType\":\"Service client\",\"telephone\":\"0384254272\",\"email\":\"contact@csj-emballages.com\"}]}]}<\/script>\n<!-- \/ Yoast SEO Premium plugin. -->","yoast_head_json":{"title":"Getrocknete Trompeten Extra 500 gr im PET-Glas","description":"Getrocknete Trompeten extra 500 g im PET-Becher, Traiteur-Qualit\u00e4t, leicht zu rehydrieren f\u00fcr Gerichte mit holzigem Duft und intensivem Geschmack.","robots":{"index":"index","follow":"follow","max-snippet":"max-snippet:-1","max-image-preview":"max-image-preview:large","max-video-preview":"max-video-preview:-1"},"canonical":"https:\/\/www.csj-emballages.com\/de\/produit\/getrocknete-trompeten-extra-500-gr-im-pet-glas\/","og_locale":"de_DE","og_type":"article","og_title":"Getrocknete Trompeten extra 500 gr im PET-Glas","og_description":"Getrocknete Trompeten extra 500 g im PET-Becher, Traiteur-Qualit\u00e4t, leicht zu rehydrieren f\u00fcr Gerichte mit holzigem Duft und intensivem Geschmack.","og_url":"https:\/\/www.csj-emballages.com\/de\/produit\/getrocknete-trompeten-extra-500-gr-im-pet-glas\/","og_site_name":"CSJ Emballages","article_publisher":"https:\/\/www.facebook.com\/csjemballages","article_modified_time":"2026-04-09T00:11:06+00:00","og_image":[{"width":800,"height":800,"url":"https:\/\/www.csj-emballages.com\/wp-content\/uploads\/2025\/09\/11508-.webp","type":"image\/webp"}],"twitter_card":"summary_large_image","twitter_misc":{"Gesch\u00e4tzte Lesezeit":"2 Minuten"},"schema":{"@context":"https:\/\/schema.org","@graph":[{"@type":"WebPage","@id":"https:\/\/www.csj-emballages.com\/de\/produit\/getrocknete-trompeten-extra-500-gr-im-pet-glas\/","url":"https:\/\/www.csj-emballages.com\/de\/produit\/getrocknete-trompeten-extra-500-gr-im-pet-glas\/","name":"Getrocknete Trompeten Extra 500 gr im PET-Glas","isPartOf":{"@id":"https:\/\/www.csj-emballages.com\/de\/#website"},"primaryImageOfPage":{"@id":"https:\/\/www.csj-emballages.com\/de\/produit\/getrocknete-trompeten-extra-500-gr-im-pet-glas\/#primaryimage"},"image":{"@id":"https:\/\/www.csj-emballages.com\/de\/produit\/getrocknete-trompeten-extra-500-gr-im-pet-glas\/#primaryimage"},"thumbnailUrl":"https:\/\/www.csj-emballages.com\/wp-content\/uploads\/2025\/09\/11508-.webp","datePublished":"2025-09-15T07:49:19+00:00","dateModified":"2026-04-09T00:11:06+00:00","description":"Getrocknete Trompeten extra 500 g im PET-Becher, Traiteur-Qualit\u00e4t, leicht zu rehydrieren f\u00fcr Gerichte mit holzigem Duft und intensivem Geschmack.","breadcrumb":{"@id":"https:\/\/www.csj-emballages.com\/de\/produit\/getrocknete-trompeten-extra-500-gr-im-pet-glas\/#breadcrumb"},"inLanguage":"de","potentialAction":[{"@type":"ReadAction","target":["https:\/\/www.csj-emballages.com\/de\/produit\/getrocknete-trompeten-extra-500-gr-im-pet-glas\/"]}]},{"@type":"ImageObject","inLanguage":"de","@id":"https:\/\/www.csj-emballages.com\/de\/produit\/getrocknete-trompeten-extra-500-gr-im-pet-glas\/#primaryimage","url":"https:\/\/www.csj-emballages.com\/wp-content\/uploads\/2025\/09\/11508-.webp","contentUrl":"https:\/\/www.csj-emballages.com\/wp-content\/uploads\/2025\/09\/11508-.webp","width":800,"height":800,"caption":"Trompettes extra"},{"@type":"BreadcrumbList","@id":"https:\/\/www.csj-emballages.com\/de\/produit\/getrocknete-trompeten-extra-500-gr-im-pet-glas\/#breadcrumb","itemListElement":[{"@type":"ListItem","position":1,"name":"Accueil","item":"https:\/\/www.csj-emballages.com\/de\/universum-lebensmittelverpackungen\/"},{"@type":"ListItem","position":2,"name":"Shop","item":"https:\/\/www.csj-emballages.com\/shop\/"},{"@type":"ListItem","position":3,"name":"Getrocknete Trompeten extra 500 gr im PET-Glas"}]},{"@type":"WebSite","@id":"https:\/\/www.csj-emballages.com\/de\/#website","url":"https:\/\/www.csj-emballages.com\/de\/","name":"CSJ Emballages","description":"","publisher":{"@id":"https:\/\/www.csj-emballages.com\/de\/#organization"},"potentialAction":[{"@type":"SearchAction","target":{"@type":"EntryPoint","urlTemplate":"https:\/\/www.csj-emballages.com\/de\/?s={search_term_string}"},"query-input":{"@type":"PropertyValueSpecification","valueRequired":true,"valueName":"search_term_string"}}],"inLanguage":"de"},{"@type":"Organization","@id":"https:\/\/www.csj-emballages.com\/de\/#Organization\/","name":"CSJ Emballages","url":"https:\/\/www.csj-emballages.com\/de\/","logo":{"@type":"ImageObject","inLanguage":"de","@id":"https:\/\/www.csj-emballages.com\/de\/#\/schema\/logo\/image\/","url":"https:\/\/www.csj-emballages.com\/wp-content\/uploads\/2023\/10\/logo_csj.webp","contentUrl":"https:\/\/www.csj-emballages.com\/wp-content\/uploads\/2023\/10\/logo_csj.webp","width":250,"height":95,"caption":"CSJ Emballages"},"image":{"@id":"https:\/\/www.csj-emballages.com\/de\/#\/schema\/logo\/image\/"},"sameAs":["https:\/\/www.facebook.com\/csjemballages"],"address":{"@type":"PostalAddress","streetAddress":"ZI La Lechere","addressLocality":"Patornay","postalCode":"39130","addressCountry":"FR"},"contactPoint":[{"@type":"ContactPoint","contactType":"Service client","telephone":"0384254272","email":"contact@csj-emballages.com"}]}]}},"df_price":57.17,"df_sale_price":"","df_regular_price":57.17,"df_image_link":"https:\/\/www.csj-emballages.com\/wp-content\/uploads\/2025\/09\/11508--300x300.webp","tiered_pricing_type":"fixed","tiered_pricing_fixed_rules":[],"tiered_pricing_percentage_rules":[],"tiered_pricing_minimum":1,"tiered_pricing_roles_data":[],"_links":{"self":[{"href":"https:\/\/www.csj-emballages.com\/de\/wp-json\/wp\/v2\/product\/244129","targetHints":{"allow":["GET"]}}],"collection":[{"href":"https:\/\/www.csj-emballages.com\/de\/wp-json\/wp\/v2\/product"}],"about":[{"href":"https:\/\/www.csj-emballages.com\/de\/wp-json\/wp\/v2\/types\/product"}],"wp:featuredmedia":[{"embeddable":true,"href":"https:\/\/www.csj-emballages.com\/de\/wp-json\/wp\/v2\/media\/244114"}],"wp:attachment":[{"href":"https:\/\/www.csj-emballages.com\/de\/wp-json\/wp\/v2\/media?parent=244129"}],"wp:term":[{"taxonomy":"product_brand","embeddable":true,"href":"https:\/\/www.csj-emballages.com\/de\/wp-json\/wp\/v2\/product_brand?post=244129"},{"taxonomy":"product_cat","embeddable":true,"href":"https:\/\/www.csj-emballages.com\/de\/wp-json\/wp\/v2\/product_cat?post=244129"},{"taxonomy":"product_tag","embeddable":true,"href":"https:\/\/www.csj-emballages.com\/de\/wp-json\/wp\/v2\/product_tag?post=244129"}],"curies":[{"name":"wp","href":"https:\/\/api.w.org\/{rel}","templated":true}]}}