{"id":244103,"date":"2025-09-15T09:48:38","date_gmt":"2025-09-15T07:48:38","guid":{"rendered":"https:\/\/www.csj-emballages.com\/produit\/wilde-morcheln-traiteur-60-40-500-gr\/"},"modified":"2026-04-21T02:10:38","modified_gmt":"2026-04-21T00:10:38","slug":"wilde-morcheln-traiteur-60-40-500-gr","status":"publish","type":"product","link":"https:\/\/www.csj-emballages.com\/de\/produit\/wilde-morcheln-traiteur-60-40-500-gr\/","title":{"rendered":"Wilde Morcheln Traiteur 60\/40 500 gr"},"content":{"rendered":"<h2>Wilde Morcheln<\/h2>\n<hr>\n<h3>Beschreibung von unsere wilde Morcheln Feinkost 60\/40 500 gr<\/h3>\n<p><!--more--><\/p>\n<p data-start=\"0\" data-end=\"595\">Entdecken Sie die Authentizit\u00e4t der <strong data-start=\"66\" data-end=\"110\">wilden Morcheln Traiteur 60\/40 &#8211; 500 g<\/strong>, ein wahrer Schatz der Gastronomie, der Ihre Gerichte verfeinern wird. Diese sorgf\u00e4ltig geernteten <strong data-start=\"200\" data-end=\"212\">Morcheln<\/strong> zeichnen sich durch ihre <strong data-start=\"245\" data-end=\"263\">Feinkostqualit\u00e4t Extra<\/strong> aus, die zu <strong data-start=\"277\" data-end=\"294\">60 % aus<\/strong> fleischigen <strong data-start=\"277\" data-end=\"294\">K\u00f6pfen<\/strong> und <strong data-start=\"307\" data-end=\"325\">zu 40 % aus<\/strong> schmackhaften <strong data-start=\"307\" data-end=\"325\">Schw\u00e4nzen<\/strong> besteht und f\u00fcr ein raffiniertes und ausgewogenes kulinarisches Erlebnis sorgt. Dank ihres einzigartigen holzigen Dufts verleihen sie all Ihren Kreationen einen Hauch von Charakter und Eleganz, sei es ein Gourmet-Risotto, eine cremige Sauce oder ein edles Fleischgericht.  <\/p>\n<p data-start=\"597\" data-end=\"1065\">Die Zubereitung dieser <strong data-start=\"610\" data-end=\"637\">au\u00dfergew\u00f6hnlichen Pilze<\/strong> ist einfach und schnell. Sie m\u00fcssen sie nur <strong data-start=\"677\" data-end=\"735\">20 Minuten lang in kochendem Wasser rehydrieren<\/strong>, dann <strong data-start=\"749\" data-end=\"771\">gr\u00fcndlich absp\u00fclen<\/strong> und <strong data-start=\"782\" data-end=\"808\">gut abtropfen<\/strong> lassen. Anschlie\u00dfend k\u00f6nnen Sie sie wie <strong data-start=\"842\" data-end=\"863\">frische Pilze<\/strong> zubereiten und dabei ihre zartschmelzende Textur und ihr intensives Aroma genie\u00dfen. Diese Zubereitung garantiert eine optimale Qualit\u00e4t und einen erhaltenen Geschmack, ideal f\u00fcr K\u00f6che und Liebhaber der Hausmannskost.   <\/p>\n<p data-start=\"1067\" data-end=\"1320\">Um ihren vollen Geschmack zu bewahren, sollten Sie die Morcheln <strong data-start=\"1121\" data-end=\"1154\">k\u00fchl, trocken<\/strong>, lichtgesch\u00fctzt und vor allem in der <strong data-start=\"1201\" data-end=\"1224\">Originalverpackung<\/strong> aufbewahren. So k\u00f6nnen Sie sicher sein, dass Sie bei jedem \u00d6ffnen den authentischen Duft des Waldes wiederfinden. <\/p>\n<p data-start=\"1322\" data-end=\"1663\">Ob Sie nun ein <strong data-start=\"1340\" data-end=\"1352\">Caterer<\/strong>, ein Restaurantbesitzer oder einfach ein Liebhaber von Gourmetprodukten sind, diese <strong>wilden Morcheln 60\/40<\/strong> sind perfekt, um Ihre Men\u00fcs zu bereichern oder Ihre G\u00e4ste bei einem raffinierten Abendessen zu \u00fcberraschen. Mit ihrem praktischen Format von <strong>500 g eignen<\/strong> sie sich sowohl f\u00fcr professionelle Zubereitungen als auch f\u00fcr Gourmet-Mahlzeiten zu Hause. <\/p>\n<p data-start=\"1665\" data-end=\"1888\">Verleihen Sie Ihren Gerichten einen unvergleichlichen Geschmack und machen Sie jeden Bissen zu einer Einladung, Neues zu entdecken. Die <strong data-start=\"1768\" data-end=\"1804\">wilden Morcheln Traiteur 60\/40<\/strong> sind das Geheimnis einer gro\u00dfz\u00fcgigen, duftenden und einfach unwiderstehlichen K\u00fcche. <\/p>\n<p><!--more--><\/p>\n<h4><strong>Vorteile :<\/strong><\/h4>\n<ul>\n<li><strong data-start=\"2103\" data-end=\"2129\">Feinkostqualit\u00e4t Extra<\/strong>: 60 % K\u00f6pfe, 40 % Schw\u00e4nze f\u00fcr einen ausgewogenen Geschmack.<\/li>\n<li><strong data-start=\"2184\" data-end=\"2206\">Schnelle Zubereitung<\/strong>: Rehydrierung in nur 20 Minuten.<\/li>\n<li><strong data-start=\"2252\" data-end=\"2275\">Intensives Holzaroma<\/strong> f\u00fcr einzigartige Gourmetgerichte.<\/li>\n<li><strong data-start=\"2319\" data-end=\"2342\">Lange Haltbarkeit<\/strong> in der Originalverpackung, vor Licht gesch\u00fctzt <strong data-start=\"2319\" data-end=\"2342\">aufbewahrt<\/strong>.<\/li>\n<li>Ideal f\u00fcr <strong data-start=\"2410\" data-end=\"2466\">Caterer, Restaurantbesitzer und Liebhaber der feinen K\u00fcche.<\/strong><\/li>\n<\/ul>\n<p>&nbsp;<\/p>\n<p><!--more--><\/p>\n<h4>Weitere Informationen :<\/h4>\n<ul>\n<li><strong>Verpackung<\/strong>: Dose mit 500 g<\/li>\n<li><b>Typ <\/b>: Traiteur 60\/40 (60% getrocknete Morchelk\u00f6pfe und 40% getrocknete Morchelf\u00fc\u00dfe)<\/li>\n<li><strong>Herkunft<\/strong>: Nicht-EU<\/li>\n<\/ul>\n<p>&nbsp;<\/p>\n<p><!--more--><\/p>\n<p>Entdecken Sie hier alle unsere Morchelsorten : <span style=\"color: #d12727;\"><br \/>\n  <a style=\"color: #d12727;\" href=\"https:\/\/www.csj-emballages.com\/es\/produit\/colmenillas-silvestres-especiales-b-500-gr-en-tarro-pet\/\">wilde Morcheln Spezial B<\/a><br \/>\n<\/span> \/ <span style=\"color: #d12727;\"><br \/>\n  <a style=\"color: #d12727;\" href=\"https:\/\/www.csj-emballages.com\/es\/produit\/colmenillas-silvestres-especiales-a-500-gr-en-tarro-pet\/\">wilde Morcheln Spezial A<\/a><br \/>\n<\/span><\/p>\n<p>&nbsp;<\/p>\n<p><!--more--><\/p>\n<p><a href=\"https:\/\/www.csj-emballages.com\/de\/categorie-produit\/lebensmittel\/getrocknete-pilze\/\">Sehen Sie sich den Rest unseres Sortiments an getrockneten Pilzen an<\/a><\/p>\n","protected":false},"excerpt":{"rendered":"<p>Wilde Morcheln Beschreibung von unsere wilde Morcheln Feinkost 60\/40 500 gr<\/p>\n","protected":false},"featured_media":244107,"template":"","meta":{"_acf_changed":false},"product_brand":[],"product_cat":[1137,1144,9710],"product_tag":[],"class_list":{"0":"post-244103","1":"product","2":"type-product","3":"status-publish","4":"has-post-thumbnail","6":"product_cat-lebensmittelverpackungen","7":"product_cat-lebensmittel","8":"product_cat-getrocknete-pilze","10":"first","11":"instock","12":"taxable","13":"shipping-taxable","14":"purchasable","15":"product-type-simple"},"acf":[],"yoast_head":"<!-- This site is optimized with the Yoast SEO Premium plugin v26.6 (Yoast SEO v26.6) - https:\/\/yoast.com\/wordpress\/plugins\/seo\/ -->\n<title>Wilde Morcheln Traiteur 60\/40 500 gr<\/title>\n<meta name=\"description\" content=\"Wilde Morcheln Traiteur 60\/40 - 500 g: holziges Aroma, Morchelk\u00f6pfe und -f\u00fc\u00dfe, leicht zu rehydrieren und f\u00fcr raffinierte Gerichte zuzubereiten.\" \/>\n<meta name=\"robots\" content=\"index, follow, max-snippet:-1, max-image-preview:large, max-video-preview:-1\" \/>\n<link rel=\"canonical\" href=\"https:\/\/www.csj-emballages.com\/de\/produit\/wilde-morcheln-traiteur-60-40-500-gr\/\" \/>\n<meta property=\"og:locale\" content=\"de_DE\" \/>\n<meta property=\"og:type\" content=\"article\" \/>\n<meta property=\"og:title\" content=\"Wilde Morcheln Traiteur 60\/40 500 gr\" \/>\n<meta property=\"og:description\" content=\"Wilde Morcheln Traiteur 60\/40 - 500 g: holziges Aroma, Morchelk\u00f6pfe und -f\u00fc\u00dfe, leicht zu rehydrieren und f\u00fcr raffinierte Gerichte zuzubereiten.\" \/>\n<meta property=\"og:url\" content=\"https:\/\/www.csj-emballages.com\/de\/produit\/wilde-morcheln-traiteur-60-40-500-gr\/\" \/>\n<meta property=\"og:site_name\" content=\"CSJ Emballages\" \/>\n<meta property=\"article:publisher\" content=\"https:\/\/www.facebook.com\/csjemballages\" \/>\n<meta property=\"article:modified_time\" content=\"2026-04-21T00:10:38+00:00\" \/>\n<meta property=\"og:image\" content=\"https:\/\/www.csj-emballages.com\/wp-content\/uploads\/2025\/09\/11500-1-1.webp\" \/>\n\t<meta property=\"og:image:width\" content=\"800\" \/>\n\t<meta property=\"og:image:height\" content=\"800\" \/>\n\t<meta property=\"og:image:type\" content=\"image\/webp\" \/>\n<meta name=\"twitter:card\" content=\"summary_large_image\" \/>\n<meta name=\"twitter:label1\" content=\"Gesch\u00e4tzte Lesezeit\" \/>\n\t<meta name=\"twitter:data1\" content=\"2 Minuten\" \/>\n<script type=\"application\/ld+json\" class=\"yoast-schema-graph\">{\"@context\":\"https:\/\/schema.org\",\"@graph\":[{\"@type\":\"WebPage\",\"@id\":\"https:\/\/www.csj-emballages.com\/de\/produit\/wilde-morcheln-traiteur-60-40-500-gr\/\",\"url\":\"https:\/\/www.csj-emballages.com\/de\/produit\/wilde-morcheln-traiteur-60-40-500-gr\/\",\"name\":\"Wilde Morcheln Traiteur 60\/40 500 gr\",\"isPartOf\":{\"@id\":\"https:\/\/www.csj-emballages.com\/de\/#website\"},\"primaryImageOfPage\":{\"@id\":\"https:\/\/www.csj-emballages.com\/de\/produit\/wilde-morcheln-traiteur-60-40-500-gr\/#primaryimage\"},\"image\":{\"@id\":\"https:\/\/www.csj-emballages.com\/de\/produit\/wilde-morcheln-traiteur-60-40-500-gr\/#primaryimage\"},\"thumbnailUrl\":\"https:\/\/www.csj-emballages.com\/wp-content\/uploads\/2025\/09\/11500-1-1.webp\",\"datePublished\":\"2025-09-15T07:48:38+00:00\",\"dateModified\":\"2026-04-21T00:10:38+00:00\",\"description\":\"Wilde Morcheln Traiteur 60\/40 - 500 g: holziges Aroma, Morchelk\u00f6pfe und -f\u00fc\u00dfe, leicht zu rehydrieren und f\u00fcr raffinierte Gerichte zuzubereiten.\",\"breadcrumb\":{\"@id\":\"https:\/\/www.csj-emballages.com\/de\/produit\/wilde-morcheln-traiteur-60-40-500-gr\/#breadcrumb\"},\"inLanguage\":\"de\",\"potentialAction\":[{\"@type\":\"ReadAction\",\"target\":[\"https:\/\/www.csj-emballages.com\/de\/produit\/wilde-morcheln-traiteur-60-40-500-gr\/\"]}]},{\"@type\":\"ImageObject\",\"inLanguage\":\"de\",\"@id\":\"https:\/\/www.csj-emballages.com\/de\/produit\/wilde-morcheln-traiteur-60-40-500-gr\/#primaryimage\",\"url\":\"https:\/\/www.csj-emballages.com\/wp-content\/uploads\/2025\/09\/11500-1-1.webp\",\"contentUrl\":\"https:\/\/www.csj-emballages.com\/wp-content\/uploads\/2025\/09\/11500-1-1.webp\",\"width\":800,\"height\":800,\"caption\":\"Morilles sauvages\"},{\"@type\":\"BreadcrumbList\",\"@id\":\"https:\/\/www.csj-emballages.com\/de\/produit\/wilde-morcheln-traiteur-60-40-500-gr\/#breadcrumb\",\"itemListElement\":[{\"@type\":\"ListItem\",\"position\":1,\"name\":\"Accueil\",\"item\":\"https:\/\/www.csj-emballages.com\/de\/universum-lebensmittelverpackungen\/\"},{\"@type\":\"ListItem\",\"position\":2,\"name\":\"Shop\",\"item\":\"https:\/\/www.csj-emballages.com\/shop\/\"},{\"@type\":\"ListItem\",\"position\":3,\"name\":\"Wilde Morcheln Traiteur 60\/40 500 gr\"}]},{\"@type\":\"WebSite\",\"@id\":\"https:\/\/www.csj-emballages.com\/de\/#website\",\"url\":\"https:\/\/www.csj-emballages.com\/de\/\",\"name\":\"CSJ Emballages\",\"description\":\"\",\"publisher\":{\"@id\":\"https:\/\/www.csj-emballages.com\/de\/#organization\"},\"potentialAction\":[{\"@type\":\"SearchAction\",\"target\":{\"@type\":\"EntryPoint\",\"urlTemplate\":\"https:\/\/www.csj-emballages.com\/de\/?s={search_term_string}\"},\"query-input\":{\"@type\":\"PropertyValueSpecification\",\"valueRequired\":true,\"valueName\":\"search_term_string\"}}],\"inLanguage\":\"de\"},{\"@type\":\"Organization\",\"@id\":\"https:\/\/www.csj-emballages.com\/de\/#Organization\/\",\"name\":\"CSJ Emballages\",\"url\":\"https:\/\/www.csj-emballages.com\/de\/\",\"logo\":{\"@type\":\"ImageObject\",\"inLanguage\":\"de\",\"@id\":\"https:\/\/www.csj-emballages.com\/de\/#\/schema\/logo\/image\/\",\"url\":\"https:\/\/www.csj-emballages.com\/wp-content\/uploads\/2023\/10\/logo_csj.webp\",\"contentUrl\":\"https:\/\/www.csj-emballages.com\/wp-content\/uploads\/2023\/10\/logo_csj.webp\",\"width\":250,\"height\":95,\"caption\":\"CSJ Emballages\"},\"image\":{\"@id\":\"https:\/\/www.csj-emballages.com\/de\/#\/schema\/logo\/image\/\"},\"sameAs\":[\"https:\/\/www.facebook.com\/csjemballages\"],\"address\":{\"@type\":\"PostalAddress\",\"streetAddress\":\"ZI La Lechere\",\"addressLocality\":\"Patornay\",\"postalCode\":\"39130\",\"addressCountry\":\"FR\"},\"contactPoint\":[{\"@type\":\"ContactPoint\",\"contactType\":\"Service client\",\"telephone\":\"0384254272\",\"email\":\"contact@csj-emballages.com\"}]}]}<\/script>\n<!-- \/ Yoast SEO Premium plugin. -->","yoast_head_json":{"title":"Wilde Morcheln Traiteur 60\/40 500 gr","description":"Wilde Morcheln Traiteur 60\/40 - 500 g: holziges Aroma, Morchelk\u00f6pfe und -f\u00fc\u00dfe, leicht zu rehydrieren und f\u00fcr raffinierte Gerichte zuzubereiten.","robots":{"index":"index","follow":"follow","max-snippet":"max-snippet:-1","max-image-preview":"max-image-preview:large","max-video-preview":"max-video-preview:-1"},"canonical":"https:\/\/www.csj-emballages.com\/de\/produit\/wilde-morcheln-traiteur-60-40-500-gr\/","og_locale":"de_DE","og_type":"article","og_title":"Wilde Morcheln Traiteur 60\/40 500 gr","og_description":"Wilde Morcheln Traiteur 60\/40 - 500 g: holziges Aroma, Morchelk\u00f6pfe und -f\u00fc\u00dfe, leicht zu rehydrieren und f\u00fcr raffinierte Gerichte zuzubereiten.","og_url":"https:\/\/www.csj-emballages.com\/de\/produit\/wilde-morcheln-traiteur-60-40-500-gr\/","og_site_name":"CSJ Emballages","article_publisher":"https:\/\/www.facebook.com\/csjemballages","article_modified_time":"2026-04-21T00:10:38+00:00","og_image":[{"width":800,"height":800,"url":"https:\/\/www.csj-emballages.com\/wp-content\/uploads\/2025\/09\/11500-1-1.webp","type":"image\/webp"}],"twitter_card":"summary_large_image","twitter_misc":{"Gesch\u00e4tzte Lesezeit":"2 Minuten"},"schema":{"@context":"https:\/\/schema.org","@graph":[{"@type":"WebPage","@id":"https:\/\/www.csj-emballages.com\/de\/produit\/wilde-morcheln-traiteur-60-40-500-gr\/","url":"https:\/\/www.csj-emballages.com\/de\/produit\/wilde-morcheln-traiteur-60-40-500-gr\/","name":"Wilde Morcheln Traiteur 60\/40 500 gr","isPartOf":{"@id":"https:\/\/www.csj-emballages.com\/de\/#website"},"primaryImageOfPage":{"@id":"https:\/\/www.csj-emballages.com\/de\/produit\/wilde-morcheln-traiteur-60-40-500-gr\/#primaryimage"},"image":{"@id":"https:\/\/www.csj-emballages.com\/de\/produit\/wilde-morcheln-traiteur-60-40-500-gr\/#primaryimage"},"thumbnailUrl":"https:\/\/www.csj-emballages.com\/wp-content\/uploads\/2025\/09\/11500-1-1.webp","datePublished":"2025-09-15T07:48:38+00:00","dateModified":"2026-04-21T00:10:38+00:00","description":"Wilde Morcheln Traiteur 60\/40 - 500 g: holziges Aroma, Morchelk\u00f6pfe und -f\u00fc\u00dfe, leicht zu rehydrieren und f\u00fcr raffinierte Gerichte zuzubereiten.","breadcrumb":{"@id":"https:\/\/www.csj-emballages.com\/de\/produit\/wilde-morcheln-traiteur-60-40-500-gr\/#breadcrumb"},"inLanguage":"de","potentialAction":[{"@type":"ReadAction","target":["https:\/\/www.csj-emballages.com\/de\/produit\/wilde-morcheln-traiteur-60-40-500-gr\/"]}]},{"@type":"ImageObject","inLanguage":"de","@id":"https:\/\/www.csj-emballages.com\/de\/produit\/wilde-morcheln-traiteur-60-40-500-gr\/#primaryimage","url":"https:\/\/www.csj-emballages.com\/wp-content\/uploads\/2025\/09\/11500-1-1.webp","contentUrl":"https:\/\/www.csj-emballages.com\/wp-content\/uploads\/2025\/09\/11500-1-1.webp","width":800,"height":800,"caption":"Morilles sauvages"},{"@type":"BreadcrumbList","@id":"https:\/\/www.csj-emballages.com\/de\/produit\/wilde-morcheln-traiteur-60-40-500-gr\/#breadcrumb","itemListElement":[{"@type":"ListItem","position":1,"name":"Accueil","item":"https:\/\/www.csj-emballages.com\/de\/universum-lebensmittelverpackungen\/"},{"@type":"ListItem","position":2,"name":"Shop","item":"https:\/\/www.csj-emballages.com\/shop\/"},{"@type":"ListItem","position":3,"name":"Wilde Morcheln Traiteur 60\/40 500 gr"}]},{"@type":"WebSite","@id":"https:\/\/www.csj-emballages.com\/de\/#website","url":"https:\/\/www.csj-emballages.com\/de\/","name":"CSJ Emballages","description":"","publisher":{"@id":"https:\/\/www.csj-emballages.com\/de\/#organization"},"potentialAction":[{"@type":"SearchAction","target":{"@type":"EntryPoint","urlTemplate":"https:\/\/www.csj-emballages.com\/de\/?s={search_term_string}"},"query-input":{"@type":"PropertyValueSpecification","valueRequired":true,"valueName":"search_term_string"}}],"inLanguage":"de"},{"@type":"Organization","@id":"https:\/\/www.csj-emballages.com\/de\/#Organization\/","name":"CSJ Emballages","url":"https:\/\/www.csj-emballages.com\/de\/","logo":{"@type":"ImageObject","inLanguage":"de","@id":"https:\/\/www.csj-emballages.com\/de\/#\/schema\/logo\/image\/","url":"https:\/\/www.csj-emballages.com\/wp-content\/uploads\/2023\/10\/logo_csj.webp","contentUrl":"https:\/\/www.csj-emballages.com\/wp-content\/uploads\/2023\/10\/logo_csj.webp","width":250,"height":95,"caption":"CSJ Emballages"},"image":{"@id":"https:\/\/www.csj-emballages.com\/de\/#\/schema\/logo\/image\/"},"sameAs":["https:\/\/www.facebook.com\/csjemballages"],"address":{"@type":"PostalAddress","streetAddress":"ZI La Lechere","addressLocality":"Patornay","postalCode":"39130","addressCountry":"FR"},"contactPoint":[{"@type":"ContactPoint","contactType":"Service client","telephone":"0384254272","email":"contact@csj-emballages.com"}]}]}},"df_price":64.96,"df_sale_price":"","df_regular_price":64.96,"df_image_link":"https:\/\/www.csj-emballages.com\/wp-content\/uploads\/2025\/09\/11500-1-1-300x300.webp","tiered_pricing_type":"fixed","tiered_pricing_fixed_rules":[],"tiered_pricing_percentage_rules":[],"tiered_pricing_minimum":1,"tiered_pricing_roles_data":[],"_links":{"self":[{"href":"https:\/\/www.csj-emballages.com\/de\/wp-json\/wp\/v2\/product\/244103","targetHints":{"allow":["GET"]}}],"collection":[{"href":"https:\/\/www.csj-emballages.com\/de\/wp-json\/wp\/v2\/product"}],"about":[{"href":"https:\/\/www.csj-emballages.com\/de\/wp-json\/wp\/v2\/types\/product"}],"wp:featuredmedia":[{"embeddable":true,"href":"https:\/\/www.csj-emballages.com\/de\/wp-json\/wp\/v2\/media\/244107"}],"wp:attachment":[{"href":"https:\/\/www.csj-emballages.com\/de\/wp-json\/wp\/v2\/media?parent=244103"}],"wp:term":[{"taxonomy":"product_brand","embeddable":true,"href":"https:\/\/www.csj-emballages.com\/de\/wp-json\/wp\/v2\/product_brand?post=244103"},{"taxonomy":"product_cat","embeddable":true,"href":"https:\/\/www.csj-emballages.com\/de\/wp-json\/wp\/v2\/product_cat?post=244103"},{"taxonomy":"product_tag","embeddable":true,"href":"https:\/\/www.csj-emballages.com\/de\/wp-json\/wp\/v2\/product_tag?post=244103"}],"curies":[{"name":"wp","href":"https:\/\/api.w.org\/{rel}","templated":true}]}}