{"id":244044,"date":"2025-09-15T09:49:25","date_gmt":"2025-09-15T07:49:25","guid":{"rendered":"https:\/\/www.csj-emballages.com\/produit\/wilde-morcheln-spezial-a-500-gr-im-pet-glas\/"},"modified":"2026-04-24T02:10:41","modified_gmt":"2026-04-24T00:10:41","slug":"wilde-morcheln-spezial-a-500-gr-im-pet-glas","status":"publish","type":"product","link":"https:\/\/www.csj-emballages.com\/de\/produit\/wilde-morcheln-spezial-a-500-gr-im-pet-glas\/","title":{"rendered":"Wilde Morcheln Spezial A 500 gr im PET-Glas"},"content":{"rendered":"<h2>Wilde Morcheln<\/h2>\n<hr>\n<h3>Beschreibung von unserem Wilde Morcheln Spezial A 500 gr im PET Glas<\/h3>\n<p><!--more--><\/p>\n<p data-start=\"0\" data-end=\"368\">Entdecken Sie den authentischen Genuss der <strong data-start=\"67\" data-end=\"100\">wilden Morcheln Spezial A<\/strong> im <strong data-start=\"115\" data-end=\"124\">500-g-PET-Becher<\/strong>, einem au\u00dfergew\u00f6hnlichen Produkt, das sowohl Gourmetliebhaber als auch passionierte K\u00f6che begeistern wird. Denn diese <strong data-start=\"229\" data-end=\"255\">Spezialmorcheln (ohne Schwanz)<\/strong> zeichnen sich durch ihren holzigen Duft und ihre einzigartige Textur aus, die ideal ist, um Ihre raffiniertesten Gerichte zu verfeinern. <\/p>\n<p data-start=\"370\" data-end=\"812\">Um ihren vollen Geschmack zu genie\u00dfen, m\u00fcssen Sie <strong data-start=\"424\" data-end=\"454\">die Pilze<\/strong> nur etwa <strong data-start=\"500\" data-end=\"514\">20 Minuten<\/strong> lang in<strong data-start=\"465\" data-end=\"483\">kochendem Wasser<\/strong> <strong data-start=\"424\" data-end=\"454\">rehydrieren<\/strong>. Sp\u00fclen Sie sie anschlie\u00dfend <strong data-start=\"536\" data-end=\"551\">gr\u00fcndlich<\/strong> ab, lassen Sie sie gut abtropfen und kochen Sie sie dann wie <strong data-start=\"605\" data-end=\"626\">frische Pilze<\/strong>. Dank dieses einfachen Verfahrens erhalten Sie das ganze zarte Aroma und die Feinheit der <strong>Morcheln<\/strong>, die sich perfekt f\u00fcr eine cremige So\u00dfe, ein Feinschmecker-Risotto oder eine Pfanne mit hellem Fleisch eignen.  <\/p>\n<p data-start=\"814\" data-end=\"1216\">Neben ihrem bemerkenswerten Geschmack sind diese <strong>wilden Morcheln<\/strong> in einem stabilen, luftdichten <strong data-start=\"888\" data-end=\"899\">PET-Beh\u00e4lter<\/strong> verpackt, der eine optimale Haltbarkeit garantiert. Um ihre Qualit\u00e4t zu erhalten, sollten Sie sie <strong data-start=\"1008\" data-end=\"1020\">k\u00fchl<\/strong>, <strong data-start=\"1030\" data-end=\"1045\">trocken<\/strong>, <strong data-start=\"1062\" data-end=\"1073\">lichtgesch\u00fctzt<\/strong> und in der <strong data-start=\"1088\" data-end=\"1111\">Originalverpackung<\/strong> aufbewahren. Au\u00dferdem sorgt diese praktische Verpackung daf\u00fcr, dass Ihre <strong>Pilze<\/strong> unversehrt bleiben und jederzeit einsatzbereit sind.  <\/p>\n<p data-start=\"1218\" data-end=\"1533\">Egal, ob Sie ein Restaurant betreiben, einen Cateringservice anbieten oder leidenschaftlich gerne hausgemachte Speisen zubereiten, dieses <strong data-start=\"1301\" data-end=\"1310\">500-g-Format<\/strong> ist perfekt f\u00fcr gro\u00dfz\u00fcgige Zubereitungen und kreative Rezepte. Au\u00dferdem garantiert ihre <strong>wilde<\/strong> Herkunft Ihnen ein Spitzenprodukt, das jedem Teller einen Hauch von Authentizit\u00e4t verleiht. <\/p>\n<p data-start=\"1535\" data-end=\"1752\">Kurzum, lassen Sie sich von der aromatischen F\u00fclle der Morcheln verf\u00fchren, die aus der franz\u00f6sischen Gastronomie nicht wegzudenken sind. Dank ihrer <strong data-start=\"1657\" data-end=\"1676\">Premiumqualit\u00e4t<\/strong> machen sie jede Mahlzeit zu einem unvergesslichen kulinarischen Erlebnis. <\/p>\n<p><!--more--><\/p>\n<h4><strong>Vorteile :<\/strong><\/h4>\n<ul>\n<li><strong data-start=\"1970\" data-end=\"1989\">Premium-Qualit\u00e4t<\/strong>: wilde Morcheln ohne Schwanz f\u00fcr eine \u00fcberragende Textur und Geschmack.<\/li>\n<li><strong data-start=\"2065\" data-end=\"2087\">Einfache Zubereitung<\/strong>: Schnelle Rehydrierung in 20 Minuten.<\/li>\n<li><strong data-start=\"2130\" data-end=\"2155\">Optimale Haltbarkeit<\/strong>: luftdichter PET-Beh\u00e4lter, lange haltbar.<\/li>\n<li><strong data-start=\"2196\" data-end=\"2221\">Kulinarische Vielseitigkeit<\/strong>: So\u00dfen, Risottos, Fleisch oder Gourmetgerichte.<\/li>\n<\/ul>\n<p>&nbsp;<\/p>\n<p><!--more--><\/p>\n<h4>Weitere Informationen :<\/h4>\n<ul>\n<li><strong>Verpackung<\/strong>: Dose mit 500 g<\/li>\n<li><b>Typ <\/b>: Spezial A (ohne Schwanz)<\/li>\n<li><strong>Herkunft<\/strong>: Nicht-EU<\/li>\n<\/ul>\n<p>&nbsp;<\/p>\n<p><!--more--><\/p>\n<p>Entdecken Sie hier alle unsere Morchelsorten : <span style=\"color: #d12727;\"><br \/>\n  <a style=\"color: #d12727;\" href=\"https:\/\/www.csj-emballages.com\/de\/produit\/wilde-morcheln-spezial-b-500-gr-im-pet-glas\/\">wilde Morcheln Spezial B<\/a><br \/>\n<\/span> \/ <span style=\"color: #d12727;\"><br \/>\n  <a style=\"color: #d12727;\" href=\"https:\/\/www.csj-emballages.com\/de\/produit\/wilde-morcheln-traiteur-60-40-500-gr\/\">wilde Morcheln Traiteur 60\/40<\/a><br \/>\n<\/span><\/p>\n<p>&nbsp;<\/p>\n<p><!--more--><\/p>\n<p><a href=\"https:\/\/www.csj-emballages.com\/de\/categorie-produit\/lebensmittel\/getrocknete-pilze\/\">Sehen Sie sich den Rest unseres Sortiments an getrockneten Pilzen an<\/a><\/p>\n","protected":false},"excerpt":{"rendered":"<p>Wilde Morcheln Beschreibung von unserem Wilde Morcheln Spezial A 500 gr im PET Glas<\/p>\n","protected":false},"featured_media":244050,"template":"","meta":{"_acf_changed":false},"product_brand":[],"product_cat":[1137,1144,9710],"product_tag":[],"class_list":{"0":"post-244044","1":"product","2":"type-product","3":"status-publish","4":"has-post-thumbnail","6":"product_cat-lebensmittelverpackungen","7":"product_cat-lebensmittel","8":"product_cat-getrocknete-pilze","10":"first","11":"instock","12":"taxable","13":"shipping-taxable","14":"purchasable","15":"product-type-simple"},"acf":[],"yoast_head":"<!-- This site is optimized with the Yoast SEO Premium plugin v26.6 (Yoast SEO v26.6) - https:\/\/yoast.com\/wordpress\/plugins\/seo\/ -->\n<title>Wilde Morcheln Sp\u00e9ciales A 500 gr im PET-Beh\u00e4lter<\/title>\n<meta name=\"description\" content=\"Wilde Morcheln Spezial A 500 g ohne Schwanz. 20 Minuten rehydrieren, absp\u00fclen, wie frisch kochen. Praktischer PET-Beh\u00e4lter, garantiert holziges Aroma.\" \/>\n<meta name=\"robots\" content=\"index, follow, max-snippet:-1, max-image-preview:large, max-video-preview:-1\" \/>\n<link rel=\"canonical\" href=\"https:\/\/www.csj-emballages.com\/de\/produit\/wilde-morcheln-spezial-a-500-gr-im-pet-glas\/\" \/>\n<meta property=\"og:locale\" content=\"de_DE\" \/>\n<meta property=\"og:type\" content=\"article\" \/>\n<meta property=\"og:title\" content=\"Wilde Morcheln Spezial A 500 gr im PET-Glas\" \/>\n<meta property=\"og:description\" content=\"Wilde Morcheln Spezial A 500 g ohne Schwanz. 20 Minuten rehydrieren, absp\u00fclen, wie frisch kochen. Praktischer PET-Beh\u00e4lter, garantiert holziges Aroma.\" \/>\n<meta property=\"og:url\" content=\"https:\/\/www.csj-emballages.com\/de\/produit\/wilde-morcheln-spezial-a-500-gr-im-pet-glas\/\" \/>\n<meta property=\"og:site_name\" content=\"CSJ Emballages\" \/>\n<meta property=\"article:publisher\" content=\"https:\/\/www.facebook.com\/csjemballages\" \/>\n<meta property=\"article:modified_time\" content=\"2026-04-24T00:10:41+00:00\" \/>\n<meta property=\"og:image\" content=\"https:\/\/www.csj-emballages.com\/wp-content\/uploads\/2025\/09\/11509-1.webp\" \/>\n\t<meta property=\"og:image:width\" content=\"800\" \/>\n\t<meta property=\"og:image:height\" content=\"800\" \/>\n\t<meta property=\"og:image:type\" content=\"image\/webp\" \/>\n<meta name=\"twitter:card\" content=\"summary_large_image\" \/>\n<meta name=\"twitter:label1\" content=\"Gesch\u00e4tzte Lesezeit\" \/>\n\t<meta name=\"twitter:data1\" content=\"2 Minuten\" \/>\n<script type=\"application\/ld+json\" class=\"yoast-schema-graph\">{\"@context\":\"https:\/\/schema.org\",\"@graph\":[{\"@type\":\"WebPage\",\"@id\":\"https:\/\/www.csj-emballages.com\/de\/produit\/wilde-morcheln-spezial-a-500-gr-im-pet-glas\/\",\"url\":\"https:\/\/www.csj-emballages.com\/de\/produit\/wilde-morcheln-spezial-a-500-gr-im-pet-glas\/\",\"name\":\"Wilde Morcheln Sp\u00e9ciales A 500 gr im PET-Beh\u00e4lter\",\"isPartOf\":{\"@id\":\"https:\/\/www.csj-emballages.com\/de\/#website\"},\"primaryImageOfPage\":{\"@id\":\"https:\/\/www.csj-emballages.com\/de\/produit\/wilde-morcheln-spezial-a-500-gr-im-pet-glas\/#primaryimage\"},\"image\":{\"@id\":\"https:\/\/www.csj-emballages.com\/de\/produit\/wilde-morcheln-spezial-a-500-gr-im-pet-glas\/#primaryimage\"},\"thumbnailUrl\":\"https:\/\/www.csj-emballages.com\/wp-content\/uploads\/2025\/09\/11509-1.webp\",\"datePublished\":\"2025-09-15T07:49:25+00:00\",\"dateModified\":\"2026-04-24T00:10:41+00:00\",\"description\":\"Wilde Morcheln Spezial A 500 g ohne Schwanz. 20 Minuten rehydrieren, absp\u00fclen, wie frisch kochen. Praktischer PET-Beh\u00e4lter, garantiert holziges Aroma.\",\"breadcrumb\":{\"@id\":\"https:\/\/www.csj-emballages.com\/de\/produit\/wilde-morcheln-spezial-a-500-gr-im-pet-glas\/#breadcrumb\"},\"inLanguage\":\"de\",\"potentialAction\":[{\"@type\":\"ReadAction\",\"target\":[\"https:\/\/www.csj-emballages.com\/de\/produit\/wilde-morcheln-spezial-a-500-gr-im-pet-glas\/\"]}]},{\"@type\":\"ImageObject\",\"inLanguage\":\"de\",\"@id\":\"https:\/\/www.csj-emballages.com\/de\/produit\/wilde-morcheln-spezial-a-500-gr-im-pet-glas\/#primaryimage\",\"url\":\"https:\/\/www.csj-emballages.com\/wp-content\/uploads\/2025\/09\/11509-1.webp\",\"contentUrl\":\"https:\/\/www.csj-emballages.com\/wp-content\/uploads\/2025\/09\/11509-1.webp\",\"width\":800,\"height\":800,\"caption\":\"Morilles sauvages\"},{\"@type\":\"BreadcrumbList\",\"@id\":\"https:\/\/www.csj-emballages.com\/de\/produit\/wilde-morcheln-spezial-a-500-gr-im-pet-glas\/#breadcrumb\",\"itemListElement\":[{\"@type\":\"ListItem\",\"position\":1,\"name\":\"Accueil\",\"item\":\"https:\/\/www.csj-emballages.com\/de\/universum-lebensmittelverpackungen\/\"},{\"@type\":\"ListItem\",\"position\":2,\"name\":\"Shop\",\"item\":\"https:\/\/www.csj-emballages.com\/shop\/\"},{\"@type\":\"ListItem\",\"position\":3,\"name\":\"Wilde Morcheln Spezial A 500 gr im PET-Glas\"}]},{\"@type\":\"WebSite\",\"@id\":\"https:\/\/www.csj-emballages.com\/de\/#website\",\"url\":\"https:\/\/www.csj-emballages.com\/de\/\",\"name\":\"CSJ Emballages\",\"description\":\"\",\"publisher\":{\"@id\":\"https:\/\/www.csj-emballages.com\/de\/#organization\"},\"potentialAction\":[{\"@type\":\"SearchAction\",\"target\":{\"@type\":\"EntryPoint\",\"urlTemplate\":\"https:\/\/www.csj-emballages.com\/de\/?s={search_term_string}\"},\"query-input\":{\"@type\":\"PropertyValueSpecification\",\"valueRequired\":true,\"valueName\":\"search_term_string\"}}],\"inLanguage\":\"de\"},{\"@type\":\"Organization\",\"@id\":\"https:\/\/www.csj-emballages.com\/de\/#Organization\/\",\"name\":\"CSJ Emballages\",\"url\":\"https:\/\/www.csj-emballages.com\/de\/\",\"logo\":{\"@type\":\"ImageObject\",\"inLanguage\":\"de\",\"@id\":\"https:\/\/www.csj-emballages.com\/de\/#\/schema\/logo\/image\/\",\"url\":\"https:\/\/www.csj-emballages.com\/wp-content\/uploads\/2023\/10\/logo_csj.webp\",\"contentUrl\":\"https:\/\/www.csj-emballages.com\/wp-content\/uploads\/2023\/10\/logo_csj.webp\",\"width\":250,\"height\":95,\"caption\":\"CSJ Emballages\"},\"image\":{\"@id\":\"https:\/\/www.csj-emballages.com\/de\/#\/schema\/logo\/image\/\"},\"sameAs\":[\"https:\/\/www.facebook.com\/csjemballages\"],\"address\":{\"@type\":\"PostalAddress\",\"streetAddress\":\"ZI La Lechere\",\"addressLocality\":\"Patornay\",\"postalCode\":\"39130\",\"addressCountry\":\"FR\"},\"contactPoint\":[{\"@type\":\"ContactPoint\",\"contactType\":\"Service client\",\"telephone\":\"0384254272\",\"email\":\"contact@csj-emballages.com\"}]}]}<\/script>\n<!-- \/ Yoast SEO Premium plugin. -->","yoast_head_json":{"title":"Wilde Morcheln Sp\u00e9ciales A 500 gr im PET-Beh\u00e4lter","description":"Wilde Morcheln Spezial A 500 g ohne Schwanz. 20 Minuten rehydrieren, absp\u00fclen, wie frisch kochen. Praktischer PET-Beh\u00e4lter, garantiert holziges Aroma.","robots":{"index":"index","follow":"follow","max-snippet":"max-snippet:-1","max-image-preview":"max-image-preview:large","max-video-preview":"max-video-preview:-1"},"canonical":"https:\/\/www.csj-emballages.com\/de\/produit\/wilde-morcheln-spezial-a-500-gr-im-pet-glas\/","og_locale":"de_DE","og_type":"article","og_title":"Wilde Morcheln Spezial A 500 gr im PET-Glas","og_description":"Wilde Morcheln Spezial A 500 g ohne Schwanz. 20 Minuten rehydrieren, absp\u00fclen, wie frisch kochen. Praktischer PET-Beh\u00e4lter, garantiert holziges Aroma.","og_url":"https:\/\/www.csj-emballages.com\/de\/produit\/wilde-morcheln-spezial-a-500-gr-im-pet-glas\/","og_site_name":"CSJ Emballages","article_publisher":"https:\/\/www.facebook.com\/csjemballages","article_modified_time":"2026-04-24T00:10:41+00:00","og_image":[{"width":800,"height":800,"url":"https:\/\/www.csj-emballages.com\/wp-content\/uploads\/2025\/09\/11509-1.webp","type":"image\/webp"}],"twitter_card":"summary_large_image","twitter_misc":{"Gesch\u00e4tzte Lesezeit":"2 Minuten"},"schema":{"@context":"https:\/\/schema.org","@graph":[{"@type":"WebPage","@id":"https:\/\/www.csj-emballages.com\/de\/produit\/wilde-morcheln-spezial-a-500-gr-im-pet-glas\/","url":"https:\/\/www.csj-emballages.com\/de\/produit\/wilde-morcheln-spezial-a-500-gr-im-pet-glas\/","name":"Wilde Morcheln Sp\u00e9ciales A 500 gr im PET-Beh\u00e4lter","isPartOf":{"@id":"https:\/\/www.csj-emballages.com\/de\/#website"},"primaryImageOfPage":{"@id":"https:\/\/www.csj-emballages.com\/de\/produit\/wilde-morcheln-spezial-a-500-gr-im-pet-glas\/#primaryimage"},"image":{"@id":"https:\/\/www.csj-emballages.com\/de\/produit\/wilde-morcheln-spezial-a-500-gr-im-pet-glas\/#primaryimage"},"thumbnailUrl":"https:\/\/www.csj-emballages.com\/wp-content\/uploads\/2025\/09\/11509-1.webp","datePublished":"2025-09-15T07:49:25+00:00","dateModified":"2026-04-24T00:10:41+00:00","description":"Wilde Morcheln Spezial A 500 g ohne Schwanz. 20 Minuten rehydrieren, absp\u00fclen, wie frisch kochen. Praktischer PET-Beh\u00e4lter, garantiert holziges Aroma.","breadcrumb":{"@id":"https:\/\/www.csj-emballages.com\/de\/produit\/wilde-morcheln-spezial-a-500-gr-im-pet-glas\/#breadcrumb"},"inLanguage":"de","potentialAction":[{"@type":"ReadAction","target":["https:\/\/www.csj-emballages.com\/de\/produit\/wilde-morcheln-spezial-a-500-gr-im-pet-glas\/"]}]},{"@type":"ImageObject","inLanguage":"de","@id":"https:\/\/www.csj-emballages.com\/de\/produit\/wilde-morcheln-spezial-a-500-gr-im-pet-glas\/#primaryimage","url":"https:\/\/www.csj-emballages.com\/wp-content\/uploads\/2025\/09\/11509-1.webp","contentUrl":"https:\/\/www.csj-emballages.com\/wp-content\/uploads\/2025\/09\/11509-1.webp","width":800,"height":800,"caption":"Morilles sauvages"},{"@type":"BreadcrumbList","@id":"https:\/\/www.csj-emballages.com\/de\/produit\/wilde-morcheln-spezial-a-500-gr-im-pet-glas\/#breadcrumb","itemListElement":[{"@type":"ListItem","position":1,"name":"Accueil","item":"https:\/\/www.csj-emballages.com\/de\/universum-lebensmittelverpackungen\/"},{"@type":"ListItem","position":2,"name":"Shop","item":"https:\/\/www.csj-emballages.com\/shop\/"},{"@type":"ListItem","position":3,"name":"Wilde Morcheln Spezial A 500 gr im PET-Glas"}]},{"@type":"WebSite","@id":"https:\/\/www.csj-emballages.com\/de\/#website","url":"https:\/\/www.csj-emballages.com\/de\/","name":"CSJ Emballages","description":"","publisher":{"@id":"https:\/\/www.csj-emballages.com\/de\/#organization"},"potentialAction":[{"@type":"SearchAction","target":{"@type":"EntryPoint","urlTemplate":"https:\/\/www.csj-emballages.com\/de\/?s={search_term_string}"},"query-input":{"@type":"PropertyValueSpecification","valueRequired":true,"valueName":"search_term_string"}}],"inLanguage":"de"},{"@type":"Organization","@id":"https:\/\/www.csj-emballages.com\/de\/#Organization\/","name":"CSJ Emballages","url":"https:\/\/www.csj-emballages.com\/de\/","logo":{"@type":"ImageObject","inLanguage":"de","@id":"https:\/\/www.csj-emballages.com\/de\/#\/schema\/logo\/image\/","url":"https:\/\/www.csj-emballages.com\/wp-content\/uploads\/2023\/10\/logo_csj.webp","contentUrl":"https:\/\/www.csj-emballages.com\/wp-content\/uploads\/2023\/10\/logo_csj.webp","width":250,"height":95,"caption":"CSJ Emballages"},"image":{"@id":"https:\/\/www.csj-emballages.com\/de\/#\/schema\/logo\/image\/"},"sameAs":["https:\/\/www.facebook.com\/csjemballages"],"address":{"@type":"PostalAddress","streetAddress":"ZI La Lechere","addressLocality":"Patornay","postalCode":"39130","addressCountry":"FR"},"contactPoint":[{"@type":"ContactPoint","contactType":"Service client","telephone":"0384254272","email":"contact@csj-emballages.com"}]}]}},"df_price":116.05,"df_sale_price":"","df_regular_price":116.05,"df_image_link":"https:\/\/www.csj-emballages.com\/wp-content\/uploads\/2025\/09\/11509-1-300x300.webp","tiered_pricing_type":"fixed","tiered_pricing_fixed_rules":[],"tiered_pricing_percentage_rules":[],"tiered_pricing_minimum":1,"tiered_pricing_roles_data":[],"_links":{"self":[{"href":"https:\/\/www.csj-emballages.com\/de\/wp-json\/wp\/v2\/product\/244044","targetHints":{"allow":["GET"]}}],"collection":[{"href":"https:\/\/www.csj-emballages.com\/de\/wp-json\/wp\/v2\/product"}],"about":[{"href":"https:\/\/www.csj-emballages.com\/de\/wp-json\/wp\/v2\/types\/product"}],"wp:featuredmedia":[{"embeddable":true,"href":"https:\/\/www.csj-emballages.com\/de\/wp-json\/wp\/v2\/media\/244050"}],"wp:attachment":[{"href":"https:\/\/www.csj-emballages.com\/de\/wp-json\/wp\/v2\/media?parent=244044"}],"wp:term":[{"taxonomy":"product_brand","embeddable":true,"href":"https:\/\/www.csj-emballages.com\/de\/wp-json\/wp\/v2\/product_brand?post=244044"},{"taxonomy":"product_cat","embeddable":true,"href":"https:\/\/www.csj-emballages.com\/de\/wp-json\/wp\/v2\/product_cat?post=244044"},{"taxonomy":"product_tag","embeddable":true,"href":"https:\/\/www.csj-emballages.com\/de\/wp-json\/wp\/v2\/product_tag?post=244044"}],"curies":[{"name":"wp","href":"https:\/\/api.w.org\/{rel}","templated":true}]}}