{"id":243900,"date":"2025-09-15T09:53:37","date_gmt":"2025-09-15T07:53:37","guid":{"rendered":"https:\/\/www.csj-emballages.com\/produit\/faltenfreier-beutel-papier-oeffnung-2-seiten-news-18-5-x-18-cm-pro-1000\/"},"modified":"2026-05-01T02:14:28","modified_gmt":"2026-05-01T00:14:28","slug":"faltenfreier-beutel-papier-oeffnung-2-seiten-news-18-5-x-18-cm-pro-1000","status":"publish","type":"product","link":"https:\/\/www.csj-emballages.com\/de\/produit\/faltenfreier-beutel-papier-oeffnung-2-seiten-news-18-5-x-18-cm-pro-1000\/","title":{"rendered":"Faltenfreier Beutel Papier \u00d6ffnung 2 Seiten &#8222;News&#8220; 18.5 x 18 cm pro 1000"},"content":{"rendered":"<div style=\"font-family: Roboto, sans-serif;\">\n<div style=\"font-family: Roboto, sans-serif;\">\n<div style=\"box-sizing: inherit; font-family: Roboto, sans-serif;\">\n<div style=\"box-sizing: inherit; font-family: Roboto, sans-serif;\">\n<div style=\"box-sizing: inherit; font-family: Roboto, sans-serif;\">\n<div style=\"box-sizing: inherit; font-family: Roboto, sans-serif;\">\n<div style=\"box-sizing: inherit; font-family: Roboto, sans-serif;\">\n<div style=\"box-sizing: inherit; font-family: Roboto, sans-serif;\">\n<div style=\"box-sizing: inherit; font-family: Roboto, sans-serif;\">\n<div style=\"box-sizing: inherit; font-family: Roboto, sans-serif;\">\n<div style=\"box-sizing: inherit; font-family: Roboto, sans-serif;\">\n<div style=\"box-sizing: inherit; font-family: Roboto, sans-serif;\">\n<div style=\"box-sizing: inherit; font-family: Roboto, sans-serif;\">\n<div style=\"box-sizing: inherit; font-family: Roboto, sans-serif;\">\n<div style=\"box-sizing: inherit; font-family: Roboto, sans-serif;\">\n<div class=\"flex flex-grow flex-col max-w-full\">\n<div class=\"min-h-[20px] text-message flex flex-col items-start whitespace-pre-wrap break-words [.text-message+&amp;]:mt-5 juice:w-full juice:items-end overflow-x-auto gap-2\" dir=\"auto\" data-message-author-role=\"assistant\" data-message-id=\"2034782e-88f9-44ef-b4dc-07dd7bf0115f\">\n<div class=\"flex w-full flex-col gap-1 juice:empty:hidden juice:first:pt-[3px]\">\n<div class=\"markdown prose w-full break-words dark:prose-invert light\">\n<div style=\"box-sizing: inherit; font-family: Roboto, sans-serif;\">\n<div style=\"box-sizing: inherit; font-family: Roboto, sans-serif;\">\n<div style=\"box-sizing: inherit; font-family: Roboto, sans-serif;\">\n<div style=\"box-sizing: inherit; font-family: Roboto, sans-serif;\">\n<div style=\"box-sizing: inherit; font-family: Roboto, sans-serif;\">\n<div style=\"box-sizing: inherit; font-family: Roboto, sans-serif;\">\n<h2 class=\"p1\">Fettfreier Beutel<\/h2>\n<div style=\"box-sizing: inherit; font-family: Roboto, sans-serif;\">\n<div style=\"box-sizing: inherit; font-family: Roboto, sans-serif;\">\n<div style=\"box-sizing: inherit; font-family: Roboto, sans-serif;\">\n<div style=\"text-align: center;\">\n<div style=\"box-sizing: inherit; font-family: Roboto, sans-serif;\">\n<div style=\"box-sizing: inherit; font-family: Roboto, sans-serif;\">\n<div style=\"box-sizing: inherit; font-family: Roboto, sans-serif;\">\n<div style=\"box-sizing: inherit; font-family: Roboto, sans-serif;\">\n<div style=\"box-sizing: inherit; font-family: Roboto, sans-serif;\">\n<div style=\"box-sizing: inherit; font-family: Roboto, sans-serif; text-align: left;\">\n<hr>\n<h3 style=\"text-align: left;\">Beschreibung von unserem fettabweisenden Beutel Papier \u00d6ffnung 2 Seiten &#8222;News&#8220; 18.5 x 18 cm pro 1000<\/h3>\n<h3 style=\"text-align: left;\"><!--more--><\/h3>\n<\/div>\n<\/div>\n<\/div>\n<\/div>\n<\/div>\n<\/div>\n<\/div>\n<\/div>\n<\/div>\n<\/div>\n<\/div>\n<\/div>\n<\/div>\n<\/div>\n<\/div>\n<\/div>\n<\/div>\n<\/div>\n<\/div>\n<\/div>\n<\/div>\n<\/div>\n<\/div>\n<\/div>\n<\/div>\n<\/div>\n<\/div>\n<\/div>\n<\/div>\n<\/div>\n<\/div>\n<\/div>\n<\/div>\n<div style=\"box-sizing: inherit; font-family: Roboto, sans-serif;\">\n<div style=\"box-sizing: inherit; font-family: Roboto, sans-serif;\">\n<div style=\"box-sizing: inherit; font-family: Roboto, sans-serif;\">\n<div style=\"box-sizing: inherit; font-family: Roboto, sans-serif;\">\n<div style=\"box-sizing: inherit; font-family: Roboto, sans-serif;\">\n<div style=\"box-sizing: inherit; font-family: Roboto, sans-serif;\">\n<div style=\"box-sizing: inherit; font-family: Roboto, sans-serif;\">\n<div style=\"box-sizing: inherit; font-family: Roboto, sans-serif;\">\n<div style=\"box-sizing: inherit; font-family: Roboto, sans-serif;\">\n<div style=\"box-sizing: inherit; font-family: Roboto, sans-serif;\">\n<div style=\"box-sizing: inherit; font-family: Roboto, sans-serif;\">\n<div style=\"box-sizing: inherit; font-family: Roboto, sans-serif;\">\n<div style=\"box-sizing: inherit; font-family: Roboto, sans-serif;\">\n<div class=\"flex flex-grow flex-col max-w-full\">\n<div class=\"min-h-[20px] text-message flex flex-col items-start whitespace-pre-wrap break-words [.text-message+&amp;]:mt-5 juice:w-full juice:items-end overflow-x-auto gap-2\" dir=\"auto\" data-message-author-role=\"assistant\" data-message-id=\"2034782e-88f9-44ef-b4dc-07dd7bf0115f\">\n<div class=\"flex w-full flex-col gap-1 juice:empty:hidden juice:first:pt-[3px]\">\n<div class=\"markdown prose w-full break-words dark:prose-invert light\">\n<div style=\"box-sizing: inherit; font-family: Roboto, sans-serif;\">\n<div style=\"box-sizing: inherit; font-family: Roboto, sans-serif;\">\n<div style=\"box-sizing: inherit; font-family: Roboto, sans-serif;\">\n<div style=\"box-sizing: inherit; font-family: Roboto, sans-serif;\">\n<div style=\"box-sizing: inherit; font-family: Roboto, sans-serif;\">\n<div style=\"box-sizing: inherit; font-family: Roboto, sans-serif;\">\n<p data-start=\"317\" data-end=\"677\">Dieser <strong>fettdichte Beutel \u201eNews\u201c<\/strong> hat alles, um zu einem unverzichtbaren Helfer an der Theke zu werden. Auf den ersten Blick verleiht sein <strong>Zeitungspapier-Design<\/strong> einen originellen und modernen Stil, der gleichzeitig einfach und effektiv ist. Er verleiht Ihren Produkten sofort Charakter, ohne dabei aufdringlich zu wirken. Resultat: Ihre <strong>Burger<\/strong>, <strong>Sandwiches<\/strong> oder <strong>Snacks<\/strong> werden sofort beim Servieren optimal pr\u00e4sentiert.   <\/p>\n<p data-start=\"679\" data-end=\"1007\">Dank seines <strong data-start=\"691\" data-end=\"714\">fettdichten Papiers<\/strong> bleiben die Lebensmittel gut gesch\u00fctzt. <strong>Saucen<\/strong>, <strong>K\u00e4se<\/strong> oder <strong>Fette<\/strong> dringen nicht durch, was saubere H\u00e4nde und eine ansprechende Pr\u00e4sentation des Produkts gew\u00e4hrleistet. Das ist f\u00fcr den Kunden viel angenehmer, besonders wenn er unterwegs isst. Und das ver\u00e4ndert das gesamte Erlebnis.   <\/p>\n<p data-start=\"1009\" data-end=\"1355\">Die <strong data-start=\"1013\" data-end=\"1041\">beidseitige \u00d6ffnung<\/strong> erleichtert das Servieren. Sie schieben das Produkt schnell hinein, ohne Zeit zu verlieren, selbst im gr\u00f6\u00dften Andrang. Das Format <strong data-start=\"1165\" data-end=\"1181\">18,5 x 18 cm<\/strong> eignet sich perfekt f\u00fcr <strong>Burger<\/strong>, <strong>geschnittene Wraps<\/strong>, <strong>herzhafte Backwaren<\/strong> oder <strong>warme Snacks<\/strong>. Es h\u00e4lt das Produkt, ohne es zu zerdr\u00fccken, und erm\u00f6glicht dabei einen bequemen Halt.   <\/p>\n<p data-start=\"1357\" data-end=\"1583\">Verkauft <strong data-start=\"1363\" data-end=\"1382\">im 1000er-Pack<\/strong>, ist dieser Beutel f\u00fcr Profis mit hohem Durchsatz konzipiert: Snacks, Fast-Food-Restaurants, Food-Trucks, Brauereien oder Eventst\u00e4nde. Sie sichern Ihren Lagerbestand und gewinnen t\u00e4glich an Gelassenheit. <\/p>\n<p data-start=\"1585\" data-end=\"1754\">Zusammenfassend l\u00e4sst sich sagen, dieser <strong>fettdichte Zeitungspapier-Beutel \u201eNews\u201c<\/strong> ist nicht nur eine einfache Verpackung. Er kombiniert Stil, Praktikabilit\u00e4t und Hygiene und bietet gleichzeitig einen echten Mehrwert f\u00fcr Ihre Take-away-Verk\u00e4ufe. <\/p>\n<p>&nbsp;<\/p>\n<p><!--more--><\/p>\n<h4 style=\"text-align: left;\">Vorteile :<\/h4>\n<ul style=\"text-align: left;\">\n<li><strong data-start=\"1950\" data-end=\"1966\">Anti-Fett<\/strong>: Sch\u00fctzt Ihre Speisen, ohne dass \u00d6l ausl\u00e4uft.<\/li>\n<li><strong data-start=\"2015\" data-end=\"2035\">Doppelte \u00d6ffnung<\/strong>: schneller und bequemer Service<\/li>\n<li><strong data-start=\"2070\" data-end=\"2088\">Vintage-Design<\/strong>: Zeitungseffekt f\u00fcr einen originellen Stil.<\/li>\n<li><strong data-start=\"2133\" data-end=\"2147\">Umweltfreundlich<\/strong>: umweltfreundliches, recycelbares Papier.<\/li>\n<li><strong data-start=\"2205\" data-end=\"2228\">Pro-Verpackung<\/strong>: Sparpack mit 1000 Beuteln.<\/li>\n<\/ul>\n<\/div>\n<\/div>\n<\/div>\n<\/div>\n<\/div>\n<\/div>\n<\/div>\n<\/div>\n<\/div>\n<\/div>\n<\/div>\n<\/div>\n<p>&nbsp;<\/p>\n<\/div>\n<\/div>\n<\/div>\n<\/div>\n<\/div>\n<\/div>\n<\/div>\n<\/div>\n<\/div>\n<\/div>\n<\/div>\n<p><!--more--><\/p>\n<h4>Weitere Informationen :<\/h4>\n<ul style=\"box-sizing: inherit; font-family: Roboto, sans-serif;\">\n<li><strong>Verpackung<\/strong>: Packung mit 1000 St\u00fcck<\/li>\n<li><span style=\"font-weight: bold;\">Ma\u00dfe <\/span>: 18,5 x 18 cm<\/li>\n<li><strong>Farbe<\/strong>: Zeitungswei\u00df<\/li>\n<li><strong>Anzahl der \u00d6ffnungen<\/strong>: 2 Seiten<\/li>\n<\/ul>\n<p>&nbsp;<\/p>\n<\/div>\n<\/div>\n<p><!--more--><\/p>\n<div style=\"font-family: Roboto, sans-serif;\">\n<div style=\"font-family: Roboto, sans-serif;\">\n<div style=\"box-sizing: inherit; font-family: Roboto, sans-serif;\">\n<div style=\"box-sizing: inherit; font-family: Roboto, sans-serif;\">\n<div style=\"box-sizing: inherit; font-family: Roboto, sans-serif;\">\n<div style=\"box-sizing: inherit; font-family: Roboto, sans-serif;\">\n<div style=\"box-sizing: inherit; font-family: Roboto, sans-serif;\">\n<div style=\"box-sizing: inherit; font-family: Roboto, sans-serif;\">\n<p>Dieser fettdichte Beutel ist in verschiedenen Gr\u00f6\u00dfen erh\u00e4ltlich : <span style=\"color: #d12727;\"><a style=\"color: #d12727;\" href=\"https:\/\/www.csj-emballages.com\/es\/produit\/bolsa-de-papel-sulfurizado-news-de-2-caras-125-x-12-cm-paquete-de-1000\/\">12,5 x 12 cm<\/a><\/span> \/ <span style=\"color: #d12727;\"><a style=\"color: #d12727;\" href=\"https:\/\/www.csj-emballages.com\/es\/produit\/bolsa-de-papel-sulfurizado-news-de-2-caras-155-x-15-cm-paquete-de-1000\/\">15,5 x 15 cm<\/a><\/span><\/p>\n<p><!--more--><\/p>\n<p><a href=\"https:\/\/www.csj-emballages.com\/de\/categorie-produit\/lebensmittelverpackungen\/restauration-de\/sacke-und-papier\/raues-papier\/\">Sehen Sie sich den Rest unseres Sortiments an fettdichtem Papier an<\/a><\/p>\n<\/div>\n<\/div>\n<\/div>\n<\/div>\n<\/div>\n<\/div>\n<\/div>\n<\/div>\n","protected":false},"excerpt":{"rendered":"<p>Fettfreier Beutel Beschreibung von unserem fettabweisenden Beutel Papier \u00d6ffnung 2 Seiten &#8222;News&#8220; 18.5 x 18 cm pro 1000<\/p>\n","protected":false},"featured_media":243886,"template":"","meta":{"_acf_changed":false},"product_brand":[],"product_cat":[1137,1134,3976,3041,3409,3427],"product_tag":[],"class_list":{"0":"post-243900","1":"product","2":"type-product","3":"status-publish","4":"has-post-thumbnail","6":"product_cat-lebensmittelverpackungen","7":"product_cat-restauration-de","8":"product_cat-sacke-und-papier","9":"product_cat-raues-papier","10":"product_cat-pfannkuchenbeutel","11":"product_cat-hamburger-beutel","13":"first","14":"outofstock","15":"taxable","16":"shipping-taxable","17":"purchasable","18":"product-type-simple"},"acf":[],"yoast_head":"<!-- This site is optimized with the Yoast SEO Premium plugin v26.6 (Yoast SEO v26.6) - https:\/\/yoast.com\/wordpress\/plugins\/seo\/ -->\n<title>Beutel fettdicht Papier \u00d6ffnung 2-seitig &quot;News&quot; 18.5 x 18 cm<\/title>\n<meta name=\"description\" content=\"Faltenfreier Beutel aus Papier &quot;News&quot; 18,5 x 18 cm. Beidseitig zu \u00f6ffnen, praktisch, recycelbar und im trendigen Zeitungsdesign. Lot von 1000.\" \/>\n<meta name=\"robots\" content=\"index, follow, max-snippet:-1, max-image-preview:large, max-video-preview:-1\" \/>\n<link rel=\"canonical\" href=\"https:\/\/www.csj-emballages.com\/de\/produit\/faltenfreier-beutel-papier-oeffnung-2-seiten-news-18-5-x-18-cm-pro-1000\/\" \/>\n<meta property=\"og:locale\" content=\"de_DE\" \/>\n<meta property=\"og:type\" content=\"article\" \/>\n<meta property=\"og:title\" content=\"Faltenfreier Beutel Papier \u00d6ffnung 2 Seiten &quot;News&quot; 18.5 x 18 cm pro 1000\" \/>\n<meta property=\"og:description\" content=\"Faltenfreier Beutel aus Papier &quot;News&quot; 18,5 x 18 cm. Beidseitig zu \u00f6ffnen, praktisch, recycelbar und im trendigen Zeitungsdesign. Lot von 1000.\" \/>\n<meta property=\"og:url\" content=\"https:\/\/www.csj-emballages.com\/de\/produit\/faltenfreier-beutel-papier-oeffnung-2-seiten-news-18-5-x-18-cm-pro-1000\/\" \/>\n<meta property=\"og:site_name\" content=\"CSJ Emballages\" \/>\n<meta property=\"article:publisher\" content=\"https:\/\/www.facebook.com\/csjemballages\" \/>\n<meta property=\"article:modified_time\" content=\"2026-05-01T00:14:28+00:00\" \/>\n<meta property=\"og:image\" content=\"https:\/\/www.csj-emballages.com\/wp-content\/uploads\/2025\/09\/SC19NEWS18.webp\" \/>\n\t<meta property=\"og:image:width\" content=\"800\" \/>\n\t<meta property=\"og:image:height\" content=\"800\" \/>\n\t<meta property=\"og:image:type\" content=\"image\/webp\" \/>\n<meta name=\"twitter:card\" content=\"summary_large_image\" \/>\n<meta name=\"twitter:label1\" content=\"Gesch\u00e4tzte Lesezeit\" \/>\n\t<meta name=\"twitter:data1\" content=\"2 Minuten\" \/>\n<script type=\"application\/ld+json\" class=\"yoast-schema-graph\">{\"@context\":\"https:\/\/schema.org\",\"@graph\":[{\"@type\":\"WebPage\",\"@id\":\"https:\/\/www.csj-emballages.com\/de\/produit\/faltenfreier-beutel-papier-oeffnung-2-seiten-news-18-5-x-18-cm-pro-1000\/\",\"url\":\"https:\/\/www.csj-emballages.com\/de\/produit\/faltenfreier-beutel-papier-oeffnung-2-seiten-news-18-5-x-18-cm-pro-1000\/\",\"name\":\"Beutel fettdicht Papier \u00d6ffnung 2-seitig \\\"News\\\" 18.5 x 18 cm\",\"isPartOf\":{\"@id\":\"https:\/\/www.csj-emballages.com\/de\/#website\"},\"primaryImageOfPage\":{\"@id\":\"https:\/\/www.csj-emballages.com\/de\/produit\/faltenfreier-beutel-papier-oeffnung-2-seiten-news-18-5-x-18-cm-pro-1000\/#primaryimage\"},\"image\":{\"@id\":\"https:\/\/www.csj-emballages.com\/de\/produit\/faltenfreier-beutel-papier-oeffnung-2-seiten-news-18-5-x-18-cm-pro-1000\/#primaryimage\"},\"thumbnailUrl\":\"https:\/\/www.csj-emballages.com\/wp-content\/uploads\/2025\/09\/SC19NEWS18.webp\",\"datePublished\":\"2025-09-15T07:53:37+00:00\",\"dateModified\":\"2026-05-01T00:14:28+00:00\",\"description\":\"Faltenfreier Beutel aus Papier \\\"News\\\" 18,5 x 18 cm. Beidseitig zu \u00f6ffnen, praktisch, recycelbar und im trendigen Zeitungsdesign. Lot von 1000.\",\"breadcrumb\":{\"@id\":\"https:\/\/www.csj-emballages.com\/de\/produit\/faltenfreier-beutel-papier-oeffnung-2-seiten-news-18-5-x-18-cm-pro-1000\/#breadcrumb\"},\"inLanguage\":\"de\",\"potentialAction\":[{\"@type\":\"ReadAction\",\"target\":[\"https:\/\/www.csj-emballages.com\/de\/produit\/faltenfreier-beutel-papier-oeffnung-2-seiten-news-18-5-x-18-cm-pro-1000\/\"]}]},{\"@type\":\"ImageObject\",\"inLanguage\":\"de\",\"@id\":\"https:\/\/www.csj-emballages.com\/de\/produit\/faltenfreier-beutel-papier-oeffnung-2-seiten-news-18-5-x-18-cm-pro-1000\/#primaryimage\",\"url\":\"https:\/\/www.csj-emballages.com\/wp-content\/uploads\/2025\/09\/SC19NEWS18.webp\",\"contentUrl\":\"https:\/\/www.csj-emballages.com\/wp-content\/uploads\/2025\/09\/SC19NEWS18.webp\",\"width\":800,\"height\":800,\"caption\":\"Sachet ingraissable\"},{\"@type\":\"BreadcrumbList\",\"@id\":\"https:\/\/www.csj-emballages.com\/de\/produit\/faltenfreier-beutel-papier-oeffnung-2-seiten-news-18-5-x-18-cm-pro-1000\/#breadcrumb\",\"itemListElement\":[{\"@type\":\"ListItem\",\"position\":1,\"name\":\"Accueil\",\"item\":\"https:\/\/www.csj-emballages.com\/de\/universum-lebensmittelverpackungen\/\"},{\"@type\":\"ListItem\",\"position\":2,\"name\":\"Shop\",\"item\":\"https:\/\/www.csj-emballages.com\/shop\/\"},{\"@type\":\"ListItem\",\"position\":3,\"name\":\"Faltenfreier Beutel Papier \u00d6ffnung 2 Seiten \u00ab\u00a0News\u00a0\u00bb 18.5 x 18 cm pro 1000\"}]},{\"@type\":\"WebSite\",\"@id\":\"https:\/\/www.csj-emballages.com\/de\/#website\",\"url\":\"https:\/\/www.csj-emballages.com\/de\/\",\"name\":\"CSJ Emballages\",\"description\":\"\",\"publisher\":{\"@id\":\"https:\/\/www.csj-emballages.com\/de\/#organization\"},\"potentialAction\":[{\"@type\":\"SearchAction\",\"target\":{\"@type\":\"EntryPoint\",\"urlTemplate\":\"https:\/\/www.csj-emballages.com\/de\/?s={search_term_string}\"},\"query-input\":{\"@type\":\"PropertyValueSpecification\",\"valueRequired\":true,\"valueName\":\"search_term_string\"}}],\"inLanguage\":\"de\"},{\"@type\":\"Organization\",\"@id\":\"https:\/\/www.csj-emballages.com\/de\/#Organization\/\",\"name\":\"CSJ Emballages\",\"url\":\"https:\/\/www.csj-emballages.com\/de\/\",\"logo\":{\"@type\":\"ImageObject\",\"inLanguage\":\"de\",\"@id\":\"https:\/\/www.csj-emballages.com\/de\/#\/schema\/logo\/image\/\",\"url\":\"https:\/\/www.csj-emballages.com\/wp-content\/uploads\/2023\/10\/logo_csj.webp\",\"contentUrl\":\"https:\/\/www.csj-emballages.com\/wp-content\/uploads\/2023\/10\/logo_csj.webp\",\"width\":250,\"height\":95,\"caption\":\"CSJ Emballages\"},\"image\":{\"@id\":\"https:\/\/www.csj-emballages.com\/de\/#\/schema\/logo\/image\/\"},\"sameAs\":[\"https:\/\/www.facebook.com\/csjemballages\"],\"address\":{\"@type\":\"PostalAddress\",\"streetAddress\":\"ZI La Lechere\",\"addressLocality\":\"Patornay\",\"postalCode\":\"39130\",\"addressCountry\":\"FR\"},\"contactPoint\":[{\"@type\":\"ContactPoint\",\"contactType\":\"Service client\",\"telephone\":\"0384254272\",\"email\":\"contact@csj-emballages.com\"}]}]}<\/script>\n<!-- \/ Yoast SEO Premium plugin. -->","yoast_head_json":{"title":"Beutel fettdicht Papier \u00d6ffnung 2-seitig \"News\" 18.5 x 18 cm","description":"Faltenfreier Beutel aus Papier \"News\" 18,5 x 18 cm. Beidseitig zu \u00f6ffnen, praktisch, recycelbar und im trendigen Zeitungsdesign. Lot von 1000.","robots":{"index":"index","follow":"follow","max-snippet":"max-snippet:-1","max-image-preview":"max-image-preview:large","max-video-preview":"max-video-preview:-1"},"canonical":"https:\/\/www.csj-emballages.com\/de\/produit\/faltenfreier-beutel-papier-oeffnung-2-seiten-news-18-5-x-18-cm-pro-1000\/","og_locale":"de_DE","og_type":"article","og_title":"Faltenfreier Beutel Papier \u00d6ffnung 2 Seiten \"News\" 18.5 x 18 cm pro 1000","og_description":"Faltenfreier Beutel aus Papier \"News\" 18,5 x 18 cm. Beidseitig zu \u00f6ffnen, praktisch, recycelbar und im trendigen Zeitungsdesign. Lot von 1000.","og_url":"https:\/\/www.csj-emballages.com\/de\/produit\/faltenfreier-beutel-papier-oeffnung-2-seiten-news-18-5-x-18-cm-pro-1000\/","og_site_name":"CSJ Emballages","article_publisher":"https:\/\/www.facebook.com\/csjemballages","article_modified_time":"2026-05-01T00:14:28+00:00","og_image":[{"width":800,"height":800,"url":"https:\/\/www.csj-emballages.com\/wp-content\/uploads\/2025\/09\/SC19NEWS18.webp","type":"image\/webp"}],"twitter_card":"summary_large_image","twitter_misc":{"Gesch\u00e4tzte Lesezeit":"2 Minuten"},"schema":{"@context":"https:\/\/schema.org","@graph":[{"@type":"WebPage","@id":"https:\/\/www.csj-emballages.com\/de\/produit\/faltenfreier-beutel-papier-oeffnung-2-seiten-news-18-5-x-18-cm-pro-1000\/","url":"https:\/\/www.csj-emballages.com\/de\/produit\/faltenfreier-beutel-papier-oeffnung-2-seiten-news-18-5-x-18-cm-pro-1000\/","name":"Beutel fettdicht Papier \u00d6ffnung 2-seitig \"News\" 18.5 x 18 cm","isPartOf":{"@id":"https:\/\/www.csj-emballages.com\/de\/#website"},"primaryImageOfPage":{"@id":"https:\/\/www.csj-emballages.com\/de\/produit\/faltenfreier-beutel-papier-oeffnung-2-seiten-news-18-5-x-18-cm-pro-1000\/#primaryimage"},"image":{"@id":"https:\/\/www.csj-emballages.com\/de\/produit\/faltenfreier-beutel-papier-oeffnung-2-seiten-news-18-5-x-18-cm-pro-1000\/#primaryimage"},"thumbnailUrl":"https:\/\/www.csj-emballages.com\/wp-content\/uploads\/2025\/09\/SC19NEWS18.webp","datePublished":"2025-09-15T07:53:37+00:00","dateModified":"2026-05-01T00:14:28+00:00","description":"Faltenfreier Beutel aus Papier \"News\" 18,5 x 18 cm. Beidseitig zu \u00f6ffnen, praktisch, recycelbar und im trendigen Zeitungsdesign. Lot von 1000.","breadcrumb":{"@id":"https:\/\/www.csj-emballages.com\/de\/produit\/faltenfreier-beutel-papier-oeffnung-2-seiten-news-18-5-x-18-cm-pro-1000\/#breadcrumb"},"inLanguage":"de","potentialAction":[{"@type":"ReadAction","target":["https:\/\/www.csj-emballages.com\/de\/produit\/faltenfreier-beutel-papier-oeffnung-2-seiten-news-18-5-x-18-cm-pro-1000\/"]}]},{"@type":"ImageObject","inLanguage":"de","@id":"https:\/\/www.csj-emballages.com\/de\/produit\/faltenfreier-beutel-papier-oeffnung-2-seiten-news-18-5-x-18-cm-pro-1000\/#primaryimage","url":"https:\/\/www.csj-emballages.com\/wp-content\/uploads\/2025\/09\/SC19NEWS18.webp","contentUrl":"https:\/\/www.csj-emballages.com\/wp-content\/uploads\/2025\/09\/SC19NEWS18.webp","width":800,"height":800,"caption":"Sachet ingraissable"},{"@type":"BreadcrumbList","@id":"https:\/\/www.csj-emballages.com\/de\/produit\/faltenfreier-beutel-papier-oeffnung-2-seiten-news-18-5-x-18-cm-pro-1000\/#breadcrumb","itemListElement":[{"@type":"ListItem","position":1,"name":"Accueil","item":"https:\/\/www.csj-emballages.com\/de\/universum-lebensmittelverpackungen\/"},{"@type":"ListItem","position":2,"name":"Shop","item":"https:\/\/www.csj-emballages.com\/shop\/"},{"@type":"ListItem","position":3,"name":"Faltenfreier Beutel Papier \u00d6ffnung 2 Seiten \u00ab\u00a0News\u00a0\u00bb 18.5 x 18 cm pro 1000"}]},{"@type":"WebSite","@id":"https:\/\/www.csj-emballages.com\/de\/#website","url":"https:\/\/www.csj-emballages.com\/de\/","name":"CSJ Emballages","description":"","publisher":{"@id":"https:\/\/www.csj-emballages.com\/de\/#organization"},"potentialAction":[{"@type":"SearchAction","target":{"@type":"EntryPoint","urlTemplate":"https:\/\/www.csj-emballages.com\/de\/?s={search_term_string}"},"query-input":{"@type":"PropertyValueSpecification","valueRequired":true,"valueName":"search_term_string"}}],"inLanguage":"de"},{"@type":"Organization","@id":"https:\/\/www.csj-emballages.com\/de\/#Organization\/","name":"CSJ Emballages","url":"https:\/\/www.csj-emballages.com\/de\/","logo":{"@type":"ImageObject","inLanguage":"de","@id":"https:\/\/www.csj-emballages.com\/de\/#\/schema\/logo\/image\/","url":"https:\/\/www.csj-emballages.com\/wp-content\/uploads\/2023\/10\/logo_csj.webp","contentUrl":"https:\/\/www.csj-emballages.com\/wp-content\/uploads\/2023\/10\/logo_csj.webp","width":250,"height":95,"caption":"CSJ Emballages"},"image":{"@id":"https:\/\/www.csj-emballages.com\/de\/#\/schema\/logo\/image\/"},"sameAs":["https:\/\/www.facebook.com\/csjemballages"],"address":{"@type":"PostalAddress","streetAddress":"ZI La Lechere","addressLocality":"Patornay","postalCode":"39130","addressCountry":"FR"},"contactPoint":[{"@type":"ContactPoint","contactType":"Service client","telephone":"0384254272","email":"contact@csj-emballages.com"}]}]}},"df_price":19.79,"df_sale_price":"","df_regular_price":19.79,"df_image_link":"https:\/\/www.csj-emballages.com\/wp-content\/uploads\/2025\/09\/SC19NEWS18-300x300.webp","tiered_pricing_type":"fixed","tiered_pricing_fixed_rules":[],"tiered_pricing_percentage_rules":[],"tiered_pricing_minimum":1,"tiered_pricing_roles_data":[],"_links":{"self":[{"href":"https:\/\/www.csj-emballages.com\/de\/wp-json\/wp\/v2\/product\/243900","targetHints":{"allow":["GET"]}}],"collection":[{"href":"https:\/\/www.csj-emballages.com\/de\/wp-json\/wp\/v2\/product"}],"about":[{"href":"https:\/\/www.csj-emballages.com\/de\/wp-json\/wp\/v2\/types\/product"}],"wp:featuredmedia":[{"embeddable":true,"href":"https:\/\/www.csj-emballages.com\/de\/wp-json\/wp\/v2\/media\/243886"}],"wp:attachment":[{"href":"https:\/\/www.csj-emballages.com\/de\/wp-json\/wp\/v2\/media?parent=243900"}],"wp:term":[{"taxonomy":"product_brand","embeddable":true,"href":"https:\/\/www.csj-emballages.com\/de\/wp-json\/wp\/v2\/product_brand?post=243900"},{"taxonomy":"product_cat","embeddable":true,"href":"https:\/\/www.csj-emballages.com\/de\/wp-json\/wp\/v2\/product_cat?post=243900"},{"taxonomy":"product_tag","embeddable":true,"href":"https:\/\/www.csj-emballages.com\/de\/wp-json\/wp\/v2\/product_tag?post=243900"}],"curies":[{"name":"wp","href":"https:\/\/api.w.org\/{rel}","templated":true}]}}