{"id":243120,"date":"2025-09-11T14:57:49","date_gmt":"2025-09-11T12:57:49","guid":{"rendered":"https:\/\/www.csj-emballages.com\/produit\/box-holzscheit-weihnachtszauber-16-x-11-x-10-cm-pro-25\/"},"modified":"2026-03-12T16:11:25","modified_gmt":"2026-03-12T15:11:25","slug":"box-holzscheit-weihnachtszauber-16-x-11-x-10-cm-pro-25","status":"publish","type":"product","link":"https:\/\/www.csj-emballages.com\/de\/produit\/box-holzscheit-weihnachtszauber-16-x-11-x-10-cm-pro-25\/","title":{"rendered":"Box Holzscheit &#8222;Weihnachtszauber&#8220; 16 x 11 x 10 cm pro 25"},"content":{"rendered":"<h2>Schachtel Holzscheit<\/h2>\n<hr>\n<h3>Beschreibung unserer Holzschachtel &#8222;Weihnachtszauber&#8220; 16 x 11 x 10 cm per 25<\/h3>\n<p><!--more--><\/p>\n<p data-start=\"121\" data-end=\"391\">Verleihen Sie Ihren Backkreationen einen <strong data-start=\"134\" data-end=\"153\">m\u00e4rchenhaften Touch<\/strong> mit der <strong data-start=\"190\" data-end=\"237\">Schachtel &#8222;Weihnachtszauber&#8220; 16 x 11 x 10 cm,<\/strong> die im Set von <strong>25<\/strong> St\u00fcck verkauft wird. Ideal f\u00fcr die <strong data-start=\"190\" data-end=\"237\">Weihnachtsfeiertage<\/strong>. Diese <strong data-start=\"190\" data-end=\"237\">Schachtel f\u00fcr Weihnachtsscheiterhaufen<\/strong> vereint <strong data-start=\"318\" data-end=\"330\">Eleganz<\/strong>, <strong data-start=\"332\" data-end=\"345\">Zweckm\u00e4\u00dfigkeit<\/strong> und <strong data-start=\"349\" data-end=\"361\">Stabilit\u00e4t<\/strong>, um Ihre Desserts zu verfeinern.<\/p>\n<p data-start=\"393\" data-end=\"835\">Zun\u00e4chst einmal sorgt das <strong data-start=\"411\" data-end=\"432\">bezaubernde Design<\/strong> mit <strong>Weihnachtsmotiven<\/strong> schon auf den ersten Blick f\u00fcr einen echten Wow-Effekt. Mit ihren warmen Farben und der festlichen Illustration verwandelt sie jeden <strong>Stollen<\/strong> in ein verschenkfertiges Feinschmeckergeschenk. Ebenso eignet sich die Gr\u00f6\u00dfe von <strong data-start=\"660\" data-end=\"679\">16 x 11 x 10 cm<\/strong> perfekt f\u00fcr kleine St\u00e4mme oder einzelne Desserts, wodurch sie ideal f\u00fcr Handwerker, Konditoren, Caterer oder passionierte Hobbyk\u00f6che ist.<\/p>\n<p data-start=\"837\" data-end=\"1199\">Zweitens ist diese <strong data-start=\"190\" data-end=\"237\">Schachtel<\/strong> aus <strong data-start=\"872\" data-end=\"916\">lebensmittelechtem Karton<\/strong> gefertigt, der eine <strong>gute<\/strong> <strong data-start=\"931\" data-end=\"954\">Festigkeit<\/strong> w\u00e4hrend des Transports gew\u00e4hrleistet. Sie sch\u00fctzt Ihre Zubereitungen vor Feuchtigkeit und St\u00f6\u00dfen und erf\u00fcllt gleichzeitig die Hygienevorschriften. Der schnelle Aufbau und der sichere Verschluss garantieren in hektischen Zeiten eine wertvolle <strong data-start=\"1141\" data-end=\"1158\">Zeitersparnis<\/strong>.<\/p>\n<p data-start=\"1201\" data-end=\"1615\">Schlie\u00dflich ist die Entscheidung f\u00fcr diese <strong data-start=\"190\" data-end=\"237\">Holzschachtel<\/strong> auch eine <strong data-start=\"1263\" data-end=\"1289\">praktische und wirtschaftliche<\/strong> Wahl: Sie wird im <strong data-start=\"1303\" data-end=\"1316\">Set von 25 St\u00fcck<\/strong> verkauft, erm\u00f6glicht es, gr\u00f6\u00dfere Bestellungen vorwegzunehmen, und ist dank ihres recycelbaren Kartons umweltfreundlich. Ob f\u00fcr den professionellen oder privaten Gebrauch, die <strong data-start=\"190\" data-end=\"237\">Schachtel<\/strong><strong data-start=\"1504\" data-end=\"1535\"> &#8222;Weihnachtszauber&#8220;<\/strong> bietet eine \u00e4sthetische und zuverl\u00e4ssige L\u00f6sung, um Ihre festlichen K\u00f6stlichkeiten zu pr\u00e4sentieren.<\/p>\n<p data-start=\"1617\" data-end=\"1755\">Bieten Sie Ihren Kunden oder G\u00e4sten ein einzigartiges Erlebnis, bei dem sich der <strong data-start=\"1677\" data-end=\"1694\">Zauber von Weihnachten<\/strong> sowohl im Geschmack als auch in der Verpackung widerspiegelt!<\/p>\n<p><!--more--><\/p>\n<h4><strong>Vorteile :<\/strong><\/h4>\n<ul>\n<li><strong data-start=\"1798\" data-end=\"1815\">Festliches Design<\/strong>, das Ihre Stollen und Desserts in Szene setzt.<\/li>\n<li>Lebensmitteltauglicher Karton, der den Schutz w\u00e4hrend des Transports gew\u00e4hrleistet.<\/li>\n<li>Kleines Format von <strong>16 x 11 x 10 cm,<\/strong> perfekt f\u00fcr kleine Holzscheite.<\/li>\n<li><strong data-start=\"2019\" data-end=\"2037\">Einfache Montage<\/strong> und sicherer Verschluss sparen Zeit.<\/li>\n<li><strong data-start=\"2088\" data-end=\"2112\">Sparset mit 25<\/strong> recycelbaren Boxen.<\/li>\n<\/ul>\n<p>&nbsp;<\/p>\n<p><!--more--><\/p>\n<h4>Weitere Informationen :<\/h4>\n<ul>\n<li><strong>Verpackung<\/strong>: Packung mit 25 St\u00fcck<\/li>\n<li><strong>Ma\u00dfe<\/strong>: 16 x 11 x 10 cm<\/li>\n<li><strong>Material<\/strong>: Karton<\/li>\n<li><strong>Farbe<\/strong>: Wei\u00df \/ Dekore<\/li>\n<li><strong>Modell<\/strong>: Weihnachtszauber<\/li>\n<\/ul>\n<p>&nbsp;<\/p>\n<p><!--more--><\/p>\n<p>Diese Schachtel f\u00fcr Holzscheite ist in verschiedenen Gr\u00f6\u00dfen erh\u00e4ltlich : <span style=\"color: #d12727;\"><a style=\"color: #d12727;\" href=\"https:\/\/www.csj-emballages.com\/pt-pt\/?post_type=product&#038;p=243124\">20 x 11 x 10 cm<\/a><\/span> \/ <span style=\"color: #d12727;\"><a style=\"color: #d12727;\" href=\"https:\/\/www.csj-emballages.com\/produit\/boite-buche-magie-de-noel-25-x-11-x-10-cm-par-25\/\">25 x 11 x 10 cm<\/a><\/span> \/ <span style=\"color: #d12727;\"><a style=\"color: #d12727;\" href=\"https:\/\/www.csj-emballages.com\/pt-pt\/produit\/caixa-de-troncos-magia-do-natal-35-x-11-x-10-cm-embalagem-de-25\/\">35 x 11 x 10 cm<\/a><\/span> \/ <span style=\"color: #d12727;\"><a style=\"color: #d12727;\" href=\"https:\/\/www.csj-emballages.com\/pt-pt\/produit\/caixa-de-troncos-magia-do-natal-40-x-11-x-10-cm-x-25\/\">40 x 11 x 10 cm<\/a><\/span><\/p>\n<p>&nbsp;<\/p>\n<p><!--more--><\/p>\n<p><a href=\"https:\/\/www.csj-emballages.com\/de\/categorie-produit\/lebensmittelverpackungen\/backerei-und-konditorei\/schachteln-und-etuis\/holzschachteln\/schachteln-fur-stollen-weihnachtszauber\/\">Sehen Sie sich hier den Rest unseres Sortiments an Holzschachteln &#8218;Weihnachtszauber&#8216; an.<\/a><\/p>\n","protected":false},"excerpt":{"rendered":"<p>Schachtel Holzscheit Beschreibung unserer Holzschachtel &#8222;Weihnachtszauber&#8220; 16 x 11 x 10 cm per 25<\/p>\n","protected":false},"featured_media":243143,"template":"","meta":{"_acf_changed":false},"product_brand":[],"product_cat":[1137,1171,3964,2067,9444],"product_tag":[],"class_list":{"0":"post-243120","1":"product","2":"type-product","3":"status-publish","4":"has-post-thumbnail","6":"product_cat-lebensmittelverpackungen","7":"product_cat-backerei-und-konditorei","8":"product_cat-schachteln-und-etuis","9":"product_cat-holzschachteln","10":"product_cat-schachteln-fur-stollen-weihnachtszauber","12":"first","13":"instock","14":"sale","15":"taxable","16":"shipping-taxable","17":"purchasable","18":"product-type-simple"},"acf":[],"yoast_head":"<!-- This site is optimized with the Yoast SEO Premium plugin v26.6 (Yoast SEO v26.6) - https:\/\/yoast.com\/wordpress\/plugins\/seo\/ -->\n<title>Box Holzscheit &quot;Weihnachtszauber&quot; 16 x 11 x 10 cm pro 25<\/title>\n<meta name=\"description\" content=\"Schachtel &quot;Weihnachtszauber&quot; in 16 x 11 x 10 cm - Festliches Design, stabiler Karton, 25er-Set, um Ihre festlichen Desserts zu verfeinern.\" \/>\n<meta name=\"robots\" content=\"index, follow, max-snippet:-1, max-image-preview:large, max-video-preview:-1\" \/>\n<link rel=\"canonical\" href=\"https:\/\/www.csj-emballages.com\/de\/produit\/box-holzscheit-weihnachtszauber-16-x-11-x-10-cm-pro-25\/\" \/>\n<meta property=\"og:locale\" content=\"de_DE\" \/>\n<meta property=\"og:type\" content=\"article\" \/>\n<meta property=\"og:title\" content=\"Box Holzscheit &quot;Weihnachtszauber&quot; 16 x 11 x 10 cm pro 25\" \/>\n<meta property=\"og:description\" content=\"Schachtel &quot;Weihnachtszauber&quot; in 16 x 11 x 10 cm - Festliches Design, stabiler Karton, 25er-Set, um Ihre festlichen Desserts zu verfeinern.\" \/>\n<meta property=\"og:url\" content=\"https:\/\/www.csj-emballages.com\/de\/produit\/box-holzscheit-weihnachtszauber-16-x-11-x-10-cm-pro-25\/\" \/>\n<meta property=\"og:site_name\" content=\"CSJ Emballages\" \/>\n<meta property=\"article:publisher\" content=\"https:\/\/www.facebook.com\/csjemballages\" \/>\n<meta property=\"article:modified_time\" content=\"2026-03-12T15:11:25+00:00\" \/>\n<meta property=\"og:image\" content=\"https:\/\/www.csj-emballages.com\/wp-content\/uploads\/2025\/09\/Boite-buche-Magie-de-Noel.webp\" \/>\n\t<meta property=\"og:image:width\" content=\"800\" \/>\n\t<meta property=\"og:image:height\" content=\"800\" \/>\n\t<meta property=\"og:image:type\" content=\"image\/webp\" \/>\n<meta name=\"twitter:card\" content=\"summary_large_image\" \/>\n<meta name=\"twitter:label1\" content=\"Gesch\u00e4tzte Lesezeit\" \/>\n\t<meta name=\"twitter:data1\" content=\"2 Minuten\" \/>\n<script type=\"application\/ld+json\" class=\"yoast-schema-graph\">{\"@context\":\"https:\/\/schema.org\",\"@graph\":[{\"@type\":\"WebPage\",\"@id\":\"https:\/\/www.csj-emballages.com\/de\/produit\/box-holzscheit-weihnachtszauber-16-x-11-x-10-cm-pro-25\/\",\"url\":\"https:\/\/www.csj-emballages.com\/de\/produit\/box-holzscheit-weihnachtszauber-16-x-11-x-10-cm-pro-25\/\",\"name\":\"Box Holzscheit \\\"Weihnachtszauber\\\" 16 x 11 x 10 cm pro 25\",\"isPartOf\":{\"@id\":\"https:\/\/www.csj-emballages.com\/de\/#website\"},\"primaryImageOfPage\":{\"@id\":\"https:\/\/www.csj-emballages.com\/de\/produit\/box-holzscheit-weihnachtszauber-16-x-11-x-10-cm-pro-25\/#primaryimage\"},\"image\":{\"@id\":\"https:\/\/www.csj-emballages.com\/de\/produit\/box-holzscheit-weihnachtszauber-16-x-11-x-10-cm-pro-25\/#primaryimage\"},\"thumbnailUrl\":\"https:\/\/www.csj-emballages.com\/wp-content\/uploads\/2025\/09\/Boite-buche-Magie-de-Noel.webp\",\"datePublished\":\"2025-09-11T12:57:49+00:00\",\"dateModified\":\"2026-03-12T15:11:25+00:00\",\"description\":\"Schachtel \\\"Weihnachtszauber\\\" in 16 x 11 x 10 cm - Festliches Design, stabiler Karton, 25er-Set, um Ihre festlichen Desserts zu verfeinern.\",\"breadcrumb\":{\"@id\":\"https:\/\/www.csj-emballages.com\/de\/produit\/box-holzscheit-weihnachtszauber-16-x-11-x-10-cm-pro-25\/#breadcrumb\"},\"inLanguage\":\"de\",\"potentialAction\":[{\"@type\":\"ReadAction\",\"target\":[\"https:\/\/www.csj-emballages.com\/de\/produit\/box-holzscheit-weihnachtszauber-16-x-11-x-10-cm-pro-25\/\"]}]},{\"@type\":\"ImageObject\",\"inLanguage\":\"de\",\"@id\":\"https:\/\/www.csj-emballages.com\/de\/produit\/box-holzscheit-weihnachtszauber-16-x-11-x-10-cm-pro-25\/#primaryimage\",\"url\":\"https:\/\/www.csj-emballages.com\/wp-content\/uploads\/2025\/09\/Boite-buche-Magie-de-Noel.webp\",\"contentUrl\":\"https:\/\/www.csj-emballages.com\/wp-content\/uploads\/2025\/09\/Boite-buche-Magie-de-Noel.webp\",\"width\":800,\"height\":800,\"caption\":\"Boite b\u00fbche\"},{\"@type\":\"BreadcrumbList\",\"@id\":\"https:\/\/www.csj-emballages.com\/de\/produit\/box-holzscheit-weihnachtszauber-16-x-11-x-10-cm-pro-25\/#breadcrumb\",\"itemListElement\":[{\"@type\":\"ListItem\",\"position\":1,\"name\":\"Accueil\",\"item\":\"https:\/\/www.csj-emballages.com\/de\/universum-lebensmittelverpackungen\/\"},{\"@type\":\"ListItem\",\"position\":2,\"name\":\"Shop\",\"item\":\"https:\/\/www.csj-emballages.com\/shop\/\"},{\"@type\":\"ListItem\",\"position\":3,\"name\":\"Box Holzscheit \u00ab\u00a0Weihnachtszauber\u00a0\u00bb 16 x 11 x 10 cm pro 25\"}]},{\"@type\":\"WebSite\",\"@id\":\"https:\/\/www.csj-emballages.com\/de\/#website\",\"url\":\"https:\/\/www.csj-emballages.com\/de\/\",\"name\":\"CSJ Emballages\",\"description\":\"\",\"publisher\":{\"@id\":\"https:\/\/www.csj-emballages.com\/de\/#organization\"},\"potentialAction\":[{\"@type\":\"SearchAction\",\"target\":{\"@type\":\"EntryPoint\",\"urlTemplate\":\"https:\/\/www.csj-emballages.com\/de\/?s={search_term_string}\"},\"query-input\":{\"@type\":\"PropertyValueSpecification\",\"valueRequired\":true,\"valueName\":\"search_term_string\"}}],\"inLanguage\":\"de\"},{\"@type\":\"Organization\",\"@id\":\"https:\/\/www.csj-emballages.com\/de\/#Organization\/\",\"name\":\"CSJ Emballages\",\"url\":\"https:\/\/www.csj-emballages.com\/de\/\",\"logo\":{\"@type\":\"ImageObject\",\"inLanguage\":\"de\",\"@id\":\"https:\/\/www.csj-emballages.com\/de\/#\/schema\/logo\/image\/\",\"url\":\"https:\/\/www.csj-emballages.com\/wp-content\/uploads\/2023\/10\/logo_csj.webp\",\"contentUrl\":\"https:\/\/www.csj-emballages.com\/wp-content\/uploads\/2023\/10\/logo_csj.webp\",\"width\":250,\"height\":95,\"caption\":\"CSJ Emballages\"},\"image\":{\"@id\":\"https:\/\/www.csj-emballages.com\/de\/#\/schema\/logo\/image\/\"},\"sameAs\":[\"https:\/\/www.facebook.com\/csjemballages\"],\"address\":{\"@type\":\"PostalAddress\",\"streetAddress\":\"ZI La Lechere\",\"addressLocality\":\"Patornay\",\"postalCode\":\"39130\",\"addressCountry\":\"FR\"},\"contactPoint\":[{\"@type\":\"ContactPoint\",\"contactType\":\"Service client\",\"telephone\":\"0384254272\",\"email\":\"contact@csj-emballages.com\"}]}]}<\/script>\n<!-- \/ Yoast SEO Premium plugin. -->","yoast_head_json":{"title":"Box Holzscheit \"Weihnachtszauber\" 16 x 11 x 10 cm pro 25","description":"Schachtel \"Weihnachtszauber\" in 16 x 11 x 10 cm - Festliches Design, stabiler Karton, 25er-Set, um Ihre festlichen Desserts zu verfeinern.","robots":{"index":"index","follow":"follow","max-snippet":"max-snippet:-1","max-image-preview":"max-image-preview:large","max-video-preview":"max-video-preview:-1"},"canonical":"https:\/\/www.csj-emballages.com\/de\/produit\/box-holzscheit-weihnachtszauber-16-x-11-x-10-cm-pro-25\/","og_locale":"de_DE","og_type":"article","og_title":"Box Holzscheit \"Weihnachtszauber\" 16 x 11 x 10 cm pro 25","og_description":"Schachtel \"Weihnachtszauber\" in 16 x 11 x 10 cm - Festliches Design, stabiler Karton, 25er-Set, um Ihre festlichen Desserts zu verfeinern.","og_url":"https:\/\/www.csj-emballages.com\/de\/produit\/box-holzscheit-weihnachtszauber-16-x-11-x-10-cm-pro-25\/","og_site_name":"CSJ Emballages","article_publisher":"https:\/\/www.facebook.com\/csjemballages","article_modified_time":"2026-03-12T15:11:25+00:00","og_image":[{"width":800,"height":800,"url":"https:\/\/www.csj-emballages.com\/wp-content\/uploads\/2025\/09\/Boite-buche-Magie-de-Noel.webp","type":"image\/webp"}],"twitter_card":"summary_large_image","twitter_misc":{"Gesch\u00e4tzte Lesezeit":"2 Minuten"},"schema":{"@context":"https:\/\/schema.org","@graph":[{"@type":"WebPage","@id":"https:\/\/www.csj-emballages.com\/de\/produit\/box-holzscheit-weihnachtszauber-16-x-11-x-10-cm-pro-25\/","url":"https:\/\/www.csj-emballages.com\/de\/produit\/box-holzscheit-weihnachtszauber-16-x-11-x-10-cm-pro-25\/","name":"Box Holzscheit \"Weihnachtszauber\" 16 x 11 x 10 cm pro 25","isPartOf":{"@id":"https:\/\/www.csj-emballages.com\/de\/#website"},"primaryImageOfPage":{"@id":"https:\/\/www.csj-emballages.com\/de\/produit\/box-holzscheit-weihnachtszauber-16-x-11-x-10-cm-pro-25\/#primaryimage"},"image":{"@id":"https:\/\/www.csj-emballages.com\/de\/produit\/box-holzscheit-weihnachtszauber-16-x-11-x-10-cm-pro-25\/#primaryimage"},"thumbnailUrl":"https:\/\/www.csj-emballages.com\/wp-content\/uploads\/2025\/09\/Boite-buche-Magie-de-Noel.webp","datePublished":"2025-09-11T12:57:49+00:00","dateModified":"2026-03-12T15:11:25+00:00","description":"Schachtel \"Weihnachtszauber\" in 16 x 11 x 10 cm - Festliches Design, stabiler Karton, 25er-Set, um Ihre festlichen Desserts zu verfeinern.","breadcrumb":{"@id":"https:\/\/www.csj-emballages.com\/de\/produit\/box-holzscheit-weihnachtszauber-16-x-11-x-10-cm-pro-25\/#breadcrumb"},"inLanguage":"de","potentialAction":[{"@type":"ReadAction","target":["https:\/\/www.csj-emballages.com\/de\/produit\/box-holzscheit-weihnachtszauber-16-x-11-x-10-cm-pro-25\/"]}]},{"@type":"ImageObject","inLanguage":"de","@id":"https:\/\/www.csj-emballages.com\/de\/produit\/box-holzscheit-weihnachtszauber-16-x-11-x-10-cm-pro-25\/#primaryimage","url":"https:\/\/www.csj-emballages.com\/wp-content\/uploads\/2025\/09\/Boite-buche-Magie-de-Noel.webp","contentUrl":"https:\/\/www.csj-emballages.com\/wp-content\/uploads\/2025\/09\/Boite-buche-Magie-de-Noel.webp","width":800,"height":800,"caption":"Boite b\u00fbche"},{"@type":"BreadcrumbList","@id":"https:\/\/www.csj-emballages.com\/de\/produit\/box-holzscheit-weihnachtszauber-16-x-11-x-10-cm-pro-25\/#breadcrumb","itemListElement":[{"@type":"ListItem","position":1,"name":"Accueil","item":"https:\/\/www.csj-emballages.com\/de\/universum-lebensmittelverpackungen\/"},{"@type":"ListItem","position":2,"name":"Shop","item":"https:\/\/www.csj-emballages.com\/shop\/"},{"@type":"ListItem","position":3,"name":"Box Holzscheit \u00ab\u00a0Weihnachtszauber\u00a0\u00bb 16 x 11 x 10 cm pro 25"}]},{"@type":"WebSite","@id":"https:\/\/www.csj-emballages.com\/de\/#website","url":"https:\/\/www.csj-emballages.com\/de\/","name":"CSJ Emballages","description":"","publisher":{"@id":"https:\/\/www.csj-emballages.com\/de\/#organization"},"potentialAction":[{"@type":"SearchAction","target":{"@type":"EntryPoint","urlTemplate":"https:\/\/www.csj-emballages.com\/de\/?s={search_term_string}"},"query-input":{"@type":"PropertyValueSpecification","valueRequired":true,"valueName":"search_term_string"}}],"inLanguage":"de"},{"@type":"Organization","@id":"https:\/\/www.csj-emballages.com\/de\/#Organization\/","name":"CSJ Emballages","url":"https:\/\/www.csj-emballages.com\/de\/","logo":{"@type":"ImageObject","inLanguage":"de","@id":"https:\/\/www.csj-emballages.com\/de\/#\/schema\/logo\/image\/","url":"https:\/\/www.csj-emballages.com\/wp-content\/uploads\/2023\/10\/logo_csj.webp","contentUrl":"https:\/\/www.csj-emballages.com\/wp-content\/uploads\/2023\/10\/logo_csj.webp","width":250,"height":95,"caption":"CSJ Emballages"},"image":{"@id":"https:\/\/www.csj-emballages.com\/de\/#\/schema\/logo\/image\/"},"sameAs":["https:\/\/www.facebook.com\/csjemballages"],"address":{"@type":"PostalAddress","streetAddress":"ZI La Lechere","addressLocality":"Patornay","postalCode":"39130","addressCountry":"FR"},"contactPoint":[{"@type":"ContactPoint","contactType":"Service client","telephone":"0384254272","email":"contact@csj-emballages.com"}]}]}},"df_price":8.24,"df_sale_price":8.24,"df_regular_price":8.68,"df_image_link":"https:\/\/www.csj-emballages.com\/wp-content\/uploads\/2025\/09\/Boite-buche-Magie-de-Noel-300x300.webp","tiered_pricing_type":"fixed","tiered_pricing_fixed_rules":[],"tiered_pricing_percentage_rules":[],"tiered_pricing_minimum":1,"tiered_pricing_roles_data":[],"_links":{"self":[{"href":"https:\/\/www.csj-emballages.com\/de\/wp-json\/wp\/v2\/product\/243120","targetHints":{"allow":["GET"]}}],"collection":[{"href":"https:\/\/www.csj-emballages.com\/de\/wp-json\/wp\/v2\/product"}],"about":[{"href":"https:\/\/www.csj-emballages.com\/de\/wp-json\/wp\/v2\/types\/product"}],"wp:featuredmedia":[{"embeddable":true,"href":"https:\/\/www.csj-emballages.com\/de\/wp-json\/wp\/v2\/media\/243143"}],"wp:attachment":[{"href":"https:\/\/www.csj-emballages.com\/de\/wp-json\/wp\/v2\/media?parent=243120"}],"wp:term":[{"taxonomy":"product_brand","embeddable":true,"href":"https:\/\/www.csj-emballages.com\/de\/wp-json\/wp\/v2\/product_brand?post=243120"},{"taxonomy":"product_cat","embeddable":true,"href":"https:\/\/www.csj-emballages.com\/de\/wp-json\/wp\/v2\/product_cat?post=243120"},{"taxonomy":"product_tag","embeddable":true,"href":"https:\/\/www.csj-emballages.com\/de\/wp-json\/wp\/v2\/product_tag?post=243120"}],"curies":[{"name":"wp","href":"https:\/\/api.w.org\/{rel}","templated":true}]}}