{"id":242694,"date":"2025-09-05T13:57:57","date_gmt":"2025-09-05T11:57:57","guid":{"rendered":"https:\/\/www.csj-emballages.com\/produit\/deckel-strohkreuz-fuer-topf-gob-fast-950-pro-500\/"},"modified":"2026-04-17T02:12:44","modified_gmt":"2026-04-17T00:12:44","slug":"deckel-strohkreuz-fuer-topf-gob-fast-950-pro-500","status":"publish","type":"product","link":"https:\/\/www.csj-emballages.com\/de\/produit\/deckel-strohkreuz-fuer-topf-gob-fast-950-pro-500\/","title":{"rendered":"Deckel Strohkreuz f\u00fcr Topf GOB FAST 950 pro 500"},"content":{"rendered":"<h2 class=\"p1\">Deckel Strohkreuz<\/h2>\n<hr>\n<h3>Beschreibung von unserem Strohkreuzdeckel f\u00fcr Topf GOB FAST 950 pro 500<\/h3>\n<p><!--more--><\/p>\n<p data-start=\"166\" data-end=\"548\">Praktisch, robust und f\u00fcr Profis gedacht: Der <strong data-start=\"221\" data-end=\"277\">Strohhalm-Kreuzdeckel f\u00fcr GOB FAST 950-Becher<\/strong> ist ein unverzichtbarer Verb\u00fcndeter f\u00fcr Ihre Getr\u00e4nke zum Mitnehmen. Dieser <strong>Deckel<\/strong> wurde speziell f\u00fcr <strong>Becher mit gro\u00dfem Fassungsverm\u00f6gen (<span style=\"color: #d12727;\"><a style=\"color: #d12727;\" href=\"https:\/\/www.csj-emballages.com\/de\/produit\/transparenter-topf-950-ml-1000-ml-pet\/\">GOBFAST950<\/a><\/span>)<\/strong> entwickelt und bietet Ihnen einen zuverl\u00e4ssigen und hygienischen Verschluss, w\u00e4hrend er dank seiner kreuzf\u00f6rmigen \u00d6ffnung einen <strong data-start=\"490\" data-end=\"500\">Strohhalm<\/strong> durchl\u00e4sst. Denn dieses ausgekl\u00fcgelte System verhindert Spritzer beim Transport und bietet Ihren Kunden gleichzeitig einen optimalen Benutzerkomfort. Schluss mit hochgehobenen Deckeln oder \u00fcberlaufenden Getr\u00e4nken: Mit diesem Modell bleiben Ihre Zubereitungen gut gesch\u00fctzt und sind unter allen Umst\u00e4nden leicht zu konsumieren.   <\/p>\n<p data-start=\"864\" data-end=\"1240\">Egal, ob Sie <strong data-start=\"887\" data-end=\"896\">Limonaden<\/strong>, <strong data-start=\"902\" data-end=\"915\">Smoothies<\/strong>, <strong data-start=\"921\" data-end=\"935\">Milchshakes<\/strong> oder frische Fruchts\u00e4fte anbieten, dieser Deckel passt sich all Ihren Rezepten an. Sein robustes Design sorgt daf\u00fcr, dass er auch bei dickfl\u00fcssigen oder eisgek\u00fchlten Getr\u00e4nken sicher h\u00e4lt. Au\u00dferdem hebt seine transparente Farbe den Inhalt des Bechers hervor &#8211; ein nicht zu untersch\u00e4tzender \u00e4sthetischer Vorteil, um Ihre Kunden zu begeistern.  <\/p>\n<p data-start=\"1242\" data-end=\"1539\">Dank der Verpackung zu <strong data-start=\"1258\" data-end=\"1272\">500 St\u00fcck<\/strong> ist dieses Set perfekt auf die Bed\u00fcrfnisse von Restaurants, Fast-Food-Restaurants, Saftbars, Food-Trucks oder auch Veranstaltungen mit hohem Besucheraufkommen abgestimmt.<\/p>\n<p data-start=\"1541\" data-end=\"1742\">Alles in allem vereint der <strong data-start=\"1554\" data-end=\"1591\">Strohhalm-Kreuzdeckel f\u00fcr Becher &#8222;GOB FAST 950&#8220;<\/strong> Praktikabilit\u00e4t, Hygiene und \u00c4sthetik. Er ist die ideale L\u00f6sung, um Ihren Kunden ein angenehmes und stressfreies Trinkerlebnis zu bieten. <\/p>\n<p><!--more--><\/p>\n<h4><strong>Vorteile :<\/strong><\/h4>\n<ul>\n<li>Sicherer Verschluss mit <strong data-start=\"1818\" data-end=\"1832\">Kreuz\u00f6ffnung<\/strong> f\u00fcr Stroh.<\/li>\n<li>Ideal f\u00fcr Smoothies, Milchshakes&#8230;<\/li>\n<li>Dank seiner Transparenz wertet er den Inhalt des Bechers auf.<\/li>\n<li>Praktische <strong data-start=\"2002\" data-end=\"2016\">500-St\u00fcck-Verpackung<\/strong> f\u00fcr den professionellen Einsatz.<\/li>\n<li>Kompatibel mit den Bechern <span style=\"color: #d12727;\"><a style=\"color: #d12727;\" href=\"https:\/\/www.csj-emballages.com\/de\/produit\/transparenter-topf-950-ml-1000-ml-pet\/\">GOBFAST950<\/a><\/span>.<\/li>\n<\/ul>\n<p>&nbsp;<\/p>\n<p><!--more--><\/p>\n<h4>Weitere Informationen :<\/h4>\n<ul>\n<li><strong>Verpackung<\/strong>: Karton mit 500 St\u00fcck<\/li>\n<li><strong>Durchmesser<\/strong>: 105 mm<\/li>\n<li><strong>Material<\/strong>: PET (Polyethylen)<\/li>\n<li><strong>Farbe<\/strong>: Transparent<\/li>\n<\/ul>\n<p>&nbsp;<\/p>\n<p><!--more--><\/p>\n<p>Hier finden Sie unseren transparenten Topf, der mit diesem Deckel kompatibel ist: <span style=\"color: #d12727;\"><a style=\"color: #d12727;\" href=\"https:\/\/www.csj-emballages.com\/de\/produit\/transparenter-topf-950-ml-1000-ml-pet\/\">GOBFAST950<\/a><\/span><\/p>\n<p>&nbsp;<\/p>\n<p><!--more--><\/p>\n<p><a href=\"https:\/\/www.csj-emballages.com\/de\/categorie-produit\/lebensmittelverpackungen\/restauration-de\/becher-glaser-eimer-flaschen\/becher-fur-kalte-getranke\/smoothie-becher\/\">Sehen Sie sich den Rest unseres Sortiments an Smoothie-Bechern an<\/a><\/p>\n","protected":false},"excerpt":{"rendered":"<p>Deckel Strohkreuz Beschreibung von unserem Strohkreuzdeckel f\u00fcr Topf GOB FAST 950 pro 500<\/p>\n","protected":false},"featured_media":242678,"template":"","meta":{"_acf_changed":false},"product_brand":[],"product_cat":[1137,1134,1469,1793,2541,9399],"product_tag":[],"class_list":{"0":"post-242694","1":"product","2":"type-product","3":"status-publish","4":"has-post-thumbnail","6":"product_cat-lebensmittelverpackungen","7":"product_cat-restauration-de","8":"product_cat-becher-glaser-eimer-flaschen","9":"product_cat-becher-fur-kalte-getranke","10":"product_cat-smoothie-becher","11":"product_cat-smoothie-glaser-durchmesser-105-mm","13":"first","14":"outofstock","15":"taxable","16":"shipping-taxable","17":"purchasable","18":"product-type-simple"},"acf":[],"yoast_head":"<!-- This site is optimized with the Yoast SEO Premium plugin v26.6 (Yoast SEO v26.6) - https:\/\/yoast.com\/wordpress\/plugins\/seo\/ -->\n<title>Deckel Strohkreuz f\u00fcr Topf GOB FAST 950 pro 500<\/title>\n<meta name=\"description\" content=\"Transparenter Strohkreuzdeckel f\u00fcr GOB FAST 950 Kr\u00fcge. Praktisch, hygienisch und verkauft zu 500 St\u00fcck. Ideal f\u00fcr kalte Getr\u00e4nke zum Mitnehmen.\" \/>\n<meta name=\"robots\" content=\"index, follow, max-snippet:-1, max-image-preview:large, max-video-preview:-1\" \/>\n<link rel=\"canonical\" href=\"https:\/\/www.csj-emballages.com\/de\/produit\/deckel-strohkreuz-fuer-topf-gob-fast-950-pro-500\/\" \/>\n<meta property=\"og:locale\" content=\"de_DE\" \/>\n<meta property=\"og:type\" content=\"article\" \/>\n<meta property=\"og:title\" content=\"Deckel Strohkreuz f\u00fcr Topf GOB FAST 950 pro 500\" \/>\n<meta property=\"og:description\" content=\"Transparenter Strohkreuzdeckel f\u00fcr GOB FAST 950 Kr\u00fcge. Praktisch, hygienisch und verkauft zu 500 St\u00fcck. Ideal f\u00fcr kalte Getr\u00e4nke zum Mitnehmen.\" \/>\n<meta property=\"og:url\" content=\"https:\/\/www.csj-emballages.com\/de\/produit\/deckel-strohkreuz-fuer-topf-gob-fast-950-pro-500\/\" \/>\n<meta property=\"og:site_name\" content=\"CSJ Emballages\" \/>\n<meta property=\"article:publisher\" content=\"https:\/\/www.facebook.com\/csjemballages\" \/>\n<meta property=\"article:modified_time\" content=\"2026-04-17T00:12:44+00:00\" \/>\n<meta property=\"og:image\" content=\"https:\/\/www.csj-emballages.com\/wp-content\/uploads\/2025\/09\/COUVX960.webp\" \/>\n\t<meta property=\"og:image:width\" content=\"800\" \/>\n\t<meta property=\"og:image:height\" content=\"800\" \/>\n\t<meta property=\"og:image:type\" content=\"image\/webp\" \/>\n<meta name=\"twitter:card\" content=\"summary_large_image\" \/>\n<meta name=\"twitter:label1\" content=\"Gesch\u00e4tzte Lesezeit\" \/>\n\t<meta name=\"twitter:data1\" content=\"2 Minuten\" \/>\n<script type=\"application\/ld+json\" class=\"yoast-schema-graph\">{\"@context\":\"https:\/\/schema.org\",\"@graph\":[{\"@type\":\"WebPage\",\"@id\":\"https:\/\/www.csj-emballages.com\/de\/produit\/deckel-strohkreuz-fuer-topf-gob-fast-950-pro-500\/\",\"url\":\"https:\/\/www.csj-emballages.com\/de\/produit\/deckel-strohkreuz-fuer-topf-gob-fast-950-pro-500\/\",\"name\":\"Deckel Strohkreuz f\u00fcr Topf GOB FAST 950 pro 500\",\"isPartOf\":{\"@id\":\"https:\/\/www.csj-emballages.com\/de\/#website\"},\"primaryImageOfPage\":{\"@id\":\"https:\/\/www.csj-emballages.com\/de\/produit\/deckel-strohkreuz-fuer-topf-gob-fast-950-pro-500\/#primaryimage\"},\"image\":{\"@id\":\"https:\/\/www.csj-emballages.com\/de\/produit\/deckel-strohkreuz-fuer-topf-gob-fast-950-pro-500\/#primaryimage\"},\"thumbnailUrl\":\"https:\/\/www.csj-emballages.com\/wp-content\/uploads\/2025\/09\/COUVX960.webp\",\"datePublished\":\"2025-09-05T11:57:57+00:00\",\"dateModified\":\"2026-04-17T00:12:44+00:00\",\"description\":\"Transparenter Strohkreuzdeckel f\u00fcr GOB FAST 950 Kr\u00fcge. Praktisch, hygienisch und verkauft zu 500 St\u00fcck. Ideal f\u00fcr kalte Getr\u00e4nke zum Mitnehmen.\",\"breadcrumb\":{\"@id\":\"https:\/\/www.csj-emballages.com\/de\/produit\/deckel-strohkreuz-fuer-topf-gob-fast-950-pro-500\/#breadcrumb\"},\"inLanguage\":\"de\",\"potentialAction\":[{\"@type\":\"ReadAction\",\"target\":[\"https:\/\/www.csj-emballages.com\/de\/produit\/deckel-strohkreuz-fuer-topf-gob-fast-950-pro-500\/\"]}]},{\"@type\":\"ImageObject\",\"inLanguage\":\"de\",\"@id\":\"https:\/\/www.csj-emballages.com\/de\/produit\/deckel-strohkreuz-fuer-topf-gob-fast-950-pro-500\/#primaryimage\",\"url\":\"https:\/\/www.csj-emballages.com\/wp-content\/uploads\/2025\/09\/COUVX960.webp\",\"contentUrl\":\"https:\/\/www.csj-emballages.com\/wp-content\/uploads\/2025\/09\/COUVX960.webp\",\"width\":800,\"height\":800,\"caption\":\"Couvercle pour pot GOB FAST\"},{\"@type\":\"BreadcrumbList\",\"@id\":\"https:\/\/www.csj-emballages.com\/de\/produit\/deckel-strohkreuz-fuer-topf-gob-fast-950-pro-500\/#breadcrumb\",\"itemListElement\":[{\"@type\":\"ListItem\",\"position\":1,\"name\":\"Accueil\",\"item\":\"https:\/\/www.csj-emballages.com\/de\/universum-lebensmittelverpackungen\/\"},{\"@type\":\"ListItem\",\"position\":2,\"name\":\"Shop\",\"item\":\"https:\/\/www.csj-emballages.com\/shop\/\"},{\"@type\":\"ListItem\",\"position\":3,\"name\":\"Deckel Strohkreuz f\u00fcr Topf GOB FAST 950 pro 500\"}]},{\"@type\":\"WebSite\",\"@id\":\"https:\/\/www.csj-emballages.com\/de\/#website\",\"url\":\"https:\/\/www.csj-emballages.com\/de\/\",\"name\":\"CSJ Emballages\",\"description\":\"\",\"publisher\":{\"@id\":\"https:\/\/www.csj-emballages.com\/de\/#organization\"},\"potentialAction\":[{\"@type\":\"SearchAction\",\"target\":{\"@type\":\"EntryPoint\",\"urlTemplate\":\"https:\/\/www.csj-emballages.com\/de\/?s={search_term_string}\"},\"query-input\":{\"@type\":\"PropertyValueSpecification\",\"valueRequired\":true,\"valueName\":\"search_term_string\"}}],\"inLanguage\":\"de\"},{\"@type\":\"Organization\",\"@id\":\"https:\/\/www.csj-emballages.com\/de\/#Organization\/\",\"name\":\"CSJ Emballages\",\"url\":\"https:\/\/www.csj-emballages.com\/de\/\",\"logo\":{\"@type\":\"ImageObject\",\"inLanguage\":\"de\",\"@id\":\"https:\/\/www.csj-emballages.com\/de\/#\/schema\/logo\/image\/\",\"url\":\"https:\/\/www.csj-emballages.com\/wp-content\/uploads\/2023\/10\/logo_csj.webp\",\"contentUrl\":\"https:\/\/www.csj-emballages.com\/wp-content\/uploads\/2023\/10\/logo_csj.webp\",\"width\":250,\"height\":95,\"caption\":\"CSJ Emballages\"},\"image\":{\"@id\":\"https:\/\/www.csj-emballages.com\/de\/#\/schema\/logo\/image\/\"},\"sameAs\":[\"https:\/\/www.facebook.com\/csjemballages\"],\"address\":{\"@type\":\"PostalAddress\",\"streetAddress\":\"ZI La Lechere\",\"addressLocality\":\"Patornay\",\"postalCode\":\"39130\",\"addressCountry\":\"FR\"},\"contactPoint\":[{\"@type\":\"ContactPoint\",\"contactType\":\"Service client\",\"telephone\":\"0384254272\",\"email\":\"contact@csj-emballages.com\"}]}]}<\/script>\n<!-- \/ Yoast SEO Premium plugin. -->","yoast_head_json":{"title":"Deckel Strohkreuz f\u00fcr Topf GOB FAST 950 pro 500","description":"Transparenter Strohkreuzdeckel f\u00fcr GOB FAST 950 Kr\u00fcge. Praktisch, hygienisch und verkauft zu 500 St\u00fcck. Ideal f\u00fcr kalte Getr\u00e4nke zum Mitnehmen.","robots":{"index":"index","follow":"follow","max-snippet":"max-snippet:-1","max-image-preview":"max-image-preview:large","max-video-preview":"max-video-preview:-1"},"canonical":"https:\/\/www.csj-emballages.com\/de\/produit\/deckel-strohkreuz-fuer-topf-gob-fast-950-pro-500\/","og_locale":"de_DE","og_type":"article","og_title":"Deckel Strohkreuz f\u00fcr Topf GOB FAST 950 pro 500","og_description":"Transparenter Strohkreuzdeckel f\u00fcr GOB FAST 950 Kr\u00fcge. Praktisch, hygienisch und verkauft zu 500 St\u00fcck. Ideal f\u00fcr kalte Getr\u00e4nke zum Mitnehmen.","og_url":"https:\/\/www.csj-emballages.com\/de\/produit\/deckel-strohkreuz-fuer-topf-gob-fast-950-pro-500\/","og_site_name":"CSJ Emballages","article_publisher":"https:\/\/www.facebook.com\/csjemballages","article_modified_time":"2026-04-17T00:12:44+00:00","og_image":[{"width":800,"height":800,"url":"https:\/\/www.csj-emballages.com\/wp-content\/uploads\/2025\/09\/COUVX960.webp","type":"image\/webp"}],"twitter_card":"summary_large_image","twitter_misc":{"Gesch\u00e4tzte Lesezeit":"2 Minuten"},"schema":{"@context":"https:\/\/schema.org","@graph":[{"@type":"WebPage","@id":"https:\/\/www.csj-emballages.com\/de\/produit\/deckel-strohkreuz-fuer-topf-gob-fast-950-pro-500\/","url":"https:\/\/www.csj-emballages.com\/de\/produit\/deckel-strohkreuz-fuer-topf-gob-fast-950-pro-500\/","name":"Deckel Strohkreuz f\u00fcr Topf GOB FAST 950 pro 500","isPartOf":{"@id":"https:\/\/www.csj-emballages.com\/de\/#website"},"primaryImageOfPage":{"@id":"https:\/\/www.csj-emballages.com\/de\/produit\/deckel-strohkreuz-fuer-topf-gob-fast-950-pro-500\/#primaryimage"},"image":{"@id":"https:\/\/www.csj-emballages.com\/de\/produit\/deckel-strohkreuz-fuer-topf-gob-fast-950-pro-500\/#primaryimage"},"thumbnailUrl":"https:\/\/www.csj-emballages.com\/wp-content\/uploads\/2025\/09\/COUVX960.webp","datePublished":"2025-09-05T11:57:57+00:00","dateModified":"2026-04-17T00:12:44+00:00","description":"Transparenter Strohkreuzdeckel f\u00fcr GOB FAST 950 Kr\u00fcge. Praktisch, hygienisch und verkauft zu 500 St\u00fcck. Ideal f\u00fcr kalte Getr\u00e4nke zum Mitnehmen.","breadcrumb":{"@id":"https:\/\/www.csj-emballages.com\/de\/produit\/deckel-strohkreuz-fuer-topf-gob-fast-950-pro-500\/#breadcrumb"},"inLanguage":"de","potentialAction":[{"@type":"ReadAction","target":["https:\/\/www.csj-emballages.com\/de\/produit\/deckel-strohkreuz-fuer-topf-gob-fast-950-pro-500\/"]}]},{"@type":"ImageObject","inLanguage":"de","@id":"https:\/\/www.csj-emballages.com\/de\/produit\/deckel-strohkreuz-fuer-topf-gob-fast-950-pro-500\/#primaryimage","url":"https:\/\/www.csj-emballages.com\/wp-content\/uploads\/2025\/09\/COUVX960.webp","contentUrl":"https:\/\/www.csj-emballages.com\/wp-content\/uploads\/2025\/09\/COUVX960.webp","width":800,"height":800,"caption":"Couvercle pour pot GOB FAST"},{"@type":"BreadcrumbList","@id":"https:\/\/www.csj-emballages.com\/de\/produit\/deckel-strohkreuz-fuer-topf-gob-fast-950-pro-500\/#breadcrumb","itemListElement":[{"@type":"ListItem","position":1,"name":"Accueil","item":"https:\/\/www.csj-emballages.com\/de\/universum-lebensmittelverpackungen\/"},{"@type":"ListItem","position":2,"name":"Shop","item":"https:\/\/www.csj-emballages.com\/shop\/"},{"@type":"ListItem","position":3,"name":"Deckel Strohkreuz f\u00fcr Topf GOB FAST 950 pro 500"}]},{"@type":"WebSite","@id":"https:\/\/www.csj-emballages.com\/de\/#website","url":"https:\/\/www.csj-emballages.com\/de\/","name":"CSJ Emballages","description":"","publisher":{"@id":"https:\/\/www.csj-emballages.com\/de\/#organization"},"potentialAction":[{"@type":"SearchAction","target":{"@type":"EntryPoint","urlTemplate":"https:\/\/www.csj-emballages.com\/de\/?s={search_term_string}"},"query-input":{"@type":"PropertyValueSpecification","valueRequired":true,"valueName":"search_term_string"}}],"inLanguage":"de"},{"@type":"Organization","@id":"https:\/\/www.csj-emballages.com\/de\/#Organization\/","name":"CSJ Emballages","url":"https:\/\/www.csj-emballages.com\/de\/","logo":{"@type":"ImageObject","inLanguage":"de","@id":"https:\/\/www.csj-emballages.com\/de\/#\/schema\/logo\/image\/","url":"https:\/\/www.csj-emballages.com\/wp-content\/uploads\/2023\/10\/logo_csj.webp","contentUrl":"https:\/\/www.csj-emballages.com\/wp-content\/uploads\/2023\/10\/logo_csj.webp","width":250,"height":95,"caption":"CSJ Emballages"},"image":{"@id":"https:\/\/www.csj-emballages.com\/de\/#\/schema\/logo\/image\/"},"sameAs":["https:\/\/www.facebook.com\/csjemballages"],"address":{"@type":"PostalAddress","streetAddress":"ZI La Lechere","addressLocality":"Patornay","postalCode":"39130","addressCountry":"FR"},"contactPoint":[{"@type":"ContactPoint","contactType":"Service client","telephone":"0384254272","email":"contact@csj-emballages.com"}]}]}},"df_price":80.29,"df_sale_price":"","df_regular_price":80.29,"df_image_link":"https:\/\/www.csj-emballages.com\/wp-content\/uploads\/2025\/09\/COUVX960-300x300.webp","tiered_pricing_type":"fixed","tiered_pricing_fixed_rules":[],"tiered_pricing_percentage_rules":[],"tiered_pricing_minimum":1,"tiered_pricing_roles_data":[],"_links":{"self":[{"href":"https:\/\/www.csj-emballages.com\/de\/wp-json\/wp\/v2\/product\/242694","targetHints":{"allow":["GET"]}}],"collection":[{"href":"https:\/\/www.csj-emballages.com\/de\/wp-json\/wp\/v2\/product"}],"about":[{"href":"https:\/\/www.csj-emballages.com\/de\/wp-json\/wp\/v2\/types\/product"}],"wp:featuredmedia":[{"embeddable":true,"href":"https:\/\/www.csj-emballages.com\/de\/wp-json\/wp\/v2\/media\/242678"}],"wp:attachment":[{"href":"https:\/\/www.csj-emballages.com\/de\/wp-json\/wp\/v2\/media?parent=242694"}],"wp:term":[{"taxonomy":"product_brand","embeddable":true,"href":"https:\/\/www.csj-emballages.com\/de\/wp-json\/wp\/v2\/product_brand?post=242694"},{"taxonomy":"product_cat","embeddable":true,"href":"https:\/\/www.csj-emballages.com\/de\/wp-json\/wp\/v2\/product_cat?post=242694"},{"taxonomy":"product_tag","embeddable":true,"href":"https:\/\/www.csj-emballages.com\/de\/wp-json\/wp\/v2\/product_tag?post=242694"}],"curies":[{"name":"wp","href":"https:\/\/api.w.org\/{rel}","templated":true}]}}