{"id":242659,"date":"2025-09-05T13:56:56","date_gmt":"2025-09-05T11:56:56","guid":{"rendered":"https:\/\/www.csj-emballages.com\/produit\/transparenter-topf-950-ml-1000-ml-pet\/"},"modified":"2026-04-17T02:13:50","modified_gmt":"2026-04-17T00:13:50","slug":"transparenter-topf-950-ml-1000-ml-pet","status":"publish","type":"product","link":"https:\/\/www.csj-emballages.com\/de\/produit\/transparenter-topf-950-ml-1000-ml-pet\/","title":{"rendered":"Kunststoffbecher 105 mm PET 950 ml \/ 1000 ml, VE 300 St\u00fcck"},"content":{"rendered":"<h2>Kunststofftopf<\/h2>\n<hr>\n<h3>Beschreibung unseres Plastikbechers 105 mm PET 950 ml \/ 1000 ml, 300 St\u00fcck<\/h3>\n<p><!--more--><\/p>\n<p data-start=\"176\" data-end=\"765\">Praktisch, vielseitig und \u00e4sthetisch \u2013 der <strong data-start=\"215\" data-end=\"255\">Plastikbecher 950 ml \/ 1000 ml PET<\/strong> ist die ideale Verpackung f\u00fcr alle Profis aus Gastronomie, Take-away oder Feinkosthandel. Dank seiner <strong data-start=\"391\" data-end=\"419\">kristallklaren Transparenz<\/strong> setzt er Ihre Zubereitungen, ob Smoothies, Milchshakes oder geschnittenes Obst, sofort in Szene. Sein gro\u00dfz\u00fcgiges Format erm\u00f6glicht das Verpacken \u00fcppiger Portionen und bleibt dabei kompakt und leicht zu transportieren. Gefertigt aus <strong data-start=\"779\" data-end=\"809\">lebensmittelechtem PET<\/strong>, vereint dieser <strong>Becher<\/strong> <strong data-start=\"824\" data-end=\"850\">Leichtigkeit und Robustheit<\/strong>. Er h\u00e4lt der t\u00e4glichen Handhabung perfekt stand, ohne sich zu verformen oder zu rei\u00dfen, was ihn zur zuverl\u00e4ssigen Wahl f\u00fcr den intensiven Gebrauch macht. Zudem bietet seine <strong>glatte und gl\u00e4nzende<\/strong> Oberfl\u00e4che eine hochwertige Optik, die Ihre Kunden auf den ersten Blick \u00fcberzeugen wird.     <\/p>\n<p data-start=\"767\" data-end=\"1115\">Ebenso wird dieser <strong>Plastikbecher 950 ml \/ 1000 ml PET<\/strong> im <strong>Karton zu 300 St\u00fcck<\/strong> verkauft.<\/p>\n<p data-start=\"767\" data-end=\"1115\">Dar\u00fcber hinaus ist dieser <strong>Plastikbecher 105 mm<\/strong> mit dem <strong>separat erh\u00e4ltlichen Kreuzschlitzdeckel f\u00fcr Trinkhalme<\/strong> (<strong>COUVX960<\/strong>) kompatibel, was einen dichten Verschluss und eine bessere Haltbarkeit der Lebensmittel gew\u00e4hrleistet. Ob f\u00fcr die Vitrine, den Selbstbedienungsbereich oder die Lieferung \u2013 er garantiert sowohl <strong data-start=\"1403\" data-end=\"1429\">Frische als auch Praktikabilit\u00e4t<\/strong>. <\/p>\n<p data-start=\"1434\" data-end=\"1661\">Da der <strong>Topf<\/strong> aus <strong data-start=\"1466\" data-end=\"1488\">recycelbarem Material<\/strong> besteht, ist er umweltfreundlich und entspricht den heutigen Erwartungen der Verbraucher an eine nachhaltigere Verpackung.<\/p>\n<p data-start=\"1663\" data-end=\"1796\">Wenn Sie sich f\u00fcr diesen <strong data-start=\"1681\" data-end=\"1704\">durchsichtigen PET-Beh\u00e4lter<\/strong> entscheiden, w\u00e4hlen Sie also eine Verpackung, die <strong data-start=\"1752\" data-end=\"1793\">Qualit\u00e4t, \u00c4sthetik und Funktionalit\u00e4t<\/strong> miteinander verbindet.<\/p>\n<p data-start=\"1663\" data-end=\"1796\"><strong><span style=\"color: #ff0000;\">*Topf nur f\u00fcr den kalten Gebrauch geeignet<\/span><\/strong><\/p>\n<p><!--more--><\/p>\n<h4><strong>Vorteile :<\/strong><\/h4>\n<ul>\n<li>Dank seines <strong>gro\u00dfen Fassungsverm\u00f6gens<\/strong> ist er ideal f\u00fcr gro\u00dfe Smoothies oder Milchshakes.<\/li>\n<li>Strapazierf\u00e4higes und leichtes <strong>PET-Material<\/strong>.<\/li>\n<li>Perfekte Transparenz, um Ihre Zubereitungen aufzuwerten.<\/li>\n<li>Stapelbar und leicht zu lagern.<\/li>\n<\/ul>\n<p>&nbsp;<\/p>\n<p><!--more--><\/p>\n<h4>Weitere Informationen :<\/h4>\n<ul>\n<li><strong>Verpackung<\/strong>: Karton mit 300 St\u00fcck<\/li>\n<li><strong>Volumen<\/strong>: 950 ml \/ 1000 ml<\/li>\n<li><strong>Durchmesser<\/strong>: 105 mm<\/li>\n<li><strong>Material<\/strong>: PET (Polyethylen)<\/li>\n<li><strong>Farbe<\/strong>: Transparent<\/li>\n<\/ul>\n<p>&nbsp;<\/p>\n<p><!--more--><\/p>\n<p>Finden Sie hier unseren Strohkreuzdeckel, der mit diesem Becher kompatibel ist : <span style=\"color: #d12727;\"><a style=\"color: #d12727;\" href=\"https:\/\/www.csj-emballages.com\/es\/produit\/tapa-de-paja-en-cruz-para-olla-gob-fast-950-500-unidades\/\">COUVX960<\/a><\/span><\/p>\n<p>&nbsp;<\/p>\n<p><!--more--><\/p>\n<p><a href=\"https:\/\/www.csj-emballages.com\/de\/categorie-produit\/lebensmittelverpackungen\/restauration-de\/becher-glaser-eimer-flaschen\/becher-fur-kalte-getranke\/smoothie-becher\/\">Sehen Sie sich den Rest unseres Sortiments an Smoothie-Bechern an<\/a><\/p>\n","protected":false},"excerpt":{"rendered":"<p>Kunststofftopf Beschreibung unseres Plastikbechers 105 mm PET 950 ml \/ 1000 ml, 300 St\u00fcck<\/p>\n","protected":false},"featured_media":242654,"template":"","meta":{"_acf_changed":false},"product_brand":[],"product_cat":[1137,1134,1469,1793,2541,9399],"product_tag":[],"class_list":{"0":"post-242659","1":"product","2":"type-product","3":"status-publish","4":"has-post-thumbnail","6":"product_cat-lebensmittelverpackungen","7":"product_cat-restauration-de","8":"product_cat-becher-glaser-eimer-flaschen","9":"product_cat-becher-fur-kalte-getranke","10":"product_cat-smoothie-becher","11":"product_cat-smoothie-glaser-durchmesser-105-mm","13":"first","14":"outofstock","15":"taxable","16":"shipping-taxable","17":"purchasable","18":"product-type-simple"},"acf":[],"yoast_head":"<!-- This site is optimized with the Yoast SEO Premium plugin v26.6 (Yoast SEO v26.6) - https:\/\/yoast.com\/wordpress\/plugins\/seo\/ -->\n<title>Plastikbecher 105 mm PET 950 ml \/ 1000 ml, 300 St\u00fcck<\/title>\n<meta name=\"description\" content=\"Plastikbecher 105 mm aus PET, 950 ml \/ 1000 ml: stabil, praktisch und widerstandsf\u00e4hig, ideal f\u00fcr Smoothies, Milchshakes oder Fruchtkompositionen.\" \/>\n<meta name=\"robots\" content=\"index, follow, max-snippet:-1, max-image-preview:large, max-video-preview:-1\" \/>\n<link rel=\"canonical\" href=\"https:\/\/www.csj-emballages.com\/de\/produit\/transparenter-topf-950-ml-1000-ml-pet\/\" \/>\n<meta property=\"og:locale\" content=\"de_DE\" \/>\n<meta property=\"og:type\" content=\"article\" \/>\n<meta property=\"og:title\" content=\"Kunststoffbecher 105 mm PET 950 ml \/ 1000 ml, VE 300 St\u00fcck\" \/>\n<meta property=\"og:description\" content=\"Plastikbecher 105 mm aus PET, 950 ml \/ 1000 ml: stabil, praktisch und widerstandsf\u00e4hig, ideal f\u00fcr Smoothies, Milchshakes oder Fruchtkompositionen.\" \/>\n<meta property=\"og:url\" content=\"https:\/\/www.csj-emballages.com\/de\/produit\/transparenter-topf-950-ml-1000-ml-pet\/\" \/>\n<meta property=\"og:site_name\" content=\"CSJ Emballages\" \/>\n<meta property=\"article:publisher\" content=\"https:\/\/www.facebook.com\/csjemballages\" \/>\n<meta property=\"article:modified_time\" content=\"2026-04-17T00:13:50+00:00\" \/>\n<meta property=\"og:image\" content=\"https:\/\/www.csj-emballages.com\/wp-content\/uploads\/2025\/09\/GOBFAST950.webp\" \/>\n\t<meta property=\"og:image:width\" content=\"800\" \/>\n\t<meta property=\"og:image:height\" content=\"800\" \/>\n\t<meta property=\"og:image:type\" content=\"image\/webp\" \/>\n<meta name=\"twitter:card\" content=\"summary_large_image\" \/>\n<meta name=\"twitter:label1\" content=\"Gesch\u00e4tzte Lesezeit\" \/>\n\t<meta name=\"twitter:data1\" content=\"2 Minuten\" \/>\n<script type=\"application\/ld+json\" class=\"yoast-schema-graph\">{\"@context\":\"https:\/\/schema.org\",\"@graph\":[{\"@type\":\"WebPage\",\"@id\":\"https:\/\/www.csj-emballages.com\/de\/produit\/transparenter-topf-950-ml-1000-ml-pet\/\",\"url\":\"https:\/\/www.csj-emballages.com\/de\/produit\/transparenter-topf-950-ml-1000-ml-pet\/\",\"name\":\"Plastikbecher 105 mm PET 950 ml \/ 1000 ml, 300 St\u00fcck\",\"isPartOf\":{\"@id\":\"https:\/\/www.csj-emballages.com\/de\/#website\"},\"primaryImageOfPage\":{\"@id\":\"https:\/\/www.csj-emballages.com\/de\/produit\/transparenter-topf-950-ml-1000-ml-pet\/#primaryimage\"},\"image\":{\"@id\":\"https:\/\/www.csj-emballages.com\/de\/produit\/transparenter-topf-950-ml-1000-ml-pet\/#primaryimage\"},\"thumbnailUrl\":\"https:\/\/www.csj-emballages.com\/wp-content\/uploads\/2025\/09\/GOBFAST950.webp\",\"datePublished\":\"2025-09-05T11:56:56+00:00\",\"dateModified\":\"2026-04-17T00:13:50+00:00\",\"description\":\"Plastikbecher 105 mm aus PET, 950 ml \/ 1000 ml: stabil, praktisch und widerstandsf\u00e4hig, ideal f\u00fcr Smoothies, Milchshakes oder Fruchtkompositionen.\",\"breadcrumb\":{\"@id\":\"https:\/\/www.csj-emballages.com\/de\/produit\/transparenter-topf-950-ml-1000-ml-pet\/#breadcrumb\"},\"inLanguage\":\"de\",\"potentialAction\":[{\"@type\":\"ReadAction\",\"target\":[\"https:\/\/www.csj-emballages.com\/de\/produit\/transparenter-topf-950-ml-1000-ml-pet\/\"]}]},{\"@type\":\"ImageObject\",\"inLanguage\":\"de\",\"@id\":\"https:\/\/www.csj-emballages.com\/de\/produit\/transparenter-topf-950-ml-1000-ml-pet\/#primaryimage\",\"url\":\"https:\/\/www.csj-emballages.com\/wp-content\/uploads\/2025\/09\/GOBFAST950.webp\",\"contentUrl\":\"https:\/\/www.csj-emballages.com\/wp-content\/uploads\/2025\/09\/GOBFAST950.webp\",\"width\":800,\"height\":800,\"caption\":\"Pot transparent 950 ml \/ 1000 ml PET\"},{\"@type\":\"BreadcrumbList\",\"@id\":\"https:\/\/www.csj-emballages.com\/de\/produit\/transparenter-topf-950-ml-1000-ml-pet\/#breadcrumb\",\"itemListElement\":[{\"@type\":\"ListItem\",\"position\":1,\"name\":\"Accueil\",\"item\":\"https:\/\/www.csj-emballages.com\/de\/universum-lebensmittelverpackungen\/\"},{\"@type\":\"ListItem\",\"position\":2,\"name\":\"Shop\",\"item\":\"https:\/\/www.csj-emballages.com\/shop\/\"},{\"@type\":\"ListItem\",\"position\":3,\"name\":\"Kunststoffbecher 105 mm PET 950 ml \/ 1000 ml, VE 300 St\u00fcck\"}]},{\"@type\":\"WebSite\",\"@id\":\"https:\/\/www.csj-emballages.com\/de\/#website\",\"url\":\"https:\/\/www.csj-emballages.com\/de\/\",\"name\":\"CSJ Emballages\",\"description\":\"\",\"publisher\":{\"@id\":\"https:\/\/www.csj-emballages.com\/de\/#organization\"},\"potentialAction\":[{\"@type\":\"SearchAction\",\"target\":{\"@type\":\"EntryPoint\",\"urlTemplate\":\"https:\/\/www.csj-emballages.com\/de\/?s={search_term_string}\"},\"query-input\":{\"@type\":\"PropertyValueSpecification\",\"valueRequired\":true,\"valueName\":\"search_term_string\"}}],\"inLanguage\":\"de\"},{\"@type\":\"Organization\",\"@id\":\"https:\/\/www.csj-emballages.com\/de\/#Organization\/\",\"name\":\"CSJ Emballages\",\"url\":\"https:\/\/www.csj-emballages.com\/de\/\",\"logo\":{\"@type\":\"ImageObject\",\"inLanguage\":\"de\",\"@id\":\"https:\/\/www.csj-emballages.com\/de\/#\/schema\/logo\/image\/\",\"url\":\"https:\/\/www.csj-emballages.com\/wp-content\/uploads\/2023\/10\/logo_csj.webp\",\"contentUrl\":\"https:\/\/www.csj-emballages.com\/wp-content\/uploads\/2023\/10\/logo_csj.webp\",\"width\":250,\"height\":95,\"caption\":\"CSJ Emballages\"},\"image\":{\"@id\":\"https:\/\/www.csj-emballages.com\/de\/#\/schema\/logo\/image\/\"},\"sameAs\":[\"https:\/\/www.facebook.com\/csjemballages\"],\"address\":{\"@type\":\"PostalAddress\",\"streetAddress\":\"ZI La Lechere\",\"addressLocality\":\"Patornay\",\"postalCode\":\"39130\",\"addressCountry\":\"FR\"},\"contactPoint\":[{\"@type\":\"ContactPoint\",\"contactType\":\"Service client\",\"telephone\":\"0384254272\",\"email\":\"contact@csj-emballages.com\"}]}]}<\/script>\n<!-- \/ Yoast SEO Premium plugin. -->","yoast_head_json":{"title":"Plastikbecher 105 mm PET 950 ml \/ 1000 ml, 300 St\u00fcck","description":"Plastikbecher 105 mm aus PET, 950 ml \/ 1000 ml: stabil, praktisch und widerstandsf\u00e4hig, ideal f\u00fcr Smoothies, Milchshakes oder Fruchtkompositionen.","robots":{"index":"index","follow":"follow","max-snippet":"max-snippet:-1","max-image-preview":"max-image-preview:large","max-video-preview":"max-video-preview:-1"},"canonical":"https:\/\/www.csj-emballages.com\/de\/produit\/transparenter-topf-950-ml-1000-ml-pet\/","og_locale":"de_DE","og_type":"article","og_title":"Kunststoffbecher 105 mm PET 950 ml \/ 1000 ml, VE 300 St\u00fcck","og_description":"Plastikbecher 105 mm aus PET, 950 ml \/ 1000 ml: stabil, praktisch und widerstandsf\u00e4hig, ideal f\u00fcr Smoothies, Milchshakes oder Fruchtkompositionen.","og_url":"https:\/\/www.csj-emballages.com\/de\/produit\/transparenter-topf-950-ml-1000-ml-pet\/","og_site_name":"CSJ Emballages","article_publisher":"https:\/\/www.facebook.com\/csjemballages","article_modified_time":"2026-04-17T00:13:50+00:00","og_image":[{"width":800,"height":800,"url":"https:\/\/www.csj-emballages.com\/wp-content\/uploads\/2025\/09\/GOBFAST950.webp","type":"image\/webp"}],"twitter_card":"summary_large_image","twitter_misc":{"Gesch\u00e4tzte Lesezeit":"2 Minuten"},"schema":{"@context":"https:\/\/schema.org","@graph":[{"@type":"WebPage","@id":"https:\/\/www.csj-emballages.com\/de\/produit\/transparenter-topf-950-ml-1000-ml-pet\/","url":"https:\/\/www.csj-emballages.com\/de\/produit\/transparenter-topf-950-ml-1000-ml-pet\/","name":"Plastikbecher 105 mm PET 950 ml \/ 1000 ml, 300 St\u00fcck","isPartOf":{"@id":"https:\/\/www.csj-emballages.com\/de\/#website"},"primaryImageOfPage":{"@id":"https:\/\/www.csj-emballages.com\/de\/produit\/transparenter-topf-950-ml-1000-ml-pet\/#primaryimage"},"image":{"@id":"https:\/\/www.csj-emballages.com\/de\/produit\/transparenter-topf-950-ml-1000-ml-pet\/#primaryimage"},"thumbnailUrl":"https:\/\/www.csj-emballages.com\/wp-content\/uploads\/2025\/09\/GOBFAST950.webp","datePublished":"2025-09-05T11:56:56+00:00","dateModified":"2026-04-17T00:13:50+00:00","description":"Plastikbecher 105 mm aus PET, 950 ml \/ 1000 ml: stabil, praktisch und widerstandsf\u00e4hig, ideal f\u00fcr Smoothies, Milchshakes oder Fruchtkompositionen.","breadcrumb":{"@id":"https:\/\/www.csj-emballages.com\/de\/produit\/transparenter-topf-950-ml-1000-ml-pet\/#breadcrumb"},"inLanguage":"de","potentialAction":[{"@type":"ReadAction","target":["https:\/\/www.csj-emballages.com\/de\/produit\/transparenter-topf-950-ml-1000-ml-pet\/"]}]},{"@type":"ImageObject","inLanguage":"de","@id":"https:\/\/www.csj-emballages.com\/de\/produit\/transparenter-topf-950-ml-1000-ml-pet\/#primaryimage","url":"https:\/\/www.csj-emballages.com\/wp-content\/uploads\/2025\/09\/GOBFAST950.webp","contentUrl":"https:\/\/www.csj-emballages.com\/wp-content\/uploads\/2025\/09\/GOBFAST950.webp","width":800,"height":800,"caption":"Pot transparent 950 ml \/ 1000 ml PET"},{"@type":"BreadcrumbList","@id":"https:\/\/www.csj-emballages.com\/de\/produit\/transparenter-topf-950-ml-1000-ml-pet\/#breadcrumb","itemListElement":[{"@type":"ListItem","position":1,"name":"Accueil","item":"https:\/\/www.csj-emballages.com\/de\/universum-lebensmittelverpackungen\/"},{"@type":"ListItem","position":2,"name":"Shop","item":"https:\/\/www.csj-emballages.com\/shop\/"},{"@type":"ListItem","position":3,"name":"Kunststoffbecher 105 mm PET 950 ml \/ 1000 ml, VE 300 St\u00fcck"}]},{"@type":"WebSite","@id":"https:\/\/www.csj-emballages.com\/de\/#website","url":"https:\/\/www.csj-emballages.com\/de\/","name":"CSJ Emballages","description":"","publisher":{"@id":"https:\/\/www.csj-emballages.com\/de\/#organization"},"potentialAction":[{"@type":"SearchAction","target":{"@type":"EntryPoint","urlTemplate":"https:\/\/www.csj-emballages.com\/de\/?s={search_term_string}"},"query-input":{"@type":"PropertyValueSpecification","valueRequired":true,"valueName":"search_term_string"}}],"inLanguage":"de"},{"@type":"Organization","@id":"https:\/\/www.csj-emballages.com\/de\/#Organization\/","name":"CSJ Emballages","url":"https:\/\/www.csj-emballages.com\/de\/","logo":{"@type":"ImageObject","inLanguage":"de","@id":"https:\/\/www.csj-emballages.com\/de\/#\/schema\/logo\/image\/","url":"https:\/\/www.csj-emballages.com\/wp-content\/uploads\/2023\/10\/logo_csj.webp","contentUrl":"https:\/\/www.csj-emballages.com\/wp-content\/uploads\/2023\/10\/logo_csj.webp","width":250,"height":95,"caption":"CSJ Emballages"},"image":{"@id":"https:\/\/www.csj-emballages.com\/de\/#\/schema\/logo\/image\/"},"sameAs":["https:\/\/www.facebook.com\/csjemballages"],"address":{"@type":"PostalAddress","streetAddress":"ZI La Lechere","addressLocality":"Patornay","postalCode":"39130","addressCountry":"FR"},"contactPoint":[{"@type":"ContactPoint","contactType":"Service client","telephone":"0384254272","email":"contact@csj-emballages.com"}]}]}},"df_price":108.92,"df_sale_price":"","df_regular_price":108.92,"df_image_link":"https:\/\/www.csj-emballages.com\/wp-content\/uploads\/2025\/09\/GOBFAST950-300x300.webp","tiered_pricing_type":"fixed","tiered_pricing_fixed_rules":[],"tiered_pricing_percentage_rules":[],"tiered_pricing_minimum":1,"tiered_pricing_roles_data":[],"_links":{"self":[{"href":"https:\/\/www.csj-emballages.com\/de\/wp-json\/wp\/v2\/product\/242659","targetHints":{"allow":["GET"]}}],"collection":[{"href":"https:\/\/www.csj-emballages.com\/de\/wp-json\/wp\/v2\/product"}],"about":[{"href":"https:\/\/www.csj-emballages.com\/de\/wp-json\/wp\/v2\/types\/product"}],"wp:featuredmedia":[{"embeddable":true,"href":"https:\/\/www.csj-emballages.com\/de\/wp-json\/wp\/v2\/media\/242654"}],"wp:attachment":[{"href":"https:\/\/www.csj-emballages.com\/de\/wp-json\/wp\/v2\/media?parent=242659"}],"wp:term":[{"taxonomy":"product_brand","embeddable":true,"href":"https:\/\/www.csj-emballages.com\/de\/wp-json\/wp\/v2\/product_brand?post=242659"},{"taxonomy":"product_cat","embeddable":true,"href":"https:\/\/www.csj-emballages.com\/de\/wp-json\/wp\/v2\/product_cat?post=242659"},{"taxonomy":"product_tag","embeddable":true,"href":"https:\/\/www.csj-emballages.com\/de\/wp-json\/wp\/v2\/product_tag?post=242659"}],"curies":[{"name":"wp","href":"https:\/\/api.w.org\/{rel}","templated":true}]}}