{"id":242649,"date":"2025-09-05T14:05:48","date_gmt":"2025-09-05T12:05:48","guid":{"rendered":"https:\/\/www.csj-emballages.com\/produit\/spritzbeutel-zur-warmen-oder-kalten-verwendung-buendel-31-x-54-cm-pro-100\/"},"modified":"2026-04-28T02:17:42","modified_gmt":"2026-04-28T00:17:42","slug":"spritzbeutel-zur-warmen-oder-kalten-verwendung-buendel-31-x-54-cm-pro-100","status":"publish","type":"product","link":"https:\/\/www.csj-emballages.com\/de\/produit\/spritzbeutel-zur-warmen-oder-kalten-verwendung-buendel-31-x-54-cm-pro-100\/","title":{"rendered":"Spritzbeutel zur warmen oder kalten Verwendung B\u00fcndel 31 x 54 cm pro 100"},"content":{"rendered":"<h2>Spritzbeutel<\/h2>\n<hr>\n<h3>Beschreibung unseres Spritzbeutels zur warmen oder kalten Verwendung B\u00fcndel 31 x 54 cm pro 100<\/h3>\n<p><!--more--><\/p>\n<p data-start=\"230\" data-end=\"551\">Der <strong data-start=\"233\" data-end=\"294\">Spritzbeutel f\u00fcr warme oder kalte Anwendungen 31 x 54 cm<\/strong> pro <strong>100<\/strong> wurde speziell entwickelt, um den Erwartungen von Fachleuten aus den Bereichen Konditorei, Gastronomie und Catering gerecht zu werden. Sein gro\u00dfz\u00fcgiges Format erm\u00f6glicht es, gro\u00dfe Mengen bequem zu verarbeiten, wobei Hygiene und Praktikabilit\u00e4t gew\u00e4hrleistet sind. Zun\u00e4chst einmal zeichnet sich dieser <strong>Spritzbeutel<\/strong> durch seine <strong data-start=\"594\" data-end=\"629\">ultrafeste doppelte Schwei\u00dfnaht<\/strong> aus. Sie sorgt daf\u00fcr, dass der Spritzbeutel auch unter starkem Druck stabil bleibt, was ihn zu einem zuverl\u00e4ssigen Verb\u00fcndeten bei all Ihren Zubereitungen macht. Egal, ob Sie <strong data-start=\"787\" data-end=\"827\">Schlagsahne, Mousse, Schlagsahne<\/strong>, <strong data-start=\"842\" data-end=\"870\">P\u00fcree<\/strong> oder <strong data-start=\"842\" data-end=\"870\">warme So\u00dfen<\/strong> verarbeiten, Sie k\u00f6nnen sich auf seine Widerstandsf\u00e4higkeit verlassen, ohne Angst haben zu m\u00fcssen, dass etwas ausl\u00e4uft.    <\/p>\n<p data-start=\"945\" data-end=\"1173\">Au\u00dferdem ist der <strong>Beutel<\/strong> <strong data-start=\"970\" data-end=\"986\">transparent<\/strong>, ein praktisches Detail, das Ihnen die Arbeit in der K\u00fcche sehr erleichtert: Sie sehen sofort, wie viel von der Zubereitung noch \u00fcbrig ist, und gewinnen so an Genauigkeit und Effizienz. Zweitens erm\u00f6glicht die <strong data-start=\"1188\" data-end=\"1207\">glatte Innenseite<\/strong> ein fl\u00fcssiges und gleichm\u00e4\u00dfiges Auslaufen, w\u00e4hrend die <strong data-start=\"1264\" data-end=\"1291\">rutschfeste Au\u00dfenseite<\/strong> f\u00fcr einen hervorragenden Griff sorgt. Selbst bei intensivem Gebrauch behalten Sie Komfort und Kontrolle \u00fcber Ihre Handgriffe.  <\/p>\n<p data-start=\"1416\" data-end=\"1635\">Was die Leistung angeht, so ist sie sowohl f\u00fcr den <strong data-start=\"1482\" data-end=\"1493\">Kalt-<\/strong> als auch f\u00fcr den<strong data-start=\"1497\" data-end=\"1522\">Hei\u00dfbetrieb bis 70 \u00b0C<\/strong> ausgelegt. Sie sind also vielseitig einsetzbar, um den unterschiedlichen Bed\u00fcrfnissen einer professionellen K\u00fcche gerecht zu werden. <\/p>\n<p data-start=\"1637\" data-end=\"1951\">Schlie\u00dflich ist es in einem <strong data-start=\"1660\" data-end=\"1697\">vorgestanzten B\u00fcndel von 100 Taschen<\/strong> verpackt und l\u00e4sst sich <strong>leicht heraustrennen<\/strong>, wodurch Sie viel Zeit sparen und Ihren Arbeitsbereich besser organisieren k\u00f6nnen.<\/p>\n<p data-start=\"1953\" data-end=\"2141\">Zusammenfassend l\u00e4sst sich sagen, dass der <strong data-start=\"1967\" data-end=\"2020\">transparente Spritzbeutel 31 x 54 cm im B\u00fcndel<\/strong> robust, praktisch und vielseitig ist: ein unverzichtbares Werkzeug f\u00fcr makellose Dressings und einen vereinfachten Alltag.<\/p>\n<p><!--more--><\/p>\n<h4><strong>Vorteile :<\/strong><\/h4>\n<ul>\n<li><strong data-start=\"2375\" data-end=\"2410\">Ultrafeste doppelte Schwei\u00dfnaht<\/strong>: garantierte Festigkeit<\/li>\n<li><strong data-start=\"2435\" data-end=\"2451\">Transparent<\/strong>: sofortige visuelle Kontrolle des Inhalts<\/li>\n<li><strong data-start=\"2506\" data-end=\"2531\">Hei\u00dfe<\/strong> Verwendung <strong data-start=\"2506\" data-end=\"2531\">bis 70 \u00b0C<\/strong> oder kalte Verwendung.<\/li>\n<li><strong data-start=\"2546\" data-end=\"2572\">Rutschfeste Oberfl\u00e4che<\/strong> f\u00fcr einen besseren Griff.<\/li>\n<li><strong data-start=\"2610\" data-end=\"2629\">Glatte Innenseite<\/strong>: fl\u00fcssiger und gleichm\u00e4\u00dfiger Fluss<\/li>\n<li>Praktische <strong data-start=\"2666\" data-end=\"2695\">Verpackung in<\/strong> vorgestanzten <strong data-start=\"2666\" data-end=\"2695\">B\u00fcndeln<\/strong>.<\/li>\n<\/ul>\n<p>&nbsp;<\/p>\n<p><!--more--><\/p>\n<h4>Weitere Informationen :<\/h4>\n<ul>\n<li><strong>Verpackung<\/strong>: Packung mit 100 St\u00fcck<\/li>\n<li><strong>Ma\u00dfe<\/strong>: 31 x 54 cm<\/li>\n<li><strong>Material<\/strong>: LDPE (Low Density Polyethylene)<\/li>\n<li><strong>Farbe<\/strong>: Transparent<\/li>\n<li><strong>Widerstand<\/strong>: 82 Mikron<\/li>\n<\/ul>\n<p>&nbsp;<\/p>\n<p><!--more--><\/p>\n<p>Hier finden Sie unseren Spritzbeutel mit den Ma\u00dfen 27 x 50 cm : <span style=\"color: #d12727;\"><a style=\"color: #d12727;\" href=\"https:\/\/www.csj-emballages.com\/de\/produit\/100-einweg-tullenbeutel-warm-oder-kalt-27-x-50-cm\/\">POC50HOT<\/a><\/span><\/p>\n<p>&nbsp;<\/p>\n<p><!--more--><\/p>\n<p><a href=\"\/?product_cat=poches-a-douilles\">Sehen Sie sich hier den Rest unseres Sortiments an Spritzbeuteln an<\/a><\/p>\n","protected":false},"excerpt":{"rendered":"<p>Spritzbeutel Beschreibung unseres Spritzbeutels zur warmen oder kalten Verwendung B\u00fcndel 31 x 54 cm pro 100<\/p>\n","protected":false},"featured_media":242644,"template":"","meta":{"_acf_changed":false},"product_brand":[],"product_cat":[1137,1171,3966,3154],"product_tag":[],"class_list":{"0":"post-242649","1":"product","2":"type-product","3":"status-publish","4":"has-post-thumbnail","6":"product_cat-lebensmittelverpackungen","7":"product_cat-backerei-und-konditorei","8":"product_cat-zubehor-und-ausstattung","9":"product_cat-steckschlusseltaschen","11":"first","12":"instock","13":"taxable","14":"shipping-taxable","15":"purchasable","16":"product-type-simple"},"acf":[],"yoast_head":"<!-- This site is optimized with the Yoast SEO Premium plugin v26.6 (Yoast SEO v26.6) - https:\/\/yoast.com\/wordpress\/plugins\/seo\/ -->\n<title>T\u00fcllenbeutel f\u00fcr Hei\u00df- und Kaltgebrauch B\u00fcndel 31 x 54 cm<\/title>\n<meta name=\"description\" content=\"Durchsichtiger Spritzbeutel 31 x 54 cm im B\u00fcndel zu 100 St\u00fcck, mit doppelter, ultra-starker Schwei\u00dfnaht. Verwendung hei\u00df bis 70 \u00b0C oder kalt.\" \/>\n<meta name=\"robots\" content=\"index, follow, max-snippet:-1, max-image-preview:large, max-video-preview:-1\" \/>\n<link rel=\"canonical\" href=\"https:\/\/www.csj-emballages.com\/de\/produit\/spritzbeutel-zur-warmen-oder-kalten-verwendung-buendel-31-x-54-cm-pro-100\/\" \/>\n<meta property=\"og:locale\" content=\"de_DE\" \/>\n<meta property=\"og:type\" content=\"article\" \/>\n<meta property=\"og:title\" content=\"Spritzbeutel zur warmen oder kalten Verwendung B\u00fcndel 31 x 54 cm pro 100\" \/>\n<meta property=\"og:description\" content=\"Durchsichtiger Spritzbeutel 31 x 54 cm im B\u00fcndel zu 100 St\u00fcck, mit doppelter, ultra-starker Schwei\u00dfnaht. Verwendung hei\u00df bis 70 \u00b0C oder kalt.\" \/>\n<meta property=\"og:url\" content=\"https:\/\/www.csj-emballages.com\/de\/produit\/spritzbeutel-zur-warmen-oder-kalten-verwendung-buendel-31-x-54-cm-pro-100\/\" \/>\n<meta property=\"og:site_name\" content=\"CSJ Emballages\" \/>\n<meta property=\"article:publisher\" content=\"https:\/\/www.facebook.com\/csjemballages\" \/>\n<meta property=\"article:modified_time\" content=\"2026-04-28T00:17:42+00:00\" \/>\n<meta property=\"og:image\" content=\"https:\/\/www.csj-emballages.com\/wp-content\/uploads\/2025\/09\/POC54HOT.webp\" \/>\n\t<meta property=\"og:image:width\" content=\"800\" \/>\n\t<meta property=\"og:image:height\" content=\"800\" \/>\n\t<meta property=\"og:image:type\" content=\"image\/webp\" \/>\n<meta name=\"twitter:card\" content=\"summary_large_image\" \/>\n<meta name=\"twitter:label1\" content=\"Gesch\u00e4tzte Lesezeit\" \/>\n\t<meta name=\"twitter:data1\" content=\"2 Minuten\" \/>\n<script type=\"application\/ld+json\" class=\"yoast-schema-graph\">{\"@context\":\"https:\/\/schema.org\",\"@graph\":[{\"@type\":\"WebPage\",\"@id\":\"https:\/\/www.csj-emballages.com\/de\/produit\/spritzbeutel-zur-warmen-oder-kalten-verwendung-buendel-31-x-54-cm-pro-100\/\",\"url\":\"https:\/\/www.csj-emballages.com\/de\/produit\/spritzbeutel-zur-warmen-oder-kalten-verwendung-buendel-31-x-54-cm-pro-100\/\",\"name\":\"T\u00fcllenbeutel f\u00fcr Hei\u00df- und Kaltgebrauch B\u00fcndel 31 x 54 cm\",\"isPartOf\":{\"@id\":\"https:\/\/www.csj-emballages.com\/de\/#website\"},\"primaryImageOfPage\":{\"@id\":\"https:\/\/www.csj-emballages.com\/de\/produit\/spritzbeutel-zur-warmen-oder-kalten-verwendung-buendel-31-x-54-cm-pro-100\/#primaryimage\"},\"image\":{\"@id\":\"https:\/\/www.csj-emballages.com\/de\/produit\/spritzbeutel-zur-warmen-oder-kalten-verwendung-buendel-31-x-54-cm-pro-100\/#primaryimage\"},\"thumbnailUrl\":\"https:\/\/www.csj-emballages.com\/wp-content\/uploads\/2025\/09\/POC54HOT.webp\",\"datePublished\":\"2025-09-05T12:05:48+00:00\",\"dateModified\":\"2026-04-28T00:17:42+00:00\",\"description\":\"Durchsichtiger Spritzbeutel 31 x 54 cm im B\u00fcndel zu 100 St\u00fcck, mit doppelter, ultra-starker Schwei\u00dfnaht. Verwendung hei\u00df bis 70 \u00b0C oder kalt.\",\"breadcrumb\":{\"@id\":\"https:\/\/www.csj-emballages.com\/de\/produit\/spritzbeutel-zur-warmen-oder-kalten-verwendung-buendel-31-x-54-cm-pro-100\/#breadcrumb\"},\"inLanguage\":\"de\",\"potentialAction\":[{\"@type\":\"ReadAction\",\"target\":[\"https:\/\/www.csj-emballages.com\/de\/produit\/spritzbeutel-zur-warmen-oder-kalten-verwendung-buendel-31-x-54-cm-pro-100\/\"]}]},{\"@type\":\"ImageObject\",\"inLanguage\":\"de\",\"@id\":\"https:\/\/www.csj-emballages.com\/de\/produit\/spritzbeutel-zur-warmen-oder-kalten-verwendung-buendel-31-x-54-cm-pro-100\/#primaryimage\",\"url\":\"https:\/\/www.csj-emballages.com\/wp-content\/uploads\/2025\/09\/POC54HOT.webp\",\"contentUrl\":\"https:\/\/www.csj-emballages.com\/wp-content\/uploads\/2025\/09\/POC54HOT.webp\",\"width\":800,\"height\":800,\"caption\":\"Poche \u00e0 douille\"},{\"@type\":\"BreadcrumbList\",\"@id\":\"https:\/\/www.csj-emballages.com\/de\/produit\/spritzbeutel-zur-warmen-oder-kalten-verwendung-buendel-31-x-54-cm-pro-100\/#breadcrumb\",\"itemListElement\":[{\"@type\":\"ListItem\",\"position\":1,\"name\":\"Accueil\",\"item\":\"https:\/\/www.csj-emballages.com\/de\/universum-lebensmittelverpackungen\/\"},{\"@type\":\"ListItem\",\"position\":2,\"name\":\"Shop\",\"item\":\"https:\/\/www.csj-emballages.com\/shop\/\"},{\"@type\":\"ListItem\",\"position\":3,\"name\":\"Spritzbeutel zur warmen oder kalten Verwendung B\u00fcndel 31 x 54 cm pro 100\"}]},{\"@type\":\"WebSite\",\"@id\":\"https:\/\/www.csj-emballages.com\/de\/#website\",\"url\":\"https:\/\/www.csj-emballages.com\/de\/\",\"name\":\"CSJ Emballages\",\"description\":\"\",\"publisher\":{\"@id\":\"https:\/\/www.csj-emballages.com\/de\/#organization\"},\"potentialAction\":[{\"@type\":\"SearchAction\",\"target\":{\"@type\":\"EntryPoint\",\"urlTemplate\":\"https:\/\/www.csj-emballages.com\/de\/?s={search_term_string}\"},\"query-input\":{\"@type\":\"PropertyValueSpecification\",\"valueRequired\":true,\"valueName\":\"search_term_string\"}}],\"inLanguage\":\"de\"},{\"@type\":\"Organization\",\"@id\":\"https:\/\/www.csj-emballages.com\/de\/#Organization\/\",\"name\":\"CSJ Emballages\",\"url\":\"https:\/\/www.csj-emballages.com\/de\/\",\"logo\":{\"@type\":\"ImageObject\",\"inLanguage\":\"de\",\"@id\":\"https:\/\/www.csj-emballages.com\/de\/#\/schema\/logo\/image\/\",\"url\":\"https:\/\/www.csj-emballages.com\/wp-content\/uploads\/2023\/10\/logo_csj.webp\",\"contentUrl\":\"https:\/\/www.csj-emballages.com\/wp-content\/uploads\/2023\/10\/logo_csj.webp\",\"width\":250,\"height\":95,\"caption\":\"CSJ Emballages\"},\"image\":{\"@id\":\"https:\/\/www.csj-emballages.com\/de\/#\/schema\/logo\/image\/\"},\"sameAs\":[\"https:\/\/www.facebook.com\/csjemballages\"],\"address\":{\"@type\":\"PostalAddress\",\"streetAddress\":\"ZI La Lechere\",\"addressLocality\":\"Patornay\",\"postalCode\":\"39130\",\"addressCountry\":\"FR\"},\"contactPoint\":[{\"@type\":\"ContactPoint\",\"contactType\":\"Service client\",\"telephone\":\"0384254272\",\"email\":\"contact@csj-emballages.com\"}]}]}<\/script>\n<!-- \/ Yoast SEO Premium plugin. -->","yoast_head_json":{"title":"T\u00fcllenbeutel f\u00fcr Hei\u00df- und Kaltgebrauch B\u00fcndel 31 x 54 cm","description":"Durchsichtiger Spritzbeutel 31 x 54 cm im B\u00fcndel zu 100 St\u00fcck, mit doppelter, ultra-starker Schwei\u00dfnaht. Verwendung hei\u00df bis 70 \u00b0C oder kalt.","robots":{"index":"index","follow":"follow","max-snippet":"max-snippet:-1","max-image-preview":"max-image-preview:large","max-video-preview":"max-video-preview:-1"},"canonical":"https:\/\/www.csj-emballages.com\/de\/produit\/spritzbeutel-zur-warmen-oder-kalten-verwendung-buendel-31-x-54-cm-pro-100\/","og_locale":"de_DE","og_type":"article","og_title":"Spritzbeutel zur warmen oder kalten Verwendung B\u00fcndel 31 x 54 cm pro 100","og_description":"Durchsichtiger Spritzbeutel 31 x 54 cm im B\u00fcndel zu 100 St\u00fcck, mit doppelter, ultra-starker Schwei\u00dfnaht. Verwendung hei\u00df bis 70 \u00b0C oder kalt.","og_url":"https:\/\/www.csj-emballages.com\/de\/produit\/spritzbeutel-zur-warmen-oder-kalten-verwendung-buendel-31-x-54-cm-pro-100\/","og_site_name":"CSJ Emballages","article_publisher":"https:\/\/www.facebook.com\/csjemballages","article_modified_time":"2026-04-28T00:17:42+00:00","og_image":[{"width":800,"height":800,"url":"https:\/\/www.csj-emballages.com\/wp-content\/uploads\/2025\/09\/POC54HOT.webp","type":"image\/webp"}],"twitter_card":"summary_large_image","twitter_misc":{"Gesch\u00e4tzte Lesezeit":"2 Minuten"},"schema":{"@context":"https:\/\/schema.org","@graph":[{"@type":"WebPage","@id":"https:\/\/www.csj-emballages.com\/de\/produit\/spritzbeutel-zur-warmen-oder-kalten-verwendung-buendel-31-x-54-cm-pro-100\/","url":"https:\/\/www.csj-emballages.com\/de\/produit\/spritzbeutel-zur-warmen-oder-kalten-verwendung-buendel-31-x-54-cm-pro-100\/","name":"T\u00fcllenbeutel f\u00fcr Hei\u00df- und Kaltgebrauch B\u00fcndel 31 x 54 cm","isPartOf":{"@id":"https:\/\/www.csj-emballages.com\/de\/#website"},"primaryImageOfPage":{"@id":"https:\/\/www.csj-emballages.com\/de\/produit\/spritzbeutel-zur-warmen-oder-kalten-verwendung-buendel-31-x-54-cm-pro-100\/#primaryimage"},"image":{"@id":"https:\/\/www.csj-emballages.com\/de\/produit\/spritzbeutel-zur-warmen-oder-kalten-verwendung-buendel-31-x-54-cm-pro-100\/#primaryimage"},"thumbnailUrl":"https:\/\/www.csj-emballages.com\/wp-content\/uploads\/2025\/09\/POC54HOT.webp","datePublished":"2025-09-05T12:05:48+00:00","dateModified":"2026-04-28T00:17:42+00:00","description":"Durchsichtiger Spritzbeutel 31 x 54 cm im B\u00fcndel zu 100 St\u00fcck, mit doppelter, ultra-starker Schwei\u00dfnaht. Verwendung hei\u00df bis 70 \u00b0C oder kalt.","breadcrumb":{"@id":"https:\/\/www.csj-emballages.com\/de\/produit\/spritzbeutel-zur-warmen-oder-kalten-verwendung-buendel-31-x-54-cm-pro-100\/#breadcrumb"},"inLanguage":"de","potentialAction":[{"@type":"ReadAction","target":["https:\/\/www.csj-emballages.com\/de\/produit\/spritzbeutel-zur-warmen-oder-kalten-verwendung-buendel-31-x-54-cm-pro-100\/"]}]},{"@type":"ImageObject","inLanguage":"de","@id":"https:\/\/www.csj-emballages.com\/de\/produit\/spritzbeutel-zur-warmen-oder-kalten-verwendung-buendel-31-x-54-cm-pro-100\/#primaryimage","url":"https:\/\/www.csj-emballages.com\/wp-content\/uploads\/2025\/09\/POC54HOT.webp","contentUrl":"https:\/\/www.csj-emballages.com\/wp-content\/uploads\/2025\/09\/POC54HOT.webp","width":800,"height":800,"caption":"Poche \u00e0 douille"},{"@type":"BreadcrumbList","@id":"https:\/\/www.csj-emballages.com\/de\/produit\/spritzbeutel-zur-warmen-oder-kalten-verwendung-buendel-31-x-54-cm-pro-100\/#breadcrumb","itemListElement":[{"@type":"ListItem","position":1,"name":"Accueil","item":"https:\/\/www.csj-emballages.com\/de\/universum-lebensmittelverpackungen\/"},{"@type":"ListItem","position":2,"name":"Shop","item":"https:\/\/www.csj-emballages.com\/shop\/"},{"@type":"ListItem","position":3,"name":"Spritzbeutel zur warmen oder kalten Verwendung B\u00fcndel 31 x 54 cm pro 100"}]},{"@type":"WebSite","@id":"https:\/\/www.csj-emballages.com\/de\/#website","url":"https:\/\/www.csj-emballages.com\/de\/","name":"CSJ Emballages","description":"","publisher":{"@id":"https:\/\/www.csj-emballages.com\/de\/#organization"},"potentialAction":[{"@type":"SearchAction","target":{"@type":"EntryPoint","urlTemplate":"https:\/\/www.csj-emballages.com\/de\/?s={search_term_string}"},"query-input":{"@type":"PropertyValueSpecification","valueRequired":true,"valueName":"search_term_string"}}],"inLanguage":"de"},{"@type":"Organization","@id":"https:\/\/www.csj-emballages.com\/de\/#Organization\/","name":"CSJ Emballages","url":"https:\/\/www.csj-emballages.com\/de\/","logo":{"@type":"ImageObject","inLanguage":"de","@id":"https:\/\/www.csj-emballages.com\/de\/#\/schema\/logo\/image\/","url":"https:\/\/www.csj-emballages.com\/wp-content\/uploads\/2023\/10\/logo_csj.webp","contentUrl":"https:\/\/www.csj-emballages.com\/wp-content\/uploads\/2023\/10\/logo_csj.webp","width":250,"height":95,"caption":"CSJ Emballages"},"image":{"@id":"https:\/\/www.csj-emballages.com\/de\/#\/schema\/logo\/image\/"},"sameAs":["https:\/\/www.facebook.com\/csjemballages"],"address":{"@type":"PostalAddress","streetAddress":"ZI La Lechere","addressLocality":"Patornay","postalCode":"39130","addressCountry":"FR"},"contactPoint":[{"@type":"ContactPoint","contactType":"Service client","telephone":"0384254272","email":"contact@csj-emballages.com"}]}]}},"df_price":12.11,"df_sale_price":"","df_regular_price":12.11,"df_image_link":"https:\/\/www.csj-emballages.com\/wp-content\/uploads\/2025\/09\/POC54HOT-300x300.webp","tiered_pricing_type":"fixed","tiered_pricing_fixed_rules":[],"tiered_pricing_percentage_rules":[],"tiered_pricing_minimum":1,"tiered_pricing_roles_data":[],"_links":{"self":[{"href":"https:\/\/www.csj-emballages.com\/de\/wp-json\/wp\/v2\/product\/242649","targetHints":{"allow":["GET"]}}],"collection":[{"href":"https:\/\/www.csj-emballages.com\/de\/wp-json\/wp\/v2\/product"}],"about":[{"href":"https:\/\/www.csj-emballages.com\/de\/wp-json\/wp\/v2\/types\/product"}],"wp:featuredmedia":[{"embeddable":true,"href":"https:\/\/www.csj-emballages.com\/de\/wp-json\/wp\/v2\/media\/242644"}],"wp:attachment":[{"href":"https:\/\/www.csj-emballages.com\/de\/wp-json\/wp\/v2\/media?parent=242649"}],"wp:term":[{"taxonomy":"product_brand","embeddable":true,"href":"https:\/\/www.csj-emballages.com\/de\/wp-json\/wp\/v2\/product_brand?post=242649"},{"taxonomy":"product_cat","embeddable":true,"href":"https:\/\/www.csj-emballages.com\/de\/wp-json\/wp\/v2\/product_cat?post=242649"},{"taxonomy":"product_tag","embeddable":true,"href":"https:\/\/www.csj-emballages.com\/de\/wp-json\/wp\/v2\/product_tag?post=242649"}],"curies":[{"name":"wp","href":"https:\/\/api.w.org\/{rel}","templated":true}]}}