{"id":24202,"date":"2024-03-01T16:47:26","date_gmt":"2024-03-01T15:47:26","guid":{"rendered":"https:\/\/u15jnbdpoq.preview.infomaniak.website\/produit\/6-glaeser-wiege-aus-kunststoff-50-ml\/"},"modified":"2026-04-22T02:16:13","modified_gmt":"2026-04-22T00:16:13","slug":"6-glaeser-wiege-aus-kunststoff-50-ml","status":"publish","type":"product","link":"https:\/\/www.csj-emballages.com\/de\/produit\/6-glaeser-wiege-aus-kunststoff-50-ml\/","title":{"rendered":"Plastikgl\u00e4ser &#8222;Wiege&#8220; 50 ml 6er-Set"},"content":{"rendered":"<div style=\"font-family: Roboto, sans-serif\">\n<div style=\"font-family: Roboto, sans-serif\">\n<div style=\"font-family: Roboto, sans-serif\">\n<div style=\"font-family: Roboto, sans-serif\">\n<div style=\"font-family: Roboto, sans-serif\">\n<div style=\"font-family: Roboto, sans-serif\">\n<div style=\"font-family: Roboto, sans-serif\">\n<div style=\"font-family: Roboto, sans-serif\">\n<div style=\"font-family: Roboto, sans-serif\">\n<div style=\"font-family: Roboto, sans-serif\">\n<div style=\"font-family: Roboto, sans-serif\">\n<div style=\"font-family: Roboto, sans-serif\">\n<div style=\"font-family: Roboto, sans-serif\">\n<div class=\"flex flex-grow flex-col max-w-full\">\n<div class=\"min-h-[20px] text-message flex flex-col items-start whitespace-pre-wrap break-words [.text-message+&amp;]:mt-5 juice:w-full juice:items-end overflow-x-auto gap-2\" dir=\"auto\" data-message-author-role=\"assistant\" data-message-id=\"2034782e-88f9-44ef-b4dc-07dd7bf0115f\">\n<div class=\"flex w-full flex-col gap-1 juice:empty:hidden juice:first:pt-[3px]\">\n<div class=\"markdown prose w-full break-words dark:prose-invert light\">\n<div style=\"font-family: Roboto, sans-serif\">\n<div style=\"font-family: Roboto, sans-serif\">\n<div style=\"font-family: Roboto, sans-serif\">\n<div style=\"font-family: Roboto, sans-serif\">\n<div style=\"font-family: Roboto, sans-serif\">\n<div style=\"font-family: Roboto, sans-serif\">\n<h2>Plastikgl\u00e4ser<\/h2>\n<div style=\"font-family: Roboto, sans-serif\">\n<div style=\"font-family: Roboto, sans-serif\">\n<div style=\"font-family: Roboto, sans-serif\">\n<div style=\"text-align: center\">\n<div style=\"font-family: Roboto, sans-serif\">\n<div style=\"font-family: Roboto, sans-serif\">\n<div style=\"font-family: Roboto, sans-serif\">\n<div style=\"font-family: Roboto, sans-serif\">\n<div style=\"font-family: Roboto, sans-serif\">\n<div style=\"font-family: Roboto, sans-serif;text-align: left\">\n<hr>\n<h3 style=\"text-align: left\">Beschreibung von Kunststoffgl\u00e4sern Berceau<!--more--><\/h3>\n<\/div>\n<\/div>\n<\/div>\n<\/div>\n<\/div>\n<\/div>\n<\/div>\n<\/div>\n<\/div>\n<\/div>\n<\/div>\n<\/div>\n<\/div>\n<\/div>\n<\/div>\n<\/div>\n<\/div>\n<\/div>\n<\/div>\n<\/div>\n<div class=\"flex flex-grow flex-col max-w-full\">\n<div class=\"min-h-[20px] text-message flex flex-col items-start whitespace-pre-wrap break-words [.text-message+&amp;]:mt-5 juice:w-full juice:items-end overflow-x-auto gap-2\" dir=\"auto\" data-message-author-role=\"assistant\" data-message-id=\"2034782e-88f9-44ef-b4dc-07dd7bf0115f\">\n<div class=\"flex w-full flex-col gap-1 juice:empty:hidden juice:first:pt-[3px]\">\n<div class=\"markdown prose w-full break-words dark:prose-invert light\">\n<div style=\"font-family: Roboto, sans-serif\">\n<div style=\"font-family: Roboto, sans-serif\">\n<div style=\"font-family: Roboto, sans-serif\">\n<div style=\"font-family: Roboto, sans-serif\">\n<div style=\"font-family: Roboto, sans-serif\">\n<div style=\"font-family: Roboto, sans-serif\">\n<p>Die <strong>Kunststoffgl\u00e4ser Berceau 50 ml<\/strong> im <strong>6er-Set<\/strong> sind ein unverzichtbares Element f\u00fcr alle Ihre erfolgreichen Empf\u00e4nge. Diese eleganten und praktischen <strong>Aperitifgl\u00e4ser<\/strong> sind so konzipiert, dass sie Ihre gastronomischen Pr\u00e4sentationen hervorheben und gleichzeitig einfach zu benutzen sind. Mit einem idealen Fassungsverm\u00f6gen von <strong>50<\/strong> <strong>ml<\/strong> sind sie perfekt geeignet, um einzelne Portionen Ihrer Lieblingsspeisen, ob s\u00fc\u00df oder herzhaft, zu servieren. Ihr Design in<b> <strong>Wiege<\/strong><\/b>Das Design des &#8222;Berceau&#8220; verleiht Ihrem Buffet einen Hauch von Originalit\u00e4t und Modernit\u00e4t. Zun\u00e4chst einmal reflektieren diese <strong>Gl\u00e4ser<\/strong> das Licht und pr\u00e4sentieren Ihre Gerichte in einer kristallklaren Ausf\u00fchrung<em>, <\/em>die jede Schicht Ihrer kulinarischen Kreationen hervorhebt. Ob f\u00fcr eine gesch\u00e4ftliche Veranstaltung, ein Cocktail-Essen oder einen Familienempfang, diese <strong>Gl\u00e4ser<\/strong> sind die perfekte Wahl, um Ihre G\u00e4ste zu beeindrucken und gleichzeitig ein praktisches und raffiniertes Erlebnis zu garantieren.  <\/p>\n<\/div>\n<\/div>\n<\/div>\n<\/div>\n<\/div>\n<\/div>\n<\/div>\n<\/div>\n<\/div>\n<\/div>\n<\/div>\n<\/div>\n<\/div>\n<\/div>\n<\/div>\n<\/div>\n<\/div>\n<\/div>\n<\/div>\n<\/div>\n<\/div>\n<\/div>\n<\/div>\n<p><!--more--><\/p>\n<h4>Warum sollten Sie unsere <strong>Plastikgl\u00e4ser<\/strong> verwenden?<\/h4>\n<p>Einer der Hauptvorteile dieser <strong>Aperitifgl\u00e4ser<\/strong> ist ihr Material aus hochwertigem Kunststoff. Sie sind nicht nur wiederverwendbar, sondern auch leicht und robust, was eine nachhaltige und umweltfreundliche L\u00f6sung darstellt. Im Gegensatz zu Glasschalen besteht hier keine Bruchgefahr, so dass sie perfekt f\u00fcr den Gebrauch im Freien geeignet sind.  <\/p>\n<div style=\"font-family: Roboto, sans-serif\">\n<div style=\"font-family: Roboto, sans-serif\">\n<div style=\"font-family: Roboto, sans-serif\">\n<div style=\"font-family: Roboto, sans-serif\">\n<div style=\"font-family: Roboto, sans-serif\">\n<div style=\"font-family: Roboto, sans-serif\">\n<div style=\"font-family: Roboto, sans-serif\">\n<div style=\"font-family: Roboto, sans-serif\">\n<div style=\"font-family: Roboto, sans-serif\">\n<div style=\"font-family: Roboto, sans-serif\">\n<div style=\"font-family: Roboto, sans-serif\">\n<div style=\"font-family: Roboto, sans-serif\">\n<div style=\"font-family: Roboto, sans-serif\">\n<div class=\"flex flex-grow flex-col max-w-full\">\n<div class=\"min-h-[20px] text-message flex flex-col items-start whitespace-pre-wrap break-words [.text-message+&amp;]:mt-5 juice:w-full juice:items-end overflow-x-auto gap-2\" dir=\"auto\" data-message-author-role=\"assistant\" data-message-id=\"2034782e-88f9-44ef-b4dc-07dd7bf0115f\">\n<div class=\"flex w-full flex-col gap-1 juice:empty:hidden juice:first:pt-[3px]\">\n<div class=\"markdown prose w-full break-words dark:prose-invert light\">\n<div style=\"font-family: Roboto, sans-serif\">\n<div style=\"font-family: Roboto, sans-serif\">\n<div style=\"font-family: Roboto, sans-serif\">\n<div style=\"font-family: Roboto, sans-serif\">\n<div style=\"font-family: Roboto, sans-serif\">\n<div style=\"font-family: Roboto, sans-serif\">\n<p>Die<strong> 50ml<\/strong> <strong>Berceau Kristall Plastikgl\u00e4ser<\/strong> sind stapelbar, so dass Sie Platz sparen k\u00f6nnen. Wenn Ihre Veranstaltungen vorbei sind, lassen sie sich leicht reinigen und ersparen Ihnen das l\u00e4stige und zeitraubende Absp\u00fclen. So k\u00f6nnen Sie sie immer wieder f\u00fcr verschiedene Arten von Veranstaltungen verwenden. Das Fassungsverm\u00f6gen von <strong>50<\/strong><strong> ml<\/strong> ist perfekt kalibriert f\u00fcr H\u00e4ppchen, Tapas, <strong>Dessertgl\u00e4ser<\/strong> oder sogar Minisalate, was eine Vielzahl von Verwendungsm\u00f6glichkeiten bietet.   <\/p>\n<\/div>\n<\/div>\n<div style=\"font-family: Roboto, sans-serif\">\n<div style=\"font-family: Roboto, sans-serif\">\n<p>&nbsp;<\/p>\n<\/div>\n<\/div>\n<\/div>\n<\/div>\n<\/div>\n<\/div>\n<\/div>\n<\/div>\n<\/div>\n<\/div>\n<\/div>\n<\/div>\n<\/div>\n<\/div>\n<\/div>\n<\/div>\n<\/div>\n<\/div>\n<\/div>\n<\/div>\n<\/div>\n<\/div>\n<\/div>\n<p><!--more--><\/p>\n<div style=\"font-family: Roboto, sans-serif\">\n<div style=\"font-family: Roboto, sans-serif\">\n<div style=\"font-family: Roboto, sans-serif\">\n<div style=\"font-family: Roboto, sans-serif\">\n<div style=\"font-family: Roboto, sans-serif\">\n<div style=\"font-family: Roboto, sans-serif\">\n<div style=\"font-family: Roboto, sans-serif\">\n<div style=\"font-family: Roboto, sans-serif\">\n<div style=\"font-family: Roboto, sans-serif\">\n<div style=\"font-family: Roboto, sans-serif\">\n<div style=\"font-family: Roboto, sans-serif\">\n<div style=\"font-family: Roboto, sans-serif\">\n<div style=\"font-family: Roboto, sans-serif\">\n<div class=\"flex flex-grow flex-col max-w-full\">\n<div class=\"min-h-[20px] text-message flex flex-col items-start whitespace-pre-wrap break-words [.text-message+&amp;]:mt-5 juice:w-full juice:items-end overflow-x-auto gap-2\" dir=\"auto\" data-message-author-role=\"assistant\" data-message-id=\"2034782e-88f9-44ef-b4dc-07dd7bf0115f\">\n<div class=\"flex w-full flex-col gap-1 juice:empty:hidden juice:first:pt-[3px]\">\n<div class=\"markdown prose w-full break-words dark:prose-invert light\">\n<div style=\"font-family: Roboto, sans-serif\">\n<div style=\"font-family: Roboto, sans-serif\">\n<div style=\"font-family: Roboto, sans-serif\">\n<div style=\"font-family: Roboto, sans-serif\">\n<div style=\"font-family: Roboto, sans-serif\">\n<div style=\"font-family: Roboto, sans-serif\">\n<p>Das kompakte und praktische Format ist sowohl f\u00fcr den professionellen Gastronomiebereich als auch f\u00fcr den privaten Gebrauch geeignet. Besonders Caterer werden die Vielseitigkeit dieser <strong>Gl\u00e4ser<\/strong> zu sch\u00e4tzen wissen, da sie \u00e4sthetisch ansprechende Appetith\u00e4ppchen herstellen und gleichzeitig das Servieren und den Transport der Speisen erleichtern. <\/p>\n<p>Wenn Sie nach originellen und praktischen Beh\u00e4ltern f\u00fcr Ihre Aperitifs, Buffets oder Desserts suchen, w\u00e4hlen Sie diese <strong>Aperitifgl\u00e4ser Berceau<\/strong><strong> aus Kristallkunststoff mit einem Fassungsverm\u00f6gen von 50 ml.<\/strong> Sie vereinen Design, Haltbarkeit und Funktionalit\u00e4t und bieten Ihnen die M\u00f6glichkeit, Ihre Beh\u00e4lter f\u00fcr mehrere Gelegenheiten wiederzuverwenden. <\/p>\n<p>&nbsp;<\/p>\n<p><!--more--><\/p>\n<h4 style=\"text-align: left\"><strong>Die Vorteile der Kunststoffgl\u00e4ser Berceau 50 ml :<\/strong><\/h4>\n<ul style=\"text-align: left\">\n<li><strong>Elegantes und originelles Design<\/strong>: Die <strong>Wiegenform<\/strong><b> <\/b>verleihen Ihren kulinarischen Pr\u00e4sentationen einen modernen und raffinierten Touch. Sie verleihen Ihren Kreationen eine einzigartige visuelle Dimension, die die Aufmerksamkeit Ihrer G\u00e4ste auf sich zieht und Ihre Kreationen aufwertet. <\/li>\n<li><strong>Vielseitigkeit<\/strong>: Sie eignen sich f\u00fcr eine Vielzahl von Zubereitungen, sowohl f\u00fcr s\u00fc\u00dfe als auch f\u00fcr herzhafte Gerichte.<\/li>\n<li><strong>Praktisch<\/strong>: Diese leichten und einfach zu handhabenden <strong>Gl\u00e4ser f\u00fcr Feinkost<\/strong> wurden f\u00fcr eine praktische Verwendung entwickelt.<\/li>\n<li><strong>Qualit\u00e4t und Haltbarkeit<\/strong>: Hergestellt aus PS, sind sie robust, elegant und wiederverwendbar.<\/li>\n<\/ul>\n<\/div>\n<\/div>\n<\/div>\n<\/div>\n<\/div>\n<\/div>\n<\/div>\n<\/div>\n<\/div>\n<\/div>\n<\/div>\n<\/div>\n<p>&nbsp;<\/p>\n<\/div>\n<\/div>\n<\/div>\n<\/div>\n<\/div>\n<\/div>\n<\/div>\n<\/div>\n<\/div>\n<\/div>\n<\/div>\n<p><!--more--><\/p>\n<h4>Weitere Informationen :<\/h4>\n<ul style=\"font-family: Roboto, sans-serif\">\n<li><strong>Verpackung<\/strong>: Packung mit 6 St\u00fcck<\/li>\n<li><strong>Wirtschaftlich: <\/strong>Diese <strong>Gl\u00e4ser<\/strong> sind wiederverwendbar.<\/li>\n<li><span style=\"font-weight: bold\">Gr\u00f6\u00dfe<\/span>: 65 x 70 ( \u00d8 x H in mm)<\/li>\n<li><strong>Material<\/strong>: PS (Polystyrol)<\/li>\n<\/ul>\n<p>&nbsp;<\/p>\n<p style=\"text-align: left\"><!--more--><\/p>\n<p><a href=\"https:\/\/www.csj-emballages.com\/categorie-produit\/emballages\/boucherie-traiteur-primeur\/coupes-pots-verrines\/verrines\/verrines-verrines\/\">Sehen Sie sich den Rest unseres Sortiments an Gl\u00e4sern an.<\/a><\/p>\n<p>&nbsp;<\/p>\n","protected":false},"excerpt":{"rendered":"<p>Plastikgl\u00e4ser Beschreibung von Kunststoffgl\u00e4sern Berceau<\/p>\n","protected":false},"featured_media":209532,"template":"","meta":{"_acf_changed":false},"product_brand":[],"product_cat":[1170,1279,1281,1283],"product_tag":[],"class_list":{"0":"post-24202","1":"product","2":"type-product","3":"status-publish","4":"has-post-thumbnail","6":"product_cat-metzgerei-und-feinkostgeschaft","7":"product_cat-schalen-topfe-glaser","8":"product_cat-glaser","9":"product_cat-glaser-de","11":"first","12":"instock","13":"taxable","14":"shipping-taxable","15":"purchasable","16":"product-type-simple"},"acf":[],"yoast_head":"<!-- This site is optimized with the Yoast SEO Premium plugin v26.6 (Yoast SEO v26.6) - https:\/\/yoast.com\/wordpress\/plugins\/seo\/ -->\n<title>Plastikgl\u00e4ser &quot;Wiege&quot; 50 ml<\/title>\n<meta name=\"description\" content=\"Entdecken Sie die Kunststoffgl\u00e4ser &quot;Berceau&quot; 50 ml, elegant und praktisch f\u00fcr Ihre Buffets. Diese Gl\u00e4ser sind wiederverwendbar und werden im 6er-Set verkauft.\" \/>\n<meta name=\"robots\" content=\"index, follow, max-snippet:-1, max-image-preview:large, max-video-preview:-1\" \/>\n<link rel=\"canonical\" href=\"https:\/\/www.csj-emballages.com\/de\/produit\/6-glaeser-wiege-aus-kunststoff-50-ml\/\" \/>\n<meta property=\"og:locale\" content=\"de_DE\" \/>\n<meta property=\"og:type\" content=\"article\" \/>\n<meta property=\"og:title\" content=\"Plastikgl\u00e4ser &quot;Wiege&quot; 50 ml\" \/>\n<meta property=\"og:description\" content=\"Entdecken Sie die Kunststoffgl\u00e4ser &quot;Berceau&quot; 50 ml, elegant und praktisch f\u00fcr Ihre Buffets. Diese Gl\u00e4ser sind wiederverwendbar und werden im 6er-Set verkauft.\" \/>\n<meta property=\"og:url\" content=\"https:\/\/www.csj-emballages.com\/de\/produit\/6-glaeser-wiege-aus-kunststoff-50-ml\/\" \/>\n<meta property=\"og:site_name\" content=\"CSJ Emballages\" \/>\n<meta property=\"article:publisher\" content=\"https:\/\/www.facebook.com\/csjemballages\" \/>\n<meta property=\"article:modified_time\" content=\"2026-04-22T00:16:13+00:00\" \/>\n<meta property=\"og:image\" content=\"https:\/\/www.csj-emballages.com\/wp-content\/uploads\/2024\/03\/Capture-decran-2024-10-16-a-17.22.26-e1729092207389.png\" \/>\n\t<meta property=\"og:image:width\" content=\"688\" \/>\n\t<meta property=\"og:image:height\" content=\"689\" \/>\n\t<meta property=\"og:image:type\" content=\"image\/png\" \/>\n<meta name=\"twitter:card\" content=\"summary_large_image\" \/>\n<meta name=\"twitter:title\" content=\"Plastikgl\u00e4ser &quot;Wiege&quot; 50 ml\" \/>\n<meta name=\"twitter:description\" content=\"Entdecken Sie die Kunststoffgl\u00e4ser &quot;Berceau&quot; 50 ml, elegant und praktisch f\u00fcr Ihre Buffets. Diese Gl\u00e4ser sind wiederverwendbar und werden im 6er-Set verkauft.\" \/>\n<meta name=\"twitter:label1\" content=\"Gesch\u00e4tzte Lesezeit\" \/>\n\t<meta name=\"twitter:data1\" content=\"3 Minuten\" \/>\n<script type=\"application\/ld+json\" class=\"yoast-schema-graph\">{\"@context\":\"https:\/\/schema.org\",\"@graph\":[{\"@type\":\"WebPage\",\"@id\":\"https:\/\/www.csj-emballages.com\/de\/produit\/6-glaeser-wiege-aus-kunststoff-50-ml\/\",\"url\":\"https:\/\/www.csj-emballages.com\/de\/produit\/6-glaeser-wiege-aus-kunststoff-50-ml\/\",\"name\":\"Plastikgl\u00e4ser \\\"Wiege\\\" 50 ml\",\"isPartOf\":{\"@id\":\"https:\/\/www.csj-emballages.com\/de\/#website\"},\"primaryImageOfPage\":{\"@id\":\"https:\/\/www.csj-emballages.com\/de\/produit\/6-glaeser-wiege-aus-kunststoff-50-ml\/#primaryimage\"},\"image\":{\"@id\":\"https:\/\/www.csj-emballages.com\/de\/produit\/6-glaeser-wiege-aus-kunststoff-50-ml\/#primaryimage\"},\"thumbnailUrl\":\"https:\/\/www.csj-emballages.com\/wp-content\/uploads\/2024\/03\/Berceau.webp\",\"datePublished\":\"2024-03-01T15:47:26+00:00\",\"dateModified\":\"2026-04-22T00:16:13+00:00\",\"description\":\"Entdecken Sie die Kunststoffgl\u00e4ser \\\"Berceau\\\" 50 ml, elegant und praktisch f\u00fcr Ihre Buffets. Diese Gl\u00e4ser sind wiederverwendbar und werden im 6er-Set verkauft.\",\"breadcrumb\":{\"@id\":\"https:\/\/www.csj-emballages.com\/de\/produit\/6-glaeser-wiege-aus-kunststoff-50-ml\/#breadcrumb\"},\"inLanguage\":\"de\",\"potentialAction\":[{\"@type\":\"ReadAction\",\"target\":[\"https:\/\/www.csj-emballages.com\/de\/produit\/6-glaeser-wiege-aus-kunststoff-50-ml\/\"]}]},{\"@type\":\"ImageObject\",\"inLanguage\":\"de\",\"@id\":\"https:\/\/www.csj-emballages.com\/de\/produit\/6-glaeser-wiege-aus-kunststoff-50-ml\/#primaryimage\",\"url\":\"https:\/\/www.csj-emballages.com\/wp-content\/uploads\/2024\/03\/Berceau.webp\",\"contentUrl\":\"https:\/\/www.csj-emballages.com\/wp-content\/uploads\/2024\/03\/Berceau.webp\",\"width\":800,\"height\":800,\"caption\":\"verrines plastique\"},{\"@type\":\"BreadcrumbList\",\"@id\":\"https:\/\/www.csj-emballages.com\/de\/produit\/6-glaeser-wiege-aus-kunststoff-50-ml\/#breadcrumb\",\"itemListElement\":[{\"@type\":\"ListItem\",\"position\":1,\"name\":\"Accueil\",\"item\":\"https:\/\/www.csj-emballages.com\/de\/universum-lebensmittelverpackungen\/\"},{\"@type\":\"ListItem\",\"position\":2,\"name\":\"Shop\",\"item\":\"https:\/\/www.csj-emballages.com\/shop\/\"},{\"@type\":\"ListItem\",\"position\":3,\"name\":\"Plastikgl\u00e4ser &#8220;Wiege&#8221; 50 ml 6er-Set\"}]},{\"@type\":\"WebSite\",\"@id\":\"https:\/\/www.csj-emballages.com\/de\/#website\",\"url\":\"https:\/\/www.csj-emballages.com\/de\/\",\"name\":\"CSJ Emballages\",\"description\":\"\",\"publisher\":{\"@id\":\"https:\/\/www.csj-emballages.com\/de\/#organization\"},\"potentialAction\":[{\"@type\":\"SearchAction\",\"target\":{\"@type\":\"EntryPoint\",\"urlTemplate\":\"https:\/\/www.csj-emballages.com\/de\/?s={search_term_string}\"},\"query-input\":{\"@type\":\"PropertyValueSpecification\",\"valueRequired\":true,\"valueName\":\"search_term_string\"}}],\"inLanguage\":\"de\"},{\"@type\":\"Organization\",\"@id\":\"https:\/\/www.csj-emballages.com\/de\/#Organization\/\",\"name\":\"CSJ Emballages\",\"url\":\"https:\/\/www.csj-emballages.com\/de\/\",\"logo\":{\"@type\":\"ImageObject\",\"inLanguage\":\"de\",\"@id\":\"https:\/\/www.csj-emballages.com\/de\/#\/schema\/logo\/image\/\",\"url\":\"https:\/\/www.csj-emballages.com\/wp-content\/uploads\/2023\/10\/logo_csj.webp\",\"contentUrl\":\"https:\/\/www.csj-emballages.com\/wp-content\/uploads\/2023\/10\/logo_csj.webp\",\"width\":250,\"height\":95,\"caption\":\"CSJ Emballages\"},\"image\":{\"@id\":\"https:\/\/www.csj-emballages.com\/de\/#\/schema\/logo\/image\/\"},\"sameAs\":[\"https:\/\/www.facebook.com\/csjemballages\"],\"address\":{\"@type\":\"PostalAddress\",\"streetAddress\":\"ZI La Lechere\",\"addressLocality\":\"Patornay\",\"postalCode\":\"39130\",\"addressCountry\":\"FR\"},\"contactPoint\":[{\"@type\":\"ContactPoint\",\"contactType\":\"Service client\",\"telephone\":\"0384254272\",\"email\":\"contact@csj-emballages.com\"}]}]}<\/script>\n<!-- \/ Yoast SEO Premium plugin. -->","yoast_head_json":{"title":"Plastikgl\u00e4ser \"Wiege\" 50 ml","description":"Entdecken Sie die Kunststoffgl\u00e4ser \"Berceau\" 50 ml, elegant und praktisch f\u00fcr Ihre Buffets. Diese Gl\u00e4ser sind wiederverwendbar und werden im 6er-Set verkauft.","robots":{"index":"index","follow":"follow","max-snippet":"max-snippet:-1","max-image-preview":"max-image-preview:large","max-video-preview":"max-video-preview:-1"},"canonical":"https:\/\/www.csj-emballages.com\/de\/produit\/6-glaeser-wiege-aus-kunststoff-50-ml\/","og_locale":"de_DE","og_type":"article","og_title":"Plastikgl\u00e4ser \"Wiege\" 50 ml","og_description":"Entdecken Sie die Kunststoffgl\u00e4ser \"Berceau\" 50 ml, elegant und praktisch f\u00fcr Ihre Buffets. Diese Gl\u00e4ser sind wiederverwendbar und werden im 6er-Set verkauft.","og_url":"https:\/\/www.csj-emballages.com\/de\/produit\/6-glaeser-wiege-aus-kunststoff-50-ml\/","og_site_name":"CSJ Emballages","article_publisher":"https:\/\/www.facebook.com\/csjemballages","article_modified_time":"2026-04-22T00:16:13+00:00","og_image":[{"width":688,"height":689,"url":"https:\/\/www.csj-emballages.com\/wp-content\/uploads\/2024\/03\/Capture-decran-2024-10-16-a-17.22.26-e1729092207389.png","type":"image\/png"}],"twitter_card":"summary_large_image","twitter_title":"Plastikgl\u00e4ser \"Wiege\" 50 ml","twitter_description":"Entdecken Sie die Kunststoffgl\u00e4ser \"Berceau\" 50 ml, elegant und praktisch f\u00fcr Ihre Buffets. Diese Gl\u00e4ser sind wiederverwendbar und werden im 6er-Set verkauft.","twitter_misc":{"Gesch\u00e4tzte Lesezeit":"3 Minuten"},"schema":{"@context":"https:\/\/schema.org","@graph":[{"@type":"WebPage","@id":"https:\/\/www.csj-emballages.com\/de\/produit\/6-glaeser-wiege-aus-kunststoff-50-ml\/","url":"https:\/\/www.csj-emballages.com\/de\/produit\/6-glaeser-wiege-aus-kunststoff-50-ml\/","name":"Plastikgl\u00e4ser \"Wiege\" 50 ml","isPartOf":{"@id":"https:\/\/www.csj-emballages.com\/de\/#website"},"primaryImageOfPage":{"@id":"https:\/\/www.csj-emballages.com\/de\/produit\/6-glaeser-wiege-aus-kunststoff-50-ml\/#primaryimage"},"image":{"@id":"https:\/\/www.csj-emballages.com\/de\/produit\/6-glaeser-wiege-aus-kunststoff-50-ml\/#primaryimage"},"thumbnailUrl":"https:\/\/www.csj-emballages.com\/wp-content\/uploads\/2024\/03\/Berceau.webp","datePublished":"2024-03-01T15:47:26+00:00","dateModified":"2026-04-22T00:16:13+00:00","description":"Entdecken Sie die Kunststoffgl\u00e4ser \"Berceau\" 50 ml, elegant und praktisch f\u00fcr Ihre Buffets. Diese Gl\u00e4ser sind wiederverwendbar und werden im 6er-Set verkauft.","breadcrumb":{"@id":"https:\/\/www.csj-emballages.com\/de\/produit\/6-glaeser-wiege-aus-kunststoff-50-ml\/#breadcrumb"},"inLanguage":"de","potentialAction":[{"@type":"ReadAction","target":["https:\/\/www.csj-emballages.com\/de\/produit\/6-glaeser-wiege-aus-kunststoff-50-ml\/"]}]},{"@type":"ImageObject","inLanguage":"de","@id":"https:\/\/www.csj-emballages.com\/de\/produit\/6-glaeser-wiege-aus-kunststoff-50-ml\/#primaryimage","url":"https:\/\/www.csj-emballages.com\/wp-content\/uploads\/2024\/03\/Berceau.webp","contentUrl":"https:\/\/www.csj-emballages.com\/wp-content\/uploads\/2024\/03\/Berceau.webp","width":800,"height":800,"caption":"verrines plastique"},{"@type":"BreadcrumbList","@id":"https:\/\/www.csj-emballages.com\/de\/produit\/6-glaeser-wiege-aus-kunststoff-50-ml\/#breadcrumb","itemListElement":[{"@type":"ListItem","position":1,"name":"Accueil","item":"https:\/\/www.csj-emballages.com\/de\/universum-lebensmittelverpackungen\/"},{"@type":"ListItem","position":2,"name":"Shop","item":"https:\/\/www.csj-emballages.com\/shop\/"},{"@type":"ListItem","position":3,"name":"Plastikgl\u00e4ser &#8220;Wiege&#8221; 50 ml 6er-Set"}]},{"@type":"WebSite","@id":"https:\/\/www.csj-emballages.com\/de\/#website","url":"https:\/\/www.csj-emballages.com\/de\/","name":"CSJ Emballages","description":"","publisher":{"@id":"https:\/\/www.csj-emballages.com\/de\/#organization"},"potentialAction":[{"@type":"SearchAction","target":{"@type":"EntryPoint","urlTemplate":"https:\/\/www.csj-emballages.com\/de\/?s={search_term_string}"},"query-input":{"@type":"PropertyValueSpecification","valueRequired":true,"valueName":"search_term_string"}}],"inLanguage":"de"},{"@type":"Organization","@id":"https:\/\/www.csj-emballages.com\/de\/#Organization\/","name":"CSJ Emballages","url":"https:\/\/www.csj-emballages.com\/de\/","logo":{"@type":"ImageObject","inLanguage":"de","@id":"https:\/\/www.csj-emballages.com\/de\/#\/schema\/logo\/image\/","url":"https:\/\/www.csj-emballages.com\/wp-content\/uploads\/2023\/10\/logo_csj.webp","contentUrl":"https:\/\/www.csj-emballages.com\/wp-content\/uploads\/2023\/10\/logo_csj.webp","width":250,"height":95,"caption":"CSJ Emballages"},"image":{"@id":"https:\/\/www.csj-emballages.com\/de\/#\/schema\/logo\/image\/"},"sameAs":["https:\/\/www.facebook.com\/csjemballages"],"address":{"@type":"PostalAddress","streetAddress":"ZI La Lechere","addressLocality":"Patornay","postalCode":"39130","addressCountry":"FR"},"contactPoint":[{"@type":"ContactPoint","contactType":"Service client","telephone":"0384254272","email":"contact@csj-emballages.com"}]}]}},"df_price":1.24,"df_sale_price":"","df_regular_price":1.24,"df_image_link":"https:\/\/www.csj-emballages.com\/wp-content\/uploads\/2024\/03\/Berceau-300x300.webp","tiered_pricing_type":"fixed","tiered_pricing_fixed_rules":[],"tiered_pricing_percentage_rules":[],"tiered_pricing_minimum":1,"tiered_pricing_roles_data":[],"_links":{"self":[{"href":"https:\/\/www.csj-emballages.com\/de\/wp-json\/wp\/v2\/product\/24202","targetHints":{"allow":["GET"]}}],"collection":[{"href":"https:\/\/www.csj-emballages.com\/de\/wp-json\/wp\/v2\/product"}],"about":[{"href":"https:\/\/www.csj-emballages.com\/de\/wp-json\/wp\/v2\/types\/product"}],"wp:featuredmedia":[{"embeddable":true,"href":"https:\/\/www.csj-emballages.com\/de\/wp-json\/wp\/v2\/media\/209532"}],"wp:attachment":[{"href":"https:\/\/www.csj-emballages.com\/de\/wp-json\/wp\/v2\/media?parent=24202"}],"wp:term":[{"taxonomy":"product_brand","embeddable":true,"href":"https:\/\/www.csj-emballages.com\/de\/wp-json\/wp\/v2\/product_brand?post=24202"},{"taxonomy":"product_cat","embeddable":true,"href":"https:\/\/www.csj-emballages.com\/de\/wp-json\/wp\/v2\/product_cat?post=24202"},{"taxonomy":"product_tag","embeddable":true,"href":"https:\/\/www.csj-emballages.com\/de\/wp-json\/wp\/v2\/product_tag?post=24202"}],"curies":[{"name":"wp","href":"https:\/\/api.w.org\/{rel}","templated":true}]}}