{"id":24166,"date":"2024-03-01T16:47:24","date_gmt":"2024-03-01T15:47:24","guid":{"rendered":"https:\/\/u15jnbdpoq.preview.infomaniak.website\/produit\/50-quadratische-glaeser-68-mm-kristallplastik\/"},"modified":"2026-04-21T02:18:24","modified_gmt":"2026-04-21T00:18:24","slug":"50-quadratische-glaeser-68-mm-kristallplastik","status":"publish","type":"product","link":"https:\/\/www.csj-emballages.com\/de\/produit\/50-quadratische-glaeser-68-mm-kristallplastik\/","title":{"rendered":"Plastikgl\u00e4ser, quadratisch 68 mm, 50 St\u00fcck"},"content":{"rendered":"<div style=\"box-sizing: inherit; font-family: Roboto, sans-serif;\">\n<div style=\"box-sizing: inherit; font-family: Roboto, sans-serif;\">\n<div style=\"box-sizing: inherit; font-family: Roboto, sans-serif;\">\n<div style=\"box-sizing: inherit; font-family: Roboto, sans-serif;\">\n<div style=\"box-sizing: inherit; font-family: Roboto, sans-serif;\">\n<div style=\"box-sizing: inherit; font-family: Roboto, sans-serif;\">\n<div style=\"box-sizing: inherit; font-family: Roboto, sans-serif;\">\n<div style=\"box-sizing: inherit; font-family: Roboto, sans-serif;\">\n<div style=\"box-sizing: inherit; font-family: Roboto, sans-serif;\">\n<div style=\"box-sizing: inherit; font-family: Roboto, sans-serif;\">\n<div style=\"box-sizing: inherit; font-family: Roboto, sans-serif;\">\n<div style=\"box-sizing: inherit; font-family: Roboto, sans-serif;\">\n<div style=\"box-sizing: inherit; font-family: Roboto, sans-serif;\">\n<div class=\"flex flex-grow flex-col max-w-full\">\n<div class=\"min-h-[20px] text-message flex flex-col items-start whitespace-pre-wrap break-words [.text-message+&amp;]:mt-5 juice:w-full juice:items-end overflow-x-auto gap-2\" dir=\"auto\" data-message-author-role=\"assistant\" data-message-id=\"2034782e-88f9-44ef-b4dc-07dd7bf0115f\">\n<div class=\"flex w-full flex-col gap-1 juice:empty:hidden juice:first:pt-[3px]\">\n<div class=\"markdown prose w-full break-words dark:prose-invert light\">\n<div style=\"box-sizing: inherit; font-family: Roboto, sans-serif;\">\n<div style=\"box-sizing: inherit; font-family: Roboto, sans-serif;\">\n<div style=\"box-sizing: inherit; font-family: Roboto, sans-serif;\">\n<div style=\"box-sizing: inherit; font-family: Roboto, sans-serif;\">\n<div style=\"box-sizing: inherit; font-family: Roboto, sans-serif;\">\n<div style=\"box-sizing: inherit; font-family: Roboto, sans-serif;\">\n<h2>Plastikgl\u00e4ser<\/h2>\n<div style=\"box-sizing: inherit; font-family: Roboto, sans-serif;\">\n<div style=\"box-sizing: inherit; font-family: Roboto, sans-serif;\">\n<div style=\"box-sizing: inherit; font-family: Roboto, sans-serif;\">\n<div style=\"text-align: center;\">\n<div style=\"box-sizing: inherit; font-family: Roboto, sans-serif;\">\n<div style=\"box-sizing: inherit; font-family: Roboto, sans-serif;\">\n<div style=\"box-sizing: inherit; font-family: Roboto, sans-serif;\">\n<div style=\"box-sizing: inherit; font-family: Roboto, sans-serif;\">\n<div style=\"box-sizing: inherit; font-family: Roboto, sans-serif;\">\n<div style=\"box-sizing: inherit; font-family: Roboto, sans-serif; text-align: left;\">\n<hr>\n<h3 style=\"text-align: left;\">Beschreibung unserer quadratischen Plastikgl\u00e4ser<!--more--><\/h3>\n<\/div>\n<\/div>\n<\/div>\n<\/div>\n<\/div>\n<\/div>\n<\/div>\n<\/div>\n<\/div>\n<\/div>\n<\/div>\n<\/div>\n<\/div>\n<\/div>\n<\/div>\n<\/div>\n<\/div>\n<\/div>\n<\/div>\n<\/div>\n<div class=\"flex flex-grow flex-col max-w-full\">\n<div class=\"min-h-[20px] text-message flex flex-col items-start whitespace-pre-wrap break-words [.text-message+&amp;]:mt-5 juice:w-full juice:items-end overflow-x-auto gap-2\" dir=\"auto\" data-message-author-role=\"assistant\" data-message-id=\"2034782e-88f9-44ef-b4dc-07dd7bf0115f\">\n<div class=\"flex w-full flex-col gap-1 juice:empty:hidden juice:first:pt-[3px]\">\n<div class=\"markdown prose w-full break-words dark:prose-invert light\">\n<div style=\"box-sizing: inherit; font-family: Roboto, sans-serif;\">\n<div style=\"box-sizing: inherit; font-family: Roboto, sans-serif;\">\n<div style=\"box-sizing: inherit; font-family: Roboto, sans-serif;\">\n<div style=\"box-sizing: inherit; font-family: Roboto, sans-serif;\">\n<div style=\"box-sizing: inherit; font-family: Roboto, sans-serif;\">\n<div style=\"box-sizing: inherit; font-family: Roboto, sans-serif;\">\n<p>Die <strong>Kunststoffgl\u00e4ser Viereckig 68 mm<\/strong> im <strong>Set von 50 St\u00fcck<\/strong> sind ein Muss f\u00fcr jeden erfolgreichen Empfang. Diese eleganten und praktischen <strong>Aperitifgl\u00e4ser<\/strong> sind so konzipiert, dass sie Ihre gastronomischen Pr\u00e4sentationen hervorheben und gleichzeitig einfach zu handhaben sind. Mit einer idealen Gr\u00f6\u00dfe von <strong>68 mm<\/strong> sind sie perfekt geeignet, um einzelne Portionen Ihrer Lieblingsspeisen, ob s\u00fc\u00df oder herzhaft, aufzunehmen. Das <strong>quadratische<\/strong> Design verleiht Ihrem Buffet einen Hauch von Originalit\u00e4t und Modernit\u00e4t. Zun\u00e4chst einmal reflektieren diese <strong>Gl\u00e4ser<\/strong> das Licht und pr\u00e4sentieren die Gerichte in einer kristallklaren Ausf\u00fchrung, die jede Schicht Ihrer kulinarischen Kreationen hervorhebt. Ob f\u00fcr eine gesch\u00e4ftliche Veranstaltung, ein Cocktail-Essen oder einen Familienempfang, diese <strong>Gl\u00e4ser<\/strong> sind die perfekte Wahl, um Ihre G\u00e4ste zu beeindrucken und gleichzeitig ein praktisches und raffiniertes Erlebnis zu garantieren.  <\/p>\n<p><span style=\"color: #ff0000;\"><strong>Achtung, 2 von 4 Kanten des Glases sind abgerundet*.<\/strong><\/span><\/p>\n<p><strong><span style=\"color: #ff0000;\">Nicht vertragliches Foto*.<\/span><\/strong><\/p>\n<\/div>\n<\/div>\n<\/div>\n<\/div>\n<\/div>\n<\/div>\n<\/div>\n<\/div>\n<\/div>\n<\/div>\n<\/div>\n<\/div>\n<\/div>\n<\/div>\n<\/div>\n<\/div>\n<\/div>\n<\/div>\n<\/div>\n<\/div>\n<\/div>\n<\/div>\n<\/div>\n<p><!--more--><\/p>\n<h4>Warum sollten Sie unsere <strong>Plastikgl\u00e4ser<\/strong> verwenden?<\/h4>\n<p>Einer der Hauptvorteile dieser Aperitifgl\u00e4ser ist ihr Material aus PS. Sie sind nicht nur wiederverwendbar, sondern auch leicht und robust, was eine nachhaltige und umweltfreundliche L\u00f6sung darstellt. Im Gegensatz zu Glas besteht bei diesen Gl\u00e4sern keine Bruchgefahr, so dass sie perfekt f\u00fcr den Gebrauch im Freien geeignet sind.  <\/p>\n<div style=\"box-sizing: inherit; font-family: Roboto, sans-serif;\">\n<div style=\"box-sizing: inherit; font-family: Roboto, sans-serif;\">\n<div style=\"box-sizing: inherit; font-family: Roboto, sans-serif;\">\n<div style=\"box-sizing: inherit; font-family: Roboto, sans-serif;\">\n<div style=\"box-sizing: inherit; font-family: Roboto, sans-serif;\">\n<div style=\"box-sizing: inherit; font-family: Roboto, sans-serif;\">\n<div style=\"box-sizing: inherit; font-family: Roboto, sans-serif;\">\n<div style=\"box-sizing: inherit; font-family: Roboto, sans-serif;\">\n<div style=\"box-sizing: inherit; font-family: Roboto, sans-serif;\">\n<div style=\"box-sizing: inherit; font-family: Roboto, sans-serif;\">\n<div style=\"box-sizing: inherit; font-family: Roboto, sans-serif;\">\n<div style=\"box-sizing: inherit; font-family: Roboto, sans-serif;\">\n<div style=\"box-sizing: inherit; font-family: Roboto, sans-serif;\">\n<div class=\"flex flex-grow flex-col max-w-full\">\n<div class=\"min-h-[20px] text-message flex flex-col items-start whitespace-pre-wrap break-words [.text-message+&amp;]:mt-5 juice:w-full juice:items-end overflow-x-auto gap-2\" dir=\"auto\" data-message-author-role=\"assistant\" data-message-id=\"2034782e-88f9-44ef-b4dc-07dd7bf0115f\">\n<div class=\"flex w-full flex-col gap-1 juice:empty:hidden juice:first:pt-[3px]\">\n<div class=\"markdown prose w-full break-words dark:prose-invert light\">\n<div style=\"box-sizing: inherit; font-family: Roboto, sans-serif;\">\n<div style=\"box-sizing: inherit; font-family: Roboto, sans-serif;\">\n<div style=\"box-sizing: inherit; font-family: Roboto, sans-serif;\">\n<div style=\"box-sizing: inherit; font-family: Roboto, sans-serif;\">\n<div style=\"box-sizing: inherit; font-family: Roboto, sans-serif;\">\n<div style=\"box-sizing: inherit; font-family: Roboto, sans-serif;\">Die <strong>68 mm<\/strong> gro\u00dfen, <strong>quadratischen Kunststoffgl\u00e4ser<\/strong> sind stapelbar, so dass Sie viel Stauraum sparen k\u00f6nnen. Wenn Ihre Veranstaltungen vorbei sind, lassen sie sich leicht reinigen und ersparen Ihnen das l\u00e4stige und zeitraubende Abwaschen. So k\u00f6nnen Sie sie immer wieder f\u00fcr verschiedene Arten von Veranstaltungen verwenden. Die Gr\u00f6\u00dfe von <strong>68 mm<\/strong> ist perfekt kalibriert f\u00fcr H\u00e4ppchen, Tapas, <strong>Dessertgl\u00e4ser<\/strong> oder sogar Minisalate, was eine Vielzahl von Verwendungsm\u00f6glichkeiten bietet.   <\/div>\n<\/div>\n<div style=\"box-sizing: inherit; font-family: Roboto, sans-serif;\">\n<div style=\"box-sizing: inherit; font-family: Roboto, sans-serif;\">\n<p>&nbsp;<\/p>\n<\/div>\n<\/div>\n<\/div>\n<\/div>\n<\/div>\n<\/div>\n<\/div>\n<\/div>\n<\/div>\n<\/div>\n<\/div>\n<\/div>\n<\/div>\n<\/div>\n<\/div>\n<\/div>\n<\/div>\n<\/div>\n<\/div>\n<\/div>\n<\/div>\n<\/div>\n<\/div>\n<p><!--more--><\/p>\n<div style=\"box-sizing: inherit; font-family: Roboto, sans-serif;\">\n<div style=\"box-sizing: inherit; font-family: Roboto, sans-serif;\">\n<div style=\"box-sizing: inherit; font-family: Roboto, sans-serif;\">\n<div style=\"box-sizing: inherit; font-family: Roboto, sans-serif;\">\n<div style=\"box-sizing: inherit; font-family: Roboto, sans-serif;\">\n<div style=\"box-sizing: inherit; font-family: Roboto, sans-serif;\">\n<div style=\"box-sizing: inherit; font-family: Roboto, sans-serif;\">\n<div style=\"box-sizing: inherit; font-family: Roboto, sans-serif;\">\n<div style=\"box-sizing: inherit; font-family: Roboto, sans-serif;\">\n<div style=\"box-sizing: inherit; font-family: Roboto, sans-serif;\">\n<div style=\"box-sizing: inherit; font-family: Roboto, sans-serif;\">\n<div style=\"box-sizing: inherit; font-family: Roboto, sans-serif;\">\n<div style=\"box-sizing: inherit; font-family: Roboto, sans-serif;\">\n<div class=\"flex flex-grow flex-col max-w-full\">\n<div class=\"min-h-[20px] text-message flex flex-col items-start whitespace-pre-wrap break-words [.text-message+&amp;]:mt-5 juice:w-full juice:items-end overflow-x-auto gap-2\" dir=\"auto\" data-message-author-role=\"assistant\" data-message-id=\"2034782e-88f9-44ef-b4dc-07dd7bf0115f\">\n<div class=\"flex w-full flex-col gap-1 juice:empty:hidden juice:first:pt-[3px]\">\n<div class=\"markdown prose w-full break-words dark:prose-invert light\">\n<div style=\"box-sizing: inherit; font-family: Roboto, sans-serif;\">\n<div style=\"box-sizing: inherit; font-family: Roboto, sans-serif;\">\n<div style=\"box-sizing: inherit; font-family: Roboto, sans-serif;\">\n<div style=\"box-sizing: inherit; font-family: Roboto, sans-serif;\">\n<div style=\"box-sizing: inherit; font-family: Roboto, sans-serif;\">\n<div style=\"box-sizing: inherit; font-family: Roboto, sans-serif;\">\n<p>Das kompakte und praktische Format ist sowohl f\u00fcr den professionellen Gastronomiebereich als auch f\u00fcr den privaten Gebrauch geeignet. Insbesondere Caterer werden die Vielseitigkeit dieser <strong>Gl\u00e4ser<\/strong> zu sch\u00e4tzen wissen, da sie \u00e4sthetisch ansprechende Appetith\u00e4ppchen herstellen und gleichzeitig das Servieren und den Transport der Speisen erleichtern. Wenn Sie also nach originellen und praktischen Beh\u00e4ltern f\u00fcr Ihre Aperitifs, Buffets oder Desserts suchen, sollten Sie sich f\u00fcr diese<strong> 68 mm gro\u00dfen<\/strong>, <strong>quadratischen Aperitifgl\u00e4ser<\/strong><strong> aus Kunststoff<\/strong> entscheiden. Sie vereinen Design, Haltbarkeit und Funktionalit\u00e4t und bieten Ihnen die M\u00f6glichkeit, Ihre Beh\u00e4lter f\u00fcr mehrere Gelegenheiten wiederzuverwenden. <\/p>\n<p>&nbsp;<\/p>\n<p><!--more--><\/p>\n<h4 style=\"text-align: left;\"><strong>Die Vorteile der Kunststoffgl\u00e4ser Quadratisch 68 mm :<\/strong><\/h4>\n<ul style=\"text-align: left;\">\n<li><strong>Elegantes und originelles Design<\/strong>: Die<b> quadratische<\/b> Form verleiht Ihren kulinarischen Pr\u00e4sentationen einen modernen und raffinierten Touch. Sie bieten eine elegante visuelle Dimension, die die Aufmerksamkeit Ihrer G\u00e4ste auf sich zieht und Ihre Kreationen aufwertet. <\/li>\n<li><strong>Vielseitigkeit<\/strong>: Sie eignen sich f\u00fcr eine Vielzahl von Zubereitungen, sowohl f\u00fcr s\u00fc\u00dfe als auch f\u00fcr herzhafte Gerichte.<\/li>\n<li><strong>Praktisch<\/strong>: Diese leichten und einfach zu handhabenden <strong>Gl\u00e4ser f\u00fcr Feinkost<\/strong> wurden f\u00fcr eine praktische Verwendung entwickelt.<\/li>\n<li><strong>Qualit\u00e4t und Haltbarkeit<\/strong>: Hergestellt aus PS, sind sie robust, elegant und wiederverwendbar.<\/li>\n<\/ul>\n<\/div>\n<\/div>\n<\/div>\n<\/div>\n<\/div>\n<\/div>\n<\/div>\n<\/div>\n<\/div>\n<\/div>\n<\/div>\n<\/div>\n<p>&nbsp;<\/p>\n<\/div>\n<\/div>\n<\/div>\n<\/div>\n<\/div>\n<\/div>\n<\/div>\n<\/div>\n<\/div>\n<\/div>\n<\/div>\n<p><!--more--><\/p>\n<h4>Weitere Informationen zu diesem Produkt :<\/h4>\n<ul style=\"box-sizing: inherit; font-family: Roboto, sans-serif;\">\n<li><strong>Verpackung<\/strong>: Packung mit 50 St\u00fcck<\/li>\n<li><strong>Wirtschaftlich: <\/strong>Diese <strong>Gl\u00e4ser<\/strong> sind wiederverwendbar.<\/li>\n<li><span style=\"font-weight: bold;\">Abmessungen<\/span>: 68 x 68 x 15 ( L x B x H in mm)<\/li>\n<\/ul>\n<p>&nbsp;<\/p>\n<p style=\"text-align: left;\"><!--more--><\/p>\n<p><a href=\"https:\/\/www.csj-emballages.com\/categorie-produit\/emballages\/boucherie-traiteur-primeur\/coupes-pots-verrines\/verrines\/verrines-verrines\/\">Sehen Sie sich den Rest unseres Sortiments an Gl\u00e4sern an.<\/a><\/p>\n<p>&nbsp;<\/p>\n","protected":false},"excerpt":{"rendered":"<p>Plastikgl\u00e4ser Beschreibung unserer quadratischen Plastikgl\u00e4ser<\/p>\n","protected":false},"featured_media":209560,"template":"","meta":{"_acf_changed":false},"product_brand":[],"product_cat":[1170,1279,1281,1283],"product_tag":[],"class_list":{"0":"post-24166","1":"product","2":"type-product","3":"status-publish","4":"has-post-thumbnail","6":"product_cat-metzgerei-und-feinkostgeschaft","7":"product_cat-schalen-topfe-glaser","8":"product_cat-glaser","9":"product_cat-glaser-de","11":"first","12":"instock","13":"taxable","14":"shipping-taxable","15":"purchasable","16":"product-type-simple"},"acf":[],"yoast_head":"<!-- This site is optimized with the Yoast SEO Premium plugin v26.6 (Yoast SEO v26.6) - https:\/\/yoast.com\/wordpress\/plugins\/seo\/ -->\n<title>Plastikgl\u00e4ser &quot;Quadratisch&quot; 68 mm<\/title>\n<meta name=\"description\" content=\"Entdecken Sie die eleganten und praktischen 68 mm quadratischen Kunststoffgl\u00e4ser f\u00fcr Ihr Buffet. Die Gl\u00e4ser werden im Set von 50 St\u00fcck verkauft und sind wiederverwendbar.\" \/>\n<meta name=\"robots\" content=\"index, follow, max-snippet:-1, max-image-preview:large, max-video-preview:-1\" \/>\n<link rel=\"canonical\" href=\"https:\/\/www.csj-emballages.com\/de\/produit\/50-quadratische-glaeser-68-mm-kristallplastik\/\" \/>\n<meta property=\"og:locale\" content=\"de_DE\" \/>\n<meta property=\"og:type\" content=\"article\" \/>\n<meta property=\"og:title\" content=\"Plastikgl\u00e4ser &quot;Quadratisch&quot; 68 mm\" \/>\n<meta property=\"og:description\" content=\"Entdecken Sie die eleganten und praktischen 68 mm quadratischen Kunststoffgl\u00e4ser f\u00fcr Ihr Buffet. Die Gl\u00e4ser werden im Set von 50 St\u00fcck verkauft und sind wiederverwendbar.\" \/>\n<meta property=\"og:url\" content=\"https:\/\/www.csj-emballages.com\/de\/produit\/50-quadratische-glaeser-68-mm-kristallplastik\/\" \/>\n<meta property=\"og:site_name\" content=\"CSJ Emballages\" \/>\n<meta property=\"article:publisher\" content=\"https:\/\/www.facebook.com\/csjemballages\" \/>\n<meta property=\"article:modified_time\" content=\"2026-04-21T00:18:24+00:00\" \/>\n<meta property=\"og:image\" content=\"https:\/\/www.csj-emballages.com\/wp-content\/uploads\/2024\/03\/e-amande-6-1.png\" \/>\n\t<meta property=\"og:image:width\" content=\"300\" \/>\n\t<meta property=\"og:image:height\" content=\"300\" \/>\n\t<meta property=\"og:image:type\" content=\"image\/png\" \/>\n<meta name=\"twitter:card\" content=\"summary_large_image\" \/>\n<meta name=\"twitter:title\" content=\"Plastikgl\u00e4ser &quot;Quadratisch&quot; 68 mm\" \/>\n<meta name=\"twitter:description\" content=\"Entdecken Sie die eleganten und praktischen 68 mm quadratischen Kunststoffgl\u00e4ser f\u00fcr Ihr Buffet. Die Gl\u00e4ser werden im Set von 50 St\u00fcck verkauft und sind wiederverwendbar.\" \/>\n<meta name=\"twitter:label1\" content=\"Gesch\u00e4tzte Lesezeit\" \/>\n\t<meta name=\"twitter:data1\" content=\"3 Minuten\" \/>\n<script type=\"application\/ld+json\" class=\"yoast-schema-graph\">{\"@context\":\"https:\/\/schema.org\",\"@graph\":[{\"@type\":\"WebPage\",\"@id\":\"https:\/\/www.csj-emballages.com\/de\/produit\/50-quadratische-glaeser-68-mm-kristallplastik\/\",\"url\":\"https:\/\/www.csj-emballages.com\/de\/produit\/50-quadratische-glaeser-68-mm-kristallplastik\/\",\"name\":\"Plastikgl\u00e4ser \\\"Quadratisch\\\" 68 mm\",\"isPartOf\":{\"@id\":\"https:\/\/www.csj-emballages.com\/de\/#website\"},\"primaryImageOfPage\":{\"@id\":\"https:\/\/www.csj-emballages.com\/de\/produit\/50-quadratische-glaeser-68-mm-kristallplastik\/#primaryimage\"},\"image\":{\"@id\":\"https:\/\/www.csj-emballages.com\/de\/produit\/50-quadratische-glaeser-68-mm-kristallplastik\/#primaryimage\"},\"thumbnailUrl\":\"https:\/\/www.csj-emballages.com\/wp-content\/uploads\/2024\/03\/MBK.webp\",\"datePublished\":\"2024-03-01T15:47:24+00:00\",\"dateModified\":\"2026-04-21T00:18:24+00:00\",\"description\":\"Entdecken Sie die eleganten und praktischen 68 mm quadratischen Kunststoffgl\u00e4ser f\u00fcr Ihr Buffet. Die Gl\u00e4ser werden im Set von 50 St\u00fcck verkauft und sind wiederverwendbar.\",\"breadcrumb\":{\"@id\":\"https:\/\/www.csj-emballages.com\/de\/produit\/50-quadratische-glaeser-68-mm-kristallplastik\/#breadcrumb\"},\"inLanguage\":\"de\",\"potentialAction\":[{\"@type\":\"ReadAction\",\"target\":[\"https:\/\/www.csj-emballages.com\/de\/produit\/50-quadratische-glaeser-68-mm-kristallplastik\/\"]}]},{\"@type\":\"ImageObject\",\"inLanguage\":\"de\",\"@id\":\"https:\/\/www.csj-emballages.com\/de\/produit\/50-quadratische-glaeser-68-mm-kristallplastik\/#primaryimage\",\"url\":\"https:\/\/www.csj-emballages.com\/wp-content\/uploads\/2024\/03\/MBK.webp\",\"contentUrl\":\"https:\/\/www.csj-emballages.com\/wp-content\/uploads\/2024\/03\/MBK.webp\",\"width\":800,\"height\":800,\"caption\":\"Verrines plastique\"},{\"@type\":\"BreadcrumbList\",\"@id\":\"https:\/\/www.csj-emballages.com\/de\/produit\/50-quadratische-glaeser-68-mm-kristallplastik\/#breadcrumb\",\"itemListElement\":[{\"@type\":\"ListItem\",\"position\":1,\"name\":\"Accueil\",\"item\":\"https:\/\/www.csj-emballages.com\/de\/universum-lebensmittelverpackungen\/\"},{\"@type\":\"ListItem\",\"position\":2,\"name\":\"Shop\",\"item\":\"https:\/\/www.csj-emballages.com\/shop\/\"},{\"@type\":\"ListItem\",\"position\":3,\"name\":\"Plastikgl\u00e4ser, quadratisch 68 mm, 50 St\u00fcck\"}]},{\"@type\":\"WebSite\",\"@id\":\"https:\/\/www.csj-emballages.com\/de\/#website\",\"url\":\"https:\/\/www.csj-emballages.com\/de\/\",\"name\":\"CSJ Emballages\",\"description\":\"\",\"publisher\":{\"@id\":\"https:\/\/www.csj-emballages.com\/de\/#organization\"},\"potentialAction\":[{\"@type\":\"SearchAction\",\"target\":{\"@type\":\"EntryPoint\",\"urlTemplate\":\"https:\/\/www.csj-emballages.com\/de\/?s={search_term_string}\"},\"query-input\":{\"@type\":\"PropertyValueSpecification\",\"valueRequired\":true,\"valueName\":\"search_term_string\"}}],\"inLanguage\":\"de\"},{\"@type\":\"Organization\",\"@id\":\"https:\/\/www.csj-emballages.com\/de\/#Organization\/\",\"name\":\"CSJ Emballages\",\"url\":\"https:\/\/www.csj-emballages.com\/de\/\",\"logo\":{\"@type\":\"ImageObject\",\"inLanguage\":\"de\",\"@id\":\"https:\/\/www.csj-emballages.com\/de\/#\/schema\/logo\/image\/\",\"url\":\"https:\/\/www.csj-emballages.com\/wp-content\/uploads\/2023\/10\/logo_csj.webp\",\"contentUrl\":\"https:\/\/www.csj-emballages.com\/wp-content\/uploads\/2023\/10\/logo_csj.webp\",\"width\":250,\"height\":95,\"caption\":\"CSJ Emballages\"},\"image\":{\"@id\":\"https:\/\/www.csj-emballages.com\/de\/#\/schema\/logo\/image\/\"},\"sameAs\":[\"https:\/\/www.facebook.com\/csjemballages\"],\"address\":{\"@type\":\"PostalAddress\",\"streetAddress\":\"ZI La Lechere\",\"addressLocality\":\"Patornay\",\"postalCode\":\"39130\",\"addressCountry\":\"FR\"},\"contactPoint\":[{\"@type\":\"ContactPoint\",\"contactType\":\"Service client\",\"telephone\":\"0384254272\",\"email\":\"contact@csj-emballages.com\"}]}]}<\/script>\n<!-- \/ Yoast SEO Premium plugin. -->","yoast_head_json":{"title":"Plastikgl\u00e4ser \"Quadratisch\" 68 mm","description":"Entdecken Sie die eleganten und praktischen 68 mm quadratischen Kunststoffgl\u00e4ser f\u00fcr Ihr Buffet. Die Gl\u00e4ser werden im Set von 50 St\u00fcck verkauft und sind wiederverwendbar.","robots":{"index":"index","follow":"follow","max-snippet":"max-snippet:-1","max-image-preview":"max-image-preview:large","max-video-preview":"max-video-preview:-1"},"canonical":"https:\/\/www.csj-emballages.com\/de\/produit\/50-quadratische-glaeser-68-mm-kristallplastik\/","og_locale":"de_DE","og_type":"article","og_title":"Plastikgl\u00e4ser \"Quadratisch\" 68 mm","og_description":"Entdecken Sie die eleganten und praktischen 68 mm quadratischen Kunststoffgl\u00e4ser f\u00fcr Ihr Buffet. Die Gl\u00e4ser werden im Set von 50 St\u00fcck verkauft und sind wiederverwendbar.","og_url":"https:\/\/www.csj-emballages.com\/de\/produit\/50-quadratische-glaeser-68-mm-kristallplastik\/","og_site_name":"CSJ Emballages","article_publisher":"https:\/\/www.facebook.com\/csjemballages","article_modified_time":"2026-04-21T00:18:24+00:00","og_image":[{"width":300,"height":300,"url":"https:\/\/www.csj-emballages.com\/wp-content\/uploads\/2024\/03\/e-amande-6-1.png","type":"image\/png"}],"twitter_card":"summary_large_image","twitter_title":"Plastikgl\u00e4ser \"Quadratisch\" 68 mm","twitter_description":"Entdecken Sie die eleganten und praktischen 68 mm quadratischen Kunststoffgl\u00e4ser f\u00fcr Ihr Buffet. Die Gl\u00e4ser werden im Set von 50 St\u00fcck verkauft und sind wiederverwendbar.","twitter_misc":{"Gesch\u00e4tzte Lesezeit":"3 Minuten"},"schema":{"@context":"https:\/\/schema.org","@graph":[{"@type":"WebPage","@id":"https:\/\/www.csj-emballages.com\/de\/produit\/50-quadratische-glaeser-68-mm-kristallplastik\/","url":"https:\/\/www.csj-emballages.com\/de\/produit\/50-quadratische-glaeser-68-mm-kristallplastik\/","name":"Plastikgl\u00e4ser \"Quadratisch\" 68 mm","isPartOf":{"@id":"https:\/\/www.csj-emballages.com\/de\/#website"},"primaryImageOfPage":{"@id":"https:\/\/www.csj-emballages.com\/de\/produit\/50-quadratische-glaeser-68-mm-kristallplastik\/#primaryimage"},"image":{"@id":"https:\/\/www.csj-emballages.com\/de\/produit\/50-quadratische-glaeser-68-mm-kristallplastik\/#primaryimage"},"thumbnailUrl":"https:\/\/www.csj-emballages.com\/wp-content\/uploads\/2024\/03\/MBK.webp","datePublished":"2024-03-01T15:47:24+00:00","dateModified":"2026-04-21T00:18:24+00:00","description":"Entdecken Sie die eleganten und praktischen 68 mm quadratischen Kunststoffgl\u00e4ser f\u00fcr Ihr Buffet. Die Gl\u00e4ser werden im Set von 50 St\u00fcck verkauft und sind wiederverwendbar.","breadcrumb":{"@id":"https:\/\/www.csj-emballages.com\/de\/produit\/50-quadratische-glaeser-68-mm-kristallplastik\/#breadcrumb"},"inLanguage":"de","potentialAction":[{"@type":"ReadAction","target":["https:\/\/www.csj-emballages.com\/de\/produit\/50-quadratische-glaeser-68-mm-kristallplastik\/"]}]},{"@type":"ImageObject","inLanguage":"de","@id":"https:\/\/www.csj-emballages.com\/de\/produit\/50-quadratische-glaeser-68-mm-kristallplastik\/#primaryimage","url":"https:\/\/www.csj-emballages.com\/wp-content\/uploads\/2024\/03\/MBK.webp","contentUrl":"https:\/\/www.csj-emballages.com\/wp-content\/uploads\/2024\/03\/MBK.webp","width":800,"height":800,"caption":"Verrines plastique"},{"@type":"BreadcrumbList","@id":"https:\/\/www.csj-emballages.com\/de\/produit\/50-quadratische-glaeser-68-mm-kristallplastik\/#breadcrumb","itemListElement":[{"@type":"ListItem","position":1,"name":"Accueil","item":"https:\/\/www.csj-emballages.com\/de\/universum-lebensmittelverpackungen\/"},{"@type":"ListItem","position":2,"name":"Shop","item":"https:\/\/www.csj-emballages.com\/shop\/"},{"@type":"ListItem","position":3,"name":"Plastikgl\u00e4ser, quadratisch 68 mm, 50 St\u00fcck"}]},{"@type":"WebSite","@id":"https:\/\/www.csj-emballages.com\/de\/#website","url":"https:\/\/www.csj-emballages.com\/de\/","name":"CSJ Emballages","description":"","publisher":{"@id":"https:\/\/www.csj-emballages.com\/de\/#organization"},"potentialAction":[{"@type":"SearchAction","target":{"@type":"EntryPoint","urlTemplate":"https:\/\/www.csj-emballages.com\/de\/?s={search_term_string}"},"query-input":{"@type":"PropertyValueSpecification","valueRequired":true,"valueName":"search_term_string"}}],"inLanguage":"de"},{"@type":"Organization","@id":"https:\/\/www.csj-emballages.com\/de\/#Organization\/","name":"CSJ Emballages","url":"https:\/\/www.csj-emballages.com\/de\/","logo":{"@type":"ImageObject","inLanguage":"de","@id":"https:\/\/www.csj-emballages.com\/de\/#\/schema\/logo\/image\/","url":"https:\/\/www.csj-emballages.com\/wp-content\/uploads\/2023\/10\/logo_csj.webp","contentUrl":"https:\/\/www.csj-emballages.com\/wp-content\/uploads\/2023\/10\/logo_csj.webp","width":250,"height":95,"caption":"CSJ Emballages"},"image":{"@id":"https:\/\/www.csj-emballages.com\/de\/#\/schema\/logo\/image\/"},"sameAs":["https:\/\/www.facebook.com\/csjemballages"],"address":{"@type":"PostalAddress","streetAddress":"ZI La Lechere","addressLocality":"Patornay","postalCode":"39130","addressCountry":"FR"},"contactPoint":[{"@type":"ContactPoint","contactType":"Service client","telephone":"0384254272","email":"contact@csj-emballages.com"}]}]}},"df_price":5.93,"df_sale_price":"","df_regular_price":5.93,"df_image_link":"https:\/\/www.csj-emballages.com\/wp-content\/uploads\/2024\/03\/MBK-300x300.webp","tiered_pricing_type":"fixed","tiered_pricing_fixed_rules":[],"tiered_pricing_percentage_rules":[],"tiered_pricing_minimum":1,"tiered_pricing_roles_data":[],"_links":{"self":[{"href":"https:\/\/www.csj-emballages.com\/de\/wp-json\/wp\/v2\/product\/24166","targetHints":{"allow":["GET"]}}],"collection":[{"href":"https:\/\/www.csj-emballages.com\/de\/wp-json\/wp\/v2\/product"}],"about":[{"href":"https:\/\/www.csj-emballages.com\/de\/wp-json\/wp\/v2\/types\/product"}],"wp:featuredmedia":[{"embeddable":true,"href":"https:\/\/www.csj-emballages.com\/de\/wp-json\/wp\/v2\/media\/209560"}],"wp:attachment":[{"href":"https:\/\/www.csj-emballages.com\/de\/wp-json\/wp\/v2\/media?parent=24166"}],"wp:term":[{"taxonomy":"product_brand","embeddable":true,"href":"https:\/\/www.csj-emballages.com\/de\/wp-json\/wp\/v2\/product_brand?post=24166"},{"taxonomy":"product_cat","embeddable":true,"href":"https:\/\/www.csj-emballages.com\/de\/wp-json\/wp\/v2\/product_cat?post=24166"},{"taxonomy":"product_tag","embeddable":true,"href":"https:\/\/www.csj-emballages.com\/de\/wp-json\/wp\/v2\/product_tag?post=24166"}],"curies":[{"name":"wp","href":"https:\/\/api.w.org\/{rel}","templated":true}]}}