{"id":24165,"date":"2024-03-01T16:47:25","date_gmt":"2024-03-01T15:47:25","guid":{"rendered":"https:\/\/u15jnbdpoq.preview.infomaniak.website\/produit\/20-dessertschalen-bodega-kunststoff-250-ml\/"},"modified":"2026-05-07T02:21:26","modified_gmt":"2026-05-07T00:21:26","slug":"20-dessertschalen-bodega-kunststoff-250-ml","status":"publish","type":"product","link":"https:\/\/www.csj-emballages.com\/de\/produit\/20-dessertschalen-bodega-kunststoff-250-ml\/","title":{"rendered":"Bodega Dessertbecher aus Kunststoff, 250 ml, 20 St\u00fcck"},"content":{"rendered":"<h2>Dessertschalen<\/h2>\n<hr>\n<h3>Beschreibung unserer Bodega Dessertbecher aus Kunststoff, 250 ml, 20 St\u00fcck<\/h3>\n<p><!--more--><\/p>\n<p>Entdecken Sie unsere <strong>Bodega Dessertbecher 25cl<\/strong>, ideal f\u00fcr Ihre s\u00fc\u00dfen Pr\u00e4sentationen. Perfekt f\u00fcr Buffets, Empf\u00e4nge oder Veranstaltungen, sind diese <strong>Dessertschalen<\/strong> robust und wiederverwendbar. Ihr transparentes Design hebt jede Schicht Ihrer s\u00fc\u00dfen oder herzhaften Kreationen hervor. Sie k\u00f6nnen darin Mousse, Tiramisu, Obstsalate oder Verrines servieren. Mit einem Fassungsverm\u00f6gen von <strong>250 ml<\/strong> bieten sie die ideale Gr\u00f6\u00dfe f\u00fcr gro\u00dfz\u00fcgige Portionen ohne \u00dcberma\u00df. Praktisch in der Handhabung, eignen sie sich sowohl f\u00fcr festliche Anl\u00e4sse als auch f\u00fcr den t\u00e4glichen Gebrauch. Ihr hochwertiger Kunststoff garantiert eine makellose Pr\u00e4sentation ohne Auslaufgefahr. Leicht stapelbar und lagerbar, sparen sie Platz in Ihren Schr\u00e4nken. Diese <strong>Bodega Dessertschalen 25cl<\/strong> sind zudem sto\u00dffest, perfekt f\u00fcr den Au\u00dfeneinsatz.        <\/p>\n<p>&nbsp;<\/p>\n<p><!--more--><\/p>\n<p>W\u00e4hlen Sie die <strong>Bodega Becher<\/strong> f\u00fcr Desserts, die Ihre G\u00e4ste bei jedem Bissen beeindrucken.<\/p>\n<p>&nbsp;<\/p>\n<p><!--more--><\/p>\n<p><strong>Vorteile :<\/strong><\/p>\n<ul>\n<li>Leicht zu handhaben, perfekt f\u00fcr Buffets, Empf\u00e4nge oder Outdoor-Events.<\/li>\n<li>Stapelbar, maximieren sie den Stauraum in Ihren Schr\u00e4nken.<\/li>\n<li>Ihr Fassungsverm\u00f6gen von <strong>250 ml<\/strong> ist perfekt f\u00fcr gro\u00dfz\u00fcgige Portionen, ohne \u00dcberma\u00df.<\/li>\n<li>Wiederverwendbar, bieten sie eine umweltfreundliche Alternative.<\/li>\n<\/ul>\n<p>&nbsp;<\/p>\n<p><!--more--><\/p>\n<p>Produkt in kleinerer Gr\u00f6\u00dfe erh\u00e4ltlich: <span style=\"color: #d12727;\"><a style=\"color: #d12727;\" href=\"https:\/\/www.csj-emballages.com\/es\/produit\/20-vasos-de-postre-de-plastico-bodega-180-ml\/\">VERBODEGA18<\/a><\/span><\/p>\n<p>&nbsp;<\/p>\n<p><!--more--><\/p>\n<p><a href=\"https:\/\/www.csj-emballages.com\/produit\/20-coupes-a-dessert-bodega-plastique-250-ml\/\">Sehen Sie sich den Rest unseres Sortiments an Dessertschalen an.<\/a><\/p>\n","protected":false},"excerpt":{"rendered":"<p>Dessertschalen Beschreibung unserer Bodega Dessertbecher aus Kunststoff, 250 ml, 20 St\u00fcck<\/p>\n","protected":false},"featured_media":209472,"template":"","meta":{"_acf_changed":false},"product_brand":[],"product_cat":[1137,1170,1279,1464],"product_tag":[],"class_list":{"0":"post-24165","1":"product","2":"type-product","3":"status-publish","4":"has-post-thumbnail","6":"product_cat-lebensmittelverpackungen","7":"product_cat-metzgerei-und-feinkostgeschaft","8":"product_cat-schalen-topfe-glaser","9":"product_cat-dessertschalen","11":"first","12":"instock","13":"taxable","14":"shipping-taxable","15":"purchasable","16":"product-type-simple"},"acf":[],"yoast_head":"<!-- This site is optimized with the Yoast SEO Premium plugin v26.6 (Yoast SEO v26.6) - https:\/\/yoast.com\/wordpress\/plugins\/seo\/ -->\n<title>Bodega Dessertbecher aus Kunststoff - 250 ml<\/title>\n<meta name=\"description\" content=\"Entdecken Sie unsere Bodega Dessertbecher aus Kunststoff, 25cl! Wir bieten Ihnen ein 20er-Pack hochwertiger und widerstandsf\u00e4higer Dessertbecher.\" \/>\n<meta name=\"robots\" content=\"index, follow, max-snippet:-1, max-image-preview:large, max-video-preview:-1\" \/>\n<link rel=\"canonical\" href=\"https:\/\/www.csj-emballages.com\/de\/produit\/20-dessertschalen-bodega-kunststoff-250-ml\/\" \/>\n<meta property=\"og:locale\" content=\"de_DE\" \/>\n<meta property=\"og:type\" content=\"article\" \/>\n<meta property=\"og:title\" content=\"Bodega Dessertbecher aus Kunststoff, 250 ml, 20 St\u00fcck\" \/>\n<meta property=\"og:description\" content=\"Entdecken Sie unsere Bodega Dessertbecher aus Kunststoff, 25cl! Wir bieten Ihnen ein 20er-Pack hochwertiger und widerstandsf\u00e4higer Dessertbecher.\" \/>\n<meta property=\"og:url\" content=\"https:\/\/www.csj-emballages.com\/de\/produit\/20-dessertschalen-bodega-kunststoff-250-ml\/\" \/>\n<meta property=\"og:site_name\" content=\"CSJ Emballages\" \/>\n<meta property=\"article:publisher\" content=\"https:\/\/www.facebook.com\/csjemballages\" \/>\n<meta property=\"article:modified_time\" content=\"2026-05-07T00:21:26+00:00\" \/>\n<meta property=\"og:image\" content=\"https:\/\/www.csj-emballages.com\/wp-content\/uploads\/2024\/03\/VERBODEGA-25.webp\" \/>\n\t<meta property=\"og:image:width\" content=\"800\" \/>\n\t<meta property=\"og:image:height\" content=\"800\" \/>\n\t<meta property=\"og:image:type\" content=\"image\/webp\" \/>\n<meta name=\"twitter:card\" content=\"summary_large_image\" \/>\n<meta name=\"twitter:label1\" content=\"Gesch\u00e4tzte Lesezeit\" \/>\n\t<meta name=\"twitter:data1\" content=\"1\u00a0Minute\" \/>\n<script type=\"application\/ld+json\" class=\"yoast-schema-graph\">{\"@context\":\"https:\/\/schema.org\",\"@graph\":[{\"@type\":\"WebPage\",\"@id\":\"https:\/\/www.csj-emballages.com\/de\/produit\/20-dessertschalen-bodega-kunststoff-250-ml\/\",\"url\":\"https:\/\/www.csj-emballages.com\/de\/produit\/20-dessertschalen-bodega-kunststoff-250-ml\/\",\"name\":\"Bodega Dessertbecher aus Kunststoff - 250 ml\",\"isPartOf\":{\"@id\":\"https:\/\/www.csj-emballages.com\/de\/#website\"},\"primaryImageOfPage\":{\"@id\":\"https:\/\/www.csj-emballages.com\/de\/produit\/20-dessertschalen-bodega-kunststoff-250-ml\/#primaryimage\"},\"image\":{\"@id\":\"https:\/\/www.csj-emballages.com\/de\/produit\/20-dessertschalen-bodega-kunststoff-250-ml\/#primaryimage\"},\"thumbnailUrl\":\"https:\/\/www.csj-emballages.com\/wp-content\/uploads\/2024\/03\/VERBODEGA-25.webp\",\"datePublished\":\"2024-03-01T15:47:25+00:00\",\"dateModified\":\"2026-05-07T00:21:26+00:00\",\"description\":\"Entdecken Sie unsere Bodega Dessertbecher aus Kunststoff, 25cl! Wir bieten Ihnen ein 20er-Pack hochwertiger und widerstandsf\u00e4higer Dessertbecher.\",\"breadcrumb\":{\"@id\":\"https:\/\/www.csj-emballages.com\/de\/produit\/20-dessertschalen-bodega-kunststoff-250-ml\/#breadcrumb\"},\"inLanguage\":\"de\",\"potentialAction\":[{\"@type\":\"ReadAction\",\"target\":[\"https:\/\/www.csj-emballages.com\/de\/produit\/20-dessertschalen-bodega-kunststoff-250-ml\/\"]}]},{\"@type\":\"ImageObject\",\"inLanguage\":\"de\",\"@id\":\"https:\/\/www.csj-emballages.com\/de\/produit\/20-dessertschalen-bodega-kunststoff-250-ml\/#primaryimage\",\"url\":\"https:\/\/www.csj-emballages.com\/wp-content\/uploads\/2024\/03\/VERBODEGA-25.webp\",\"contentUrl\":\"https:\/\/www.csj-emballages.com\/wp-content\/uploads\/2024\/03\/VERBODEGA-25.webp\",\"width\":800,\"height\":800,\"caption\":\"coupes \u00e0 dessert\"},{\"@type\":\"BreadcrumbList\",\"@id\":\"https:\/\/www.csj-emballages.com\/de\/produit\/20-dessertschalen-bodega-kunststoff-250-ml\/#breadcrumb\",\"itemListElement\":[{\"@type\":\"ListItem\",\"position\":1,\"name\":\"Accueil\",\"item\":\"https:\/\/www.csj-emballages.com\/de\/universum-lebensmittelverpackungen\/\"},{\"@type\":\"ListItem\",\"position\":2,\"name\":\"Shop\",\"item\":\"https:\/\/www.csj-emballages.com\/shop\/\"},{\"@type\":\"ListItem\",\"position\":3,\"name\":\"Bodega Dessertbecher aus Kunststoff, 250 ml, 20 St\u00fcck\"}]},{\"@type\":\"WebSite\",\"@id\":\"https:\/\/www.csj-emballages.com\/de\/#website\",\"url\":\"https:\/\/www.csj-emballages.com\/de\/\",\"name\":\"CSJ Emballages\",\"description\":\"\",\"publisher\":{\"@id\":\"https:\/\/www.csj-emballages.com\/de\/#organization\"},\"potentialAction\":[{\"@type\":\"SearchAction\",\"target\":{\"@type\":\"EntryPoint\",\"urlTemplate\":\"https:\/\/www.csj-emballages.com\/de\/?s={search_term_string}\"},\"query-input\":{\"@type\":\"PropertyValueSpecification\",\"valueRequired\":true,\"valueName\":\"search_term_string\"}}],\"inLanguage\":\"de\"},{\"@type\":\"Organization\",\"@id\":\"https:\/\/www.csj-emballages.com\/de\/#Organization\/\",\"name\":\"CSJ Emballages\",\"url\":\"https:\/\/www.csj-emballages.com\/de\/\",\"logo\":{\"@type\":\"ImageObject\",\"inLanguage\":\"de\",\"@id\":\"https:\/\/www.csj-emballages.com\/de\/#\/schema\/logo\/image\/\",\"url\":\"https:\/\/www.csj-emballages.com\/wp-content\/uploads\/2023\/10\/logo_csj.webp\",\"contentUrl\":\"https:\/\/www.csj-emballages.com\/wp-content\/uploads\/2023\/10\/logo_csj.webp\",\"width\":250,\"height\":95,\"caption\":\"CSJ Emballages\"},\"image\":{\"@id\":\"https:\/\/www.csj-emballages.com\/de\/#\/schema\/logo\/image\/\"},\"sameAs\":[\"https:\/\/www.facebook.com\/csjemballages\"],\"address\":{\"@type\":\"PostalAddress\",\"streetAddress\":\"ZI La Lechere\",\"addressLocality\":\"Patornay\",\"postalCode\":\"39130\",\"addressCountry\":\"FR\"},\"contactPoint\":[{\"@type\":\"ContactPoint\",\"contactType\":\"Service client\",\"telephone\":\"0384254272\",\"email\":\"contact@csj-emballages.com\"}]}]}<\/script>\n<!-- \/ Yoast SEO Premium plugin. -->","yoast_head_json":{"title":"Bodega Dessertbecher aus Kunststoff - 250 ml","description":"Entdecken Sie unsere Bodega Dessertbecher aus Kunststoff, 25cl! Wir bieten Ihnen ein 20er-Pack hochwertiger und widerstandsf\u00e4higer Dessertbecher.","robots":{"index":"index","follow":"follow","max-snippet":"max-snippet:-1","max-image-preview":"max-image-preview:large","max-video-preview":"max-video-preview:-1"},"canonical":"https:\/\/www.csj-emballages.com\/de\/produit\/20-dessertschalen-bodega-kunststoff-250-ml\/","og_locale":"de_DE","og_type":"article","og_title":"Bodega Dessertbecher aus Kunststoff, 250 ml, 20 St\u00fcck","og_description":"Entdecken Sie unsere Bodega Dessertbecher aus Kunststoff, 25cl! Wir bieten Ihnen ein 20er-Pack hochwertiger und widerstandsf\u00e4higer Dessertbecher.","og_url":"https:\/\/www.csj-emballages.com\/de\/produit\/20-dessertschalen-bodega-kunststoff-250-ml\/","og_site_name":"CSJ Emballages","article_publisher":"https:\/\/www.facebook.com\/csjemballages","article_modified_time":"2026-05-07T00:21:26+00:00","og_image":[{"width":800,"height":800,"url":"https:\/\/www.csj-emballages.com\/wp-content\/uploads\/2024\/03\/VERBODEGA-25.webp","type":"image\/webp"}],"twitter_card":"summary_large_image","twitter_misc":{"Gesch\u00e4tzte Lesezeit":"1\u00a0Minute"},"schema":{"@context":"https:\/\/schema.org","@graph":[{"@type":"WebPage","@id":"https:\/\/www.csj-emballages.com\/de\/produit\/20-dessertschalen-bodega-kunststoff-250-ml\/","url":"https:\/\/www.csj-emballages.com\/de\/produit\/20-dessertschalen-bodega-kunststoff-250-ml\/","name":"Bodega Dessertbecher aus Kunststoff - 250 ml","isPartOf":{"@id":"https:\/\/www.csj-emballages.com\/de\/#website"},"primaryImageOfPage":{"@id":"https:\/\/www.csj-emballages.com\/de\/produit\/20-dessertschalen-bodega-kunststoff-250-ml\/#primaryimage"},"image":{"@id":"https:\/\/www.csj-emballages.com\/de\/produit\/20-dessertschalen-bodega-kunststoff-250-ml\/#primaryimage"},"thumbnailUrl":"https:\/\/www.csj-emballages.com\/wp-content\/uploads\/2024\/03\/VERBODEGA-25.webp","datePublished":"2024-03-01T15:47:25+00:00","dateModified":"2026-05-07T00:21:26+00:00","description":"Entdecken Sie unsere Bodega Dessertbecher aus Kunststoff, 25cl! Wir bieten Ihnen ein 20er-Pack hochwertiger und widerstandsf\u00e4higer Dessertbecher.","breadcrumb":{"@id":"https:\/\/www.csj-emballages.com\/de\/produit\/20-dessertschalen-bodega-kunststoff-250-ml\/#breadcrumb"},"inLanguage":"de","potentialAction":[{"@type":"ReadAction","target":["https:\/\/www.csj-emballages.com\/de\/produit\/20-dessertschalen-bodega-kunststoff-250-ml\/"]}]},{"@type":"ImageObject","inLanguage":"de","@id":"https:\/\/www.csj-emballages.com\/de\/produit\/20-dessertschalen-bodega-kunststoff-250-ml\/#primaryimage","url":"https:\/\/www.csj-emballages.com\/wp-content\/uploads\/2024\/03\/VERBODEGA-25.webp","contentUrl":"https:\/\/www.csj-emballages.com\/wp-content\/uploads\/2024\/03\/VERBODEGA-25.webp","width":800,"height":800,"caption":"coupes \u00e0 dessert"},{"@type":"BreadcrumbList","@id":"https:\/\/www.csj-emballages.com\/de\/produit\/20-dessertschalen-bodega-kunststoff-250-ml\/#breadcrumb","itemListElement":[{"@type":"ListItem","position":1,"name":"Accueil","item":"https:\/\/www.csj-emballages.com\/de\/universum-lebensmittelverpackungen\/"},{"@type":"ListItem","position":2,"name":"Shop","item":"https:\/\/www.csj-emballages.com\/shop\/"},{"@type":"ListItem","position":3,"name":"Bodega Dessertbecher aus Kunststoff, 250 ml, 20 St\u00fcck"}]},{"@type":"WebSite","@id":"https:\/\/www.csj-emballages.com\/de\/#website","url":"https:\/\/www.csj-emballages.com\/de\/","name":"CSJ Emballages","description":"","publisher":{"@id":"https:\/\/www.csj-emballages.com\/de\/#organization"},"potentialAction":[{"@type":"SearchAction","target":{"@type":"EntryPoint","urlTemplate":"https:\/\/www.csj-emballages.com\/de\/?s={search_term_string}"},"query-input":{"@type":"PropertyValueSpecification","valueRequired":true,"valueName":"search_term_string"}}],"inLanguage":"de"},{"@type":"Organization","@id":"https:\/\/www.csj-emballages.com\/de\/#Organization\/","name":"CSJ Emballages","url":"https:\/\/www.csj-emballages.com\/de\/","logo":{"@type":"ImageObject","inLanguage":"de","@id":"https:\/\/www.csj-emballages.com\/de\/#\/schema\/logo\/image\/","url":"https:\/\/www.csj-emballages.com\/wp-content\/uploads\/2023\/10\/logo_csj.webp","contentUrl":"https:\/\/www.csj-emballages.com\/wp-content\/uploads\/2023\/10\/logo_csj.webp","width":250,"height":95,"caption":"CSJ Emballages"},"image":{"@id":"https:\/\/www.csj-emballages.com\/de\/#\/schema\/logo\/image\/"},"sameAs":["https:\/\/www.facebook.com\/csjemballages"],"address":{"@type":"PostalAddress","streetAddress":"ZI La Lechere","addressLocality":"Patornay","postalCode":"39130","addressCountry":"FR"},"contactPoint":[{"@type":"ContactPoint","contactType":"Service client","telephone":"0384254272","email":"contact@csj-emballages.com"}]}]}},"df_price":5.52,"df_sale_price":"","df_regular_price":5.52,"df_image_link":"https:\/\/www.csj-emballages.com\/wp-content\/uploads\/2024\/03\/VERBODEGA-25-300x300.webp","tiered_pricing_type":"fixed","tiered_pricing_fixed_rules":[],"tiered_pricing_percentage_rules":[],"tiered_pricing_minimum":1,"tiered_pricing_roles_data":[],"_links":{"self":[{"href":"https:\/\/www.csj-emballages.com\/de\/wp-json\/wp\/v2\/product\/24165","targetHints":{"allow":["GET"]}}],"collection":[{"href":"https:\/\/www.csj-emballages.com\/de\/wp-json\/wp\/v2\/product"}],"about":[{"href":"https:\/\/www.csj-emballages.com\/de\/wp-json\/wp\/v2\/types\/product"}],"wp:featuredmedia":[{"embeddable":true,"href":"https:\/\/www.csj-emballages.com\/de\/wp-json\/wp\/v2\/media\/209472"}],"wp:attachment":[{"href":"https:\/\/www.csj-emballages.com\/de\/wp-json\/wp\/v2\/media?parent=24165"}],"wp:term":[{"taxonomy":"product_brand","embeddable":true,"href":"https:\/\/www.csj-emballages.com\/de\/wp-json\/wp\/v2\/product_brand?post=24165"},{"taxonomy":"product_cat","embeddable":true,"href":"https:\/\/www.csj-emballages.com\/de\/wp-json\/wp\/v2\/product_cat?post=24165"},{"taxonomy":"product_tag","embeddable":true,"href":"https:\/\/www.csj-emballages.com\/de\/wp-json\/wp\/v2\/product_tag?post=24165"}],"curies":[{"name":"wp","href":"https:\/\/api.w.org\/{rel}","templated":true}]}}