{"id":24133,"date":"2024-03-01T16:47:28","date_gmt":"2024-03-01T15:47:28","guid":{"rendered":"https:\/\/u15jnbdpoq.preview.infomaniak.website\/produit\/100-versiegelbare-einwegschalen-aus-kunststoff-250-ml\/"},"modified":"2026-03-12T16:47:51","modified_gmt":"2026-03-12T15:47:51","slug":"100-versiegelbare-einwegschalen-aus-kunststoff-250-ml","status":"publish","type":"product","link":"https:\/\/www.csj-emballages.com\/de\/produit\/100-versiegelbare-einwegschalen-aus-kunststoff-250-ml\/","title":{"rendered":"100 versiegelbare Einwegschalen aus Kunststoff 250 ml"},"content":{"rendered":"<p><span style=\"font-weight: bold; text-decoration: underline;\">Versiegelbare Einwegschalen aus Kunststoff 250 ml <\/span><span style=\"font-weight: bold; text-decoration: underline;\">Beschreibung :<\/span><\/p>\n<p>&nbsp;<\/p>\n<h3><span style=\"font-weight: bold;\">Entdecken Sie unsere versiegelbaren \/ hei\u00dfversiegelbaren Einweg-Kunststoffschalen 250 ml<\/span><\/h3>\n<p>Die durchscheinende, versiegelbare Kunststoffschale wird haupts\u00e4chlich in der Gastronomie verwendet, wie z.B. bei Caterern, Metzgern, H\u00e4ndlern und Take-away-Profis.<\/p>\n<p>F\u00fcr den kalten oder warmen Gebrauch ist die Plastikschale in einer Vielzahl von Gr\u00f6\u00dfen erh\u00e4ltlich.<\/p>\n<p>Mit der Siegelfolie wird diese Kunststoffschale absolut dicht.<\/p>\n<p><span style=\"font-weight: bold;\">*Verwendung mit einer Hei\u00dfsiegelmaschine<\/span><\/p>\n<p>Sehen Sie sich den Rest unseres Sortiments an hei\u00dfsiegelbaren Schalen an.<\/p>\n<h3><span style=\"font-weight: bold; text-decoration: underline;\">Eigenschaften der hei\u00dfsiegelbaren Einwegschalen :<\/span><\/h3>\n<p>&nbsp;<\/p>\n<ul>\n<li>Verkauft an Privatpersonen \/ Fachleute<\/li>\n<li>Siegelbare \/ hei\u00dfsiegelbare \/ folienverpackbare ALPHACEL\u00ae-Schalen<\/li>\n<li><span style=\"font-weight: bold; text-decoration: underline;\">Volumen<\/span>: 250 ml<\/li>\n<li><span style=\"font-weight: bold; text-decoration: underline;\">Abmessungen<\/span>: 137 x 96 x 32 (L x B x H in mm)<\/li>\n<li><span style=\"font-weight: bold; text-decoration: underline;\">Verpackung<\/span>: Beutel mit 100 Schalen<\/li>\n<li>In Schutzfolie verpackt, um eine bessere Lagerung und einen besseren Schutz zu gew\u00e4hrleisten.<\/li>\n<li><span style=\"text-indent: 0pt; font-weight: bold; text-decoration: underline;\">Material<\/span><span style=\"text-indent: 0pt;\"> Polypropylen<\/span><\/li>\n<\/ul>\n<h2>  <span style=\"font-weight: bold;\">Entscheiden Sie sich jetzt f\u00fcr siegelbare \/ hei\u00dfsiegelbare Schalen von ALPHACEL!<\/span><\/h2>\n","protected":false},"excerpt":{"rendered":"<p>Versiegelbare Einwegschalen aus Kunststoff 250 ml Beschreibung : &nbsp; Entdecken Sie unsere versiegelbaren \/ hei\u00dfversiegelbaren Einweg-Kunststoffschalen 250 ml Die durchscheinende, versiegelbare Kunststoffschale wird haupts\u00e4chlich in der Gastronomie verwendet, wie z.B. bei Caterern, Metzgern, H\u00e4ndlern und Take-away-Profis. F\u00fcr den kalten oder warmen Gebrauch ist die Plastikschale in einer Vielzahl von Gr\u00f6\u00dfen erh\u00e4ltlich. Mit der Siegelfolie wird [&hellip;]<\/p>\n","protected":false},"featured_media":219632,"template":"","meta":{"_acf_changed":false},"product_brand":[],"product_cat":[1170,1513,2240,3620],"product_tag":[],"class_list":{"0":"post-24133","1":"product","2":"type-product","3":"status-publish","4":"has-post-thumbnail","6":"product_cat-metzgerei-und-feinkostgeschaft","7":"product_cat-schalen-dosen-glaser-fur-lebensmittel","8":"product_cat-siegelbare-schalen-alphacel","9":"product_cat-siegelbare-transluzente-schalen","11":"first","12":"instock","13":"taxable","14":"shipping-taxable","15":"purchasable","16":"product-type-simple"},"acf":[],"yoast_head":"<!-- This site is optimized with the Yoast SEO Premium plugin v26.6 (Yoast SEO v26.6) - https:\/\/yoast.com\/wordpress\/plugins\/seo\/ -->\n<title>100 Versiegelbare \/ Hei\u00dfsiegelbare Einwegschalen aus Kunststoff 250 ml \/ csj-emballages.com<\/title>\n<meta name=\"description\" content=\"Kaufen Sie Einweg-Schalenbeutel aus Kunststoff 25cl, hei\u00dfsiegelbar! Wir bieten Ihnen einen Beutel mit 100 stabilen, qualitativ hochwertigen und preiswerten Schalen zu DISCOUNT-Preisen an.\" \/>\n<meta name=\"robots\" content=\"index, follow, max-snippet:-1, max-image-preview:large, max-video-preview:-1\" \/>\n<link rel=\"canonical\" href=\"https:\/\/www.csj-emballages.com\/de\/produit\/100-versiegelbare-einwegschalen-aus-kunststoff-250-ml\/\" \/>\n<meta property=\"og:locale\" content=\"de_DE\" \/>\n<meta property=\"og:type\" content=\"article\" \/>\n<meta property=\"og:title\" content=\"100 versiegelbare Einwegschalen aus Kunststoff 250 ml\" \/>\n<meta property=\"og:description\" content=\"Kaufen Sie Einweg-Schalenbeutel aus Kunststoff 25cl, hei\u00dfsiegelbar! Wir bieten Ihnen einen Beutel mit 100 stabilen, qualitativ hochwertigen und preiswerten Schalen zu DISCOUNT-Preisen an.\" \/>\n<meta property=\"og:url\" content=\"https:\/\/www.csj-emballages.com\/de\/produit\/100-versiegelbare-einwegschalen-aus-kunststoff-250-ml\/\" \/>\n<meta property=\"og:site_name\" content=\"CSJ Emballages\" \/>\n<meta property=\"article:publisher\" content=\"https:\/\/www.facebook.com\/csjemballages\" \/>\n<meta property=\"article:modified_time\" content=\"2026-03-12T15:47:51+00:00\" \/>\n<meta property=\"og:image\" content=\"https:\/\/www.csj-emballages.com\/wp-content\/uploads\/2024\/03\/250-barquettes-plastique-translucide-traiteur-pas-cher-discount-csj-emballag-jpg.webp\" \/>\n\t<meta property=\"og:image:width\" content=\"800\" \/>\n\t<meta property=\"og:image:height\" content=\"800\" \/>\n\t<meta property=\"og:image:type\" content=\"image\/jpeg\" \/>\n<meta name=\"twitter:card\" content=\"summary_large_image\" \/>\n<meta name=\"twitter:label1\" content=\"Gesch\u00e4tzte Lesezeit\" \/>\n\t<meta name=\"twitter:data1\" content=\"1\u00a0Minute\" \/>\n<script type=\"application\/ld+json\" class=\"yoast-schema-graph\">{\"@context\":\"https:\/\/schema.org\",\"@graph\":[{\"@type\":\"WebPage\",\"@id\":\"https:\/\/www.csj-emballages.com\/de\/produit\/100-versiegelbare-einwegschalen-aus-kunststoff-250-ml\/\",\"url\":\"https:\/\/www.csj-emballages.com\/de\/produit\/100-versiegelbare-einwegschalen-aus-kunststoff-250-ml\/\",\"name\":\"100 Versiegelbare \/ Hei\u00dfsiegelbare Einwegschalen aus Kunststoff 250 ml \/ csj-emballages.com\",\"isPartOf\":{\"@id\":\"https:\/\/www.csj-emballages.com\/de\/#website\"},\"primaryImageOfPage\":{\"@id\":\"https:\/\/www.csj-emballages.com\/de\/produit\/100-versiegelbare-einwegschalen-aus-kunststoff-250-ml\/#primaryimage\"},\"image\":{\"@id\":\"https:\/\/www.csj-emballages.com\/de\/produit\/100-versiegelbare-einwegschalen-aus-kunststoff-250-ml\/#primaryimage\"},\"thumbnailUrl\":\"https:\/\/www.csj-emballages.com\/wp-content\/uploads\/2024\/03\/CL250TP.webp\",\"datePublished\":\"2024-03-01T15:47:28+00:00\",\"dateModified\":\"2026-03-12T15:47:51+00:00\",\"description\":\"Kaufen Sie Einweg-Schalenbeutel aus Kunststoff 25cl, hei\u00dfsiegelbar! Wir bieten Ihnen einen Beutel mit 100 stabilen, qualitativ hochwertigen und preiswerten Schalen zu DISCOUNT-Preisen an.\",\"breadcrumb\":{\"@id\":\"https:\/\/www.csj-emballages.com\/de\/produit\/100-versiegelbare-einwegschalen-aus-kunststoff-250-ml\/#breadcrumb\"},\"inLanguage\":\"de\",\"potentialAction\":[{\"@type\":\"ReadAction\",\"target\":[\"https:\/\/www.csj-emballages.com\/de\/produit\/100-versiegelbare-einwegschalen-aus-kunststoff-250-ml\/\"]}]},{\"@type\":\"ImageObject\",\"inLanguage\":\"de\",\"@id\":\"https:\/\/www.csj-emballages.com\/de\/produit\/100-versiegelbare-einwegschalen-aus-kunststoff-250-ml\/#primaryimage\",\"url\":\"https:\/\/www.csj-emballages.com\/wp-content\/uploads\/2024\/03\/CL250TP.webp\",\"contentUrl\":\"https:\/\/www.csj-emballages.com\/wp-content\/uploads\/2024\/03\/CL250TP.webp\",\"width\":800,\"height\":800,\"caption\":\"Barquette scellable\"},{\"@type\":\"BreadcrumbList\",\"@id\":\"https:\/\/www.csj-emballages.com\/de\/produit\/100-versiegelbare-einwegschalen-aus-kunststoff-250-ml\/#breadcrumb\",\"itemListElement\":[{\"@type\":\"ListItem\",\"position\":1,\"name\":\"Accueil\",\"item\":\"https:\/\/www.csj-emballages.com\/de\/universum-lebensmittelverpackungen\/\"},{\"@type\":\"ListItem\",\"position\":2,\"name\":\"Shop\",\"item\":\"https:\/\/www.csj-emballages.com\/shop\/\"},{\"@type\":\"ListItem\",\"position\":3,\"name\":\"100 versiegelbare Einwegschalen aus Kunststoff 250 ml\"}]},{\"@type\":\"WebSite\",\"@id\":\"https:\/\/www.csj-emballages.com\/de\/#website\",\"url\":\"https:\/\/www.csj-emballages.com\/de\/\",\"name\":\"CSJ Emballages\",\"description\":\"\",\"publisher\":{\"@id\":\"https:\/\/www.csj-emballages.com\/de\/#organization\"},\"potentialAction\":[{\"@type\":\"SearchAction\",\"target\":{\"@type\":\"EntryPoint\",\"urlTemplate\":\"https:\/\/www.csj-emballages.com\/de\/?s={search_term_string}\"},\"query-input\":{\"@type\":\"PropertyValueSpecification\",\"valueRequired\":true,\"valueName\":\"search_term_string\"}}],\"inLanguage\":\"de\"},{\"@type\":\"Organization\",\"@id\":\"https:\/\/www.csj-emballages.com\/de\/#Organization\/\",\"name\":\"CSJ Emballages\",\"url\":\"https:\/\/www.csj-emballages.com\/de\/\",\"logo\":{\"@type\":\"ImageObject\",\"inLanguage\":\"de\",\"@id\":\"https:\/\/www.csj-emballages.com\/de\/#\/schema\/logo\/image\/\",\"url\":\"https:\/\/www.csj-emballages.com\/wp-content\/uploads\/2023\/10\/logo_csj.webp\",\"contentUrl\":\"https:\/\/www.csj-emballages.com\/wp-content\/uploads\/2023\/10\/logo_csj.webp\",\"width\":250,\"height\":95,\"caption\":\"CSJ Emballages\"},\"image\":{\"@id\":\"https:\/\/www.csj-emballages.com\/de\/#\/schema\/logo\/image\/\"},\"sameAs\":[\"https:\/\/www.facebook.com\/csjemballages\"],\"address\":{\"@type\":\"PostalAddress\",\"streetAddress\":\"ZI La Lechere\",\"addressLocality\":\"Patornay\",\"postalCode\":\"39130\",\"addressCountry\":\"FR\"},\"contactPoint\":[{\"@type\":\"ContactPoint\",\"contactType\":\"Service client\",\"telephone\":\"0384254272\",\"email\":\"contact@csj-emballages.com\"}]}]}<\/script>\n<!-- \/ Yoast SEO Premium plugin. -->","yoast_head_json":{"title":"100 Versiegelbare \/ Hei\u00dfsiegelbare Einwegschalen aus Kunststoff 250 ml \/ csj-emballages.com","description":"Kaufen Sie Einweg-Schalenbeutel aus Kunststoff 25cl, hei\u00dfsiegelbar! Wir bieten Ihnen einen Beutel mit 100 stabilen, qualitativ hochwertigen und preiswerten Schalen zu DISCOUNT-Preisen an.","robots":{"index":"index","follow":"follow","max-snippet":"max-snippet:-1","max-image-preview":"max-image-preview:large","max-video-preview":"max-video-preview:-1"},"canonical":"https:\/\/www.csj-emballages.com\/de\/produit\/100-versiegelbare-einwegschalen-aus-kunststoff-250-ml\/","og_locale":"de_DE","og_type":"article","og_title":"100 versiegelbare Einwegschalen aus Kunststoff 250 ml","og_description":"Kaufen Sie Einweg-Schalenbeutel aus Kunststoff 25cl, hei\u00dfsiegelbar! Wir bieten Ihnen einen Beutel mit 100 stabilen, qualitativ hochwertigen und preiswerten Schalen zu DISCOUNT-Preisen an.","og_url":"https:\/\/www.csj-emballages.com\/de\/produit\/100-versiegelbare-einwegschalen-aus-kunststoff-250-ml\/","og_site_name":"CSJ Emballages","article_publisher":"https:\/\/www.facebook.com\/csjemballages","article_modified_time":"2026-03-12T15:47:51+00:00","og_image":[{"width":800,"height":800,"url":"https:\/\/www.csj-emballages.com\/wp-content\/uploads\/2024\/03\/250-barquettes-plastique-translucide-traiteur-pas-cher-discount-csj-emballag-jpg.webp","type":"image\/jpeg"}],"twitter_card":"summary_large_image","twitter_misc":{"Gesch\u00e4tzte Lesezeit":"1\u00a0Minute"},"schema":{"@context":"https:\/\/schema.org","@graph":[{"@type":"WebPage","@id":"https:\/\/www.csj-emballages.com\/de\/produit\/100-versiegelbare-einwegschalen-aus-kunststoff-250-ml\/","url":"https:\/\/www.csj-emballages.com\/de\/produit\/100-versiegelbare-einwegschalen-aus-kunststoff-250-ml\/","name":"100 Versiegelbare \/ Hei\u00dfsiegelbare Einwegschalen aus Kunststoff 250 ml \/ csj-emballages.com","isPartOf":{"@id":"https:\/\/www.csj-emballages.com\/de\/#website"},"primaryImageOfPage":{"@id":"https:\/\/www.csj-emballages.com\/de\/produit\/100-versiegelbare-einwegschalen-aus-kunststoff-250-ml\/#primaryimage"},"image":{"@id":"https:\/\/www.csj-emballages.com\/de\/produit\/100-versiegelbare-einwegschalen-aus-kunststoff-250-ml\/#primaryimage"},"thumbnailUrl":"https:\/\/www.csj-emballages.com\/wp-content\/uploads\/2024\/03\/CL250TP.webp","datePublished":"2024-03-01T15:47:28+00:00","dateModified":"2026-03-12T15:47:51+00:00","description":"Kaufen Sie Einweg-Schalenbeutel aus Kunststoff 25cl, hei\u00dfsiegelbar! Wir bieten Ihnen einen Beutel mit 100 stabilen, qualitativ hochwertigen und preiswerten Schalen zu DISCOUNT-Preisen an.","breadcrumb":{"@id":"https:\/\/www.csj-emballages.com\/de\/produit\/100-versiegelbare-einwegschalen-aus-kunststoff-250-ml\/#breadcrumb"},"inLanguage":"de","potentialAction":[{"@type":"ReadAction","target":["https:\/\/www.csj-emballages.com\/de\/produit\/100-versiegelbare-einwegschalen-aus-kunststoff-250-ml\/"]}]},{"@type":"ImageObject","inLanguage":"de","@id":"https:\/\/www.csj-emballages.com\/de\/produit\/100-versiegelbare-einwegschalen-aus-kunststoff-250-ml\/#primaryimage","url":"https:\/\/www.csj-emballages.com\/wp-content\/uploads\/2024\/03\/CL250TP.webp","contentUrl":"https:\/\/www.csj-emballages.com\/wp-content\/uploads\/2024\/03\/CL250TP.webp","width":800,"height":800,"caption":"Barquette scellable"},{"@type":"BreadcrumbList","@id":"https:\/\/www.csj-emballages.com\/de\/produit\/100-versiegelbare-einwegschalen-aus-kunststoff-250-ml\/#breadcrumb","itemListElement":[{"@type":"ListItem","position":1,"name":"Accueil","item":"https:\/\/www.csj-emballages.com\/de\/universum-lebensmittelverpackungen\/"},{"@type":"ListItem","position":2,"name":"Shop","item":"https:\/\/www.csj-emballages.com\/shop\/"},{"@type":"ListItem","position":3,"name":"100 versiegelbare Einwegschalen aus Kunststoff 250 ml"}]},{"@type":"WebSite","@id":"https:\/\/www.csj-emballages.com\/de\/#website","url":"https:\/\/www.csj-emballages.com\/de\/","name":"CSJ Emballages","description":"","publisher":{"@id":"https:\/\/www.csj-emballages.com\/de\/#organization"},"potentialAction":[{"@type":"SearchAction","target":{"@type":"EntryPoint","urlTemplate":"https:\/\/www.csj-emballages.com\/de\/?s={search_term_string}"},"query-input":{"@type":"PropertyValueSpecification","valueRequired":true,"valueName":"search_term_string"}}],"inLanguage":"de"},{"@type":"Organization","@id":"https:\/\/www.csj-emballages.com\/de\/#Organization\/","name":"CSJ Emballages","url":"https:\/\/www.csj-emballages.com\/de\/","logo":{"@type":"ImageObject","inLanguage":"de","@id":"https:\/\/www.csj-emballages.com\/de\/#\/schema\/logo\/image\/","url":"https:\/\/www.csj-emballages.com\/wp-content\/uploads\/2023\/10\/logo_csj.webp","contentUrl":"https:\/\/www.csj-emballages.com\/wp-content\/uploads\/2023\/10\/logo_csj.webp","width":250,"height":95,"caption":"CSJ Emballages"},"image":{"@id":"https:\/\/www.csj-emballages.com\/de\/#\/schema\/logo\/image\/"},"sameAs":["https:\/\/www.facebook.com\/csjemballages"],"address":{"@type":"PostalAddress","streetAddress":"ZI La Lechere","addressLocality":"Patornay","postalCode":"39130","addressCountry":"FR"},"contactPoint":[{"@type":"ContactPoint","contactType":"Service client","telephone":"0384254272","email":"contact@csj-emballages.com"}]}]}},"df_price":4.43,"df_sale_price":"","df_regular_price":4.43,"df_image_link":"https:\/\/www.csj-emballages.com\/wp-content\/uploads\/2024\/03\/CL250TP-300x300.webp","tiered_pricing_type":"fixed","tiered_pricing_fixed_rules":[],"tiered_pricing_percentage_rules":[],"tiered_pricing_minimum":1,"tiered_pricing_roles_data":[],"_links":{"self":[{"href":"https:\/\/www.csj-emballages.com\/de\/wp-json\/wp\/v2\/product\/24133","targetHints":{"allow":["GET"]}}],"collection":[{"href":"https:\/\/www.csj-emballages.com\/de\/wp-json\/wp\/v2\/product"}],"about":[{"href":"https:\/\/www.csj-emballages.com\/de\/wp-json\/wp\/v2\/types\/product"}],"wp:featuredmedia":[{"embeddable":true,"href":"https:\/\/www.csj-emballages.com\/de\/wp-json\/wp\/v2\/media\/219632"}],"wp:attachment":[{"href":"https:\/\/www.csj-emballages.com\/de\/wp-json\/wp\/v2\/media?parent=24133"}],"wp:term":[{"taxonomy":"product_brand","embeddable":true,"href":"https:\/\/www.csj-emballages.com\/de\/wp-json\/wp\/v2\/product_brand?post=24133"},{"taxonomy":"product_cat","embeddable":true,"href":"https:\/\/www.csj-emballages.com\/de\/wp-json\/wp\/v2\/product_cat?post=24133"},{"taxonomy":"product_tag","embeddable":true,"href":"https:\/\/www.csj-emballages.com\/de\/wp-json\/wp\/v2\/product_tag?post=24133"}],"curies":[{"name":"wp","href":"https:\/\/api.w.org\/{rel}","templated":true}]}}