{"id":24102,"date":"2024-03-01T16:47:31","date_gmt":"2024-03-01T15:47:31","guid":{"rendered":"https:\/\/u15jnbdpoq.preview.infomaniak.website\/produit\/45-dessertschalen-aus-kunststoff-rpet-kristall-200-ml-o99\/"},"modified":"2026-05-12T12:02:03","modified_gmt":"2026-05-12T10:02:03","slug":"45-dessertschalen-aus-kunststoff-rpet-kristall-200-ml-o99","status":"publish","type":"product","link":"https:\/\/www.csj-emballages.com\/de\/produit\/45-dessertschalen-aus-kunststoff-rpet-kristall-200-ml-o99\/","title":{"rendered":"Dessertschalen aus Kunststoff RPET 200 ml \u00d899 pro 60"},"content":{"rendered":"<div style=\"font-family: Roboto, sans-serif\">\n<div style=\"font-family: Roboto, sans-serif\">\n<div style=\"font-family: Roboto, sans-serif\">\n<div style=\"font-family: Roboto, sans-serif\">\n<div style=\"font-family: Roboto, sans-serif\">\n<div style=\"font-family: Roboto, sans-serif\">\n<div style=\"font-family: Roboto, sans-serif\">\n<div style=\"font-family: Roboto, sans-serif\">\n<div style=\"font-family: Roboto, sans-serif\">\n<div style=\"font-family: Roboto, sans-serif\">\n<div style=\"font-family: Roboto, sans-serif\">\n<div style=\"font-family: Roboto, sans-serif\">\n<div style=\"font-family: Roboto, sans-serif\">\n<div class=\"flex flex-grow flex-col max-w-full\">\n<div class=\"min-h-[20px] text-message flex flex-col items-start whitespace-pre-wrap break-words [.text-message+&amp;]:mt-5 juice:w-full juice:items-end overflow-x-auto gap-2\" dir=\"auto\" data-message-author-role=\"assistant\" data-message-id=\"2034782e-88f9-44ef-b4dc-07dd7bf0115f\">\n<div class=\"flex w-full flex-col gap-1 juice:empty:hidden juice:first:pt-[3px]\">\n<div class=\"markdown prose w-full break-words dark:prose-invert light\">\n<div style=\"font-family: Roboto, sans-serif\">\n<div style=\"font-family: Roboto, sans-serif\">\n<div style=\"font-family: Roboto, sans-serif\">\n<div style=\"font-family: Roboto, sans-serif\">\n<div style=\"font-family: Roboto, sans-serif\">\n<div style=\"font-family: Roboto, sans-serif\">\n<h2>Dessertschale<\/h2>\n<div style=\"font-family: Roboto, sans-serif\">\n<div style=\"font-family: Roboto, sans-serif\">\n<div style=\"font-family: Roboto, sans-serif\">\n<div style=\"text-align: center\">\n<div style=\"font-family: Roboto, sans-serif\">\n<div style=\"font-family: Roboto, sans-serif\">\n<div style=\"font-family: Roboto, sans-serif\">\n<div style=\"font-family: Roboto, sans-serif\">\n<div style=\"font-family: Roboto, sans-serif\">\n<div style=\"font-family: Roboto, sans-serif;text-align: left\">\n<hr>\n<h3 style=\"text-align: left\">Beschreibung von unserem Dessertbecher aus Plastik RPET 200 ml \u00d899 pro 60<\/h3>\n<h3 style=\"text-align: left\"><!--more--><\/h3>\n<\/div>\n<\/div>\n<\/div>\n<\/div>\n<\/div>\n<\/div>\n<\/div>\n<\/div>\n<\/div>\n<\/div>\n<\/div>\n<\/div>\n<\/div>\n<\/div>\n<\/div>\n<\/div>\n<\/div>\n<\/div>\n<\/div>\n<\/div>\n<div class=\"flex flex-grow flex-col max-w-full\">\n<div class=\"min-h-[20px] text-message flex flex-col items-start whitespace-pre-wrap break-words [.text-message+&amp;]:mt-5 juice:w-full juice:items-end overflow-x-auto gap-2\" dir=\"auto\" data-message-author-role=\"assistant\" data-message-id=\"2034782e-88f9-44ef-b4dc-07dd7bf0115f\">\n<div class=\"flex w-full flex-col gap-1 juice:empty:hidden juice:first:pt-[3px]\">\n<div class=\"markdown prose w-full break-words dark:prose-invert light\">\n<div style=\"font-family: Roboto, sans-serif\">\n<div style=\"font-family: Roboto, sans-serif\">\n<div style=\"font-family: Roboto, sans-serif\">\n<div style=\"font-family: Roboto, sans-serif\">\n<div style=\"font-family: Roboto, sans-serif\">\n<div style=\"font-family: Roboto, sans-serif\">\n<p>Diese vielseitige <strong>Dessertschale<\/strong>, mit der Sie Ihre Desserts, Vorspeisen oder H\u00e4ppchen verfeinern k\u00f6nnen, vereint Zweckm\u00e4\u00dfigkeit, \u00c4sthetik und \u00f6kologische Verantwortung. Sie besteht aus <strong>RPET-Kunststoff<\/strong>, einem recycelten Material, und bietet eine nachhaltige L\u00f6sung, die gleichzeitig die Anforderungen von Gastronomie, Catering und Veranstaltungsorganisatoren erf\u00fcllt. <\/p>\n<p>Mit einem <strong>Fassungsverm\u00f6gen von 200 ml<\/strong><strong>und<\/strong> seinen kompakten Abmessungen<strong>(\u00d899 mm und H\u00f6he 45 mm<\/strong>) ist er leicht zu handhaben und bringt Ihre Kreationen zur Geltung. Der transparente und elegante Beh\u00e4lter erm\u00f6glicht es Ihnen, die Texturen, Farben und \u00dcberlagerungen Ihrer Zubereitungen zu vergr\u00f6\u00dfern und so einen garantierten visuellen Eindruck zu erzielen. <\/p>\n<p>Diese leichte und widerstandsf\u00e4hige Schale ist ideal f\u00fcr den praktischen und schnellen Gebrauch, ohne Kompromisse bei der Qualit\u00e4t oder \u00c4sthetik einzugehen. Ob f\u00fcr ein Buffet, einen Cocktail oder einen Empfang, sie f\u00fcgt sich perfekt in all Ihre Inszenierungen ein und spiegelt gleichzeitig ein umweltbewusstes Engagement wider. <\/p>\n<p>Entscheiden Sie sich f\u00fcr diese <strong>RPET-Dessertschale<\/strong>, um bei all Ihren Gourmet-Pr\u00e4sentationen Stil, Funktionalit\u00e4t und Umweltfreundlichkeit zu vereinen.<\/p>\n<p>&nbsp;<\/p>\n<\/div>\n<\/div>\n<\/div>\n<\/div>\n<\/div>\n<\/div>\n<\/div>\n<\/div>\n<\/div>\n<\/div>\n<\/div>\n<\/div>\n<\/div>\n<\/div>\n<\/div>\n<\/div>\n<\/div>\n<\/div>\n<\/div>\n<\/div>\n<\/div>\n<\/div>\n<\/div>\n<div style=\"font-family: Roboto, sans-serif\">\n<div style=\"font-family: Roboto, sans-serif\">\n<div style=\"font-family: Roboto, sans-serif\">\n<div style=\"font-family: Roboto, sans-serif\">\n<div style=\"font-family: Roboto, sans-serif\">\n<div style=\"font-family: Roboto, sans-serif\">\n<div style=\"font-family: Roboto, sans-serif\">\n<div style=\"font-family: Roboto, sans-serif\">\n<div style=\"font-family: Roboto, sans-serif\">\n<div style=\"font-family: Roboto, sans-serif\">\n<div style=\"font-family: Roboto, sans-serif\">\n<div style=\"font-family: Roboto, sans-serif\">\n<div style=\"font-family: Roboto, sans-serif\">\n<div class=\"flex flex-grow flex-col max-w-full\">\n<div class=\"min-h-[20px] text-message flex flex-col items-start whitespace-pre-wrap break-words [.text-message+&amp;]:mt-5 juice:w-full juice:items-end overflow-x-auto gap-2\" dir=\"auto\" data-message-author-role=\"assistant\" data-message-id=\"2034782e-88f9-44ef-b4dc-07dd7bf0115f\">\n<div class=\"flex w-full flex-col gap-1 juice:empty:hidden juice:first:pt-[3px]\">\n<div class=\"markdown prose w-full break-words dark:prose-invert light\">\n<div style=\"font-family: Roboto, sans-serif\">\n<div style=\"font-family: Roboto, sans-serif\">\n<div style=\"font-family: Roboto, sans-serif\">\n<div style=\"font-family: Roboto, sans-serif\">\n<div style=\"font-family: Roboto, sans-serif\">\n<div style=\"font-family: Roboto, sans-serif\">\n<p><!--more--><\/p>\n<h4 style=\"text-align: left\"><strong>Die Vorteile der Kunststoff-Dessertschalen RPET 200 ml \u00d899 von 60 :<\/strong><\/h4>\n<ul style=\"text-align: left\">\n<li><strong>\u00d6kologische Verantwortung<\/strong>: Hergestellt aus recyceltem RPET-Kunststoff, tr\u00e4gt sie dazu bei, die Umweltbelastung zu verringern und gleichzeitig einen nachhaltigen Ansatz aufzuwerten.<\/li>\n<li><strong>Vielseitig<\/strong>: Ideal zum Pr\u00e4sentieren von Desserts, Vorspeisen, Gl\u00e4sern oder Appetith\u00e4ppchen, passt sie sich an zahlreiche Verwendungszwecke an.<\/li>\n<li><strong>Gepflegte \u00c4sthetik<\/strong>: Durchsichtig, hebt sie die Farben und Texturen Ihrer Zubereitungen hervor und sorgt so f\u00fcr eine optimale optische Wirkung.<\/li>\n<li><strong>Gewerbliche Nutzung und<\/strong> Veranstaltungen: Ideal f\u00fcr Caterer, Gastronomen oder Veranstaltungen wie Buffets, Cocktails oder Empf\u00e4nge.<\/li>\n<\/ul>\n<\/div>\n<\/div>\n<\/div>\n<\/div>\n<\/div>\n<\/div>\n<\/div>\n<\/div>\n<\/div>\n<\/div>\n<\/div>\n<\/div>\n<p>&nbsp;<\/p>\n<\/div>\n<\/div>\n<\/div>\n<\/div>\n<\/div>\n<\/div>\n<\/div>\n<\/div>\n<\/div>\n<\/div>\n<\/div>\n<p><!--more--><\/p>\n<h4>Weitere Informationen :<\/h4>\n<ul style=\"font-family: Roboto, sans-serif\">\n<li><strong>Verpackung<\/strong>: Packung mit 60 St\u00fcck<\/li>\n<li><strong>Wirtschaftlich: <\/strong>Diese Gl\u00e4ser sind wiederverwendbar.<\/li>\n<li><span style=\"font-weight: bold\">Gr\u00f6\u00dfe<\/span>: \u00d899 x 45 (\u00d8 oben x H in mm)<\/li>\n<li><strong>Volumen<\/strong>: 200 ml<\/li>\n<li><strong>Material<\/strong>: rPET<\/li>\n<\/ul>\n<p>&nbsp;<\/p>\n<p><!--more--><\/p>\n<p>Produkt in verschiedenen Gr\u00f6\u00dfen erh\u00e4ltlich : <span style=\"color: #d12727\"><a style=\"color: #d12727\" href=\"https:\/\/www.csj-emballages.com\/es\/produit\/45-vasos-de-postre-de-plastico-rpet-cristal-170-ml-o99\/\">TP170<\/a><\/span> \/ <span style=\"color: #d12727\"><a style=\"color: #d12727\" href=\"https:\/\/www.csj-emballages.com\/produit\/45-coupes-a-dessert-plastique-rpet-cristal-300-ml-o99\/\">TP300<\/a><\/span><\/p>\n<p>&nbsp;<\/p>\n<p><!--more--><\/p>\n<p>Hier finden Sie den Deckel, der f\u00fcr diese Dessertschale entworfen wurde : <span style=\"color: #d12727\"><a style=\"color: #d12727\" href=\"https:\/\/www.csj-emballages.com\/produit\/45-couvercles-plastique-rpet-o99-tp170-tp200-tp300\/\">COUVTP<\/a><\/span><\/p>\n<p>&nbsp;<\/p>\n<p style=\"text-align: left\"><!--more--><\/p>\n<p><a href=\"https:\/\/www.csj-emballages.com\/de\/categorie-produit\/lebensmittelverpackungen\/metzgerei-und-feinkostgeschaft\/schalen-topfe-glaser\/dessertschalen\/\">Sehen Sie sich den Rest unseres Sortiments an Dessertschalen an<\/a><\/p>\n","protected":false},"excerpt":{"rendered":"<p>Dessertschale Beschreibung von unserem Dessertbecher aus Plastik RPET 200 ml \u00d899 pro 60<\/p>\n","protected":false},"featured_media":215639,"template":"","meta":{"_acf_changed":false},"product_brand":[],"product_cat":[1137,1170,1279,1464],"product_tag":[],"class_list":{"0":"post-24102","1":"product","2":"type-product","3":"status-publish","4":"has-post-thumbnail","6":"product_cat-lebensmittelverpackungen","7":"product_cat-metzgerei-und-feinkostgeschaft","8":"product_cat-schalen-topfe-glaser","9":"product_cat-dessertschalen","11":"first","12":"instock","13":"taxable","14":"shipping-taxable","15":"purchasable","16":"product-type-simple"},"acf":[],"yoast_head":"<!-- This site is optimized with the Yoast SEO Premium plugin v26.6 (Yoast SEO v26.6) - https:\/\/yoast.com\/wordpress\/plugins\/seo\/ -->\n<title>Dessertbecher Kunststoff RPET \u00d899 mm - 200 ml<\/title>\n<meta name=\"description\" content=\"Entdecken Sie unsere Dessertschale aus Kunststoff RPET 200 ml \u00d899 x 45 mm: elegant, widerstandsf\u00e4hig und umweltfreundlich. Perfekt f\u00fcr Ihre Desserts, Vorspeisen und Buffets.\" \/>\n<meta name=\"robots\" content=\"index, follow, max-snippet:-1, max-image-preview:large, max-video-preview:-1\" \/>\n<link rel=\"canonical\" href=\"https:\/\/www.csj-emballages.com\/de\/produit\/45-dessertschalen-aus-kunststoff-rpet-kristall-200-ml-o99\/\" \/>\n<meta property=\"og:locale\" content=\"de_DE\" \/>\n<meta property=\"og:type\" content=\"article\" \/>\n<meta property=\"og:title\" content=\"Dessertschalen aus Kunststoff RPET 200 ml \u00d899 pro 60\" \/>\n<meta property=\"og:description\" content=\"Entdecken Sie unsere Dessertschale aus Kunststoff RPET 200 ml \u00d899 x 45 mm: elegant, widerstandsf\u00e4hig und umweltfreundlich. Perfekt f\u00fcr Ihre Desserts, Vorspeisen und Buffets.\" \/>\n<meta property=\"og:url\" content=\"https:\/\/www.csj-emballages.com\/de\/produit\/45-dessertschalen-aus-kunststoff-rpet-kristall-200-ml-o99\/\" \/>\n<meta property=\"og:site_name\" content=\"CSJ Emballages\" \/>\n<meta property=\"article:publisher\" content=\"https:\/\/www.facebook.com\/csjemballages\" \/>\n<meta property=\"article:modified_time\" content=\"2026-05-12T10:02:03+00:00\" \/>\n<meta property=\"og:image\" content=\"https:\/\/www.csj-emballages.com\/wp-content\/uploads\/2024\/03\/TP200.webp\" \/>\n\t<meta property=\"og:image:width\" content=\"800\" \/>\n\t<meta property=\"og:image:height\" content=\"800\" \/>\n\t<meta property=\"og:image:type\" content=\"image\/webp\" \/>\n<meta name=\"twitter:card\" content=\"summary_large_image\" \/>\n<meta name=\"twitter:label1\" content=\"Gesch\u00e4tzte Lesezeit\" \/>\n\t<meta name=\"twitter:data1\" content=\"2 Minuten\" \/>\n<script type=\"application\/ld+json\" class=\"yoast-schema-graph\">{\"@context\":\"https:\/\/schema.org\",\"@graph\":[{\"@type\":\"WebPage\",\"@id\":\"https:\/\/www.csj-emballages.com\/de\/produit\/45-dessertschalen-aus-kunststoff-rpet-kristall-200-ml-o99\/\",\"url\":\"https:\/\/www.csj-emballages.com\/de\/produit\/45-dessertschalen-aus-kunststoff-rpet-kristall-200-ml-o99\/\",\"name\":\"Dessertbecher Kunststoff RPET \u00d899 mm - 200 ml\",\"isPartOf\":{\"@id\":\"https:\/\/www.csj-emballages.com\/de\/#website\"},\"primaryImageOfPage\":{\"@id\":\"https:\/\/www.csj-emballages.com\/de\/produit\/45-dessertschalen-aus-kunststoff-rpet-kristall-200-ml-o99\/#primaryimage\"},\"image\":{\"@id\":\"https:\/\/www.csj-emballages.com\/de\/produit\/45-dessertschalen-aus-kunststoff-rpet-kristall-200-ml-o99\/#primaryimage\"},\"thumbnailUrl\":\"https:\/\/www.csj-emballages.com\/wp-content\/uploads\/2024\/03\/TP200.webp\",\"datePublished\":\"2024-03-01T15:47:31+00:00\",\"dateModified\":\"2026-05-12T10:02:03+00:00\",\"description\":\"Entdecken Sie unsere Dessertschale aus Kunststoff RPET 200 ml \u00d899 x 45 mm: elegant, widerstandsf\u00e4hig und umweltfreundlich. Perfekt f\u00fcr Ihre Desserts, Vorspeisen und Buffets.\",\"breadcrumb\":{\"@id\":\"https:\/\/www.csj-emballages.com\/de\/produit\/45-dessertschalen-aus-kunststoff-rpet-kristall-200-ml-o99\/#breadcrumb\"},\"inLanguage\":\"de\",\"potentialAction\":[{\"@type\":\"ReadAction\",\"target\":[\"https:\/\/www.csj-emballages.com\/de\/produit\/45-dessertschalen-aus-kunststoff-rpet-kristall-200-ml-o99\/\"]}]},{\"@type\":\"ImageObject\",\"inLanguage\":\"de\",\"@id\":\"https:\/\/www.csj-emballages.com\/de\/produit\/45-dessertschalen-aus-kunststoff-rpet-kristall-200-ml-o99\/#primaryimage\",\"url\":\"https:\/\/www.csj-emballages.com\/wp-content\/uploads\/2024\/03\/TP200.webp\",\"contentUrl\":\"https:\/\/www.csj-emballages.com\/wp-content\/uploads\/2024\/03\/TP200.webp\",\"width\":800,\"height\":800,\"caption\":\"Coupe \u00e0 dessert\"},{\"@type\":\"BreadcrumbList\",\"@id\":\"https:\/\/www.csj-emballages.com\/de\/produit\/45-dessertschalen-aus-kunststoff-rpet-kristall-200-ml-o99\/#breadcrumb\",\"itemListElement\":[{\"@type\":\"ListItem\",\"position\":1,\"name\":\"Accueil\",\"item\":\"https:\/\/www.csj-emballages.com\/de\/universum-lebensmittelverpackungen\/\"},{\"@type\":\"ListItem\",\"position\":2,\"name\":\"Shop\",\"item\":\"https:\/\/www.csj-emballages.com\/shop\/\"},{\"@type\":\"ListItem\",\"position\":3,\"name\":\"Dessertschalen aus Kunststoff RPET 200 ml \u00d899 pro 60\"}]},{\"@type\":\"WebSite\",\"@id\":\"https:\/\/www.csj-emballages.com\/de\/#website\",\"url\":\"https:\/\/www.csj-emballages.com\/de\/\",\"name\":\"CSJ Emballages\",\"description\":\"\",\"publisher\":{\"@id\":\"https:\/\/www.csj-emballages.com\/de\/#organization\"},\"potentialAction\":[{\"@type\":\"SearchAction\",\"target\":{\"@type\":\"EntryPoint\",\"urlTemplate\":\"https:\/\/www.csj-emballages.com\/de\/?s={search_term_string}\"},\"query-input\":{\"@type\":\"PropertyValueSpecification\",\"valueRequired\":true,\"valueName\":\"search_term_string\"}}],\"inLanguage\":\"de\"},{\"@type\":\"Organization\",\"@id\":\"https:\/\/www.csj-emballages.com\/de\/#Organization\/\",\"name\":\"CSJ Emballages\",\"url\":\"https:\/\/www.csj-emballages.com\/de\/\",\"logo\":{\"@type\":\"ImageObject\",\"inLanguage\":\"de\",\"@id\":\"https:\/\/www.csj-emballages.com\/de\/#\/schema\/logo\/image\/\",\"url\":\"https:\/\/www.csj-emballages.com\/wp-content\/uploads\/2023\/10\/logo_csj.webp\",\"contentUrl\":\"https:\/\/www.csj-emballages.com\/wp-content\/uploads\/2023\/10\/logo_csj.webp\",\"width\":250,\"height\":95,\"caption\":\"CSJ Emballages\"},\"image\":{\"@id\":\"https:\/\/www.csj-emballages.com\/de\/#\/schema\/logo\/image\/\"},\"sameAs\":[\"https:\/\/www.facebook.com\/csjemballages\"],\"address\":{\"@type\":\"PostalAddress\",\"streetAddress\":\"ZI La Lechere\",\"addressLocality\":\"Patornay\",\"postalCode\":\"39130\",\"addressCountry\":\"FR\"},\"contactPoint\":[{\"@type\":\"ContactPoint\",\"contactType\":\"Service client\",\"telephone\":\"0384254272\",\"email\":\"contact@csj-emballages.com\"}]}]}<\/script>\n<!-- \/ Yoast SEO Premium plugin. -->","yoast_head_json":{"title":"Dessertbecher Kunststoff RPET \u00d899 mm - 200 ml","description":"Entdecken Sie unsere Dessertschale aus Kunststoff RPET 200 ml \u00d899 x 45 mm: elegant, widerstandsf\u00e4hig und umweltfreundlich. Perfekt f\u00fcr Ihre Desserts, Vorspeisen und Buffets.","robots":{"index":"index","follow":"follow","max-snippet":"max-snippet:-1","max-image-preview":"max-image-preview:large","max-video-preview":"max-video-preview:-1"},"canonical":"https:\/\/www.csj-emballages.com\/de\/produit\/45-dessertschalen-aus-kunststoff-rpet-kristall-200-ml-o99\/","og_locale":"de_DE","og_type":"article","og_title":"Dessertschalen aus Kunststoff RPET 200 ml \u00d899 pro 60","og_description":"Entdecken Sie unsere Dessertschale aus Kunststoff RPET 200 ml \u00d899 x 45 mm: elegant, widerstandsf\u00e4hig und umweltfreundlich. Perfekt f\u00fcr Ihre Desserts, Vorspeisen und Buffets.","og_url":"https:\/\/www.csj-emballages.com\/de\/produit\/45-dessertschalen-aus-kunststoff-rpet-kristall-200-ml-o99\/","og_site_name":"CSJ Emballages","article_publisher":"https:\/\/www.facebook.com\/csjemballages","article_modified_time":"2026-05-12T10:02:03+00:00","og_image":[{"width":800,"height":800,"url":"https:\/\/www.csj-emballages.com\/wp-content\/uploads\/2024\/03\/TP200.webp","type":"image\/webp"}],"twitter_card":"summary_large_image","twitter_misc":{"Gesch\u00e4tzte Lesezeit":"2 Minuten"},"schema":{"@context":"https:\/\/schema.org","@graph":[{"@type":"WebPage","@id":"https:\/\/www.csj-emballages.com\/de\/produit\/45-dessertschalen-aus-kunststoff-rpet-kristall-200-ml-o99\/","url":"https:\/\/www.csj-emballages.com\/de\/produit\/45-dessertschalen-aus-kunststoff-rpet-kristall-200-ml-o99\/","name":"Dessertbecher Kunststoff RPET \u00d899 mm - 200 ml","isPartOf":{"@id":"https:\/\/www.csj-emballages.com\/de\/#website"},"primaryImageOfPage":{"@id":"https:\/\/www.csj-emballages.com\/de\/produit\/45-dessertschalen-aus-kunststoff-rpet-kristall-200-ml-o99\/#primaryimage"},"image":{"@id":"https:\/\/www.csj-emballages.com\/de\/produit\/45-dessertschalen-aus-kunststoff-rpet-kristall-200-ml-o99\/#primaryimage"},"thumbnailUrl":"https:\/\/www.csj-emballages.com\/wp-content\/uploads\/2024\/03\/TP200.webp","datePublished":"2024-03-01T15:47:31+00:00","dateModified":"2026-05-12T10:02:03+00:00","description":"Entdecken Sie unsere Dessertschale aus Kunststoff RPET 200 ml \u00d899 x 45 mm: elegant, widerstandsf\u00e4hig und umweltfreundlich. Perfekt f\u00fcr Ihre Desserts, Vorspeisen und Buffets.","breadcrumb":{"@id":"https:\/\/www.csj-emballages.com\/de\/produit\/45-dessertschalen-aus-kunststoff-rpet-kristall-200-ml-o99\/#breadcrumb"},"inLanguage":"de","potentialAction":[{"@type":"ReadAction","target":["https:\/\/www.csj-emballages.com\/de\/produit\/45-dessertschalen-aus-kunststoff-rpet-kristall-200-ml-o99\/"]}]},{"@type":"ImageObject","inLanguage":"de","@id":"https:\/\/www.csj-emballages.com\/de\/produit\/45-dessertschalen-aus-kunststoff-rpet-kristall-200-ml-o99\/#primaryimage","url":"https:\/\/www.csj-emballages.com\/wp-content\/uploads\/2024\/03\/TP200.webp","contentUrl":"https:\/\/www.csj-emballages.com\/wp-content\/uploads\/2024\/03\/TP200.webp","width":800,"height":800,"caption":"Coupe \u00e0 dessert"},{"@type":"BreadcrumbList","@id":"https:\/\/www.csj-emballages.com\/de\/produit\/45-dessertschalen-aus-kunststoff-rpet-kristall-200-ml-o99\/#breadcrumb","itemListElement":[{"@type":"ListItem","position":1,"name":"Accueil","item":"https:\/\/www.csj-emballages.com\/de\/universum-lebensmittelverpackungen\/"},{"@type":"ListItem","position":2,"name":"Shop","item":"https:\/\/www.csj-emballages.com\/shop\/"},{"@type":"ListItem","position":3,"name":"Dessertschalen aus Kunststoff RPET 200 ml \u00d899 pro 60"}]},{"@type":"WebSite","@id":"https:\/\/www.csj-emballages.com\/de\/#website","url":"https:\/\/www.csj-emballages.com\/de\/","name":"CSJ Emballages","description":"","publisher":{"@id":"https:\/\/www.csj-emballages.com\/de\/#organization"},"potentialAction":[{"@type":"SearchAction","target":{"@type":"EntryPoint","urlTemplate":"https:\/\/www.csj-emballages.com\/de\/?s={search_term_string}"},"query-input":{"@type":"PropertyValueSpecification","valueRequired":true,"valueName":"search_term_string"}}],"inLanguage":"de"},{"@type":"Organization","@id":"https:\/\/www.csj-emballages.com\/de\/#Organization\/","name":"CSJ Emballages","url":"https:\/\/www.csj-emballages.com\/de\/","logo":{"@type":"ImageObject","inLanguage":"de","@id":"https:\/\/www.csj-emballages.com\/de\/#\/schema\/logo\/image\/","url":"https:\/\/www.csj-emballages.com\/wp-content\/uploads\/2023\/10\/logo_csj.webp","contentUrl":"https:\/\/www.csj-emballages.com\/wp-content\/uploads\/2023\/10\/logo_csj.webp","width":250,"height":95,"caption":"CSJ Emballages"},"image":{"@id":"https:\/\/www.csj-emballages.com\/de\/#\/schema\/logo\/image\/"},"sameAs":["https:\/\/www.facebook.com\/csjemballages"],"address":{"@type":"PostalAddress","streetAddress":"ZI La Lechere","addressLocality":"Patornay","postalCode":"39130","addressCountry":"FR"},"contactPoint":[{"@type":"ContactPoint","contactType":"Service client","telephone":"0384254272","email":"contact@csj-emballages.com"}]}]}},"df_price":4.84,"df_sale_price":"","df_regular_price":4.84,"df_image_link":"https:\/\/www.csj-emballages.com\/wp-content\/uploads\/2024\/03\/TP200-300x300.webp","tiered_pricing_type":"fixed","tiered_pricing_fixed_rules":[],"tiered_pricing_percentage_rules":[],"tiered_pricing_minimum":1,"tiered_pricing_roles_data":[],"_links":{"self":[{"href":"https:\/\/www.csj-emballages.com\/de\/wp-json\/wp\/v2\/product\/24102","targetHints":{"allow":["GET"]}}],"collection":[{"href":"https:\/\/www.csj-emballages.com\/de\/wp-json\/wp\/v2\/product"}],"about":[{"href":"https:\/\/www.csj-emballages.com\/de\/wp-json\/wp\/v2\/types\/product"}],"wp:featuredmedia":[{"embeddable":true,"href":"https:\/\/www.csj-emballages.com\/de\/wp-json\/wp\/v2\/media\/215639"}],"wp:attachment":[{"href":"https:\/\/www.csj-emballages.com\/de\/wp-json\/wp\/v2\/media?parent=24102"}],"wp:term":[{"taxonomy":"product_brand","embeddable":true,"href":"https:\/\/www.csj-emballages.com\/de\/wp-json\/wp\/v2\/product_brand?post=24102"},{"taxonomy":"product_cat","embeddable":true,"href":"https:\/\/www.csj-emballages.com\/de\/wp-json\/wp\/v2\/product_cat?post=24102"},{"taxonomy":"product_tag","embeddable":true,"href":"https:\/\/www.csj-emballages.com\/de\/wp-json\/wp\/v2\/product_tag?post=24102"}],"curies":[{"name":"wp","href":"https:\/\/api.w.org\/{rel}","templated":true}]}}