{"id":240815,"date":"2025-08-20T08:20:58","date_gmt":"2025-08-20T06:20:58","guid":{"rendered":"https:\/\/www.csj-emballages.com\/produit\/gefrierbeutel-zip-40-mikron-30-x-40-cm-pro-10\/"},"modified":"2026-04-17T02:12:34","modified_gmt":"2026-04-17T00:12:34","slug":"gefrierbeutel-zip-40-mikron-30-x-40-cm-pro-10","status":"publish","type":"product","link":"https:\/\/www.csj-emballages.com\/de\/produit\/gefrierbeutel-zip-40-mikron-30-x-40-cm-pro-10\/","title":{"rendered":"Gefrierbeutel Zip 40 Mikron 30 x 40 cm pro 10"},"content":{"rendered":"<div style=\"font-family: Roboto, sans-serif;\">\n<div style=\"font-family: Roboto, sans-serif;\">\n<div style=\"font-family: Roboto, sans-serif;\">\n<div style=\"font-family: Roboto, sans-serif;\">\n<div style=\"font-family: Roboto, sans-serif;\">\n<div style=\"font-family: Roboto, sans-serif;\">\n<h2><strong style=\"font-family: Roboto, sans-serif;\">Gefrierbeutel  <\/strong><\/h2>\n<div style=\"font-family: Roboto, sans-serif;\">\n<div style=\"font-family: Roboto, sans-serif;\">\n<div style=\"font-family: Roboto, sans-serif;\">\n<div style=\"text-align: center;\">\n<div style=\"font-family: Roboto, sans-serif;\">\n<div style=\"font-family: Roboto, sans-serif;\">\n<div style=\"font-family: Roboto, sans-serif;\">\n<div style=\"font-family: Roboto, sans-serif;\">\n<div style=\"font-family: Roboto, sans-serif;\">\n<div style=\"font-family: Roboto, sans-serif; text-align: left;\">\n<hr>\n<h3 style=\"text-align: left;\">Beschreibung unseres Gefrierbeutels mit Rei\u00dfverschluss 40 Mikron 30 x 40 cm pro 10 St\u00fcck<\/h3>\n<p><!--more--><\/p>\n<p data-start=\"233\" data-end=\"570\">Diese praktischen, robusten und sicheren <strong data-start=\"265\" data-end=\"320\">Gefrierbeutel mit 40 Mikron-Zipper 30 x 40 cm (10 St\u00fcck)<\/strong> sind ein unverzichtbares Zubeh\u00f6r, um Ihre Lebensmittel unter den besten Bedingungen aufzubewahren. Sie wurden f\u00fcr die Bed\u00fcrfnisse sowohl von Privatpersonen als auch von Unternehmen entwickelt und vereinen <strong data-start=\"510\" data-end=\"567\">Qualit\u00e4t, Zweckm\u00e4\u00dfigkeit und die Einhaltung von Lebensmittelstandards<\/strong>. <\/p>\n<p data-start=\"572\" data-end=\"1080\">Dank des <strong data-start=\"585\" data-end=\"610\">wasserdichten Rei\u00dfverschlusses<\/strong> k\u00f6nnen Sie Ihre Zubereitungen lagern, ohne dass etwas ausl\u00e4uft oder sich ein Geruch im Gefrierschrank ausbreitet. Die <strong>Gefrierbeutel<\/strong> bestehen aus <strong data-start=\"762\" data-end=\"788\">40 Mikrometer dickem<\/strong> Kunststoff, was ihnen eine ausgezeichnete Rei\u00dffestigkeit und eine l\u00e4ngere Haltbarkeit f\u00fcr Ihre Lebensmittel verleiht. Dank seines Formats von <strong>30 x 40 cm<\/strong> eignet sich der <strong>Gefrierbeutel<\/strong> ideal f\u00fcr Einzelportionen, geschnittenes Obst, Essensreste oder auch Fleisch und Fisch zum Einfrieren.  <\/p>\n<p data-start=\"1082\" data-end=\"1444\">Sie sind nicht nur zum Einfrieren geeignet, sondern k\u00f6nnen auch kalt verwendet werden, um Lebensmittel im K\u00fchlschrank aufzubewahren, Snacks zu transportieren oder sogar kleine Alltagsgegenst\u00e4nde zu verstauen. Da sie vollst\u00e4ndig <strong data-start=\"1308\" data-end=\"1323\">recycelbar<\/strong> sind, tragen sie zu einem verantwortungsbewussteren Verhalten bei und sind gleichzeitig perfekt f\u00fcr den <strong data-start=\"1418\" data-end=\"1441\">Kontakt mit Lebensmitteln<\/strong> geeignet. <\/p>\n<p data-start=\"1446\" data-end=\"1708\">Au\u00dferdem ist jeder Beutel <strong data-start=\"1464\" data-end=\"1475\">gencodiert<\/strong>, was die Lagerverwaltung und die Nachverfolgung f\u00fcr Profis vereinfacht. Ob Caterer, Restaurantbesitzer oder Privatperson, die ihre Vorr\u00e4te gut organisieren m\u00f6chte, diese <strong>Zip-Gefrierbeutel<\/strong> sind die L\u00f6sung. <\/p>\n<p data-start=\"1710\" data-end=\"1845\">Kurz gesagt: Ihre Produkte werden gesch\u00fctzt, bewahrt und Ihr Gefrierschrank bleibt perfekt geordnet.<\/p>\n<p data-start=\"1710\" data-end=\"1845\">\n<\/div>\n<\/div>\n<\/div>\n<\/div>\n<\/div>\n<\/div>\n<\/div>\n<\/div>\n<\/div>\n<\/div>\n<p><!--more--><\/p>\n<h4 style=\"text-align: left;\"><strong>Vorteile :<\/strong><\/h4>\n<ul style=\"text-align: left;\">\n<li>Wasserdichter und praktischer Rei\u00dfverschluss.<\/li>\n<li><strong>Verst\u00e4rkte Festigkeit<\/strong>: 40 Mikron dick.<\/li>\n<li>Verwendung in kaltem Zustand oder zum Einfrieren.<\/li>\n<li>100 % recycelbar und umweltfreundlich.<\/li>\n<li>Garantierter Lebensmittelkontakt.<\/li>\n<li>Gencodierter Artikel f\u00fcr eine bessere Verwaltung.<\/li>\n<\/ul>\n<\/div>\n<div style=\"font-family: Roboto, sans-serif;\"><\/div>\n<\/div>\n<\/div>\n<\/div>\n<\/div>\n<\/div>\n<p><!--more--><\/p>\n<div style=\"font-family: Roboto, sans-serif;\">\n<div style=\"font-family: Roboto, sans-serif;\">\n<div style=\"font-family: Roboto, sans-serif;\">\n<h4>Weitere Informationen :<\/h4>\n<ul>\n<li><strong>Verpackung<\/strong>: Packung mit 10 St\u00fcck<\/li>\n<li><strong>Ma\u00dfe<\/strong>: 30 x 40 cm<\/li>\n<li><strong>Widerstand<\/strong>: 40 Mikron<\/li>\n<\/ul>\n<div style=\"font-family: Roboto, sans-serif;\">\n<div style=\"font-family: Roboto, sans-serif;\">\n<div style=\"font-family: Roboto, sans-serif;\">\n<div style=\"font-family: Roboto, sans-serif;\">\n<div style=\"font-family: Roboto, sans-serif;\">\n<div style=\"font-family: Roboto, sans-serif;\">\n<p>&nbsp;<\/p>\n<p><!--more--><\/p>\n<p>Dieses Produkt gibt es in verschiedenen Gr\u00f6\u00dfen : <span style=\"color: #d12727;\"><a style=\"color: #d12727;\" href=\"https:\/\/www.csj-emballages.com\/de\/produit\/gefrierbeutel-zip-40-mikron-18-x-22-cm-pro-20\/\">18 x 22 cm<\/a><\/span> \/ <span style=\"color: #d12727;\"><a style=\"color: #d12727;\" href=\"https:\/\/www.csj-emballages.com\/de\/produit\/gefrierbeutel-zip-40-mikron-20-x-32-cm-pro-20\/\">20 x 32 cm<\/a><\/span><\/p>\n<p>&nbsp;<\/p>\n<\/div>\n<\/div>\n<\/div>\n<\/div>\n<\/div>\n<\/div>\n<\/div>\n<\/div>\n<\/div>\n<div style=\"font-family: Roboto, sans-serif;\">\n<div style=\"font-family: Roboto, sans-serif;\">\n<div style=\"font-family: Roboto, sans-serif;\">\n<p><!--more--><\/p>\n<p><a href=\"\/?product_cat=sacs-sous-vide-lisses-90-\u03bcm\">Sehen Sie sich den Rest unseres Sortiments an Zip-Gefrierbeuteln an<\/a><\/p>\n<\/div>\n<\/div>\n<\/div>\n","protected":false},"excerpt":{"rendered":"<p>Gefrierbeutel Beschreibung unseres Gefrierbeutels mit Rei\u00dfverschluss 40 Mikron 30 x 40 cm pro 10 St\u00fcck<\/p>\n","protected":false},"featured_media":240810,"template":"","meta":{"_acf_changed":false},"product_brand":[],"product_cat":[1137,1170,3962,9395],"product_tag":[],"class_list":{"0":"post-240815","1":"product","2":"type-product","3":"status-publish","4":"has-post-thumbnail","6":"product_cat-lebensmittelverpackungen","7":"product_cat-metzgerei-und-feinkostgeschaft","8":"product_cat-sacke-und-beutel","9":"product_cat-gefrierbeutel","11":"first","12":"instock","13":"taxable","14":"shipping-taxable","15":"purchasable","16":"product-type-simple"},"acf":[],"yoast_head":"<!-- This site is optimized with the Yoast SEO Premium plugin v26.6 (Yoast SEO v26.6) - https:\/\/yoast.com\/wordpress\/plugins\/seo\/ -->\n<title>Gefrierbeutel Zip 40 Microns 30 x 40 cm pro 10<\/title>\n<meta name=\"description\" content=\"Gefrierbeutel mit Rei\u00dfverschluss 40 Mikron 30 x 40 cm pro 10: widerstandsf\u00e4hig, recycelbar und mit Lebensmittelkontakt, f\u00fcr eine praktische und sichere Aufbewahrung.\" \/>\n<meta name=\"robots\" content=\"index, follow, max-snippet:-1, max-image-preview:large, max-video-preview:-1\" \/>\n<link rel=\"canonical\" href=\"https:\/\/www.csj-emballages.com\/de\/produit\/gefrierbeutel-zip-40-mikron-30-x-40-cm-pro-10\/\" \/>\n<meta property=\"og:locale\" content=\"de_DE\" \/>\n<meta property=\"og:type\" content=\"article\" \/>\n<meta property=\"og:title\" content=\"Gefrierbeutel Zip 40 Mikron 30 x 40 cm pro 10\" \/>\n<meta property=\"og:description\" content=\"Gefrierbeutel mit Rei\u00dfverschluss 40 Mikron 30 x 40 cm pro 10: widerstandsf\u00e4hig, recycelbar und mit Lebensmittelkontakt, f\u00fcr eine praktische und sichere Aufbewahrung.\" \/>\n<meta property=\"og:url\" content=\"https:\/\/www.csj-emballages.com\/de\/produit\/gefrierbeutel-zip-40-mikron-30-x-40-cm-pro-10\/\" \/>\n<meta property=\"og:site_name\" content=\"CSJ Emballages\" \/>\n<meta property=\"article:publisher\" content=\"https:\/\/www.facebook.com\/csjemballages\" \/>\n<meta property=\"article:modified_time\" content=\"2026-04-17T00:12:34+00:00\" \/>\n<meta property=\"og:image\" content=\"https:\/\/www.csj-emballages.com\/wp-content\/uploads\/2025\/08\/CONZ3040.webp\" \/>\n\t<meta property=\"og:image:width\" content=\"800\" \/>\n\t<meta property=\"og:image:height\" content=\"800\" \/>\n\t<meta property=\"og:image:type\" content=\"image\/webp\" \/>\n<meta name=\"twitter:card\" content=\"summary_large_image\" \/>\n<meta name=\"twitter:label1\" content=\"Gesch\u00e4tzte Lesezeit\" \/>\n\t<meta name=\"twitter:data1\" content=\"2 Minuten\" \/>\n<script type=\"application\/ld+json\" class=\"yoast-schema-graph\">{\"@context\":\"https:\/\/schema.org\",\"@graph\":[{\"@type\":\"WebPage\",\"@id\":\"https:\/\/www.csj-emballages.com\/de\/produit\/gefrierbeutel-zip-40-mikron-30-x-40-cm-pro-10\/\",\"url\":\"https:\/\/www.csj-emballages.com\/de\/produit\/gefrierbeutel-zip-40-mikron-30-x-40-cm-pro-10\/\",\"name\":\"Gefrierbeutel Zip 40 Microns 30 x 40 cm pro 10\",\"isPartOf\":{\"@id\":\"https:\/\/www.csj-emballages.com\/de\/#website\"},\"primaryImageOfPage\":{\"@id\":\"https:\/\/www.csj-emballages.com\/de\/produit\/gefrierbeutel-zip-40-mikron-30-x-40-cm-pro-10\/#primaryimage\"},\"image\":{\"@id\":\"https:\/\/www.csj-emballages.com\/de\/produit\/gefrierbeutel-zip-40-mikron-30-x-40-cm-pro-10\/#primaryimage\"},\"thumbnailUrl\":\"https:\/\/www.csj-emballages.com\/wp-content\/uploads\/2025\/08\/CONZ3040.webp\",\"datePublished\":\"2025-08-20T06:20:58+00:00\",\"dateModified\":\"2026-04-17T00:12:34+00:00\",\"description\":\"Gefrierbeutel mit Rei\u00dfverschluss 40 Mikron 30 x 40 cm pro 10: widerstandsf\u00e4hig, recycelbar und mit Lebensmittelkontakt, f\u00fcr eine praktische und sichere Aufbewahrung.\",\"breadcrumb\":{\"@id\":\"https:\/\/www.csj-emballages.com\/de\/produit\/gefrierbeutel-zip-40-mikron-30-x-40-cm-pro-10\/#breadcrumb\"},\"inLanguage\":\"de\",\"potentialAction\":[{\"@type\":\"ReadAction\",\"target\":[\"https:\/\/www.csj-emballages.com\/de\/produit\/gefrierbeutel-zip-40-mikron-30-x-40-cm-pro-10\/\"]}]},{\"@type\":\"ImageObject\",\"inLanguage\":\"de\",\"@id\":\"https:\/\/www.csj-emballages.com\/de\/produit\/gefrierbeutel-zip-40-mikron-30-x-40-cm-pro-10\/#primaryimage\",\"url\":\"https:\/\/www.csj-emballages.com\/wp-content\/uploads\/2025\/08\/CONZ3040.webp\",\"contentUrl\":\"https:\/\/www.csj-emballages.com\/wp-content\/uploads\/2025\/08\/CONZ3040.webp\",\"width\":800,\"height\":800,\"caption\":\"Sac cong\u00e9lation\u00a0\"},{\"@type\":\"BreadcrumbList\",\"@id\":\"https:\/\/www.csj-emballages.com\/de\/produit\/gefrierbeutel-zip-40-mikron-30-x-40-cm-pro-10\/#breadcrumb\",\"itemListElement\":[{\"@type\":\"ListItem\",\"position\":1,\"name\":\"Accueil\",\"item\":\"https:\/\/www.csj-emballages.com\/de\/universum-lebensmittelverpackungen\/\"},{\"@type\":\"ListItem\",\"position\":2,\"name\":\"Shop\",\"item\":\"https:\/\/www.csj-emballages.com\/shop\/\"},{\"@type\":\"ListItem\",\"position\":3,\"name\":\"Gefrierbeutel Zip 40 Mikron 30 x 40 cm pro 10\"}]},{\"@type\":\"WebSite\",\"@id\":\"https:\/\/www.csj-emballages.com\/de\/#website\",\"url\":\"https:\/\/www.csj-emballages.com\/de\/\",\"name\":\"CSJ Emballages\",\"description\":\"\",\"publisher\":{\"@id\":\"https:\/\/www.csj-emballages.com\/de\/#organization\"},\"potentialAction\":[{\"@type\":\"SearchAction\",\"target\":{\"@type\":\"EntryPoint\",\"urlTemplate\":\"https:\/\/www.csj-emballages.com\/de\/?s={search_term_string}\"},\"query-input\":{\"@type\":\"PropertyValueSpecification\",\"valueRequired\":true,\"valueName\":\"search_term_string\"}}],\"inLanguage\":\"de\"},{\"@type\":\"Organization\",\"@id\":\"https:\/\/www.csj-emballages.com\/de\/#Organization\/\",\"name\":\"CSJ Emballages\",\"url\":\"https:\/\/www.csj-emballages.com\/de\/\",\"logo\":{\"@type\":\"ImageObject\",\"inLanguage\":\"de\",\"@id\":\"https:\/\/www.csj-emballages.com\/de\/#\/schema\/logo\/image\/\",\"url\":\"https:\/\/www.csj-emballages.com\/wp-content\/uploads\/2023\/10\/logo_csj.webp\",\"contentUrl\":\"https:\/\/www.csj-emballages.com\/wp-content\/uploads\/2023\/10\/logo_csj.webp\",\"width\":250,\"height\":95,\"caption\":\"CSJ Emballages\"},\"image\":{\"@id\":\"https:\/\/www.csj-emballages.com\/de\/#\/schema\/logo\/image\/\"},\"sameAs\":[\"https:\/\/www.facebook.com\/csjemballages\"],\"address\":{\"@type\":\"PostalAddress\",\"streetAddress\":\"ZI La Lechere\",\"addressLocality\":\"Patornay\",\"postalCode\":\"39130\",\"addressCountry\":\"FR\"},\"contactPoint\":[{\"@type\":\"ContactPoint\",\"contactType\":\"Service client\",\"telephone\":\"0384254272\",\"email\":\"contact@csj-emballages.com\"}]}]}<\/script>\n<!-- \/ Yoast SEO Premium plugin. -->","yoast_head_json":{"title":"Gefrierbeutel Zip 40 Microns 30 x 40 cm pro 10","description":"Gefrierbeutel mit Rei\u00dfverschluss 40 Mikron 30 x 40 cm pro 10: widerstandsf\u00e4hig, recycelbar und mit Lebensmittelkontakt, f\u00fcr eine praktische und sichere Aufbewahrung.","robots":{"index":"index","follow":"follow","max-snippet":"max-snippet:-1","max-image-preview":"max-image-preview:large","max-video-preview":"max-video-preview:-1"},"canonical":"https:\/\/www.csj-emballages.com\/de\/produit\/gefrierbeutel-zip-40-mikron-30-x-40-cm-pro-10\/","og_locale":"de_DE","og_type":"article","og_title":"Gefrierbeutel Zip 40 Mikron 30 x 40 cm pro 10","og_description":"Gefrierbeutel mit Rei\u00dfverschluss 40 Mikron 30 x 40 cm pro 10: widerstandsf\u00e4hig, recycelbar und mit Lebensmittelkontakt, f\u00fcr eine praktische und sichere Aufbewahrung.","og_url":"https:\/\/www.csj-emballages.com\/de\/produit\/gefrierbeutel-zip-40-mikron-30-x-40-cm-pro-10\/","og_site_name":"CSJ Emballages","article_publisher":"https:\/\/www.facebook.com\/csjemballages","article_modified_time":"2026-04-17T00:12:34+00:00","og_image":[{"width":800,"height":800,"url":"https:\/\/www.csj-emballages.com\/wp-content\/uploads\/2025\/08\/CONZ3040.webp","type":"image\/webp"}],"twitter_card":"summary_large_image","twitter_misc":{"Gesch\u00e4tzte Lesezeit":"2 Minuten"},"schema":{"@context":"https:\/\/schema.org","@graph":[{"@type":"WebPage","@id":"https:\/\/www.csj-emballages.com\/de\/produit\/gefrierbeutel-zip-40-mikron-30-x-40-cm-pro-10\/","url":"https:\/\/www.csj-emballages.com\/de\/produit\/gefrierbeutel-zip-40-mikron-30-x-40-cm-pro-10\/","name":"Gefrierbeutel Zip 40 Microns 30 x 40 cm pro 10","isPartOf":{"@id":"https:\/\/www.csj-emballages.com\/de\/#website"},"primaryImageOfPage":{"@id":"https:\/\/www.csj-emballages.com\/de\/produit\/gefrierbeutel-zip-40-mikron-30-x-40-cm-pro-10\/#primaryimage"},"image":{"@id":"https:\/\/www.csj-emballages.com\/de\/produit\/gefrierbeutel-zip-40-mikron-30-x-40-cm-pro-10\/#primaryimage"},"thumbnailUrl":"https:\/\/www.csj-emballages.com\/wp-content\/uploads\/2025\/08\/CONZ3040.webp","datePublished":"2025-08-20T06:20:58+00:00","dateModified":"2026-04-17T00:12:34+00:00","description":"Gefrierbeutel mit Rei\u00dfverschluss 40 Mikron 30 x 40 cm pro 10: widerstandsf\u00e4hig, recycelbar und mit Lebensmittelkontakt, f\u00fcr eine praktische und sichere Aufbewahrung.","breadcrumb":{"@id":"https:\/\/www.csj-emballages.com\/de\/produit\/gefrierbeutel-zip-40-mikron-30-x-40-cm-pro-10\/#breadcrumb"},"inLanguage":"de","potentialAction":[{"@type":"ReadAction","target":["https:\/\/www.csj-emballages.com\/de\/produit\/gefrierbeutel-zip-40-mikron-30-x-40-cm-pro-10\/"]}]},{"@type":"ImageObject","inLanguage":"de","@id":"https:\/\/www.csj-emballages.com\/de\/produit\/gefrierbeutel-zip-40-mikron-30-x-40-cm-pro-10\/#primaryimage","url":"https:\/\/www.csj-emballages.com\/wp-content\/uploads\/2025\/08\/CONZ3040.webp","contentUrl":"https:\/\/www.csj-emballages.com\/wp-content\/uploads\/2025\/08\/CONZ3040.webp","width":800,"height":800,"caption":"Sac cong\u00e9lation\u00a0"},{"@type":"BreadcrumbList","@id":"https:\/\/www.csj-emballages.com\/de\/produit\/gefrierbeutel-zip-40-mikron-30-x-40-cm-pro-10\/#breadcrumb","itemListElement":[{"@type":"ListItem","position":1,"name":"Accueil","item":"https:\/\/www.csj-emballages.com\/de\/universum-lebensmittelverpackungen\/"},{"@type":"ListItem","position":2,"name":"Shop","item":"https:\/\/www.csj-emballages.com\/shop\/"},{"@type":"ListItem","position":3,"name":"Gefrierbeutel Zip 40 Mikron 30 x 40 cm pro 10"}]},{"@type":"WebSite","@id":"https:\/\/www.csj-emballages.com\/de\/#website","url":"https:\/\/www.csj-emballages.com\/de\/","name":"CSJ Emballages","description":"","publisher":{"@id":"https:\/\/www.csj-emballages.com\/de\/#organization"},"potentialAction":[{"@type":"SearchAction","target":{"@type":"EntryPoint","urlTemplate":"https:\/\/www.csj-emballages.com\/de\/?s={search_term_string}"},"query-input":{"@type":"PropertyValueSpecification","valueRequired":true,"valueName":"search_term_string"}}],"inLanguage":"de"},{"@type":"Organization","@id":"https:\/\/www.csj-emballages.com\/de\/#Organization\/","name":"CSJ Emballages","url":"https:\/\/www.csj-emballages.com\/de\/","logo":{"@type":"ImageObject","inLanguage":"de","@id":"https:\/\/www.csj-emballages.com\/de\/#\/schema\/logo\/image\/","url":"https:\/\/www.csj-emballages.com\/wp-content\/uploads\/2023\/10\/logo_csj.webp","contentUrl":"https:\/\/www.csj-emballages.com\/wp-content\/uploads\/2023\/10\/logo_csj.webp","width":250,"height":95,"caption":"CSJ Emballages"},"image":{"@id":"https:\/\/www.csj-emballages.com\/de\/#\/schema\/logo\/image\/"},"sameAs":["https:\/\/www.facebook.com\/csjemballages"],"address":{"@type":"PostalAddress","streetAddress":"ZI La Lechere","addressLocality":"Patornay","postalCode":"39130","addressCountry":"FR"},"contactPoint":[{"@type":"ContactPoint","contactType":"Service client","telephone":"0384254272","email":"contact@csj-emballages.com"}]}]}},"df_price":1.18,"df_sale_price":"","df_regular_price":1.18,"df_image_link":"https:\/\/www.csj-emballages.com\/wp-content\/uploads\/2025\/08\/CONZ3040-300x300.webp","tiered_pricing_type":"fixed","tiered_pricing_fixed_rules":[],"tiered_pricing_percentage_rules":[],"tiered_pricing_minimum":1,"tiered_pricing_roles_data":[],"_links":{"self":[{"href":"https:\/\/www.csj-emballages.com\/de\/wp-json\/wp\/v2\/product\/240815","targetHints":{"allow":["GET"]}}],"collection":[{"href":"https:\/\/www.csj-emballages.com\/de\/wp-json\/wp\/v2\/product"}],"about":[{"href":"https:\/\/www.csj-emballages.com\/de\/wp-json\/wp\/v2\/types\/product"}],"wp:featuredmedia":[{"embeddable":true,"href":"https:\/\/www.csj-emballages.com\/de\/wp-json\/wp\/v2\/media\/240810"}],"wp:attachment":[{"href":"https:\/\/www.csj-emballages.com\/de\/wp-json\/wp\/v2\/media?parent=240815"}],"wp:term":[{"taxonomy":"product_brand","embeddable":true,"href":"https:\/\/www.csj-emballages.com\/de\/wp-json\/wp\/v2\/product_brand?post=240815"},{"taxonomy":"product_cat","embeddable":true,"href":"https:\/\/www.csj-emballages.com\/de\/wp-json\/wp\/v2\/product_cat?post=240815"},{"taxonomy":"product_tag","embeddable":true,"href":"https:\/\/www.csj-emballages.com\/de\/wp-json\/wp\/v2\/product_tag?post=240815"}],"curies":[{"name":"wp","href":"https:\/\/api.w.org\/{rel}","templated":true}]}}