{"id":24034,"date":"2024-03-01T16:47:32","date_gmt":"2024-03-01T15:47:32","guid":{"rendered":"https:\/\/u15jnbdpoq.preview.infomaniak.website\/produit\/12-handtuecher-50-x-70-cm\/"},"modified":"2026-04-29T02:19:34","modified_gmt":"2026-04-29T00:19:34","slug":"12-handtuecher-50-x-70-cm","status":"publish","type":"product","link":"https:\/\/www.csj-emballages.com\/de\/produit\/12-handtuecher-50-x-70-cm\/","title":{"rendered":"K\u00fcchentuch 50 x 70 cm, 12 St\u00fcck"},"content":{"rendered":"<h2>K\u00fcchentuch<\/h2>\n<hr>\n<h3>Entdecken Sie unser K\u00fcchentuch 50 x 70 cm im 12er-Pack.<\/h3>\n<p><!--more--><\/p>\n<p data-start=\"291\" data-end=\"690\">Einfach, praktisch und stets n\u00fctzlich: Dieses <strong data-start=\"330\" data-end=\"369\">gewebte Baumwoll-K\u00fcchentuch<\/strong> findet leicht seinen Platz in jeder K\u00fcche, ob professionell oder privat. Mit seinem Format von <strong data-start=\"487\" data-end=\"501\">50 x 70 cm<\/strong> bietet es eine komfortable Fl\u00e4che, um sich schnell die H\u00e4nde abzutrocknen, ohne sofort ein neues nehmen zu m\u00fcssen. Auf diese Art von Produkt k\u00f6nnen Sie sich den ganzen Tag verlassen.  <\/p>\n<p data-start=\"692\" data-end=\"1031\">Dank seines Baumwollgewebes nimmt es Feuchtigkeit effizient auf und trocknet schnell zwischen zwei Anwendungen. Man verwendet es nat\u00fcrlich f\u00fcr die H\u00e4nde, aber auch zum Abwischen einer Arbeitsfl\u00e4che, noch warmem Geschirr oder bei einem kleinen, unerwarteten \u00dcberlauf. Es bleibt geschmeidig, angenehm im Griff und leicht zu handhaben, selbst wenn das Tempo anzieht.  <\/p>\n<p data-start=\"1033\" data-end=\"1340\">Sein Karomuster verleiht eine klassische und beruhigende Note, wobei es gleichzeitig allt\u00e4gliche Spuren leichter kaschiert. Zudem helfen die verschiedenen Farben, den Arbeitsbereich zu organisieren, indem Sie beispielsweise jedem Bereich oder jeder Verwendung ein Tuch zuweisen. Es ist einfach, aber ausgesprochen praktisch.  <\/p>\n<p data-start=\"1342\" data-end=\"1673\">Erh\u00e4ltlich <strong data-start=\"1348\" data-end=\"1365\">im 12er-Set<\/strong>, ist dieses K\u00fcchentuch ideal, um einen zuverl\u00e4ssigen und stets bereiten Vorrat anzulegen. Sie k\u00f6nnen sie im Wechsel verwenden, regelm\u00e4\u00dfig waschen und eine einwandfreie Hygiene aufrechterhalten, ohne dass Ihnen der Nachschub ausgeht. Ob im Restaurant, in Gro\u00dfk\u00fcchen, im Imbiss oder zu Hause \u2013 dieses K\u00fcchentuch erledigt seine Aufgabe zuverl\u00e4ssig und unkompliziert.  <\/p>\n<p data-start=\"1675\" data-end=\"1791\">Zusammenfassend ist es ein unverzichtbarer Alltagshelfer: effizient, strapazierf\u00e4hig und f\u00fcr den wiederholten Einsatz, Tag f\u00fcr Tag, konzipiert.<\/p>\n<p data-start=\"1675\" data-end=\"1791\">\n<p data-start=\"1675\" data-end=\"1791\"><!--more--><\/p>\n<h4 data-start=\"1675\" data-end=\"1791\">Vorteile :<\/h4>\n<ul>\n<li data-start=\"1820\" data-end=\"1857\"><strong>Baumwollgewebe<\/strong>, saugf\u00e4hig und angenehm.<\/li>\n<li data-start=\"1860\" data-end=\"1885\">Gro\u00dfes Format <strong>50 x 70 cm<\/strong>.<\/li>\n<li data-start=\"1888\" data-end=\"1904\">Schnelltrocknend.<\/li>\n<li data-start=\"1907\" data-end=\"1948\">Praktisches und zeitloses Karomuster.<\/li>\n<li data-start=\"1951\" data-end=\"1992\"><strong>12er-Set<\/strong>, ideal f\u00fcr intensiven Gebrauch.<\/li>\n<\/ul>\n<p>&nbsp;<\/p>\n<p><!--more--><\/p>\n<h4>Weitere Informationen :<\/h4>\n<ul>\n<li><strong>Verpackung<\/strong>: Packung mit 12 St\u00fcck<\/li>\n<li><strong>Ma\u00dfe<\/strong>: 50 x 70 cm<\/li>\n<li><strong>Farbe<\/strong>: Blau \/ Rot \/ Gr\u00fcn<\/li>\n<\/ul>\n<p>&nbsp;<\/p>\n<p><!--more--><\/p>\n<p><a href=\"https:\/\/www.csj-emballages.com\/de\/hygiene-universum\/\">Entdecken Sie unser gesamtes Hygienesortiment<\/a><\/p>\n<p>&nbsp;<\/p>\n","protected":false},"excerpt":{"rendered":"<p>K\u00fcchentuch Entdecken Sie unser K\u00fcchentuch 50 x 70 cm im 12er-Pack.<\/p>\n","protected":false},"featured_media":261983,"template":"","meta":{"_acf_changed":false},"product_brand":[],"product_cat":[1218,1423,3610],"product_tag":[],"class_list":{"0":"post-24034","1":"product","2":"type-product","3":"status-publish","4":"has-post-thumbnail","6":"product_cat-hygiene-und-pflege","7":"product_cat-schwamme-spultucher-kuchentucher","8":"product_cat-geschirrtucher","10":"first","11":"instock","12":"taxable","13":"shipping-taxable","14":"purchasable","15":"product-type-simple"},"acf":[],"yoast_head":"<!-- This site is optimized with the Yoast SEO Premium plugin v26.6 (Yoast SEO v26.6) - https:\/\/yoast.com\/wordpress\/plugins\/seo\/ -->\n<title>K\u00fcchentuch 50 x 70 cm, 12 St\u00fcck<\/title>\n<meta name=\"description\" content=\"Gewebtes Baumwoll-K\u00fcchentuch 50 x 70 cm, im 12er-Set. Saugf\u00e4hig, strapazierf\u00e4hig und ideal f\u00fcr den t\u00e4glichen Gebrauch in der professionellen oder privaten K\u00fcche.\" \/>\n<meta name=\"robots\" content=\"index, follow, max-snippet:-1, max-image-preview:large, max-video-preview:-1\" \/>\n<link rel=\"canonical\" href=\"https:\/\/www.csj-emballages.com\/de\/produit\/12-handtuecher-50-x-70-cm\/\" \/>\n<meta property=\"og:locale\" content=\"de_DE\" \/>\n<meta property=\"og:type\" content=\"article\" \/>\n<meta property=\"og:title\" content=\"K\u00fcchentuch 50 x 70 cm, 12 St\u00fcck\" \/>\n<meta property=\"og:description\" content=\"Gewebtes Baumwoll-K\u00fcchentuch 50 x 70 cm, im 12er-Set. Saugf\u00e4hig, strapazierf\u00e4hig und ideal f\u00fcr den t\u00e4glichen Gebrauch in der professionellen oder privaten K\u00fcche.\" \/>\n<meta property=\"og:url\" content=\"https:\/\/www.csj-emballages.com\/de\/produit\/12-handtuecher-50-x-70-cm\/\" \/>\n<meta property=\"og:site_name\" content=\"CSJ Emballages\" \/>\n<meta property=\"article:publisher\" content=\"https:\/\/www.facebook.com\/csjemballages\" \/>\n<meta property=\"article:modified_time\" content=\"2026-04-29T00:19:34+00:00\" \/>\n<meta property=\"og:image\" content=\"https:\/\/www.csj-emballages.com\/wp-content\/uploads\/2024\/03\/TORCH5070.webp\" \/>\n\t<meta property=\"og:image:width\" content=\"800\" \/>\n\t<meta property=\"og:image:height\" content=\"800\" \/>\n\t<meta property=\"og:image:type\" content=\"image\/webp\" \/>\n<meta name=\"twitter:card\" content=\"summary_large_image\" \/>\n<meta name=\"twitter:label1\" content=\"Gesch\u00e4tzte Lesezeit\" \/>\n\t<meta name=\"twitter:data1\" content=\"1\u00a0Minute\" \/>\n<script type=\"application\/ld+json\" class=\"yoast-schema-graph\">{\"@context\":\"https:\/\/schema.org\",\"@graph\":[{\"@type\":\"WebPage\",\"@id\":\"https:\/\/www.csj-emballages.com\/de\/produit\/12-handtuecher-50-x-70-cm\/\",\"url\":\"https:\/\/www.csj-emballages.com\/de\/produit\/12-handtuecher-50-x-70-cm\/\",\"name\":\"K\u00fcchentuch 50 x 70 cm, 12 St\u00fcck\",\"isPartOf\":{\"@id\":\"https:\/\/www.csj-emballages.com\/de\/#website\"},\"primaryImageOfPage\":{\"@id\":\"https:\/\/www.csj-emballages.com\/de\/produit\/12-handtuecher-50-x-70-cm\/#primaryimage\"},\"image\":{\"@id\":\"https:\/\/www.csj-emballages.com\/de\/produit\/12-handtuecher-50-x-70-cm\/#primaryimage\"},\"thumbnailUrl\":\"https:\/\/www.csj-emballages.com\/wp-content\/uploads\/2024\/03\/TORCH5070.webp\",\"datePublished\":\"2024-03-01T15:47:32+00:00\",\"dateModified\":\"2026-04-29T00:19:34+00:00\",\"description\":\"Gewebtes Baumwoll-K\u00fcchentuch 50 x 70 cm, im 12er-Set. Saugf\u00e4hig, strapazierf\u00e4hig und ideal f\u00fcr den t\u00e4glichen Gebrauch in der professionellen oder privaten K\u00fcche.\",\"breadcrumb\":{\"@id\":\"https:\/\/www.csj-emballages.com\/de\/produit\/12-handtuecher-50-x-70-cm\/#breadcrumb\"},\"inLanguage\":\"de\",\"potentialAction\":[{\"@type\":\"ReadAction\",\"target\":[\"https:\/\/www.csj-emballages.com\/de\/produit\/12-handtuecher-50-x-70-cm\/\"]}]},{\"@type\":\"ImageObject\",\"inLanguage\":\"de\",\"@id\":\"https:\/\/www.csj-emballages.com\/de\/produit\/12-handtuecher-50-x-70-cm\/#primaryimage\",\"url\":\"https:\/\/www.csj-emballages.com\/wp-content\/uploads\/2024\/03\/TORCH5070.webp\",\"contentUrl\":\"https:\/\/www.csj-emballages.com\/wp-content\/uploads\/2024\/03\/TORCH5070.webp\",\"width\":800,\"height\":800,\"caption\":\"Torchon\"},{\"@type\":\"BreadcrumbList\",\"@id\":\"https:\/\/www.csj-emballages.com\/de\/produit\/12-handtuecher-50-x-70-cm\/#breadcrumb\",\"itemListElement\":[{\"@type\":\"ListItem\",\"position\":1,\"name\":\"Accueil\",\"item\":\"https:\/\/www.csj-emballages.com\/de\/universum-lebensmittelverpackungen\/\"},{\"@type\":\"ListItem\",\"position\":2,\"name\":\"Shop\",\"item\":\"https:\/\/www.csj-emballages.com\/shop\/\"},{\"@type\":\"ListItem\",\"position\":3,\"name\":\"K\u00fcchentuch 50 x 70 cm, 12 St\u00fcck\"}]},{\"@type\":\"WebSite\",\"@id\":\"https:\/\/www.csj-emballages.com\/de\/#website\",\"url\":\"https:\/\/www.csj-emballages.com\/de\/\",\"name\":\"CSJ Emballages\",\"description\":\"\",\"publisher\":{\"@id\":\"https:\/\/www.csj-emballages.com\/de\/#organization\"},\"potentialAction\":[{\"@type\":\"SearchAction\",\"target\":{\"@type\":\"EntryPoint\",\"urlTemplate\":\"https:\/\/www.csj-emballages.com\/de\/?s={search_term_string}\"},\"query-input\":{\"@type\":\"PropertyValueSpecification\",\"valueRequired\":true,\"valueName\":\"search_term_string\"}}],\"inLanguage\":\"de\"},{\"@type\":\"Organization\",\"@id\":\"https:\/\/www.csj-emballages.com\/de\/#Organization\/\",\"name\":\"CSJ Emballages\",\"url\":\"https:\/\/www.csj-emballages.com\/de\/\",\"logo\":{\"@type\":\"ImageObject\",\"inLanguage\":\"de\",\"@id\":\"https:\/\/www.csj-emballages.com\/de\/#\/schema\/logo\/image\/\",\"url\":\"https:\/\/www.csj-emballages.com\/wp-content\/uploads\/2023\/10\/logo_csj.webp\",\"contentUrl\":\"https:\/\/www.csj-emballages.com\/wp-content\/uploads\/2023\/10\/logo_csj.webp\",\"width\":250,\"height\":95,\"caption\":\"CSJ Emballages\"},\"image\":{\"@id\":\"https:\/\/www.csj-emballages.com\/de\/#\/schema\/logo\/image\/\"},\"sameAs\":[\"https:\/\/www.facebook.com\/csjemballages\"],\"address\":{\"@type\":\"PostalAddress\",\"streetAddress\":\"ZI La Lechere\",\"addressLocality\":\"Patornay\",\"postalCode\":\"39130\",\"addressCountry\":\"FR\"},\"contactPoint\":[{\"@type\":\"ContactPoint\",\"contactType\":\"Service client\",\"telephone\":\"0384254272\",\"email\":\"contact@csj-emballages.com\"}]}]}<\/script>\n<!-- \/ Yoast SEO Premium plugin. -->","yoast_head_json":{"title":"K\u00fcchentuch 50 x 70 cm, 12 St\u00fcck","description":"Gewebtes Baumwoll-K\u00fcchentuch 50 x 70 cm, im 12er-Set. Saugf\u00e4hig, strapazierf\u00e4hig und ideal f\u00fcr den t\u00e4glichen Gebrauch in der professionellen oder privaten K\u00fcche.","robots":{"index":"index","follow":"follow","max-snippet":"max-snippet:-1","max-image-preview":"max-image-preview:large","max-video-preview":"max-video-preview:-1"},"canonical":"https:\/\/www.csj-emballages.com\/de\/produit\/12-handtuecher-50-x-70-cm\/","og_locale":"de_DE","og_type":"article","og_title":"K\u00fcchentuch 50 x 70 cm, 12 St\u00fcck","og_description":"Gewebtes Baumwoll-K\u00fcchentuch 50 x 70 cm, im 12er-Set. Saugf\u00e4hig, strapazierf\u00e4hig und ideal f\u00fcr den t\u00e4glichen Gebrauch in der professionellen oder privaten K\u00fcche.","og_url":"https:\/\/www.csj-emballages.com\/de\/produit\/12-handtuecher-50-x-70-cm\/","og_site_name":"CSJ Emballages","article_publisher":"https:\/\/www.facebook.com\/csjemballages","article_modified_time":"2026-04-29T00:19:34+00:00","og_image":[{"width":800,"height":800,"url":"https:\/\/www.csj-emballages.com\/wp-content\/uploads\/2024\/03\/TORCH5070.webp","type":"image\/webp"}],"twitter_card":"summary_large_image","twitter_misc":{"Gesch\u00e4tzte Lesezeit":"1\u00a0Minute"},"schema":{"@context":"https:\/\/schema.org","@graph":[{"@type":"WebPage","@id":"https:\/\/www.csj-emballages.com\/de\/produit\/12-handtuecher-50-x-70-cm\/","url":"https:\/\/www.csj-emballages.com\/de\/produit\/12-handtuecher-50-x-70-cm\/","name":"K\u00fcchentuch 50 x 70 cm, 12 St\u00fcck","isPartOf":{"@id":"https:\/\/www.csj-emballages.com\/de\/#website"},"primaryImageOfPage":{"@id":"https:\/\/www.csj-emballages.com\/de\/produit\/12-handtuecher-50-x-70-cm\/#primaryimage"},"image":{"@id":"https:\/\/www.csj-emballages.com\/de\/produit\/12-handtuecher-50-x-70-cm\/#primaryimage"},"thumbnailUrl":"https:\/\/www.csj-emballages.com\/wp-content\/uploads\/2024\/03\/TORCH5070.webp","datePublished":"2024-03-01T15:47:32+00:00","dateModified":"2026-04-29T00:19:34+00:00","description":"Gewebtes Baumwoll-K\u00fcchentuch 50 x 70 cm, im 12er-Set. Saugf\u00e4hig, strapazierf\u00e4hig und ideal f\u00fcr den t\u00e4glichen Gebrauch in der professionellen oder privaten K\u00fcche.","breadcrumb":{"@id":"https:\/\/www.csj-emballages.com\/de\/produit\/12-handtuecher-50-x-70-cm\/#breadcrumb"},"inLanguage":"de","potentialAction":[{"@type":"ReadAction","target":["https:\/\/www.csj-emballages.com\/de\/produit\/12-handtuecher-50-x-70-cm\/"]}]},{"@type":"ImageObject","inLanguage":"de","@id":"https:\/\/www.csj-emballages.com\/de\/produit\/12-handtuecher-50-x-70-cm\/#primaryimage","url":"https:\/\/www.csj-emballages.com\/wp-content\/uploads\/2024\/03\/TORCH5070.webp","contentUrl":"https:\/\/www.csj-emballages.com\/wp-content\/uploads\/2024\/03\/TORCH5070.webp","width":800,"height":800,"caption":"Torchon"},{"@type":"BreadcrumbList","@id":"https:\/\/www.csj-emballages.com\/de\/produit\/12-handtuecher-50-x-70-cm\/#breadcrumb","itemListElement":[{"@type":"ListItem","position":1,"name":"Accueil","item":"https:\/\/www.csj-emballages.com\/de\/universum-lebensmittelverpackungen\/"},{"@type":"ListItem","position":2,"name":"Shop","item":"https:\/\/www.csj-emballages.com\/shop\/"},{"@type":"ListItem","position":3,"name":"K\u00fcchentuch 50 x 70 cm, 12 St\u00fcck"}]},{"@type":"WebSite","@id":"https:\/\/www.csj-emballages.com\/de\/#website","url":"https:\/\/www.csj-emballages.com\/de\/","name":"CSJ Emballages","description":"","publisher":{"@id":"https:\/\/www.csj-emballages.com\/de\/#organization"},"potentialAction":[{"@type":"SearchAction","target":{"@type":"EntryPoint","urlTemplate":"https:\/\/www.csj-emballages.com\/de\/?s={search_term_string}"},"query-input":{"@type":"PropertyValueSpecification","valueRequired":true,"valueName":"search_term_string"}}],"inLanguage":"de"},{"@type":"Organization","@id":"https:\/\/www.csj-emballages.com\/de\/#Organization\/","name":"CSJ Emballages","url":"https:\/\/www.csj-emballages.com\/de\/","logo":{"@type":"ImageObject","inLanguage":"de","@id":"https:\/\/www.csj-emballages.com\/de\/#\/schema\/logo\/image\/","url":"https:\/\/www.csj-emballages.com\/wp-content\/uploads\/2023\/10\/logo_csj.webp","contentUrl":"https:\/\/www.csj-emballages.com\/wp-content\/uploads\/2023\/10\/logo_csj.webp","width":250,"height":95,"caption":"CSJ Emballages"},"image":{"@id":"https:\/\/www.csj-emballages.com\/de\/#\/schema\/logo\/image\/"},"sameAs":["https:\/\/www.facebook.com\/csjemballages"],"address":{"@type":"PostalAddress","streetAddress":"ZI La Lechere","addressLocality":"Patornay","postalCode":"39130","addressCountry":"FR"},"contactPoint":[{"@type":"ContactPoint","contactType":"Service client","telephone":"0384254272","email":"contact@csj-emballages.com"}]}]}},"df_price":20.89,"df_sale_price":"","df_regular_price":20.89,"df_image_link":"https:\/\/www.csj-emballages.com\/wp-content\/uploads\/2024\/03\/TORCH5070-300x300.webp","tiered_pricing_type":"fixed","tiered_pricing_fixed_rules":[],"tiered_pricing_percentage_rules":[],"tiered_pricing_minimum":1,"tiered_pricing_roles_data":[],"_links":{"self":[{"href":"https:\/\/www.csj-emballages.com\/de\/wp-json\/wp\/v2\/product\/24034","targetHints":{"allow":["GET"]}}],"collection":[{"href":"https:\/\/www.csj-emballages.com\/de\/wp-json\/wp\/v2\/product"}],"about":[{"href":"https:\/\/www.csj-emballages.com\/de\/wp-json\/wp\/v2\/types\/product"}],"wp:featuredmedia":[{"embeddable":true,"href":"https:\/\/www.csj-emballages.com\/de\/wp-json\/wp\/v2\/media\/261983"}],"wp:attachment":[{"href":"https:\/\/www.csj-emballages.com\/de\/wp-json\/wp\/v2\/media?parent=24034"}],"wp:term":[{"taxonomy":"product_brand","embeddable":true,"href":"https:\/\/www.csj-emballages.com\/de\/wp-json\/wp\/v2\/product_brand?post=24034"},{"taxonomy":"product_cat","embeddable":true,"href":"https:\/\/www.csj-emballages.com\/de\/wp-json\/wp\/v2\/product_cat?post=24034"},{"taxonomy":"product_tag","embeddable":true,"href":"https:\/\/www.csj-emballages.com\/de\/wp-json\/wp\/v2\/product_tag?post=24034"}],"curies":[{"name":"wp","href":"https:\/\/api.w.org\/{rel}","templated":true}]}}