{"id":24006,"date":"2024-03-01T16:47:33","date_gmt":"2024-03-01T15:47:33","guid":{"rendered":"https:\/\/u15jnbdpoq.preview.infomaniak.website\/produit\/10-plissierte-verstellbare-papierhauben-230-mm\/"},"modified":"2026-04-03T02:22:41","modified_gmt":"2026-04-03T00:22:41","slug":"10-plissierte-verstellbare-papierhauben-230-mm","status":"publish","type":"product","link":"https:\/\/www.csj-emballages.com\/de\/produit\/10-plissierte-verstellbare-papierhauben-230-mm\/","title":{"rendered":"Wei\u00dfe plissierte Kochm\u00fctze aus Papier, verstellbar, 230 mm, 10 St\u00fcck"},"content":{"rendered":"<h2>Kochm\u00fctze aus Papier<\/h2>\n<hr>\n<h3>Entdecken Sie unsere wei\u00dfe plissierte Kochm\u00fctze aus Papier, verstellbar, 230 mm, im 10er-Pack<\/h3>\n<p><!--more--><\/p>\n<p data-start=\"203\" data-end=\"562\">Klassisch, praktisch und stets effektiv, ist die <strong data-start=\"248\" data-end=\"283\">wei\u00dfe plissierte Kochm\u00fctze aus Papier<\/strong> ein unverzichtbares Accessoire f\u00fcr ein sauberes und professionelles Erscheinungsbild in der K\u00fcche. Mit ihrer H\u00f6he von <strong data-start=\"388\" data-end=\"398\">230 mm<\/strong> verleiht sie sofort ein echtes Koch-Flair und erf\u00fcllt gleichzeitig die Hygienevorschriften. Sobald man sie tr\u00e4gt, setzt sie den Ton: Hier wird ernsthaft gearbeitet.  <\/p>\n<p data-start=\"564\" data-end=\"913\">Hergestellt aus leichtem Papier, l\u00e4sst sich diese <strong>Kochm\u00fctze<\/strong> den ganzen Service \u00fcber bequem tragen. Sie ist nicht hei\u00df, schr\u00e4nkt die Bewegungsfreiheit nicht ein und f\u00e4llt schnell kaum auf. Dank ihres <strong data-start=\"743\" data-end=\"763\">verstellbaren Systems<\/strong> passt sie sich allen Kopfgr\u00f6\u00dfen an, ohne zu dr\u00fccken. Eine einfache Anpassung gen\u00fcgt, damit sie auch in hektischen Zeiten gut sitzt.   <\/p>\n<p data-start=\"915\" data-end=\"1311\">Ihre <strong data-start=\"919\" data-end=\"939\">elegante Plissierung<\/strong> verleiht ihr eine traditionelle Note, die in der Gastronomie sehr gesch\u00e4tzt wird. Ob in der K\u00fcche, B\u00e4ckerei, Konditorei oder bei kulinarischen Veranstaltungen \u2013 sie st\u00e4rkt das professionelle Image Ihres Teams und sorgt gleichzeitig f\u00fcr gute Haarhygiene. Zudem vermittelt ihre <strong>wei\u00dfe Farbe<\/strong> einen Eindruck von Sauberkeit und Strenge, was in der Lebensmittelbranche unerl\u00e4sslich ist.  <\/p>\n<p data-start=\"1313\" data-end=\"1560\">Verkauft <strong data-start=\"1320\" data-end=\"1337\">im 10er-Pack<\/strong>, ist diese <strong>Kochm\u00fctze<\/strong> perfekt, um ein kleines Team auszustatten, den Vorrat aufzuf\u00fcllen oder einen kurzfristigen Bedarf zu decken. Als Einwegprodukt erm\u00f6glicht sie sauberes Arbeiten ohne Wasch- oder Pflegeaufwand. <\/p>\n<p data-start=\"1562\" data-end=\"1719\">Zusammenfassend ist diese plissierte <strong>Kochm\u00fctze aus Papier<\/strong> einfach, effektiv und stets passend. Sie vereint Komfort, Hygiene und eine gepflegte Pr\u00e4sentation, ohne \u00fcbertrieben zu wirken. <\/p>\n<p data-start=\"1562\" data-end=\"1719\">\n<p data-start=\"1562\" data-end=\"1719\"><!--more--><\/p>\n<h4 data-start=\"1562\" data-end=\"1719\">Vorteile :<\/h4>\n<ul>\n<li data-start=\"1747\" data-end=\"1792\"><strong>H\u00f6he 230 mm<\/strong> f\u00fcr ein professionelles Erscheinungsbild.<\/li>\n<li data-start=\"1795\" data-end=\"1831\"><strong>Leichtes Papier<\/strong> und angenehm zu tragen.<\/li>\n<li data-start=\"1834\" data-end=\"1869\">Verstellbare Gr\u00f6\u00dfe, passt sich jedem an.<\/li>\n<li data-start=\"1872\" data-end=\"1904\">Elegante traditionelle Plissierung.<\/li>\n<li data-start=\"1907\" data-end=\"1956\">Ideal f\u00fcr K\u00fcche, Konditorei und B\u00e4ckerei.<\/li>\n<li data-start=\"1959\" data-end=\"1985\">Praktische Packung mit <strong>10 St\u00fcck<\/strong>.<\/li>\n<li data-start=\"1959\" data-end=\"1985\">Verstellbar f\u00fcr einen Kopfumfang von ca. 56 bis 64 cm<\/li>\n<\/ul>\n<p>&nbsp;<\/p>\n<p><!--more--><\/p>\n<h4>Weitere Informationen :<\/h4>\n<ul>\n<li><strong>Verpackung: <\/strong>10er-Pack<\/li>\n<li><strong>H\u00f6he<\/strong> <strong>:<\/strong> 23 cm<\/li>\n<li><strong>Stirnband:<\/strong> 8,5 cm<\/li>\n<li><strong>Farbe: <\/strong>Wei\u00df<\/li>\n<li><strong>Grammatur: <\/strong>70 g\/m\u00b2<\/li>\n<li><strong>Material: <\/strong>Papier<\/li>\n<\/ul>\n<p>&nbsp;<\/p>\n<p><!--more--><\/p>\n<p><a href=\"https:\/\/www.csj-emballages.com\/categorie-produit\/hygiene-et-entretiens\/equipements-individuels\/?_gl=1*3fy4i0*_up*MQ..*_ga*MTY1ODY1Mjg3OS4xNzY5Njk4MzI1*_ga_YNVJLRSSZT*czE3Njk2OTgzMjQkbzEkZzAkdDE3Njk2OTgzMzAkajU0JGwwJGgxNTA2NTE1NTg0\">Sehen Sie sich den Rest unseres Sortiments an pers\u00f6nlicher Schutzausr\u00fcstung an<\/a><\/p>\n","protected":false},"excerpt":{"rendered":"<p>Kochm\u00fctze aus Papier Entdecken Sie unsere wei\u00dfe plissierte Kochm\u00fctze aus Papier, verstellbar, 230 mm, im 10er-Pack<\/p>\n","protected":false},"featured_media":262818,"template":"","meta":{"_acf_changed":false},"product_brand":[],"product_cat":[1218,2348,3606],"product_tag":[],"class_list":{"0":"post-24006","1":"product","2":"type-product","3":"status-publish","4":"has-post-thumbnail","6":"product_cat-hygiene-und-pflege","7":"product_cat-individuelle-ausstattung","8":"product_cat-toques-de","10":"first","11":"instock","12":"taxable","13":"shipping-taxable","14":"purchasable","15":"product-type-simple"},"acf":[],"yoast_head":"<!-- This site is optimized with the Yoast SEO Premium plugin v26.6 (Yoast SEO v26.6) - https:\/\/yoast.com\/wordpress\/plugins\/seo\/ -->\n<title>Wei\u00dfe Plissierte Kochm\u00fctze aus Papier, Verstellbar, 230 mm, 10 St\u00fcck<\/title>\n<meta name=\"description\" content=\"Wei\u00dfe plissierte Kochm\u00fctze aus Papier, verstellbar, 230 mm, im 10er-Pack verkauft. Leicht, hygienisch und ideal f\u00fcr einen professionellen Auftritt in der K\u00fcche.\" \/>\n<meta name=\"robots\" content=\"index, follow, max-snippet:-1, max-image-preview:large, max-video-preview:-1\" \/>\n<link rel=\"canonical\" href=\"https:\/\/www.csj-emballages.com\/de\/produit\/10-plissierte-verstellbare-papierhauben-230-mm\/\" \/>\n<meta property=\"og:locale\" content=\"de_DE\" \/>\n<meta property=\"og:type\" content=\"article\" \/>\n<meta property=\"og:title\" content=\"Wei\u00dfe plissierte Kochm\u00fctze aus Papier, verstellbar, 230 mm, 10 St\u00fcck\" \/>\n<meta property=\"og:description\" content=\"Wei\u00dfe plissierte Kochm\u00fctze aus Papier, verstellbar, 230 mm, im 10er-Pack verkauft. Leicht, hygienisch und ideal f\u00fcr einen professionellen Auftritt in der K\u00fcche.\" \/>\n<meta property=\"og:url\" content=\"https:\/\/www.csj-emballages.com\/de\/produit\/10-plissierte-verstellbare-papierhauben-230-mm\/\" \/>\n<meta property=\"og:site_name\" content=\"CSJ Emballages\" \/>\n<meta property=\"article:publisher\" content=\"https:\/\/www.facebook.com\/csjemballages\" \/>\n<meta property=\"article:modified_time\" content=\"2026-04-03T00:22:41+00:00\" \/>\n<meta property=\"og:image\" content=\"https:\/\/www.csj-emballages.com\/wp-content\/uploads\/2024\/03\/Toque-en-papier.webp\" \/>\n\t<meta property=\"og:image:width\" content=\"799\" \/>\n\t<meta property=\"og:image:height\" content=\"800\" \/>\n\t<meta property=\"og:image:type\" content=\"image\/webp\" \/>\n<meta name=\"twitter:card\" content=\"summary_large_image\" \/>\n<meta name=\"twitter:label1\" content=\"Gesch\u00e4tzte Lesezeit\" \/>\n\t<meta name=\"twitter:data1\" content=\"2 Minuten\" \/>\n<script type=\"application\/ld+json\" class=\"yoast-schema-graph\">{\"@context\":\"https:\/\/schema.org\",\"@graph\":[{\"@type\":\"WebPage\",\"@id\":\"https:\/\/www.csj-emballages.com\/de\/produit\/10-plissierte-verstellbare-papierhauben-230-mm\/\",\"url\":\"https:\/\/www.csj-emballages.com\/de\/produit\/10-plissierte-verstellbare-papierhauben-230-mm\/\",\"name\":\"Wei\u00dfe Plissierte Kochm\u00fctze aus Papier, Verstellbar, 230 mm, 10 St\u00fcck\",\"isPartOf\":{\"@id\":\"https:\/\/www.csj-emballages.com\/de\/#website\"},\"primaryImageOfPage\":{\"@id\":\"https:\/\/www.csj-emballages.com\/de\/produit\/10-plissierte-verstellbare-papierhauben-230-mm\/#primaryimage\"},\"image\":{\"@id\":\"https:\/\/www.csj-emballages.com\/de\/produit\/10-plissierte-verstellbare-papierhauben-230-mm\/#primaryimage\"},\"thumbnailUrl\":\"https:\/\/www.csj-emballages.com\/wp-content\/uploads\/2024\/03\/Toque-en-papier.webp\",\"datePublished\":\"2024-03-01T15:47:33+00:00\",\"dateModified\":\"2026-04-03T00:22:41+00:00\",\"description\":\"Wei\u00dfe plissierte Kochm\u00fctze aus Papier, verstellbar, 230 mm, im 10er-Pack verkauft. Leicht, hygienisch und ideal f\u00fcr einen professionellen Auftritt in der K\u00fcche.\",\"breadcrumb\":{\"@id\":\"https:\/\/www.csj-emballages.com\/de\/produit\/10-plissierte-verstellbare-papierhauben-230-mm\/#breadcrumb\"},\"inLanguage\":\"de\",\"potentialAction\":[{\"@type\":\"ReadAction\",\"target\":[\"https:\/\/www.csj-emballages.com\/de\/produit\/10-plissierte-verstellbare-papierhauben-230-mm\/\"]}]},{\"@type\":\"ImageObject\",\"inLanguage\":\"de\",\"@id\":\"https:\/\/www.csj-emballages.com\/de\/produit\/10-plissierte-verstellbare-papierhauben-230-mm\/#primaryimage\",\"url\":\"https:\/\/www.csj-emballages.com\/wp-content\/uploads\/2024\/03\/Toque-en-papier.webp\",\"contentUrl\":\"https:\/\/www.csj-emballages.com\/wp-content\/uploads\/2024\/03\/Toque-en-papier.webp\",\"width\":799,\"height\":800,\"caption\":\"Toque en papier\"},{\"@type\":\"BreadcrumbList\",\"@id\":\"https:\/\/www.csj-emballages.com\/de\/produit\/10-plissierte-verstellbare-papierhauben-230-mm\/#breadcrumb\",\"itemListElement\":[{\"@type\":\"ListItem\",\"position\":1,\"name\":\"Accueil\",\"item\":\"https:\/\/www.csj-emballages.com\/de\/universum-lebensmittelverpackungen\/\"},{\"@type\":\"ListItem\",\"position\":2,\"name\":\"Shop\",\"item\":\"https:\/\/www.csj-emballages.com\/shop\/\"},{\"@type\":\"ListItem\",\"position\":3,\"name\":\"Wei\u00dfe plissierte Kochm\u00fctze aus Papier, verstellbar, 230 mm, 10 St\u00fcck\"}]},{\"@type\":\"WebSite\",\"@id\":\"https:\/\/www.csj-emballages.com\/de\/#website\",\"url\":\"https:\/\/www.csj-emballages.com\/de\/\",\"name\":\"CSJ Emballages\",\"description\":\"\",\"publisher\":{\"@id\":\"https:\/\/www.csj-emballages.com\/de\/#organization\"},\"potentialAction\":[{\"@type\":\"SearchAction\",\"target\":{\"@type\":\"EntryPoint\",\"urlTemplate\":\"https:\/\/www.csj-emballages.com\/de\/?s={search_term_string}\"},\"query-input\":{\"@type\":\"PropertyValueSpecification\",\"valueRequired\":true,\"valueName\":\"search_term_string\"}}],\"inLanguage\":\"de\"},{\"@type\":\"Organization\",\"@id\":\"https:\/\/www.csj-emballages.com\/de\/#Organization\/\",\"name\":\"CSJ Emballages\",\"url\":\"https:\/\/www.csj-emballages.com\/de\/\",\"logo\":{\"@type\":\"ImageObject\",\"inLanguage\":\"de\",\"@id\":\"https:\/\/www.csj-emballages.com\/de\/#\/schema\/logo\/image\/\",\"url\":\"https:\/\/www.csj-emballages.com\/wp-content\/uploads\/2023\/10\/logo_csj.webp\",\"contentUrl\":\"https:\/\/www.csj-emballages.com\/wp-content\/uploads\/2023\/10\/logo_csj.webp\",\"width\":250,\"height\":95,\"caption\":\"CSJ Emballages\"},\"image\":{\"@id\":\"https:\/\/www.csj-emballages.com\/de\/#\/schema\/logo\/image\/\"},\"sameAs\":[\"https:\/\/www.facebook.com\/csjemballages\"],\"address\":{\"@type\":\"PostalAddress\",\"streetAddress\":\"ZI La Lechere\",\"addressLocality\":\"Patornay\",\"postalCode\":\"39130\",\"addressCountry\":\"FR\"},\"contactPoint\":[{\"@type\":\"ContactPoint\",\"contactType\":\"Service client\",\"telephone\":\"0384254272\",\"email\":\"contact@csj-emballages.com\"}]}]}<\/script>\n<!-- \/ Yoast SEO Premium plugin. -->","yoast_head_json":{"title":"Wei\u00dfe Plissierte Kochm\u00fctze aus Papier, Verstellbar, 230 mm, 10 St\u00fcck","description":"Wei\u00dfe plissierte Kochm\u00fctze aus Papier, verstellbar, 230 mm, im 10er-Pack verkauft. Leicht, hygienisch und ideal f\u00fcr einen professionellen Auftritt in der K\u00fcche.","robots":{"index":"index","follow":"follow","max-snippet":"max-snippet:-1","max-image-preview":"max-image-preview:large","max-video-preview":"max-video-preview:-1"},"canonical":"https:\/\/www.csj-emballages.com\/de\/produit\/10-plissierte-verstellbare-papierhauben-230-mm\/","og_locale":"de_DE","og_type":"article","og_title":"Wei\u00dfe plissierte Kochm\u00fctze aus Papier, verstellbar, 230 mm, 10 St\u00fcck","og_description":"Wei\u00dfe plissierte Kochm\u00fctze aus Papier, verstellbar, 230 mm, im 10er-Pack verkauft. Leicht, hygienisch und ideal f\u00fcr einen professionellen Auftritt in der K\u00fcche.","og_url":"https:\/\/www.csj-emballages.com\/de\/produit\/10-plissierte-verstellbare-papierhauben-230-mm\/","og_site_name":"CSJ Emballages","article_publisher":"https:\/\/www.facebook.com\/csjemballages","article_modified_time":"2026-04-03T00:22:41+00:00","og_image":[{"width":799,"height":800,"url":"https:\/\/www.csj-emballages.com\/wp-content\/uploads\/2024\/03\/Toque-en-papier.webp","type":"image\/webp"}],"twitter_card":"summary_large_image","twitter_misc":{"Gesch\u00e4tzte Lesezeit":"2 Minuten"},"schema":{"@context":"https:\/\/schema.org","@graph":[{"@type":"WebPage","@id":"https:\/\/www.csj-emballages.com\/de\/produit\/10-plissierte-verstellbare-papierhauben-230-mm\/","url":"https:\/\/www.csj-emballages.com\/de\/produit\/10-plissierte-verstellbare-papierhauben-230-mm\/","name":"Wei\u00dfe Plissierte Kochm\u00fctze aus Papier, Verstellbar, 230 mm, 10 St\u00fcck","isPartOf":{"@id":"https:\/\/www.csj-emballages.com\/de\/#website"},"primaryImageOfPage":{"@id":"https:\/\/www.csj-emballages.com\/de\/produit\/10-plissierte-verstellbare-papierhauben-230-mm\/#primaryimage"},"image":{"@id":"https:\/\/www.csj-emballages.com\/de\/produit\/10-plissierte-verstellbare-papierhauben-230-mm\/#primaryimage"},"thumbnailUrl":"https:\/\/www.csj-emballages.com\/wp-content\/uploads\/2024\/03\/Toque-en-papier.webp","datePublished":"2024-03-01T15:47:33+00:00","dateModified":"2026-04-03T00:22:41+00:00","description":"Wei\u00dfe plissierte Kochm\u00fctze aus Papier, verstellbar, 230 mm, im 10er-Pack verkauft. Leicht, hygienisch und ideal f\u00fcr einen professionellen Auftritt in der K\u00fcche.","breadcrumb":{"@id":"https:\/\/www.csj-emballages.com\/de\/produit\/10-plissierte-verstellbare-papierhauben-230-mm\/#breadcrumb"},"inLanguage":"de","potentialAction":[{"@type":"ReadAction","target":["https:\/\/www.csj-emballages.com\/de\/produit\/10-plissierte-verstellbare-papierhauben-230-mm\/"]}]},{"@type":"ImageObject","inLanguage":"de","@id":"https:\/\/www.csj-emballages.com\/de\/produit\/10-plissierte-verstellbare-papierhauben-230-mm\/#primaryimage","url":"https:\/\/www.csj-emballages.com\/wp-content\/uploads\/2024\/03\/Toque-en-papier.webp","contentUrl":"https:\/\/www.csj-emballages.com\/wp-content\/uploads\/2024\/03\/Toque-en-papier.webp","width":799,"height":800,"caption":"Toque en papier"},{"@type":"BreadcrumbList","@id":"https:\/\/www.csj-emballages.com\/de\/produit\/10-plissierte-verstellbare-papierhauben-230-mm\/#breadcrumb","itemListElement":[{"@type":"ListItem","position":1,"name":"Accueil","item":"https:\/\/www.csj-emballages.com\/de\/universum-lebensmittelverpackungen\/"},{"@type":"ListItem","position":2,"name":"Shop","item":"https:\/\/www.csj-emballages.com\/shop\/"},{"@type":"ListItem","position":3,"name":"Wei\u00dfe plissierte Kochm\u00fctze aus Papier, verstellbar, 230 mm, 10 St\u00fcck"}]},{"@type":"WebSite","@id":"https:\/\/www.csj-emballages.com\/de\/#website","url":"https:\/\/www.csj-emballages.com\/de\/","name":"CSJ Emballages","description":"","publisher":{"@id":"https:\/\/www.csj-emballages.com\/de\/#organization"},"potentialAction":[{"@type":"SearchAction","target":{"@type":"EntryPoint","urlTemplate":"https:\/\/www.csj-emballages.com\/de\/?s={search_term_string}"},"query-input":{"@type":"PropertyValueSpecification","valueRequired":true,"valueName":"search_term_string"}}],"inLanguage":"de"},{"@type":"Organization","@id":"https:\/\/www.csj-emballages.com\/de\/#Organization\/","name":"CSJ Emballages","url":"https:\/\/www.csj-emballages.com\/de\/","logo":{"@type":"ImageObject","inLanguage":"de","@id":"https:\/\/www.csj-emballages.com\/de\/#\/schema\/logo\/image\/","url":"https:\/\/www.csj-emballages.com\/wp-content\/uploads\/2023\/10\/logo_csj.webp","contentUrl":"https:\/\/www.csj-emballages.com\/wp-content\/uploads\/2023\/10\/logo_csj.webp","width":250,"height":95,"caption":"CSJ Emballages"},"image":{"@id":"https:\/\/www.csj-emballages.com\/de\/#\/schema\/logo\/image\/"},"sameAs":["https:\/\/www.facebook.com\/csjemballages"],"address":{"@type":"PostalAddress","streetAddress":"ZI La Lechere","addressLocality":"Patornay","postalCode":"39130","addressCountry":"FR"},"contactPoint":[{"@type":"ContactPoint","contactType":"Service client","telephone":"0384254272","email":"contact@csj-emballages.com"}]}]}},"df_price":4.63,"df_sale_price":"","df_regular_price":4.63,"df_image_link":"https:\/\/www.csj-emballages.com\/wp-content\/uploads\/2024\/03\/Toque-en-papier-300x300.webp","tiered_pricing_type":"fixed","tiered_pricing_fixed_rules":[],"tiered_pricing_percentage_rules":[],"tiered_pricing_minimum":1,"tiered_pricing_roles_data":[],"_links":{"self":[{"href":"https:\/\/www.csj-emballages.com\/de\/wp-json\/wp\/v2\/product\/24006","targetHints":{"allow":["GET"]}}],"collection":[{"href":"https:\/\/www.csj-emballages.com\/de\/wp-json\/wp\/v2\/product"}],"about":[{"href":"https:\/\/www.csj-emballages.com\/de\/wp-json\/wp\/v2\/types\/product"}],"wp:featuredmedia":[{"embeddable":true,"href":"https:\/\/www.csj-emballages.com\/de\/wp-json\/wp\/v2\/media\/262818"}],"wp:attachment":[{"href":"https:\/\/www.csj-emballages.com\/de\/wp-json\/wp\/v2\/media?parent=24006"}],"wp:term":[{"taxonomy":"product_brand","embeddable":true,"href":"https:\/\/www.csj-emballages.com\/de\/wp-json\/wp\/v2\/product_brand?post=24006"},{"taxonomy":"product_cat","embeddable":true,"href":"https:\/\/www.csj-emballages.com\/de\/wp-json\/wp\/v2\/product_cat?post=24006"},{"taxonomy":"product_tag","embeddable":true,"href":"https:\/\/www.csj-emballages.com\/de\/wp-json\/wp\/v2\/product_tag?post=24006"}],"curies":[{"name":"wp","href":"https:\/\/api.w.org\/{rel}","templated":true}]}}