{"id":240004,"date":"2025-07-31T16:04:04","date_gmt":"2025-07-31T14:04:04","guid":{"rendered":"https:\/\/www.csj-emballages.com\/produit\/natuerlicher-holzfries-5-kg\/"},"modified":"2026-03-12T16:09:21","modified_gmt":"2026-03-12T15:09:21","slug":"natuerlicher-holzfries-5-kg","status":"publish","type":"product","link":"https:\/\/www.csj-emballages.com\/de\/produit\/natuerlicher-holzfries-5-kg\/","title":{"rendered":"Nat\u00fcrlicher Holzfries 5 kg"},"content":{"rendered":"<h2 id=\"prod-h1\" class=\"prod-details__name prod__name\">Holzfriese<\/h2>\n<div style=\"font-family: Roboto, sans-serif;\">\n<div style=\"font-family: Roboto, sans-serif;\">\n<div style=\"font-family: Roboto, sans-serif;\">\n<div style=\"font-family: Roboto, sans-serif;\">\n<div style=\"font-family: Roboto, sans-serif;\">\n<div style=\"font-family: Roboto, sans-serif;\">\n<hr>\n<h3>Beschreibung von unserem Naturholzkr\u00e4usler 5 kg<\/h3>\n<p><!--more--><\/p>\n<\/div>\n<\/div>\n<\/div>\n<\/div>\n<\/div>\n<\/div>\n<p data-start=\"232\" data-end=\"548\">Die <strong>Naturholzkr\u00e4uselung<\/strong> ist ein Muss f\u00fcr alle, die eine \u00e4sthetische, praktische und umweltfreundliche L\u00f6sung zum Verkeilen, Sch\u00fctzen oder Pr\u00e4sentieren von Produkten suchen. Der <strong>5-kg-Karton<\/strong> enth\u00e4lt eine leichte, aber widerstandsf\u00e4hige Kr\u00e4uselung aus <strong>100 % nat\u00fcrlichem<\/strong>, unbehandeltem und <strong>biologisch abbaubarem<\/strong> <strong>Holz<\/strong>. <\/p>\n<p data-start=\"550\" data-end=\"953\">Ideal f\u00fcr Verpackungsprofis, Handwerker, Weinh\u00e4ndler oder auch detailverliebte Privatpersonen. Diese <strong>Holzkr\u00e4uselung<\/strong> ist perfekt, um Ihre zerbrechlichen Artikel beim Versand oder bei Geschenkpr\u00e4sentationen zu sch\u00fctzen. Sie l\u00e4sst sich leicht in K\u00e4sten, K\u00f6rbe oder Schachteln einf\u00fcgen und erm\u00f6glicht es, Flaschen, Gl\u00e4ser, Gl\u00e4ser, Dekorationsgegenst\u00e4nde oder handgefertigte Produkte wirksam zu verkeilen. <\/p>\n<p data-start=\"955\" data-end=\"1286\">Dank ihrer weichen Textur und ihres <strong>nat\u00fcrlichen Aussehens<\/strong> verleiht sie Ihren Paketen einen echten Hauch von Authentizit\u00e4t. Sie verst\u00e4rkt das handwerkliche oder hochwertige Image Ihrer Produkte. Sie wird auch f\u00fcr Weihnachtsgestecke, Gourmetk\u00f6rbe oder Pr\u00e4sentationen in Gesch\u00e4ften verwendet und besticht sowohl durch ihr Aussehen als auch durch ihre Funktion.  <\/p>\n<p data-start=\"1288\" data-end=\"1543\">Diese gro\u00dfz\u00fcgige Verpackung wird in <strong>Kartons zu 5 kg<\/strong> verkauft und eignet sich sowohl f\u00fcr Profis mit hohem Bedarf als auch f\u00fcr regelm\u00e4\u00dfige Benutzer. Zusammenfassend l\u00e4sst sich sagen, dass es sich um eine verantwortungsvolle, \u00e4sthetische und wirtschaftliche Wahl handelt, um Ihre Verpackungen zu veredeln und gleichzeitig Ihre Produkte wirksam zu sch\u00fctzen. <\/p>\n<p><!--more--><\/p>\n<div style=\"font-family: Roboto, sans-serif;\">\n<div style=\"font-family: Roboto, sans-serif;\">\n<div style=\"font-family: Roboto, sans-serif;\">\n<div style=\"font-family: Roboto, sans-serif;\">\n<div style=\"font-family: Roboto, sans-serif;\">\n<div style=\"font-family: Roboto, sans-serif;\">\n<p><strong>Vorteile :<\/strong><\/p>\n<ul>\n<li>100 % nat\u00fcrliches, unbehandeltes und biologisch abbaubares Holz.<\/li>\n<li>Sch\u00fctzt wirksam vor St\u00f6\u00dfen beim Transport.<\/li>\n<li>Sorgt f\u00fcr ein sch\u00f6nes, nat\u00fcrliches und warmes Finish.<\/li>\n<li><strong>Vielseitig<\/strong> einsetzbar: ideal f\u00fcr K\u00e4sten, Geschenkk\u00f6rbe, Pakete, Dekorationen.<\/li>\n<li><strong>5-kg-Karton<\/strong>: gutes Volumen-\/Gewichtsverh\u00e4ltnis f\u00fcr h\u00e4ufigen Gebrauch.<\/li>\n<\/ul>\n<p>&nbsp;<\/p>\n<\/div>\n<\/div>\n<\/div>\n<\/div>\n<\/div>\n<\/div>\n<p><!--more--><\/p>\n<h4>Weitere Informationen :<\/h4>\n<ul>\n<li><strong>Verpackung<\/strong>: 5kg Karton<\/li>\n<li><strong>Material<\/strong>: Holz<\/li>\n<\/ul>\n<p>&nbsp;<\/p>\n<p><!--more--><\/p>\n<p>Hier finden Sie unseren braunen Papierstau : <span style=\"color: #d12727;\"><a style=\"color: #d12727;\" href=\"https:\/\/www.csj-emballages.com\/es\/produit\/papel-de-embalaje-interkraft-1m-x-400ml\/\"><span style=\"color: #d12727;\">PB1X400<\/span><\/a><\/span><\/p>\n<p>&nbsp;<\/p>\n<p><!--more--><\/p>\n<p><a href=\"https:\/\/www.csj-emballages.com\/de\/categorie-produit\/lebensmittelverpackungen\/metzgerei-und-feinkostgeschaft\/schalen-topfe-glaser\/glaser\/loffel-gabeln\/\">Sehen Sie sich den Rest unseres Sortiments an Kr\u00e4useln an<\/a><\/p>\n","protected":false},"excerpt":{"rendered":"<p>Holzfriese Beschreibung von unserem Naturholzkr\u00e4usler 5 kg<\/p>\n","protected":false},"featured_media":239986,"template":"","meta":{"_acf_changed":false},"product_brand":[],"product_cat":[1137,1487,3970,9389],"product_tag":[],"class_list":{"0":"post-240004","1":"product","2":"type-product","3":"status-publish","4":"has-post-thumbnail","6":"product_cat-lebensmittelverpackungen","7":"product_cat-boutique-und-geschaft","8":"product_cat-zubehor-und-ausstattung-de","9":"product_cat-krauselung","11":"first","12":"outofstock","13":"taxable","14":"shipping-taxable","15":"purchasable","16":"product-type-simple"},"acf":[],"yoast_head":"<!-- This site is optimized with the Yoast SEO Premium plugin v26.6 (Yoast SEO v26.6) - https:\/\/yoast.com\/wordpress\/plugins\/seo\/ -->\n<title>Holzfransen Natur 5 kg<\/title>\n<meta name=\"description\" content=\"Naturholzfriese 5 kg Ideal zum Schutz und zur Aufwertung Ihrer Produkte in Schachteln, Paketen oder Geschenkk\u00f6rben. Umweltfreundliche und elegante L\u00f6sung.\" \/>\n<meta name=\"robots\" content=\"index, follow, max-snippet:-1, max-image-preview:large, max-video-preview:-1\" \/>\n<link rel=\"canonical\" href=\"https:\/\/www.csj-emballages.com\/de\/produit\/natuerlicher-holzfries-5-kg\/\" \/>\n<meta property=\"og:locale\" content=\"de_DE\" \/>\n<meta property=\"og:type\" content=\"article\" \/>\n<meta property=\"og:title\" content=\"Nat\u00fcrlicher Holzfries 5 kg\" \/>\n<meta property=\"og:description\" content=\"Naturholzfriese 5 kg Ideal zum Schutz und zur Aufwertung Ihrer Produkte in Schachteln, Paketen oder Geschenkk\u00f6rben. Umweltfreundliche und elegante L\u00f6sung.\" \/>\n<meta property=\"og:url\" content=\"https:\/\/www.csj-emballages.com\/de\/produit\/natuerlicher-holzfries-5-kg\/\" \/>\n<meta property=\"og:site_name\" content=\"CSJ Emballages\" \/>\n<meta property=\"article:publisher\" content=\"https:\/\/www.facebook.com\/csjemballages\" \/>\n<meta property=\"article:modified_time\" content=\"2026-03-12T15:09:21+00:00\" \/>\n<meta property=\"og:image\" content=\"https:\/\/www.csj-emballages.com\/wp-content\/uploads\/2025\/07\/80370.webp\" \/>\n\t<meta property=\"og:image:width\" content=\"800\" \/>\n\t<meta property=\"og:image:height\" content=\"800\" \/>\n\t<meta property=\"og:image:type\" content=\"image\/webp\" \/>\n<meta name=\"twitter:card\" content=\"summary_large_image\" \/>\n<meta name=\"twitter:label1\" content=\"Gesch\u00e4tzte Lesezeit\" \/>\n\t<meta name=\"twitter:data1\" content=\"2 Minuten\" \/>\n<script type=\"application\/ld+json\" class=\"yoast-schema-graph\">{\"@context\":\"https:\/\/schema.org\",\"@graph\":[{\"@type\":\"WebPage\",\"@id\":\"https:\/\/www.csj-emballages.com\/de\/produit\/natuerlicher-holzfries-5-kg\/\",\"url\":\"https:\/\/www.csj-emballages.com\/de\/produit\/natuerlicher-holzfries-5-kg\/\",\"name\":\"Holzfransen Natur 5 kg\",\"isPartOf\":{\"@id\":\"https:\/\/www.csj-emballages.com\/de\/#website\"},\"primaryImageOfPage\":{\"@id\":\"https:\/\/www.csj-emballages.com\/de\/produit\/natuerlicher-holzfries-5-kg\/#primaryimage\"},\"image\":{\"@id\":\"https:\/\/www.csj-emballages.com\/de\/produit\/natuerlicher-holzfries-5-kg\/#primaryimage\"},\"thumbnailUrl\":\"https:\/\/www.csj-emballages.com\/wp-content\/uploads\/2025\/07\/80370.webp\",\"datePublished\":\"2025-07-31T14:04:04+00:00\",\"dateModified\":\"2026-03-12T15:09:21+00:00\",\"description\":\"Naturholzfriese 5 kg Ideal zum Schutz und zur Aufwertung Ihrer Produkte in Schachteln, Paketen oder Geschenkk\u00f6rben. Umweltfreundliche und elegante L\u00f6sung.\",\"breadcrumb\":{\"@id\":\"https:\/\/www.csj-emballages.com\/de\/produit\/natuerlicher-holzfries-5-kg\/#breadcrumb\"},\"inLanguage\":\"de\",\"potentialAction\":[{\"@type\":\"ReadAction\",\"target\":[\"https:\/\/www.csj-emballages.com\/de\/produit\/natuerlicher-holzfries-5-kg\/\"]}]},{\"@type\":\"ImageObject\",\"inLanguage\":\"de\",\"@id\":\"https:\/\/www.csj-emballages.com\/de\/produit\/natuerlicher-holzfries-5-kg\/#primaryimage\",\"url\":\"https:\/\/www.csj-emballages.com\/wp-content\/uploads\/2025\/07\/80370.webp\",\"contentUrl\":\"https:\/\/www.csj-emballages.com\/wp-content\/uploads\/2025\/07\/80370.webp\",\"width\":800,\"height\":800,\"caption\":\"Frisure de bois\"},{\"@type\":\"BreadcrumbList\",\"@id\":\"https:\/\/www.csj-emballages.com\/de\/produit\/natuerlicher-holzfries-5-kg\/#breadcrumb\",\"itemListElement\":[{\"@type\":\"ListItem\",\"position\":1,\"name\":\"Accueil\",\"item\":\"https:\/\/www.csj-emballages.com\/de\/universum-lebensmittelverpackungen\/\"},{\"@type\":\"ListItem\",\"position\":2,\"name\":\"Shop\",\"item\":\"https:\/\/www.csj-emballages.com\/shop\/\"},{\"@type\":\"ListItem\",\"position\":3,\"name\":\"Nat\u00fcrlicher Holzfries 5 kg\"}]},{\"@type\":\"WebSite\",\"@id\":\"https:\/\/www.csj-emballages.com\/de\/#website\",\"url\":\"https:\/\/www.csj-emballages.com\/de\/\",\"name\":\"CSJ Emballages\",\"description\":\"\",\"publisher\":{\"@id\":\"https:\/\/www.csj-emballages.com\/de\/#organization\"},\"potentialAction\":[{\"@type\":\"SearchAction\",\"target\":{\"@type\":\"EntryPoint\",\"urlTemplate\":\"https:\/\/www.csj-emballages.com\/de\/?s={search_term_string}\"},\"query-input\":{\"@type\":\"PropertyValueSpecification\",\"valueRequired\":true,\"valueName\":\"search_term_string\"}}],\"inLanguage\":\"de\"},{\"@type\":\"Organization\",\"@id\":\"https:\/\/www.csj-emballages.com\/de\/#Organization\/\",\"name\":\"CSJ Emballages\",\"url\":\"https:\/\/www.csj-emballages.com\/de\/\",\"logo\":{\"@type\":\"ImageObject\",\"inLanguage\":\"de\",\"@id\":\"https:\/\/www.csj-emballages.com\/de\/#\/schema\/logo\/image\/\",\"url\":\"https:\/\/www.csj-emballages.com\/wp-content\/uploads\/2023\/10\/logo_csj.webp\",\"contentUrl\":\"https:\/\/www.csj-emballages.com\/wp-content\/uploads\/2023\/10\/logo_csj.webp\",\"width\":250,\"height\":95,\"caption\":\"CSJ Emballages\"},\"image\":{\"@id\":\"https:\/\/www.csj-emballages.com\/de\/#\/schema\/logo\/image\/\"},\"sameAs\":[\"https:\/\/www.facebook.com\/csjemballages\"],\"address\":{\"@type\":\"PostalAddress\",\"streetAddress\":\"ZI La Lechere\",\"addressLocality\":\"Patornay\",\"postalCode\":\"39130\",\"addressCountry\":\"FR\"},\"contactPoint\":[{\"@type\":\"ContactPoint\",\"contactType\":\"Service client\",\"telephone\":\"0384254272\",\"email\":\"contact@csj-emballages.com\"}]}]}<\/script>\n<!-- \/ Yoast SEO Premium plugin. -->","yoast_head_json":{"title":"Holzfransen Natur 5 kg","description":"Naturholzfriese 5 kg Ideal zum Schutz und zur Aufwertung Ihrer Produkte in Schachteln, Paketen oder Geschenkk\u00f6rben. Umweltfreundliche und elegante L\u00f6sung.","robots":{"index":"index","follow":"follow","max-snippet":"max-snippet:-1","max-image-preview":"max-image-preview:large","max-video-preview":"max-video-preview:-1"},"canonical":"https:\/\/www.csj-emballages.com\/de\/produit\/natuerlicher-holzfries-5-kg\/","og_locale":"de_DE","og_type":"article","og_title":"Nat\u00fcrlicher Holzfries 5 kg","og_description":"Naturholzfriese 5 kg Ideal zum Schutz und zur Aufwertung Ihrer Produkte in Schachteln, Paketen oder Geschenkk\u00f6rben. Umweltfreundliche und elegante L\u00f6sung.","og_url":"https:\/\/www.csj-emballages.com\/de\/produit\/natuerlicher-holzfries-5-kg\/","og_site_name":"CSJ Emballages","article_publisher":"https:\/\/www.facebook.com\/csjemballages","article_modified_time":"2026-03-12T15:09:21+00:00","og_image":[{"width":800,"height":800,"url":"https:\/\/www.csj-emballages.com\/wp-content\/uploads\/2025\/07\/80370.webp","type":"image\/webp"}],"twitter_card":"summary_large_image","twitter_misc":{"Gesch\u00e4tzte Lesezeit":"2 Minuten"},"schema":{"@context":"https:\/\/schema.org","@graph":[{"@type":"WebPage","@id":"https:\/\/www.csj-emballages.com\/de\/produit\/natuerlicher-holzfries-5-kg\/","url":"https:\/\/www.csj-emballages.com\/de\/produit\/natuerlicher-holzfries-5-kg\/","name":"Holzfransen Natur 5 kg","isPartOf":{"@id":"https:\/\/www.csj-emballages.com\/de\/#website"},"primaryImageOfPage":{"@id":"https:\/\/www.csj-emballages.com\/de\/produit\/natuerlicher-holzfries-5-kg\/#primaryimage"},"image":{"@id":"https:\/\/www.csj-emballages.com\/de\/produit\/natuerlicher-holzfries-5-kg\/#primaryimage"},"thumbnailUrl":"https:\/\/www.csj-emballages.com\/wp-content\/uploads\/2025\/07\/80370.webp","datePublished":"2025-07-31T14:04:04+00:00","dateModified":"2026-03-12T15:09:21+00:00","description":"Naturholzfriese 5 kg Ideal zum Schutz und zur Aufwertung Ihrer Produkte in Schachteln, Paketen oder Geschenkk\u00f6rben. Umweltfreundliche und elegante L\u00f6sung.","breadcrumb":{"@id":"https:\/\/www.csj-emballages.com\/de\/produit\/natuerlicher-holzfries-5-kg\/#breadcrumb"},"inLanguage":"de","potentialAction":[{"@type":"ReadAction","target":["https:\/\/www.csj-emballages.com\/de\/produit\/natuerlicher-holzfries-5-kg\/"]}]},{"@type":"ImageObject","inLanguage":"de","@id":"https:\/\/www.csj-emballages.com\/de\/produit\/natuerlicher-holzfries-5-kg\/#primaryimage","url":"https:\/\/www.csj-emballages.com\/wp-content\/uploads\/2025\/07\/80370.webp","contentUrl":"https:\/\/www.csj-emballages.com\/wp-content\/uploads\/2025\/07\/80370.webp","width":800,"height":800,"caption":"Frisure de bois"},{"@type":"BreadcrumbList","@id":"https:\/\/www.csj-emballages.com\/de\/produit\/natuerlicher-holzfries-5-kg\/#breadcrumb","itemListElement":[{"@type":"ListItem","position":1,"name":"Accueil","item":"https:\/\/www.csj-emballages.com\/de\/universum-lebensmittelverpackungen\/"},{"@type":"ListItem","position":2,"name":"Shop","item":"https:\/\/www.csj-emballages.com\/shop\/"},{"@type":"ListItem","position":3,"name":"Nat\u00fcrlicher Holzfries 5 kg"}]},{"@type":"WebSite","@id":"https:\/\/www.csj-emballages.com\/de\/#website","url":"https:\/\/www.csj-emballages.com\/de\/","name":"CSJ Emballages","description":"","publisher":{"@id":"https:\/\/www.csj-emballages.com\/de\/#organization"},"potentialAction":[{"@type":"SearchAction","target":{"@type":"EntryPoint","urlTemplate":"https:\/\/www.csj-emballages.com\/de\/?s={search_term_string}"},"query-input":{"@type":"PropertyValueSpecification","valueRequired":true,"valueName":"search_term_string"}}],"inLanguage":"de"},{"@type":"Organization","@id":"https:\/\/www.csj-emballages.com\/de\/#Organization\/","name":"CSJ Emballages","url":"https:\/\/www.csj-emballages.com\/de\/","logo":{"@type":"ImageObject","inLanguage":"de","@id":"https:\/\/www.csj-emballages.com\/de\/#\/schema\/logo\/image\/","url":"https:\/\/www.csj-emballages.com\/wp-content\/uploads\/2023\/10\/logo_csj.webp","contentUrl":"https:\/\/www.csj-emballages.com\/wp-content\/uploads\/2023\/10\/logo_csj.webp","width":250,"height":95,"caption":"CSJ Emballages"},"image":{"@id":"https:\/\/www.csj-emballages.com\/de\/#\/schema\/logo\/image\/"},"sameAs":["https:\/\/www.facebook.com\/csjemballages"],"address":{"@type":"PostalAddress","streetAddress":"ZI La Lechere","addressLocality":"Patornay","postalCode":"39130","addressCountry":"FR"},"contactPoint":[{"@type":"ContactPoint","contactType":"Service client","telephone":"0384254272","email":"contact@csj-emballages.com"}]}]}},"df_price":34.14,"df_sale_price":"","df_regular_price":34.14,"df_image_link":"https:\/\/www.csj-emballages.com\/wp-content\/uploads\/2025\/07\/80370-300x300.webp","tiered_pricing_type":"fixed","tiered_pricing_fixed_rules":[],"tiered_pricing_percentage_rules":[],"tiered_pricing_minimum":1,"tiered_pricing_roles_data":[],"_links":{"self":[{"href":"https:\/\/www.csj-emballages.com\/de\/wp-json\/wp\/v2\/product\/240004","targetHints":{"allow":["GET"]}}],"collection":[{"href":"https:\/\/www.csj-emballages.com\/de\/wp-json\/wp\/v2\/product"}],"about":[{"href":"https:\/\/www.csj-emballages.com\/de\/wp-json\/wp\/v2\/types\/product"}],"wp:featuredmedia":[{"embeddable":true,"href":"https:\/\/www.csj-emballages.com\/de\/wp-json\/wp\/v2\/media\/239986"}],"wp:attachment":[{"href":"https:\/\/www.csj-emballages.com\/de\/wp-json\/wp\/v2\/media?parent=240004"}],"wp:term":[{"taxonomy":"product_brand","embeddable":true,"href":"https:\/\/www.csj-emballages.com\/de\/wp-json\/wp\/v2\/product_brand?post=240004"},{"taxonomy":"product_cat","embeddable":true,"href":"https:\/\/www.csj-emballages.com\/de\/wp-json\/wp\/v2\/product_cat?post=240004"},{"taxonomy":"product_tag","embeddable":true,"href":"https:\/\/www.csj-emballages.com\/de\/wp-json\/wp\/v2\/product_tag?post=240004"}],"curies":[{"name":"wp","href":"https:\/\/api.w.org\/{rel}","templated":true}]}}