{"id":23989,"date":"2024-03-01T16:47:35","date_gmt":"2024-03-01T15:47:35","guid":{"rendered":"https:\/\/u15jnbdpoq.preview.infomaniak.website\/produit\/100-kraftpapierbeutel-mit-fenster-120-x-260-mm\/"},"modified":"2026-04-15T02:18:07","modified_gmt":"2026-04-15T00:18:07","slug":"100-kraftpapierbeutel-mit-fenster-120-x-260-mm","status":"publish","type":"product","link":"https:\/\/www.csj-emballages.com\/de\/produit\/100-kraftpapierbeutel-mit-fenster-120-x-260-mm\/","title":{"rendered":"Kraftpapiert\u00fcte mit Fenster 120 x 260 mm pro 100"},"content":{"rendered":"<div style=\"box-sizing: inherit; font-family: Roboto, sans-serif;\">\n<div style=\"box-sizing: inherit; font-family: Roboto, sans-serif;\">\n<div style=\"box-sizing: inherit; font-family: Roboto, sans-serif;\">\n<div style=\"box-sizing: inherit; font-family: Roboto, sans-serif;\">\n<div style=\"box-sizing: inherit; font-family: Roboto, sans-serif;\">\n<div style=\"box-sizing: inherit; font-family: Roboto, sans-serif;\">\n<div style=\"box-sizing: inherit; font-family: Roboto, sans-serif;\">\n<div style=\"box-sizing: inherit; font-family: Roboto, sans-serif;\">\n<div style=\"box-sizing: inherit; font-family: Roboto, sans-serif;\">\n<div style=\"box-sizing: inherit; font-family: Roboto, sans-serif;\">\n<div style=\"box-sizing: inherit; font-family: Roboto, sans-serif;\">\n<div style=\"box-sizing: inherit; font-family: Roboto, sans-serif;\">\n<div style=\"box-sizing: inherit; font-family: Roboto, sans-serif;\">\n<div class=\"flex flex-grow flex-col max-w-full\">\n<div class=\"min-h-[20px] text-message flex flex-col items-start whitespace-pre-wrap break-words [.text-message+&amp;]:mt-5 juice:w-full juice:items-end overflow-x-auto gap-2\" dir=\"auto\" data-message-author-role=\"assistant\" data-message-id=\"2034782e-88f9-44ef-b4dc-07dd7bf0115f\">\n<div class=\"flex w-full flex-col gap-1 juice:empty:hidden juice:first:pt-[3px]\">\n<div class=\"markdown prose w-full break-words dark:prose-invert light\">\n<div style=\"box-sizing: inherit; font-family: Roboto, sans-serif;\">\n<div style=\"box-sizing: inherit; font-family: Roboto, sans-serif;\">\n<div style=\"box-sizing: inherit; font-family: Roboto, sans-serif;\">\n<div style=\"box-sizing: inherit; font-family: Roboto, sans-serif;\">\n<div style=\"box-sizing: inherit; font-family: Roboto, sans-serif;\">\n<div style=\"box-sizing: inherit; font-family: Roboto, sans-serif;\">\n<h2>Papierbeutel<\/h2>\n<div style=\"box-sizing: inherit; font-family: Roboto, sans-serif;\">\n<div style=\"box-sizing: inherit; font-family: Roboto, sans-serif;\">\n<div style=\"box-sizing: inherit; font-family: Roboto, sans-serif;\">\n<div style=\"text-align: center;\">\n<div style=\"box-sizing: inherit; font-family: Roboto, sans-serif;\">\n<div style=\"box-sizing: inherit; font-family: Roboto, sans-serif;\">\n<div style=\"box-sizing: inherit; font-family: Roboto, sans-serif;\">\n<div style=\"box-sizing: inherit; font-family: Roboto, sans-serif;\">\n<div style=\"box-sizing: inherit; font-family: Roboto, sans-serif;\">\n<div style=\"box-sizing: inherit; font-family: Roboto, sans-serif; text-align: left;\">\n<hr>\n<h3 style=\"text-align: left;\">Beschreibung von unserem Kraftpapiert\u00fcte mit Fenster 120 x 260 mm pro 100<\/h3>\n<h3 style=\"text-align: left;\"><!--more--><\/h3>\n<\/div>\n<\/div>\n<\/div>\n<\/div>\n<\/div>\n<\/div>\n<\/div>\n<\/div>\n<\/div>\n<\/div>\n<\/div>\n<\/div>\n<\/div>\n<\/div>\n<\/div>\n<\/div>\n<\/div>\n<\/div>\n<\/div>\n<\/div>\n<\/div>\n<\/div>\n<\/div>\n<\/div>\n<\/div>\n<\/div>\n<\/div>\n<\/div>\n<\/div>\n<\/div>\n<\/div>\n<\/div>\n<\/div>\n<div style=\"box-sizing: inherit; font-family: Roboto, sans-serif;\">\n<div style=\"box-sizing: inherit; font-family: Roboto, sans-serif;\">\n<div style=\"box-sizing: inherit; font-family: Roboto, sans-serif;\">\n<div style=\"box-sizing: inherit; font-family: Roboto, sans-serif;\">\n<div style=\"box-sizing: inherit; font-family: Roboto, sans-serif;\">\n<div style=\"box-sizing: inherit; font-family: Roboto, sans-serif;\">\n<div style=\"box-sizing: inherit; font-family: Roboto, sans-serif;\">\n<div style=\"box-sizing: inherit; font-family: Roboto, sans-serif;\">\n<div style=\"box-sizing: inherit; font-family: Roboto, sans-serif;\">\n<div style=\"box-sizing: inherit; font-family: Roboto, sans-serif;\">\n<div style=\"box-sizing: inherit; font-family: Roboto, sans-serif;\">\n<div style=\"box-sizing: inherit; font-family: Roboto, sans-serif;\">\n<div style=\"box-sizing: inherit; font-family: Roboto, sans-serif;\">\n<div class=\"flex flex-grow flex-col max-w-full\">\n<div class=\"min-h-[20px] text-message flex flex-col items-start whitespace-pre-wrap break-words [.text-message+&amp;]:mt-5 juice:w-full juice:items-end overflow-x-auto gap-2\" dir=\"auto\" data-message-author-role=\"assistant\" data-message-id=\"2034782e-88f9-44ef-b4dc-07dd7bf0115f\">\n<div class=\"flex w-full flex-col gap-1 juice:empty:hidden juice:first:pt-[3px]\">\n<div class=\"markdown prose w-full break-words dark:prose-invert light\">\n<div style=\"box-sizing: inherit; font-family: Roboto, sans-serif;\">\n<div style=\"box-sizing: inherit; font-family: Roboto, sans-serif;\">\n<div style=\"box-sizing: inherit; font-family: Roboto, sans-serif;\">\n<div style=\"box-sizing: inherit; font-family: Roboto, sans-serif;\">\n<div style=\"box-sizing: inherit; font-family: Roboto, sans-serif;\">\n<div style=\"box-sizing: inherit; font-family: Roboto, sans-serif;\">\n<p data-start=\"0\" data-end=\"504\">Entdecken Sie unsere <strong data-start=\"46\" data-end=\"103\">Kraftpapiert\u00fcte mit Fenster 120 x 260 mm pro 100 St\u00fcck<\/strong>, eine Verpackung, die sowohl praktisch als auch elegant und <strong data-start=\"149\" data-end=\"169\">zu 100 % recycelbar<\/strong> ist. Diese <strong data-start=\"183\" data-end=\"218\">Full-Kraft-Beutel mit festem Boden<\/strong> wurden entwickelt, um den Bed\u00fcrfnissen anspruchsvoller Fachleute gerecht zu werden und gleichzeitig die Umwelt zu schonen. Dank des <strong data-start=\"332\" data-end=\"350\">franz\u00f6sischen Krafts<\/strong>, das aus <strong data-start=\"360\" data-end=\"389\">nachhaltig bewirtschafteten W\u00e4ldern<\/strong> stammt, bieten Sie Ihren Kunden eine umweltfreundliche Verpackung, die Ihre biologischen oder handwerklich hergestellten Produkte hervorhebt.  <\/p>\n<p data-start=\"506\" data-end=\"976\">Das <strong data-start=\"509\" data-end=\"530\">nat\u00fcrliche Material<\/strong> aus <strong>60 g<\/strong> <strong data-start=\"542\" data-end=\"564\">braunem, geripptem Kraftpapier<\/strong> verleiht der Tasche eine bemerkenswerte <strong data-start=\"584\" data-end=\"596\">Stabilit\u00e4t<\/strong>. Der <strong data-start=\"613\" data-end=\"645\">integrierte Kraftkartonboden<\/strong> sorgt f\u00fcr <strong data-start=\"659\" data-end=\"681\">optimale Stabilit\u00e4t<\/strong> und h\u00e4lt Ihre Lebensmittel aufrecht, egal ob es sich um Kekse, Trockenfr\u00fcchte, Kaffeebohnen oder S\u00fc\u00dfigkeiten handelt. Das durchsichtige <strong data-start=\"833\" data-end=\"857\">Fenster<\/strong> bietet zudem eine <strong data-start=\"868\" data-end=\"891\">perfekte Sicht<\/strong> auf Ihre Zubereitungen, sodass Ihre Kunden schon auf den ersten Blick zum Probieren angeregt werden.  <\/p>\n<p data-start=\"978\" data-end=\"1333\">Um noch einen Schritt weiter zu gehen, ist diese <strong>Papiert\u00fcte<\/strong> mit einer <strong data-start=\"1024\" data-end=\"1047\">fettabweisenden<\/strong> Beschichtung versehen, wodurch sie ideal f\u00fcr leicht fettige oder \u00f6lige Produkte geeignet ist, ohne das Risiko von Flecken einzugehen. Da sie <strong data-start=\"1139\" data-end=\"1157\">keinen Kunststoff<\/strong> enth\u00e4lt, entspricht sie voll und ganz einem <strong data-start=\"1201\" data-end=\"1216\">Null-Abfall-Ansatz<\/strong>. So st\u00e4rken Sie das <strong data-start=\"1248\" data-end=\"1262\">umweltfreundliche<\/strong> Image Ihrer Marke und bieten gleichzeitig eine angenehme Benutzererfahrung. <\/p>\n<p data-start=\"1335\" data-end=\"1774\">Wenn Sie sich f\u00fcr diesen <strong data-start=\"1353\" data-end=\"1384\">umweltfreundlichen Kraftbeutel<\/strong> entscheiden, verbinden Sie <strong data-start=\"1400\" data-end=\"1414\">\u00c4sthetik<\/strong>, <strong data-start=\"1416\" data-end=\"1429\">Zweckm\u00e4\u00dfigkeit<\/strong> und <strong data-start=\"1433\" data-end=\"1463\">Umweltfreundlichkeit<\/strong>. Sein nat\u00fcrliches Design, das durch den Kontrast des braunen Kraftpapiers und des hellen Fensters hervorgehoben wird, verleiht Ihren Take-away-Verk\u00e4ufen eine authentische und Premium-Note. Eine perfekte Wahl f\u00fcr <strong data-start=\"1643\" data-end=\"1662\">Feinkostl\u00e4den<\/strong>, <strong data-start=\"1664\" data-end=\"1680\">B\u00e4ckereien<\/strong>, <strong data-start=\"1682\" data-end=\"1695\">Caterer<\/strong> oder jedes Gesch\u00e4ft, das <strong data-start=\"1731\" data-end=\"1742\">Qualit\u00e4t<\/strong> und <strong data-start=\"1746\" data-end=\"1771\">nachhaltige Entwicklung<\/strong> miteinander verbinden m\u00f6chte.  <\/p>\n<p><!--more--><\/p>\n<h4 style=\"text-align: left;\">Vorteile :<\/h4>\n<ul style=\"text-align: left;\">\n<li><strong data-start=\"1999\" data-end=\"2019\">100 % recycelbar<\/strong> und <strong data-start=\"2023\" data-end=\"2041\">plastikfrei<\/strong>, umweltfreundlich.<\/li>\n<li><strong data-start=\"2078\" data-end=\"2096\">Franz\u00f6sisches Kraftfutter<\/strong> aus <strong data-start=\"2112\" data-end=\"2134\">nachhaltig bewirtschafteten<\/strong> W\u00e4ldern <strong data-start=\"2112\" data-end=\"2134\">.<\/strong><\/li>\n<li><strong data-start=\"2139\" data-end=\"2163\">Transparentes Fenster<\/strong> zur Hervorhebung von Produkten.<\/li>\n<li><strong data-start=\"2204\" data-end=\"2219\">Starrer Boden<\/strong> sorgt f\u00fcr ausgezeichnete Stabilit\u00e4t.<\/li>\n<li><strong data-start=\"2258\" data-end=\"2281\">Fettabweisender Lack<\/strong>, ideal f\u00fcr fettige Lebensmittel.<\/li>\n<\/ul>\n<\/div>\n<\/div>\n<\/div>\n<\/div>\n<\/div>\n<\/div>\n<\/div>\n<\/div>\n<\/div>\n<\/div>\n<\/div>\n<\/div>\n<p>&nbsp;<\/p>\n<\/div>\n<\/div>\n<\/div>\n<\/div>\n<\/div>\n<\/div>\n<\/div>\n<\/div>\n<\/div>\n<\/div>\n<\/div>\n<p><!--more--><\/p>\n<h4>Weitere Informationen :<\/h4>\n<ul style=\"box-sizing: inherit; font-family: Roboto, sans-serif;\">\n<li><strong>Verpackung<\/strong>: Packung mit 100 St\u00fcck<\/li>\n<li><span style=\"font-weight: bold;\">Ma\u00dfe<\/span>: 120 x 260 mm<\/li>\n<li><strong>Material<\/strong>: Kraftpapier<\/li>\n<li><strong>Farbe<\/strong>: Kraft<\/li>\n<\/ul>\n<p>&nbsp;<\/p>\n<p><!--more--><\/p>\n<p>Dieser Beutel ist auch in einer kleineren Gr\u00f6\u00dfe erh\u00e4ltlich : <span style=\"color: #d12727;\"><a style=\"color: #d12727;\" href=\"https:\/\/www.csj-emballages.com\/produit\/100-sachets-kraft-avec-fenetre-100-x-220-mm\/\">100 x 220 mm<\/a><\/span><\/p>\n<p>&nbsp;<\/p>\n<p><!--more--><\/p>\n<p><a href=\"https:\/\/www.csj-emballages.com\/de\/categorie-produit\/lebensmittelverpackungen\/backerei-und-konditorei\/sacke-beutel-und-papier\/beutel-fur-suswaren\/papierbeutel\/kraftpapiertuten\/\">Sehen Sie sich den Rest unseres Sortiments an Kraftpapiert\u00fcten an<\/a><\/p>\n","protected":false},"excerpt":{"rendered":"<p>Papierbeutel Beschreibung von unserem Kraftpapiert\u00fcte mit Fenster 120 x 260 mm pro 100<\/p>\n","protected":false},"featured_media":230431,"template":"","meta":{"_acf_changed":false},"product_brand":[],"product_cat":[1137,1171,1678,3604,1487,1265],"product_tag":[],"class_list":{"0":"post-23989","1":"product","2":"type-product","3":"status-publish","4":"has-post-thumbnail","6":"product_cat-lebensmittelverpackungen","7":"product_cat-backerei-und-konditorei","8":"product_cat-beutel-fur-suswaren","9":"product_cat-kraftpapiertuten","10":"product_cat-boutique-und-geschaft","11":"product_cat-lagerbestande-promotion","13":"first","14":"instock","15":"sale","16":"taxable","17":"shipping-taxable","18":"purchasable","19":"product-type-simple"},"acf":[],"yoast_head":"<!-- This site is optimized with the Yoast SEO Premium plugin v26.6 (Yoast SEO v26.6) - https:\/\/yoast.com\/wordpress\/plugins\/seo\/ -->\n<title>Kraftpapiert\u00fcte mit Fenster 120 x 260 mm pro 100<\/title>\n<meta name=\"description\" content=\"Kraftpapiert\u00fcte mit Fenster 120 \u00d7 260 mm, recycelbar und plastikfrei. Fester Boden, fettabweisender Lack und umweltfreundliches franz\u00f6sisches Kraftpapier.\" \/>\n<meta name=\"robots\" content=\"index, follow, max-snippet:-1, max-image-preview:large, max-video-preview:-1\" \/>\n<link rel=\"canonical\" href=\"https:\/\/www.csj-emballages.com\/de\/produit\/100-kraftpapierbeutel-mit-fenster-120-x-260-mm\/\" \/>\n<meta property=\"og:locale\" content=\"de_DE\" \/>\n<meta property=\"og:type\" content=\"article\" \/>\n<meta property=\"og:title\" content=\"Kraftpapiert\u00fcte mit Fenster 120 x 260 mm pro 100\" \/>\n<meta property=\"og:description\" content=\"Kraftpapiert\u00fcte mit Fenster 120 \u00d7 260 mm, recycelbar und plastikfrei. Fester Boden, fettabweisender Lack und umweltfreundliches franz\u00f6sisches Kraftpapier.\" \/>\n<meta property=\"og:url\" content=\"https:\/\/www.csj-emballages.com\/de\/produit\/100-kraftpapierbeutel-mit-fenster-120-x-260-mm\/\" \/>\n<meta property=\"og:site_name\" content=\"CSJ Emballages\" \/>\n<meta property=\"article:publisher\" content=\"https:\/\/www.facebook.com\/csjemballages\" \/>\n<meta property=\"article:modified_time\" content=\"2026-04-15T00:18:07+00:00\" \/>\n<meta property=\"og:image\" content=\"https:\/\/www.csj-emballages.com\/wp-content\/uploads\/2024\/03\/TKF34.webp\" \/>\n\t<meta property=\"og:image:width\" content=\"800\" \/>\n\t<meta property=\"og:image:height\" content=\"800\" \/>\n\t<meta property=\"og:image:type\" content=\"image\/webp\" \/>\n<meta name=\"twitter:card\" content=\"summary_large_image\" \/>\n<meta name=\"twitter:label1\" content=\"Gesch\u00e4tzte Lesezeit\" \/>\n\t<meta name=\"twitter:data1\" content=\"2 Minuten\" \/>\n<script type=\"application\/ld+json\" class=\"yoast-schema-graph\">{\"@context\":\"https:\/\/schema.org\",\"@graph\":[{\"@type\":\"WebPage\",\"@id\":\"https:\/\/www.csj-emballages.com\/de\/produit\/100-kraftpapierbeutel-mit-fenster-120-x-260-mm\/\",\"url\":\"https:\/\/www.csj-emballages.com\/de\/produit\/100-kraftpapierbeutel-mit-fenster-120-x-260-mm\/\",\"name\":\"Kraftpapiert\u00fcte mit Fenster 120 x 260 mm pro 100\",\"isPartOf\":{\"@id\":\"https:\/\/www.csj-emballages.com\/de\/#website\"},\"primaryImageOfPage\":{\"@id\":\"https:\/\/www.csj-emballages.com\/de\/produit\/100-kraftpapierbeutel-mit-fenster-120-x-260-mm\/#primaryimage\"},\"image\":{\"@id\":\"https:\/\/www.csj-emballages.com\/de\/produit\/100-kraftpapierbeutel-mit-fenster-120-x-260-mm\/#primaryimage\"},\"thumbnailUrl\":\"https:\/\/www.csj-emballages.com\/wp-content\/uploads\/2024\/03\/TKF34.webp\",\"datePublished\":\"2024-03-01T15:47:35+00:00\",\"dateModified\":\"2026-04-15T00:18:07+00:00\",\"description\":\"Kraftpapiert\u00fcte mit Fenster 120 \u00d7 260 mm, recycelbar und plastikfrei. Fester Boden, fettabweisender Lack und umweltfreundliches franz\u00f6sisches Kraftpapier.\",\"breadcrumb\":{\"@id\":\"https:\/\/www.csj-emballages.com\/de\/produit\/100-kraftpapierbeutel-mit-fenster-120-x-260-mm\/#breadcrumb\"},\"inLanguage\":\"de\",\"potentialAction\":[{\"@type\":\"ReadAction\",\"target\":[\"https:\/\/www.csj-emballages.com\/de\/produit\/100-kraftpapierbeutel-mit-fenster-120-x-260-mm\/\"]}]},{\"@type\":\"ImageObject\",\"inLanguage\":\"de\",\"@id\":\"https:\/\/www.csj-emballages.com\/de\/produit\/100-kraftpapierbeutel-mit-fenster-120-x-260-mm\/#primaryimage\",\"url\":\"https:\/\/www.csj-emballages.com\/wp-content\/uploads\/2024\/03\/TKF34.webp\",\"contentUrl\":\"https:\/\/www.csj-emballages.com\/wp-content\/uploads\/2024\/03\/TKF34.webp\",\"width\":800,\"height\":800,\"caption\":\"sachets kraft\"},{\"@type\":\"BreadcrumbList\",\"@id\":\"https:\/\/www.csj-emballages.com\/de\/produit\/100-kraftpapierbeutel-mit-fenster-120-x-260-mm\/#breadcrumb\",\"itemListElement\":[{\"@type\":\"ListItem\",\"position\":1,\"name\":\"Accueil\",\"item\":\"https:\/\/www.csj-emballages.com\/de\/universum-lebensmittelverpackungen\/\"},{\"@type\":\"ListItem\",\"position\":2,\"name\":\"Shop\",\"item\":\"https:\/\/www.csj-emballages.com\/shop\/\"},{\"@type\":\"ListItem\",\"position\":3,\"name\":\"Kraftpapiert\u00fcte mit Fenster 120 x 260 mm pro 100\"}]},{\"@type\":\"WebSite\",\"@id\":\"https:\/\/www.csj-emballages.com\/de\/#website\",\"url\":\"https:\/\/www.csj-emballages.com\/de\/\",\"name\":\"CSJ Emballages\",\"description\":\"\",\"publisher\":{\"@id\":\"https:\/\/www.csj-emballages.com\/de\/#organization\"},\"potentialAction\":[{\"@type\":\"SearchAction\",\"target\":{\"@type\":\"EntryPoint\",\"urlTemplate\":\"https:\/\/www.csj-emballages.com\/de\/?s={search_term_string}\"},\"query-input\":{\"@type\":\"PropertyValueSpecification\",\"valueRequired\":true,\"valueName\":\"search_term_string\"}}],\"inLanguage\":\"de\"},{\"@type\":\"Organization\",\"@id\":\"https:\/\/www.csj-emballages.com\/de\/#Organization\/\",\"name\":\"CSJ Emballages\",\"url\":\"https:\/\/www.csj-emballages.com\/de\/\",\"logo\":{\"@type\":\"ImageObject\",\"inLanguage\":\"de\",\"@id\":\"https:\/\/www.csj-emballages.com\/de\/#\/schema\/logo\/image\/\",\"url\":\"https:\/\/www.csj-emballages.com\/wp-content\/uploads\/2023\/10\/logo_csj.webp\",\"contentUrl\":\"https:\/\/www.csj-emballages.com\/wp-content\/uploads\/2023\/10\/logo_csj.webp\",\"width\":250,\"height\":95,\"caption\":\"CSJ Emballages\"},\"image\":{\"@id\":\"https:\/\/www.csj-emballages.com\/de\/#\/schema\/logo\/image\/\"},\"sameAs\":[\"https:\/\/www.facebook.com\/csjemballages\"],\"address\":{\"@type\":\"PostalAddress\",\"streetAddress\":\"ZI La Lechere\",\"addressLocality\":\"Patornay\",\"postalCode\":\"39130\",\"addressCountry\":\"FR\"},\"contactPoint\":[{\"@type\":\"ContactPoint\",\"contactType\":\"Service client\",\"telephone\":\"0384254272\",\"email\":\"contact@csj-emballages.com\"}]}]}<\/script>\n<!-- \/ Yoast SEO Premium plugin. -->","yoast_head_json":{"title":"Kraftpapiert\u00fcte mit Fenster 120 x 260 mm pro 100","description":"Kraftpapiert\u00fcte mit Fenster 120 \u00d7 260 mm, recycelbar und plastikfrei. Fester Boden, fettabweisender Lack und umweltfreundliches franz\u00f6sisches Kraftpapier.","robots":{"index":"index","follow":"follow","max-snippet":"max-snippet:-1","max-image-preview":"max-image-preview:large","max-video-preview":"max-video-preview:-1"},"canonical":"https:\/\/www.csj-emballages.com\/de\/produit\/100-kraftpapierbeutel-mit-fenster-120-x-260-mm\/","og_locale":"de_DE","og_type":"article","og_title":"Kraftpapiert\u00fcte mit Fenster 120 x 260 mm pro 100","og_description":"Kraftpapiert\u00fcte mit Fenster 120 \u00d7 260 mm, recycelbar und plastikfrei. Fester Boden, fettabweisender Lack und umweltfreundliches franz\u00f6sisches Kraftpapier.","og_url":"https:\/\/www.csj-emballages.com\/de\/produit\/100-kraftpapierbeutel-mit-fenster-120-x-260-mm\/","og_site_name":"CSJ Emballages","article_publisher":"https:\/\/www.facebook.com\/csjemballages","article_modified_time":"2026-04-15T00:18:07+00:00","og_image":[{"width":800,"height":800,"url":"https:\/\/www.csj-emballages.com\/wp-content\/uploads\/2024\/03\/TKF34.webp","type":"image\/webp"}],"twitter_card":"summary_large_image","twitter_misc":{"Gesch\u00e4tzte Lesezeit":"2 Minuten"},"schema":{"@context":"https:\/\/schema.org","@graph":[{"@type":"WebPage","@id":"https:\/\/www.csj-emballages.com\/de\/produit\/100-kraftpapierbeutel-mit-fenster-120-x-260-mm\/","url":"https:\/\/www.csj-emballages.com\/de\/produit\/100-kraftpapierbeutel-mit-fenster-120-x-260-mm\/","name":"Kraftpapiert\u00fcte mit Fenster 120 x 260 mm pro 100","isPartOf":{"@id":"https:\/\/www.csj-emballages.com\/de\/#website"},"primaryImageOfPage":{"@id":"https:\/\/www.csj-emballages.com\/de\/produit\/100-kraftpapierbeutel-mit-fenster-120-x-260-mm\/#primaryimage"},"image":{"@id":"https:\/\/www.csj-emballages.com\/de\/produit\/100-kraftpapierbeutel-mit-fenster-120-x-260-mm\/#primaryimage"},"thumbnailUrl":"https:\/\/www.csj-emballages.com\/wp-content\/uploads\/2024\/03\/TKF34.webp","datePublished":"2024-03-01T15:47:35+00:00","dateModified":"2026-04-15T00:18:07+00:00","description":"Kraftpapiert\u00fcte mit Fenster 120 \u00d7 260 mm, recycelbar und plastikfrei. Fester Boden, fettabweisender Lack und umweltfreundliches franz\u00f6sisches Kraftpapier.","breadcrumb":{"@id":"https:\/\/www.csj-emballages.com\/de\/produit\/100-kraftpapierbeutel-mit-fenster-120-x-260-mm\/#breadcrumb"},"inLanguage":"de","potentialAction":[{"@type":"ReadAction","target":["https:\/\/www.csj-emballages.com\/de\/produit\/100-kraftpapierbeutel-mit-fenster-120-x-260-mm\/"]}]},{"@type":"ImageObject","inLanguage":"de","@id":"https:\/\/www.csj-emballages.com\/de\/produit\/100-kraftpapierbeutel-mit-fenster-120-x-260-mm\/#primaryimage","url":"https:\/\/www.csj-emballages.com\/wp-content\/uploads\/2024\/03\/TKF34.webp","contentUrl":"https:\/\/www.csj-emballages.com\/wp-content\/uploads\/2024\/03\/TKF34.webp","width":800,"height":800,"caption":"sachets kraft"},{"@type":"BreadcrumbList","@id":"https:\/\/www.csj-emballages.com\/de\/produit\/100-kraftpapierbeutel-mit-fenster-120-x-260-mm\/#breadcrumb","itemListElement":[{"@type":"ListItem","position":1,"name":"Accueil","item":"https:\/\/www.csj-emballages.com\/de\/universum-lebensmittelverpackungen\/"},{"@type":"ListItem","position":2,"name":"Shop","item":"https:\/\/www.csj-emballages.com\/shop\/"},{"@type":"ListItem","position":3,"name":"Kraftpapiert\u00fcte mit Fenster 120 x 260 mm pro 100"}]},{"@type":"WebSite","@id":"https:\/\/www.csj-emballages.com\/de\/#website","url":"https:\/\/www.csj-emballages.com\/de\/","name":"CSJ Emballages","description":"","publisher":{"@id":"https:\/\/www.csj-emballages.com\/de\/#organization"},"potentialAction":[{"@type":"SearchAction","target":{"@type":"EntryPoint","urlTemplate":"https:\/\/www.csj-emballages.com\/de\/?s={search_term_string}"},"query-input":{"@type":"PropertyValueSpecification","valueRequired":true,"valueName":"search_term_string"}}],"inLanguage":"de"},{"@type":"Organization","@id":"https:\/\/www.csj-emballages.com\/de\/#Organization\/","name":"CSJ Emballages","url":"https:\/\/www.csj-emballages.com\/de\/","logo":{"@type":"ImageObject","inLanguage":"de","@id":"https:\/\/www.csj-emballages.com\/de\/#\/schema\/logo\/image\/","url":"https:\/\/www.csj-emballages.com\/wp-content\/uploads\/2023\/10\/logo_csj.webp","contentUrl":"https:\/\/www.csj-emballages.com\/wp-content\/uploads\/2023\/10\/logo_csj.webp","width":250,"height":95,"caption":"CSJ Emballages"},"image":{"@id":"https:\/\/www.csj-emballages.com\/de\/#\/schema\/logo\/image\/"},"sameAs":["https:\/\/www.facebook.com\/csjemballages"],"address":{"@type":"PostalAddress","streetAddress":"ZI La Lechere","addressLocality":"Patornay","postalCode":"39130","addressCountry":"FR"},"contactPoint":[{"@type":"ContactPoint","contactType":"Service client","telephone":"0384254272","email":"contact@csj-emballages.com"}]}]}},"df_price":18.07,"df_sale_price":18.07,"df_regular_price":25.81,"df_image_link":"https:\/\/www.csj-emballages.com\/wp-content\/uploads\/2024\/03\/TKF34-300x300.webp","tiered_pricing_type":"fixed","tiered_pricing_fixed_rules":[],"tiered_pricing_percentage_rules":[],"tiered_pricing_minimum":1,"tiered_pricing_roles_data":[],"_links":{"self":[{"href":"https:\/\/www.csj-emballages.com\/de\/wp-json\/wp\/v2\/product\/23989","targetHints":{"allow":["GET"]}}],"collection":[{"href":"https:\/\/www.csj-emballages.com\/de\/wp-json\/wp\/v2\/product"}],"about":[{"href":"https:\/\/www.csj-emballages.com\/de\/wp-json\/wp\/v2\/types\/product"}],"wp:featuredmedia":[{"embeddable":true,"href":"https:\/\/www.csj-emballages.com\/de\/wp-json\/wp\/v2\/media\/230431"}],"wp:attachment":[{"href":"https:\/\/www.csj-emballages.com\/de\/wp-json\/wp\/v2\/media?parent=23989"}],"wp:term":[{"taxonomy":"product_brand","embeddable":true,"href":"https:\/\/www.csj-emballages.com\/de\/wp-json\/wp\/v2\/product_brand?post=23989"},{"taxonomy":"product_cat","embeddable":true,"href":"https:\/\/www.csj-emballages.com\/de\/wp-json\/wp\/v2\/product_cat?post=23989"},{"taxonomy":"product_tag","embeddable":true,"href":"https:\/\/www.csj-emballages.com\/de\/wp-json\/wp\/v2\/product_tag?post=23989"}],"curies":[{"name":"wp","href":"https:\/\/api.w.org\/{rel}","templated":true}]}}