{"id":23964,"date":"2024-03-01T16:47:34","date_gmt":"2024-03-01T15:47:34","guid":{"rendered":"https:\/\/u15jnbdpoq.preview.infomaniak.website\/produit\/100-einweg-tortenformen-aus-aluminium-195-mm\/"},"modified":"2026-04-20T15:01:20","modified_gmt":"2026-04-20T13:01:20","slug":"100-einweg-tortenformen-aus-aluminium-195-mm","status":"publish","type":"product","link":"https:\/\/www.csj-emballages.com\/de\/produit\/100-einweg-tortenformen-aus-aluminium-195-mm\/","title":{"rendered":"Aluminium-Tortenform 195 mm pro 100"},"content":{"rendered":"<h2>Tortenform<\/h2>\n<hr>\n<h3>Beschreibung unserer Aluminium-Tortenform 195 mm pro 100<\/h3>\n<p><!--more--><\/p>\n<p data-start=\"62\" data-end=\"516\">Diese <strong>195 mm gro\u00dfe<\/strong> <strong>Tortenform<\/strong> aus <strong>Aluminium<\/strong> ist ein Muss f\u00fcr B\u00e4ckereien, Caterer, Gastronomen und sogar f\u00fcr Privatpersonen, die leidenschaftlich gerne backen. Denn sie wurde zum Backen und Pr\u00e4sentieren Ihrer Torten, T\u00f6rtchen und Quiches entwickelt und vereint Praktikabilit\u00e4t mit Leistung. Au\u00dferdem sorgt sein Aluminiummaterial f\u00fcr ein gleichm\u00e4\u00dfiges Backen und erm\u00f6glicht eine gleichm\u00e4\u00dfige W\u00e4rmeverteilung f\u00fcr goldbraune und knusprige Zubereitungen.  <\/p>\n<p data-start=\"518\" data-end=\"846\">Diese <strong>Einweg-Tortenform<\/strong> erleichtert das Servieren und ist daher ideal f\u00fcr den Verkauf zum Mitnehmen und f\u00fcr Schnellrestaurants. Sie ist leicht und widerstandsf\u00e4hig und kann sowohl im Ofen gebacken als auch gek\u00fchlt aufbewahrt werden, so dass die Speisen lange halten. <\/p>\n<p><!--more--><\/p>\n<p><strong>Ihre Vorteile :<\/strong><\/p>\n<ul>\n<li data-start=\"1039\" data-end=\"1116\"><strong data-start=\"1041\" data-end=\"1061\">Gleichm\u00e4\u00dfiges Garen<\/strong>: Aluminium verteilt die Hitze <strong data-start=\"1041\" data-end=\"1061\">gleichm\u00e4\u00dfig<\/strong>.<\/li>\n<li data-start=\"1117\" data-end=\"1189\"><strong data-start=\"1119\" data-end=\"1142\">Praktisch und wegwerfbar<\/strong>: Spart Zeit und ist einfach zu verwenden.<\/li>\n<li data-start=\"1190\" data-end=\"1263\"><strong data-start=\"1192\" data-end=\"1206\">Vielseitig<\/strong>: Diese Tortenform eignet sich f\u00fcr Torten, Quiches und andere Geb\u00e4cke.<\/li>\n<li data-start=\"1264\" data-end=\"1360\" data-is-last-node=\"\"><strong data-start=\"1266\" data-end=\"1305\">Vielseitig<\/strong> einsetzbar : Perfekt f\u00fcr den Verkauf zum Mitnehmen und in der Gastronomie.<\/li>\n<\/ul>\n<p>&nbsp;<\/p>\n<p><!--more--><\/p>\n<h4>Weitere Informationen :<\/h4>\n<ul>\n<li><strong>Verpackung<\/strong>: Packung mit 100 St\u00fcck<\/li>\n<li><strong>Innendurchmesser<\/strong>: \u00d8180 mm<\/li>\n<li><strong>Au\u00dfenma\u00dfe<\/strong>: \u00d8195 mm<\/li>\n<li><strong>H\u00f6he<\/strong>: 25 mm<\/li>\n<li><strong>Volumen<\/strong>: 582 ml<\/li>\n<li><strong>Material<\/strong>: Aluminium<\/li>\n<li><b>Gebrauchstemperatur <\/b>: -40\u00b0C \/ +350\u00b0C<\/li>\n<\/ul>\n<p>&nbsp;<\/p>\n<p><!--more--><\/p>\n<p>Dieses Produkt ist in verschiedenen Gr\u00f6\u00dfen erh\u00e4ltlich :  <span style=\"color: #d12727;\"><a style=\"color: #d12727;\" href=\"https:\/\/www.csj-emballages.com\/es\/produit\/100-moldes-tourtiere-desechables-de-aluminio-109-mm\/\">109 mm<\/a><\/span> \/ <span style=\"color: #d12727;\"><a style=\"color: #d12727;\" href=\"https:\/\/www.csj-emballages.com\/es\/produit\/100-moldes-tourtiere-desechables-de-aluminio-138-mm\/\">138 mm<\/a><\/span> \/ <span style=\"color: #d12727;\"><a style=\"color: #d12727;\" href=\"https:\/\/www.csj-emballages.com\/produit\/100-moules-a-tourtieres-jetables-aluminium-170-mm\/\">174 mm<\/a><\/span> \/ <span style=\"color: #d12727;\"><a style=\"color: #d12727;\" href=\"https:\/\/www.csj-emballages.com\/produit\/400-moule-aluminium-a-tourtiere-jetables-200-mm\/\">200 mm<\/a><\/span> \/ <span style=\"color: #d12727;\"><a style=\"color: #d12727;\" href=\"https:\/\/www.csj-emballages.com\/produit\/100-moules-a-tourtieres-jetables-aluminium-214-mm\/\">214 mm<\/a><\/span> \/ <span style=\"color: #d12727;\"><a style=\"color: #d12727;\" href=\"https:\/\/www.csj-emballages.com\/produit\/100-moules-a-tourtieres-jetables-aluminium-230-mm\/\">230 mm<\/a><\/span> \/       <span style=\"color: #d12727;\"><a style=\"color: #d12727;\" href=\"https:\/\/www.csj-emballages.com\/produit\/100-moules-a-tourtieres-jetables-aluminium-247-mm\/\">247 mm<\/a><\/span> \/  <span style=\"color: #d12727;\"><a style=\"color: #d12727;\" href=\"https:\/\/www.csj-emballages.com\/produit\/100-moules-a-tourtieres-jetables-aluminium-270-mm\/\">270 mm<\/a><\/span> \/  <span style=\"color: #d12727;\"><a style=\"color: #d12727;\" href=\"https:\/\/www.csj-emballages.com\/produit\/200-moules-a-tourtieres-jetables-aluminium-327-mm\/\">327 mm<\/a><\/span><\/p>\n<p>&nbsp;<\/p>\n<p><!--more--><\/p>\n<p><a href=\"https:\/\/www.csj-emballages.com\/de\/categorie-produit\/lebensmittelverpackungen\/metzgerei-und-feinkostgeschaft\/schalen-dosen-und-glaser\/aluminiumschalen-schalen-formen-tabletts-becher-auflaufformen-tortenschalen\/tortenformen\/\">Sehen Sie sich den Rest unseres Sortiments an Tortenbackformen an<\/a><\/p>\n<p>&nbsp;<\/p>\n","protected":false},"excerpt":{"rendered":"<p>Tortenform Beschreibung unserer Aluminium-Tortenform 195 mm pro 100<\/p>\n","protected":false},"featured_media":228127,"template":"","meta":{"_acf_changed":false},"product_brand":[],"product_cat":[1137,1170,1997,3601],"product_tag":[],"class_list":{"0":"post-23964","1":"product","2":"type-product","3":"status-publish","4":"has-post-thumbnail","6":"product_cat-lebensmittelverpackungen","7":"product_cat-metzgerei-und-feinkostgeschaft","8":"product_cat-aluminiumschalen-schalen-formen-tabletts-becher-auflaufformen-tortenschalen","9":"product_cat-tortenformen","11":"first","12":"instock","13":"taxable","14":"shipping-taxable","15":"purchasable","16":"product-type-simple"},"acf":[],"yoast_head":"<!-- This site is optimized with the Yoast SEO Premium plugin v26.6 (Yoast SEO v26.6) - https:\/\/yoast.com\/wordpress\/plugins\/seo\/ -->\n<title>Aluminium-Tortenform 195 mm pro 100 St\u00fcck<\/title>\n<meta name=\"description\" content=\"Aluminium-Tortenform 195 mm x 100 - ideal f\u00fcr ein gleichm\u00e4\u00dfiges Backen und eine gepflegte Pr\u00e4sentation Ihrer Torten, Quiches und Tartelettes.\" \/>\n<meta name=\"robots\" content=\"index, follow, max-snippet:-1, max-image-preview:large, max-video-preview:-1\" \/>\n<link rel=\"canonical\" href=\"https:\/\/www.csj-emballages.com\/de\/produit\/100-einweg-tortenformen-aus-aluminium-195-mm\/\" \/>\n<meta property=\"og:locale\" content=\"de_DE\" \/>\n<meta property=\"og:type\" content=\"article\" \/>\n<meta property=\"og:title\" content=\"Aluminium-Tortenform 195 mm pro 100\" \/>\n<meta property=\"og:description\" content=\"Aluminium-Tortenform 195 mm x 100 - ideal f\u00fcr ein gleichm\u00e4\u00dfiges Backen und eine gepflegte Pr\u00e4sentation Ihrer Torten, Quiches und Tartelettes.\" \/>\n<meta property=\"og:url\" content=\"https:\/\/www.csj-emballages.com\/de\/produit\/100-einweg-tortenformen-aus-aluminium-195-mm\/\" \/>\n<meta property=\"og:site_name\" content=\"CSJ Emballages\" \/>\n<meta property=\"article:publisher\" content=\"https:\/\/www.facebook.com\/csjemballages\" \/>\n<meta property=\"article:modified_time\" content=\"2026-04-20T13:01:20+00:00\" \/>\n<meta property=\"og:image\" content=\"https:\/\/www.csj-emballages.com\/wp-content\/uploads\/2024\/03\/TO-195.webp\" \/>\n\t<meta property=\"og:image:width\" content=\"800\" \/>\n\t<meta property=\"og:image:height\" content=\"800\" \/>\n\t<meta property=\"og:image:type\" content=\"image\/webp\" \/>\n<meta name=\"twitter:card\" content=\"summary_large_image\" \/>\n<meta name=\"twitter:label1\" content=\"Gesch\u00e4tzte Lesezeit\" \/>\n\t<meta name=\"twitter:data1\" content=\"1\u00a0Minute\" \/>\n<script type=\"application\/ld+json\" class=\"yoast-schema-graph\">{\"@context\":\"https:\/\/schema.org\",\"@graph\":[{\"@type\":\"WebPage\",\"@id\":\"https:\/\/www.csj-emballages.com\/de\/produit\/100-einweg-tortenformen-aus-aluminium-195-mm\/\",\"url\":\"https:\/\/www.csj-emballages.com\/de\/produit\/100-einweg-tortenformen-aus-aluminium-195-mm\/\",\"name\":\"Aluminium-Tortenform 195 mm pro 100 St\u00fcck\",\"isPartOf\":{\"@id\":\"https:\/\/www.csj-emballages.com\/de\/#website\"},\"primaryImageOfPage\":{\"@id\":\"https:\/\/www.csj-emballages.com\/de\/produit\/100-einweg-tortenformen-aus-aluminium-195-mm\/#primaryimage\"},\"image\":{\"@id\":\"https:\/\/www.csj-emballages.com\/de\/produit\/100-einweg-tortenformen-aus-aluminium-195-mm\/#primaryimage\"},\"thumbnailUrl\":\"https:\/\/www.csj-emballages.com\/wp-content\/uploads\/2024\/03\/TO-195.webp\",\"datePublished\":\"2024-03-01T15:47:34+00:00\",\"dateModified\":\"2026-04-20T13:01:20+00:00\",\"description\":\"Aluminium-Tortenform 195 mm x 100 - ideal f\u00fcr ein gleichm\u00e4\u00dfiges Backen und eine gepflegte Pr\u00e4sentation Ihrer Torten, Quiches und Tartelettes.\",\"breadcrumb\":{\"@id\":\"https:\/\/www.csj-emballages.com\/de\/produit\/100-einweg-tortenformen-aus-aluminium-195-mm\/#breadcrumb\"},\"inLanguage\":\"de\",\"potentialAction\":[{\"@type\":\"ReadAction\",\"target\":[\"https:\/\/www.csj-emballages.com\/de\/produit\/100-einweg-tortenformen-aus-aluminium-195-mm\/\"]}]},{\"@type\":\"ImageObject\",\"inLanguage\":\"de\",\"@id\":\"https:\/\/www.csj-emballages.com\/de\/produit\/100-einweg-tortenformen-aus-aluminium-195-mm\/#primaryimage\",\"url\":\"https:\/\/www.csj-emballages.com\/wp-content\/uploads\/2024\/03\/TO-195.webp\",\"contentUrl\":\"https:\/\/www.csj-emballages.com\/wp-content\/uploads\/2024\/03\/TO-195.webp\",\"width\":800,\"height\":800,\"caption\":\"Moule \u00e0 tourti\u00e8re\"},{\"@type\":\"BreadcrumbList\",\"@id\":\"https:\/\/www.csj-emballages.com\/de\/produit\/100-einweg-tortenformen-aus-aluminium-195-mm\/#breadcrumb\",\"itemListElement\":[{\"@type\":\"ListItem\",\"position\":1,\"name\":\"Accueil\",\"item\":\"https:\/\/www.csj-emballages.com\/de\/universum-lebensmittelverpackungen\/\"},{\"@type\":\"ListItem\",\"position\":2,\"name\":\"Shop\",\"item\":\"https:\/\/www.csj-emballages.com\/shop\/\"},{\"@type\":\"ListItem\",\"position\":3,\"name\":\"Aluminium-Tortenform 195 mm pro 100\"}]},{\"@type\":\"WebSite\",\"@id\":\"https:\/\/www.csj-emballages.com\/de\/#website\",\"url\":\"https:\/\/www.csj-emballages.com\/de\/\",\"name\":\"CSJ Emballages\",\"description\":\"\",\"publisher\":{\"@id\":\"https:\/\/www.csj-emballages.com\/de\/#organization\"},\"potentialAction\":[{\"@type\":\"SearchAction\",\"target\":{\"@type\":\"EntryPoint\",\"urlTemplate\":\"https:\/\/www.csj-emballages.com\/de\/?s={search_term_string}\"},\"query-input\":{\"@type\":\"PropertyValueSpecification\",\"valueRequired\":true,\"valueName\":\"search_term_string\"}}],\"inLanguage\":\"de\"},{\"@type\":\"Organization\",\"@id\":\"https:\/\/www.csj-emballages.com\/de\/#Organization\/\",\"name\":\"CSJ Emballages\",\"url\":\"https:\/\/www.csj-emballages.com\/de\/\",\"logo\":{\"@type\":\"ImageObject\",\"inLanguage\":\"de\",\"@id\":\"https:\/\/www.csj-emballages.com\/de\/#\/schema\/logo\/image\/\",\"url\":\"https:\/\/www.csj-emballages.com\/wp-content\/uploads\/2023\/10\/logo_csj.webp\",\"contentUrl\":\"https:\/\/www.csj-emballages.com\/wp-content\/uploads\/2023\/10\/logo_csj.webp\",\"width\":250,\"height\":95,\"caption\":\"CSJ Emballages\"},\"image\":{\"@id\":\"https:\/\/www.csj-emballages.com\/de\/#\/schema\/logo\/image\/\"},\"sameAs\":[\"https:\/\/www.facebook.com\/csjemballages\"],\"address\":{\"@type\":\"PostalAddress\",\"streetAddress\":\"ZI La Lechere\",\"addressLocality\":\"Patornay\",\"postalCode\":\"39130\",\"addressCountry\":\"FR\"},\"contactPoint\":[{\"@type\":\"ContactPoint\",\"contactType\":\"Service client\",\"telephone\":\"0384254272\",\"email\":\"contact@csj-emballages.com\"}]}]}<\/script>\n<!-- \/ Yoast SEO Premium plugin. -->","yoast_head_json":{"title":"Aluminium-Tortenform 195 mm pro 100 St\u00fcck","description":"Aluminium-Tortenform 195 mm x 100 - ideal f\u00fcr ein gleichm\u00e4\u00dfiges Backen und eine gepflegte Pr\u00e4sentation Ihrer Torten, Quiches und Tartelettes.","robots":{"index":"index","follow":"follow","max-snippet":"max-snippet:-1","max-image-preview":"max-image-preview:large","max-video-preview":"max-video-preview:-1"},"canonical":"https:\/\/www.csj-emballages.com\/de\/produit\/100-einweg-tortenformen-aus-aluminium-195-mm\/","og_locale":"de_DE","og_type":"article","og_title":"Aluminium-Tortenform 195 mm pro 100","og_description":"Aluminium-Tortenform 195 mm x 100 - ideal f\u00fcr ein gleichm\u00e4\u00dfiges Backen und eine gepflegte Pr\u00e4sentation Ihrer Torten, Quiches und Tartelettes.","og_url":"https:\/\/www.csj-emballages.com\/de\/produit\/100-einweg-tortenformen-aus-aluminium-195-mm\/","og_site_name":"CSJ Emballages","article_publisher":"https:\/\/www.facebook.com\/csjemballages","article_modified_time":"2026-04-20T13:01:20+00:00","og_image":[{"width":800,"height":800,"url":"https:\/\/www.csj-emballages.com\/wp-content\/uploads\/2024\/03\/TO-195.webp","type":"image\/webp"}],"twitter_card":"summary_large_image","twitter_misc":{"Gesch\u00e4tzte Lesezeit":"1\u00a0Minute"},"schema":{"@context":"https:\/\/schema.org","@graph":[{"@type":"WebPage","@id":"https:\/\/www.csj-emballages.com\/de\/produit\/100-einweg-tortenformen-aus-aluminium-195-mm\/","url":"https:\/\/www.csj-emballages.com\/de\/produit\/100-einweg-tortenformen-aus-aluminium-195-mm\/","name":"Aluminium-Tortenform 195 mm pro 100 St\u00fcck","isPartOf":{"@id":"https:\/\/www.csj-emballages.com\/de\/#website"},"primaryImageOfPage":{"@id":"https:\/\/www.csj-emballages.com\/de\/produit\/100-einweg-tortenformen-aus-aluminium-195-mm\/#primaryimage"},"image":{"@id":"https:\/\/www.csj-emballages.com\/de\/produit\/100-einweg-tortenformen-aus-aluminium-195-mm\/#primaryimage"},"thumbnailUrl":"https:\/\/www.csj-emballages.com\/wp-content\/uploads\/2024\/03\/TO-195.webp","datePublished":"2024-03-01T15:47:34+00:00","dateModified":"2026-04-20T13:01:20+00:00","description":"Aluminium-Tortenform 195 mm x 100 - ideal f\u00fcr ein gleichm\u00e4\u00dfiges Backen und eine gepflegte Pr\u00e4sentation Ihrer Torten, Quiches und Tartelettes.","breadcrumb":{"@id":"https:\/\/www.csj-emballages.com\/de\/produit\/100-einweg-tortenformen-aus-aluminium-195-mm\/#breadcrumb"},"inLanguage":"de","potentialAction":[{"@type":"ReadAction","target":["https:\/\/www.csj-emballages.com\/de\/produit\/100-einweg-tortenformen-aus-aluminium-195-mm\/"]}]},{"@type":"ImageObject","inLanguage":"de","@id":"https:\/\/www.csj-emballages.com\/de\/produit\/100-einweg-tortenformen-aus-aluminium-195-mm\/#primaryimage","url":"https:\/\/www.csj-emballages.com\/wp-content\/uploads\/2024\/03\/TO-195.webp","contentUrl":"https:\/\/www.csj-emballages.com\/wp-content\/uploads\/2024\/03\/TO-195.webp","width":800,"height":800,"caption":"Moule \u00e0 tourti\u00e8re"},{"@type":"BreadcrumbList","@id":"https:\/\/www.csj-emballages.com\/de\/produit\/100-einweg-tortenformen-aus-aluminium-195-mm\/#breadcrumb","itemListElement":[{"@type":"ListItem","position":1,"name":"Accueil","item":"https:\/\/www.csj-emballages.com\/de\/universum-lebensmittelverpackungen\/"},{"@type":"ListItem","position":2,"name":"Shop","item":"https:\/\/www.csj-emballages.com\/shop\/"},{"@type":"ListItem","position":3,"name":"Aluminium-Tortenform 195 mm pro 100"}]},{"@type":"WebSite","@id":"https:\/\/www.csj-emballages.com\/de\/#website","url":"https:\/\/www.csj-emballages.com\/de\/","name":"CSJ Emballages","description":"","publisher":{"@id":"https:\/\/www.csj-emballages.com\/de\/#organization"},"potentialAction":[{"@type":"SearchAction","target":{"@type":"EntryPoint","urlTemplate":"https:\/\/www.csj-emballages.com\/de\/?s={search_term_string}"},"query-input":{"@type":"PropertyValueSpecification","valueRequired":true,"valueName":"search_term_string"}}],"inLanguage":"de"},{"@type":"Organization","@id":"https:\/\/www.csj-emballages.com\/de\/#Organization\/","name":"CSJ Emballages","url":"https:\/\/www.csj-emballages.com\/de\/","logo":{"@type":"ImageObject","inLanguage":"de","@id":"https:\/\/www.csj-emballages.com\/de\/#\/schema\/logo\/image\/","url":"https:\/\/www.csj-emballages.com\/wp-content\/uploads\/2023\/10\/logo_csj.webp","contentUrl":"https:\/\/www.csj-emballages.com\/wp-content\/uploads\/2023\/10\/logo_csj.webp","width":250,"height":95,"caption":"CSJ Emballages"},"image":{"@id":"https:\/\/www.csj-emballages.com\/de\/#\/schema\/logo\/image\/"},"sameAs":["https:\/\/www.facebook.com\/csjemballages"],"address":{"@type":"PostalAddress","streetAddress":"ZI La Lechere","addressLocality":"Patornay","postalCode":"39130","addressCountry":"FR"},"contactPoint":[{"@type":"ContactPoint","contactType":"Service client","telephone":"0384254272","email":"contact@csj-emballages.com"}]}]}},"df_price":15.18,"df_sale_price":"","df_regular_price":15.18,"df_image_link":"https:\/\/www.csj-emballages.com\/wp-content\/uploads\/2024\/03\/TO-195-300x300.webp","tiered_pricing_type":"fixed","tiered_pricing_fixed_rules":[],"tiered_pricing_percentage_rules":[],"tiered_pricing_minimum":1,"tiered_pricing_roles_data":[],"_links":{"self":[{"href":"https:\/\/www.csj-emballages.com\/de\/wp-json\/wp\/v2\/product\/23964","targetHints":{"allow":["GET"]}}],"collection":[{"href":"https:\/\/www.csj-emballages.com\/de\/wp-json\/wp\/v2\/product"}],"about":[{"href":"https:\/\/www.csj-emballages.com\/de\/wp-json\/wp\/v2\/types\/product"}],"wp:featuredmedia":[{"embeddable":true,"href":"https:\/\/www.csj-emballages.com\/de\/wp-json\/wp\/v2\/media\/228127"}],"wp:attachment":[{"href":"https:\/\/www.csj-emballages.com\/de\/wp-json\/wp\/v2\/media?parent=23964"}],"wp:term":[{"taxonomy":"product_brand","embeddable":true,"href":"https:\/\/www.csj-emballages.com\/de\/wp-json\/wp\/v2\/product_brand?post=23964"},{"taxonomy":"product_cat","embeddable":true,"href":"https:\/\/www.csj-emballages.com\/de\/wp-json\/wp\/v2\/product_cat?post=23964"},{"taxonomy":"product_tag","embeddable":true,"href":"https:\/\/www.csj-emballages.com\/de\/wp-json\/wp\/v2\/product_tag?post=23964"}],"curies":[{"name":"wp","href":"https:\/\/api.w.org\/{rel}","templated":true}]}}