{"id":23951,"date":"2024-03-01T16:47:37","date_gmt":"2024-03-01T15:47:37","guid":{"rendered":"https:\/\/u15jnbdpoq.preview.infomaniak.website\/produit\/50-schwarze-runde-kunststoffhalter-fuer-den-mund-8-cm\/"},"modified":"2026-04-14T02:23:17","modified_gmt":"2026-04-14T00:23:17","slug":"50-schwarze-runde-kunststoffhalter-fuer-den-mund-8-cm","status":"publish","type":"product","link":"https:\/\/www.csj-emballages.com\/de\/produit\/50-schwarze-runde-kunststoffhalter-fuer-den-mund-8-cm\/","title":{"rendered":"Schwarzer runder Kunststoffhalter Mundst\u00fcck 8 cm pro 50"},"content":{"rendered":"<h2>Schwarzer St\u00e4nder<\/h2>\n<hr>\n<h3>Beschreibung von unserem schwarzen runden Kunststoffhalter Mundst\u00fcck 8 cm pro 50<\/h3>\n<p><!--more--><\/p>\n<p data-start=\"242\" data-end=\"566\">Der <strong data-start=\"245\" data-end=\"284\">schwarze runde Kunststoffst\u00e4nder 8 cm<\/strong> ist ein Muss f\u00fcr alle, die ihre <strong>Appetith\u00e4ppchen<\/strong> elegant und praktisch pr\u00e4sentieren m\u00f6chten. Er wird im <strong>Set von 50 St\u00fcck<\/strong> verkauft und ist perfekt auf die Bed\u00fcrfnisse von <strong data-start=\"461\" data-end=\"474\">Caterern<\/strong>, <strong data-start=\"476\" data-end=\"493\">Restaurantbesitzern<\/strong>, aber auch von <strong data-start=\"510\" data-end=\"526\">Privatpersonen<\/strong>, die gerne raffinierte G\u00e4ste empfangen, abgestimmt. Mit seinem <strong data-start=\"577\" data-end=\"604\">schlichten und modernen Design<\/strong> hebt dieser <strong>Appetizer-St\u00e4nder<\/strong> Ihre kulinarischen Kreationen sofort hervor, egal ob es sich um s\u00fc\u00dfe oder herzhafte H\u00e4ppchen handelt. Seine <strong data-start=\"790\" data-end=\"815\">schlichte, runde Form<\/strong> zieht die Blicke auf sich, ohne Ihren Gerichten die Show zu stehlen: Ihre Speisen bleiben die wahren Stars auf dem Tisch.   <\/p>\n<p data-start=\"926\" data-end=\"1283\">Der <strong>schwarze St\u00e4nder<\/strong> ist aus <strong>Kunststoff<\/strong> gefertigt und vereint <strong data-start=\"977\" data-end=\"1001\">Leichtigkeit und Stabilit\u00e4t<\/strong>, sodass er leicht zu handhaben und sicher zu verwenden ist. Er ist so konzipiert, dass er einer professionellen Nutzung standh\u00e4lt, aber auch f\u00fcr famili\u00e4re Anl\u00e4sse zug\u00e4nglich und praktisch bleibt: Hochzeiten, Cocktailpartys, Geburtstage oder einfache Aperitife. <\/p>\n<p data-start=\"1285\" data-end=\"1624\">Dank seines Formats von <strong>8 cm<\/strong> bietet es den <strong data-start=\"1325\" data-end=\"1371\">idealen Platz f\u00fcr eine Einzelportion<\/strong>. Damit k\u00f6nnen Sie Ihre G\u00e4ste sorgf\u00e4ltig bedienen und Ihren Buffets und Verkostungsplatten einen professionellen Touch verleihen. Diese stapelbaren und leicht zu verstauenden <strong>schwarzen Mise en bouche-St\u00e4nder<\/strong> sparen Ihnen au\u00dferdem Zeit beim Aufstellen und Reinigen.  <\/p>\n<p data-start=\"1626\" data-end=\"1807\">Zusammenfassend l\u00e4sst sich sagen, dass Sie mit diesem <strong>Set aus 50<\/strong> <strong>runden schwarzen St\u00e4ndern<\/strong> eine schicke und professionelle Pr\u00e4sentation w\u00e4hlen und gleichzeitig von einer praktischen, kosteng\u00fcnstigen und eleganten L\u00f6sung profitieren.<\/p>\n<p data-start=\"1626\" data-end=\"1807\">\n<p data-start=\"1610\" data-end=\"1830\"><!--more--><\/p>\n<h4>Vorteile :<\/h4>\n<ul>\n<li>Elegante und professionelle Pr\u00e4sentation.<\/li>\n<li>Schwarze Farbe, die Ihre Zubereitungen hervorhebt.<\/li>\n<li>Ideale Gr\u00f6\u00dfe f\u00fcr Appetith\u00e4ppchen und Mini-Desserts.<\/li>\n<li>Hartplastik, praktisch und widerstandsf\u00e4hig.<\/li>\n<li>Sparset mit 50 Medien.<\/li>\n<li>Geeignet f\u00fcr Caterer, Restaurants und Privatpersonen.<\/li>\n<\/ul>\n<p>&nbsp;<\/p>\n<p><!--more--><\/p>\n<h4>Weitere Informationen :<\/h4>\n<ul>\n<li><strong>Verpackung<\/strong>: Packung mit 50 St\u00fcck<\/li>\n<li><strong>Durchmesser<\/strong>: 80 mm<\/li>\n<li><strong>H\u00f6he der Zunge<\/strong>: 26 mm<\/li>\n<li><strong>Farbe<\/strong>: Schwarz<\/li>\n<li><strong>Material<\/strong>: Polystyrol<\/li>\n<\/ul>\n<h2><\/h2>\n<p><!--more--><\/p>\n<p>Sie finden diesen Mundspatel auch im quadratischen Format : <span style=\"color: #d12727;\"><a style=\"color: #d12727;\" href=\"https:\/\/www.csj-emballages.com\/de\/produit\/50-schwarze-halterungen-quadratisch-kunststoff-mundstueck-8-cm\/\">T80C<\/a><\/span><\/p>\n<p>&nbsp;<\/p>\n<p><!--more--><\/p>\n<p><a href=\"https:\/\/www.csj-emballages.com\/de\/categorie-produit\/lebensmittelverpackungen\/metzgerei-und-feinkostgeschaft\/schalen-topfe-glaser\/unterstutzung-von-mundpflege\/\">Sehen Sie sich den Rest unseres Sortiments an Mundpflegemitteln an<\/a><\/p>\n","protected":false},"excerpt":{"rendered":"<p>Schwarzer St\u00e4nder Beschreibung von unserem schwarzen runden Kunststoffhalter Mundst\u00fcck 8 cm pro 50<\/p>\n","protected":false},"featured_media":240883,"template":"","meta":{"_acf_changed":false},"product_brand":[],"product_cat":[1170,1279,3586],"product_tag":[],"class_list":{"0":"post-23951","1":"product","2":"type-product","3":"status-publish","4":"has-post-thumbnail","6":"product_cat-metzgerei-und-feinkostgeschaft","7":"product_cat-schalen-topfe-glaser","8":"product_cat-unterstutzung-von-mundpflege","10":"first","11":"instock","12":"taxable","13":"shipping-taxable","14":"purchasable","15":"product-type-simple"},"acf":[],"yoast_head":"<!-- This site is optimized with the Yoast SEO Premium plugin v26.6 (Yoast SEO v26.6) - https:\/\/yoast.com\/wordpress\/plugins\/seo\/ -->\n<title>Mundst\u00fcck schwarz rund Kunststoff Mundst\u00fcck 8 cm pro 50<\/title>\n<meta name=\"description\" content=\"Runder Halter aus schwarzem Kunststoff 8 cm pro 50 St\u00fcck: Der ideale Verb\u00fcndete f\u00fcr Caterer und Privatpersonen, um Ihre Vorspeisen mit Eleganz und Zweckm\u00e4\u00dfigkeit zu veredeln.\" \/>\n<meta name=\"robots\" content=\"index, follow, max-snippet:-1, max-image-preview:large, max-video-preview:-1\" \/>\n<link rel=\"canonical\" href=\"https:\/\/www.csj-emballages.com\/de\/produit\/50-schwarze-runde-kunststoffhalter-fuer-den-mund-8-cm\/\" \/>\n<meta property=\"og:locale\" content=\"de_DE\" \/>\n<meta property=\"og:type\" content=\"article\" \/>\n<meta property=\"og:title\" content=\"Schwarzer runder Kunststoffhalter Mundst\u00fcck 8 cm pro 50\" \/>\n<meta property=\"og:description\" content=\"Runder Halter aus schwarzem Kunststoff 8 cm pro 50 St\u00fcck: Der ideale Verb\u00fcndete f\u00fcr Caterer und Privatpersonen, um Ihre Vorspeisen mit Eleganz und Zweckm\u00e4\u00dfigkeit zu veredeln.\" \/>\n<meta property=\"og:url\" content=\"https:\/\/www.csj-emballages.com\/de\/produit\/50-schwarze-runde-kunststoffhalter-fuer-den-mund-8-cm\/\" \/>\n<meta property=\"og:site_name\" content=\"CSJ Emballages\" \/>\n<meta property=\"article:publisher\" content=\"https:\/\/www.facebook.com\/csjemballages\" \/>\n<meta property=\"article:modified_time\" content=\"2026-04-14T00:23:17+00:00\" \/>\n<meta property=\"og:image\" content=\"https:\/\/www.csj-emballages.com\/wp-content\/uploads\/2024\/03\/T80R-2.webp\" \/>\n\t<meta property=\"og:image:width\" content=\"800\" \/>\n\t<meta property=\"og:image:height\" content=\"800\" \/>\n\t<meta property=\"og:image:type\" content=\"image\/webp\" \/>\n<meta name=\"twitter:card\" content=\"summary_large_image\" \/>\n<meta name=\"twitter:label1\" content=\"Gesch\u00e4tzte Lesezeit\" \/>\n\t<meta name=\"twitter:data1\" content=\"2 Minuten\" \/>\n<script type=\"application\/ld+json\" class=\"yoast-schema-graph\">{\"@context\":\"https:\/\/schema.org\",\"@graph\":[{\"@type\":\"WebPage\",\"@id\":\"https:\/\/www.csj-emballages.com\/de\/produit\/50-schwarze-runde-kunststoffhalter-fuer-den-mund-8-cm\/\",\"url\":\"https:\/\/www.csj-emballages.com\/de\/produit\/50-schwarze-runde-kunststoffhalter-fuer-den-mund-8-cm\/\",\"name\":\"Mundst\u00fcck schwarz rund Kunststoff Mundst\u00fcck 8 cm pro 50\",\"isPartOf\":{\"@id\":\"https:\/\/www.csj-emballages.com\/de\/#website\"},\"primaryImageOfPage\":{\"@id\":\"https:\/\/www.csj-emballages.com\/de\/produit\/50-schwarze-runde-kunststoffhalter-fuer-den-mund-8-cm\/#primaryimage\"},\"image\":{\"@id\":\"https:\/\/www.csj-emballages.com\/de\/produit\/50-schwarze-runde-kunststoffhalter-fuer-den-mund-8-cm\/#primaryimage\"},\"thumbnailUrl\":\"https:\/\/www.csj-emballages.com\/wp-content\/uploads\/2024\/03\/T80R-2.webp\",\"datePublished\":\"2024-03-01T15:47:37+00:00\",\"dateModified\":\"2026-04-14T00:23:17+00:00\",\"description\":\"Runder Halter aus schwarzem Kunststoff 8 cm pro 50 St\u00fcck: Der ideale Verb\u00fcndete f\u00fcr Caterer und Privatpersonen, um Ihre Vorspeisen mit Eleganz und Zweckm\u00e4\u00dfigkeit zu veredeln.\",\"breadcrumb\":{\"@id\":\"https:\/\/www.csj-emballages.com\/de\/produit\/50-schwarze-runde-kunststoffhalter-fuer-den-mund-8-cm\/#breadcrumb\"},\"inLanguage\":\"de\",\"potentialAction\":[{\"@type\":\"ReadAction\",\"target\":[\"https:\/\/www.csj-emballages.com\/de\/produit\/50-schwarze-runde-kunststoffhalter-fuer-den-mund-8-cm\/\"]}]},{\"@type\":\"ImageObject\",\"inLanguage\":\"de\",\"@id\":\"https:\/\/www.csj-emballages.com\/de\/produit\/50-schwarze-runde-kunststoffhalter-fuer-den-mund-8-cm\/#primaryimage\",\"url\":\"https:\/\/www.csj-emballages.com\/wp-content\/uploads\/2024\/03\/T80R-2.webp\",\"contentUrl\":\"https:\/\/www.csj-emballages.com\/wp-content\/uploads\/2024\/03\/T80R-2.webp\",\"width\":800,\"height\":800,\"caption\":\"Support noir\"},{\"@type\":\"BreadcrumbList\",\"@id\":\"https:\/\/www.csj-emballages.com\/de\/produit\/50-schwarze-runde-kunststoffhalter-fuer-den-mund-8-cm\/#breadcrumb\",\"itemListElement\":[{\"@type\":\"ListItem\",\"position\":1,\"name\":\"Accueil\",\"item\":\"https:\/\/www.csj-emballages.com\/de\/universum-lebensmittelverpackungen\/\"},{\"@type\":\"ListItem\",\"position\":2,\"name\":\"Shop\",\"item\":\"https:\/\/www.csj-emballages.com\/shop\/\"},{\"@type\":\"ListItem\",\"position\":3,\"name\":\"Schwarzer runder Kunststoffhalter Mundst\u00fcck 8 cm pro 50\"}]},{\"@type\":\"WebSite\",\"@id\":\"https:\/\/www.csj-emballages.com\/de\/#website\",\"url\":\"https:\/\/www.csj-emballages.com\/de\/\",\"name\":\"CSJ Emballages\",\"description\":\"\",\"publisher\":{\"@id\":\"https:\/\/www.csj-emballages.com\/de\/#organization\"},\"potentialAction\":[{\"@type\":\"SearchAction\",\"target\":{\"@type\":\"EntryPoint\",\"urlTemplate\":\"https:\/\/www.csj-emballages.com\/de\/?s={search_term_string}\"},\"query-input\":{\"@type\":\"PropertyValueSpecification\",\"valueRequired\":true,\"valueName\":\"search_term_string\"}}],\"inLanguage\":\"de\"},{\"@type\":\"Organization\",\"@id\":\"https:\/\/www.csj-emballages.com\/de\/#Organization\/\",\"name\":\"CSJ Emballages\",\"url\":\"https:\/\/www.csj-emballages.com\/de\/\",\"logo\":{\"@type\":\"ImageObject\",\"inLanguage\":\"de\",\"@id\":\"https:\/\/www.csj-emballages.com\/de\/#\/schema\/logo\/image\/\",\"url\":\"https:\/\/www.csj-emballages.com\/wp-content\/uploads\/2023\/10\/logo_csj.webp\",\"contentUrl\":\"https:\/\/www.csj-emballages.com\/wp-content\/uploads\/2023\/10\/logo_csj.webp\",\"width\":250,\"height\":95,\"caption\":\"CSJ Emballages\"},\"image\":{\"@id\":\"https:\/\/www.csj-emballages.com\/de\/#\/schema\/logo\/image\/\"},\"sameAs\":[\"https:\/\/www.facebook.com\/csjemballages\"],\"address\":{\"@type\":\"PostalAddress\",\"streetAddress\":\"ZI La Lechere\",\"addressLocality\":\"Patornay\",\"postalCode\":\"39130\",\"addressCountry\":\"FR\"},\"contactPoint\":[{\"@type\":\"ContactPoint\",\"contactType\":\"Service client\",\"telephone\":\"0384254272\",\"email\":\"contact@csj-emballages.com\"}]}]}<\/script>\n<!-- \/ Yoast SEO Premium plugin. -->","yoast_head_json":{"title":"Mundst\u00fcck schwarz rund Kunststoff Mundst\u00fcck 8 cm pro 50","description":"Runder Halter aus schwarzem Kunststoff 8 cm pro 50 St\u00fcck: Der ideale Verb\u00fcndete f\u00fcr Caterer und Privatpersonen, um Ihre Vorspeisen mit Eleganz und Zweckm\u00e4\u00dfigkeit zu veredeln.","robots":{"index":"index","follow":"follow","max-snippet":"max-snippet:-1","max-image-preview":"max-image-preview:large","max-video-preview":"max-video-preview:-1"},"canonical":"https:\/\/www.csj-emballages.com\/de\/produit\/50-schwarze-runde-kunststoffhalter-fuer-den-mund-8-cm\/","og_locale":"de_DE","og_type":"article","og_title":"Schwarzer runder Kunststoffhalter Mundst\u00fcck 8 cm pro 50","og_description":"Runder Halter aus schwarzem Kunststoff 8 cm pro 50 St\u00fcck: Der ideale Verb\u00fcndete f\u00fcr Caterer und Privatpersonen, um Ihre Vorspeisen mit Eleganz und Zweckm\u00e4\u00dfigkeit zu veredeln.","og_url":"https:\/\/www.csj-emballages.com\/de\/produit\/50-schwarze-runde-kunststoffhalter-fuer-den-mund-8-cm\/","og_site_name":"CSJ Emballages","article_publisher":"https:\/\/www.facebook.com\/csjemballages","article_modified_time":"2026-04-14T00:23:17+00:00","og_image":[{"width":800,"height":800,"url":"https:\/\/www.csj-emballages.com\/wp-content\/uploads\/2024\/03\/T80R-2.webp","type":"image\/webp"}],"twitter_card":"summary_large_image","twitter_misc":{"Gesch\u00e4tzte Lesezeit":"2 Minuten"},"schema":{"@context":"https:\/\/schema.org","@graph":[{"@type":"WebPage","@id":"https:\/\/www.csj-emballages.com\/de\/produit\/50-schwarze-runde-kunststoffhalter-fuer-den-mund-8-cm\/","url":"https:\/\/www.csj-emballages.com\/de\/produit\/50-schwarze-runde-kunststoffhalter-fuer-den-mund-8-cm\/","name":"Mundst\u00fcck schwarz rund Kunststoff Mundst\u00fcck 8 cm pro 50","isPartOf":{"@id":"https:\/\/www.csj-emballages.com\/de\/#website"},"primaryImageOfPage":{"@id":"https:\/\/www.csj-emballages.com\/de\/produit\/50-schwarze-runde-kunststoffhalter-fuer-den-mund-8-cm\/#primaryimage"},"image":{"@id":"https:\/\/www.csj-emballages.com\/de\/produit\/50-schwarze-runde-kunststoffhalter-fuer-den-mund-8-cm\/#primaryimage"},"thumbnailUrl":"https:\/\/www.csj-emballages.com\/wp-content\/uploads\/2024\/03\/T80R-2.webp","datePublished":"2024-03-01T15:47:37+00:00","dateModified":"2026-04-14T00:23:17+00:00","description":"Runder Halter aus schwarzem Kunststoff 8 cm pro 50 St\u00fcck: Der ideale Verb\u00fcndete f\u00fcr Caterer und Privatpersonen, um Ihre Vorspeisen mit Eleganz und Zweckm\u00e4\u00dfigkeit zu veredeln.","breadcrumb":{"@id":"https:\/\/www.csj-emballages.com\/de\/produit\/50-schwarze-runde-kunststoffhalter-fuer-den-mund-8-cm\/#breadcrumb"},"inLanguage":"de","potentialAction":[{"@type":"ReadAction","target":["https:\/\/www.csj-emballages.com\/de\/produit\/50-schwarze-runde-kunststoffhalter-fuer-den-mund-8-cm\/"]}]},{"@type":"ImageObject","inLanguage":"de","@id":"https:\/\/www.csj-emballages.com\/de\/produit\/50-schwarze-runde-kunststoffhalter-fuer-den-mund-8-cm\/#primaryimage","url":"https:\/\/www.csj-emballages.com\/wp-content\/uploads\/2024\/03\/T80R-2.webp","contentUrl":"https:\/\/www.csj-emballages.com\/wp-content\/uploads\/2024\/03\/T80R-2.webp","width":800,"height":800,"caption":"Support noir"},{"@type":"BreadcrumbList","@id":"https:\/\/www.csj-emballages.com\/de\/produit\/50-schwarze-runde-kunststoffhalter-fuer-den-mund-8-cm\/#breadcrumb","itemListElement":[{"@type":"ListItem","position":1,"name":"Accueil","item":"https:\/\/www.csj-emballages.com\/de\/universum-lebensmittelverpackungen\/"},{"@type":"ListItem","position":2,"name":"Shop","item":"https:\/\/www.csj-emballages.com\/shop\/"},{"@type":"ListItem","position":3,"name":"Schwarzer runder Kunststoffhalter Mundst\u00fcck 8 cm pro 50"}]},{"@type":"WebSite","@id":"https:\/\/www.csj-emballages.com\/de\/#website","url":"https:\/\/www.csj-emballages.com\/de\/","name":"CSJ Emballages","description":"","publisher":{"@id":"https:\/\/www.csj-emballages.com\/de\/#organization"},"potentialAction":[{"@type":"SearchAction","target":{"@type":"EntryPoint","urlTemplate":"https:\/\/www.csj-emballages.com\/de\/?s={search_term_string}"},"query-input":{"@type":"PropertyValueSpecification","valueRequired":true,"valueName":"search_term_string"}}],"inLanguage":"de"},{"@type":"Organization","@id":"https:\/\/www.csj-emballages.com\/de\/#Organization\/","name":"CSJ Emballages","url":"https:\/\/www.csj-emballages.com\/de\/","logo":{"@type":"ImageObject","inLanguage":"de","@id":"https:\/\/www.csj-emballages.com\/de\/#\/schema\/logo\/image\/","url":"https:\/\/www.csj-emballages.com\/wp-content\/uploads\/2023\/10\/logo_csj.webp","contentUrl":"https:\/\/www.csj-emballages.com\/wp-content\/uploads\/2023\/10\/logo_csj.webp","width":250,"height":95,"caption":"CSJ Emballages"},"image":{"@id":"https:\/\/www.csj-emballages.com\/de\/#\/schema\/logo\/image\/"},"sameAs":["https:\/\/www.facebook.com\/csjemballages"],"address":{"@type":"PostalAddress","streetAddress":"ZI La Lechere","addressLocality":"Patornay","postalCode":"39130","addressCountry":"FR"},"contactPoint":[{"@type":"ContactPoint","contactType":"Service client","telephone":"0384254272","email":"contact@csj-emballages.com"}]}]}},"df_price":4.74,"df_sale_price":"","df_regular_price":4.74,"df_image_link":"https:\/\/www.csj-emballages.com\/wp-content\/uploads\/2024\/03\/T80R-2-300x300.webp","tiered_pricing_type":"fixed","tiered_pricing_fixed_rules":[],"tiered_pricing_percentage_rules":[],"tiered_pricing_minimum":1,"tiered_pricing_roles_data":[],"_links":{"self":[{"href":"https:\/\/www.csj-emballages.com\/de\/wp-json\/wp\/v2\/product\/23951","targetHints":{"allow":["GET"]}}],"collection":[{"href":"https:\/\/www.csj-emballages.com\/de\/wp-json\/wp\/v2\/product"}],"about":[{"href":"https:\/\/www.csj-emballages.com\/de\/wp-json\/wp\/v2\/types\/product"}],"wp:featuredmedia":[{"embeddable":true,"href":"https:\/\/www.csj-emballages.com\/de\/wp-json\/wp\/v2\/media\/240883"}],"wp:attachment":[{"href":"https:\/\/www.csj-emballages.com\/de\/wp-json\/wp\/v2\/media?parent=23951"}],"wp:term":[{"taxonomy":"product_brand","embeddable":true,"href":"https:\/\/www.csj-emballages.com\/de\/wp-json\/wp\/v2\/product_brand?post=23951"},{"taxonomy":"product_cat","embeddable":true,"href":"https:\/\/www.csj-emballages.com\/de\/wp-json\/wp\/v2\/product_cat?post=23951"},{"taxonomy":"product_tag","embeddable":true,"href":"https:\/\/www.csj-emballages.com\/de\/wp-json\/wp\/v2\/product_tag?post=23951"}],"curies":[{"name":"wp","href":"https:\/\/api.w.org\/{rel}","templated":true}]}}