{"id":23949,"date":"2024-03-01T16:47:35","date_gmt":"2024-03-01T15:47:35","guid":{"rendered":"https:\/\/u15jnbdpoq.preview.infomaniak.website\/produit\/10-gruene-schleifkissen-22-x-15-cm\/"},"modified":"2026-04-09T02:20:41","modified_gmt":"2026-04-09T00:20:41","slug":"10-gruene-schleifkissen-22-x-15-cm","status":"publish","type":"product","link":"https:\/\/www.csj-emballages.com\/de\/produit\/10-gruene-schleifkissen-22-x-15-cm\/","title":{"rendered":"Gr\u00fcnes Schleifpad 22 x 15 cm im 10er-Pack"},"content":{"rendered":"<h2>Gr\u00fcnes Schleifpad<\/h2>\n<hr>\n<h3>Beschreibung unseres gr\u00fcnen Schleifpads 22 x 15 cm im 10er-Pack<\/h3>\n<p><!--more--><\/p>\n<div class=\"flex max-w-full flex-col flex-grow\">\n<div class=\"min-h-8 text-message flex w-full flex-col items-end gap-2 whitespace-normal break-words text-start [.text-message+&amp;]:mt-5\" dir=\"auto\" data-message-author-role=\"assistant\" data-message-id=\"266ca6f3-5e07-4948-bd20-80ac5e6da4a5\" data-message-model-slug=\"gpt-4o\">\n<div class=\"flex w-full flex-col gap-1 empty:hidden first:pt-[3px]\">\n<div class=\"markdown prose w-full break-words dark:prose-invert dark\">\n<p data-start=\"293\" data-end=\"658\">Wenn es darum geht, hartn\u00e4ckigen Schmutz zu beseitigen, ist dieses <strong data-start=\"344\" data-end=\"378\">gr\u00fcne Schleifpad 22 x 15 cm<\/strong> stets zur Stelle. Entwickelt f\u00fcr die intensive Reinigung, entfernt es effektiv festsitzende R\u00fcckst\u00e4nde, getrocknete Fette oder hartn\u00e4ckige Spuren, ohne im Laufe der Nutzung an Wirksamkeit zu verlieren. Es ist das ideale Werkzeug, wenn ein einfacher Schwamm nicht mehr ausreicht.  <\/p>\n<p data-start=\"660\" data-end=\"1059\">Dank seines gro\u00dfz\u00fcgigen Formats bietet es einen guten Halt und deckt eine gr\u00f6\u00dfere Fl\u00e4che in einem einzigen Durchgang ab. Das Ergebnis: Sie reinigen schneller und mit weniger Aufwand. Seine <strong>abrasive Textur<\/strong> wirkt sofort auf widerstandsf\u00e4higen Oberfl\u00e4chen wie Rosten, Platten, professionellen Arbeitsplatten oder K\u00fcchenger\u00e4ten. So sparen Sie Zeit und erzielen gleichzeitig ein sauberes Ergebnis.   <\/p>\n<p data-start=\"1061\" data-end=\"1360\">Zudem erweist sich dieses <strong>gr\u00fcne Schleifpad<\/strong> als besonders robust. Es franst nicht leicht aus und beh\u00e4lt <strong>seine Schleifkraft<\/strong> auch nach mehrmaligem Gebrauch bei. Dies ist ein echter Vorteil f\u00fcr den regelm\u00e4\u00dfigen Einsatz, sei es in der Gastronomie, in Gemeinschaftseinrichtungen, im industriellen Umfeld oder f\u00fcr anspruchsvolle Reinigungsarbeiten.  <\/p>\n<p data-start=\"1362\" data-end=\"1627\">Verkauft <strong data-start=\"1368\" data-end=\"1385\">im 10er-Pack<\/strong>, erm\u00f6glicht es Ihnen, den Bedarf zu antizipieren und stets sauberes Material zur Hand zu haben. Ob f\u00fcr die t\u00e4gliche Reinigung oder gelegentliche Grobreinigungen, dieses Pad wird schnell zu einem unverzichtbaren Bestandteil Ihrer Reinigungsroutine. <\/p>\n<p data-start=\"1629\" data-end=\"1792\">Zusammenfassend kombiniert dieses <strong>gr\u00fcne Pad<\/strong> Effizienz, Widerstandsf\u00e4higkeit und Einfachheit. Es erledigt die Arbeit direkt und hilft Ihnen, Ihre Oberfl\u00e4chen l\u00e4nger sauber zu halten. <\/p>\n<p>&nbsp;<\/p>\n<\/div>\n<\/div>\n<\/div>\n<\/div>\n<p><!--more--><\/p>\n<h4>Vorteile :<\/h4>\n<ul>\n<li data-start=\"1820\" data-end=\"1846\">Starke Schleifkraft.<\/li>\n<li data-start=\"1849\" data-end=\"1889\">Gro\u00dfes und praktisches Format (<strong>22 x 15 cm<\/strong>).<\/li>\n<li data-start=\"1892\" data-end=\"1920\">Gute Haltbarkeit.<\/li>\n<li data-start=\"1923\" data-end=\"1961\">Ideal f\u00fcr intensive Reinigungen.<\/li>\n<li data-start=\"1964\" data-end=\"1992\">Sparpack mit <strong>10 St\u00fcck<\/strong>.<\/li>\n<\/ul>\n<p>&nbsp;<\/p>\n<p><!--more--><\/p>\n<h4>Weitere Informationen :<\/h4>\n<ul>\n<li><strong>Verpackung<\/strong>: Packung mit 10 St\u00fcck<\/li>\n<li><strong>Abmessungen<\/strong>: 22 x 15 cm<\/li>\n<li><strong>Farbe<\/strong>: Gr\u00fcn<\/li>\n<\/ul>\n<p>&nbsp;<\/p>\n<p><!--more--><\/p>\n<p class=\"woocommerce-loop-product__title\">Entdecken Sie hier unsere 3 m Rolle gr\u00fcnes Schleifpad: <span style=\"color: #d12727;\"><a style=\"color: #d12727;\" href=\"https:\/\/www.csj-emballages.com\/de\/produit\/gruene-schleifkissenrolle-3-m\/\">8013<\/a><\/span><\/p>\n<p>&nbsp;<\/p>\n<p><!--more--><\/p>\n<p><a href=\"https:\/\/www.csj-emballages.com\/de\/categorie-produit\/hygiene-und-pflege\/schwamme-spultucher-kuchentucher\/schwamme-schleifmittel\/\">Sehen Sie sich den Rest unseres Schwamm-\/Schleifmittelangebots an.<\/a><\/p>\n","protected":false},"excerpt":{"rendered":"<p>Gr\u00fcnes Schleifpad Beschreibung unseres gr\u00fcnen Schleifpads 22 x 15 cm im 10er-Pack<\/p>\n","protected":false},"featured_media":7695,"template":"","meta":{"_acf_changed":false},"product_brand":[],"product_cat":[1218,1423,2000],"product_tag":[],"class_list":{"0":"post-23949","1":"product","2":"type-product","3":"status-publish","4":"has-post-thumbnail","6":"product_cat-hygiene-und-pflege","7":"product_cat-schwamme-spultucher-kuchentucher","8":"product_cat-schwamme-schleifmittel","10":"first","11":"instock","12":"taxable","13":"shipping-taxable","14":"purchasable","15":"product-type-simple"},"acf":[],"yoast_head":"<!-- This site is optimized with the Yoast SEO Premium plugin v26.6 (Yoast SEO v26.6) - https:\/\/yoast.com\/wordpress\/plugins\/seo\/ -->\n<title>Gr\u00fcnes Schleifpad 22 x 15 cm im 10er-Pack<\/title>\n<meta name=\"description\" content=\"Gr\u00fcnes Schleifpad 22x15 cm, im 10er-Pack verkauft. Ideal f\u00fcr die intensive Reinigung, widerstandsf\u00e4hig und effektiv bei hartn\u00e4ckigem Schmutz und robusten Oberfl\u00e4chen.\" \/>\n<meta name=\"robots\" content=\"index, follow, max-snippet:-1, max-image-preview:large, max-video-preview:-1\" \/>\n<link rel=\"canonical\" href=\"https:\/\/www.csj-emballages.com\/de\/produit\/10-gruene-schleifkissen-22-x-15-cm\/\" \/>\n<meta property=\"og:locale\" content=\"de_DE\" \/>\n<meta property=\"og:type\" content=\"article\" \/>\n<meta property=\"og:title\" content=\"Gr\u00fcnes Schleifpad 22 x 15 cm im 10er-Pack\" \/>\n<meta property=\"og:description\" content=\"Gr\u00fcnes Schleifpad 22x15 cm, im 10er-Pack verkauft. Ideal f\u00fcr die intensive Reinigung, widerstandsf\u00e4hig und effektiv bei hartn\u00e4ckigem Schmutz und robusten Oberfl\u00e4chen.\" \/>\n<meta property=\"og:url\" content=\"https:\/\/www.csj-emballages.com\/de\/produit\/10-gruene-schleifkissen-22-x-15-cm\/\" \/>\n<meta property=\"og:site_name\" content=\"CSJ Emballages\" \/>\n<meta property=\"article:publisher\" content=\"https:\/\/www.facebook.com\/csjemballages\" \/>\n<meta property=\"article:modified_time\" content=\"2026-04-09T00:20:41+00:00\" \/>\n<meta property=\"og:image\" content=\"https:\/\/www.csj-emballages.com\/wp-content\/uploads\/2024\/03\/tampon-abrasif-vert-22-15-cm-resistante-qualite-pas-cher-discount-grossiste--jpg.webp\" \/>\n\t<meta property=\"og:image:width\" content=\"650\" \/>\n\t<meta property=\"og:image:height\" content=\"650\" \/>\n\t<meta property=\"og:image:type\" content=\"image\/jpeg\" \/>\n<meta name=\"twitter:card\" content=\"summary_large_image\" \/>\n<meta name=\"twitter:label1\" content=\"Gesch\u00e4tzte Lesezeit\" \/>\n\t<meta name=\"twitter:data1\" content=\"2 Minuten\" \/>\n<script type=\"application\/ld+json\" class=\"yoast-schema-graph\">{\"@context\":\"https:\/\/schema.org\",\"@graph\":[{\"@type\":\"WebPage\",\"@id\":\"https:\/\/www.csj-emballages.com\/de\/produit\/10-gruene-schleifkissen-22-x-15-cm\/\",\"url\":\"https:\/\/www.csj-emballages.com\/de\/produit\/10-gruene-schleifkissen-22-x-15-cm\/\",\"name\":\"Gr\u00fcnes Schleifpad 22 x 15 cm im 10er-Pack\",\"isPartOf\":{\"@id\":\"https:\/\/www.csj-emballages.com\/de\/#website\"},\"primaryImageOfPage\":{\"@id\":\"https:\/\/www.csj-emballages.com\/de\/produit\/10-gruene-schleifkissen-22-x-15-cm\/#primaryimage\"},\"image\":{\"@id\":\"https:\/\/www.csj-emballages.com\/de\/produit\/10-gruene-schleifkissen-22-x-15-cm\/#primaryimage\"},\"thumbnailUrl\":\"https:\/\/www.csj-emballages.com\/wp-content\/uploads\/2024\/03\/tampon-abrasif-vert-22-15-cm-resistante-qualite-pas-cher-discount-grossiste--jpg.webp\",\"datePublished\":\"2024-03-01T15:47:35+00:00\",\"dateModified\":\"2026-04-09T00:20:41+00:00\",\"description\":\"Gr\u00fcnes Schleifpad 22x15 cm, im 10er-Pack verkauft. Ideal f\u00fcr die intensive Reinigung, widerstandsf\u00e4hig und effektiv bei hartn\u00e4ckigem Schmutz und robusten Oberfl\u00e4chen.\",\"breadcrumb\":{\"@id\":\"https:\/\/www.csj-emballages.com\/de\/produit\/10-gruene-schleifkissen-22-x-15-cm\/#breadcrumb\"},\"inLanguage\":\"de\",\"potentialAction\":[{\"@type\":\"ReadAction\",\"target\":[\"https:\/\/www.csj-emballages.com\/de\/produit\/10-gruene-schleifkissen-22-x-15-cm\/\"]}]},{\"@type\":\"ImageObject\",\"inLanguage\":\"de\",\"@id\":\"https:\/\/www.csj-emballages.com\/de\/produit\/10-gruene-schleifkissen-22-x-15-cm\/#primaryimage\",\"url\":\"https:\/\/www.csj-emballages.com\/wp-content\/uploads\/2024\/03\/tampon-abrasif-vert-22-15-cm-resistante-qualite-pas-cher-discount-grossiste--jpg.webp\",\"contentUrl\":\"https:\/\/www.csj-emballages.com\/wp-content\/uploads\/2024\/03\/tampon-abrasif-vert-22-15-cm-resistante-qualite-pas-cher-discount-grossiste--jpg.webp\",\"width\":650,\"height\":650,\"caption\":\"Tampon vert\"},{\"@type\":\"BreadcrumbList\",\"@id\":\"https:\/\/www.csj-emballages.com\/de\/produit\/10-gruene-schleifkissen-22-x-15-cm\/#breadcrumb\",\"itemListElement\":[{\"@type\":\"ListItem\",\"position\":1,\"name\":\"Accueil\",\"item\":\"https:\/\/www.csj-emballages.com\/de\/universum-lebensmittelverpackungen\/\"},{\"@type\":\"ListItem\",\"position\":2,\"name\":\"Shop\",\"item\":\"https:\/\/www.csj-emballages.com\/shop\/\"},{\"@type\":\"ListItem\",\"position\":3,\"name\":\"Gr\u00fcnes Schleifpad 22 x 15 cm im 10er-Pack\"}]},{\"@type\":\"WebSite\",\"@id\":\"https:\/\/www.csj-emballages.com\/de\/#website\",\"url\":\"https:\/\/www.csj-emballages.com\/de\/\",\"name\":\"CSJ Emballages\",\"description\":\"\",\"publisher\":{\"@id\":\"https:\/\/www.csj-emballages.com\/de\/#organization\"},\"potentialAction\":[{\"@type\":\"SearchAction\",\"target\":{\"@type\":\"EntryPoint\",\"urlTemplate\":\"https:\/\/www.csj-emballages.com\/de\/?s={search_term_string}\"},\"query-input\":{\"@type\":\"PropertyValueSpecification\",\"valueRequired\":true,\"valueName\":\"search_term_string\"}}],\"inLanguage\":\"de\"},{\"@type\":\"Organization\",\"@id\":\"https:\/\/www.csj-emballages.com\/de\/#Organization\/\",\"name\":\"CSJ Emballages\",\"url\":\"https:\/\/www.csj-emballages.com\/de\/\",\"logo\":{\"@type\":\"ImageObject\",\"inLanguage\":\"de\",\"@id\":\"https:\/\/www.csj-emballages.com\/de\/#\/schema\/logo\/image\/\",\"url\":\"https:\/\/www.csj-emballages.com\/wp-content\/uploads\/2023\/10\/logo_csj.webp\",\"contentUrl\":\"https:\/\/www.csj-emballages.com\/wp-content\/uploads\/2023\/10\/logo_csj.webp\",\"width\":250,\"height\":95,\"caption\":\"CSJ Emballages\"},\"image\":{\"@id\":\"https:\/\/www.csj-emballages.com\/de\/#\/schema\/logo\/image\/\"},\"sameAs\":[\"https:\/\/www.facebook.com\/csjemballages\"],\"address\":{\"@type\":\"PostalAddress\",\"streetAddress\":\"ZI La Lechere\",\"addressLocality\":\"Patornay\",\"postalCode\":\"39130\",\"addressCountry\":\"FR\"},\"contactPoint\":[{\"@type\":\"ContactPoint\",\"contactType\":\"Service client\",\"telephone\":\"0384254272\",\"email\":\"contact@csj-emballages.com\"}]}]}<\/script>\n<!-- \/ Yoast SEO Premium plugin. -->","yoast_head_json":{"title":"Gr\u00fcnes Schleifpad 22 x 15 cm im 10er-Pack","description":"Gr\u00fcnes Schleifpad 22x15 cm, im 10er-Pack verkauft. Ideal f\u00fcr die intensive Reinigung, widerstandsf\u00e4hig und effektiv bei hartn\u00e4ckigem Schmutz und robusten Oberfl\u00e4chen.","robots":{"index":"index","follow":"follow","max-snippet":"max-snippet:-1","max-image-preview":"max-image-preview:large","max-video-preview":"max-video-preview:-1"},"canonical":"https:\/\/www.csj-emballages.com\/de\/produit\/10-gruene-schleifkissen-22-x-15-cm\/","og_locale":"de_DE","og_type":"article","og_title":"Gr\u00fcnes Schleifpad 22 x 15 cm im 10er-Pack","og_description":"Gr\u00fcnes Schleifpad 22x15 cm, im 10er-Pack verkauft. Ideal f\u00fcr die intensive Reinigung, widerstandsf\u00e4hig und effektiv bei hartn\u00e4ckigem Schmutz und robusten Oberfl\u00e4chen.","og_url":"https:\/\/www.csj-emballages.com\/de\/produit\/10-gruene-schleifkissen-22-x-15-cm\/","og_site_name":"CSJ Emballages","article_publisher":"https:\/\/www.facebook.com\/csjemballages","article_modified_time":"2026-04-09T00:20:41+00:00","og_image":[{"width":650,"height":650,"url":"https:\/\/www.csj-emballages.com\/wp-content\/uploads\/2024\/03\/tampon-abrasif-vert-22-15-cm-resistante-qualite-pas-cher-discount-grossiste--jpg.webp","type":"image\/jpeg"}],"twitter_card":"summary_large_image","twitter_misc":{"Gesch\u00e4tzte Lesezeit":"2 Minuten"},"schema":{"@context":"https:\/\/schema.org","@graph":[{"@type":"WebPage","@id":"https:\/\/www.csj-emballages.com\/de\/produit\/10-gruene-schleifkissen-22-x-15-cm\/","url":"https:\/\/www.csj-emballages.com\/de\/produit\/10-gruene-schleifkissen-22-x-15-cm\/","name":"Gr\u00fcnes Schleifpad 22 x 15 cm im 10er-Pack","isPartOf":{"@id":"https:\/\/www.csj-emballages.com\/de\/#website"},"primaryImageOfPage":{"@id":"https:\/\/www.csj-emballages.com\/de\/produit\/10-gruene-schleifkissen-22-x-15-cm\/#primaryimage"},"image":{"@id":"https:\/\/www.csj-emballages.com\/de\/produit\/10-gruene-schleifkissen-22-x-15-cm\/#primaryimage"},"thumbnailUrl":"https:\/\/www.csj-emballages.com\/wp-content\/uploads\/2024\/03\/tampon-abrasif-vert-22-15-cm-resistante-qualite-pas-cher-discount-grossiste--jpg.webp","datePublished":"2024-03-01T15:47:35+00:00","dateModified":"2026-04-09T00:20:41+00:00","description":"Gr\u00fcnes Schleifpad 22x15 cm, im 10er-Pack verkauft. Ideal f\u00fcr die intensive Reinigung, widerstandsf\u00e4hig und effektiv bei hartn\u00e4ckigem Schmutz und robusten Oberfl\u00e4chen.","breadcrumb":{"@id":"https:\/\/www.csj-emballages.com\/de\/produit\/10-gruene-schleifkissen-22-x-15-cm\/#breadcrumb"},"inLanguage":"de","potentialAction":[{"@type":"ReadAction","target":["https:\/\/www.csj-emballages.com\/de\/produit\/10-gruene-schleifkissen-22-x-15-cm\/"]}]},{"@type":"ImageObject","inLanguage":"de","@id":"https:\/\/www.csj-emballages.com\/de\/produit\/10-gruene-schleifkissen-22-x-15-cm\/#primaryimage","url":"https:\/\/www.csj-emballages.com\/wp-content\/uploads\/2024\/03\/tampon-abrasif-vert-22-15-cm-resistante-qualite-pas-cher-discount-grossiste--jpg.webp","contentUrl":"https:\/\/www.csj-emballages.com\/wp-content\/uploads\/2024\/03\/tampon-abrasif-vert-22-15-cm-resistante-qualite-pas-cher-discount-grossiste--jpg.webp","width":650,"height":650,"caption":"Tampon vert"},{"@type":"BreadcrumbList","@id":"https:\/\/www.csj-emballages.com\/de\/produit\/10-gruene-schleifkissen-22-x-15-cm\/#breadcrumb","itemListElement":[{"@type":"ListItem","position":1,"name":"Accueil","item":"https:\/\/www.csj-emballages.com\/de\/universum-lebensmittelverpackungen\/"},{"@type":"ListItem","position":2,"name":"Shop","item":"https:\/\/www.csj-emballages.com\/shop\/"},{"@type":"ListItem","position":3,"name":"Gr\u00fcnes Schleifpad 22 x 15 cm im 10er-Pack"}]},{"@type":"WebSite","@id":"https:\/\/www.csj-emballages.com\/de\/#website","url":"https:\/\/www.csj-emballages.com\/de\/","name":"CSJ Emballages","description":"","publisher":{"@id":"https:\/\/www.csj-emballages.com\/de\/#organization"},"potentialAction":[{"@type":"SearchAction","target":{"@type":"EntryPoint","urlTemplate":"https:\/\/www.csj-emballages.com\/de\/?s={search_term_string}"},"query-input":{"@type":"PropertyValueSpecification","valueRequired":true,"valueName":"search_term_string"}}],"inLanguage":"de"},{"@type":"Organization","@id":"https:\/\/www.csj-emballages.com\/de\/#Organization\/","name":"CSJ Emballages","url":"https:\/\/www.csj-emballages.com\/de\/","logo":{"@type":"ImageObject","inLanguage":"de","@id":"https:\/\/www.csj-emballages.com\/de\/#\/schema\/logo\/image\/","url":"https:\/\/www.csj-emballages.com\/wp-content\/uploads\/2023\/10\/logo_csj.webp","contentUrl":"https:\/\/www.csj-emballages.com\/wp-content\/uploads\/2023\/10\/logo_csj.webp","width":250,"height":95,"caption":"CSJ Emballages"},"image":{"@id":"https:\/\/www.csj-emballages.com\/de\/#\/schema\/logo\/image\/"},"sameAs":["https:\/\/www.facebook.com\/csjemballages"],"address":{"@type":"PostalAddress","streetAddress":"ZI La Lechere","addressLocality":"Patornay","postalCode":"39130","addressCountry":"FR"},"contactPoint":[{"@type":"ContactPoint","contactType":"Service client","telephone":"0384254272","email":"contact@csj-emballages.com"}]}]}},"df_price":3.66,"df_sale_price":"","df_regular_price":3.66,"df_image_link":"https:\/\/www.csj-emballages.com\/wp-content\/uploads\/2024\/03\/tampon-abrasif-vert-22-15-cm-resistante-qualite-pas-cher-discount-grossiste--300x300.webp","tiered_pricing_type":"fixed","tiered_pricing_fixed_rules":[],"tiered_pricing_percentage_rules":[],"tiered_pricing_minimum":1,"tiered_pricing_roles_data":[],"_links":{"self":[{"href":"https:\/\/www.csj-emballages.com\/de\/wp-json\/wp\/v2\/product\/23949","targetHints":{"allow":["GET"]}}],"collection":[{"href":"https:\/\/www.csj-emballages.com\/de\/wp-json\/wp\/v2\/product"}],"about":[{"href":"https:\/\/www.csj-emballages.com\/de\/wp-json\/wp\/v2\/types\/product"}],"wp:featuredmedia":[{"embeddable":true,"href":"https:\/\/www.csj-emballages.com\/de\/wp-json\/wp\/v2\/media\/7695"}],"wp:attachment":[{"href":"https:\/\/www.csj-emballages.com\/de\/wp-json\/wp\/v2\/media?parent=23949"}],"wp:term":[{"taxonomy":"product_brand","embeddable":true,"href":"https:\/\/www.csj-emballages.com\/de\/wp-json\/wp\/v2\/product_brand?post=23949"},{"taxonomy":"product_cat","embeddable":true,"href":"https:\/\/www.csj-emballages.com\/de\/wp-json\/wp\/v2\/product_cat?post=23949"},{"taxonomy":"product_tag","embeddable":true,"href":"https:\/\/www.csj-emballages.com\/de\/wp-json\/wp\/v2\/product_tag?post=23949"}],"curies":[{"name":"wp","href":"https:\/\/api.w.org\/{rel}","templated":true}]}}