{"id":23948,"date":"2024-03-01T16:47:36","date_gmt":"2024-03-01T15:47:36","guid":{"rendered":"https:\/\/u15jnbdpoq.preview.infomaniak.website\/produit\/100-einweg-tarteletteformen-aus-aluminium-70-ml\/"},"modified":"2026-04-01T02:19:47","modified_gmt":"2026-04-01T00:19:47","slug":"100-einweg-tarteletteformen-aus-aluminium-70-ml","status":"publish","type":"product","link":"https:\/\/www.csj-emballages.com\/de\/produit\/100-einweg-tarteletteformen-aus-aluminium-70-ml\/","title":{"rendered":"Aluminium Tarteletteform 70 ml pro 100"},"content":{"rendered":"<h2>Tartelette-Form<\/h2>\n<hr>\n<h3>Beschreibung von unsere Tarteletteform Aluminium 70 ml pro 100<\/h3>\n<p><!--more--><\/p>\n<p data-start=\"0\" data-end=\"501\">Die <strong data-start=\"30\" data-end=\"71\">Aluminium-Tarteletteform in 70 ml<\/strong> ist ein unverzichtbares Zubeh\u00f6r f\u00fcr die Zubereitung und das Backen Ihrer Mini-T\u00f6rtchen, Quiches, s\u00fc\u00dfen oder herzhaften H\u00e4ppchen. Diese <strong>Aluminiumform<\/strong> wurde entwickelt, um den Bed\u00fcrfnissen von Feinkosth\u00e4ndlern, Konditoren, B\u00e4ckern und sogar Privatpersonen gerecht zu werden, und garantiert dank ihrer optimalen W\u00e4rmeleitf\u00e4higkeit ein gleichm\u00e4\u00dfiges Backen. Ihr Einzelformat von <strong>70 ml<\/strong> ist ideal, um perfekt kalibrierte und \u00e4sthetisch ansprechende Portionen herzustellen.  <\/p>\n<p data-start=\"503\" data-end=\"954\">Ihr <strong>Aluminiumdesign<\/strong> sorgt f\u00fcr eine ausgezeichnete Best\u00e4ndigkeit gegen hohe Temperaturen und erm\u00f6glicht die Verwendung sowohl im herk\u00f6mmlichen Backofen als auch im Gefrierfach. In der Tat ist diese <strong>Tarteletteform<\/strong> vielseitig und praktisch und eignet sich perfekt zum direkten Backen oder als Pr\u00e4sentationsfl\u00e4che f\u00fcr Ihre kulinarischen Kreationen. Da sie <strong data-start=\"810\" data-end=\"834\">im 100er-Pack verkauft wird<\/strong>, ist sie ideal f\u00fcr die Produktion gro\u00dfer Mengen und garantiert eine erhebliche Zeitersparnis, da das Abwaschen entf\u00e4llt. <\/p>\n<p data-start=\"956\" data-end=\"1157\">Kurz gesagt: Ob f\u00fcr Veranstaltungen, zum Mitnehmen oder f\u00fcr den Hausgebrauch &#8211; diese <strong>Tartelette-Formen<\/strong> bieten eine hygienische, praktische und professionelle L\u00f6sung f\u00fcr all Ihre Zubereitungen.<\/p>\n<p><!--more--><\/p>\n<p><strong>Ihre Vorteile :<\/strong><\/p>\n<ul>\n<li data-start=\"1362\" data-end=\"1433\"><strong data-start=\"1364\" data-end=\"1384\">Gleichm\u00e4\u00dfiges Garen<\/strong> dank hervorragender W\u00e4rmeleitf\u00e4higkeit.<\/li>\n<li data-start=\"1434\" data-end=\"1494\"><strong data-start=\"1436\" data-end=\"1451\">Vielseitig<\/strong>: Verwendung im Backofen und im Gefrierfach.<\/li>\n<li data-start=\"1495\" data-end=\"1570\"><strong data-start=\"1497\" data-end=\"1510\">Praktisch<\/strong>: perfektes Einzelformat f\u00fcr Caterer und Konditoren.<\/li>\n<li data-start=\"1571\" data-end=\"1648\"><strong data-start=\"1573\" data-end=\"1601\">Hygienisch und zeitsparend<\/strong>: Einmalige Verwendung, keine Reinigung erforderlich.<\/li>\n<li data-start=\"1649\" data-end=\"1730\" data-is-last-node=\"\"><strong data-start=\"1651\" data-end=\"1681\">G\u00fcnstige Verpackung<\/strong>: Verkauft in 100er-Packungen f\u00fcr die Massenproduktion.<\/li>\n<\/ul>\n<p>&nbsp;<\/p>\n<p><!--more--><\/p>\n<h4>Weitere Informationen :<\/h4>\n<ul>\n<li><strong>Verpackung<\/strong>: Packung mit 100 St\u00fcck<\/li>\n<li><strong>Innendurchmesser<\/strong>: \u00d884 mm<\/li>\n<li><strong>Au\u00dfenma\u00dfe<\/strong>: \u00d893 mm<\/li>\n<li><strong>H\u00f6he<\/strong>: 18 mm<\/li>\n<li><strong>Volumen<\/strong>: 70 ml<\/li>\n<li><strong>Material<\/strong>: Aluminium<\/li>\n<li><b>Gebrauchstemperatur <\/b>: -40\u00b0C \/ +350\u00b0C<\/li>\n<\/ul>\n<p>&nbsp;<\/p>\n<p><!--more--><\/p>\n<p><a href=\"https:\/\/www.csj-emballages.com\/de\/categorie-produit\/lebensmittelverpackungen\/metzgerei-und-feinkostgeschaft\/schalen-dosen-und-glaser\/aluminiumschalen-schalen-formen-tabletts-becher-auflaufformen-tortenschalen\/tarteletteformen\/\">Sehen Sie sich den Rest unseres Sortiments an Tartelette-Formen an<\/a><\/p>\n","protected":false},"excerpt":{"rendered":"<p>Tartelette-Form Beschreibung von unsere Tarteletteform Aluminium 70 ml pro 100<\/p>\n","protected":false},"featured_media":228095,"template":"","meta":{"_acf_changed":false},"product_brand":[],"product_cat":[1170,1997,3584],"product_tag":[],"class_list":{"0":"post-23948","1":"product","2":"type-product","3":"status-publish","4":"has-post-thumbnail","6":"product_cat-metzgerei-und-feinkostgeschaft","7":"product_cat-aluminiumschalen-schalen-formen-tabletts-becher-auflaufformen-tortenschalen","8":"product_cat-tarteletteformen","10":"first","11":"instock","12":"taxable","13":"shipping-taxable","14":"purchasable","15":"product-type-simple"},"acf":[],"yoast_head":"<!-- This site is optimized with the Yoast SEO Premium plugin v26.6 (Yoast SEO v26.6) - https:\/\/yoast.com\/wordpress\/plugins\/seo\/ -->\n<title>Tarteletteform Aluminium 70 ml pro 100<\/title>\n<meta name=\"description\" content=\"Tarteletteform aus Aluminium 70 ml - ideal zum Backen und Pr\u00e4sentieren von s\u00fc\u00dfen oder herzhaften Mini-T\u00f6rtchen. 100er-Set, widerstandsf\u00e4hig und praktisch.\" \/>\n<meta name=\"robots\" content=\"index, follow, max-snippet:-1, max-image-preview:large, max-video-preview:-1\" \/>\n<link rel=\"canonical\" href=\"https:\/\/www.csj-emballages.com\/de\/produit\/100-einweg-tarteletteformen-aus-aluminium-70-ml\/\" \/>\n<meta property=\"og:locale\" content=\"de_DE\" \/>\n<meta property=\"og:type\" content=\"article\" \/>\n<meta property=\"og:title\" content=\"Aluminium Tarteletteform 70 ml pro 100\" \/>\n<meta property=\"og:description\" content=\"Tarteletteform aus Aluminium 70 ml - ideal zum Backen und Pr\u00e4sentieren von s\u00fc\u00dfen oder herzhaften Mini-T\u00f6rtchen. 100er-Set, widerstandsf\u00e4hig und praktisch.\" \/>\n<meta property=\"og:url\" content=\"https:\/\/www.csj-emballages.com\/de\/produit\/100-einweg-tarteletteformen-aus-aluminium-70-ml\/\" \/>\n<meta property=\"og:site_name\" content=\"CSJ Emballages\" \/>\n<meta property=\"article:publisher\" content=\"https:\/\/www.facebook.com\/csjemballages\" \/>\n<meta property=\"article:modified_time\" content=\"2026-04-01T00:19:47+00:00\" \/>\n<meta property=\"og:image\" content=\"https:\/\/www.csj-emballages.com\/wp-content\/uploads\/2024\/03\/TA-93-Photoroom-png.webp\" \/>\n\t<meta property=\"og:image:width\" content=\"800\" \/>\n\t<meta property=\"og:image:height\" content=\"800\" \/>\n\t<meta property=\"og:image:type\" content=\"image\/png\" \/>\n<meta name=\"twitter:card\" content=\"summary_large_image\" \/>\n<meta name=\"twitter:label1\" content=\"Gesch\u00e4tzte Lesezeit\" \/>\n\t<meta name=\"twitter:data1\" content=\"1\u00a0Minute\" \/>\n<script type=\"application\/ld+json\" class=\"yoast-schema-graph\">{\"@context\":\"https:\/\/schema.org\",\"@graph\":[{\"@type\":\"WebPage\",\"@id\":\"https:\/\/www.csj-emballages.com\/de\/produit\/100-einweg-tarteletteformen-aus-aluminium-70-ml\/\",\"url\":\"https:\/\/www.csj-emballages.com\/de\/produit\/100-einweg-tarteletteformen-aus-aluminium-70-ml\/\",\"name\":\"Tarteletteform Aluminium 70 ml pro 100\",\"isPartOf\":{\"@id\":\"https:\/\/www.csj-emballages.com\/de\/#website\"},\"primaryImageOfPage\":{\"@id\":\"https:\/\/www.csj-emballages.com\/de\/produit\/100-einweg-tarteletteformen-aus-aluminium-70-ml\/#primaryimage\"},\"image\":{\"@id\":\"https:\/\/www.csj-emballages.com\/de\/produit\/100-einweg-tarteletteformen-aus-aluminium-70-ml\/#primaryimage\"},\"thumbnailUrl\":\"https:\/\/www.csj-emballages.com\/wp-content\/uploads\/2024\/03\/TA-93-Photoroom-png.webp\",\"datePublished\":\"2024-03-01T15:47:36+00:00\",\"dateModified\":\"2026-04-01T00:19:47+00:00\",\"description\":\"Tarteletteform aus Aluminium 70 ml - ideal zum Backen und Pr\u00e4sentieren von s\u00fc\u00dfen oder herzhaften Mini-T\u00f6rtchen. 100er-Set, widerstandsf\u00e4hig und praktisch.\",\"breadcrumb\":{\"@id\":\"https:\/\/www.csj-emballages.com\/de\/produit\/100-einweg-tarteletteformen-aus-aluminium-70-ml\/#breadcrumb\"},\"inLanguage\":\"de\",\"potentialAction\":[{\"@type\":\"ReadAction\",\"target\":[\"https:\/\/www.csj-emballages.com\/de\/produit\/100-einweg-tarteletteformen-aus-aluminium-70-ml\/\"]}]},{\"@type\":\"ImageObject\",\"inLanguage\":\"de\",\"@id\":\"https:\/\/www.csj-emballages.com\/de\/produit\/100-einweg-tarteletteformen-aus-aluminium-70-ml\/#primaryimage\",\"url\":\"https:\/\/www.csj-emballages.com\/wp-content\/uploads\/2024\/03\/TA-93-Photoroom-png.webp\",\"contentUrl\":\"https:\/\/www.csj-emballages.com\/wp-content\/uploads\/2024\/03\/TA-93-Photoroom-png.webp\",\"width\":800,\"height\":800,\"caption\":\"Moule \u00e0 tartelette\"},{\"@type\":\"BreadcrumbList\",\"@id\":\"https:\/\/www.csj-emballages.com\/de\/produit\/100-einweg-tarteletteformen-aus-aluminium-70-ml\/#breadcrumb\",\"itemListElement\":[{\"@type\":\"ListItem\",\"position\":1,\"name\":\"Accueil\",\"item\":\"https:\/\/www.csj-emballages.com\/de\/universum-lebensmittelverpackungen\/\"},{\"@type\":\"ListItem\",\"position\":2,\"name\":\"Shop\",\"item\":\"https:\/\/www.csj-emballages.com\/shop\/\"},{\"@type\":\"ListItem\",\"position\":3,\"name\":\"Aluminium Tarteletteform 70 ml pro 100\"}]},{\"@type\":\"WebSite\",\"@id\":\"https:\/\/www.csj-emballages.com\/de\/#website\",\"url\":\"https:\/\/www.csj-emballages.com\/de\/\",\"name\":\"CSJ Emballages\",\"description\":\"\",\"publisher\":{\"@id\":\"https:\/\/www.csj-emballages.com\/de\/#organization\"},\"potentialAction\":[{\"@type\":\"SearchAction\",\"target\":{\"@type\":\"EntryPoint\",\"urlTemplate\":\"https:\/\/www.csj-emballages.com\/de\/?s={search_term_string}\"},\"query-input\":{\"@type\":\"PropertyValueSpecification\",\"valueRequired\":true,\"valueName\":\"search_term_string\"}}],\"inLanguage\":\"de\"},{\"@type\":\"Organization\",\"@id\":\"https:\/\/www.csj-emballages.com\/de\/#Organization\/\",\"name\":\"CSJ Emballages\",\"url\":\"https:\/\/www.csj-emballages.com\/de\/\",\"logo\":{\"@type\":\"ImageObject\",\"inLanguage\":\"de\",\"@id\":\"https:\/\/www.csj-emballages.com\/de\/#\/schema\/logo\/image\/\",\"url\":\"https:\/\/www.csj-emballages.com\/wp-content\/uploads\/2023\/10\/logo_csj.webp\",\"contentUrl\":\"https:\/\/www.csj-emballages.com\/wp-content\/uploads\/2023\/10\/logo_csj.webp\",\"width\":250,\"height\":95,\"caption\":\"CSJ Emballages\"},\"image\":{\"@id\":\"https:\/\/www.csj-emballages.com\/de\/#\/schema\/logo\/image\/\"},\"sameAs\":[\"https:\/\/www.facebook.com\/csjemballages\"],\"address\":{\"@type\":\"PostalAddress\",\"streetAddress\":\"ZI La Lechere\",\"addressLocality\":\"Patornay\",\"postalCode\":\"39130\",\"addressCountry\":\"FR\"},\"contactPoint\":[{\"@type\":\"ContactPoint\",\"contactType\":\"Service client\",\"telephone\":\"0384254272\",\"email\":\"contact@csj-emballages.com\"}]}]}<\/script>\n<!-- \/ Yoast SEO Premium plugin. -->","yoast_head_json":{"title":"Tarteletteform Aluminium 70 ml pro 100","description":"Tarteletteform aus Aluminium 70 ml - ideal zum Backen und Pr\u00e4sentieren von s\u00fc\u00dfen oder herzhaften Mini-T\u00f6rtchen. 100er-Set, widerstandsf\u00e4hig und praktisch.","robots":{"index":"index","follow":"follow","max-snippet":"max-snippet:-1","max-image-preview":"max-image-preview:large","max-video-preview":"max-video-preview:-1"},"canonical":"https:\/\/www.csj-emballages.com\/de\/produit\/100-einweg-tarteletteformen-aus-aluminium-70-ml\/","og_locale":"de_DE","og_type":"article","og_title":"Aluminium Tarteletteform 70 ml pro 100","og_description":"Tarteletteform aus Aluminium 70 ml - ideal zum Backen und Pr\u00e4sentieren von s\u00fc\u00dfen oder herzhaften Mini-T\u00f6rtchen. 100er-Set, widerstandsf\u00e4hig und praktisch.","og_url":"https:\/\/www.csj-emballages.com\/de\/produit\/100-einweg-tarteletteformen-aus-aluminium-70-ml\/","og_site_name":"CSJ Emballages","article_publisher":"https:\/\/www.facebook.com\/csjemballages","article_modified_time":"2026-04-01T00:19:47+00:00","og_image":[{"width":800,"height":800,"url":"https:\/\/www.csj-emballages.com\/wp-content\/uploads\/2024\/03\/TA-93-Photoroom-png.webp","type":"image\/png"}],"twitter_card":"summary_large_image","twitter_misc":{"Gesch\u00e4tzte Lesezeit":"1\u00a0Minute"},"schema":{"@context":"https:\/\/schema.org","@graph":[{"@type":"WebPage","@id":"https:\/\/www.csj-emballages.com\/de\/produit\/100-einweg-tarteletteformen-aus-aluminium-70-ml\/","url":"https:\/\/www.csj-emballages.com\/de\/produit\/100-einweg-tarteletteformen-aus-aluminium-70-ml\/","name":"Tarteletteform Aluminium 70 ml pro 100","isPartOf":{"@id":"https:\/\/www.csj-emballages.com\/de\/#website"},"primaryImageOfPage":{"@id":"https:\/\/www.csj-emballages.com\/de\/produit\/100-einweg-tarteletteformen-aus-aluminium-70-ml\/#primaryimage"},"image":{"@id":"https:\/\/www.csj-emballages.com\/de\/produit\/100-einweg-tarteletteformen-aus-aluminium-70-ml\/#primaryimage"},"thumbnailUrl":"https:\/\/www.csj-emballages.com\/wp-content\/uploads\/2024\/03\/TA-93-Photoroom-png.webp","datePublished":"2024-03-01T15:47:36+00:00","dateModified":"2026-04-01T00:19:47+00:00","description":"Tarteletteform aus Aluminium 70 ml - ideal zum Backen und Pr\u00e4sentieren von s\u00fc\u00dfen oder herzhaften Mini-T\u00f6rtchen. 100er-Set, widerstandsf\u00e4hig und praktisch.","breadcrumb":{"@id":"https:\/\/www.csj-emballages.com\/de\/produit\/100-einweg-tarteletteformen-aus-aluminium-70-ml\/#breadcrumb"},"inLanguage":"de","potentialAction":[{"@type":"ReadAction","target":["https:\/\/www.csj-emballages.com\/de\/produit\/100-einweg-tarteletteformen-aus-aluminium-70-ml\/"]}]},{"@type":"ImageObject","inLanguage":"de","@id":"https:\/\/www.csj-emballages.com\/de\/produit\/100-einweg-tarteletteformen-aus-aluminium-70-ml\/#primaryimage","url":"https:\/\/www.csj-emballages.com\/wp-content\/uploads\/2024\/03\/TA-93-Photoroom-png.webp","contentUrl":"https:\/\/www.csj-emballages.com\/wp-content\/uploads\/2024\/03\/TA-93-Photoroom-png.webp","width":800,"height":800,"caption":"Moule \u00e0 tartelette"},{"@type":"BreadcrumbList","@id":"https:\/\/www.csj-emballages.com\/de\/produit\/100-einweg-tarteletteformen-aus-aluminium-70-ml\/#breadcrumb","itemListElement":[{"@type":"ListItem","position":1,"name":"Accueil","item":"https:\/\/www.csj-emballages.com\/de\/universum-lebensmittelverpackungen\/"},{"@type":"ListItem","position":2,"name":"Shop","item":"https:\/\/www.csj-emballages.com\/shop\/"},{"@type":"ListItem","position":3,"name":"Aluminium Tarteletteform 70 ml pro 100"}]},{"@type":"WebSite","@id":"https:\/\/www.csj-emballages.com\/de\/#website","url":"https:\/\/www.csj-emballages.com\/de\/","name":"CSJ Emballages","description":"","publisher":{"@id":"https:\/\/www.csj-emballages.com\/de\/#organization"},"potentialAction":[{"@type":"SearchAction","target":{"@type":"EntryPoint","urlTemplate":"https:\/\/www.csj-emballages.com\/de\/?s={search_term_string}"},"query-input":{"@type":"PropertyValueSpecification","valueRequired":true,"valueName":"search_term_string"}}],"inLanguage":"de"},{"@type":"Organization","@id":"https:\/\/www.csj-emballages.com\/de\/#Organization\/","name":"CSJ Emballages","url":"https:\/\/www.csj-emballages.com\/de\/","logo":{"@type":"ImageObject","inLanguage":"de","@id":"https:\/\/www.csj-emballages.com\/de\/#\/schema\/logo\/image\/","url":"https:\/\/www.csj-emballages.com\/wp-content\/uploads\/2023\/10\/logo_csj.webp","contentUrl":"https:\/\/www.csj-emballages.com\/wp-content\/uploads\/2023\/10\/logo_csj.webp","width":250,"height":95,"caption":"CSJ Emballages"},"image":{"@id":"https:\/\/www.csj-emballages.com\/de\/#\/schema\/logo\/image\/"},"sameAs":["https:\/\/www.facebook.com\/csjemballages"],"address":{"@type":"PostalAddress","streetAddress":"ZI La Lechere","addressLocality":"Patornay","postalCode":"39130","addressCountry":"FR"},"contactPoint":[{"@type":"ContactPoint","contactType":"Service client","telephone":"0384254272","email":"contact@csj-emballages.com"}]}]}},"df_price":5.15,"df_sale_price":"","df_regular_price":5.15,"df_image_link":"https:\/\/www.csj-emballages.com\/wp-content\/uploads\/2024\/03\/TA-93-Photoroom-300x300.webp","tiered_pricing_type":"fixed","tiered_pricing_fixed_rules":[],"tiered_pricing_percentage_rules":[],"tiered_pricing_minimum":1,"tiered_pricing_roles_data":[],"_links":{"self":[{"href":"https:\/\/www.csj-emballages.com\/de\/wp-json\/wp\/v2\/product\/23948","targetHints":{"allow":["GET"]}}],"collection":[{"href":"https:\/\/www.csj-emballages.com\/de\/wp-json\/wp\/v2\/product"}],"about":[{"href":"https:\/\/www.csj-emballages.com\/de\/wp-json\/wp\/v2\/types\/product"}],"wp:featuredmedia":[{"embeddable":true,"href":"https:\/\/www.csj-emballages.com\/de\/wp-json\/wp\/v2\/media\/228095"}],"wp:attachment":[{"href":"https:\/\/www.csj-emballages.com\/de\/wp-json\/wp\/v2\/media?parent=23948"}],"wp:term":[{"taxonomy":"product_brand","embeddable":true,"href":"https:\/\/www.csj-emballages.com\/de\/wp-json\/wp\/v2\/product_brand?post=23948"},{"taxonomy":"product_cat","embeddable":true,"href":"https:\/\/www.csj-emballages.com\/de\/wp-json\/wp\/v2\/product_cat?post=23948"},{"taxonomy":"product_tag","embeddable":true,"href":"https:\/\/www.csj-emballages.com\/de\/wp-json\/wp\/v2\/product_tag?post=23948"}],"curies":[{"name":"wp","href":"https:\/\/api.w.org\/{rel}","templated":true}]}}